{"id":13189,"date":"2019-12-10T16:22:03","date_gmt":"2019-12-10T16:22:03","guid":{"rendered":"http:\/\/www.agcchem.com\/productos\/sureco\/"},"modified":"2024-05-26T08:50:18","modified_gmt":"2024-05-26T08:50:18","slug":"sureco","status":"publish","type":"page","link":"https:\/\/www.agcchem.com\/es\/productos\/high-performance-coatings-and-agents\/sureco\/","title":{"rendered":"Recubrimientos Anti-Manchas SURECO\u2122"},"content":{"rendered":"<div id=\"pl-13189\"  class=\"panel-layout\" ><div id=\"pg-13189-0\"  class=\"panel-grid panel-has-style\" ><div class=\"siteorigin-panels-stretch panel-row-style panel-row-style-for-13189-0\" data-stretch-type=\"full-width-stretch\" ><div id=\"pgc-13189-0-0\"  class=\"panel-grid-cell\" ><div id=\"panel-13189-0-0-0\" class=\"so-panel widget widget_sow-headline panel-first-child\" data-index=\"0\" ><div class=\"container panel-widget-style panel-widget-style-for-13189-0-0-0\" ><div\n\t\t\t\n\t\t\tclass=\"so-widget-sow-headline so-widget-sow-headline-default-3ac3da29e399-13189\"\n\t\t\t\n\t\t><div class=\"sow-headline-container \">\n\t\t\t\t\t\t\t<h2 class=\"sow-headline\">\n\t\t\t\t\t\tRecubrimientos Anti-Manchas SURECO\u2122\t\t\t\t\t\t<\/h2>\n\t\t\t\t\t\t<\/div>\n<\/div><\/div><\/div><div id=\"panel-13189-0-0-1\" class=\"so-panel widget widget_lsow-tabs panel-last-child\" data-index=\"1\" ><div class=\"product_vertical_tabs panel-widget-style panel-widget-style-for-13189-0-0-1\" ><div\n\t\t\t\n\t\t\tclass=\"so-widget-lsow-tabs so-widget-lsow-tabs-default-fcec266d340a-13189\"\n\t\t\t\n\t\t><div class=\"lsow-tabs lsow-vertical style8\" data-mobile-width=\"767\"><a href=\"#\" class=\"lsow-tab-mobile-menu\"><i class=\"lsow-icon-menu\"><\/i>&nbsp;<\/a><div class=\"lsow-tab-nav\"><div class=\"lsow-tab\"><a class=\"lsow-tab-label\" href=\"#\"><span class=\"lsow-tab-title\">Descripci\u00f3n del producto<\/span><\/a><\/div><div class=\"lsow-tab\"><a class=\"lsow-tab-label\" href=\"#\"><span class=\"lsow-tab-title\">Caracter\u00edsticas<\/span><\/a><\/div><div class=\"lsow-tab\"><a class=\"lsow-tab-label\" href=\"#\"><span class=\"lsow-tab-title\">Aplicaciones<\/span><\/a><\/div><div class=\"lsow-tab\"><a class=\"lsow-tab-label\" href=\"#\"><span class=\"lsow-tab-title\">M\u00e9todos de Procesamiento<\/span><\/a><\/div><div class=\"lsow-tab\"><a class=\"lsow-tab-label\" href=\"#\"><span class=\"lsow-tab-title\">SDS<\/span><\/a><\/div><div class=\"lsow-tab\"><a class=\"lsow-tab-label\" href=\"#\"><span class=\"lsow-tab-title\">Propiedades<\/span><\/a><\/div><div class=\"lsow-tab\"><a class=\"lsow-tab-label\" href=\"#\"><span class=\"lsow-tab-title\">Conectar con AGC<\/span><\/a><\/div><\/div><!-- .lsow-tab-nav --><div class=\"lsow-tab-panes\"><div id=\"\" class=\"lsow-tab-pane\"><p>\r\n  <div class=\"select_brand_dropdown\">\r\n    \r\n    \r\n    <div class=\"new_products_cta_buttons btns\">\r\n\r\n      \r\n\r\n      \r\n        <a href=\"\/es\/contactenos\/dudas-al-respecto-del-producto\/?product=arm_surecoantismudgecoatings\" class=\"btn btn-third\">\r\n          <span>Dudas al respecto del producto<\/span>\r\n        <\/a>\r\n\r\n        <a href=\"\/es\/contactenos\/pedido-de-muestra\/?product=arm_surecoantismudgecoatings\" class=\"btn btn-third\">\r\n          <span>Pedido de muestra<\/span>\r\n        <\/a>\r\n\r\n      \r\n\r\n            \r\n    <\/div>\r\n\r\n  <\/div>\r\n\r\n<\/p>\n<p>Los recubrimientos anti-manchas SURECO\u2122 2320 resisten las huellas dactilares en pantallas t\u00e1ctiles y otras superficies de cristal y facilitan su limpieza. Estos revestimientos de superficie de flouoropol\u00edmero transparentes proporcionan una excelente repelencia al agua fluorada y al aceite sin alterar el aspecto de la superficie. Tambi\u00e9n proporcionan propriedades antiincrustantes. En comparaci\u00f3n con los revestimientos de la competencia, SURECO 2320 proporciona una resistencia superior al calor y a la abrasi\u00f3n. Se puede aplicar una fina capa monomolecular de SURECO sobre una superficie em de vidrio u \u00f3ptica mediante revestimiento h\u00famedo, revestimiento por pulverizaci\u00f3n, revestimiento por inmersi\u00f3n o revestimiento por rotaci\u00f3n.<\/p>\n<p>La marca SURECO\u2122 est\u00e1 registrada en Jap\u00f3n<\/p>\n<p><img loading=\"lazy\" decoding=\"async\" class=\"alignnone size-full wp-image-6610\" src=\"https:\/\/www.agcchem.com\/wp-content\/uploads\/2019\/12\/Fingerprint-test.png\" alt=\"\" width=\"686\" height=\"452\" srcset=\"https:\/\/www.agcchem.com\/wp-content\/uploads\/2019\/12\/Fingerprint-test.png 686w, https:\/\/www.agcchem.com\/wp-content\/uploads\/2019\/12\/Fingerprint-test-300x198.png 300w\" sizes=\"auto, (max-width: 686px) 100vw, 686px\" \/><\/p>\n<p>\r\n\t\r\n<\/p>\n<\/div><div id=\"\" class=\"lsow-tab-pane\"><p>\r\n  <div class=\"select_brand_dropdown\">\r\n    \r\n    \r\n    <div class=\"new_products_cta_buttons btns\">\r\n\r\n      \r\n\r\n      \r\n        <a href=\"\/es\/contactenos\/dudas-al-respecto-del-producto\/?product=arm_surecoantismudgecoatings\" class=\"btn btn-third\">\r\n          <span>Dudas al respecto del producto<\/span>\r\n        <\/a>\r\n\r\n        <a href=\"\/es\/contactenos\/pedido-de-muestra\/?product=arm_surecoantismudgecoatings\" class=\"btn btn-third\">\r\n          <span>Pedido de muestra<\/span>\r\n        <\/a>\r\n\r\n      \r\n\r\n            \r\n    <\/div>\r\n\r\n  <\/div>\r\n\r\n<\/p>\n<p>\u2022 Transparente<br \/>\n\u2022 Antimanchas<br \/>\n\u2022 Antiincrustante<br \/>\n\u2022 Resiste a la abrasi\u00f3n<br \/>\n\u2022 Repele agua y aceite<br \/>\n\u2022 F\u00e1cil de limpiar<br \/>\n\u2022 Baja fricci\u00f3n<br \/>\n\u2022 No inflamable<br \/>\n\u2022 Espesura de pel\u00edcula fina (&lt;10nm)<\/p>\n<\/div><div id=\"\" class=\"lsow-tab-pane\"><p>\r\n  <div class=\"select_brand_dropdown\">\r\n    \r\n    \r\n    <div class=\"new_products_cta_buttons btns\">\r\n\r\n      \r\n\r\n      \r\n        <a href=\"\/es\/contactenos\/dudas-al-respecto-del-producto\/?product=arm_surecoantismudgecoatings\" class=\"btn btn-third\">\r\n          <span>Dudas al respecto del producto<\/span>\r\n        <\/a>\r\n\r\n        <a href=\"\/es\/contactenos\/pedido-de-muestra\/?product=arm_surecoantismudgecoatings\" class=\"btn btn-third\">\r\n          <span>Pedido de muestra<\/span>\r\n        <\/a>\r\n\r\n      \r\n\r\n            \r\n    <\/div>\r\n\r\n  <\/div>\r\n\r\n<\/p>\n<p>\u2022 Pantallas t\u00e1ctiles<br \/>\n\u2022 Chasis de tel\u00e9fono m\u00f3vil<br \/>\n\u2022 Agentes de liberaci\u00f3n de molde<br \/>\n\u2022 Antiincrustante para metales, pl\u00e1sticos, etc.<br \/>\n\u2022 Elevadores<br \/>\n\u2022 Utensilios de cocina y ba\u00f1o<\/p>\n<\/div><div id=\"\" class=\"lsow-tab-pane\"><p>\r\n  <div class=\"select_brand_dropdown\">\r\n    \r\n    \r\n    <div class=\"new_products_cta_buttons btns\">\r\n\r\n      \r\n\r\n      \r\n        <a href=\"\/es\/contactenos\/dudas-al-respecto-del-producto\/?product=arm_surecoantismudgecoatings\" class=\"btn btn-third\">\r\n          <span>Dudas al respecto del producto<\/span>\r\n        <\/a>\r\n\r\n        <a href=\"\/es\/contactenos\/pedido-de-muestra\/?product=arm_surecoantismudgecoatings\" class=\"btn btn-third\">\r\n          <span>Pedido de muestra<\/span>\r\n        <\/a>\r\n\r\n      \r\n\r\n            \r\n    <\/div>\r\n\r\n  <\/div>\r\n\r\n<\/p>\n<h2>Pretratamiento<\/h2>\n<p><strong>Tratamiento de desengrasante:<\/strong> Limpie el sustrato con un solvente adecuado, como un agente de limpieza alcalino y enjuague la superficie del sustrato con agua desionizada<br \/>\n<strong>Tratamiento de secado:<\/strong> Opcionalmente, limpiar la superficie del sustrato con corona o plasma<\/p>\n<h2>Tipos de revestimiento<\/h2>\n<p><img loading=\"lazy\" decoding=\"async\" title=\"\" src=\"https:\/\/www.agcce.com\/wp-content\/uploads\/2019\/09\/CoatingTypes.jpg\" alt=\"\" width=\"780\" height=\"247\" \/><\/p>\n<h2>Horneado<\/h2>\n<p>El horneado reduce el tiempo de reacci\u00f3n de la adhesi\u00f3n:<br \/>\nEjemplos: 120\u00b0C, ~10min \/ 80\u00b0C, ~15min \/ 60\u00b0C, ~2hrs \/ 25\u00b0C (Room Temperature), 40% Relative Humidity (RH),<br \/>\n~24hrs<\/p>\n<h2>Enjuague<\/h2>\n<p>Si la superficie es irregular, opcionalmente limpie con un pa\u00f1o suave o enjuague la superficie del vidrio con un solvente fluorado como ASAHIKLIN\u2122 AE-3000 o agua desionizada.<\/p>\n<\/div><div id=\"\" class=\"lsow-tab-pane\"><p>\r\n  <div class=\"select_brand_dropdown\">\r\n    \r\n    \r\n    <div class=\"new_products_cta_buttons btns\">\r\n\r\n      \r\n\r\n      \r\n        <a href=\"\/es\/contactenos\/dudas-al-respecto-del-producto\/?product=arm_surecoantismudgecoatings\" class=\"btn btn-third\">\r\n          <span>Dudas al respecto del producto<\/span>\r\n        <\/a>\r\n\r\n        <a href=\"\/es\/contactenos\/pedido-de-muestra\/?product=arm_surecoantismudgecoatings\" class=\"btn btn-third\">\r\n          <span>Pedido de muestra<\/span>\r\n        <\/a>\r\n\r\n      \r\n\r\n            \r\n    <\/div>\r\n\r\n  <\/div>\r\n\r\n<\/p>\n<p>Haga clic <a href=\"https:\/\/www.agcchem.com\/es\/contactenos\/pedido-de-sds\/\">aqu\u00ed<\/a> para solicitar una hoja SDS de este producto.<\/p>\n<\/div><div id=\"\" class=\"lsow-tab-pane\"><p>\r\n  <div class=\"select_brand_dropdown\">\r\n    \r\n    \r\n    <div class=\"new_products_cta_buttons btns\">\r\n\r\n      \r\n\r\n      \r\n        <a href=\"\/es\/contactenos\/dudas-al-respecto-del-producto\/?product=arm_surecoantismudgecoatings\" class=\"btn btn-third\">\r\n          <span>Dudas al respecto del producto<\/span>\r\n        <\/a>\r\n\r\n        <a href=\"\/es\/contactenos\/pedido-de-muestra\/?product=arm_surecoantismudgecoatings\" class=\"btn btn-third\">\r\n          <span>Pedido de muestra<\/span>\r\n        <\/a>\r\n\r\n      \r\n\r\n            \r\n    <\/div>\r\n\r\n  <\/div>\r\n\r\n<\/p>\n<p><img loading=\"lazy\" decoding=\"async\" class=\"alignnone wp-image-14015\" src=\"https:\/\/www.agcchem.com\/wp-content\/uploads\/2021\/08\/Properties_AF_table.jpeg\" alt=\"\" width=\"608\" height=\"150\" srcset=\"https:\/\/www.agcchem.com\/wp-content\/uploads\/2021\/08\/Properties_AF_table.jpeg 808w, https:\/\/www.agcchem.com\/wp-content\/uploads\/2021\/08\/Properties_AF_table-300x74.jpeg 300w, https:\/\/www.agcchem.com\/wp-content\/uploads\/2021\/08\/Properties_AF_table-768x190.jpeg 768w\" sizes=\"auto, (max-width: 608px) 100vw, 608px\" \/><\/p>\n<\/div><div id=\"\" class=\"lsow-tab-pane\"><p><!-- Widget Shortcode --><div id=\"custom_html-33\" class=\"widget_text widget widget_custom_html widget-shortcode area-arbitrary \"><h2 class=\"widgettitle\">Conectar con AGC<\/h2><div class=\"textwidget custom-html-widget\"><div style=\"padding: 20px;\">\r\n<h2 class=\"card-title\">Consultas de clientes y productos:<\/h2>\r\n<p class=\"card-text\">+55-11 99673-9340<\/p>\r\n\r\n<h2 class=\"card-title\">Todas las dem\u00e1s consultas:<\/h2>\r\n<p class=\"card-text\">+55-12 3127-7154<\/p>\r\n<!--es-->\r\n<\/div><\/div><\/div><!-- \/Widget Shortcode --><\/p>\n<\/div><\/div><!-- .lsow-tab-panes --><\/div><!-- .lsow-tabs --><\/div><\/div><\/div><\/div><div id=\"pgc-13189-0-1\"  class=\"panel-grid-cell\" ><div id=\"panel-13189-0-1-0\" class=\"so-panel widget widget_sow-image panel-first-child\" data-index=\"2\" ><div\n\t\t\t\n\t\t\tclass=\"so-widget-sow-image so-widget-sow-image-default-58576722bc06-13189\"\n\t\t\t\n\t\t>\n<div class=\"sow-image-container\">\n\t\t<img \n\tsrc=\"https:\/\/www.agcchem.com\/wp-content\/uploads\/2021\/08\/sureco-hero.png\" width=\"543\" height=\"473\" srcset=\"https:\/\/www.agcchem.com\/wp-content\/uploads\/2021\/08\/sureco-hero.png 543w, https:\/\/www.agcchem.com\/wp-content\/uploads\/2021\/08\/sureco-hero-300x261.png 300w\" sizes=\"(max-width: 543px) 100vw, 543px\" alt=\"\" \t\tclass=\"so-widget-image\"\/>\n\t<\/div>\n\n<\/div><\/div><div id=\"panel-13189-0-1-1\" class=\"so-panel widget widget_sow-image panel-last-child\" data-index=\"3\" ><div\n\t\t\t\n\t\t\tclass=\"so-widget-sow-image so-widget-sow-image-default-c67d20f9f743-13189\"\n\t\t\t\n\t\t>\n<div class=\"sow-image-container\">\n\t\t<img \n\tsrc=\"https:\/\/www.agcchem.com\/wp-content\/uploads\/2019\/12\/SURECO-logo.png\" width=\"289\" height=\"68\" sizes=\"(max-width: 289px) 100vw, 289px\" title=\"SURECO logo\" alt=\"\" \t\tclass=\"so-widget-image\"\/>\n\t<\/div>\n\n<\/div><\/div><\/div><\/div><\/div><\/div>","protected":false},"excerpt":{"rendered":"<p>Recubrimientos Anti-Manchas SURECO\u2122 &nbsp;Descripci\u00f3n del productoCaracter\u00edsticasAplicacionesM\u00e9todos de ProcesamientoSDSPropiedadesConectar con AGC Dudas al respecto del producto Pedido de muestra Los recubrimientos anti-manchas SURECO\u2122 2320 resisten las huellas dactilares en pantallas t\u00e1ctiles y otras superficies de cristal y facilitan su limpieza. Estos&#8230;<\/p>\n","protected":false},"author":12,"featured_media":13928,"parent":27466,"menu_order":3,"comment_status":"closed","ping_status":"closed","template":"product-2021-template.php","meta":{"_acf_changed":false,"inline_featured_image":false,"footnotes":""},"class_list":["post-13189","page","type-page","status-publish","has-post-thumbnail","hentry"],"acf":[],"_links":{"self":[{"href":"https:\/\/www.agcchem.com\/es\/wp-json\/wp\/v2\/pages\/13189","targetHints":{"allow":["GET"]}}],"collection":[{"href":"https:\/\/www.agcchem.com\/es\/wp-json\/wp\/v2\/pages"}],"about":[{"href":"https:\/\/www.agcchem.com\/es\/wp-json\/wp\/v2\/types\/page"}],"author":[{"embeddable":true,"href":"https:\/\/www.agcchem.com\/es\/wp-json\/wp\/v2\/users\/12"}],"replies":[{"embeddable":true,"href":"https:\/\/www.agcchem.com\/es\/wp-json\/wp\/v2\/comments?post=13189"}],"version-history":[{"count":0,"href":"https:\/\/www.agcchem.com\/es\/wp-json\/wp\/v2\/pages\/13189\/revisions"}],"up":[{"embeddable":true,"href":"https:\/\/www.agcchem.com\/es\/wp-json\/wp\/v2\/pages\/27466"}],"wp:featuredmedia":[{"embeddable":true,"href":"https:\/\/www.agcchem.com\/es\/wp-json\/wp\/v2\/media\/13928"}],"wp:attachment":[{"href":"https:\/\/www.agcchem.com\/es\/wp-json\/wp\/v2\/media?parent=13189"}],"curies":[{"name":"wp","href":"https:\/\/api.w.org\/{rel}","templated":true}]}}