{"id":13214,"date":"2020-01-20T16:21:46","date_gmt":"2020-01-20T16:21:46","guid":{"rendered":"http:\/\/www.agcchem.com\/productos\/foam-blowing-agents\/"},"modified":"2024-05-26T08:46:09","modified_gmt":"2024-05-26T08:46:09","slug":"foam-blowing-agents","status":"publish","type":"page","link":"https:\/\/www.agcchem.com\/es\/productos\/foam-blowing-agents\/","title":{"rendered":"Agentes Espumantes AMOLEA\u2122"},"content":{"rendered":"<div id=\"pl-13214\"  class=\"panel-layout\" ><div id=\"pg-13214-0\"  class=\"panel-grid panel-has-style\" ><div class=\"siteorigin-panels-stretch panel-row-style panel-row-style-for-13214-0\" data-stretch-type=\"full-width-stretch\" ><div id=\"pgc-13214-0-0\"  class=\"panel-grid-cell\" ><div id=\"panel-13214-0-0-0\" class=\"so-panel widget widget_sow-headline panel-first-child\" data-index=\"0\" ><div class=\"container panel-widget-style panel-widget-style-for-13214-0-0-0\" ><div\n\t\t\t\n\t\t\tclass=\"so-widget-sow-headline so-widget-sow-headline-default-3ac3da29e399-13214\"\n\t\t\t\n\t\t><div class=\"sow-headline-container \">\n\t\t\t\t\t\t\t<h2 class=\"sow-headline\">\n\t\t\t\t\t\tAgentes Espumantes AMOLEA\u2122\t\t\t\t\t\t<\/h2>\n\t\t\t\t\t\t<\/div>\n<\/div><\/div><\/div><div id=\"panel-13214-0-0-1\" class=\"so-panel widget widget_lsow-tabs panel-last-child\" data-index=\"1\" ><div class=\"product_vertical_tabs panel-widget-style panel-widget-style-for-13214-0-0-1\" ><div\n\t\t\t\n\t\t\tclass=\"so-widget-lsow-tabs so-widget-lsow-tabs-default-fcec266d340a-13214\"\n\t\t\t\n\t\t><div class=\"lsow-tabs lsow-vertical style8\" data-mobile-width=\"767\"><a href=\"#\" class=\"lsow-tab-mobile-menu\"><i class=\"lsow-icon-menu\"><\/i>&nbsp;<\/a><div class=\"lsow-tab-nav\"><div class=\"lsow-tab\"><a class=\"lsow-tab-label\" href=\"#\"><span class=\"lsow-tab-title\">Descripci\u00f3n del producto<\/span><\/a><\/div><div class=\"lsow-tab\"><a class=\"lsow-tab-label\" href=\"#\"><span class=\"lsow-tab-title\">Caracter\u00edsticas<\/span><\/a><\/div><div class=\"lsow-tab\"><a class=\"lsow-tab-label\" href=\"#\"><span class=\"lsow-tab-title\">Aplicaciones<\/span><\/a><\/div><div class=\"lsow-tab\"><a class=\"lsow-tab-label\" href=\"#\"><span class=\"lsow-tab-title\">SDS<\/span><\/a><\/div><div class=\"lsow-tab\"><a class=\"lsow-tab-label\" href=\"#\"><span class=\"lsow-tab-title\">Propiedades<\/span><\/a><\/div><div class=\"lsow-tab\"><a class=\"lsow-tab-label\" href=\"#\"><span class=\"lsow-tab-title\">Conectar con AGC<\/span><\/a><\/div><\/div><!-- .lsow-tab-nav --><div class=\"lsow-tab-panes\"><div id=\"\" class=\"lsow-tab-pane\"><p>\r\n  <div class=\"select_brand_dropdown\">\r\n    \r\n    \r\n    <div class=\"new_products_cta_buttons btns\">\r\n\r\n      \r\n\r\n      \r\n        <a href=\"\/es\/contactenos\/dudas-al-respecto-del-producto\/?product=arm_amoleafoamblowingagents\" class=\"btn btn-third\">\r\n          <span>Dudas al respecto del producto<\/span>\r\n        <\/a>\r\n\r\n        <a href=\"\/es\/contactenos\/pedido-de-muestra\/?product=arm_amoleafoamblowingagents\" class=\"btn btn-third\">\r\n          <span>Pedido de muestra<\/span>\r\n        <\/a>\r\n\r\n      \r\n\r\n            \r\n    <\/div>\r\n\r\n  <\/div>\r\n\r\n<\/p>\n<p>AMOLEA\u2122 de AGC 1224yd es un sustituto de \u00faltima generaci\u00f3n con GWP inferior para los agentes espumantes de uretano HFC y HCFC. Tiene las propiedades f\u00edsicas y los atributos de rendimiento del HFC-245fa, pero con un Potencial de Agotamiento del Ozono (ODP) de casi cero y un valor de GWP inferior de 1.<\/p>\n<p>AMOLEA\u2122 de AGC 1224yd es un sustituto de \u00faltima generaci\u00f3n con GWP inferior para los agentes espumantes de uretano HFC y HCFC. Tiene las propiedades f\u00edsicas y los atributos de rendimiento del HFC-245fa, pero con un Potencial de Agotamiento del Ozono (ODP) de casi cero y un valor de GWP inferior de 1.<\/p>\n<p>AMOLEA 1224yd es adecuado para aplicaciones de espuma que requieren propiedades ambientales, de inflamabilidad y de espuma superiores. Las aplicaciones de espuma incluyen el poliuretano, el poliisocianurato y diversas espumas de pol\u00edmero.<\/p>\n<p><img loading=\"lazy\" decoding=\"async\" class=\"size-medium wp-image-7004 aligncenter\" src=\"https:\/\/www.agcchem.com\/wp-content\/uploads\/2020\/01\/AMOLEA-300x234.png\" alt=\"\" width=\"300\" height=\"234\" srcset=\"https:\/\/www.agcchem.com\/wp-content\/uploads\/2020\/01\/AMOLEA-300x234.png 300w, https:\/\/www.agcchem.com\/wp-content\/uploads\/2020\/01\/AMOLEA.png 368w\" sizes=\"auto, (max-width: 300px) 100vw, 300px\" \/><\/p>\n<p>&nbsp;<\/p>\n<p>\r\n\t\r\n<\/p>\n<\/div><div id=\"\" class=\"lsow-tab-pane\"><p>\r\n  <div class=\"select_brand_dropdown\">\r\n    \r\n    \r\n    <div class=\"new_products_cta_buttons btns\">\r\n\r\n      \r\n\r\n      \r\n        <a href=\"\/es\/contactenos\/dudas-al-respecto-del-producto\/?product=arm_amoleafoamblowingagents\" class=\"btn btn-third\">\r\n          <span>Dudas al respecto del producto<\/span>\r\n        <\/a>\r\n\r\n        <a href=\"\/es\/contactenos\/pedido-de-muestra\/?product=arm_amoleafoamblowingagents\" class=\"btn btn-third\">\r\n          <span>Pedido de muestra<\/span>\r\n        <\/a>\r\n\r\n      \r\n\r\n            \r\n    <\/div>\r\n\r\n  <\/div>\r\n\r\n<\/p>\n<ul>\n<li>Poco impacto en el medio ambiente.<\/li>\n<li>Alternativa de bajo GWP para HFCs y HCFCs convencionales (GWP inferior a 1)<\/li>\n<li>Cero-ODP<\/li>\n<li>No inflamable (ASTM E681)<\/li>\n<li>Tiene la misma estabilidad t\u00e9rmica que los HFCs<\/li>\n<li>Baja conductividad t\u00e9rmica<\/li>\n<li>Es m\u00e1s estable de que otros HFOs<\/li>\n<li>Buena compatibilidad con la mayor\u00eda de los aceites, metales, pl\u00e1sticos y elast\u00f3meros<\/li>\n<li>Aprobaci\u00f3n SNAP pendiente<\/li>\n<li>Baja toxicidad<\/li>\n<\/ul>\n<\/div><div id=\"\" class=\"lsow-tab-pane\"><p>\r\n  <div class=\"select_brand_dropdown\">\r\n    \r\n    \r\n    <div class=\"new_products_cta_buttons btns\">\r\n\r\n      \r\n\r\n      \r\n        <a href=\"\/es\/contactenos\/dudas-al-respecto-del-producto\/?product=arm_amoleafoamblowingagents\" class=\"btn btn-third\">\r\n          <span>Dudas al respecto del producto<\/span>\r\n        <\/a>\r\n\r\n        <a href=\"\/es\/contactenos\/pedido-de-muestra\/?product=arm_amoleafoamblowingagents\" class=\"btn btn-third\">\r\n          <span>Pedido de muestra<\/span>\r\n        <\/a>\r\n\r\n      \r\n\r\n            \r\n    <\/div>\r\n\r\n  <\/div>\r\n\r\n<\/p>\n<ul>\n<li>Espumas de uretano<\/li>\n<li>Espuma de poliuretano para electrodom\u00e9sticos<\/li>\n<li>Poliisocianurato y otras espumas de pol\u00edmero<\/li>\n<li>Solvente<\/li>\n<li>Solvente de aerosol\/propelente<\/li>\n<\/ul>\n<\/div><div id=\"\" class=\"lsow-tab-pane\"><p>\r\n  <div class=\"select_brand_dropdown\">\r\n    \r\n    \r\n    <div class=\"new_products_cta_buttons btns\">\r\n\r\n      \r\n\r\n      \r\n        <a href=\"\/es\/contactenos\/dudas-al-respecto-del-producto\/?product=arm_amoleafoamblowingagents\" class=\"btn btn-third\">\r\n          <span>Dudas al respecto del producto<\/span>\r\n        <\/a>\r\n\r\n        <a href=\"\/es\/contactenos\/pedido-de-muestra\/?product=arm_amoleafoamblowingagents\" class=\"btn btn-third\">\r\n          <span>Pedido de muestra<\/span>\r\n        <\/a>\r\n\r\n      \r\n\r\n            \r\n    <\/div>\r\n\r\n  <\/div>\r\n\r\n<\/p>\n<p>Haga clic <a href=\"https:\/\/www.agcchem.com\/es\/contactenos\/pedido-de-sds\/\">aqu\u00ed<\/a> para solicitar una hoja SDS de este producto.<\/p>\n<\/div><div id=\"\" class=\"lsow-tab-pane\"><p>\r\n  <div class=\"select_brand_dropdown\">\r\n    \r\n    \r\n    <div class=\"new_products_cta_buttons btns\">\r\n\r\n      \r\n\r\n      \r\n        <a href=\"\/es\/contactenos\/dudas-al-respecto-del-producto\/?product=arm_amoleafoamblowingagents\" class=\"btn btn-third\">\r\n          <span>Dudas al respecto del producto<\/span>\r\n        <\/a>\r\n\r\n        <a href=\"\/es\/contactenos\/pedido-de-muestra\/?product=arm_amoleafoamblowingagents\" class=\"btn btn-third\">\r\n          <span>Pedido de muestra<\/span>\r\n        <\/a>\r\n\r\n      \r\n\r\n            \r\n    <\/div>\r\n\r\n  <\/div>\r\n\r\n<\/p>\n<ul>\n<li>F\u00f3rmula molecular: (Z)-CF3CF=CHCI<\/li>\n<li>Peso molecular: 148,5 g\/mol<\/li>\n<li>Punto de ebullici\u00f3n: 15 grados C<\/li>\n<li>Densidad del l\u00edquido (25 grados C): 1.361 kg\/m3<\/li>\n<li>Presi\u00f3n de vapor (25 grados C): 151 kPa<\/li>\n<li>Conductividad t\u00e9rmica (gas, 25 grados C): 9,1 mW\/m-K<\/li>\n<li>Vida \u00fatil atmosf\u00e9rica: 20 d\u00edas*<\/li>\n<li>ODP (CFC-11=1): 0,00023<\/li>\n<li>GWP (IPCC AR5): 0,88*<\/li>\n<li>LC50: 213.000 ppm<\/li>\n<li>AEL: 1.000 ppm<\/li>\n<li>Inflamabilidad (ASTM E681): no inflamable<\/li>\n<\/ul>\n<p>*Medido por el Instituto Nacional de Ciencia y Tecnolog\u00eda Industrial Avanzada (AIST)<\/p>\n<\/div><div id=\"\" class=\"lsow-tab-pane\"><p><!-- Widget Shortcode --><div id=\"custom_html-33\" class=\"widget_text widget widget_custom_html widget-shortcode area-arbitrary \"><h2 class=\"widgettitle\">Conectar con AGC<\/h2><div class=\"textwidget custom-html-widget\"><div style=\"padding: 20px;\">\r\n<h2 class=\"card-title\">Consultas de clientes y productos:<\/h2>\r\n<p class=\"card-text\">+55-11 99673-9340<\/p>\r\n\r\n<h2 class=\"card-title\">Todas las dem\u00e1s consultas:<\/h2>\r\n<p class=\"card-text\">+55-12 3127-7154<\/p>\r\n<!--es-->\r\n<\/div><\/div><\/div><!-- \/Widget Shortcode --><\/p>\n<\/div><\/div><!-- .lsow-tab-panes --><\/div><!-- .lsow-tabs --><\/div><\/div><\/div><\/div><div id=\"pgc-13214-0-1\"  class=\"panel-grid-cell\" ><div id=\"panel-13214-0-1-0\" class=\"so-panel widget widget_sow-image panel-first-child\" data-index=\"2\" ><div\n\t\t\t\n\t\t\tclass=\"so-widget-sow-image so-widget-sow-image-default-58576722bc06-13214\"\n\t\t\t\n\t\t>\n<div class=\"sow-image-container\">\n\t\t<img \n\tsrc=\"https:\/\/www.agcchem.com\/wp-content\/uploads\/2021\/09\/amolea-foam-hero.png\" width=\"543\" height=\"473\" srcset=\"https:\/\/www.agcchem.com\/wp-content\/uploads\/2021\/09\/amolea-foam-hero.png 543w, https:\/\/www.agcchem.com\/wp-content\/uploads\/2021\/09\/amolea-foam-hero-300x261.png 300w\" sizes=\"(max-width: 543px) 100vw, 543px\" alt=\"\" \t\tclass=\"so-widget-image\"\/>\n\t<\/div>\n\n<\/div><\/div><div id=\"panel-13214-0-1-1\" class=\"so-panel widget widget_sow-image panel-last-child\" data-index=\"3\" ><div\n\t\t\t\n\t\t\tclass=\"so-widget-sow-image so-widget-sow-image-default-c67d20f9f743-13214\"\n\t\t\t\n\t\t>\n<div class=\"sow-image-container\">\n\t\t<img \n\tsrc=\"https:\/\/www.agcchem.com\/wp-content\/uploads\/2021\/09\/amolea-logo-sm.png\" width=\"250\" height=\"52\" sizes=\"(max-width: 250px) 100vw, 250px\" alt=\"Amolea logo\" \t\tclass=\"so-widget-image\"\/>\n\t<\/div>\n\n<\/div><\/div><\/div><\/div><\/div><\/div>","protected":false},"excerpt":{"rendered":"<p>Agentes Espumantes AMOLEA\u2122 &nbsp;Descripci\u00f3n del productoCaracter\u00edsticasAplicacionesSDSPropiedadesConectar con AGC Dudas al respecto del producto Pedido de muestra AMOLEA\u2122 de AGC 1224yd es un sustituto de \u00faltima generaci\u00f3n con GWP inferior para los agentes espumantes de uretano HFC y HCFC. Tiene las&#8230;<\/p>\n","protected":false},"author":12,"featured_media":14854,"parent":2816,"menu_order":1,"comment_status":"closed","ping_status":"closed","template":"product-2021-template.php","meta":{"_acf_changed":false,"inline_featured_image":false,"footnotes":""},"class_list":["post-13214","page","type-page","status-publish","has-post-thumbnail","hentry"],"acf":[],"_links":{"self":[{"href":"https:\/\/www.agcchem.com\/es\/wp-json\/wp\/v2\/pages\/13214","targetHints":{"allow":["GET"]}}],"collection":[{"href":"https:\/\/www.agcchem.com\/es\/wp-json\/wp\/v2\/pages"}],"about":[{"href":"https:\/\/www.agcchem.com\/es\/wp-json\/wp\/v2\/types\/page"}],"author":[{"embeddable":true,"href":"https:\/\/www.agcchem.com\/es\/wp-json\/wp\/v2\/users\/12"}],"replies":[{"embeddable":true,"href":"https:\/\/www.agcchem.com\/es\/wp-json\/wp\/v2\/comments?post=13214"}],"version-history":[{"count":0,"href":"https:\/\/www.agcchem.com\/es\/wp-json\/wp\/v2\/pages\/13214\/revisions"}],"up":[{"embeddable":true,"href":"https:\/\/www.agcchem.com\/es\/wp-json\/wp\/v2\/pages\/2816"}],"wp:featuredmedia":[{"embeddable":true,"href":"https:\/\/www.agcchem.com\/es\/wp-json\/wp\/v2\/media\/14854"}],"wp:attachment":[{"href":"https:\/\/www.agcchem.com\/es\/wp-json\/wp\/v2\/media?parent=13214"}],"curies":[{"name":"wp","href":"https:\/\/api.w.org\/{rel}","templated":true}]}}