{"id":13222,"date":"2021-04-01T19:46:17","date_gmt":"2021-04-01T19:46:17","guid":{"rendered":"http:\/\/www.agcchem.com\/productos\/amolea-hfo-fluid\/"},"modified":"2024-10-03T13:41:46","modified_gmt":"2024-10-03T13:41:46","slug":"amolea-hfo-fluid","status":"publish","type":"page","link":"https:\/\/www.agcchem.com\/es\/productos\/amolea-hfo-fluid\/","title":{"rendered":"Fluido AMOLEA\u2122 HFO"},"content":{"rendered":"<div id=\"pl-13222\"  class=\"panel-layout\" ><div id=\"pg-13222-0\"  class=\"panel-grid panel-has-style\" ><div class=\"home-slider global_hero_section siteorigin-panels-stretch animate-69d12684419b0268306066 panels-animation-hide panel-row-style panel-row-style-for-13222-0\" data-stretch-type=\"full-width-stretch\" data-so-animation=\"{&quot;selector&quot;:&quot;.animate-69d12684419b0268306066&quot;,&quot;animation&quot;:&quot;fadeIn&quot;,&quot;breakpoint&quot;:&quot;780px&quot;,&quot;duration&quot;:1,&quot;repeat&quot;:0,&quot;hide&quot;:1,&quot;disableAnimationMobile&quot;:0,&quot;finalState&quot;:&quot;visible&quot;,&quot;delay&quot;:0,&quot;debounce&quot;:0.1,&quot;event&quot;:&quot;enter&quot;,&quot;offset&quot;:0}\" ><div id=\"pgc-13222-0-0\"  class=\"panel-grid-cell\" ><div id=\"panel-13222-0-0-0\" class=\"so-panel widget widget_sow-image panel-first-child\" data-index=\"0\" ><div class=\"hero_big_image panel-widget-style panel-widget-style-for-13222-0-0-0\" ><div\n\t\t\t\n\t\t\tclass=\"so-widget-sow-image so-widget-sow-image-default-e4c2d9f6c920-13222\"\n\t\t\t\n\t\t>\n<div class=\"sow-image-container\">\n\t\t<img \n\tsrc=\"https:\/\/www.agcchem.com\/wp-content\/uploads\/2024\/04\/amolea-hfo-hero.png\" width=\"1400\" height=\"600\" srcset=\"https:\/\/www.agcchem.com\/wp-content\/uploads\/2024\/04\/amolea-hfo-hero.png 1400w, https:\/\/www.agcchem.com\/wp-content\/uploads\/2024\/04\/amolea-hfo-hero-300x129.png 300w, https:\/\/www.agcchem.com\/wp-content\/uploads\/2024\/04\/amolea-hfo-hero-1024x439.png 1024w, https:\/\/www.agcchem.com\/wp-content\/uploads\/2024\/04\/amolea-hfo-hero-768x329.png 768w\" sizes=\"(max-width: 1400px) 100vw, 1400px\" alt=\"\" \t\tclass=\"so-widget-image\"\/>\n\t<\/div>\n\n<\/div><\/div><\/div><div id=\"panel-13222-0-0-1\" class=\"so-panel widget widget_siteorigin-panels-builder panel-last-child\" data-index=\"1\" ><div class=\"home-slide-content white_text add_breadcrumb panel-widget-style panel-widget-style-for-13222-0-0-1\" ><div id=\"pl-w66fe9efc69282\"  class=\"panel-layout\" ><div id=\"pg-w66fe9efc69282-0\"  class=\"panel-grid panel-no-style\" ><div id=\"pgc-w66fe9efc69282-0-0\"  class=\"panel-grid-cell\" ><div id=\"panel-w66fe9efc69282-0-0-0\" class=\"widget_text so-panel widget widget_custom_html panel-first-child\" data-index=\"0\" ><div class=\"textwidget custom-html-widget\"><div class=\"home-bg\"><\/div><\/div><\/div><div id=\"panel-w66fe9efc69282-0-0-1\" class=\"so-panel widget widget_siteorigin-panels-builder panel-last-child\" data-index=\"1\" ><div class=\"container panel-widget-style panel-widget-style-for-w66fe9efc69282-0-0-1\" ><div id=\"pl-w66e4613c5db91\"  class=\"panel-layout\" ><div id=\"pg-w66e4613c5db91-0\"  class=\"panel-grid panel-has-style\" ><div class=\"home-slid-inner panel-row-style panel-row-style-for-w66e4613c5db91-0\" ><div id=\"pgc-w66e4613c5db91-0-0\"  class=\"panel-grid-cell\" ><div id=\"panel-w66e4613c5db91-0-0-0\" class=\"so-panel widget widget_sow-editor panel-first-child\" data-index=\"0\" ><div\n\t\t\t\n\t\t\tclass=\"so-widget-sow-editor so-widget-sow-editor-base\"\n\t\t\t\n\t\t>\n<div class=\"siteorigin-widget-tinymce textwidget\">\n\t<div class=\"\">\r\n  <nav aria-label=\"breadcrumb\" class=\"breadcrumb\">\r\n     <ol class=\"breadcrumb-item\">\r\n\t    <span property=\"itemListElement\" typeof=\"ListItem\"><a property=\"item\" typeof=\"WebPage\" title=\"Go to AGC Chemicals.\" href=\"https:\/\/www.agcchem.com\/es\/\" class=\"home\"><span property=\"name\"><i class=\"fa fa-map-marker\"><\/i> Home<\/span><\/a><meta property=\"position\" content=\"1\"><\/span><i class=\"fa fa-angle-double-right\"><\/i><span property=\"itemListElement\" typeof=\"ListItem\"><a property=\"item\" typeof=\"WebPage\" title=\"Go to Blog.\" href=\"https:\/\/www.agcchem.com\/blog\/\" class=\"post-root post post-post\"><span property=\"name\">Blog<\/span><\/a><meta property=\"position\" content=\"2\"><\/span>     <\/ol>\r\n  <\/nav>\r\n<\/div>\n<\/div>\n<\/div><\/div><div id=\"panel-w66e4613c5db91-0-0-1\" class=\"so-panel widget widget_sow-headline\" data-index=\"1\" ><div\n\t\t\t\n\t\t\tclass=\"so-widget-sow-headline so-widget-sow-headline-default-704e7542437d\"\n\t\t\t\n\t\t><div class=\"sow-headline-container \">\n\t\t\t\t\t\t\t<h1 class=\"sow-headline\">\n\t\t\t\t\t\tFluido AMOLEA\u2122 HFO\t\t\t\t\t\t<\/h1>\n\t\t\t\t\t\t\t\t\t\t\t\t<h3 class=\"sow-sub-headline\">\n\t\t\t\t\t\tAMOLEA\u2122 1224yd como alternativa a los HFC. Es un refrigerante de cuarta generaci\u00f3n, no inflamable, con certificaci\u00f3n ASHRAE A1, sin impacto en la destrucci\u00f3n de la capa de ozono y con un valor de GWP inferior a 1.\t\t\t\t\t\t<\/h3>\n\t\t\t\t\t\t<\/div>\n<\/div><\/div><div id=\"panel-w66e4613c5db91-0-0-2\" class=\"so-panel widget widget_sow-image\" data-index=\"2\" ><div class=\"gear_bg_twentyseven panel-widget-style panel-widget-style-for-w66e4613c5db91-0-0-2\" ><div\n\t\t\t\n\t\t\tclass=\"so-widget-sow-image so-widget-sow-image-default-8b5b6f678277\"\n\t\t\t\n\t\t>\n<div class=\"sow-image-container\">\n\t\t<img \n\tsrc=\"https:\/\/www.agcchem.com\/wp-content\/uploads\/2024\/03\/gear_bg_27.svg\" width=\"279\" height=\"279\" sizes=\"(max-width: 279px) 100vw, 279px\" alt=\"\" \t\tclass=\"so-widget-image\"\/>\n\t<\/div>\n\n<\/div><\/div><\/div><div id=\"panel-w66e4613c5db91-0-0-3\" class=\"so-panel widget widget_sow-image\" data-index=\"3\" ><div class=\"gear_bg_thirtyseven panel-widget-style panel-widget-style-for-w66e4613c5db91-0-0-3\" ><div\n\t\t\t\n\t\t\tclass=\"so-widget-sow-image so-widget-sow-image-default-8b5b6f678277\"\n\t\t\t\n\t\t>\n<div class=\"sow-image-container\">\n\t\t<img \n\tsrc=\"https:\/\/www.agcchem.com\/wp-content\/uploads\/2024\/03\/gear_bg_37.svg\" width=\"228\" height=\"228\" sizes=\"(max-width: 228px) 100vw, 228px\" alt=\"\" \t\tclass=\"so-widget-image\"\/>\n\t<\/div>\n\n<\/div><\/div><\/div><div id=\"panel-w66e4613c5db91-0-0-4\" class=\"widget_text so-panel widget widget_custom_html panel-last-child\" data-index=\"4\" ><div class=\"textwidget custom-html-widget\">\r\n  <div class=\"select_brand_dropdown\">\r\n    \r\n    \r\n    <div class=\"new_products_cta_buttons btns\">\r\n\r\n      \r\n\r\n      \r\n        <a href=\"\/es\/contactenos\/dudas-al-respecto-del-producto\/?product=arm_amoleahfofluid\" class=\"btn btn-primary\">\r\n          <span>Dudas al respecto del producto<\/span>\r\n        <\/a>\r\n\r\n        <a href=\"\/es\/contactenos\/pedido-de-muestra\/?product=arm_amoleahfofluid\" class=\"btn btn-secondary\">\r\n          <span>Pedido de muestra<\/span>\r\n        <\/a>\r\n\r\n      \r\n\r\n            \r\n    <\/div>\r\n\r\n  <\/div>\r\n\r\n<\/div><\/div><\/div><\/div><\/div><\/div><\/div><\/div><\/div><\/div><\/div><\/div><\/div><\/div><\/div><\/div><div id=\"pg-13222-1\"  class=\"panel-grid panel-has-style\" ><div class=\"inner_page_sub_navigation siteorigin-panels-stretch panel-row-style panel-row-style-for-13222-1\" data-stretch-type=\"full-width-stretch\" ><div id=\"pgc-13222-1-0\"  class=\"panel-grid-cell\" ><div id=\"panel-13222-1-0-0\" class=\"so-panel widget widget_siteorigin-panels-builder panel-first-child panel-last-child\" data-index=\"2\" ><div class=\"container  panel-widget-style panel-widget-style-for-13222-1-0-0\" ><div id=\"pl-w66fe9efc6945f\"  class=\"panel-layout\" ><div id=\"pg-w66fe9efc6945f-0\"  class=\"panel-grid panel-no-style\" ><div id=\"pgc-w66fe9efc6945f-0-0\"  class=\"panel-grid-cell\" ><div id=\"panel-w66fe9efc6945f-0-0-0\" class=\"widget_text so-panel widget widget_custom_html panel-first-child panel-last-child\" data-index=\"0\" ><div class=\"textwidget custom-html-widget\"><ul>\r\n\t<li>Explore:<\/li>\r\n\t<li><a href=\"#overview\">Descripci\u00f3n general<\/a><\/li>\t\r\n\t<li><a href=\"#features\">Caracter\u00edsticas<\/a><\/li>\t\r\n\t<li><a href=\"#aplicaciones\">Aplicaciones<\/a><\/li>\r\n\t<li><a href=\"#\">Datos t\u00e9cnicos<\/a><\/li>\r\n\t<li><a href=\"#sds\">SDS<\/a><\/li>\r\n\t<li><a href=\"#\">Propriedades<\/a><\/li>\r\n<\/ul><\/div><\/div><\/div><\/div><\/div><\/div><\/div><\/div><\/div><\/div><div id=\"pg-13222-2\"  class=\"panel-grid panel-has-style\" ><div class=\"two_column_with_blue_lines siteorigin-panels-stretch panel-row-style panel-row-style-for-13222-2\" id=\"overview\" data-stretch-type=\"full-width-stretch\" ><div id=\"pgc-13222-2-0\"  class=\"panel-grid-cell\" ><div id=\"panel-13222-2-0-0\" class=\"so-panel widget widget_siteorigin-panels-builder panel-first-child panel-last-child\" data-index=\"3\" ><div class=\"container  panel-widget-style panel-widget-style-for-13222-2-0-0\" ><div id=\"pl-w66fe9efc69577\"  class=\"panel-layout\" ><div id=\"pg-w66fe9efc69577-0\"  class=\"panel-grid panel-has-style\" ><div class=\"col-12 col-md-10 m-auto panel-row-style panel-row-style-for-w66fe9efc69577-0\" ><div id=\"pgc-w66fe9efc69577-0-0\"  class=\"panel-grid-cell\" ><div id=\"panel-w66fe9efc69577-0-0-0\" class=\"so-panel widget widget_sow-image panel-first-child\" data-index=\"0\" ><div\n\t\t\t\n\t\t\tclass=\"so-widget-sow-image so-widget-sow-image-default-8b5b6f678277\"\n\t\t\t\n\t\t>\n<div class=\"sow-image-container\">\n\t\t<img \n\tsrc=\"https:\/\/www.agcchem.com\/wp-content\/uploads\/2024\/04\/amolea-clear.png\" width=\"250\" height=\"52\" sizes=\"(max-width: 250px) 100vw, 250px\" alt=\"\" \t\tclass=\"so-widget-image\"\/>\n\t<\/div>\n\n<\/div><\/div><div id=\"panel-w66fe9efc69577-0-0-1\" class=\"so-panel widget widget_sow-headline panel-last-child\" data-index=\"1\" ><div\n\t\t\t\n\t\t\tclass=\"so-widget-sow-headline so-widget-sow-headline-default-8318c00d2987\"\n\t\t\t\n\t\t><div class=\"sow-headline-container \">\n\t\t\t\t\t\t\t<h4 class=\"sow-headline\">\n\t\t\t\t\t\tUn refrigerante sin impacto en la destrucci\u00f3n de la capa de ozono y con un valor de GWP inferior a 1\t\t\t\t\t\t<\/h4>\n\t\t\t\t\t\t\t\t\t\t\t<div class=\"decoration\">\n\t\t\t\t\t\t<div class=\"decoration-inside\"><\/div>\n\t\t\t\t\t<\/div>\n\t\t\t\t\t<\/div>\n<\/div><\/div><\/div><div id=\"pgc-w66fe9efc69577-0-1\"  class=\"panel-grid-cell\" ><div id=\"panel-w66fe9efc69577-0-1-0\" class=\"so-panel widget widget_sow-editor panel-first-child panel-last-child\" data-index=\"2\" ><div class=\"text-black panel-widget-style panel-widget-style-for-w66fe9efc69577-0-1-0\" ><div\n\t\t\t\n\t\t\tclass=\"so-widget-sow-editor so-widget-sow-editor-base\"\n\t\t\t\n\t\t>\n<div class=\"siteorigin-widget-tinymce textwidget\">\n\t<p><strong>AMOLEA\u2122 de AGC 1224yd<\/strong> es un refrigerante no inflamable de cuarta generaci\u00f3n, certificado por ASHRAE A1, sin impacto en el deterioro de la capa de ozono y con un valor de GWP inferior a 1 para uso como alternativa a los HFCs. Sus propriedades f\u00edsicas son similares a las del HFC-245fa, al mismo tiempo que logra el 99,9% menos GWP y menor toxicidad (LC50&gt;213.100 ppm, AEL 1000 ppm).<\/p>\n<\/div>\n<\/div><\/div><\/div><\/div><\/div><\/div><\/div><\/div><\/div><\/div><\/div><\/div><div id=\"pg-13222-3\"  class=\"panel-grid panel-has-style\" ><div id=\"features\" class=\"panel-row-style panel-row-style-for-13222-3\" ><div id=\"pgc-13222-3-0\"  class=\"panel-grid-cell\" ><div id=\"panel-13222-3-0-0\" class=\"so-panel widget widget_sow-editor panel-first-child panel-last-child\" data-index=\"4\" ><div class=\"text-black panel-widget-style panel-widget-style-for-13222-3-0-0\" ><div\n\t\t\t\n\t\t\tclass=\"so-widget-sow-editor so-widget-sow-editor-base\"\n\t\t\t\n\t\t>\n<div class=\"siteorigin-widget-tinymce textwidget\">\n\t<p>Adem\u00e1s, tiene buena estabilidad qu\u00edmica\/t\u00e9rmica y compatibilidad con los metales, pl\u00e1sticos y elast\u00f3meros m\u00e1s com\u00fanmente utilizados. Es ideal para uso en chillers centr\u00edfugos, Ciclo Rankine Org\u00e1nico (ORC, ciclo binario) y bombas de calor de recuperaci\u00f3n de calor residual.<\/p>\n<\/div>\n<\/div><\/div><\/div><\/div><div id=\"pgc-13222-3-1\"  class=\"panel-grid-cell\" ><div id=\"panel-13222-3-1-0\" class=\"so-panel widget widget_sow-editor panel-first-child panel-last-child\" data-index=\"5\" ><div class=\"text-black panel-widget-style panel-widget-style-for-13222-3-1-0\" ><div\n\t\t\t\n\t\t\tclass=\"so-widget-sow-editor so-widget-sow-editor-base\"\n\t\t\t\n\t\t>\n<div class=\"siteorigin-widget-tinymce textwidget\">\n\t<p><img loading=\"lazy\" decoding=\"async\" class=\"alignleft wp-image-25432 \" src=\"https:\/\/stg-agcchemicals-staging2024.kinsta.cloud\/wp-content\/uploads\/2024\/05\/AMOLEA_yd_diag-768x611-1-300x239.jpeg\" alt=\"\" width=\"236\" height=\"188\" srcset=\"https:\/\/www.agcchem.com\/wp-content\/uploads\/2024\/05\/AMOLEA_yd_diag-768x611-1-300x239.jpeg 300w, https:\/\/www.agcchem.com\/wp-content\/uploads\/2024\/05\/AMOLEA_yd_diag-768x611-1.jpeg 768w\" sizes=\"auto, (max-width: 236px) 100vw, 236px\" \/><img loading=\"lazy\" decoding=\"async\" class=\"alignleft wp-image-11309 \" src=\"https:\/\/stg-agcchemicals-staging2024.kinsta.cloud\/wp-content\/uploads\/2021\/04\/Amolea_yd_MolecularStructure-300x158.jpeg\" alt=\"\" width=\"366\" height=\"193\" srcset=\"https:\/\/www.agcchem.com\/wp-content\/uploads\/2021\/04\/Amolea_yd_MolecularStructure-300x158.jpeg 300w, https:\/\/www.agcchem.com\/wp-content\/uploads\/2021\/04\/Amolea_yd_MolecularStructure.jpeg 650w\" sizes=\"auto, (max-width: 366px) 100vw, 366px\" \/><\/p>\n<\/div>\n<\/div><\/div><\/div><\/div><\/div><\/div><div id=\"pg-13222-4\"  class=\"panel-grid panel-has-style\" ><div class=\"markets_section panel-row-style panel-row-style-for-13222-4\" ><div id=\"pgc-13222-4-0\"  class=\"panel-grid-cell\" ><div id=\"panel-13222-4-0-0\" class=\"so-panel widget widget_sow-editor panel-first-child panel-last-child\" data-index=\"6\" ><div\n\t\t\t\n\t\t\tclass=\"so-widget-sow-editor so-widget-sow-editor-base\"\n\t\t\t\n\t\t>\n<div class=\"siteorigin-widget-tinymce textwidget\">\n\t\r\n\t\r\n\t\t<section id=\"\" class=\"markets_section\">\r\n\t\t\t<div id=\"markets-block\" class=\"col-md-9 m-auto col-12\">\r\n\t\t\t\t<h2 class=\"text-center\">Markets<\/h2>\r\n\r\n\t\t\t\t<div class=\"row justify-content-center\">\r\n\t\t\t\t\t\r\n\t\t\t\t\t\r\n\t\t\t\t\t\t<div class=\"col-4 col \">\r\n\t\t\t\t\t\t\t\r\n\t\t\t\t\t\t\t<div class=\"markets text-center\">\r\n\t\t\t\t\t\t\t\t\r\n\t\t\t\t\t\t\t\t\r\n\t\t\t\t\t\t\t\t\t<a href=\"https:\/\/www.agcchem.com\/es\/industrial\/\">\r\n\t\t\t\t\t\t\t\t\t\t<img loading=\"lazy\" decoding=\"async\" width=\"154\" height=\"151\" src=\"https:\/\/www.agcchem.com\/wp-content\/uploads\/2024\/04\/industrial-market.png\" class=\"attachment-post-thumbnail size-post-thumbnail wp-post-image\" alt=\"Industrial market\" \/>\t\t\t\t\t\t\t\t\t<\/a>\r\n\r\n\t\t\t\t\t\t\t\t\r\n\t\t\t\t\t\t\t\t<h3 class=\"widget-title\">\r\n\t\t\t\t\t\t\t\t\t<a href=\"https:\/\/www.agcchem.com\/es\/industrial\/\">\r\n\t\t\t\t\t\t\t\t\t\tIndustrial\t\t\t\t\t\t\t\t\t<\/a>\r\n\t\t\t\t\t\t\t\t<\/h3>\r\n\r\n\t\t\t\t\t\t\t<\/div>\r\n\t\t\t\t\t\t\r\n\t\t\t\t\t\t<\/div>\r\n\r\n\t\t\t\t\t\r\n\t\t\t\t<\/div>\t\t\t\t\r\n\t\t\t<\/div>\r\n\r\n\t\t<\/section>\r\n\r\n\t\r\n  \n<\/div>\n<\/div><\/div><\/div><\/div><\/div><div id=\"pg-13222-5\"  class=\"panel-grid panel-has-style\" ><div class=\"clip_path_top_left_down bottom_gear_top_white_lines siteorigin-panels-stretch panel-row-style panel-row-style-for-13222-5\" data-stretch-type=\"full-width-stretch\" ><div id=\"pgc-13222-5-0\"  class=\"panel-grid-cell\" ><div id=\"panel-13222-5-0-0\" class=\"so-panel widget widget_siteorigin-panels-builder panel-first-child panel-last-child\" data-index=\"7\" ><div class=\"product_tab_section panel-widget-style panel-widget-style-for-13222-5-0-0\" ><div id=\"pl-w66fe9efc69f5a\"  class=\"panel-layout\" ><div id=\"pg-w66fe9efc69f5a-0\"  class=\"panel-grid panel-has-style\" ><div class=\" col-md-9 m-auto col-12 panel-row-style panel-row-style-for-w66fe9efc69f5a-0\" ><div id=\"pgc-w66fe9efc69f5a-0-0\"  class=\"panel-grid-cell\" ><div id=\"panel-w66fe9efc69f5a-0-0-0\" class=\"so-panel widget widget_sow-tabs panel-first-child panel-last-child\" data-index=\"0\" ><div\n\t\t\t\n\t\t\tclass=\"so-widget-sow-tabs so-widget-sow-tabs-default-aaee25de5bd8\"\n\t\t\t\n\t\t><div class=\"sow-tabs\">\n\t<div class=\"sow-tabs-tab-container\" role=\"tablist\">\n\t\t\t<div\n\t\t\tclass=\"sow-tabs-tab\n\t\t\t sow-tabs-tab-selected\t\t\t\"\n\t\t\trole=\"tab\"\n\t\t\tdata-anchor-id=\"caracteristicas\"\n\t\t\taria-selected=\"true\"\n\t\t\ttabindex=\"0\"\n\t\t>\n\t\t\t<div class=\"sow-tabs-title sow-tabs-title-icon-left\">\n\t\t\t\t\t\t\t\tCaracter\u00edsticas\t\t\t\t\t\t\t<\/div>\n\t\t<\/div>\n\t\t\t<div\n\t\t\tclass=\"sow-tabs-tab\n\t\t\t\t\t\t\"\n\t\t\trole=\"tab\"\n\t\t\tdata-anchor-id=\"aplicaciones\"\n\t\t\taria-selected=\"false\"\n\t\t\ttabindex=\"0\"\n\t\t>\n\t\t\t<div class=\"sow-tabs-title sow-tabs-title-icon-left\">\n\t\t\t\t\t\t\t\tAplicaciones\t\t\t\t\t\t\t<\/div>\n\t\t<\/div>\n\t\t\t<div\n\t\t\tclass=\"sow-tabs-tab\n\t\t\t\t\t\t\"\n\t\t\trole=\"tab\"\n\t\t\tdata-anchor-id=\"sds\"\n\t\t\taria-selected=\"false\"\n\t\t\ttabindex=\"0\"\n\t\t>\n\t\t\t<div class=\"sow-tabs-title sow-tabs-title-icon-left\">\n\t\t\t\t\t\t\t\tSDS\t\t\t\t\t\t\t<\/div>\n\t\t<\/div>\n\t\t\t<div\n\t\t\tclass=\"sow-tabs-tab\n\t\t\t\t\t\t\"\n\t\t\trole=\"tab\"\n\t\t\tdata-anchor-id=\"datos-tecnicos\"\n\t\t\taria-selected=\"false\"\n\t\t\ttabindex=\"0\"\n\t\t>\n\t\t\t<div class=\"sow-tabs-title sow-tabs-title-icon-left\">\n\t\t\t\t\t\t\t\tDatos t\u00e9cnicos\t\t\t\t\t\t\t<\/div>\n\t\t<\/div>\n\t\t\t<div\n\t\t\tclass=\"sow-tabs-tab\n\t\t\t\t\t\t\"\n\t\t\trole=\"tab\"\n\t\t\tdata-anchor-id=\"propriedades\"\n\t\t\taria-selected=\"false\"\n\t\t\ttabindex=\"0\"\n\t\t>\n\t\t\t<div class=\"sow-tabs-title sow-tabs-title-icon-left\">\n\t\t\t\t\t\t\t\tPropriedades\t\t\t\t\t\t\t<\/div>\n\t\t<\/div>\n\t\t\t<div\n\t\t\tclass=\"sow-tabs-tab\n\t\t\t\t\t\t\"\n\t\t\trole=\"tab\"\n\t\t\tdata-anchor-id=\"conectar-con-agc\"\n\t\t\taria-selected=\"false\"\n\t\t\ttabindex=\"0\"\n\t\t>\n\t\t\t<div class=\"sow-tabs-title sow-tabs-title-icon-left\">\n\t\t\t\t\t\t\t\tConectar con AGC\t\t\t\t\t\t\t<\/div>\n\t\t<\/div>\n\t\t<\/div>\n\n\t<div class=\"sow-tabs-panel-container\">\n\t\t\t<div class=\"sow-tabs-panel\">\n\t\t\t<div\n\t\t\t\tclass=\"sow-tabs-panel-content\"\n\t\t\t\trole=\"tabpanel\"\n\t\t\t\taria-hidden=\"false\"\n\t\t\t>\n\t\t\t\t<ul>\n<li>Poco impacto en el medio ambiente<\/li>\n<li>Buena compatibilidad con los aceites, metales, pl\u00e1sticos y elast\u00f3meros m\u00e1s com\u00fanmente utilizados<\/li>\n<li>Mejor estabilidad qu\u00edmica y t\u00e9rmica del que el HCFC-123, HFOs y HCFOs<\/li>\n<li>Excelente ahorro de energ\u00eda<\/li>\n<li>Baja toxicidad<\/li>\n<li>F\u00e1cil de retrofit para equipos utilizados para HFC-245fa e HCFO-1233zd(E)<\/li>\n<\/ul>\n\t\t\t<\/div>\n\t\t<\/div>\n\t\t\t<div class=\"sow-tabs-panel\">\n\t\t\t<div\n\t\t\t\tclass=\"sow-tabs-panel-content\"\n\t\t\t\trole=\"tabpanel\"\n\t\t\t\taria-hidden=\"true\"\n\t\t\t>\n\t\t\t\t<ul>\n<li>Chillers Centr\u00edfugos<\/li>\n<li>Sistema de Ciclo Rankine<\/li>\n<li>Bombas de Recuperaci\u00f3n de Calor Residual<\/li>\n<li>Agente de Soplado<\/li>\n<\/ul>\n\t\t\t<\/div>\n\t\t<\/div>\n\t\t\t<div class=\"sow-tabs-panel\">\n\t\t\t<div\n\t\t\t\tclass=\"sow-tabs-panel-content\"\n\t\t\t\trole=\"tabpanel\"\n\t\t\t\taria-hidden=\"true\"\n\t\t\t>\n\t\t\t\t<p>Haga clic\u00a0<a href=\"https:\/\/stg-agcchemicals-staging2024.kinsta.cloud\/es\/contactenos\/pedido-de-sds\/\" rel=\"noopener\">aqu\u00ed<\/a>\u00a0para solicitar una hoja SDS de este producto.<\/p>\n\t\t\t<\/div>\n\t\t<\/div>\n\t\t\t<div class=\"sow-tabs-panel\">\n\t\t\t<div\n\t\t\t\tclass=\"sow-tabs-panel-content\"\n\t\t\t\trole=\"tabpanel\"\n\t\t\t\taria-hidden=\"true\"\n\t\t\t>\n\t\t\t\t<p style=\"text-align: left\"><img loading=\"lazy\" decoding=\"async\" class=\"alignleft wp-image-24910\" src=\"https:\/\/stg-agcchemicals-staging2024.kinsta.cloud\/wp-content\/uploads\/2024\/05\/Picture1.png\" alt=\"\" width=\"658\" height=\"446\" srcset=\"https:\/\/www.agcchem.com\/wp-content\/uploads\/2024\/05\/Picture1.png 936w, https:\/\/www.agcchem.com\/wp-content\/uploads\/2024\/05\/Picture1-300x203.png 300w, https:\/\/www.agcchem.com\/wp-content\/uploads\/2024\/05\/Picture1-768x520.png 768w\" sizes=\"auto, (max-width: 658px) 100vw, 658px\" \/> <img loading=\"lazy\" decoding=\"async\" class=\"alignleft wp-image-25424\" src=\"https:\/\/stg-agcchemicals-staging2024.kinsta.cloud\/wp-content\/uploads\/2024\/05\/chart-1.png\" alt=\"\" width=\"635\" height=\"458\" srcset=\"https:\/\/www.agcchem.com\/wp-content\/uploads\/2024\/05\/chart-1.png 491w, https:\/\/www.agcchem.com\/wp-content\/uploads\/2024\/05\/chart-1-300x216.png 300w\" sizes=\"auto, (max-width: 635px) 100vw, 635px\" \/><\/p>\n\t\t\t<\/div>\n\t\t<\/div>\n\t\t\t<div class=\"sow-tabs-panel\">\n\t\t\t<div\n\t\t\t\tclass=\"sow-tabs-panel-content\"\n\t\t\t\trole=\"tabpanel\"\n\t\t\t\taria-hidden=\"true\"\n\t\t\t>\n\t\t\t\t<p><img loading=\"lazy\" decoding=\"async\" class=\"wp-image-11338 alignleft\" src=\"https:\/\/stg-agcchemicals-staging2024.kinsta.cloud\/wp-content\/uploads\/2021\/04\/Screen-Shot-2021-04-01-at-4.30.56-PM.png\" alt=\"\" width=\"800\" height=\"541\" srcset=\"https:\/\/www.agcchem.com\/wp-content\/uploads\/2021\/04\/Screen-Shot-2021-04-01-at-4.30.56-PM.png 1500w, https:\/\/www.agcchem.com\/wp-content\/uploads\/2021\/04\/Screen-Shot-2021-04-01-at-4.30.56-PM-300x203.png 300w, https:\/\/www.agcchem.com\/wp-content\/uploads\/2021\/04\/Screen-Shot-2021-04-01-at-4.30.56-PM-1024x692.png 1024w, https:\/\/www.agcchem.com\/wp-content\/uploads\/2021\/04\/Screen-Shot-2021-04-01-at-4.30.56-PM-768x519.png 768w\" sizes=\"auto, (max-width: 800px) 100vw, 800px\" \/><\/p>\n<div class=\"row\">\n<div class=\"col\"><\/div>\n<\/div>\n\t\t\t<\/div>\n\t\t<\/div>\n\t\t\t<div class=\"sow-tabs-panel\">\n\t\t\t<div\n\t\t\t\tclass=\"sow-tabs-panel-content\"\n\t\t\t\trole=\"tabpanel\"\n\t\t\t\taria-hidden=\"true\"\n\t\t\t>\n\t\t\t\t<h2 class=\"widgettitle\">Conectar con AGC<\/h2>\n<div class=\"textwidget custom-html-widget\">\n<div>\n<p class=\"card-title\"><strong>Consultas de clientes y productos:<\/strong><\/p>\n<p class=\"card-text\">+55-11 99673-9340<\/p>\n<p class=\"card-title\"><strong>Todas las dem\u00e1s consultas:<\/strong><\/p>\n<p class=\"card-text\">+55-12 3127-7154<\/p>\n<\/div>\n<\/div>\n\t\t\t<\/div>\n\t\t<\/div>\n\t\t<\/div>\n<\/div>\n<\/div><\/div><\/div><\/div><\/div><\/div><\/div><\/div><\/div><\/div><\/div><div id=\"pg-13222-7\"  class=\"panel-grid panel-has-style\" ><div class=\"blue_overlay siteorigin-panels-stretch panel-row-style panel-row-style-for-13222-7\" data-stretch-type=\"full-width-stretch\" ><div id=\"pgc-13222-7-0\"  class=\"panel-grid-cell\" ><div id=\"panel-13222-7-0-0\" class=\"so-panel widget widget_siteorigin-panels-builder panel-first-child panel-last-child\" data-index=\"10\" ><div class=\"container panel-widget-style panel-widget-style-for-13222-7-0-0\" ><div id=\"pl-w66fe9efc6ac66\"  class=\"panel-layout\" ><div id=\"pg-w66fe9efc6ac66-0\"  class=\"panel-grid panel-has-style\" ><div class=\"col-12 col-md-6 m-auto position-relative panel-row-style panel-row-style-for-w66fe9efc6ac66-0\" ><div id=\"pgc-w66fe9efc6ac66-0-0\"  class=\"panel-grid-cell\" ><div id=\"panel-w66fe9efc6ac66-0-0-0\" class=\"so-panel widget widget_sow-headline panel-first-child\" data-index=\"0\" ><div class=\"fw-bold panel-widget-style panel-widget-style-for-w66fe9efc6ac66-0-0-0\" ><div\n\t\t\t\n\t\t\tclass=\"so-widget-sow-headline so-widget-sow-headline-default-87547e56f06d\"\n\t\t\t\n\t\t><div class=\"sow-headline-container \">\n\t\t\t\t\t\t\t<h2 class=\"sow-headline\">\n\t\t\t\t\t\tComun\u00edquese con nuestros expertos en fluoropol\u00edmeros para analizar sus necesidades espec\u00edficas.\t\t\t\t\t\t<\/h2>\n\t\t\t\t\t\t<\/div>\n<\/div><\/div><\/div><div id=\"panel-w66fe9efc6ac66-0-0-1\" class=\"so-panel widget widget_sow-button panel-last-child\" data-index=\"1\" ><div\n\t\t\t\n\t\t\tclass=\"so-widget-sow-button so-widget-sow-button-flat-f949060a8f32\"\n\t\t\t\n\t\t><div class=\"ow-button-base ow-button-align-center\"\n>\n\t\t\t<a href=\"https:\/\/www.agcchem.com\/contact-us\/product-inquiry\/\" class=\"btn sowb-button ow-icon-placement-left ow-button-hover\">\n\t\t<span>\n\t\t\t\n\t\t\tConsulta de producto\t\t<\/span>\n\t\t\t<\/a>\n\t<\/div>\n<\/div><\/div><\/div><\/div><\/div><\/div><\/div><\/div><\/div><\/div><\/div><\/div>","protected":false},"excerpt":{"rendered":"<p>HomeBlog Fluido AMOLEA\u2122 HFO AMOLEA\u2122 1224yd como alternativa a los HFC. Es un refrigerante de cuarta generaci\u00f3n, no inflamable, con certificaci\u00f3n ASHRAE A1, sin impacto en la destrucci\u00f3n de la capa de ozono y con un valor de GWP inferior&#8230;<\/p>\n","protected":false},"author":12,"featured_media":30120,"parent":2816,"menu_order":1,"comment_status":"closed","ping_status":"closed","template":"page-template\/product-template.php","meta":{"_acf_changed":false,"inline_featured_image":false,"footnotes":""},"class_list":["post-13222","page","type-page","status-publish","has-post-thumbnail","hentry"],"acf":[],"_links":{"self":[{"href":"https:\/\/www.agcchem.com\/es\/wp-json\/wp\/v2\/pages\/13222","targetHints":{"allow":["GET"]}}],"collection":[{"href":"https:\/\/www.agcchem.com\/es\/wp-json\/wp\/v2\/pages"}],"about":[{"href":"https:\/\/www.agcchem.com\/es\/wp-json\/wp\/v2\/types\/page"}],"author":[{"embeddable":true,"href":"https:\/\/www.agcchem.com\/es\/wp-json\/wp\/v2\/users\/12"}],"replies":[{"embeddable":true,"href":"https:\/\/www.agcchem.com\/es\/wp-json\/wp\/v2\/comments?post=13222"}],"version-history":[{"count":0,"href":"https:\/\/www.agcchem.com\/es\/wp-json\/wp\/v2\/pages\/13222\/revisions"}],"up":[{"embeddable":true,"href":"https:\/\/www.agcchem.com\/es\/wp-json\/wp\/v2\/pages\/2816"}],"wp:featuredmedia":[{"embeddable":true,"href":"https:\/\/www.agcchem.com\/es\/wp-json\/wp\/v2\/media\/30120"}],"wp:attachment":[{"href":"https:\/\/www.agcchem.com\/es\/wp-json\/wp\/v2\/media?parent=13222"}],"curies":[{"name":"wp","href":"https:\/\/api.w.org\/{rel}","templated":true}]}}