{"id":13232,"date":"2020-09-23T18:05:19","date_gmt":"2020-09-23T18:05:19","guid":{"rendered":"http:\/\/www.agcchem.com\/productos\/fine-silica-products-for-chromatography\/"},"modified":"2024-10-03T13:54:14","modified_gmt":"2024-10-03T13:54:14","slug":"fine-silica-products-for-chromatography","status":"publish","type":"page","link":"https:\/\/www.agcchem.com\/es\/productos\/fine-silica-microspheres\/fine-silica-products-for-chromatography\/","title":{"rendered":"Productos de S\u00edlica Fina para Cromatograf\u00eda M.S.GEL\u2122"},"content":{"rendered":"<div id=\"pl-13232\"  class=\"panel-layout\" ><div id=\"pg-13232-0\"  class=\"panel-grid panel-has-style\" ><div class=\"home-slider global_hero_section siteorigin-panels-stretch animate-69d11f5b92714925915834 panels-animation-hide panel-row-style panel-row-style-for-13232-0\" data-stretch-type=\"full-width-stretch\" data-so-animation=\"{&quot;selector&quot;:&quot;.animate-69d11f5b92714925915834&quot;,&quot;animation&quot;:&quot;fadeIn&quot;,&quot;breakpoint&quot;:&quot;780px&quot;,&quot;duration&quot;:1,&quot;repeat&quot;:0,&quot;hide&quot;:1,&quot;disableAnimationMobile&quot;:0,&quot;finalState&quot;:&quot;visible&quot;,&quot;delay&quot;:0,&quot;debounce&quot;:0.1,&quot;event&quot;:&quot;enter&quot;,&quot;offset&quot;:0}\" ><div id=\"pgc-13232-0-0\"  class=\"panel-grid-cell\" ><div id=\"panel-13232-0-0-0\" class=\"so-panel widget widget_sow-image panel-first-child\" data-index=\"0\" ><div class=\"hero_big_image panel-widget-style panel-widget-style-for-13232-0-0-0\" ><div\n\t\t\t\n\t\t\tclass=\"so-widget-sow-image so-widget-sow-image-default-e4c2d9f6c920-13232\"\n\t\t\t\n\t\t>\n<div class=\"sow-image-container\">\n\t\t<img \n\tsrc=\"https:\/\/www.agcchem.com\/wp-content\/uploads\/2024\/04\/ms-gel-hero.png\" width=\"1400\" height=\"600\" srcset=\"https:\/\/www.agcchem.com\/wp-content\/uploads\/2024\/04\/ms-gel-hero.png 1400w, https:\/\/www.agcchem.com\/wp-content\/uploads\/2024\/04\/ms-gel-hero-300x129.png 300w, https:\/\/www.agcchem.com\/wp-content\/uploads\/2024\/04\/ms-gel-hero-1024x439.png 1024w, https:\/\/www.agcchem.com\/wp-content\/uploads\/2024\/04\/ms-gel-hero-768x329.png 768w\" sizes=\"(max-width: 1400px) 100vw, 1400px\" alt=\"\" \t\tclass=\"so-widget-image\"\/>\n\t<\/div>\n\n<\/div><\/div><\/div><div id=\"panel-13232-0-0-1\" class=\"so-panel widget widget_siteorigin-panels-builder panel-last-child\" data-index=\"1\" ><div class=\"home-slide-content white_text add_breadcrumb panel-widget-style panel-widget-style-for-13232-0-0-1\" ><div id=\"pl-w66fea1ce29ac2\"  class=\"panel-layout\" ><div id=\"pg-w66fea1ce29ac2-0\"  class=\"panel-grid panel-no-style\" ><div id=\"pgc-w66fea1ce29ac2-0-0\"  class=\"panel-grid-cell\" ><div id=\"panel-w66fea1ce29ac2-0-0-0\" class=\"widget_text so-panel widget widget_custom_html panel-first-child\" data-index=\"0\" ><div class=\"textwidget custom-html-widget\"><div class=\"home-bg\"><\/div><\/div><\/div><div id=\"panel-w66fea1ce29ac2-0-0-1\" class=\"so-panel widget widget_siteorigin-panels-builder panel-last-child\" data-index=\"1\" ><div class=\"container panel-widget-style panel-widget-style-for-w66fea1ce29ac2-0-0-1\" ><div id=\"pl-w66e531eb44e91\"  class=\"panel-layout\" ><div id=\"pg-w66e531eb44e91-0\"  class=\"panel-grid panel-has-style\" ><div class=\"home-slid-inner panel-row-style panel-row-style-for-w66e531eb44e91-0\" ><div id=\"pgc-w66e531eb44e91-0-0\"  class=\"panel-grid-cell\" ><div id=\"panel-w66e531eb44e91-0-0-0\" class=\"so-panel widget widget_sow-editor panel-first-child\" data-index=\"0\" ><div\n\t\t\t\n\t\t\tclass=\"so-widget-sow-editor so-widget-sow-editor-base\"\n\t\t\t\n\t\t>\n<div class=\"siteorigin-widget-tinymce textwidget\">\n\t<div class=\"\">\r\n  <nav aria-label=\"breadcrumb\" class=\"breadcrumb\">\r\n     <ol class=\"breadcrumb-item\">\r\n\t    <span property=\"itemListElement\" typeof=\"ListItem\"><a property=\"item\" typeof=\"WebPage\" title=\"Go to AGC Chemicals.\" href=\"https:\/\/www.agcchem.com\/es\/\" class=\"home\"><span property=\"name\"><i class=\"fa fa-map-marker\"><\/i> Home<\/span><\/a><meta property=\"position\" content=\"1\"><\/span><i class=\"fa fa-angle-double-right\"><\/i><span property=\"itemListElement\" typeof=\"ListItem\"><a property=\"item\" typeof=\"WebPage\" title=\"Go to Blog.\" href=\"https:\/\/www.agcchem.com\/blog\/\" class=\"post-root post post-post\"><span property=\"name\">Blog<\/span><\/a><meta property=\"position\" content=\"2\"><\/span>     <\/ol>\r\n  <\/nav>\r\n<\/div>\n<\/div>\n<\/div><\/div><div id=\"panel-w66e531eb44e91-0-0-1\" class=\"so-panel widget widget_sow-headline\" data-index=\"1\" ><div\n\t\t\t\n\t\t\tclass=\"so-widget-sow-headline so-widget-sow-headline-default-704e7542437d\"\n\t\t\t\n\t\t><div class=\"sow-headline-container \">\n\t\t\t\t\t\t\t<h1 class=\"sow-headline\">\n\t\t\t\t\t\tProductos de S\u00edlica Fina para Cromatograf\u00eda M.S.GEL\u2122\t\t\t\t\t\t<\/h1>\n\t\t\t\t\t\t\t\t\t\t\t\t<h3 class=\"sow-sub-headline\">\n\t\t\t\t\t\tEstas part\u00edculas permiten una mayor capacidad de carga con una contrapresi\u00f3n de columna m\u00e1s baja y al mismo tiempo proporcionan una buena separaci\u00f3n.\t\t\t\t\t\t<\/h3>\n\t\t\t\t\t\t<\/div>\n<\/div><\/div><div id=\"panel-w66e531eb44e91-0-0-2\" class=\"so-panel widget widget_sow-image\" data-index=\"2\" ><div class=\"gear_bg_twentyseven panel-widget-style panel-widget-style-for-w66e531eb44e91-0-0-2\" ><div\n\t\t\t\n\t\t\tclass=\"so-widget-sow-image so-widget-sow-image-default-8b5b6f678277\"\n\t\t\t\n\t\t>\n<div class=\"sow-image-container\">\n\t\t<img \n\tsrc=\"https:\/\/www.agcchem.com\/wp-content\/uploads\/2024\/03\/gear_bg_27.svg\" width=\"279\" height=\"279\" sizes=\"(max-width: 279px) 100vw, 279px\" alt=\"\" \t\tclass=\"so-widget-image\"\/>\n\t<\/div>\n\n<\/div><\/div><\/div><div id=\"panel-w66e531eb44e91-0-0-3\" class=\"so-panel widget widget_sow-image\" data-index=\"3\" ><div class=\"gear_bg_thirtyseven panel-widget-style panel-widget-style-for-w66e531eb44e91-0-0-3\" ><div\n\t\t\t\n\t\t\tclass=\"so-widget-sow-image so-widget-sow-image-default-8b5b6f678277\"\n\t\t\t\n\t\t>\n<div class=\"sow-image-container\">\n\t\t<img \n\tsrc=\"https:\/\/www.agcchem.com\/wp-content\/uploads\/2024\/03\/gear_bg_37.svg\" width=\"228\" height=\"228\" sizes=\"(max-width: 228px) 100vw, 228px\" alt=\"\" \t\tclass=\"so-widget-image\"\/>\n\t<\/div>\n\n<\/div><\/div><\/div><div id=\"panel-w66e531eb44e91-0-0-4\" class=\"widget_text so-panel widget widget_custom_html panel-last-child\" data-index=\"4\" ><div class=\"textwidget custom-html-widget\">\r\n  <div class=\"select_brand_dropdown\">\r\n    \r\n    \r\n    <div class=\"new_products_cta_buttons btns\">\r\n\r\n      \r\n\r\n      \r\n        <a href=\"\/es\/contactenos\/dudas-al-respecto-del-producto\/?product=agc_finesilica\" class=\"btn btn-primary\">\r\n          <span>Dudas al respecto del producto<\/span>\r\n        <\/a>\r\n\r\n        <a href=\"\/es\/contactenos\/pedido-de-muestra\/?product=agc_finesilica\" class=\"btn btn-secondary\">\r\n          <span>Pedido de muestra<\/span>\r\n        <\/a>\r\n\r\n      \r\n\r\n            \r\n    <\/div>\r\n\r\n  <\/div>\r\n\r\n<\/div><\/div><\/div><\/div><\/div><\/div><\/div><\/div><\/div><\/div><\/div><\/div><\/div><\/div><\/div><\/div><div id=\"pg-13232-1\"  class=\"panel-grid panel-has-style\" ><div class=\"inner_page_sub_navigation siteorigin-panels-stretch panel-row-style panel-row-style-for-13232-1\" data-stretch-type=\"full-width-stretch\" ><div id=\"pgc-13232-1-0\"  class=\"panel-grid-cell\" ><div id=\"panel-13232-1-0-0\" class=\"so-panel widget widget_siteorigin-panels-builder panel-first-child panel-last-child\" data-index=\"2\" ><div class=\"container  panel-widget-style panel-widget-style-for-13232-1-0-0\" ><div id=\"pl-w66fea1ce29d34\"  class=\"panel-layout\" ><div id=\"pg-w66fea1ce29d34-0\"  class=\"panel-grid panel-no-style\" ><div id=\"pgc-w66fea1ce29d34-0-0\"  class=\"panel-grid-cell\" ><div id=\"panel-w66fea1ce29d34-0-0-0\" class=\"widget_text so-panel widget widget_custom_html panel-first-child panel-last-child\" data-index=\"0\" ><div class=\"textwidget custom-html-widget\"><ul>\r\n\t<li>Explore:<\/li>\r\n\t<li><a href=\"#overview\">Descripci\u00f3n general<\/a><\/li>\t\r\n\t<li><a href=\"#features\">Caracter\u00edsticas<\/a><\/li>\t\r\n\t<li><a href=\"#aplicaciones\">Aplicaciones<\/a><\/li>\r\n\t<li><a href=\"#sds\">SDS<\/a><\/li>\r\n\t<li><a href=\"#documentos-t%c3%a9cnicos\">Documentos t\u00e9cnicos<\/a><\/li>\r\n<\/ul><\/div><\/div><\/div><\/div><\/div><\/div><\/div><\/div><\/div><\/div><div id=\"pg-13232-2\"  class=\"panel-grid panel-has-style\" ><div class=\"two_column_with_blue_lines siteorigin-panels-stretch panel-row-style panel-row-style-for-13232-2\" id=\"overview\" data-stretch-type=\"full-width-stretch\" ><div id=\"pgc-13232-2-0\"  class=\"panel-grid-cell\" ><div id=\"panel-13232-2-0-0\" class=\"so-panel widget widget_siteorigin-panels-builder panel-first-child panel-last-child\" data-index=\"3\" ><div class=\"container  panel-widget-style panel-widget-style-for-13232-2-0-0\" ><div id=\"pl-w66fea1ce29e71\"  class=\"panel-layout\" ><div id=\"pg-w66fea1ce29e71-0\"  class=\"panel-grid panel-has-style\" ><div class=\"col-12 col-md-10 m-auto panel-row-style panel-row-style-for-w66fea1ce29e71-0\" ><div id=\"pgc-w66fea1ce29e71-0-0\"  class=\"panel-grid-cell\" ><div id=\"panel-w66fea1ce29e71-0-0-0\" class=\"so-panel widget widget_sow-image panel-first-child\" data-index=\"0\" ><div class=\"panel-widget-style panel-widget-style-for-w66fea1ce29e71-0-0-0\" ><div\n\t\t\t\n\t\t\tclass=\"so-widget-sow-image so-widget-sow-image-default-8b5b6f678277\"\n\t\t\t\n\t\t>\n<div class=\"sow-image-container\">\n\t\t<img \n\tsrc=\"https:\/\/www.agcchem.com\/wp-content\/uploads\/2024\/05\/resifa-ms-gel-lgo-clear.png\" width=\"600\" height=\"228\" srcset=\"https:\/\/www.agcchem.com\/wp-content\/uploads\/2024\/05\/resifa-ms-gel-lgo-clear.png 600w, https:\/\/www.agcchem.com\/wp-content\/uploads\/2024\/05\/resifa-ms-gel-lgo-clear-300x114.png 300w\" sizes=\"(max-width: 600px) 100vw, 600px\" alt=\"\" \t\tclass=\"so-widget-image\"\/>\n\t<\/div>\n\n<\/div><\/div><\/div><div id=\"panel-w66fea1ce29e71-0-0-1\" class=\"so-panel widget widget_sow-headline panel-last-child\" data-index=\"1\" ><div\n\t\t\t\n\t\t\tclass=\"so-widget-sow-headline so-widget-sow-headline-default-2d3a2cf15379\"\n\t\t\t\n\t\t><div class=\"sow-headline-container \">\n\t\t\t\t\t\t\t<h4 class=\"sow-headline\">\n\t\t\t\t\t\tLas part\u00edculas microesf\u00e9ricas finas de gel de s\u00edlice permiten una mayor capacidad de carga.\t\t\t\t\t\t<\/h4>\n\t\t\t\t\t\t<\/div>\n<\/div><\/div><\/div><div id=\"pgc-w66fea1ce29e71-0-1\"  class=\"panel-grid-cell\" ><div id=\"panel-w66fea1ce29e71-0-1-0\" class=\"so-panel widget widget_sow-editor panel-first-child panel-last-child\" data-index=\"2\" ><div class=\"text-black panel-widget-style panel-widget-style-for-w66fea1ce29e71-0-1-0\" ><div\n\t\t\t\n\t\t\tclass=\"so-widget-sow-editor so-widget-sow-editor-base\"\n\t\t\t\n\t\t>\n<div class=\"siteorigin-widget-tinymce textwidget\">\n\t<p><strong>Las clases M.S.GEL\u2122 son geles<\/strong> de s\u00edlica microesf\u00e9ricos de gran pureza. La forma perfectamente esf\u00e9rica de las part\u00edculas M.S.GEL permite una mayor capacidad de carga con una menor contrapresi\u00f3n de la columna, proporcionando una buena separaci\u00f3n. La s\u00edlica M.S.GEL se utilizan habitualmente en aplicaciones de HPLC y est\u00e1n disponibles en tama\u00f1os de part\u00edcula que van de 1,6 a 300 \u00b5m y tama\u00f1os de poro de 60 a 1500 \u00c5.<\/p>\n<\/div>\n<\/div><\/div><\/div><\/div><\/div><\/div><\/div><\/div><\/div><\/div><\/div><\/div><div id=\"pg-13232-3\"  class=\"panel-grid panel-has-style\" ><div id=\"features\" class=\"panel-row-style panel-row-style-for-13232-3\" ><div id=\"pgc-13232-3-0\"  class=\"panel-grid-cell\" ><div id=\"panel-13232-3-0-1\" class=\"so-panel widget widget_sow-editor panel-last-child\" data-index=\"5\" ><div class=\"text-black panel-widget-style panel-widget-style-for-13232-3-0-1\" ><div\n\t\t\t\n\t\t\tclass=\"so-widget-sow-editor so-widget-sow-editor-base\"\n\t\t\t\n\t\t>\n<div class=\"siteorigin-widget-tinymce textwidget\">\n\t<p>Los procesos propios de AGC producen geles de s\u00edlica con distribuci\u00f3n estrecha de tama\u00f1o de part\u00edcula y los tama\u00f1os de poro son muy uniformes en todas las part\u00edculas. La amplia gama de tama\u00f1os de part\u00edculas y de poros de M.S.GEL ofrece muchas soluciones para una variedad de necesidades, incluyendo la Cromatograf\u00eda Flash, Ultra HPLC y Cromatograf\u00eda de Exclusi\u00f3n de Tama\u00f1o utilizada en equipos de HPLC. Las clases M.S.GEL de poros anchos y grados sub 5 \u00b5m se utilizan para purificar o separar mol\u00e9culas grandes, como pol\u00edmeros, biopol\u00edmeros, anticuerpos, oligosac\u00e1ridos, polisac\u00e1ridos y prote\u00ednas.<\/p>\n<p>Tambi\u00e9n hay disponibles s\u00edlicas unidas qu\u00edmicamente. M.S.GEL puede ser unido con C18, C8, C4, Fenilo, NH2, SP, CM, Epoxi y Diol. AGC puede ayudarle a encontrar la mejor combinaci\u00f3n de part\u00edculas para sus necesidades de purificaci\u00f3n\/separaci\u00f3n.<\/p>\n<\/div>\n<\/div><\/div><\/div><\/div><div id=\"pgc-13232-3-1\"  class=\"panel-grid-cell\" ><div id=\"panel-13232-3-1-0\" class=\"so-panel widget widget_sow-image panel-first-child\" data-index=\"6\" ><div class=\"has-line-skyblue-left-middle panel-widget-style panel-widget-style-for-13232-3-1-0\" ><div\n\t\t\t\n\t\t\tclass=\"so-widget-sow-image so-widget-sow-image-default-334eeca80698-13232\"\n\t\t\t\n\t\t>\n<div class=\"sow-image-container\">\n\t\t<img \n\tsrc=\"https:\/\/www.agcchem.com\/wp-content\/uploads\/2024\/05\/resifa-msgel-lrg-img.png\" width=\"998\" height=\"552\" srcset=\"https:\/\/www.agcchem.com\/wp-content\/uploads\/2024\/05\/resifa-msgel-lrg-img.png 998w, https:\/\/www.agcchem.com\/wp-content\/uploads\/2024\/05\/resifa-msgel-lrg-img-300x166.png 300w, https:\/\/www.agcchem.com\/wp-content\/uploads\/2024\/05\/resifa-msgel-lrg-img-768x425.png 768w\" sizes=\"(max-width: 998px) 100vw, 998px\" alt=\"\" \t\tclass=\"so-widget-image\"\/>\n\t<\/div>\n\n<\/div><\/div><\/div><div id=\"panel-13232-3-1-1\" class=\"so-panel widget widget_sow-image panel-last-child\" data-index=\"7\" ><div class=\"image_white_border panel-widget-style panel-widget-style-for-13232-3-1-1\" ><div\n\t\t\t\n\t\t\tclass=\"so-widget-sow-image so-widget-sow-image-default-b4513c7b55bb-13232\"\n\t\t\t\n\t\t>\n<div class=\"sow-image-container\">\n\t\t<img \n\tsrc=\"https:\/\/www.agcchem.com\/wp-content\/uploads\/2024\/05\/resifa-msgel-sm-img.png\" width=\"202\" height=\"146\" sizes=\"(max-width: 202px) 100vw, 202px\" alt=\"Part\u00edculas finas de gel de s\u00edlice.\" \t\tclass=\"so-widget-image\"\/>\n\t<\/div>\n\n<\/div><\/div><\/div><\/div><\/div><\/div><div id=\"pg-13232-4\"  class=\"panel-grid panel-has-style\" ><div class=\"markets_section panel-row-style panel-row-style-for-13232-4\" ><div id=\"pgc-13232-4-0\"  class=\"panel-grid-cell\" ><div id=\"panel-13232-4-0-0\" class=\"so-panel widget widget_sow-editor panel-first-child panel-last-child\" data-index=\"8\" ><div\n\t\t\t\n\t\t\tclass=\"so-widget-sow-editor so-widget-sow-editor-base\"\n\t\t\t\n\t\t>\n<div class=\"siteorigin-widget-tinymce textwidget\">\n\t\r\n\t\r\n  \n<\/div>\n<\/div><\/div><\/div><\/div><\/div><div id=\"pg-13232-5\"  class=\"panel-grid panel-has-style\" ><div class=\"clip_path_top_left_down bottom_gear_top_white_lines siteorigin-panels-stretch panel-row-style panel-row-style-for-13232-5\" data-stretch-type=\"full-width-stretch\" ><div id=\"pgc-13232-5-0\"  class=\"panel-grid-cell\" ><div id=\"panel-13232-5-0-0\" class=\"so-panel widget widget_siteorigin-panels-builder panel-first-child panel-last-child\" data-index=\"9\" ><div class=\"product_tab_section panel-widget-style panel-widget-style-for-13232-5-0-0\" ><div id=\"pl-w66fea1ce2beda\"  class=\"panel-layout\" ><div id=\"pg-w66fea1ce2beda-0\"  class=\"panel-grid panel-has-style\" ><div class=\" col-md-9 m-auto col-12 panel-row-style panel-row-style-for-w66fea1ce2beda-0\" ><div id=\"pgc-w66fea1ce2beda-0-0\"  class=\"panel-grid-cell\" ><div id=\"panel-w66fea1ce2beda-0-0-0\" class=\"so-panel widget widget_sow-tabs panel-first-child panel-last-child\" data-index=\"0\" ><div\n\t\t\t\n\t\t\tclass=\"so-widget-sow-tabs so-widget-sow-tabs-default-aaee25de5bd8\"\n\t\t\t\n\t\t><div class=\"sow-tabs\">\n\t<div class=\"sow-tabs-tab-container\" role=\"tablist\">\n\t\t\t<div\n\t\t\tclass=\"sow-tabs-tab\n\t\t\t sow-tabs-tab-selected\t\t\t\"\n\t\t\trole=\"tab\"\n\t\t\tdata-anchor-id=\"caracteristicas\"\n\t\t\taria-selected=\"true\"\n\t\t\ttabindex=\"0\"\n\t\t>\n\t\t\t<div class=\"sow-tabs-title sow-tabs-title-icon-left\">\n\t\t\t\t\t\t\t\tCaracter\u00edsticas\t\t\t\t\t\t\t<\/div>\n\t\t<\/div>\n\t\t\t<div\n\t\t\tclass=\"sow-tabs-tab\n\t\t\t\t\t\t\"\n\t\t\trole=\"tab\"\n\t\t\tdata-anchor-id=\"aplicaciones\"\n\t\t\taria-selected=\"false\"\n\t\t\ttabindex=\"0\"\n\t\t>\n\t\t\t<div class=\"sow-tabs-title sow-tabs-title-icon-left\">\n\t\t\t\t\t\t\t\tAplicaciones\t\t\t\t\t\t\t<\/div>\n\t\t<\/div>\n\t\t\t<div\n\t\t\tclass=\"sow-tabs-tab\n\t\t\t\t\t\t\"\n\t\t\trole=\"tab\"\n\t\t\tdata-anchor-id=\"sds\"\n\t\t\taria-selected=\"false\"\n\t\t\ttabindex=\"0\"\n\t\t>\n\t\t\t<div class=\"sow-tabs-title sow-tabs-title-icon-left\">\n\t\t\t\t\t\t\t\tSDS\t\t\t\t\t\t\t<\/div>\n\t\t<\/div>\n\t\t\t<div\n\t\t\tclass=\"sow-tabs-tab\n\t\t\t\t\t\t\"\n\t\t\trole=\"tab\"\n\t\t\tdata-anchor-id=\"documentos-tecnicos\"\n\t\t\taria-selected=\"false\"\n\t\t\ttabindex=\"0\"\n\t\t>\n\t\t\t<div class=\"sow-tabs-title sow-tabs-title-icon-left\">\n\t\t\t\t\t\t\t\tDocumentos t\u00e9cnicos\t\t\t\t\t\t\t<\/div>\n\t\t<\/div>\n\t\t\t<div\n\t\t\tclass=\"sow-tabs-tab\n\t\t\t\t\t\t\"\n\t\t\trole=\"tab\"\n\t\t\tdata-anchor-id=\"conectar-con-agc\"\n\t\t\taria-selected=\"false\"\n\t\t\ttabindex=\"0\"\n\t\t>\n\t\t\t<div class=\"sow-tabs-title sow-tabs-title-icon-left\">\n\t\t\t\t\t\t\t\tConectar con AGC\t\t\t\t\t\t\t<\/div>\n\t\t<\/div>\n\t\t<\/div>\n\n\t<div class=\"sow-tabs-panel-container\">\n\t\t\t<div class=\"sow-tabs-panel\">\n\t\t\t<div\n\t\t\t\tclass=\"sow-tabs-panel-content\"\n\t\t\t\trole=\"tabpanel\"\n\t\t\t\taria-hidden=\"false\"\n\t\t\t>\n\t\t\t\t<ul>\n<li>Part\u00edculas: 1.6 - 200 \u03bcm<\/li>\n<li>Superficie espec\u00edfica: 30 - 900 m2\/g, tama\u00f1o de los poros (4 - 200 nm)<\/li>\n<li>Tama\u00f1o de los poros: 60-1500 \u00c5<\/li>\n<li>Part\u00edculas finas esf\u00e9ricas, totalmente porosas, libres de cavidades y grietas<\/li>\n<li>Paquetes en forma compacta<\/li>\n<li>Baja contrapresi\u00f3n y buen rendimiento de separaci\u00f3n<\/li>\n<\/ul>\n\t\t\t<\/div>\n\t\t<\/div>\n\t\t\t<div class=\"sow-tabs-panel\">\n\t\t\t<div\n\t\t\t\tclass=\"sow-tabs-panel-content\"\n\t\t\t\trole=\"tabpanel\"\n\t\t\t\taria-hidden=\"true\"\n\t\t\t>\n\t\t\t\t<ul>\n<li>Componente clave en embalajes de HPLC (Cromatograf\u00eda L\u00edquida de Alto Rendimiento)<\/li>\n<li>Cromatograf\u00eda Anal\u00edtica, Preparativa y de Proceso<\/li>\n<li>S\u00edlica MS GEL de tama\u00f1o de part\u00edcula estrecho para Cromatograf\u00eda de Exclusi\u00f3n de Tama\u00f1o (SEC) para minimizar la contrapresi\u00f3n y proporcionar alta resoluci\u00f3n<\/li>\n<li>Cromatograf\u00eda Flash<\/li>\n<li>Medios de separaci\u00f3n para prote\u00ednas, p\u00e9ptidos y APIs (Ingredientes Farmac\u00e9uticos Activos)<\/li>\n<li>Absorci\u00f3n y eliminaci\u00f3n de compuestos ionizados de los solventes org\u00e1nicos<\/li>\n<li>Medicamento intermedio<\/li>\n<\/ul>\n\t\t\t<\/div>\n\t\t<\/div>\n\t\t\t<div class=\"sow-tabs-panel\">\n\t\t\t<div\n\t\t\t\tclass=\"sow-tabs-panel-content\"\n\t\t\t\trole=\"tabpanel\"\n\t\t\t\taria-hidden=\"true\"\n\t\t\t>\n\t\t\t\t<p>Haga clic\u00a0<a href=\"https:\/\/stg-agcchemicals-staging2024.kinsta.cloud\/es\/contactenos\/pedido-de-sds\/\" rel=\"noopener\">aqu\u00ed<\/a>\u00a0para solicitar una hoja SDS de este producto.<\/p>\n\t\t\t<\/div>\n\t\t<\/div>\n\t\t\t<div class=\"sow-tabs-panel\">\n\t\t\t<div\n\t\t\t\tclass=\"sow-tabs-panel-content\"\n\t\t\t\trole=\"tabpanel\"\n\t\t\t\taria-hidden=\"true\"\n\t\t\t>\n\t\t\t\t<p><a href=\"https:\/\/agcdocsbackend.webapp.uixel.com\/PDFEngine\/RenderJobNewFromAPI.aspx?Id_Version=419&amp;Response=File\" rel=\"noopener\">RESIFA\u2122 SOLESPHERE\u2122 H-Series<\/a><\/p>\n<p><a href=\"https:\/\/agcdocsbackend.webapp.uixel.com\/PDFEngine\/RenderJobNewFromAPI.aspx?Id_Version=420&amp;Response=File\" rel=\"noopener\">RESIFA\u2122 SOLESPHERE\u2122 L-Series<\/a><\/p>\n<p><a href=\"https:\/\/agcdocsbackend.webapp.uixel.com\/PDFEngine\/RenderJobNewFromAPI.aspx?Id_Version=421&amp;Response=File\" rel=\"noopener\">RESIFA\u2122 SOLESPHERE\u2122 NP-Series<\/a><\/p>\n<p><a href=\"https:\/\/agcdocsbackend.webapp.uixel.com\/PDFEngine\/RenderJobNewFromAPI.aspx?Id_Version=567&amp;Response=File\" rel=\"noopener\">RESIFA\u2122 M.S.GEL\u2122 FC-Series Product Information<\/a><\/p>\n<p><a href=\"https:\/\/agcdocsbackend.webapp.uixel.com\/PDFEngine\/RenderJobNewFromAPI.aspx?Id_Version=596&amp;Response=File\" rel=\"noopener\">RESIFA\u2122 M.S.GEL\u2122 Silica Packing Material for SEC<\/a><\/p>\n\t\t\t<\/div>\n\t\t<\/div>\n\t\t\t<div class=\"sow-tabs-panel\">\n\t\t\t<div\n\t\t\t\tclass=\"sow-tabs-panel-content\"\n\t\t\t\trole=\"tabpanel\"\n\t\t\t\taria-hidden=\"true\"\n\t\t\t>\n\t\t\t\t<h2 class=\"widgettitle\">Conectar con AGC<\/h2>\n<div class=\"textwidget custom-html-widget\">\n<div>\n<p class=\"card-title\"><strong>Consultas de clientes y productos:<\/strong><\/p>\n<p class=\"card-text\">+55-11 99673-9340<\/p>\n<p class=\"card-title\"><strong>Todas las dem\u00e1s consultas:<\/strong><\/p>\n<p class=\"card-text\">+55-12 3127-7154<\/p>\n<\/div>\n<\/div>\n\t\t\t<\/div>\n\t\t<\/div>\n\t\t<\/div>\n<\/div>\n<\/div><\/div><\/div><\/div><\/div><\/div><\/div><\/div><\/div><\/div><\/div><div id=\"pg-13232-7\"  class=\"panel-grid panel-has-style\" ><div class=\"blue_overlay siteorigin-panels-stretch panel-row-style panel-row-style-for-13232-7\" data-stretch-type=\"full-width-stretch\" ><div id=\"pgc-13232-7-0\"  class=\"panel-grid-cell\" ><div id=\"panel-13232-7-0-0\" class=\"so-panel widget widget_siteorigin-panels-builder panel-first-child panel-last-child\" data-index=\"12\" ><div class=\"container panel-widget-style panel-widget-style-for-13232-7-0-0\" ><div id=\"pl-w66fea1ce2c311\"  class=\"panel-layout\" ><div id=\"pg-w66fea1ce2c311-0\"  class=\"panel-grid panel-has-style\" ><div class=\"col-12 col-md-6 m-auto position-relative panel-row-style panel-row-style-for-w66fea1ce2c311-0\" ><div id=\"pgc-w66fea1ce2c311-0-0\"  class=\"panel-grid-cell\" ><div id=\"panel-w66fea1ce2c311-0-0-0\" class=\"so-panel widget widget_sow-headline panel-first-child\" data-index=\"0\" ><div class=\"fw-bold panel-widget-style panel-widget-style-for-w66fea1ce2c311-0-0-0\" ><div\n\t\t\t\n\t\t\tclass=\"so-widget-sow-headline so-widget-sow-headline-default-87547e56f06d\"\n\t\t\t\n\t\t><div class=\"sow-headline-container \">\n\t\t\t\t\t\t\t<h2 class=\"sow-headline\">\n\t\t\t\t\t\tComun\u00edquese con nuestros expertos en fluoropol\u00edmeros para analizar sus necesidades espec\u00edficas.\t\t\t\t\t\t<\/h2>\n\t\t\t\t\t\t<\/div>\n<\/div><\/div><\/div><div id=\"panel-w66fea1ce2c311-0-0-1\" class=\"so-panel widget widget_sow-button panel-last-child\" data-index=\"1\" ><div\n\t\t\t\n\t\t\tclass=\"so-widget-sow-button so-widget-sow-button-flat-f949060a8f32\"\n\t\t\t\n\t\t><div class=\"ow-button-base ow-button-align-center\"\n>\n\t\t\t<a href=\"https:\/\/www.agcchem.com\/contact-us\/product-inquiry\/\" class=\"btn sowb-button ow-icon-placement-left ow-button-hover\">\n\t\t<span>\n\t\t\t\n\t\t\tConsulta de producto\t\t<\/span>\n\t\t\t<\/a>\n\t<\/div>\n<\/div><\/div><\/div><\/div><\/div><\/div><\/div><\/div><\/div><\/div><\/div><\/div>","protected":false},"excerpt":{"rendered":"<p>HomeBlog Productos de S\u00edlica Fina para Cromatograf\u00eda M.S.GEL\u2122 Estas part\u00edculas permiten una mayor capacidad de carga con una contrapresi\u00f3n de columna m\u00e1s baja y al mismo tiempo proporcionan una buena separaci\u00f3n. Dudas al respecto del producto Pedido de muestra Explore:&#8230;<\/p>\n","protected":false},"author":12,"featured_media":30130,"parent":27478,"menu_order":7,"comment_status":"closed","ping_status":"closed","template":"page-template\/product-template.php","meta":{"_acf_changed":false,"inline_featured_image":false,"footnotes":""},"class_list":["post-13232","page","type-page","status-publish","has-post-thumbnail","hentry"],"acf":[],"_links":{"self":[{"href":"https:\/\/www.agcchem.com\/es\/wp-json\/wp\/v2\/pages\/13232","targetHints":{"allow":["GET"]}}],"collection":[{"href":"https:\/\/www.agcchem.com\/es\/wp-json\/wp\/v2\/pages"}],"about":[{"href":"https:\/\/www.agcchem.com\/es\/wp-json\/wp\/v2\/types\/page"}],"author":[{"embeddable":true,"href":"https:\/\/www.agcchem.com\/es\/wp-json\/wp\/v2\/users\/12"}],"replies":[{"embeddable":true,"href":"https:\/\/www.agcchem.com\/es\/wp-json\/wp\/v2\/comments?post=13232"}],"version-history":[{"count":0,"href":"https:\/\/www.agcchem.com\/es\/wp-json\/wp\/v2\/pages\/13232\/revisions"}],"up":[{"embeddable":true,"href":"https:\/\/www.agcchem.com\/es\/wp-json\/wp\/v2\/pages\/27478"}],"wp:featuredmedia":[{"embeddable":true,"href":"https:\/\/www.agcchem.com\/es\/wp-json\/wp\/v2\/media\/30130"}],"wp:attachment":[{"href":"https:\/\/www.agcchem.com\/es\/wp-json\/wp\/v2\/media?parent=13232"}],"curies":[{"name":"wp","href":"https:\/\/api.w.org\/{rel}","templated":true}]}}