{"id":13256,"date":"2020-11-03T15:42:39","date_gmt":"2020-11-03T15:42:39","guid":{"rendered":"http:\/\/www.agcchem.com\/productos\/fine-silica-products-industrial\/"},"modified":"2024-10-03T14:28:40","modified_gmt":"2024-10-03T14:28:40","slug":"fine-silica-products-industrial","status":"publish","type":"page","link":"https:\/\/www.agcchem.com\/es\/productos\/fine-silica-microspheres\/fine-silica-products-industrial\/","title":{"rendered":"Part\u00edculas de S\u00edlica Fina para Aplicaciones Industriales y Aglutinantes\/Rellenos"},"content":{"rendered":"<div id=\"pl-13256\"  class=\"panel-layout\" ><div id=\"pg-13256-0\"  class=\"panel-grid panel-has-style\" ><div class=\"home-slider global_hero_section siteorigin-panels-stretch animate-69e615979f47a344443644 panels-animation-hide panel-row-style panel-row-style-for-13256-0\" data-stretch-type=\"full-width-stretch\" data-so-animation=\"{&quot;selector&quot;:&quot;.animate-69e615979f47a344443644&quot;,&quot;animation&quot;:&quot;fadeIn&quot;,&quot;breakpoint&quot;:&quot;780px&quot;,&quot;duration&quot;:1,&quot;repeat&quot;:0,&quot;hide&quot;:1,&quot;disableAnimationMobile&quot;:0,&quot;finalState&quot;:&quot;visible&quot;,&quot;delay&quot;:0,&quot;debounce&quot;:0.1,&quot;event&quot;:&quot;enter&quot;,&quot;offset&quot;:0}\" ><div id=\"pgc-13256-0-0\"  class=\"panel-grid-cell\" ><div id=\"panel-13256-0-0-0\" class=\"so-panel widget widget_sow-image panel-first-child\" data-index=\"0\" ><div class=\"hero_big_image panel-widget-style panel-widget-style-for-13256-0-0-0\" ><div\n\t\t\t\n\t\t\tclass=\"so-widget-sow-image so-widget-sow-image-default-e4c2d9f6c920-13256\"\n\t\t\t\n\t\t>\n<div class=\"sow-image-container\">\n\t\t<img \n\tsrc=\"https:\/\/www.agcchem.com\/wp-content\/uploads\/2024\/04\/resifa-fine-silica-hero.png\" width=\"1400\" height=\"600\" srcset=\"https:\/\/www.agcchem.com\/wp-content\/uploads\/2024\/04\/resifa-fine-silica-hero.png 1400w, https:\/\/www.agcchem.com\/wp-content\/uploads\/2024\/04\/resifa-fine-silica-hero-300x129.png 300w, https:\/\/www.agcchem.com\/wp-content\/uploads\/2024\/04\/resifa-fine-silica-hero-1024x439.png 1024w, https:\/\/www.agcchem.com\/wp-content\/uploads\/2024\/04\/resifa-fine-silica-hero-768x329.png 768w\" sizes=\"(max-width: 1400px) 100vw, 1400px\" alt=\"\" \t\tclass=\"so-widget-image\"\/>\n\t<\/div>\n\n<\/div><\/div><\/div><div id=\"panel-13256-0-0-1\" class=\"so-panel widget widget_siteorigin-panels-builder panel-last-child\" data-index=\"1\" ><div class=\"home-slide-content white_text add_breadcrumb panel-widget-style panel-widget-style-for-13256-0-0-1\" ><div id=\"pl-w66fea9643dbf2\"  class=\"panel-layout\" ><div id=\"pg-w66fea9643dbf2-0\"  class=\"panel-grid panel-no-style\" ><div id=\"pgc-w66fea9643dbf2-0-0\"  class=\"panel-grid-cell\" ><div id=\"panel-w66fea9643dbf2-0-0-0\" class=\"widget_text so-panel widget widget_custom_html panel-first-child\" data-index=\"0\" ><div class=\"textwidget custom-html-widget\"><div class=\"home-bg\"><\/div><\/div><\/div><div id=\"panel-w66fea9643dbf2-0-0-1\" class=\"so-panel widget widget_siteorigin-panels-builder panel-last-child\" data-index=\"1\" ><div class=\"container panel-widget-style panel-widget-style-for-w66fea9643dbf2-0-0-1\" ><div id=\"pl-w66e55b327257e\"  class=\"panel-layout\" ><div id=\"pg-w66e55b327257e-0\"  class=\"panel-grid panel-no-style\" ><div id=\"pgc-w66e55b327257e-0-0\"  class=\"panel-grid-cell\" ><div id=\"panel-w66e55b327257e-0-0-0\" class=\"so-panel widget widget_sow-editor panel-first-child panel-last-child\" data-index=\"0\" ><div\n\t\t\t\n\t\t\tclass=\"so-widget-sow-editor so-widget-sow-editor-base\"\n\t\t\t\n\t\t>\n<div class=\"siteorigin-widget-tinymce textwidget\">\n\t<div class=\"\">\r\n  <nav aria-label=\"breadcrumb\" class=\"breadcrumb\">\r\n     <ol class=\"breadcrumb-item\">\r\n\t    <span property=\"itemListElement\" typeof=\"ListItem\"><a property=\"item\" typeof=\"WebPage\" title=\"Go to AGC Chemicals.\" href=\"https:\/\/www.agcchem.com\/es\/\" class=\"home\"><span property=\"name\"><i class=\"fa fa-map-marker\"><\/i> Home<\/span><\/a><meta property=\"position\" content=\"1\"><\/span><i class=\"fa fa-angle-double-right\"><\/i><span property=\"itemListElement\" typeof=\"ListItem\"><a property=\"item\" typeof=\"WebPage\" title=\"Go to Blog.\" href=\"https:\/\/www.agcchem.com\/blog\/\" class=\"post-root post post-post\"><span property=\"name\">Blog<\/span><\/a><meta property=\"position\" content=\"2\"><\/span>     <\/ol>\r\n  <\/nav>\r\n<\/div>\n<\/div>\n<\/div><\/div><\/div><\/div><div id=\"pg-w66e55b327257e-1\"  class=\"panel-grid panel-has-style\" ><div class=\"home-slid-inner panel-row-style panel-row-style-for-w66e55b327257e-1\" ><div id=\"pgc-w66e55b327257e-1-0\"  class=\"panel-grid-cell\" ><div id=\"panel-w66e55b327257e-1-0-0\" class=\"so-panel widget widget_sow-headline panel-first-child\" data-index=\"1\" ><div\n\t\t\t\n\t\t\tclass=\"so-widget-sow-headline so-widget-sow-headline-default-704e7542437d\"\n\t\t\t\n\t\t><div class=\"sow-headline-container \">\n\t\t\t\t\t\t\t<h1 class=\"sow-headline\">\n\t\t\t\t\t\tPart\u00edculas de S\u00edlica Fina para Aplicaciones Industriales y Aglutinantes\/Rellenos\t\t\t\t\t\t<\/h1>\n\t\t\t\t\t\t\t\t\t\t\t\t<h3 class=\"sow-sub-headline\">\n\t\t\t\t\t\tRellenos para resinas polim\u00e9ricas, recubrimientos inorg\u00e1nicos y pinturas resistentes al calor y a los productos qu\u00edmicos.\t\t\t\t\t\t<\/h3>\n\t\t\t\t\t\t<\/div>\n<\/div><\/div><div id=\"panel-w66e55b327257e-1-0-1\" class=\"so-panel widget widget_sow-image\" data-index=\"2\" ><div class=\"gear_bg_twentyseven panel-widget-style panel-widget-style-for-w66e55b327257e-1-0-1\" ><div\n\t\t\t\n\t\t\tclass=\"so-widget-sow-image so-widget-sow-image-default-8b5b6f678277\"\n\t\t\t\n\t\t>\n<div class=\"sow-image-container\">\n\t\t<img \n\tsrc=\"https:\/\/www.agcchem.com\/wp-content\/uploads\/2024\/03\/gear_bg_27.svg\" width=\"279\" height=\"279\" sizes=\"(max-width: 279px) 100vw, 279px\" alt=\"\" \t\tclass=\"so-widget-image\"\/>\n\t<\/div>\n\n<\/div><\/div><\/div><div id=\"panel-w66e55b327257e-1-0-2\" class=\"so-panel widget widget_sow-image\" data-index=\"3\" ><div class=\"gear_bg_thirtyseven panel-widget-style panel-widget-style-for-w66e55b327257e-1-0-2\" ><div\n\t\t\t\n\t\t\tclass=\"so-widget-sow-image so-widget-sow-image-default-8b5b6f678277\"\n\t\t\t\n\t\t>\n<div class=\"sow-image-container\">\n\t\t<img \n\tsrc=\"https:\/\/www.agcchem.com\/wp-content\/uploads\/2024\/03\/gear_bg_37.svg\" width=\"228\" height=\"228\" sizes=\"(max-width: 228px) 100vw, 228px\" alt=\"\" \t\tclass=\"so-widget-image\"\/>\n\t<\/div>\n\n<\/div><\/div><\/div><div id=\"panel-w66e55b327257e-1-0-3\" class=\"widget_text so-panel widget widget_custom_html panel-last-child\" data-index=\"4\" ><div class=\"textwidget custom-html-widget\">\r\n  <div class=\"select_brand_dropdown\">\r\n    \r\n    \r\n    <div class=\"new_products_cta_buttons btns\">\r\n\r\n      \r\n\r\n      \r\n        <a href=\"\/es\/contactenos\/dudas-al-respecto-del-producto\/?product=agc_finesilica\" class=\"btn btn-primary\">\r\n          <span>Dudas al respecto del producto<\/span>\r\n        <\/a>\r\n\r\n        <a href=\"\/es\/contactenos\/pedido-de-muestra\/?product=agc_finesilica\" class=\"btn btn-secondary\">\r\n          <span>Pedido de muestra<\/span>\r\n        <\/a>\r\n\r\n      \r\n\r\n            \r\n    <\/div>\r\n\r\n  <\/div>\r\n\r\n<\/div><\/div><\/div><\/div><\/div><\/div><\/div><\/div><\/div><\/div><\/div><\/div><\/div><\/div><\/div><\/div><div id=\"pg-13256-1\"  class=\"panel-grid panel-has-style\" ><div class=\"inner_page_sub_navigation siteorigin-panels-stretch panel-row-style panel-row-style-for-13256-1\" data-stretch-type=\"full-width-stretch\" ><div id=\"pgc-13256-1-0\"  class=\"panel-grid-cell\" ><div id=\"panel-13256-1-0-0\" class=\"so-panel widget widget_siteorigin-panels-builder panel-first-child panel-last-child\" data-index=\"2\" ><div class=\"container  panel-widget-style panel-widget-style-for-13256-1-0-0\" ><div id=\"pl-w66fea9643de2d\"  class=\"panel-layout\" ><div id=\"pg-w66fea9643de2d-0\"  class=\"panel-grid panel-no-style\" ><div id=\"pgc-w66fea9643de2d-0-0\"  class=\"panel-grid-cell\" ><div id=\"panel-w66fea9643de2d-0-0-0\" class=\"widget_text so-panel widget widget_custom_html panel-first-child panel-last-child\" data-index=\"0\" ><div class=\"textwidget custom-html-widget\"><ul>\r\n\t<li>Explore:<\/li>\r\n\t<li><a href=\"#overview\">Descripci\u00f3n general<\/a><\/li>\t\r\n\t<li><a href=\"#features\">Caracter\u00edsticas<\/a><\/li>\t\r\n\t<li><a href=\"#aplicaciones\">Aplicaciones<\/a><\/li>\r\n\t<li><a href=\"#sds\">SDS<\/a><\/li>\r\n\t<li><a href=\"#documentos-t%c3%a9cnicos\">Documentos t\u00e9cnicos<\/a><\/li>\r\n<\/ul><\/div><\/div><\/div><\/div><\/div><\/div><\/div><\/div><\/div><\/div><div id=\"pg-13256-2\"  class=\"panel-grid panel-has-style\" ><div class=\"two_column_with_blue_lines siteorigin-panels-stretch panel-row-style panel-row-style-for-13256-2\" id=\"overview\" data-stretch-type=\"full-width-stretch\" ><div id=\"pgc-13256-2-0\"  class=\"panel-grid-cell\" ><div id=\"panel-13256-2-0-0\" class=\"so-panel widget widget_siteorigin-panels-builder panel-first-child panel-last-child\" data-index=\"3\" ><div class=\"container  panel-widget-style panel-widget-style-for-13256-2-0-0\" ><div id=\"pl-w66fea9643df4b\"  class=\"panel-layout\" ><div id=\"pg-w66fea9643df4b-0\"  class=\"panel-grid panel-has-style\" ><div class=\"col-12 col-md-10 m-auto panel-row-style panel-row-style-for-w66fea9643df4b-0\" ><div id=\"pgc-w66fea9643df4b-0-0\"  class=\"panel-grid-cell\" ><div id=\"panel-w66fea9643df4b-0-0-0\" class=\"so-panel widget widget_sow-image panel-first-child\" data-index=\"0\" ><div\n\t\t\t\n\t\t\tclass=\"so-widget-sow-image so-widget-sow-image-default-8b5b6f678277\"\n\t\t\t\n\t\t>\n<div class=\"sow-image-container\">\n\t\t<img \n\tsrc=\"https:\/\/www.agcchem.com\/wp-content\/uploads\/2024\/04\/resifa-solesphere-clear.png\" width=\"2048\" height=\"380\" srcset=\"https:\/\/www.agcchem.com\/wp-content\/uploads\/2024\/04\/resifa-solesphere-clear.png 2048w, https:\/\/www.agcchem.com\/wp-content\/uploads\/2024\/04\/resifa-solesphere-clear-300x56.png 300w, https:\/\/www.agcchem.com\/wp-content\/uploads\/2024\/04\/resifa-solesphere-clear-1024x190.png 1024w, https:\/\/www.agcchem.com\/wp-content\/uploads\/2024\/04\/resifa-solesphere-clear-768x143.png 768w, https:\/\/www.agcchem.com\/wp-content\/uploads\/2024\/04\/resifa-solesphere-clear-1536x285.png 1536w\" sizes=\"(max-width: 2048px) 100vw, 2048px\" alt=\"\" \t\tclass=\"so-widget-image\"\/>\n\t<\/div>\n\n<\/div><\/div><div id=\"panel-w66fea9643df4b-0-0-1\" class=\"so-panel widget widget_sow-image\" data-index=\"1\" ><div\n\t\t\t\n\t\t\tclass=\"so-widget-sow-image so-widget-sow-image-default-8b5b6f678277\"\n\t\t\t\n\t\t>\n<div class=\"sow-image-container\">\n\t\t<img \n\tsrc=\"https:\/\/www.agcchem.com\/wp-content\/uploads\/2024\/04\/resifa-sunlovely-clear.png\" width=\"2048\" height=\"387\" srcset=\"https:\/\/www.agcchem.com\/wp-content\/uploads\/2024\/04\/resifa-sunlovely-clear.png 2048w, https:\/\/www.agcchem.com\/wp-content\/uploads\/2024\/04\/resifa-sunlovely-clear-300x57.png 300w, https:\/\/www.agcchem.com\/wp-content\/uploads\/2024\/04\/resifa-sunlovely-clear-1024x194.png 1024w, https:\/\/www.agcchem.com\/wp-content\/uploads\/2024\/04\/resifa-sunlovely-clear-768x145.png 768w, https:\/\/www.agcchem.com\/wp-content\/uploads\/2024\/04\/resifa-sunlovely-clear-1536x290.png 1536w\" sizes=\"(max-width: 2048px) 100vw, 2048px\" alt=\"\" \t\tclass=\"so-widget-image\"\/>\n\t<\/div>\n\n<\/div><\/div><div id=\"panel-w66fea9643df4b-0-0-2\" class=\"so-panel widget widget_sow-headline panel-last-child\" data-index=\"2\" ><div\n\t\t\t\n\t\t\tclass=\"so-widget-sow-headline so-widget-sow-headline-default-027743c869d3\"\n\t\t\t\n\t\t><div class=\"sow-headline-container \">\n\t\t\t\t\t\t\t<h4 class=\"sow-headline\">\n\t\t\t\t\t\tPart\u00edculas microesf\u00e9ricas de s\u00edlice y part\u00edculas finas funcionales\t\t\t\t\t\t<\/h4>\n\t\t\t\t\t\t\t\t\t\t\t<div class=\"decoration\">\n\t\t\t\t\t\t<div class=\"decoration-inside\"><\/div>\n\t\t\t\t\t<\/div>\n\t\t\t\t\t<\/div>\n<\/div><\/div><\/div><div id=\"pgc-w66fea9643df4b-0-1\"  class=\"panel-grid-cell\" ><div id=\"panel-w66fea9643df4b-0-1-0\" class=\"so-panel widget widget_sow-editor panel-first-child panel-last-child\" data-index=\"3\" ><div class=\"text-black panel-widget-style panel-widget-style-for-w66fea9643df4b-0-1-0\" ><div\n\t\t\t\n\t\t\tclass=\"so-widget-sow-editor so-widget-sow-editor-base\"\n\t\t\t\n\t\t>\n<div class=\"siteorigin-widget-tinymce textwidget\">\n\t<p><strong>SOLESPHERE\u2122<\/strong><\/p>\n<p>Los productos de s\u00edlica fina SOLESPHERE\u2122 son esf\u00e9ricos y de gran pureza. La estructura de los poros, la forma esf\u00e9rica y la distribuci\u00f3n de las part\u00edculas de SOLESPHERE est\u00e1n definidas con precisi\u00f3n. Est\u00e1n disponibles en tama\u00f1os de part\u00edcula de 3\u00b5m a 20\u00b5m y tienen \u00e1reas superficiales que oscilan entre 40-800 m2\/g. La s\u00edlica SOLESPHERE es muy esf\u00e9rica, tiene una estructura de poros muy uniforme, como se muestra a continuaci\u00f3n, y una distribuci\u00f3n de tama\u00f1o de part\u00edcula estrecha.<\/p>\n<\/div>\n<\/div><\/div><\/div><\/div><\/div><\/div><\/div><\/div><\/div><\/div><\/div><\/div><div id=\"pg-13256-3\"  class=\"panel-grid panel-has-style\" ><div id=\"features\" class=\"panel-row-style panel-row-style-for-13256-3\" ><div id=\"pgc-13256-3-0\"  class=\"panel-grid-cell\" ><div id=\"panel-13256-3-0-0\" class=\"so-panel widget widget_sow-editor panel-first-child panel-last-child\" data-index=\"4\" ><div class=\"text-black panel-widget-style panel-widget-style-for-13256-3-0-0\" ><div\n\t\t\t\n\t\t\tclass=\"so-widget-sow-editor so-widget-sow-editor-base\"\n\t\t\t\n\t\t>\n<div class=\"siteorigin-widget-tinymce textwidget\">\n\t<p><strong>SUNLOVELY\u2122<\/strong><\/p>\n<p>SUNLOVELY\u2122 consiste en part\u00edculas finas funcionales que son part\u00edculas secundarias microsc\u00f3picas formadas por di\u00f3xido de silicio (SiO<sub>2<\/sub>) ultrafino de tama\u00f1o de part\u00edculas finas nanom\u00e9tricas, superpuestas en part\u00edculas paralelas o terciarias formadas por la cohesi\u00f3n de tres v\u00edas de las part\u00edculas secundarias. Las aplicaciones para SUNLOVELY var\u00edan de un relleno para resinas polim\u00e9ricas y revestimientos inorg\u00e1nicos a materiales de pintura resistentes al calor y a los productos qu\u00edmicos.<\/p>\n<\/div>\n<\/div><\/div><\/div><\/div><div id=\"pgc-13256-3-1\"  class=\"panel-grid-cell\" ><div id=\"panel-13256-3-1-0\" class=\"so-panel widget widget_sow-image panel-first-child\" data-index=\"5\" ><div class=\"has-line-skyblue-left-middle panel-widget-style panel-widget-style-for-13256-3-1-0\" ><div\n\t\t\t\n\t\t\tclass=\"so-widget-sow-image so-widget-sow-image-default-334eeca80698-13256\"\n\t\t\t\n\t\t>\n<div class=\"sow-image-container\">\n\t\t<img \n\tsrc=\"https:\/\/www.agcchem.com\/wp-content\/uploads\/2024\/10\/Fine-Silica-Gel1.png\" width=\"613\" height=\"353\" srcset=\"https:\/\/www.agcchem.com\/wp-content\/uploads\/2024\/10\/Fine-Silica-Gel1.png 613w, https:\/\/www.agcchem.com\/wp-content\/uploads\/2024\/10\/Fine-Silica-Gel1-300x173.png 300w\" sizes=\"(max-width: 613px) 100vw, 613px\" alt=\"\" \t\tclass=\"so-widget-image\"\/>\n\t<\/div>\n\n<\/div><\/div><\/div><div id=\"panel-13256-3-1-1\" class=\"so-panel widget widget_sow-image panel-last-child\" data-index=\"6\" ><div class=\"image_white_border panel-widget-style panel-widget-style-for-13256-3-1-1\" ><div\n\t\t\t\n\t\t\tclass=\"so-widget-sow-image so-widget-sow-image-default-b4513c7b55bb-13256\"\n\t\t\t\n\t\t>\n<div class=\"sow-image-container\">\n\t\t<img \n\tsrc=\"https:\/\/www.agcchem.com\/wp-content\/uploads\/2024\/10\/Small-inset-industrial.png\" width=\"202\" height=\"146\" sizes=\"(max-width: 202px) 100vw, 202px\" alt=\"\" \t\tclass=\"so-widget-image\"\/>\n\t<\/div>\n\n<\/div><\/div><\/div><\/div><\/div><\/div><div id=\"pg-13256-4\"  class=\"panel-grid panel-has-style\" ><div class=\"markets_section panel-row-style panel-row-style-for-13256-4\" ><div id=\"pgc-13256-4-0\"  class=\"panel-grid-cell\" ><div id=\"panel-13256-4-0-0\" class=\"so-panel widget widget_sow-editor panel-first-child panel-last-child\" data-index=\"7\" ><div\n\t\t\t\n\t\t\tclass=\"so-widget-sow-editor so-widget-sow-editor-base\"\n\t\t\t\n\t\t>\n<div class=\"siteorigin-widget-tinymce textwidget\">\n\t\r\n\t\r\n\t\t<section id=\"\" class=\"markets_section\">\r\n\t\t\t<div id=\"markets-block\" class=\"col-md-9 m-auto col-12\">\r\n\t\t\t\t<h2 class=\"text-center\">Markets<\/h2>\r\n\r\n\t\t\t\t<div class=\"row justify-content-center\">\r\n\t\t\t\t\t\r\n\t\t\t\t\t\r\n\t\t\t\t\t\t<div class=\"col-4 col \">\r\n\t\t\t\t\t\t\t\r\n\t\t\t\t\t\t\t<div class=\"markets text-center\">\r\n\t\t\t\t\t\t\t\t\r\n\t\t\t\t\t\t\t\t\r\n\t\t\t\t\t\t\t\t\t<a href=\"https:\/\/www.agcchem.com\/es\/industrial\/\">\r\n\t\t\t\t\t\t\t\t\t\t<img loading=\"lazy\" decoding=\"async\" width=\"154\" height=\"151\" src=\"https:\/\/www.agcchem.com\/wp-content\/uploads\/2024\/04\/industrial-market.png\" class=\"attachment-post-thumbnail size-post-thumbnail wp-post-image\" alt=\"Industrial market\" \/>\t\t\t\t\t\t\t\t\t<\/a>\r\n\r\n\t\t\t\t\t\t\t\t\r\n\t\t\t\t\t\t\t\t<h3 class=\"widget-title\">\r\n\t\t\t\t\t\t\t\t\t<a href=\"https:\/\/www.agcchem.com\/es\/industrial\/\">\r\n\t\t\t\t\t\t\t\t\t\tIndustrial\t\t\t\t\t\t\t\t\t<\/a>\r\n\t\t\t\t\t\t\t\t<\/h3>\r\n\r\n\t\t\t\t\t\t\t<\/div>\r\n\t\t\t\t\t\t\r\n\t\t\t\t\t\t<\/div>\r\n\r\n\t\t\t\t\t\r\n\t\t\t\t<\/div>\t\t\t\t\r\n\t\t\t<\/div>\r\n\r\n\t\t<\/section>\r\n\r\n\t\r\n  \n<\/div>\n<\/div><\/div><\/div><\/div><\/div><div id=\"pg-13256-5\"  class=\"panel-grid panel-has-style\" ><div class=\"clip_path_top_left_down bottom_gear_top_white_lines siteorigin-panels-stretch panel-row-style panel-row-style-for-13256-5\" data-stretch-type=\"full-width-stretch\" ><div id=\"pgc-13256-5-0\"  class=\"panel-grid-cell\" ><div id=\"panel-13256-5-0-0\" class=\"so-panel widget widget_siteorigin-panels-builder panel-first-child panel-last-child\" data-index=\"8\" ><div class=\"product_tab_section panel-widget-style panel-widget-style-for-13256-5-0-0\" ><div id=\"pl-w66fea9643ebc2\"  class=\"panel-layout\" ><div id=\"pg-w66fea9643ebc2-0\"  class=\"panel-grid panel-has-style\" ><div class=\" col-md-9 m-auto col-12 panel-row-style panel-row-style-for-w66fea9643ebc2-0\" ><div id=\"pgc-w66fea9643ebc2-0-0\"  class=\"panel-grid-cell\" ><div id=\"panel-w66fea9643ebc2-0-0-0\" class=\"so-panel widget widget_sow-tabs panel-first-child panel-last-child\" data-index=\"0\" ><div\n\t\t\t\n\t\t\tclass=\"so-widget-sow-tabs so-widget-sow-tabs-default-aaee25de5bd8\"\n\t\t\t\n\t\t><div class=\"sow-tabs\">\n\t<div class=\"sow-tabs-tab-container\" role=\"tablist\">\n\t\t\t<div\n\t\t\tclass=\"sow-tabs-tab\n\t\t\t sow-tabs-tab-selected\t\t\t\"\n\t\t\trole=\"tab\"\n\t\t\tdata-anchor-id=\"caracteristicas\"\n\t\t\taria-selected=\"true\"\n\t\t\ttabindex=\"0\"\n\t\t>\n\t\t\t<div class=\"sow-tabs-title sow-tabs-title-icon-left\">\n\t\t\t\t\t\t\t\tCaracter\u00edsticas\t\t\t\t\t\t\t<\/div>\n\t\t<\/div>\n\t\t\t<div\n\t\t\tclass=\"sow-tabs-tab\n\t\t\t\t\t\t\"\n\t\t\trole=\"tab\"\n\t\t\tdata-anchor-id=\"aplicaciones\"\n\t\t\taria-selected=\"false\"\n\t\t\ttabindex=\"0\"\n\t\t>\n\t\t\t<div class=\"sow-tabs-title sow-tabs-title-icon-left\">\n\t\t\t\t\t\t\t\tAplicaciones\t\t\t\t\t\t\t<\/div>\n\t\t<\/div>\n\t\t\t<div\n\t\t\tclass=\"sow-tabs-tab\n\t\t\t\t\t\t\"\n\t\t\trole=\"tab\"\n\t\t\tdata-anchor-id=\"sds\"\n\t\t\taria-selected=\"false\"\n\t\t\ttabindex=\"0\"\n\t\t>\n\t\t\t<div class=\"sow-tabs-title sow-tabs-title-icon-left\">\n\t\t\t\t\t\t\t\tSDS\t\t\t\t\t\t\t<\/div>\n\t\t<\/div>\n\t\t\t<div\n\t\t\tclass=\"sow-tabs-tab\n\t\t\t\t\t\t\"\n\t\t\trole=\"tab\"\n\t\t\tdata-anchor-id=\"documentos-tecnicos\"\n\t\t\taria-selected=\"false\"\n\t\t\ttabindex=\"0\"\n\t\t>\n\t\t\t<div class=\"sow-tabs-title sow-tabs-title-icon-left\">\n\t\t\t\t\t\t\t\tDocumentos t\u00e9cnicos\t\t\t\t\t\t\t<\/div>\n\t\t<\/div>\n\t\t\t<div\n\t\t\tclass=\"sow-tabs-tab\n\t\t\t\t\t\t\"\n\t\t\trole=\"tab\"\n\t\t\tdata-anchor-id=\"conectar-con-agc\"\n\t\t\taria-selected=\"false\"\n\t\t\ttabindex=\"0\"\n\t\t>\n\t\t\t<div class=\"sow-tabs-title sow-tabs-title-icon-left\">\n\t\t\t\t\t\t\t\tConectar con AGC\t\t\t\t\t\t\t<\/div>\n\t\t<\/div>\n\t\t<\/div>\n\n\t<div class=\"sow-tabs-panel-container\">\n\t\t\t<div class=\"sow-tabs-panel\">\n\t\t\t<div\n\t\t\t\tclass=\"sow-tabs-panel-content\"\n\t\t\t\trole=\"tabpanel\"\n\t\t\t\taria-hidden=\"false\"\n\t\t\t>\n\t\t\t\t<p><strong>SOLESPHERE\u2122<\/strong><\/p>\n<ul>\n<li>Tama\u00f1os de las part\u00edculas: 3 - 20 \u03bcm<\/li>\n<li>Di\u00e1metro de poro de hasta 11 \u03bcm<\/li>\n<li>Capacidad de absorci\u00f3n de humedad y aceite: 30 - 400 ml\/100 g<\/li>\n<li>Excelente resistencia al calor<\/li>\n<li>Amorfo, sin corrosi\u00f3n y seguro para el medio ambiente y el cuerpo humano<\/li>\n<\/ul>\n<p><strong>SUNLOVELY\u2122<\/strong><\/p>\n<ul>\n<li>Part\u00edculas de s\u00edlica escamosas ultrafinas con alta transparencia<\/li>\n<li>Part\u00edcula primaria es inferior que 0.1 \u03bcm<\/li>\n<li>Inodoro, inofensivo<\/li>\n<li>Alta estabilidad qu\u00edmica<\/li>\n<li>Dos formas: polvo y pasta dispersa en agua<\/li>\n<\/ul>\n\t\t\t<\/div>\n\t\t<\/div>\n\t\t\t<div class=\"sow-tabs-panel\">\n\t\t\t<div\n\t\t\t\tclass=\"sow-tabs-panel-content\"\n\t\t\t\trole=\"tabpanel\"\n\t\t\t\taria-hidden=\"true\"\n\t\t\t>\n\t\t\t\t<ul>\n<li>Agente deshumidificador<\/li>\n<li>Relleno para papel de impresi\u00f3n a chorro de pintura<\/li>\n<li>Resinas de impresora 3D<\/li>\n<li>Agente espesante para pinturas<\/li>\n<li>Pintura especializada para materiales electr\u00f3nicos<\/li>\n<li>Aditivo para pel\u00edcula para antibloqueio, mejora de la rigidez diel\u00e9ctrica y barrera de gas<\/li>\n<li>Aditivos para pl\u00e1sticos para aumentar la dureza y la estabilidad dimensional<\/li>\n<li>Acabado mate para revestimientos<\/li>\n<li>Aglutinante para cer\u00e1mica y material de revestimiento inorg\u00e1nico<\/li>\n<\/ul>\n\t\t\t<\/div>\n\t\t<\/div>\n\t\t\t<div class=\"sow-tabs-panel\">\n\t\t\t<div\n\t\t\t\tclass=\"sow-tabs-panel-content\"\n\t\t\t\trole=\"tabpanel\"\n\t\t\t\taria-hidden=\"true\"\n\t\t\t>\n\t\t\t\t<p>Haga clic\u00a0<a href=\"https:\/\/stg-agcchemicals-staging2024.kinsta.cloud\/es\/contactenos\/pedido-de-sds\/\" rel=\"noopener\">aqu\u00ed<\/a>\u00a0para solicitar una hoja SDS de este producto.<\/p>\n\t\t\t<\/div>\n\t\t<\/div>\n\t\t\t<div class=\"sow-tabs-panel\">\n\t\t\t<div\n\t\t\t\tclass=\"sow-tabs-panel-content\"\n\t\t\t\trole=\"tabpanel\"\n\t\t\t\taria-hidden=\"true\"\n\t\t\t>\n\t\t\t\t\n<!-- iframe plugin v.6.0 wordpress.org\/plugins\/iframe\/ -->\n<iframe loading=\"lazy\" src=\"https:\/\/stg-agcchemicals-staging2024.kinsta.cloud\/docs-api\/fine-silica-industrial-applications.htm\" width=\"100%\" height=\"500\" scrolling=\"yes\" class=\"iframe-class\" frameborder=\"0\"><\/iframe>\n\t\t\t<\/div>\n\t\t<\/div>\n\t\t\t<div class=\"sow-tabs-panel\">\n\t\t\t<div\n\t\t\t\tclass=\"sow-tabs-panel-content\"\n\t\t\t\trole=\"tabpanel\"\n\t\t\t\taria-hidden=\"true\"\n\t\t\t>\n\t\t\t\t<h2 class=\"widgettitle\">Conectar con AGC<\/h2>\n<div class=\"textwidget custom-html-widget\">\n<div>\n<p class=\"card-title\"><strong>Consultas de clientes y productos:<\/strong><\/p>\n<p class=\"card-text\">+55-11 99673-9340<\/p>\n<p class=\"card-title\"><strong>Todas las dem\u00e1s consultas:<\/strong><\/p>\n<p class=\"card-text\">+55-12 3127-7154<\/p>\n<\/div>\n<\/div>\n\t\t\t<\/div>\n\t\t<\/div>\n\t\t<\/div>\n<\/div>\n<\/div><\/div><\/div><\/div><\/div><\/div><\/div><\/div><\/div><\/div><\/div><div id=\"pg-13256-7\"  class=\"panel-grid panel-has-style\" ><div class=\"blue_overlay siteorigin-panels-stretch panel-row-style panel-row-style-for-13256-7\" data-stretch-type=\"full-width-stretch\" ><div id=\"pgc-13256-7-0\"  class=\"panel-grid-cell\" ><div id=\"panel-13256-7-0-0\" class=\"so-panel widget widget_siteorigin-panels-builder panel-first-child panel-last-child\" data-index=\"11\" ><div class=\"container panel-widget-style panel-widget-style-for-13256-7-0-0\" ><div id=\"pl-w66fea9643f92f\"  class=\"panel-layout\" ><div id=\"pg-w66fea9643f92f-0\"  class=\"panel-grid panel-has-style\" ><div class=\"col-12 col-md-6 m-auto position-relative panel-row-style panel-row-style-for-w66fea9643f92f-0\" ><div id=\"pgc-w66fea9643f92f-0-0\"  class=\"panel-grid-cell\" ><div id=\"panel-w66fea9643f92f-0-0-0\" class=\"so-panel widget widget_sow-headline panel-first-child\" data-index=\"0\" ><div class=\"fw-bold panel-widget-style panel-widget-style-for-w66fea9643f92f-0-0-0\" ><div\n\t\t\t\n\t\t\tclass=\"so-widget-sow-headline so-widget-sow-headline-default-87547e56f06d\"\n\t\t\t\n\t\t><div class=\"sow-headline-container \">\n\t\t\t\t\t\t\t<h2 class=\"sow-headline\">\n\t\t\t\t\t\tComun\u00edquese con nuestros expertos en fluoropol\u00edmeros para analizar sus necesidades espec\u00edficas.\t\t\t\t\t\t<\/h2>\n\t\t\t\t\t\t<\/div>\n<\/div><\/div><\/div><div id=\"panel-w66fea9643f92f-0-0-1\" class=\"so-panel widget widget_sow-button panel-last-child\" data-index=\"1\" ><div\n\t\t\t\n\t\t\tclass=\"so-widget-sow-button so-widget-sow-button-flat-f949060a8f32\"\n\t\t\t\n\t\t><div class=\"ow-button-base ow-button-align-center\"\n>\n\t\t\t<a href=\"https:\/\/www.agcchem.com\/contact-us\/product-inquiry\/\" class=\"btn sowb-button ow-icon-placement-left ow-button-hover\">\n\t\t<span>\n\t\t\t\n\t\t\tConsulta de producto\t\t<\/span>\n\t\t\t<\/a>\n\t<\/div>\n<\/div><\/div><\/div><\/div><\/div><\/div><\/div><\/div><\/div><\/div><\/div><\/div>","protected":false},"excerpt":{"rendered":"<p>HomeBlog Part\u00edculas de S\u00edlica Fina para Aplicaciones Industriales y Aglutinantes\/Rellenos Rellenos para resinas polim\u00e9ricas, recubrimientos inorg\u00e1nicos y pinturas resistentes al calor y a los productos qu\u00edmicos. Dudas al respecto del producto Pedido de muestra Explore: Descripci\u00f3n general Caracter\u00edsticas Aplicaciones SDS&#8230;<\/p>\n","protected":false},"author":12,"featured_media":30146,"parent":27478,"menu_order":7,"comment_status":"closed","ping_status":"closed","template":"page-template\/product-template.php","meta":{"_acf_changed":false,"inline_featured_image":false,"footnotes":""},"class_list":["post-13256","page","type-page","status-publish","has-post-thumbnail","hentry"],"acf":[],"_links":{"self":[{"href":"https:\/\/www.agcchem.com\/es\/wp-json\/wp\/v2\/pages\/13256","targetHints":{"allow":["GET"]}}],"collection":[{"href":"https:\/\/www.agcchem.com\/es\/wp-json\/wp\/v2\/pages"}],"about":[{"href":"https:\/\/www.agcchem.com\/es\/wp-json\/wp\/v2\/types\/page"}],"author":[{"embeddable":true,"href":"https:\/\/www.agcchem.com\/es\/wp-json\/wp\/v2\/users\/12"}],"replies":[{"embeddable":true,"href":"https:\/\/www.agcchem.com\/es\/wp-json\/wp\/v2\/comments?post=13256"}],"version-history":[{"count":0,"href":"https:\/\/www.agcchem.com\/es\/wp-json\/wp\/v2\/pages\/13256\/revisions"}],"up":[{"embeddable":true,"href":"https:\/\/www.agcchem.com\/es\/wp-json\/wp\/v2\/pages\/27478"}],"wp:featuredmedia":[{"embeddable":true,"href":"https:\/\/www.agcchem.com\/es\/wp-json\/wp\/v2\/media\/30146"}],"wp:attachment":[{"href":"https:\/\/www.agcchem.com\/es\/wp-json\/wp\/v2\/media?parent=13256"}],"curies":[{"name":"wp","href":"https:\/\/api.w.org\/{rel}","templated":true}]}}