{"id":15686,"date":"2021-09-29T04:41:40","date_gmt":"2021-09-29T04:41:40","guid":{"rendered":"https:\/\/www.agcchem.com\/productos\/intermediates-2021\/"},"modified":"2024-05-26T08:33:36","modified_gmt":"2024-05-26T08:33:36","slug":"intermediates-2021","status":"publish","type":"page","link":"https:\/\/www.agcchem.com\/es\/productos\/intermediates-2021\/","title":{"rendered":"Intermedios e Ingredientes Especiales para Productos Farmac\u00e9uticos y Compuestos Agroqu\u00edmicos"},"content":{"rendered":"<div id=\"pl-15686\"  class=\"panel-layout\" ><div id=\"pg-15686-0\"  class=\"panel-grid panel-has-style\" ><div class=\"siteorigin-panels-stretch panel-row-style panel-row-style-for-15686-0\" data-stretch-type=\"full-width-stretch\" ><div id=\"pgc-15686-0-0\"  class=\"panel-grid-cell\" ><div id=\"panel-15686-0-0-0\" class=\"so-panel widget widget_sow-headline panel-first-child\" data-index=\"0\" ><div class=\"container panel-widget-style panel-widget-style-for-15686-0-0-0\" ><div\n\t\t\t\n\t\t\tclass=\"so-widget-sow-headline so-widget-sow-headline-default-3ac3da29e399-15686\"\n\t\t\t\n\t\t><div class=\"sow-headline-container \">\n\t\t\t\t\t\t\t<h2 class=\"sow-headline\">\n\t\t\t\t\t\tIntermedios e Ingredientes Especiales para Productos Farmac\u00e9uticos y Compuestos Agroqu\u00edmicos\t\t\t\t\t\t<\/h2>\n\t\t\t\t\t\t<\/div>\n<\/div><\/div><\/div><div id=\"panel-15686-0-0-1\" class=\"so-panel widget widget_lsow-tabs panel-last-child\" data-index=\"1\" ><div class=\"product_vertical_tabs panel-widget-style panel-widget-style-for-15686-0-0-1\" ><div\n\t\t\t\n\t\t\tclass=\"so-widget-lsow-tabs so-widget-lsow-tabs-default-fcec266d340a-15686\"\n\t\t\t\n\t\t><div class=\"lsow-tabs lsow-vertical style8\" data-mobile-width=\"767\"><a href=\"#\" class=\"lsow-tab-mobile-menu\"><i class=\"lsow-icon-menu\"><\/i>&nbsp;<\/a><div class=\"lsow-tab-nav\"><div class=\"lsow-tab\"><a class=\"lsow-tab-label\" href=\"#\"><span class=\"lsow-tab-title\">Descripci\u00f3n del Producto<\/span><\/a><\/div><div class=\"lsow-tab\"><a class=\"lsow-tab-label\" href=\"#\"><span class=\"lsow-tab-title\">FEATURES<\/span><\/a><\/div><div class=\"lsow-tab\"><a class=\"lsow-tab-label\" href=\"#\"><span class=\"lsow-tab-title\">Technologies<\/span><\/a><\/div><div class=\"lsow-tab\"><a class=\"lsow-tab-label\" href=\"#\"><span class=\"lsow-tab-title\">Manufacturing Plants<\/span><\/a><\/div><div class=\"lsow-tab\"><a class=\"lsow-tab-label\" href=\"#\"><span class=\"lsow-tab-title\">SDS<\/span><\/a><\/div><div class=\"lsow-tab\"><a class=\"lsow-tab-label\" href=\"#\"><span class=\"lsow-tab-title\">RELATED INFORMATION<\/span><\/a><\/div><\/div><!-- .lsow-tab-nav --><div class=\"lsow-tab-panes\"><div id=\"\" class=\"lsow-tab-pane\"><p>\r\n  <div class=\"select_brand_dropdown\">\r\n    \r\n    \r\n    <div class=\"new_products_cta_buttons btns\">\r\n\r\n      \r\n\r\n      \r\n        <a href=\"\/es\/contactenos\/dudas-al-respecto-del-producto\/?product=arm_intermediatesforagrochemicalsandpharmaceu\" class=\"btn btn-third\">\r\n          <span>Dudas al respecto del producto<\/span>\r\n        <\/a>\r\n\r\n        <a href=\"\/es\/contactenos\/pedido-de-muestra\/?product=arm_intermediatesforagrochemicalsandpharmaceu\" class=\"btn btn-third\">\r\n          <span>Pedido de muestra<\/span>\r\n        <\/a>\r\n\r\n      \r\n\r\n            \r\n    <\/div>\r\n\r\n  <\/div>\r\n\r\n<\/p>\n<div id=\"pg-1493-1\" class=\"panel-grid panel-no-style\">\n<div id=\"pgc-1493-1-0\" class=\"panel-grid-cell\">\n<div id=\"panel-1493-1-0-0\" class=\"so-panel widget widget_text panel-first-child panel-last-child\" data-index=\"2\">\n<div class=\"textwidget\">\n<p>We provide fluorine-containing building blocks used as active ingredients and advanced intermediates in pharmaceutical and agrochemical manufacturing. Producing fluorinated molecules for such large-scale production is a highly specialized field. AGC has skilled, experienced teams around the world to drive research, development and production of these specialty chemicals.<\/p>\n<p><strong>Supply Chain Partnering<\/strong><\/p>\n<p>With cGMP plants in Chiba Japan, and Barcelona, Spain, we are a proven reliable, global supply chain partner. We can provide multi-step synthesis of key intermediates, raw materials and APIs at yearly quantities from 100 kilograms to 100 metric tons.<\/p>\n<p>Our Fukui, Japan plant (AGC Wakasa Chemical Co.) is dedicated manufacturing site for specialty and agrochem businesses.\u00a0 We supply fungicides and insecticides (including ingredients and intermediates) from 10 metric tons to several thousand metric tons per year.<\/p>\n<p><strong>Contract Manufacturing<\/strong><\/p>\n<p>We offer small molecule \u00a0active ingredient and intermediate contract manufacturing services. With comprehensive technical expertise and current good manufacturing practice (cGMP) facilities around the world, we are uniquely positioned to provide custom synthesis for clinical trials, process R&amp;D and commercial scaleup of these fine chemicals for pharmaceutical and agrochemical products. Our contract manufacturing services help our clients accelerate their product development and reduce costs through efficient and proven processes.<\/p>\n<p><strong>Facilities<\/strong><\/p>\n<p>We have a global presence with strategically located cGMP manufacturing plants in Japan and Europe, as well as sales offices in the U.S., Netherlands and Japan. Click\u00a0<a href=\"https:\/\/mk0agcchemicalskfb6q.kinstacdn.com\/wp-content\/uploads\/2021\/03\/Picture1.png\" rel=\"noopener\"><u>here<\/u><\/a>\u00a0to see facilities map.<\/p>\n<\/div>\n<\/div>\n<\/div>\n<\/div>\n<p>\r\n\t\r\n<\/p>\n<\/div><div id=\"\" class=\"lsow-tab-pane\"><p>\r\n  <div class=\"select_brand_dropdown\">\r\n    \r\n    \r\n    <div class=\"new_products_cta_buttons btns\">\r\n\r\n      \r\n\r\n      \r\n        <a href=\"\/es\/contactenos\/dudas-al-respecto-del-producto\/?product=arm_intermediatesforagrochemicalsandpharmaceu\" class=\"btn btn-third\">\r\n          <span>Dudas al respecto del producto<\/span>\r\n        <\/a>\r\n\r\n        <a href=\"\/es\/contactenos\/pedido-de-muestra\/?product=arm_intermediatesforagrochemicalsandpharmaceu\" class=\"btn btn-third\">\r\n          <span>Pedido de muestra<\/span>\r\n        <\/a>\r\n\r\n      \r\n\r\n            \r\n    <\/div>\r\n\r\n  <\/div>\r\n\r\n<\/p>\n<ul>\n<li>Variety of fluorinated building blocks and fluorination technologies<\/li>\n<li>Handling of F2 gas and fluorinated compounds<\/li>\n<li>cGMP facility and API manufacturing<\/li>\n<li>Ultra-Low temperature to -100 \u00b0C<\/li>\n<li>High-quality C3 compounds<\/li>\n<li>Metallocene co-catalysts<\/li>\n<\/ul>\n<\/div><div id=\"\" class=\"lsow-tab-pane\"><p>\r\n  <div class=\"select_brand_dropdown\">\r\n    \r\n    \r\n    <div class=\"new_products_cta_buttons btns\">\r\n\r\n      \r\n\r\n      \r\n        <a href=\"\/es\/contactenos\/dudas-al-respecto-del-producto\/?product=arm_intermediatesforagrochemicalsandpharmaceu\" class=\"btn btn-third\">\r\n          <span>Dudas al respecto del producto<\/span>\r\n        <\/a>\r\n\r\n        <a href=\"\/es\/contactenos\/pedido-de-muestra\/?product=arm_intermediatesforagrochemicalsandpharmaceu\" class=\"btn btn-third\">\r\n          <span>Pedido de muestra<\/span>\r\n        <\/a>\r\n\r\n      \r\n\r\n            \r\n    <\/div>\r\n\r\n  <\/div>\r\n\r\n<\/p>\n<p><strong>Our core technologies include direct or indirect fluorination, specializing in hazardous chemistry including:<\/strong><\/p>\n<ul>\n<li>Using fluorine gas and hydrogen fluoride directly<\/li>\n<li>Handling highly corrosive substances like chlorine and bromine<\/li>\n<li>Carrying out ultra-low temperature reactions (to -100\u00b0 C)<\/li>\n<li>Managing sulfur chemistry (odor control, etc.)<\/li>\n<li>Advanced pharmaceutical and agrochemical intermediates<\/li>\n<li>Mono- and di-fluorinated heterocyclics<\/li>\n<\/ul>\n<\/div><div id=\"\" class=\"lsow-tab-pane\"><p>\r\n  <div class=\"select_brand_dropdown\">\r\n    \r\n    \r\n    <div class=\"new_products_cta_buttons btns\">\r\n\r\n      \r\n\r\n      \r\n        <a href=\"\/es\/contactenos\/dudas-al-respecto-del-producto\/?product=arm_intermediatesforagrochemicalsandpharmaceu\" class=\"btn btn-third\">\r\n          <span>Dudas al respecto del producto<\/span>\r\n        <\/a>\r\n\r\n        <a href=\"\/es\/contactenos\/pedido-de-muestra\/?product=arm_intermediatesforagrochemicalsandpharmaceu\" class=\"btn btn-third\">\r\n          <span>Pedido de muestra<\/span>\r\n        <\/a>\r\n\r\n      \r\n\r\n            \r\n    <\/div>\r\n\r\n  <\/div>\r\n\r\n<\/p>\n<p><strong>Chiba CMP plant<\/strong><\/p>\n<ul>\n<li>Reactor Capacity: 18m<sup>3<\/sup><\/li>\n<li>Both commercial and clinical phase APIs \/ intermediates<\/li>\n<\/ul>\n<p><strong>Chiba CMP2 plant<\/strong><\/p>\n<ul>\n<li>Reactor Capacity: 90m<sup>3<\/sup><\/li>\n<li>Both commercial and clinical phase APIs \/ intermediates<\/li>\n<\/ul>\n<p><strong>AGC Wakasa Chemicals<\/strong><\/p>\n<ul>\n<li>Dedicated to specialty chem and agrochem businesses<\/li>\n<li>Borate based activators and various pesticides<\/li>\n<li>AGC Pharma Chemicals Europe, S.L.U.<\/li>\n<li>Reactor Capacity: 117m<sup>3<\/sup><\/li>\n<li>Both commercial and clinical phase APIs \/ intermediates<\/li>\n<\/ul>\n<\/div><div id=\"\" class=\"lsow-tab-pane\"><p>\r\n  <div class=\"select_brand_dropdown\">\r\n    \r\n    \r\n    <div class=\"new_products_cta_buttons btns\">\r\n\r\n      \r\n\r\n      \r\n        <a href=\"\/es\/contactenos\/dudas-al-respecto-del-producto\/?product=arm_intermediatesforagrochemicalsandpharmaceu\" class=\"btn btn-third\">\r\n          <span>Dudas al respecto del producto<\/span>\r\n        <\/a>\r\n\r\n        <a href=\"\/es\/contactenos\/pedido-de-muestra\/?product=arm_intermediatesforagrochemicalsandpharmaceu\" class=\"btn btn-third\">\r\n          <span>Pedido de muestra<\/span>\r\n        <\/a>\r\n\r\n      \r\n\r\n            \r\n    <\/div>\r\n\r\n  <\/div>\r\n\r\n<\/p>\n<p><a href=\"\/contact-us\/request-sds\">Click here<\/a>\u00a0to request an SDS sheet.<\/p>\n<\/div><div id=\"\" class=\"lsow-tab-pane\"><p>\r\n  <div class=\"select_brand_dropdown\">\r\n    \r\n    \r\n    <div class=\"new_products_cta_buttons btns\">\r\n\r\n      \r\n\r\n      \r\n        <a href=\"\/es\/contactenos\/dudas-al-respecto-del-producto\/?product=arm_intermediatesforagrochemicalsandpharmaceu\" class=\"btn btn-third\">\r\n          <span>Dudas al respecto del producto<\/span>\r\n        <\/a>\r\n\r\n        <a href=\"\/es\/contactenos\/pedido-de-muestra\/?product=arm_intermediatesforagrochemicalsandpharmaceu\" class=\"btn btn-third\">\r\n          <span>Pedido de muestra<\/span>\r\n        <\/a>\r\n\r\n      \r\n\r\n            \r\n    <\/div>\r\n\r\n  <\/div>\r\n\r\n<\/p>\n<p>\r\n\t\r\n<\/p>\n<\/div><\/div><!-- .lsow-tab-panes --><\/div><!-- .lsow-tabs --><\/div><\/div><\/div><\/div><div id=\"pgc-15686-0-1\"  class=\"panel-grid-cell\" ><div id=\"panel-15686-0-1-0\" class=\"so-panel widget widget_sow-image panel-first-child\" data-index=\"2\" ><div\n\t\t\t\n\t\t\tclass=\"so-widget-sow-image so-widget-sow-image-default-58576722bc06-15686\"\n\t\t\t\n\t\t>\n<div class=\"sow-image-container\">\n\t\t<img \n\tsrc=\"https:\/\/www.agcchem.com\/wp-content\/uploads\/2021\/10\/Fine-Chemicals_Intermediates-Photo-Grid.png\" width=\"568\" height=\"482\" srcset=\"https:\/\/www.agcchem.com\/wp-content\/uploads\/2021\/10\/Fine-Chemicals_Intermediates-Photo-Grid.png 568w, https:\/\/www.agcchem.com\/wp-content\/uploads\/2021\/10\/Fine-Chemicals_Intermediates-Photo-Grid-300x255.png 300w\" sizes=\"(max-width: 568px) 100vw, 568px\" title=\"Fine Chemicals_Intermediates Photo Grid\" alt=\"\" \t\tclass=\"so-widget-image\"\/>\n\t<\/div>\n\n<\/div><\/div><\/div><\/div><\/div><\/div>","protected":false},"excerpt":{"rendered":"<p>Intermedios e Ingredientes Especiales para Productos Farmac\u00e9uticos y Compuestos Agroqu\u00edmicos &nbsp;Descripci\u00f3n del ProductoFEATURESTechnologiesManufacturing PlantsSDSRELATED INFORMATION Dudas al respecto del producto Pedido de muestra We provide fluorine-containing building blocks used as active ingredients and advanced intermediates in pharmaceutical and agrochemical manufacturing&#8230;.<\/p>\n","protected":false},"author":2,"featured_media":14644,"parent":2816,"menu_order":0,"comment_status":"closed","ping_status":"closed","template":"product-2021-template.php","meta":{"_acf_changed":false,"inline_featured_image":false,"footnotes":""},"class_list":["post-15686","page","type-page","status-publish","has-post-thumbnail","hentry"],"acf":[],"_links":{"self":[{"href":"https:\/\/www.agcchem.com\/es\/wp-json\/wp\/v2\/pages\/15686","targetHints":{"allow":["GET"]}}],"collection":[{"href":"https:\/\/www.agcchem.com\/es\/wp-json\/wp\/v2\/pages"}],"about":[{"href":"https:\/\/www.agcchem.com\/es\/wp-json\/wp\/v2\/types\/page"}],"author":[{"embeddable":true,"href":"https:\/\/www.agcchem.com\/es\/wp-json\/wp\/v2\/users\/2"}],"replies":[{"embeddable":true,"href":"https:\/\/www.agcchem.com\/es\/wp-json\/wp\/v2\/comments?post=15686"}],"version-history":[{"count":0,"href":"https:\/\/www.agcchem.com\/es\/wp-json\/wp\/v2\/pages\/15686\/revisions"}],"up":[{"embeddable":true,"href":"https:\/\/www.agcchem.com\/es\/wp-json\/wp\/v2\/pages\/2816"}],"wp:featuredmedia":[{"embeddable":true,"href":"https:\/\/www.agcchem.com\/es\/wp-json\/wp\/v2\/media\/14644"}],"wp:attachment":[{"href":"https:\/\/www.agcchem.com\/es\/wp-json\/wp\/v2\/media?parent=15686"}],"curies":[{"name":"wp","href":"https:\/\/api.w.org\/{rel}","templated":true}]}}