{"id":27205,"date":"2024-04-09T15:59:29","date_gmt":"2024-04-09T15:59:29","guid":{"rendered":"https:\/\/www.agcchem.com\/construction-infrastructure\/"},"modified":"2025-01-17T01:32:09","modified_gmt":"2025-01-17T01:32:09","slug":"construction-infrastructure","status":"publish","type":"page","link":"https:\/\/www.agcchem.com\/es\/construction-infrastructure\/","title":{"rendered":"Construcci\u00f3n e Infraestructura"},"content":{"rendered":"<div id=\"pl-27205\"  class=\"panel-layout\" ><div id=\"pg-27205-0\"  class=\"panel-grid panel-has-style\" ><div class=\"home-slider global_hero_section siteorigin-panels-stretch animate-69d12058e2215858464179 panels-animation-hide panel-row-style panel-row-style-for-27205-0\" data-stretch-type=\"full-width-stretch\" data-so-animation=\"{&quot;selector&quot;:&quot;.animate-69d12058e2215858464179&quot;,&quot;animation&quot;:&quot;fadeIn&quot;,&quot;breakpoint&quot;:&quot;780px&quot;,&quot;duration&quot;:1,&quot;repeat&quot;:0,&quot;hide&quot;:1,&quot;disableAnimationMobile&quot;:0,&quot;finalState&quot;:&quot;visible&quot;,&quot;delay&quot;:0,&quot;debounce&quot;:0.1,&quot;event&quot;:&quot;enter&quot;,&quot;offset&quot;:0}\" ><div id=\"pgc-27205-0-0\"  class=\"panel-grid-cell\" ><div id=\"panel-27205-0-0-0\" class=\"so-panel widget widget_sow-image panel-first-child\" data-index=\"0\" ><div class=\"hero_big_image panel-widget-style panel-widget-style-for-27205-0-0-0\" ><div\n\t\t\t\n\t\t\tclass=\"so-widget-sow-image so-widget-sow-image-default-e4c2d9f6c920-27205\"\n\t\t\t\n\t\t>\n<div class=\"sow-image-container\">\n\t\t<img \n\tsrc=\"https:\/\/www.agcchem.com\/wp-content\/uploads\/2024\/04\/construction-hero-2.png\" width=\"1400\" height=\"600\" srcset=\"https:\/\/www.agcchem.com\/wp-content\/uploads\/2024\/04\/construction-hero-2.png 1400w, https:\/\/www.agcchem.com\/wp-content\/uploads\/2024\/04\/construction-hero-2-300x129.png 300w, https:\/\/www.agcchem.com\/wp-content\/uploads\/2024\/04\/construction-hero-2-1024x439.png 1024w, https:\/\/www.agcchem.com\/wp-content\/uploads\/2024\/04\/construction-hero-2-768x329.png 768w\" sizes=\"(max-width: 1400px) 100vw, 1400px\" title=\"construction-hero\" alt=\"\" \t\tclass=\"so-widget-image\"\/>\n\t<\/div>\n\n<\/div><\/div><\/div><div id=\"panel-27205-0-0-1\" class=\"so-panel widget widget_siteorigin-panels-builder panel-last-child\" data-index=\"1\" ><div class=\"home-slide-content white_text add_breadcrumb panel-widget-style panel-widget-style-for-27205-0-0-1\" ><div id=\"pl-w6789b22bc1c6d\"  class=\"panel-layout\" ><div id=\"pg-w6789b22bc1c6d-0\"  class=\"panel-grid panel-no-style\" ><div id=\"pgc-w6789b22bc1c6d-0-0\"  class=\"panel-grid-cell\" ><div id=\"panel-w6789b22bc1c6d-0-0-0\" class=\"widget_text so-panel widget widget_custom_html panel-first-child\" data-index=\"0\" ><div class=\"textwidget custom-html-widget\"><div class=\"home-bg\"><\/div><\/div><\/div><div id=\"panel-w6789b22bc1c6d-0-0-1\" class=\"so-panel widget widget_siteorigin-panels-builder panel-last-child\" data-index=\"1\" ><div class=\"container panel-widget-style panel-widget-style-for-w6789b22bc1c6d-0-0-1\" ><div id=\"pl-w6789b22bc1c7d\"  class=\"panel-layout\" ><div id=\"pg-w6789b22bc1c7d-0\"  class=\"panel-grid panel-has-style\" ><div class=\"home-slid-inner panel-row-style panel-row-style-for-w6789b22bc1c7d-0\" ><div id=\"pgc-w6789b22bc1c7d-0-0\"  class=\"panel-grid-cell\" ><div id=\"panel-w6789b22bc1c7d-0-0-0\" class=\"so-panel widget widget_sow-editor panel-first-child\" data-index=\"0\" ><div\n\t\t\t\n\t\t\tclass=\"so-widget-sow-editor so-widget-sow-editor-base\"\n\t\t\t\n\t\t>\n<div class=\"siteorigin-widget-tinymce textwidget\">\n\t<div class=\"\">\r\n  <nav aria-label=\"breadcrumb\" class=\"breadcrumb\">\r\n     <ol class=\"breadcrumb-item\">\r\n\t    <span property=\"itemListElement\" typeof=\"ListItem\"><a property=\"item\" typeof=\"WebPage\" title=\"Go to AGC Chemicals.\" href=\"https:\/\/www.agcchem.com\/es\/\" class=\"home\"><span property=\"name\"><i class=\"fa fa-map-marker\"><\/i> Home<\/span><\/a><meta property=\"position\" content=\"1\"><\/span><i class=\"fa fa-angle-double-right\"><\/i><span property=\"itemListElement\" typeof=\"ListItem\"><a property=\"item\" typeof=\"WebPage\" title=\"Go to Blog.\" href=\"https:\/\/www.agcchem.com\/blog\/\" class=\"post-root post post-post\"><span property=\"name\">Blog<\/span><\/a><meta property=\"position\" content=\"2\"><\/span>     <\/ol>\r\n  <\/nav>\r\n<\/div>\n<\/div>\n<\/div><\/div><div id=\"panel-w6789b22bc1c7d-0-0-1\" class=\"so-panel widget widget_sow-headline\" data-index=\"1\" ><div\n\t\t\t\n\t\t\tclass=\"so-widget-sow-headline so-widget-sow-headline-default-704e7542437d\"\n\t\t\t\n\t\t><div class=\"sow-headline-container \">\n\t\t\t\t\t\t\t<h1 class=\"sow-headline\">\n\t\t\t\t\t\tConstrucci\u00f3n e Infraestructura\t\t\t\t\t\t<\/h1>\n\t\t\t\t\t\t\t\t\t\t\t\t<h3 class=\"sow-sub-headline\">\n\t\t\t\t\t\tLos fluoromateriales producen materiales de construcci\u00f3n duraderos y ligeros.\t\t\t\t\t\t<\/h3>\n\t\t\t\t\t\t<\/div>\n<\/div><\/div><div id=\"panel-w6789b22bc1c7d-0-0-2\" class=\"so-panel widget widget_sow-image\" data-index=\"2\" ><div class=\"gear_bg_twentyseven panel-widget-style panel-widget-style-for-w6789b22bc1c7d-0-0-2\" ><div\n\t\t\t\n\t\t\tclass=\"so-widget-sow-image so-widget-sow-image-default-8b5b6f678277\"\n\t\t\t\n\t\t>\n<div class=\"sow-image-container\">\n\t\t<img \n\tsrc=\"https:\/\/www.agcchem.com\/wp-content\/uploads\/2024\/03\/gear_bg_27.svg\" width=\"279\" height=\"279\" sizes=\"(max-width: 279px) 100vw, 279px\" alt=\"\" \t\tclass=\"so-widget-image\"\/>\n\t<\/div>\n\n<\/div><\/div><\/div><div id=\"panel-w6789b22bc1c7d-0-0-3\" class=\"so-panel widget widget_sow-image\" data-index=\"3\" ><div class=\"gear_bg_thirtyseven panel-widget-style panel-widget-style-for-w6789b22bc1c7d-0-0-3\" ><div\n\t\t\t\n\t\t\tclass=\"so-widget-sow-image so-widget-sow-image-default-8b5b6f678277\"\n\t\t\t\n\t\t>\n<div class=\"sow-image-container\">\n\t\t<img \n\tsrc=\"https:\/\/www.agcchem.com\/wp-content\/uploads\/2024\/03\/gear_bg_37.svg\" width=\"228\" height=\"228\" sizes=\"(max-width: 228px) 100vw, 228px\" alt=\"\" \t\tclass=\"so-widget-image\"\/>\n\t<\/div>\n\n<\/div><\/div><\/div><div id=\"panel-w6789b22bc1c7d-0-0-4\" class=\"widget_text so-panel widget widget_custom_html panel-last-child\" data-index=\"4\" ><div class=\"textwidget custom-html-widget\">\r\n  \r\n\r\n<\/div><\/div><\/div><\/div><\/div><\/div><\/div><\/div><\/div><\/div><\/div><\/div><\/div><\/div><\/div><\/div><div id=\"pg-27205-1\"  class=\"panel-grid panel-has-style\" ><div class=\"inner_page_sub_navigation siteorigin-panels-stretch panel-row-style panel-row-style-for-27205-1\" data-stretch-type=\"full-width-stretch\" ><div id=\"pgc-27205-1-0\"  class=\"panel-grid-cell\" ><div id=\"panel-27205-1-0-0\" class=\"so-panel widget widget_siteorigin-panels-builder panel-first-child panel-last-child\" data-index=\"2\" ><div class=\"container  panel-widget-style panel-widget-style-for-27205-1-0-0\" ><div id=\"pl-w6789b309718c7\"  class=\"panel-layout\" ><div id=\"pg-w6789b309718c7-0\"  class=\"panel-grid panel-no-style\" ><div id=\"pgc-w6789b309718c7-0-0\"  class=\"panel-grid-cell\" ><div id=\"panel-w6789b309718c7-0-0-0\" class=\"widget_text so-panel widget widget_custom_html panel-first-child panel-last-child\" data-index=\"0\" ><div class=\"textwidget custom-html-widget\"><ul>\n\t\t<li> Explorar:<\/li>\n<li><a href=\"#overview\"> Descripci\u00f3n general<\/a><\/li>\n<li><a href=\"#products\"> Productos para Construcci\u00f3n e Infraestructura<\/a><\/li>\n\n<\/ul><\/div><\/div><\/div><\/div><\/div><\/div><\/div><\/div><\/div><\/div><div id=\"pg-27205-2\"  class=\"panel-grid panel-has-style\" ><div class=\"two_column_with_blue_lines siteorigin-panels-stretch panel-row-style panel-row-style-for-27205-2\" id=\"overview\" data-stretch-type=\"full-width-stretch\" ><div id=\"pgc-27205-2-0\"  class=\"panel-grid-cell\" ><div id=\"panel-27205-2-0-0\" class=\"so-panel widget widget_siteorigin-panels-builder panel-first-child panel-last-child\" data-index=\"3\" ><div class=\"container  panel-widget-style panel-widget-style-for-27205-2-0-0\" ><div id=\"pl-w6789b2a05196f\"  class=\"panel-layout\" ><div id=\"pg-w6789b2a05196f-0\"  class=\"panel-grid panel-has-style\" ><div class=\"col-12 col-md-10 m-auto panel-row-style panel-row-style-for-w6789b2a05196f-0\" ><div id=\"pgc-w6789b2a05196f-0-0\"  class=\"panel-grid-cell\" ><div id=\"panel-w6789b2a05196f-0-0-0\" class=\"so-panel widget widget_sow-headline panel-first-child panel-last-child\" data-index=\"0\" ><div\n\t\t\t\n\t\t\tclass=\"so-widget-sow-headline so-widget-sow-headline-default-2d3a2cf15379\"\n\t\t\t\n\t\t><div class=\"sow-headline-container \">\n\t\t\t\t\t\t\t<h4 class=\"sow-headline\">\n\t\t\t\t\t\tAGC ofrece una gama de productos de fluoropol\u00edmeros que mejoran la apariencia de los edificios.\t\t\t\t\t\t<\/h4>\n\t\t\t\t\t\t<\/div>\n<\/div><\/div><\/div><div id=\"pgc-w6789b2a05196f-0-1\"  class=\"panel-grid-cell\" ><div id=\"panel-w6789b2a05196f-0-1-0\" class=\"so-panel widget widget_sow-editor panel-first-child panel-last-child\" data-index=\"1\" ><div class=\"list_with_red_check_icon panel-widget-style panel-widget-style-for-w6789b2a05196f-0-1-0\" ><div\n\t\t\t\n\t\t\tclass=\"so-widget-sow-editor so-widget-sow-editor-base\"\n\t\t\t\n\t\t>\n<div class=\"siteorigin-widget-tinymce textwidget\">\n\t<p><strong>Estos materiales permiten:<\/strong><\/p>\n<ul>\n<li>Revestimientos ligeros y m\u00f3viles<\/li>\n<li>Techos y fachadas duraderos<\/li>\n<li>Pel\u00edculas resistentes y transparentes<\/li>\n<li>Sistemas de pintura de mayor duraci\u00f3n<\/li>\n<li>Infraestructuras m\u00e1s resistentes a la intemperie<\/li>\n<\/ul>\n<\/div>\n<\/div><\/div><\/div><\/div><\/div><\/div><\/div><\/div><\/div><\/div><\/div><\/div><div id=\"pg-27205-3\"  class=\"panel-grid panel-has-style\" ><div class=\"siteorigin-panels-stretch panel-row-style panel-row-style-for-27205-3\" id=\"products\" data-stretch-type=\"full-width-stretch\" ><div id=\"pgc-27205-3-0\"  class=\"panel-grid-cell\" ><div id=\"panel-27205-3-0-0\" class=\"so-panel widget widget_sow-editor panel-first-child panel-last-child\" data-index=\"4\" ><div\n\t\t\t\n\t\t\tclass=\"so-widget-sow-editor so-widget-sow-editor-base\"\n\t\t\t\n\t\t>\n<div class=\"siteorigin-widget-tinymce textwidget\">\n\t\r\n\t\r\n\t\t<section class=\"two-column-image-content-logo-block\">\r\n\t\t    <div class=\"hex-icon top\">\r\n\t\t        <img decoding=\"async\" src=\"https:\/\/www.agcchem.com\/wp-content\/themes\/agcchemicals\/images\/hexagon-vector.svg\" alt=\"\">\r\n\t\t    <\/div>\r\n\t\t    <div class=\"hex-icon bottom right\">\r\n\t\t        <img decoding=\"async\" src=\"https:\/\/www.agcchem.com\/wp-content\/themes\/agcchemicals\/images\/hexagon-vector.svg\" alt=\"\">\r\n\t\t    <\/div>\r\n\t\t    <div class=\"hex-icon bottom left\">\r\n\t\t        <img decoding=\"async\" src=\"https:\/\/www.agcchem.com\/wp-content\/themes\/agcchemicals\/images\/hexagon-vector.svg\" alt=\"\">\r\n\t\t    <\/div>\r\n\r\n\t\t    \r\n\t\t\t    <div class=\"container\">\r\n\t\t\t        <div class=\"section-title text-center\">\r\n\t\t\t            <h2>Productos para Construcci\u00f3n e Infraestructura<\/h2>\r\n\t\t\t        <\/div>\r\n\t\t\t    <\/div>\r\n\r\n\t\t  \t\r\n\t\t    \r\n\t\t    <div class=\"two-column-image-content-logo-row\">\r\n\r\n\t\t    \t\r\n\t\t        <div class=\"two-column-image-content-logo-single \">\r\n\t\t            \r\n\t\t            <div class=\"container\">\r\n\t\t                <div class=\"row\">\r\n\t\t                    <div class=\"col-md-5\">\r\n\t\t                        <div class=\"thumb-box\">\r\n\t\t                            <div class=\"thumb thumb-placeholder\">\r\n\t\t                                <img decoding=\"async\" src=\"https:\/\/www.agcchem.com\/wp-content\/uploads\/2024\/05\/etfe-img.png\">\r\n\t\t                            <\/div>\r\n\t\t                            <div class=\"hash-icon\">\r\n\t\t                                <img decoding=\"async\" src=\"https:\/\/www.agcchem.com\/wp-content\/themes\/agcchemicals\/images\/hash-lines-skyblue.svg\" alt=\"\">\r\n\t\t                            <\/div>\r\n\t\t                            <div class=\"hex-icon\">\r\n\t\t                                <img decoding=\"async\" src=\"https:\/\/www.agcchem.com\/wp-content\/themes\/agcchemicals\/images\/hexagon-vector.svg\" alt=\"\">\r\n\t\t                            <\/div>\r\n\t\t                        <\/div>\r\n\t\t                    <\/div>\r\n\t\t                    <div class=\"col-md-1 d-md-block d-none\"><\/div>\r\n\t\t                    <div class=\"col-md-6\">\r\n\t\t                        <div class=\"content-box\">\r\n\r\n\t\t                        \t\r\n\t\t                            <div class=\"logo\">\r\n\t\t                                <img decoding=\"async\" src=\"https:\/\/www.agcchem.com\/wp-content\/uploads\/2024\/04\/fluon-etfe-film-logo.png\">\r\n\t\t                            <\/div>\r\n\r\n\t\t                        \t\r\n\r\n\t\t                            <div class=\"text\">\r\n\t\t                                <p>La pel\u00edcula Fluon\u00ae ETFE es resistente, ligera y autolimpiante, lo que la convierte en un material ideal para fachadas arquitect\u00f3nicas. Tambi\u00e9n se puede retroiluminar o construir como paneles de dos capas, creando estructuras \u00fanicas. La pel\u00edcula se utiliza a menudo como material de recubrimiento en estadios de c\u00e9sped natural debido a su durabilidad y transparencia.<\/p>\n\r\n\t\t                                \r\n\t\t\t                                <div class=\"btn-box\">\r\n\t\t\t                                    <a href=\"https:\/\/www.agcchem.com\/es\/productos\/etfe-and-greenhouse-films\/pelicula-fluon-etfe\/\" class=\"btn btn-third\" target=\"_blank\">\r\n\t\t\t                                    \t<span>M\u00e1s informaci\u00f3n<\/span>\r\n\t\t\t                                    <\/a>\r\n\t\t\t                                <\/div>\r\n\r\n\t\t                              \t\t\t                            <\/div>\r\n\t\t                        <\/div>\r\n\t\t                    <\/div>\r\n\t\t                <\/div>\r\n\t\t            <\/div>\r\n\t\t        <\/div>\r\n\r\n\t\t    \t\r\n\t\t        <div class=\"two-column-image-content-logo-single block-reverse\">\r\n\t\t            \r\n\t\t            <div class=\"container\">\r\n\t\t                <div class=\"row\">\r\n\t\t                    <div class=\"col-md-5\">\r\n\t\t                        <div class=\"thumb-box\">\r\n\t\t                            <div class=\"thumb thumb-placeholder\">\r\n\t\t                                <img decoding=\"async\" src=\"https:\/\/www.agcchem.com\/wp-content\/uploads\/2024\/04\/greenhouse-sm.png\">\r\n\t\t                            <\/div>\r\n\t\t                            <div class=\"hash-icon\">\r\n\t\t                                <img decoding=\"async\" src=\"https:\/\/www.agcchem.com\/wp-content\/themes\/agcchemicals\/images\/hash-lines-skyblue.svg\" alt=\"\">\r\n\t\t                            <\/div>\r\n\t\t                            <div class=\"hex-icon\">\r\n\t\t                                <img decoding=\"async\" src=\"https:\/\/www.agcchem.com\/wp-content\/themes\/agcchemicals\/images\/hexagon-vector.svg\" alt=\"\">\r\n\t\t                            <\/div>\r\n\t\t                        <\/div>\r\n\t\t                    <\/div>\r\n\t\t                    <div class=\"col-md-1 d-md-block d-none\"><\/div>\r\n\t\t                    <div class=\"col-md-6\">\r\n\t\t                        <div class=\"content-box\">\r\n\r\n\t\t                        \t\r\n\t\t                            <div class=\"logo\">\r\n\t\t                                <img decoding=\"async\" src=\"https:\/\/www.agcchem.com\/wp-content\/uploads\/2024\/04\/f-clean-logo.png\">\r\n\t\t                            <\/div>\r\n\r\n\t\t                        \t\r\n\r\n\t\t                            <div class=\"text\">\r\n\t\t                                <p>La pel\u00edcula ETFE F-CLEAN\u2122 viene en varios acabados y espesores para transmitir la cantidad adecuada de luz solar para cada cultivo.<\/p>\n\r\n\t\t                                \r\n\t\t\t                                <div class=\"btn-box\">\r\n\t\t\t                                    <a href=\"https:\/\/www.agcchem.com\/es\/productos\/etfe-and-greenhouse-films\/peliculas-f-clean-para-invernaderos\/\" class=\"btn btn-third\" target=\"_blank\">\r\n\t\t\t                                    \t<span>M\u00e1s informaci\u00f3n<\/span>\r\n\t\t\t                                    <\/a>\r\n\t\t\t                                <\/div>\r\n\r\n\t\t                              \t\t\t                            <\/div>\r\n\t\t                        <\/div>\r\n\t\t                    <\/div>\r\n\t\t                <\/div>\r\n\t\t            <\/div>\r\n\t\t        <\/div>\r\n\r\n\t\t    \t\r\n\t\t        <div class=\"two-column-image-content-logo-single \">\r\n\t\t            \r\n\t\t            <div class=\"container\">\r\n\t\t                <div class=\"row\">\r\n\t\t                    <div class=\"col-md-5\">\r\n\t\t                        <div class=\"thumb-box\">\r\n\t\t                            <div class=\"thumb thumb-placeholder\">\r\n\t\t                                <img decoding=\"async\" src=\"https:\/\/www.agcchem.com\/wp-content\/uploads\/2024\/05\/lumi-bridge.png\">\r\n\t\t                            <\/div>\r\n\t\t                            <div class=\"hash-icon\">\r\n\t\t                                <img decoding=\"async\" src=\"https:\/\/www.agcchem.com\/wp-content\/themes\/agcchemicals\/images\/hash-lines-skyblue.svg\" alt=\"\">\r\n\t\t                            <\/div>\r\n\t\t                            <div class=\"hex-icon\">\r\n\t\t                                <img decoding=\"async\" src=\"https:\/\/www.agcchem.com\/wp-content\/themes\/agcchemicals\/images\/hexagon-vector.svg\" alt=\"\">\r\n\t\t                            <\/div>\r\n\t\t                        <\/div>\r\n\t\t                    <\/div>\r\n\t\t                    <div class=\"col-md-1 d-md-block d-none\"><\/div>\r\n\t\t                    <div class=\"col-md-6\">\r\n\t\t                        <div class=\"content-box\">\r\n\r\n\t\t                        \t\r\n\t\t                            <div class=\"logo\">\r\n\t\t                                <img decoding=\"async\" src=\"https:\/\/www.agcchem.com\/wp-content\/uploads\/2024\/04\/lumiflon-feve-resins2.png\">\r\n\t\t                            <\/div>\r\n\r\n\t\t                        \t\r\n\r\n\t\t                            <div class=\"text\">\r\n\t\t                                <p>Los recubrimientos formulados con resinas LUMIFLON\u00ae FEVE protegen infraestructuras como puentes y torres de agua de la exposici\u00f3n a la luz ultravioleta, de la corrosi\u00f3n y de otros elementos. Estos recubrimientos suelen aplicarse a estructuras de acero, aluminio, fibra de vidrio y policarbonato para mejorar su resistencia a la intemperie. Adem\u00e1s, conservan su color y brillo y duran 30 a\u00f1os o m\u00e1s.<\/p>\n\r\n\t\t                                \r\n\t\t\t                                <div class=\"btn-box\">\r\n\t\t\t                                    <a href=\"https:\/\/www.agcchem.com\/es\/productos\/high-performance-coatings-and-agents\/resinas-lumiflon-feve\/\" class=\"btn btn-third\" target=\"_blank\">\r\n\t\t\t                                    \t<span>M\u00e1s informaci\u00f3n<\/span>\r\n\t\t\t                                    <\/a>\r\n\t\t\t                                <\/div>\r\n\r\n\t\t                              \t\t\t                            <\/div>\r\n\t\t                        <\/div>\r\n\t\t                    <\/div>\r\n\t\t                <\/div>\r\n\t\t            <\/div>\r\n\t\t        <\/div>\r\n\r\n\t\t    \t\r\n\t\t        <div class=\"two-column-image-content-logo-single block-reverse\">\r\n\t\t            \r\n\t\t            <div class=\"container\">\r\n\t\t                <div class=\"row\">\r\n\t\t                    <div class=\"col-md-5\">\r\n\t\t                        <div class=\"thumb-box\">\r\n\t\t                            <div class=\"thumb thumb-placeholder\">\r\n\t\t                                <img decoding=\"async\" src=\"https:\/\/www.agcchem.com\/wp-content\/uploads\/2024\/04\/polyether-polyols-sm.png\">\r\n\t\t                            <\/div>\r\n\t\t                            <div class=\"hash-icon\">\r\n\t\t                                <img decoding=\"async\" src=\"https:\/\/www.agcchem.com\/wp-content\/themes\/agcchemicals\/images\/hash-lines-skyblue.svg\" alt=\"\">\r\n\t\t                            <\/div>\r\n\t\t                            <div class=\"hex-icon\">\r\n\t\t                                <img decoding=\"async\" src=\"https:\/\/www.agcchem.com\/wp-content\/themes\/agcchemicals\/images\/hexagon-vector.svg\" alt=\"\">\r\n\t\t                            <\/div>\r\n\t\t                        <\/div>\r\n\t\t                    <\/div>\r\n\t\t                    <div class=\"col-md-1 d-md-block d-none\"><\/div>\r\n\t\t                    <div class=\"col-md-6\">\r\n\t\t                        <div class=\"content-box\">\r\n\r\n\t\t                        \t\r\n\t\t                            <div class=\"logo\">\r\n\t\t                                <img decoding=\"async\" src=\"https:\/\/www.agcchem.com\/wp-content\/uploads\/2024\/04\/preminol-lgo.png\">\r\n\t\t                            <\/div>\r\n\r\n\t\t                        \t\r\n\r\n\t\t                            <div class=\"text\">\r\n\t\t                                <p>Los polioles de poli\u00e9ter PREMINOL\u2122 tienen un peso molecular alto, una distribuci\u00f3n estad\u00edstica de peso molecular estrecha y un contenido de monoles ultrabajo. Estas propiedades permiten que los pol\u00edmeros aumenten la resistencia de los revestimientos, adhesivos, selladores y elast\u00f3meros.<\/p>\n\r\n\t\t                                \r\n\t\t\t                                <div class=\"btn-box\">\r\n\t\t\t                                    <a href=\"https:\/\/www.agcchem.com\/es\/productos\/polioles-para-poliuretanos\/\" class=\"btn btn-third\" target=\"_blank\">\r\n\t\t\t                                    \t<span>M\u00e1s informaci\u00f3n<\/span>\r\n\t\t\t                                    <\/a>\r\n\t\t\t                                <\/div>\r\n\r\n\t\t                              \t\t\t                            <\/div>\r\n\t\t                        <\/div>\r\n\t\t                    <\/div>\r\n\t\t                <\/div>\r\n\t\t            <\/div>\r\n\t\t        <\/div>\r\n\r\n\t\t    \t\r\n\t\t    <\/div>\r\n\t\t<\/section>\r\n\r\n\t\r\n\n<\/div>\n<\/div><\/div><\/div><\/div><\/div><div id=\"pg-27205-5\"  class=\"panel-grid panel-has-style\" ><div class=\"blue_overlay siteorigin-panels-stretch panel-row-style panel-row-style-for-27205-5\" data-stretch-type=\"full-width-stretch\" ><div id=\"pgc-27205-5-0\"  class=\"panel-grid-cell\" ><div id=\"panel-27205-5-0-0\" class=\"so-panel widget widget_siteorigin-panels-builder panel-first-child panel-last-child\" data-index=\"10\" ><div class=\"container panel-widget-style panel-widget-style-for-27205-5-0-0\" ><div id=\"pl-w6654a3f20ce58\"  class=\"panel-layout\" ><div id=\"pg-w6654a3f20ce58-0\"  class=\"panel-grid panel-has-style\" ><div class=\"col-12 col-md-6 m-auto position-relative panel-row-style panel-row-style-for-w6654a3f20ce58-0\" ><div id=\"pgc-w6654a3f20ce58-0-0\"  class=\"panel-grid-cell\" ><div id=\"panel-w6654a3f20ce58-0-0-0\" class=\"so-panel widget widget_sow-headline panel-first-child\" data-index=\"0\" ><div class=\"fw-bold panel-widget-style panel-widget-style-for-w6654a3f20ce58-0-0-0\" ><div\n\t\t\t\n\t\t\tclass=\"so-widget-sow-headline so-widget-sow-headline-default-87547e56f06d\"\n\t\t\t\n\t\t><div class=\"sow-headline-container \">\n\t\t\t\t\t\t\t<h2 class=\"sow-headline\">\n\t\t\t\t\t\tContact our fluoropolymer experts to discuss your specific application.\t\t\t\t\t\t<\/h2>\n\t\t\t\t\t\t<\/div>\n<\/div><\/div><\/div><div id=\"panel-w6654a3f20ce58-0-0-1\" class=\"so-panel widget widget_sow-button panel-last-child\" data-index=\"1\" ><div\n\t\t\t\n\t\t\tclass=\"so-widget-sow-button so-widget-sow-button-flat-f949060a8f32\"\n\t\t\t\n\t\t><div class=\"ow-button-base ow-button-align-center\"\n>\n\t\t\t<a\n\t\t\t\t\thref=\"https:\/\/www.agcchem.com\/es\/contactenos\/dudas-al-respecto-del-producto\/\"\n\t\t\t\t\tclass=\"btn sowb-button ow-icon-placement-left ow-button-hover\" \t>\n\t\t<span>\n\t\t\t\n\t\t\tProduct Inquiry\t\t<\/span>\n\t\t\t<\/a>\n\t<\/div>\n<\/div><\/div><\/div><\/div><\/div><\/div><\/div><\/div><\/div><\/div><\/div><\/div>","protected":false},"excerpt":{"rendered":"<p>HomeBlog Construcci\u00f3n e Infraestructura Los fluoromateriales producen materiales de construcci\u00f3n duraderos y ligeros. Explorar: Descripci\u00f3n general Productos para Construcci\u00f3n e Infraestructura AGC ofrece una gama de productos de fluoropol\u00edmeros que mejoran la apariencia de los edificios. Estos materiales permiten: Revestimientos&#8230;<\/p>\n","protected":false},"author":1,"featured_media":22704,"parent":0,"menu_order":0,"comment_status":"closed","ping_status":"closed","template":"page-template\/aerospace-product-template.php","meta":{"_acf_changed":false,"inline_featured_image":false,"footnotes":""},"class_list":["post-27205","page","type-page","status-publish","has-post-thumbnail","hentry"],"acf":[],"_links":{"self":[{"href":"https:\/\/www.agcchem.com\/es\/wp-json\/wp\/v2\/pages\/27205","targetHints":{"allow":["GET"]}}],"collection":[{"href":"https:\/\/www.agcchem.com\/es\/wp-json\/wp\/v2\/pages"}],"about":[{"href":"https:\/\/www.agcchem.com\/es\/wp-json\/wp\/v2\/types\/page"}],"author":[{"embeddable":true,"href":"https:\/\/www.agcchem.com\/es\/wp-json\/wp\/v2\/users\/1"}],"replies":[{"embeddable":true,"href":"https:\/\/www.agcchem.com\/es\/wp-json\/wp\/v2\/comments?post=27205"}],"version-history":[{"count":0,"href":"https:\/\/www.agcchem.com\/es\/wp-json\/wp\/v2\/pages\/27205\/revisions"}],"wp:featuredmedia":[{"embeddable":true,"href":"https:\/\/www.agcchem.com\/es\/wp-json\/wp\/v2\/media\/22704"}],"wp:attachment":[{"href":"https:\/\/www.agcchem.com\/es\/wp-json\/wp\/v2\/media?parent=27205"}],"curies":[{"name":"wp","href":"https:\/\/api.w.org\/{rel}","templated":true}]}}