{"id":27466,"date":"2024-09-11T16:51:45","date_gmt":"2024-09-11T16:51:45","guid":{"rendered":"https:\/\/www.agcchem.com\/productos\/high-performance-coatings-and-agents\/"},"modified":"2024-10-16T14:40:06","modified_gmt":"2024-10-16T14:40:06","slug":"high-performance-coatings-and-agents","status":"publish","type":"page","link":"https:\/\/www.agcchem.com\/es\/productos\/high-performance-coatings-and-agents\/","title":{"rendered":"Recubrimientos de alto rendimiento"},"content":{"rendered":"<div id=\"pl-27466\"  class=\"panel-layout\" ><div id=\"pg-27466-0\"  class=\"panel-grid panel-has-style\" ><div class=\"home-slider global_hero_section siteorigin-panels-stretch panel-row-style panel-row-style-for-27466-0\" data-stretch-type=\"full-width-stretch\" ><div id=\"pgc-27466-0-0\"  class=\"panel-grid-cell\" ><div id=\"panel-27466-0-0-0\" class=\"so-panel widget widget_sow-image panel-first-child\" data-index=\"0\" ><div class=\"hero_big_image panel-widget-style panel-widget-style-for-27466-0-0-0\" ><div\n\t\t\t\n\t\t\tclass=\"so-widget-sow-image so-widget-sow-image-default-e4c2d9f6c920-27466\"\n\t\t\t\n\t\t>\n<div class=\"sow-image-container\">\n\t\t<img \n\tsrc=\"https:\/\/www.agcchem.com\/wp-content\/uploads\/2024\/03\/slide_1-scaled.jpg\" width=\"2560\" height=\"1762\" srcset=\"https:\/\/www.agcchem.com\/wp-content\/uploads\/2024\/03\/slide_1-scaled.jpg 2560w, https:\/\/www.agcchem.com\/wp-content\/uploads\/2024\/03\/slide_1-300x207.jpg 300w, https:\/\/www.agcchem.com\/wp-content\/uploads\/2024\/03\/slide_1-1024x705.jpg 1024w, https:\/\/www.agcchem.com\/wp-content\/uploads\/2024\/03\/slide_1-768x529.jpg 768w, https:\/\/www.agcchem.com\/wp-content\/uploads\/2024\/03\/slide_1-1536x1057.jpg 1536w, https:\/\/www.agcchem.com\/wp-content\/uploads\/2024\/03\/slide_1-2048x1410.jpg 2048w\" sizes=\"(max-width: 2560px) 100vw, 2560px\" title=\"slide_1\" alt=\"\" \t\tclass=\"so-widget-image\"\/>\n\t<\/div>\n\n<\/div><\/div><\/div><div id=\"panel-27466-0-0-1\" class=\"so-panel widget widget_siteorigin-panels-builder panel-last-child\" data-index=\"1\" ><div class=\"home-slide-content white_text panel-widget-style panel-widget-style-for-27466-0-0-1\" ><div id=\"pl-w670962b833500\"  class=\"panel-layout\" ><div id=\"pg-w670962b833500-0\"  class=\"panel-grid panel-no-style\" ><div id=\"pgc-w670962b833500-0-0\"  class=\"panel-grid-cell\" ><div id=\"panel-w670962b833500-0-0-0\" class=\"widget_text so-panel widget widget_custom_html panel-first-child\" data-index=\"0\" ><div class=\"textwidget custom-html-widget\"><div class=\"home-bg\"><\/div><\/div><\/div><div id=\"panel-w670962b833500-0-0-1\" class=\"so-panel widget widget_siteorigin-panels-builder panel-last-child\" data-index=\"1\" ><div class=\"container panel-widget-style panel-widget-style-for-w670962b833500-0-0-1\" ><div id=\"pl-w670962b83350a\"  class=\"panel-layout\" ><div id=\"pg-w670962b83350a-0\"  class=\"panel-grid panel-has-style\" ><div class=\"home-slid-inner panel-row-style panel-row-style-for-w670962b83350a-0\" ><div id=\"pgc-w670962b83350a-0-0\"  class=\"panel-grid-cell\" ><div id=\"panel-w670962b83350a-0-0-0\" class=\"so-panel widget widget_sow-headline panel-first-child\" data-index=\"0\" ><div\n\t\t\t\n\t\t\tclass=\"so-widget-sow-headline so-widget-sow-headline-default-704e7542437d\"\n\t\t\t\n\t\t><div class=\"sow-headline-container \">\n\t\t\t\t\t\t\t<h1 class=\"sow-headline\">\n\t\t\t\t\t\tRecubrimientos de alto rendimiento\t\t\t\t\t\t<\/h1>\n\t\t\t\t\t\t\t\t\t\t\t\t<h3 class=\"sow-sub-headline\">\n\t\t\t\t\t\tLa fuerza, durabilidad, resistencia y propiedades repelentes de los fluoropol\u00edmeros los hacen excelentes para recubrimientos en una variedad de aplicaciones.\t\t\t\t\t\t<\/h3>\n\t\t\t\t\t\t<\/div>\n<\/div><\/div><div id=\"panel-w670962b83350a-0-0-1\" class=\"so-panel widget widget_sow-image\" data-index=\"1\" ><div class=\"gear_bg_twentyseven panel-widget-style panel-widget-style-for-w670962b83350a-0-0-1\" ><div\n\t\t\t\n\t\t\tclass=\"so-widget-sow-image so-widget-sow-image-default-8b5b6f678277\"\n\t\t\t\n\t\t>\n<div class=\"sow-image-container\">\n\t\t<img \n\tsrc=\"https:\/\/www.agcchem.com\/wp-content\/uploads\/2024\/03\/gear_bg_27.svg\" width=\"279\" height=\"279\" sizes=\"(max-width: 279px) 100vw, 279px\" alt=\"\" \t\tclass=\"so-widget-image\"\/>\n\t<\/div>\n\n<\/div><\/div><\/div><div id=\"panel-w670962b83350a-0-0-2\" class=\"so-panel widget widget_sow-image\" data-index=\"2\" ><div class=\"gear_bg_thirtyseven panel-widget-style panel-widget-style-for-w670962b83350a-0-0-2\" ><div\n\t\t\t\n\t\t\tclass=\"so-widget-sow-image so-widget-sow-image-default-8b5b6f678277\"\n\t\t\t\n\t\t>\n<div class=\"sow-image-container\">\n\t\t<img \n\tsrc=\"https:\/\/www.agcchem.com\/wp-content\/uploads\/2024\/03\/gear_bg_37.svg\" width=\"228\" height=\"228\" sizes=\"(max-width: 228px) 100vw, 228px\" alt=\"\" \t\tclass=\"so-widget-image\"\/>\n\t<\/div>\n\n<\/div><\/div><\/div><div id=\"panel-w670962b83350a-0-0-3\" class=\"widget_text so-panel widget widget_custom_html panel-last-child\" data-index=\"3\" ><div class=\"widget_text new_products_cta_buttons panel-widget-style panel-widget-style-for-w670962b83350a-0-0-3\" ><div class=\"textwidget custom-html-widget\"><div class=\"btns\">\n\t<a href=\"#product_section\" class=\"btn btn-primary\">Productos<\/a>\n\t<a href=\"#related_info_section\" class=\"btn btn-secondary\">Informaci\u00f3n relacionada<\/a>\n\t<a href=\"#connect_with_agc_section\" class=\"btn btn-secondary\">Con\u00e9ctese con AGC<\/a>\n<\/div><\/div><\/div><\/div><\/div><\/div><\/div><\/div><\/div><\/div><\/div><\/div><\/div><\/div><\/div><\/div><\/div><\/div><div id=\"pg-27466-1\"  class=\"panel-grid panel-has-style\" ><div class=\"white_text clip_path__lower_right_down single_blog_header siteorigin-panels-stretch panel-row-style panel-row-style-for-27466-1\" data-stretch-type=\"full-width-stretch\" ><div id=\"pgc-27466-1-0\"  class=\"panel-grid-cell\" ><div id=\"panel-27466-1-0-0\" class=\"so-panel widget widget_siteorigin-panels-builder panel-first-child panel-last-child\" data-index=\"2\" ><div class=\"container panel-widget-style panel-widget-style-for-27466-1-0-0\" ><div id=\"pl-w670fd04659680\"  class=\"panel-layout\" ><div id=\"pg-w670fd04659680-0\"  class=\"panel-grid panel-has-style\" ><div class=\"col-md-9 col-12 m-auto panel-row-style panel-row-style-for-w670fd04659680-0\" ><div id=\"pgc-w670fd04659680-0-0\"  class=\"panel-grid-cell\" ><div id=\"panel-w670fd04659680-0-0-0\" class=\"so-panel widget widget_sow-editor panel-first-child panel-last-child\" data-index=\"0\" ><div\n\t\t\t\n\t\t\tclass=\"so-widget-sow-editor so-widget-sow-editor-base\"\n\t\t\t\n\t\t>\n<div class=\"siteorigin-widget-tinymce textwidget\">\n\t<h2 style=\"text-align: center;\">Los productos de AGC se pueden utilizar para recubrir materiales no tejidos, materiales de embalaje, tejidos arquitect\u00f3nicos, edificios y estructuras exteriores. Los recubrimientos superficiales de fluoropol\u00edmero transparentes son excelentes para proteger electr\u00f3nicos, \u00f3pticas, pantallas t\u00e1ctiles y otras superficies de vidrio..<\/h2>\n<\/div>\n<\/div><\/div><\/div><\/div><\/div><\/div><\/div><\/div><\/div><\/div><\/div><div id=\"pg-27466-2\"  class=\"panel-grid panel-has-style\" ><div id=\"product_section\" class=\"panel-row-style panel-row-style-for-27466-2\" ><div id=\"pgc-27466-2-0\"  class=\"panel-grid-cell\" ><div id=\"panel-27466-2-0-0\" class=\"so-panel widget widget_siteorigin-panels-builder panel-first-child panel-last-child\" data-index=\"3\" ><div id=\"pl-w670fd04659ed2\"  class=\"panel-layout\" ><div id=\"pg-w670fd04659ed2-0\"  class=\"panel-grid panel-has-style\" ><div class=\"container panel-row-style panel-row-style-for-w670fd04659ed2-0\" ><div id=\"pgc-w670fd04659ed2-0-0\"  class=\"panel-grid-cell\" ><div class=\"category_product_box panel-cell-style panel-cell-style-for-w670fd04659ed2-0-0\" ><div id=\"panel-w670fd04659ed2-0-0-0\" class=\"so-panel widget widget_sow-headline panel-first-child\" data-index=\"0\" ><div\n\t\t\t\n\t\t\tclass=\"so-widget-sow-headline so-widget-sow-headline-default-79b1ee9670f6\"\n\t\t\t\n\t\t><div class=\"sow-headline-container \">\n\t\t\t\t\t\t\t<h2 class=\"sow-headline\">\n\t\t\t\t\t\t\t\t\t\t\t\t\t<a href=\"https:\/\/www.agcchem.com\/es\/productos\/high-performance-coatings-and-agents\/asahi-guard-serie-e\/\" target=\"_blank\" rel=\"noopener noreferrer\">\n\t\t\t\t\t\t\t\tRepelentes de agua y aceite<\/a>\t\t\t\t\t\t<\/h2>\n\t\t\t\t\t\t<\/div>\n<\/div><\/div><div id=\"panel-w670fd04659ed2-0-0-1\" class=\"so-panel widget widget_sow-editor\" data-index=\"1\" ><div\n\t\t\t\n\t\t\tclass=\"so-widget-sow-editor so-widget-sow-editor-base\"\n\t\t\t\n\t\t>\n<div class=\"siteorigin-widget-tinymce textwidget\">\n\t<p>Los productos de la l\u00ednea AsahiGuard E-SERIES son repelentes de agua y aceites fluorados para tejidos, materiales no tejidos, papeles y otros.<\/p>\n<\/div>\n<\/div><\/div><div id=\"panel-w670fd04659ed2-0-0-2\" class=\"so-panel widget widget_sow-image\" data-index=\"2\" ><div\n\t\t\t\n\t\t\tclass=\"so-widget-sow-image so-widget-sow-image-default-4e6925654b7a\"\n\t\t\t\n\t\t>\n<div class=\"sow-image-container\">\n\t\t\t<a href=\"https:\/\/www.agcchem.com\/es\/productos\/high-performance-coatings-and-agents\/asahi-guard-serie-e\/\"\n\t\t\t\t\t>\n\t\t\t<img \n\tsrc=\"https:\/\/www.agcchem.com\/wp-content\/uploads\/2022\/01\/asashi.png\" width=\"247\" height=\"47\" sizes=\"(max-width: 247px) 100vw, 247px\" alt=\"\" \t\tclass=\"so-widget-image\"\/>\n\t\t\t<\/a><\/div>\n\n<\/div><\/div><div id=\"panel-w670fd04659ed2-0-0-3\" class=\"so-panel widget widget_sow-headline panel-last-child\" data-index=\"3\" ><div\n\t\t\t\n\t\t\tclass=\"so-widget-sow-headline so-widget-sow-headline-default-2f414743e2fc\"\n\t\t\t\n\t\t><div class=\"sow-headline-container \">\n\t\t\t\t\t\t\t<h6 class=\"sow-headline\">\n\t\t\t\t\t\t\t\t\t\t\t\t\t<a href=\"https:\/\/www.agcchem.com\/es\/productos\/high-performance-coatings-and-agents\/asahi-guard-serie-e\/\" target=\"_blank\" rel=\"noopener noreferrer\">\n\t\t\t\t\t\t\t\tM\u00e1s informaci\u00f3n<\/a>\t\t\t\t\t\t<\/h6>\n\t\t\t\t\t\t<\/div>\n<\/div><\/div><\/div><\/div><div id=\"pgc-w670fd04659ed2-0-1\"  class=\"panel-grid-cell\" ><div class=\"category_product_box panel-cell-style panel-cell-style-for-w670fd04659ed2-0-1\" ><div id=\"panel-w670fd04659ed2-0-1-0\" class=\"so-panel widget widget_sow-headline panel-first-child\" data-index=\"4\" ><div\n\t\t\t\n\t\t\tclass=\"so-widget-sow-headline so-widget-sow-headline-default-79b1ee9670f6\"\n\t\t\t\n\t\t><div class=\"sow-headline-container \">\n\t\t\t\t\t\t\t<h2 class=\"sow-headline\">\n\t\t\t\t\t\t\t\t\t\t\t\t\t<a href=\"https:\/\/www.agcchem.com\/es\/productos\/high-performance-coatings-and-agents\/resinas-lumiflon-feve\/\" >\n\t\t\t\t\t\t\t\tResinas FEVE<\/a>\t\t\t\t\t\t<\/h2>\n\t\t\t\t\t\t<\/div>\n<\/div><\/div><div id=\"panel-w670fd04659ed2-0-1-1\" class=\"so-panel widget widget_sow-editor\" data-index=\"5\" ><div\n\t\t\t\n\t\t\tclass=\"so-widget-sow-editor so-widget-sow-editor-base\"\n\t\t\t\n\t\t>\n<div class=\"siteorigin-widget-tinymce textwidget\">\n\t<p>Ofrecemos resinas de fluoropol\u00edmero solubles en solvente para recubrimientos que se pueden curar a temperatura ambiente o a temperaturas elevadas.<\/p>\n<\/div>\n<\/div><\/div><div id=\"panel-w670fd04659ed2-0-1-2\" class=\"so-panel widget widget_sow-image\" data-index=\"6\" ><div\n\t\t\t\n\t\t\tclass=\"so-widget-sow-image so-widget-sow-image-default-4e6925654b7a\"\n\t\t\t\n\t\t>\n<div class=\"sow-image-container\">\n\t\t\t<a href=\"https:\/\/www.agcchem.com\/es\/productos\/high-performance-coatings-and-agents\/resinas-lumiflon-feve\/\"\n\t\t\t\t\t>\n\t\t\t<img \n\tsrc=\"https:\/\/www.agcchem.com\/wp-content\/uploads\/2022\/01\/lumi.png\" width=\"123\" height=\"79\" sizes=\"(max-width: 123px) 100vw, 123px\" alt=\"\" \t\tclass=\"so-widget-image\"\/>\n\t\t\t<\/a><\/div>\n\n<\/div><\/div><div id=\"panel-w670fd04659ed2-0-1-3\" class=\"so-panel widget widget_sow-headline panel-last-child\" data-index=\"7\" ><div\n\t\t\t\n\t\t\tclass=\"so-widget-sow-headline so-widget-sow-headline-default-2f414743e2fc\"\n\t\t\t\n\t\t><div class=\"sow-headline-container \">\n\t\t\t\t\t\t\t<h6 class=\"sow-headline\">\n\t\t\t\t\t\t\t\t\t\t\t\t\t<a href=\"https:\/\/www.agcchem.com\/es\/productos\/high-performance-coatings-and-agents\/resinas-lumiflon-feve\/\" >\n\t\t\t\t\t\t\t\tM\u00e1s informaci\u00f3n<\/a>\t\t\t\t\t\t<\/h6>\n\t\t\t\t\t\t<\/div>\n<\/div><\/div><\/div><\/div><\/div><\/div><div id=\"pg-w670fd04659ed2-1\"  class=\"panel-grid panel-has-style\" ><div class=\"container panel-row-style panel-row-style-for-w670fd04659ed2-1\" ><div id=\"pgc-w670fd04659ed2-1-0\"  class=\"panel-grid-cell\" ><div class=\"category_product_box panel-cell-style panel-cell-style-for-w670fd04659ed2-1-0\" ><div id=\"panel-w670fd04659ed2-1-0-0\" class=\"so-panel widget widget_sow-headline panel-first-child\" data-index=\"8\" ><div\n\t\t\t\n\t\t\tclass=\"so-widget-sow-headline so-widget-sow-headline-default-79b1ee9670f6\"\n\t\t\t\n\t\t><div class=\"sow-headline-container \">\n\t\t\t\t\t\t\t<h2 class=\"sow-headline\">\n\t\t\t\t\t\t\t\t\t\t\t\t\t<a href=\"https:\/\/www.agcchem.com\/es\/productos\/high-performance-coatings-and-agents\/fibralast-barrier-technology\/\" >\n\t\t\t\t\t\t\t\tTecnolog\u00eda de barrera sin fl\u00faor<\/a>\t\t\t\t\t\t<\/h2>\n\t\t\t\t\t\t<\/div>\n<\/div><\/div><div id=\"panel-w670fd04659ed2-1-0-1\" class=\"so-panel widget widget_sow-editor\" data-index=\"9\" ><div\n\t\t\t\n\t\t\tclass=\"so-widget-sow-editor so-widget-sow-editor-base\"\n\t\t\t\n\t\t>\n<div class=\"siteorigin-widget-tinymce textwidget\">\n\t<p>Estos aditivos de recubrimiento no fluorados protegen productos de papel contra agua y aceites alimentarios. Son compatibles con la FDA para el contacto con todo tipo de alimentos.<\/p>\n<\/div>\n<\/div><\/div><div id=\"panel-w670fd04659ed2-1-0-2\" class=\"so-panel widget widget_sow-image\" data-index=\"10\" ><div\n\t\t\t\n\t\t\tclass=\"so-widget-sow-image so-widget-sow-image-default-4e6925654b7a\"\n\t\t\t\n\t\t>\n<div class=\"sow-image-container\">\n\t\t\t<a href=\"https:\/\/www.agcchem.com\/es\/productos\/high-performance-coatings-and-agents\/fibralast-barrier-technology\/\"\n\t\t\t\t\t>\n\t\t\t<img \n\tsrc=\"https:\/\/www.agcchem.com\/wp-content\/uploads\/2022\/06\/AG1437_FibraLAST_Logo_Final_NoTagline-300x87.png\" width=\"300\" height=\"87\" srcset=\"https:\/\/www.agcchem.com\/wp-content\/uploads\/2022\/06\/AG1437_FibraLAST_Logo_Final_NoTagline-300x87.png 300w, https:\/\/www.agcchem.com\/wp-content\/uploads\/2022\/06\/AG1437_FibraLAST_Logo_Final_NoTagline-1024x298.png 1024w, https:\/\/www.agcchem.com\/wp-content\/uploads\/2022\/06\/AG1437_FibraLAST_Logo_Final_NoTagline-768x224.png 768w, https:\/\/www.agcchem.com\/wp-content\/uploads\/2022\/06\/AG1437_FibraLAST_Logo_Final_NoTagline-1536x447.png 1536w, https:\/\/www.agcchem.com\/wp-content\/uploads\/2022\/06\/AG1437_FibraLAST_Logo_Final_NoTagline-2048x596.png 2048w\" sizes=\"(max-width: 300px) 100vw, 300px\" alt=\"\" \t\tclass=\"so-widget-image\"\/>\n\t\t\t<\/a><\/div>\n\n<\/div><\/div><div id=\"panel-w670fd04659ed2-1-0-3\" class=\"so-panel widget widget_sow-headline panel-last-child\" data-index=\"11\" ><div\n\t\t\t\n\t\t\tclass=\"so-widget-sow-headline so-widget-sow-headline-default-2f414743e2fc\"\n\t\t\t\n\t\t><div class=\"sow-headline-container \">\n\t\t\t\t\t\t\t<h6 class=\"sow-headline\">\n\t\t\t\t\t\t\t\t\t\t\t\t\t<a href=\"https:\/\/www.agcchem.com\/es\/productos\/high-performance-coatings-and-agents\/fibralast-barrier-technology\/\" target=\"_blank\" rel=\"noopener noreferrer\">\n\t\t\t\t\t\t\t\tM\u00e1s informaci\u00f3n<\/a>\t\t\t\t\t\t<\/h6>\n\t\t\t\t\t\t<\/div>\n<\/div><\/div><\/div><\/div><div id=\"pgc-w670fd04659ed2-1-1\"  class=\"panel-grid-cell\" ><div class=\"category_product_box panel-cell-style panel-cell-style-for-w670fd04659ed2-1-1\" ><div id=\"panel-w670fd04659ed2-1-1-0\" class=\"so-panel widget widget_sow-headline panel-first-child\" data-index=\"12\" ><div\n\t\t\t\n\t\t\tclass=\"so-widget-sow-headline so-widget-sow-headline-default-79b1ee9670f6\"\n\t\t\t\n\t\t><div class=\"sow-headline-container \">\n\t\t\t\t\t\t\t<h2 class=\"sow-headline\">\n\t\t\t\t\t\t\t\t\t\t\t\t\t<a href=\"https:\/\/www.agcchem.com\/es\/productos\/high-performance-coatings-and-agents\/cytop\/\" >\n\t\t\t\t\t\t\t\tFluoropol\u00edmeros amorfos<\/a>\t\t\t\t\t\t<\/h2>\n\t\t\t\t\t\t<\/div>\n<\/div><\/div><div id=\"panel-w670fd04659ed2-1-1-1\" class=\"so-panel widget widget_sow-editor\" data-index=\"13\" ><div\n\t\t\t\n\t\t\tclass=\"so-widget-sow-editor so-widget-sow-editor-base\"\n\t\t\t\n\t\t>\n<div class=\"siteorigin-widget-tinymce textwidget\">\n\t<p>Los productos presentan excelentes propiedades qu\u00edmicas, t\u00e9rmicas, el\u00e9ctricas y de superficie, similares a los fluoropol\u00edmeros convencionales como los PTFEs, pero tambi\u00e9n exhiben alta transparencia \u00f3ptica y buena solubilidad.<\/p>\n<\/div>\n<\/div><\/div><div id=\"panel-w670fd04659ed2-1-1-2\" class=\"so-panel widget widget_sow-image\" data-index=\"14\" ><div\n\t\t\t\n\t\t\tclass=\"so-widget-sow-image so-widget-sow-image-default-4e6925654b7a\"\n\t\t\t\n\t\t>\n<div class=\"sow-image-container\">\n\t\t\t<a href=\"https:\/\/www.agcchem.com\/es\/productos\/high-performance-coatings-and-agents\/cytop\/\"\n\t\t\t\t\t>\n\t\t\t<img \n\tsrc=\"https:\/\/www.agcchem.com\/wp-content\/uploads\/2022\/01\/cytop.png\" width=\"127\" height=\"53\" sizes=\"(max-width: 127px) 100vw, 127px\" alt=\"\" \t\tclass=\"so-widget-image\"\/>\n\t\t\t<\/a><\/div>\n\n<\/div><\/div><div id=\"panel-w670fd04659ed2-1-1-3\" class=\"so-panel widget widget_sow-headline panel-last-child\" data-index=\"15\" ><div\n\t\t\t\n\t\t\tclass=\"so-widget-sow-headline so-widget-sow-headline-default-2f414743e2fc\"\n\t\t\t\n\t\t><div class=\"sow-headline-container \">\n\t\t\t\t\t\t\t<h6 class=\"sow-headline\">\n\t\t\t\t\t\t\t\t\t\t\t\t\t<a href=\"https:\/\/www.agcchem.com\/es\/productos\/high-performance-coatings-and-agents\/cytop\/\" >\n\t\t\t\t\t\t\t\tM\u00e1s informaci\u00f3n<\/a>\t\t\t\t\t\t<\/h6>\n\t\t\t\t\t\t<\/div>\n<\/div><\/div><\/div><\/div><\/div><\/div><\/div><\/div><\/div><\/div><\/div><div id=\"pg-27466-3\"  class=\"panel-grid panel-has-style\" ><div class=\"container panel-row-style panel-row-style-for-27466-3\" id=\"connect_with_agc_section\" ><div id=\"pgc-27466-3-0\"  class=\"panel-grid-cell\" ><div id=\"panel-27466-3-0-0\" class=\"so-panel widget widget_sow-headline panel-first-child\" data-index=\"4\" ><div class=\"category_page_section_heading panel-widget-style panel-widget-style-for-27466-3-0-0\" ><div\n\t\t\t\n\t\t\tclass=\"so-widget-sow-headline so-widget-sow-headline-default-dc2e19ea66d3-27466\"\n\t\t\t\n\t\t><div class=\"sow-headline-container \">\n\t\t\t\t\t\t\t<h2 class=\"sow-headline\">\n\t\t\t\t\t\tCon\u00e9ctese con AGC\t\t\t\t\t\t<\/h2>\n\t\t\t\t\t\t\t\t\t\t\t<div class=\"decoration\">\n\t\t\t\t\t\t<div class=\"decoration-inside\"><\/div>\n\t\t\t\t\t<\/div>\n\t\t\t\t\t<\/div>\n<\/div><\/div><\/div><div id=\"panel-27466-3-0-1\" class=\"so-panel widget widget_sow-editor panel-last-child\" data-index=\"5\" ><div\n\t\t\t\n\t\t\tclass=\"so-widget-sow-editor so-widget-sow-editor-base\"\n\t\t\t\n\t\t>\n<div class=\"siteorigin-widget-tinymce textwidget\">\n\t\r\n   \r\n      \r\n         <ul class=\"connect_with_agc_with_icon\">\r\n            <li>\r\n               <img decoding=\"async\" src=\"https:\/\/www.agcchem.com\/wp-content\/themes\/agcchemicals\/images\/phone_icon_cat.png\">\r\n               <span>Customer & product inquiries: <a href=\"tel:+55-11 99673-9340\">+55-11 99673-9340<\/a><\/span>\r\n            <\/li>\r\n            <li>\r\n               <img decoding=\"async\" src=\"https:\/\/www.agcchem.com\/wp-content\/themes\/agcchemicals\/images\/phone_icon_cat.png\">\r\n               <span>All other inquiries: <a href=\"tel:+55-12 3127-7154\">+55-12 3127-7154<\/a><\/span>\r\n            <\/li>            \r\n         <\/ul>\r\n\r\n\r\n      \r\n\r\n   \r\n\r\n\n<\/div>\n<\/div><\/div><\/div><\/div><\/div><\/div>","protected":false},"excerpt":{"rendered":"<p>Recubrimientos de alto rendimiento La fuerza, durabilidad, resistencia y propiedades repelentes de los fluoropol\u00edmeros los hacen excelentes para recubrimientos en una variedad de aplicaciones. Productos Informaci\u00f3n relacionada Con\u00e9ctese con AGC Los productos de AGC se pueden utilizar para recubrir materiales&#8230;<\/p>\n","protected":false},"author":2,"featured_media":0,"parent":2816,"menu_order":0,"comment_status":"closed","ping_status":"closed","template":"","meta":{"_acf_changed":false,"inline_featured_image":false,"footnotes":""},"class_list":["post-27466","page","type-page","status-publish","hentry"],"acf":[],"_links":{"self":[{"href":"https:\/\/www.agcchem.com\/es\/wp-json\/wp\/v2\/pages\/27466","targetHints":{"allow":["GET"]}}],"collection":[{"href":"https:\/\/www.agcchem.com\/es\/wp-json\/wp\/v2\/pages"}],"about":[{"href":"https:\/\/www.agcchem.com\/es\/wp-json\/wp\/v2\/types\/page"}],"author":[{"embeddable":true,"href":"https:\/\/www.agcchem.com\/es\/wp-json\/wp\/v2\/users\/2"}],"replies":[{"embeddable":true,"href":"https:\/\/www.agcchem.com\/es\/wp-json\/wp\/v2\/comments?post=27466"}],"version-history":[{"count":0,"href":"https:\/\/www.agcchem.com\/es\/wp-json\/wp\/v2\/pages\/27466\/revisions"}],"up":[{"embeddable":true,"href":"https:\/\/www.agcchem.com\/es\/wp-json\/wp\/v2\/pages\/2816"}],"wp:attachment":[{"href":"https:\/\/www.agcchem.com\/es\/wp-json\/wp\/v2\/media?parent=27466"}],"curies":[{"name":"wp","href":"https:\/\/api.w.org\/{rel}","templated":true}]}}