{"id":27468,"date":"2024-09-11T16:54:26","date_gmt":"2024-09-11T16:54:26","guid":{"rendered":"https:\/\/www.agcchem.com\/productos\/etfe-and-greenhouse-films\/"},"modified":"2024-10-16T14:44:42","modified_gmt":"2024-10-16T14:44:42","slug":"etfe-and-greenhouse-films","status":"publish","type":"page","link":"https:\/\/www.agcchem.com\/es\/productos\/etfe-and-greenhouse-films\/","title":{"rendered":"ETFE y pel\u00edculas para invernaderos"},"content":{"rendered":"<div id=\"pl-27468\"  class=\"panel-layout\" ><div id=\"pg-27468-0\"  class=\"panel-grid panel-has-style\" ><div class=\"home-slider global_hero_section siteorigin-panels-stretch panel-row-style panel-row-style-for-27468-0\" data-stretch-type=\"full-width-stretch\" ><div id=\"pgc-27468-0-0\"  class=\"panel-grid-cell\" ><div id=\"panel-27468-0-0-0\" class=\"so-panel widget widget_sow-image panel-first-child\" data-index=\"0\" ><div class=\"hero_big_image panel-widget-style panel-widget-style-for-27468-0-0-0\" ><div\n\t\t\t\n\t\t\tclass=\"so-widget-sow-image so-widget-sow-image-default-e4c2d9f6c920-27468\"\n\t\t\t\n\t\t>\n<div class=\"sow-image-container\">\n\t\t<img \n\tsrc=\"https:\/\/www.agcchem.com\/wp-content\/uploads\/2024\/03\/slide_1-scaled.jpg\" width=\"2560\" height=\"1762\" srcset=\"https:\/\/www.agcchem.com\/wp-content\/uploads\/2024\/03\/slide_1-scaled.jpg 2560w, https:\/\/www.agcchem.com\/wp-content\/uploads\/2024\/03\/slide_1-300x207.jpg 300w, https:\/\/www.agcchem.com\/wp-content\/uploads\/2024\/03\/slide_1-1024x705.jpg 1024w, https:\/\/www.agcchem.com\/wp-content\/uploads\/2024\/03\/slide_1-768x529.jpg 768w, https:\/\/www.agcchem.com\/wp-content\/uploads\/2024\/03\/slide_1-1536x1057.jpg 1536w, https:\/\/www.agcchem.com\/wp-content\/uploads\/2024\/03\/slide_1-2048x1410.jpg 2048w\" sizes=\"(max-width: 2560px) 100vw, 2560px\" title=\"slide_1\" alt=\"\" \t\tclass=\"so-widget-image\"\/>\n\t<\/div>\n\n<\/div><\/div><\/div><div id=\"panel-27468-0-0-1\" class=\"so-panel widget widget_siteorigin-panels-builder panel-last-child\" data-index=\"1\" ><div class=\"home-slide-content white_text panel-widget-style panel-widget-style-for-27468-0-0-1\" ><div id=\"pl-w6709631e5c89f\"  class=\"panel-layout\" ><div id=\"pg-w6709631e5c89f-0\"  class=\"panel-grid panel-no-style\" ><div id=\"pgc-w6709631e5c89f-0-0\"  class=\"panel-grid-cell\" ><div id=\"panel-w6709631e5c89f-0-0-0\" class=\"widget_text so-panel widget widget_custom_html panel-first-child\" data-index=\"0\" ><div class=\"textwidget custom-html-widget\"><div class=\"home-bg\"><\/div><\/div><\/div><div id=\"panel-w6709631e5c89f-0-0-1\" class=\"so-panel widget widget_siteorigin-panels-builder panel-last-child\" data-index=\"1\" ><div class=\"container panel-widget-style panel-widget-style-for-w6709631e5c89f-0-0-1\" ><div id=\"pl-w6709631e5c8a8\"  class=\"panel-layout\" ><div id=\"pg-w6709631e5c8a8-0\"  class=\"panel-grid panel-has-style\" ><div class=\"home-slid-inner panel-row-style panel-row-style-for-w6709631e5c8a8-0\" ><div id=\"pgc-w6709631e5c8a8-0-0\"  class=\"panel-grid-cell\" ><div id=\"panel-w6709631e5c8a8-0-0-0\" class=\"so-panel widget widget_sow-headline panel-first-child\" data-index=\"0\" ><div\n\t\t\t\n\t\t\tclass=\"so-widget-sow-headline so-widget-sow-headline-default-704e7542437d\"\n\t\t\t\n\t\t><div class=\"sow-headline-container \">\n\t\t\t\t\t\t\t<h1 class=\"sow-headline\">\n\t\t\t\t\t\tETFE y pel\u00edculas para invernaderos\t\t\t\t\t\t<\/h1>\n\t\t\t\t\t\t\t\t\t\t\t\t<h3 class=\"sow-sub-headline\">\n\t\t\t\t\t\tAGC produce dos tipos de pel\u00edculas de etileno tetrafluoroetileno (ETFE) de alto rendimiento, que son m\u00e1s ligeras y duraderas que el vidrio.\t\t\t\t\t\t<\/h3>\n\t\t\t\t\t\t<\/div>\n<\/div><\/div><div id=\"panel-w6709631e5c8a8-0-0-1\" class=\"so-panel widget widget_sow-image\" data-index=\"1\" ><div class=\"gear_bg_twentyseven panel-widget-style panel-widget-style-for-w6709631e5c8a8-0-0-1\" ><div\n\t\t\t\n\t\t\tclass=\"so-widget-sow-image so-widget-sow-image-default-8b5b6f678277\"\n\t\t\t\n\t\t>\n<div class=\"sow-image-container\">\n\t\t<img \n\tsrc=\"https:\/\/www.agcchem.com\/wp-content\/uploads\/2024\/03\/gear_bg_27.svg\" width=\"279\" height=\"279\" sizes=\"(max-width: 279px) 100vw, 279px\" alt=\"\" \t\tclass=\"so-widget-image\"\/>\n\t<\/div>\n\n<\/div><\/div><\/div><div id=\"panel-w6709631e5c8a8-0-0-2\" class=\"so-panel widget widget_sow-image\" data-index=\"2\" ><div class=\"gear_bg_thirtyseven panel-widget-style panel-widget-style-for-w6709631e5c8a8-0-0-2\" ><div\n\t\t\t\n\t\t\tclass=\"so-widget-sow-image so-widget-sow-image-default-8b5b6f678277\"\n\t\t\t\n\t\t>\n<div class=\"sow-image-container\">\n\t\t<img \n\tsrc=\"https:\/\/www.agcchem.com\/wp-content\/uploads\/2024\/03\/gear_bg_37.svg\" width=\"228\" height=\"228\" sizes=\"(max-width: 228px) 100vw, 228px\" alt=\"\" \t\tclass=\"so-widget-image\"\/>\n\t<\/div>\n\n<\/div><\/div><\/div><div id=\"panel-w6709631e5c8a8-0-0-3\" class=\"widget_text so-panel widget widget_custom_html panel-last-child\" data-index=\"3\" ><div class=\"widget_text new_products_cta_buttons panel-widget-style panel-widget-style-for-w6709631e5c8a8-0-0-3\" ><div class=\"textwidget custom-html-widget\"><div class=\"btns\">\n\t<a href=\"#product_section\" class=\"btn btn-primary\">Productos<\/a>\n\t<a href=\"#related_info_section\" class=\"btn btn-secondary\">Informaci\u00f3n relacionada<\/a>\n\t<a href=\"#connect_with_agc_section\" class=\"btn btn-secondary\">Con\u00e9ctese con AGC<\/a>\n<\/div><\/div><\/div><\/div><\/div><\/div><\/div><\/div><\/div><\/div><\/div><\/div><\/div><\/div><\/div><\/div><\/div><\/div><div id=\"pg-27468-1\"  class=\"panel-grid panel-has-style\" ><div class=\"white_text clip_path__lower_right_down single_blog_header siteorigin-panels-stretch panel-row-style panel-row-style-for-27468-1\" data-stretch-type=\"full-width-stretch\" ><div id=\"pgc-27468-1-0\"  class=\"panel-grid-cell\" ><div id=\"panel-27468-1-0-0\" class=\"so-panel widget widget_siteorigin-panels-builder panel-first-child panel-last-child\" data-index=\"2\" ><div class=\"container panel-widget-style panel-widget-style-for-27468-1-0-0\" ><div id=\"pl-w670fd15abd943\"  class=\"panel-layout\" ><div id=\"pg-w670fd15abd943-0\"  class=\"panel-grid panel-has-style\" ><div class=\"col-md-9 col-12 m-auto panel-row-style panel-row-style-for-w670fd15abd943-0\" ><div id=\"pgc-w670fd15abd943-0-0\"  class=\"panel-grid-cell\" ><div id=\"panel-w670fd15abd943-0-0-0\" class=\"so-panel widget widget_sow-editor panel-first-child panel-last-child\" data-index=\"0\" ><div\n\t\t\t\n\t\t\tclass=\"so-widget-sow-editor so-widget-sow-editor-base\"\n\t\t\t\n\t\t>\n<div class=\"siteorigin-widget-tinymce textwidget\">\n\t<h2 style=\"text-align: center;\">Fluon\u00ae\ufe0f ETFE se utiliza en aplicaciones arquitect\u00f3nicas en todo el mundo, ya que presenta excepcional transparencia, propiedades antiincrustante y durabilidad. La pel\u00edcula F-CLEAN\u2122\ufe0f ETFE se utiliza como cobertura de invernaderos, ya que permite la entrada de m\u00e1s luz que el vidrio, la pel\u00edcula de PE, el policarbonato y las l\u00e1minas de PMMA.<\/h2>\n<\/div>\n<\/div><\/div><\/div><\/div><\/div><\/div><\/div><\/div><\/div><\/div><\/div><div id=\"pg-27468-2\"  class=\"panel-grid panel-has-style\" ><div id=\"product_section\" class=\"panel-row-style panel-row-style-for-27468-2\" ><div id=\"pgc-27468-2-0\"  class=\"panel-grid-cell\" ><div id=\"panel-27468-2-0-0\" class=\"so-panel widget widget_siteorigin-panels-builder panel-first-child panel-last-child\" data-index=\"3\" ><div id=\"pl-w670fd15abe1bc\"  class=\"panel-layout\" ><div id=\"pg-w670fd15abe1bc-0\"  class=\"panel-grid panel-has-style\" ><div class=\"container panel-row-style panel-row-style-for-w670fd15abe1bc-0\" ><div id=\"pgc-w670fd15abe1bc-0-0\"  class=\"panel-grid-cell\" ><div class=\"category_product_box panel-cell-style panel-cell-style-for-w670fd15abe1bc-0-0\" ><div id=\"panel-w670fd15abe1bc-0-0-0\" class=\"so-panel widget widget_sow-headline panel-first-child\" data-index=\"0\" ><div\n\t\t\t\n\t\t\tclass=\"so-widget-sow-headline so-widget-sow-headline-default-79b1ee9670f6\"\n\t\t\t\n\t\t><div class=\"sow-headline-container \">\n\t\t\t\t\t\t\t<h2 class=\"sow-headline\">\n\t\t\t\t\t\t\t\t\t\t\t\t\t<a href=\"https:\/\/www.agcchem.com\/es\/productos\/etfe-and-greenhouse-films\/pelicula-fluon-etfe\/\" target=\"_blank\" rel=\"noopener noreferrer\">\n\t\t\t\t\t\t\t\tPel\u00edcula de ETFE<\/a>\t\t\t\t\t\t<\/h2>\n\t\t\t\t\t\t<\/div>\n<\/div><\/div><div id=\"panel-w670fd15abe1bc-0-0-1\" class=\"so-panel widget widget_text\" data-index=\"1\" >\t\t\t<div class=\"textwidget\"><p>Las pel\u00edculas de ETFE son ideales para una amplia variedad de aplicaciones, desde c\u00e9lulas solares hasta fachadas arquitect\u00f3nicas.<\/p>\n<\/div>\n\t\t<\/div><div id=\"panel-w670fd15abe1bc-0-0-2\" class=\"so-panel widget widget_sow-image\" data-index=\"2\" ><div\n\t\t\t\n\t\t\tclass=\"so-widget-sow-image so-widget-sow-image-default-4e6925654b7a\"\n\t\t\t\n\t\t>\n<div class=\"sow-image-container\">\n\t\t\t<a href=\"\/products\/fluonetfe-film\/\"\n\t\t\t\t\t>\n\t\t\t<img \n\tsrc=\"https:\/\/www.agcchem.com\/wp-content\/uploads\/2022\/04\/etfe-film.png\" width=\"220\" height=\"50\" sizes=\"(max-width: 220px) 100vw, 220px\" alt=\"\" \t\tclass=\"so-widget-image\"\/>\n\t\t\t<\/a><\/div>\n\n<\/div><\/div><div id=\"panel-w670fd15abe1bc-0-0-3\" class=\"so-panel widget widget_sow-headline panel-last-child\" data-index=\"3\" ><div\n\t\t\t\n\t\t\tclass=\"so-widget-sow-headline so-widget-sow-headline-default-2f414743e2fc\"\n\t\t\t\n\t\t><div class=\"sow-headline-container \">\n\t\t\t\t\t\t\t<h6 class=\"sow-headline\">\n\t\t\t\t\t\t\t\t\t\t\t\t\t<a href=\"https:\/\/www.agcchem.com\/es\/productos\/etfe-and-greenhouse-films\/pelicula-fluon-etfe\/\" target=\"_blank\" rel=\"noopener noreferrer\">\n\t\t\t\t\t\t\t\tM\u00e1s informaci\u00f3n<\/a>\t\t\t\t\t\t<\/h6>\n\t\t\t\t\t\t<\/div>\n<\/div><\/div><\/div><\/div><div id=\"pgc-w670fd15abe1bc-0-1\"  class=\"panel-grid-cell\" ><div class=\"category_product_box panel-cell-style panel-cell-style-for-w670fd15abe1bc-0-1\" ><div id=\"panel-w670fd15abe1bc-0-1-0\" class=\"so-panel widget widget_sow-headline panel-first-child\" data-index=\"4\" ><div\n\t\t\t\n\t\t\tclass=\"so-widget-sow-headline so-widget-sow-headline-default-79b1ee9670f6\"\n\t\t\t\n\t\t><div class=\"sow-headline-container \">\n\t\t\t\t\t\t\t<h2 class=\"sow-headline\">\n\t\t\t\t\t\t\t\t\t\t\t\t\t<a href=\"https:\/\/www.agcchem.com\/es\/productos\/etfe-and-greenhouse-films\/peliculas-f-clean-para-invernaderos\/\" target=\"_blank\" rel=\"noopener noreferrer\">\n\t\t\t\t\t\t\t\tETFE e filmes de efeito estufa<\/a>\t\t\t\t\t\t<\/h2>\n\t\t\t\t\t\t<\/div>\n<\/div><\/div><div id=\"panel-w670fd15abe1bc-0-1-1\" class=\"so-panel widget widget_text\" data-index=\"5\" >\t\t\t<div class=\"textwidget\"><p>Material ligero y duradero que permite la entrada de m\u00e1s luz que el vidrio, la pel\u00edcula de PE, el policarbonato y las l\u00e1minas de PMMA.<\/p>\n<\/div>\n\t\t<\/div><div id=\"panel-w670fd15abe1bc-0-1-2\" class=\"so-panel widget widget_sow-image\" data-index=\"6\" ><div class=\"panel-widget-style panel-widget-style-for-w670fd15abe1bc-0-1-2\" ><div\n\t\t\t\n\t\t\tclass=\"so-widget-sow-image so-widget-sow-image-default-c67d20f9f743\"\n\t\t\t\n\t\t>\n<div class=\"sow-image-container\">\n\t\t\t<a href=\"\/products\/f-clean-greenhouse-film\/\"\n\t\t\t\t\t>\n\t\t\t<img \n\tsrc=\"https:\/\/www.agcchem.com\/wp-content\/uploads\/2022\/04\/f-clean.png\" width=\"261\" height=\"49\" sizes=\"(max-width: 261px) 100vw, 261px\" alt=\"\" \t\tclass=\"so-widget-image\"\/>\n\t\t\t<\/a><\/div>\n\n<\/div><\/div><\/div><div id=\"panel-w670fd15abe1bc-0-1-3\" class=\"so-panel widget widget_sow-headline panel-last-child\" data-index=\"7\" ><div\n\t\t\t\n\t\t\tclass=\"so-widget-sow-headline so-widget-sow-headline-default-2f414743e2fc\"\n\t\t\t\n\t\t><div class=\"sow-headline-container \">\n\t\t\t\t\t\t\t<h6 class=\"sow-headline\">\n\t\t\t\t\t\t\t\t\t\t\t\t\t<a href=\"https:\/\/www.agcchem.com\/es\/productos\/etfe-and-greenhouse-films\/peliculas-f-clean-para-invernaderos\/\" target=\"_blank\" rel=\"noopener noreferrer\">\n\t\t\t\t\t\t\t\tM\u00e1s informaci\u00f3n<\/a>\t\t\t\t\t\t<\/h6>\n\t\t\t\t\t\t<\/div>\n<\/div><\/div><\/div><\/div><\/div><\/div><\/div><\/div><\/div><\/div><\/div><div id=\"pg-27468-4\"  class=\"panel-grid panel-has-style\" ><div class=\"container panel-row-style panel-row-style-for-27468-4\" id=\"connect_with_agc_section\" ><div id=\"pgc-27468-4-0\"  class=\"panel-grid-cell\" ><div id=\"panel-27468-4-0-0\" class=\"so-panel widget widget_sow-headline panel-first-child\" data-index=\"6\" ><div class=\"category_page_section_heading panel-widget-style panel-widget-style-for-27468-4-0-0\" ><div\n\t\t\t\n\t\t\tclass=\"so-widget-sow-headline so-widget-sow-headline-default-dc2e19ea66d3-27468\"\n\t\t\t\n\t\t><div class=\"sow-headline-container \">\n\t\t\t\t\t\t\t<h2 class=\"sow-headline\">\n\t\t\t\t\t\tConectar con AGC\t\t\t\t\t\t<\/h2>\n\t\t\t\t\t\t\t\t\t\t\t<div class=\"decoration\">\n\t\t\t\t\t\t<div class=\"decoration-inside\"><\/div>\n\t\t\t\t\t<\/div>\n\t\t\t\t\t<\/div>\n<\/div><\/div><\/div><div id=\"panel-27468-4-0-1\" class=\"so-panel widget widget_sow-editor panel-last-child\" data-index=\"7\" ><div\n\t\t\t\n\t\t\tclass=\"so-widget-sow-editor so-widget-sow-editor-base\"\n\t\t\t\n\t\t>\n<div class=\"siteorigin-widget-tinymce textwidget\">\n\t\r\n   \r\n      \r\n         <ul class=\"connect_with_agc_with_icon\">\r\n            <li>\r\n               <img decoding=\"async\" src=\"https:\/\/www.agcchem.com\/wp-content\/themes\/agcchemicals\/images\/phone_icon_cat.png\">\r\n               <span>Customer & product inquiries: <a href=\"tel:+55-11 99673-9340\">+55-11 99673-9340<\/a><\/span>\r\n            <\/li>\r\n            <li>\r\n               <img decoding=\"async\" src=\"https:\/\/www.agcchem.com\/wp-content\/themes\/agcchemicals\/images\/phone_icon_cat.png\">\r\n               <span>All other inquiries: <a href=\"tel:+55-12 3127-7154\">+55-12 3127-7154<\/a><\/span>\r\n            <\/li>            \r\n         <\/ul>\r\n\r\n\r\n      \r\n\r\n   \r\n\r\n\n<\/div>\n<\/div><\/div><\/div><\/div><\/div><\/div>","protected":false},"excerpt":{"rendered":"<p>ETFE y pel\u00edculas para invernaderos AGC produce dos tipos de pel\u00edculas de etileno tetrafluoroetileno (ETFE) de alto rendimiento, que son m\u00e1s ligeras y duraderas que el vidrio. Productos Informaci\u00f3n relacionada Con\u00e9ctese con AGC Fluon\u00ae\ufe0f ETFE se utiliza en aplicaciones arquitect\u00f3nicas&#8230;<\/p>\n","protected":false},"author":2,"featured_media":15096,"parent":2816,"menu_order":0,"comment_status":"closed","ping_status":"closed","template":"","meta":{"_acf_changed":false,"inline_featured_image":false,"footnotes":""},"class_list":["post-27468","page","type-page","status-publish","has-post-thumbnail","hentry"],"acf":[],"_links":{"self":[{"href":"https:\/\/www.agcchem.com\/es\/wp-json\/wp\/v2\/pages\/27468","targetHints":{"allow":["GET"]}}],"collection":[{"href":"https:\/\/www.agcchem.com\/es\/wp-json\/wp\/v2\/pages"}],"about":[{"href":"https:\/\/www.agcchem.com\/es\/wp-json\/wp\/v2\/types\/page"}],"author":[{"embeddable":true,"href":"https:\/\/www.agcchem.com\/es\/wp-json\/wp\/v2\/users\/2"}],"replies":[{"embeddable":true,"href":"https:\/\/www.agcchem.com\/es\/wp-json\/wp\/v2\/comments?post=27468"}],"version-history":[{"count":0,"href":"https:\/\/www.agcchem.com\/es\/wp-json\/wp\/v2\/pages\/27468\/revisions"}],"up":[{"embeddable":true,"href":"https:\/\/www.agcchem.com\/es\/wp-json\/wp\/v2\/pages\/2816"}],"wp:featuredmedia":[{"embeddable":true,"href":"https:\/\/www.agcchem.com\/es\/wp-json\/wp\/v2\/media\/15096"}],"wp:attachment":[{"href":"https:\/\/www.agcchem.com\/es\/wp-json\/wp\/v2\/media?parent=27468"}],"curies":[{"name":"wp","href":"https:\/\/api.w.org\/{rel}","templated":true}]}}