{"id":27816,"date":"2024-09-29T10:44:21","date_gmt":"2024-09-29T10:44:21","guid":{"rendered":"https:\/\/www.agcchem.com\/productos\/disolventes-hcfo-amolea\/"},"modified":"2024-10-11T17:28:29","modified_gmt":"2024-10-11T17:28:29","slug":"disolventes-hcfo-amolea","status":"publish","type":"page","link":"https:\/\/www.agcchem.com\/es\/productos\/disolventes-hcfo-amolea\/","title":{"rendered":"Disolventes HCFO AMOLEA\u2122"},"content":{"rendered":"<div id=\"pl-27816\"  class=\"panel-layout\" ><div id=\"pg-27816-0\"  class=\"panel-grid panel-has-style\" ><div class=\"home-slider global_hero_section siteorigin-panels-stretch animate-69d2c0307b1ce813495268 panels-animation-hide panel-row-style panel-row-style-for-27816-0\" data-stretch-type=\"full-width-stretch\" data-so-animation=\"{&quot;selector&quot;:&quot;.animate-69d2c0307b1ce813495268&quot;,&quot;animation&quot;:&quot;fadeIn&quot;,&quot;breakpoint&quot;:&quot;780px&quot;,&quot;duration&quot;:1,&quot;repeat&quot;:0,&quot;hide&quot;:1,&quot;disableAnimationMobile&quot;:0,&quot;finalState&quot;:&quot;visible&quot;,&quot;delay&quot;:0,&quot;debounce&quot;:0.1,&quot;event&quot;:&quot;enter&quot;,&quot;offset&quot;:0}\" ><div id=\"pgc-27816-0-0\"  class=\"panel-grid-cell\" ><div id=\"panel-27816-0-0-0\" class=\"so-panel widget widget_sow-image panel-first-child\" data-index=\"0\" ><div class=\"hero_big_image panel-widget-style panel-widget-style-for-27816-0-0-0\" ><div\n\t\t\t\n\t\t\tclass=\"so-widget-sow-image so-widget-sow-image-default-e4c2d9f6c920-27816\"\n\t\t\t\n\t\t>\n<div class=\"sow-image-container\">\n\t\t<img \n\tsrc=\"https:\/\/www.agcchem.com\/wp-content\/uploads\/2024\/04\/amolea-as300-hero.png\" width=\"1400\" height=\"600\" srcset=\"https:\/\/www.agcchem.com\/wp-content\/uploads\/2024\/04\/amolea-as300-hero.png 1400w, https:\/\/www.agcchem.com\/wp-content\/uploads\/2024\/04\/amolea-as300-hero-300x129.png 300w, https:\/\/www.agcchem.com\/wp-content\/uploads\/2024\/04\/amolea-as300-hero-1024x439.png 1024w, https:\/\/www.agcchem.com\/wp-content\/uploads\/2024\/04\/amolea-as300-hero-768x329.png 768w\" sizes=\"(max-width: 1400px) 100vw, 1400px\" alt=\"\" \t\tclass=\"so-widget-image\"\/>\n\t<\/div>\n\n<\/div><\/div><\/div><div id=\"panel-27816-0-0-1\" class=\"so-panel widget widget_siteorigin-panels-builder panel-last-child\" data-index=\"1\" ><div class=\"home-slide-content white_text add_breadcrumb panel-widget-style panel-widget-style-for-27816-0-0-1\" ><div id=\"pl-w67080cbfacdaa\"  class=\"panel-layout\" ><div id=\"pg-w67080cbfacdaa-0\"  class=\"panel-grid panel-no-style\" ><div id=\"pgc-w67080cbfacdaa-0-0\"  class=\"panel-grid-cell\" ><div id=\"panel-w67080cbfacdaa-0-0-0\" class=\"widget_text so-panel widget widget_custom_html panel-first-child\" data-index=\"0\" ><div class=\"textwidget custom-html-widget\"><div class=\"home-bg\"><\/div><\/div><\/div><div id=\"panel-w67080cbfacdaa-0-0-1\" class=\"so-panel widget widget_siteorigin-panels-builder panel-last-child\" data-index=\"1\" ><div class=\"container panel-widget-style panel-widget-style-for-w67080cbfacdaa-0-0-1\" ><div id=\"pl-w67080cbfacdb8\"  class=\"panel-layout\" ><div id=\"pg-w67080cbfacdb8-0\"  class=\"panel-grid panel-has-style\" ><div class=\"home-slid-inner panel-row-style panel-row-style-for-w67080cbfacdb8-0\" ><div id=\"pgc-w67080cbfacdb8-0-0\"  class=\"panel-grid-cell\" ><div id=\"panel-w67080cbfacdb8-0-0-0\" class=\"so-panel widget widget_sow-editor panel-first-child\" data-index=\"0\" ><div\n\t\t\t\n\t\t\tclass=\"so-widget-sow-editor so-widget-sow-editor-base\"\n\t\t\t\n\t\t>\n<div class=\"siteorigin-widget-tinymce textwidget\">\n\t<div class=\"\">\r\n  <nav aria-label=\"breadcrumb\" class=\"breadcrumb\">\r\n     <ol class=\"breadcrumb-item\">\r\n\t    <span property=\"itemListElement\" typeof=\"ListItem\"><a property=\"item\" typeof=\"WebPage\" title=\"Go to AGC Chemicals.\" href=\"https:\/\/www.agcchem.com\/es\/\" class=\"home\"><span property=\"name\"><i class=\"fa fa-map-marker\"><\/i> Home<\/span><\/a><meta property=\"position\" content=\"1\"><\/span><i class=\"fa fa-angle-double-right\"><\/i><span property=\"itemListElement\" typeof=\"ListItem\"><a property=\"item\" typeof=\"WebPage\" title=\"Go to Blog.\" href=\"https:\/\/www.agcchem.com\/blog\/\" class=\"post-root post post-post\"><span property=\"name\">Blog<\/span><\/a><meta property=\"position\" content=\"2\"><\/span>     <\/ol>\r\n  <\/nav>\r\n<\/div>\n<\/div>\n<\/div><\/div><div id=\"panel-w67080cbfacdb8-0-0-1\" class=\"so-panel widget widget_sow-headline\" data-index=\"1\" ><div\n\t\t\t\n\t\t\tclass=\"so-widget-sow-headline so-widget-sow-headline-default-704e7542437d\"\n\t\t\t\n\t\t><div class=\"sow-headline-container \">\n\t\t\t\t\t\t\t<h1 class=\"sow-headline\">\n\t\t\t\t\t\tSolventes fluorados HCFO de pr\u00f3xima generaci\u00f3n.\t\t\t\t\t\t<\/h1>\n\t\t\t\t\t\t\t\t\t\t\t\t<h3 class=\"sow-sub-headline\">\n\t\t\t\t\t\tLos grados AMOLEA\u2122 AS-300 y AS-300AT son solventes fluorados no inflamables basados \u200b\u200ben la qu\u00edmica HCFO.\t\t\t\t\t\t<\/h3>\n\t\t\t\t\t\t<\/div>\n<\/div><\/div><div id=\"panel-w67080cbfacdb8-0-0-2\" class=\"so-panel widget widget_sow-image\" data-index=\"2\" ><div class=\"gear_bg_twentyseven panel-widget-style panel-widget-style-for-w67080cbfacdb8-0-0-2\" ><div\n\t\t\t\n\t\t\tclass=\"so-widget-sow-image so-widget-sow-image-default-8b5b6f678277\"\n\t\t\t\n\t\t>\n<div class=\"sow-image-container\">\n\t\t<img \n\tsrc=\"https:\/\/www.agcchem.com\/wp-content\/uploads\/2024\/03\/gear_bg_27.svg\" width=\"279\" height=\"279\" sizes=\"(max-width: 279px) 100vw, 279px\" alt=\"\" \t\tclass=\"so-widget-image\"\/>\n\t<\/div>\n\n<\/div><\/div><\/div><div id=\"panel-w67080cbfacdb8-0-0-3\" class=\"so-panel widget widget_sow-image\" data-index=\"3\" ><div class=\"gear_bg_thirtyseven panel-widget-style panel-widget-style-for-w67080cbfacdb8-0-0-3\" ><div\n\t\t\t\n\t\t\tclass=\"so-widget-sow-image so-widget-sow-image-default-8b5b6f678277\"\n\t\t\t\n\t\t>\n<div class=\"sow-image-container\">\n\t\t<img \n\tsrc=\"https:\/\/www.agcchem.com\/wp-content\/uploads\/2024\/03\/gear_bg_37.svg\" width=\"228\" height=\"228\" sizes=\"(max-width: 228px) 100vw, 228px\" alt=\"\" \t\tclass=\"so-widget-image\"\/>\n\t<\/div>\n\n<\/div><\/div><\/div><div id=\"panel-w67080cbfacdb8-0-0-4\" class=\"widget_text so-panel widget widget_custom_html panel-last-child\" data-index=\"4\" ><div class=\"textwidget custom-html-widget\">\r\n  <div class=\"select_brand_dropdown\">\r\n    \r\n    \r\n    <div class=\"new_products_cta_buttons btns\">\r\n\r\n      \r\n\r\n      \r\n        <a href=\"\/es\/contactenos\/dudas-al-respecto-del-producto\/?product=arm_asahiklinandamoleafluorosolvents\" class=\"btn btn-primary\">\r\n          <span>Dudas al respecto del producto<\/span>\r\n        <\/a>\r\n\r\n        <a href=\"\/es\/contactenos\/pedido-de-muestra\/?product=arm_asahiklinandamoleafluorosolvents\" class=\"btn btn-secondary\">\r\n          <span>Pedido de muestra<\/span>\r\n        <\/a>\r\n\r\n      \r\n\r\n            \r\n    <\/div>\r\n\r\n  <\/div>\r\n\r\n<\/div><\/div><\/div><\/div><\/div><\/div><\/div><\/div><\/div><\/div><\/div><\/div><\/div><\/div><\/div><\/div><div id=\"pg-27816-1\"  class=\"panel-grid panel-has-style\" ><div class=\"inner_page_sub_navigation siteorigin-panels-stretch panel-row-style panel-row-style-for-27816-1\" data-stretch-type=\"full-width-stretch\" ><div id=\"pgc-27816-1-0\"  class=\"panel-grid-cell\" ><div id=\"panel-27816-1-0-0\" class=\"so-panel widget widget_siteorigin-panels-builder panel-first-child panel-last-child\" data-index=\"2\" ><div class=\"container  panel-widget-style panel-widget-style-for-27816-1-0-0\" ><div id=\"pl-w6621668dbc019\"  class=\"panel-layout\" ><div id=\"pg-w6621668dbc019-0\"  class=\"panel-grid panel-no-style\" ><div id=\"pgc-w6621668dbc019-0-0\"  class=\"panel-grid-cell\" ><div id=\"panel-w6621668dbc019-0-0-0\" class=\"widget_text so-panel widget widget_custom_html panel-first-child panel-last-child\" data-index=\"0\" ><div class=\"textwidget custom-html-widget\"><ul>\r\n\t<li>Explore:<\/li>\r\n\t<li><a href=\"#overview\">Descripci\u00f3n general<\/a><\/li>\t\r\n\t<li><a href=\"#features\">Caracter\u00edsticas<\/a><\/li>\t\r\n\t<li><a href=\"#aplicaciones\">Aplicaciones<\/a><\/li>\r\n\t<li><a href=\"#sds\">SDS<\/a><\/li>\r\n\t<li><a href=\"#servicios-de-prueba\">Servicios de prueba<\/a><\/li>\r\n<\/ul><\/div><\/div><\/div><\/div><\/div><\/div><\/div><\/div><\/div><\/div><div id=\"pg-27816-2\"  class=\"panel-grid panel-has-style\" ><div class=\"two_column_with_blue_lines siteorigin-panels-stretch panel-row-style panel-row-style-for-27816-2\" id=\"overview\" data-stretch-type=\"full-width-stretch\" ><div id=\"pgc-27816-2-0\"  class=\"panel-grid-cell\" ><div id=\"panel-27816-2-0-0\" class=\"so-panel widget widget_siteorigin-panels-builder panel-first-child panel-last-child\" data-index=\"3\" ><div class=\"container  panel-widget-style panel-widget-style-for-27816-2-0-0\" ><div id=\"pl-w67095f4b17bda\"  class=\"panel-layout\" ><div id=\"pg-w67095f4b17bda-0\"  class=\"panel-grid panel-has-style\" ><div class=\"col-12 col-md-10 m-auto panel-row-style panel-row-style-for-w67095f4b17bda-0\" ><div id=\"pgc-w67095f4b17bda-0-0\"  class=\"panel-grid-cell\" ><div id=\"panel-w67095f4b17bda-0-0-0\" class=\"so-panel widget widget_sow-image panel-first-child\" data-index=\"0\" ><div\n\t\t\t\n\t\t\tclass=\"so-widget-sow-image so-widget-sow-image-default-8b5b6f678277\"\n\t\t\t\n\t\t>\n<div class=\"sow-image-container\">\n\t\t<img \n\tsrc=\"https:\/\/www.agcchem.com\/wp-content\/uploads\/2024\/04\/amolea-clear.png\" width=\"250\" height=\"52\" sizes=\"(max-width: 250px) 100vw, 250px\" alt=\"\" \t\tclass=\"so-widget-image\"\/>\n\t<\/div>\n\n<\/div><\/div><div id=\"panel-w67095f4b17bda-0-0-1\" class=\"so-panel widget widget_sow-headline panel-last-child\" data-index=\"1\" ><div\n\t\t\t\n\t\t\tclass=\"so-widget-sow-headline so-widget-sow-headline-default-8318c00d2987\"\n\t\t\t\n\t\t><div class=\"sow-headline-container \">\n\t\t\t\t\t\t\t<h4 class=\"sow-headline\">\n\t\t\t\t\t\tDisolventes fluorados HCFO de pr\u00f3xima generaci\u00f3n.\t\t\t\t\t\t<\/h4>\n\t\t\t\t\t\t\t\t\t\t\t<div class=\"decoration\">\n\t\t\t\t\t\t<div class=\"decoration-inside\"><\/div>\n\t\t\t\t\t<\/div>\n\t\t\t\t\t<\/div>\n<\/div><\/div><\/div><div id=\"pgc-w67095f4b17bda-0-1\"  class=\"panel-grid-cell\" ><div id=\"panel-w67095f4b17bda-0-1-0\" class=\"so-panel widget widget_sow-editor panel-first-child panel-last-child\" data-index=\"2\" ><div class=\"text-black panel-widget-style panel-widget-style-for-w67095f4b17bda-0-1-0\" ><div\n\t\t\t\n\t\t\tclass=\"so-widget-sow-editor so-widget-sow-editor-base\"\n\t\t\t\n\t\t>\n<div class=\"siteorigin-widget-tinymce textwidget\">\n\t<p>Los grados AMOLEA\u2122 AS300 y AS300AT son los solventes fluorados no inflamables m\u00e1s nuevos de la industria, con propiedades de limpieza ideales. Estos fluorosolventes de pr\u00f3xima generaci\u00f3n se basan en la qu\u00edmica HCFO, poseen una excelente solvencia de limpieza, pueden ser utilizados en desengrasadores a vapor, y no est\u00e1n regulados como contaminantes atmosf\u00e9ricos peligrosos (HAP) con un potencial de calentamiento global (GWP) inferior a 1. El programa SNAP de la EPA de EE.UU. lista estos solventes como aceptables para la limpieza de electr\u00f3nicos, limpieza de metales, limpieza de precisi\u00f3n y diluyentes para recubrimientos.<\/p>\n<\/div>\n<\/div><\/div><\/div><\/div><\/div><\/div><\/div><\/div><\/div><\/div><\/div><\/div><div id=\"pg-27816-3\"  class=\"panel-grid panel-has-style\" ><div id=\"features\" class=\"panel-row-style panel-row-style-for-27816-3\" ><div id=\"pgc-27816-3-0\"  class=\"panel-grid-cell\" ><div id=\"panel-27816-3-0-0\" class=\"so-panel widget widget_sow-editor panel-first-child panel-last-child\" data-index=\"4\" ><div class=\"text-black panel-widget-style panel-widget-style-for-27816-3-0-0\" ><div\n\t\t\t\n\t\t\tclass=\"so-widget-sow-editor so-widget-sow-editor-base\"\n\t\t\t\n\t\t>\n<div class=\"siteorigin-widget-tinymce textwidget\">\n\t<p>Los solventes HCFO AMOLEA AS300 y AS300AT poseen puntos de ebullici\u00f3n ventajosos, solvencia superior con valores de Kb de 44 y 118, respectivamente, y perfiles favorables de HSE (Salud, Seguridad y Medio Ambiente).<\/p>\n<p>Los AMOLEA AS300 y AS300AT son sustitutos ideales para los solventes HFC, solventes HCFO de bajo punto de ebullici\u00f3n, as\u00ed como el bromuro de n-propilo (nPB o 1BP) y el tricloroetileno, que est\u00e1n siendo evaluados bajo la Ley de Control de Sustancias T\u00f3xicas (TSCA) de la EPA.<\/p>\n<p data-wp-editing=\"1\"><a class=\"popmake-17525\"><img loading=\"lazy\" decoding=\"async\" class=\"wp-image-17582 size-full alignnone\" src=\"https:\/\/www.agcchem.com\/wp-content\/uploads\/2022\/02\/AS-30-Series-thumb-1.png\" alt=\"\" width=\"200\" height=\"70\" \/><br \/>\n<strong>Ver cuadro de propiedades<\/strong><br \/>\n<\/a><\/p>\n<\/div>\n<\/div><\/div><\/div><\/div><div id=\"pgc-27816-3-1\"  class=\"panel-grid-cell\" ><div id=\"panel-27816-3-1-0\" class=\"so-panel widget widget_sow-image panel-first-child\" data-index=\"5\" ><div class=\"has-line-skyblue-left-middle panel-widget-style panel-widget-style-for-27816-3-1-0\" ><div\n\t\t\t\n\t\t\tclass=\"so-widget-sow-image so-widget-sow-image-default-334eeca80698-27816\"\n\t\t\t\n\t\t>\n<div class=\"sow-image-container\">\n\t\t<img \n\tsrc=\"https:\/\/www.agcchem.com\/wp-content\/uploads\/2024\/05\/airplane-cockpit.png\" width=\"1000\" height=\"667\" srcset=\"https:\/\/www.agcchem.com\/wp-content\/uploads\/2024\/05\/airplane-cockpit.png 1000w, https:\/\/www.agcchem.com\/wp-content\/uploads\/2024\/05\/airplane-cockpit-300x200.png 300w, https:\/\/www.agcchem.com\/wp-content\/uploads\/2024\/05\/airplane-cockpit-768x512.png 768w, https:\/\/www.agcchem.com\/wp-content\/uploads\/2024\/05\/airplane-cockpit-272x182.png 272w\" sizes=\"(max-width: 1000px) 100vw, 1000px\" alt=\"Los disolventes fluorados ayudan en las aplicaciones aeron\u00e1uticas.\" \t\tclass=\"so-widget-image\"\/>\n\t<\/div>\n\n<\/div><\/div><\/div><div id=\"panel-27816-3-1-1\" class=\"so-panel widget widget_sow-image panel-last-child\" data-index=\"6\" ><div class=\"image_white_border panel-widget-style panel-widget-style-for-27816-3-1-1\" ><div\n\t\t\t\n\t\t\tclass=\"so-widget-sow-image so-widget-sow-image-default-b4513c7b55bb-27816\"\n\t\t\t\n\t\t>\n<div class=\"sow-image-container\">\n\t\t<img \n\tsrc=\"https:\/\/www.agcchem.com\/wp-content\/uploads\/2024\/05\/amoles-300-sm-1.png\" width=\"202\" height=\"146\" sizes=\"(max-width: 202px) 100vw, 202px\" title=\"amoles-300-sm\" alt=\"\" \t\tclass=\"so-widget-image\"\/>\n\t<\/div>\n\n<\/div><\/div><\/div><\/div><\/div><\/div><div id=\"pg-27816-4\"  class=\"panel-grid panel-has-style\" ><div class=\"markets_section panel-row-style panel-row-style-for-27816-4\" ><div id=\"pgc-27816-4-0\"  class=\"panel-grid-cell\" ><div id=\"panel-27816-4-0-0\" class=\"so-panel widget widget_sow-editor panel-first-child panel-last-child\" data-index=\"7\" ><div\n\t\t\t\n\t\t\tclass=\"so-widget-sow-editor so-widget-sow-editor-base\"\n\t\t\t\n\t\t>\n<div class=\"siteorigin-widget-tinymce textwidget\">\n\t\r\n\t\r\n  \n<\/div>\n<\/div><\/div><\/div><\/div><\/div><div id=\"pg-27816-5\"  class=\"panel-grid panel-has-style\" ><div class=\"clip_path_top_left_down bottom_gear_top_white_lines siteorigin-panels-stretch panel-row-style panel-row-style-for-27816-5\" data-stretch-type=\"full-width-stretch\" ><div id=\"pgc-27816-5-0\"  class=\"panel-grid-cell\" ><div id=\"panel-27816-5-0-0\" class=\"so-panel widget widget_siteorigin-panels-builder panel-first-child panel-last-child\" data-index=\"8\" ><div class=\"product_tab_section panel-widget-style panel-widget-style-for-27816-5-0-0\" ><div id=\"pl-w6709603d4c91b\"  class=\"panel-layout\" ><div id=\"pg-w6709603d4c91b-0\"  class=\"panel-grid panel-has-style\" ><div class=\" col-md-9 m-auto col-12 panel-row-style panel-row-style-for-w6709603d4c91b-0\" ><div id=\"pgc-w6709603d4c91b-0-0\"  class=\"panel-grid-cell\" ><div id=\"panel-w6709603d4c91b-0-0-0\" class=\"so-panel widget widget_sow-tabs panel-first-child panel-last-child\" data-index=\"0\" ><div\n\t\t\t\n\t\t\tclass=\"so-widget-sow-tabs so-widget-sow-tabs-default-aaee25de5bd8\"\n\t\t\t\n\t\t><div class=\"sow-tabs\">\n\t<div class=\"sow-tabs-tab-container\" role=\"tablist\">\n\t\t\t<div\n\t\t\tclass=\"sow-tabs-tab\n\t\t\t sow-tabs-tab-selected\t\t\t\"\n\t\t\trole=\"tab\"\n\t\t\tdata-anchor-id=\"caracteristicas\"\n\t\t\taria-selected=\"true\"\n\t\t\ttabindex=\"0\"\n\t\t>\n\t\t\t<div class=\"sow-tabs-title sow-tabs-title-icon-left\">\n\t\t\t\t\t\t\t\tCaracter\u00edsticas\t\t\t\t\t\t\t<\/div>\n\t\t<\/div>\n\t\t\t<div\n\t\t\tclass=\"sow-tabs-tab\n\t\t\t\t\t\t\"\n\t\t\trole=\"tab\"\n\t\t\tdata-anchor-id=\"aplicaciones\"\n\t\t\taria-selected=\"false\"\n\t\t\ttabindex=\"0\"\n\t\t>\n\t\t\t<div class=\"sow-tabs-title sow-tabs-title-icon-left\">\n\t\t\t\t\t\t\t\tAplicaciones\t\t\t\t\t\t\t<\/div>\n\t\t<\/div>\n\t\t\t<div\n\t\t\tclass=\"sow-tabs-tab\n\t\t\t\t\t\t\"\n\t\t\trole=\"tab\"\n\t\t\tdata-anchor-id=\"sds\"\n\t\t\taria-selected=\"false\"\n\t\t\ttabindex=\"0\"\n\t\t>\n\t\t\t<div class=\"sow-tabs-title sow-tabs-title-icon-left\">\n\t\t\t\t\t\t\t\tSDS\t\t\t\t\t\t\t<\/div>\n\t\t<\/div>\n\t\t\t<div\n\t\t\tclass=\"sow-tabs-tab\n\t\t\t\t\t\t\"\n\t\t\trole=\"tab\"\n\t\t\tdata-anchor-id=\"servicios-de-prueba\"\n\t\t\taria-selected=\"false\"\n\t\t\ttabindex=\"0\"\n\t\t>\n\t\t\t<div class=\"sow-tabs-title sow-tabs-title-icon-left\">\n\t\t\t\t\t\t\t\tServicios de prueba\t\t\t\t\t\t\t<\/div>\n\t\t<\/div>\n\t\t<\/div>\n\n\t<div class=\"sow-tabs-panel-container\">\n\t\t\t<div class=\"sow-tabs-panel\">\n\t\t\t<div\n\t\t\t\tclass=\"sow-tabs-panel-content\"\n\t\t\t\trole=\"tabpanel\"\n\t\t\t\taria-hidden=\"false\"\n\t\t\t>\n\t\t\t\t<ul>\n<li>No inflamable<\/li>\n<li>Potencial de calentamiento global (GWP) &lt;1<\/li>\n<li>No regulado como HAP<\/li>\n<li>Excelente solvencia; alto valor de KB<\/li>\n<li>Alto l\u00edmite de exposici\u00f3n aceptable (AEL)<\/li>\n<li>Punto de ebullici\u00f3n ventajoso<\/li>\n<\/ul>\n\t\t\t<\/div>\n\t\t<\/div>\n\t\t\t<div class=\"sow-tabs-panel\">\n\t\t\t<div\n\t\t\t\tclass=\"sow-tabs-panel-content\"\n\t\t\t\trole=\"tabpanel\"\n\t\t\t\taria-hidden=\"true\"\n\t\t\t>\n\t\t\t\t<ul>\n<li>Desengrase (aceites de corte, aceites de prensa, aceites de silicona), grasas, ceras, alquitranes<\/li>\n<li>Desflujo de ensamblajes de circuitos impresos<\/li>\n<li>Solvente transportador para aceites de silicona, grasas fluoradas y otros<\/li>\n<li>Sustituto para nPB, TCE, PCE, DCM, 3M Novec\u2122, Chemours\u2122 Vertrel\u2122, Honeywell Solstice\u2122 PF<\/li>\n<\/ul>\n\t\t\t<\/div>\n\t\t<\/div>\n\t\t\t<div class=\"sow-tabs-panel\">\n\t\t\t<div\n\t\t\t\tclass=\"sow-tabs-panel-content\"\n\t\t\t\trole=\"tabpanel\"\n\t\t\t\taria-hidden=\"true\"\n\t\t\t>\n\t\t\t\t<p><a href=\"https:\/\/www.agcchem.com\/es\/contactenos\/pedido-de-sds\/\">Click here<\/a>\u00a0to request an SDS sheet.<\/p>\n\t\t\t<\/div>\n\t\t<\/div>\n\t\t\t<div class=\"sow-tabs-panel\">\n\t\t\t<div\n\t\t\t\tclass=\"sow-tabs-panel-content\"\n\t\t\t\trole=\"tabpanel\"\n\t\t\t\taria-hidden=\"true\"\n\t\t\t>\n\t\t\t\t<ul>\n<li>Evaluaci\u00f3n de limpieza utilizando desengrasador a vapor y\/o limpiador ultras\u00f3nico de banco<\/li>\n<li>Inspecci\u00f3n microsc\u00f3pica<\/li>\n<li>Evaluaci\u00f3n de solubilidad<\/li>\n<li>Prueba de acidez<\/li>\n<li>Desarrollo de aplicaciones<\/li>\n<li>Residuo de cloruro<\/li>\n<li>Composici\u00f3n por GC<\/li>\n<li>FTIR<\/li>\n<li>Contenido de humedad<\/li>\n<li>Evaluaci\u00f3n de NVR<\/li>\n<li>Estudio de compatibilidad de materiales (metal, pl\u00e1stico, elast\u00f3mero, etc.)<\/li>\n<\/ul>\n<div class=\"btn-group btn-option\"><a class=\"btn btn-lg btn-primary\" role=\"button\" href=\"https:\/\/www.agcchem.com\/about-us\/research-and-development\/\">More Information<\/a><\/div>\n\t\t\t<\/div>\n\t\t<\/div>\n\t\t<\/div>\n<\/div>\n<\/div><\/div><\/div><\/div><\/div><\/div><\/div><\/div><\/div><\/div><\/div><div id=\"pg-27816-7\"  class=\"panel-grid panel-has-style\" ><div class=\"blue_overlay siteorigin-panels-stretch panel-row-style panel-row-style-for-27816-7\" data-stretch-type=\"full-width-stretch\" ><div id=\"pgc-27816-7-0\"  class=\"panel-grid-cell\" ><div id=\"panel-27816-7-0-0\" class=\"so-panel widget widget_siteorigin-panels-builder panel-first-child panel-last-child\" data-index=\"11\" ><div class=\"container panel-widget-style panel-widget-style-for-27816-7-0-0\" ><div id=\"pl-w662574d241a87\"  class=\"panel-layout\" ><div id=\"pg-w662574d241a87-0\"  class=\"panel-grid panel-has-style\" ><div class=\"col-12 col-md-6 m-auto position-relative panel-row-style panel-row-style-for-w662574d241a87-0\" ><div id=\"pgc-w662574d241a87-0-0\"  class=\"panel-grid-cell\" ><div id=\"panel-w662574d241a87-0-0-0\" class=\"so-panel widget widget_sow-headline panel-first-child\" data-index=\"0\" ><div class=\"fw-bold panel-widget-style panel-widget-style-for-w662574d241a87-0-0-0\" ><div\n\t\t\t\n\t\t\tclass=\"so-widget-sow-headline so-widget-sow-headline-default-87547e56f06d\"\n\t\t\t\n\t\t><div class=\"sow-headline-container \">\n\t\t\t\t\t\t\t<h2 class=\"sow-headline\">\n\t\t\t\t\t\tComun\u00edquese con nuestros expertos en fluoropol\u00edmeros para analizar sus necesidades espec\u00edficas.\t\t\t\t\t\t<\/h2>\n\t\t\t\t\t\t<\/div>\n<\/div><\/div><\/div><div id=\"panel-w662574d241a87-0-0-1\" class=\"so-panel widget widget_sow-button panel-last-child\" data-index=\"1\" ><div\n\t\t\t\n\t\t\tclass=\"so-widget-sow-button so-widget-sow-button-flat-f949060a8f32\"\n\t\t\t\n\t\t><div class=\"ow-button-base ow-button-align-center\"\n>\n\t\t\t<a\n\t\t\t\t\thref=\"https:\/\/www.agcchem.com\/contact-us\/product-inquiry\/\"\n\t\t\t\t\tclass=\"btn sowb-button ow-icon-placement-left ow-button-hover\" \t>\n\t\t<span>\n\t\t\t\n\t\t\tConsulta de producto\t\t<\/span>\n\t\t\t<\/a>\n\t<\/div>\n<\/div><\/div><\/div><\/div><\/div><\/div><\/div><\/div><\/div><\/div><\/div><\/div>","protected":false},"excerpt":{"rendered":"<p>HomeBlog Solventes fluorados HCFO de pr\u00f3xima generaci\u00f3n. Los grados AMOLEA\u2122 AS-300 y AS-300AT son solventes fluorados no inflamables basados \u200b\u200ben la qu\u00edmica HCFO. Dudas al respecto del producto Pedido de muestra Explore: Descripci\u00f3n general Caracter\u00edsticas Aplicaciones SDS Servicios de prueba&#8230;<\/p>\n","protected":false},"author":12,"featured_media":30096,"parent":2816,"menu_order":1,"comment_status":"closed","ping_status":"closed","template":"page-template\/product-template.php","meta":{"_acf_changed":false,"inline_featured_image":false,"footnotes":""},"class_list":["post-27816","page","type-page","status-publish","has-post-thumbnail","hentry"],"acf":[],"_links":{"self":[{"href":"https:\/\/www.agcchem.com\/es\/wp-json\/wp\/v2\/pages\/27816","targetHints":{"allow":["GET"]}}],"collection":[{"href":"https:\/\/www.agcchem.com\/es\/wp-json\/wp\/v2\/pages"}],"about":[{"href":"https:\/\/www.agcchem.com\/es\/wp-json\/wp\/v2\/types\/page"}],"author":[{"embeddable":true,"href":"https:\/\/www.agcchem.com\/es\/wp-json\/wp\/v2\/users\/12"}],"replies":[{"embeddable":true,"href":"https:\/\/www.agcchem.com\/es\/wp-json\/wp\/v2\/comments?post=27816"}],"version-history":[{"count":0,"href":"https:\/\/www.agcchem.com\/es\/wp-json\/wp\/v2\/pages\/27816\/revisions"}],"up":[{"embeddable":true,"href":"https:\/\/www.agcchem.com\/es\/wp-json\/wp\/v2\/pages\/2816"}],"wp:featuredmedia":[{"embeddable":true,"href":"https:\/\/www.agcchem.com\/es\/wp-json\/wp\/v2\/media\/30096"}],"wp:attachment":[{"href":"https:\/\/www.agcchem.com\/es\/wp-json\/wp\/v2\/media?parent=27816"}],"curies":[{"name":"wp","href":"https:\/\/api.w.org\/{rel}","templated":true}]}}