{"id":27923,"date":"2021-02-08T17:56:09","date_gmt":"2021-02-08T17:56:09","guid":{"rendered":"https:\/\/www.agcchem.com\/productos\/compuestos-fluon\/fluon-antimicrobial\/"},"modified":"2024-10-02T19:44:26","modified_gmt":"2024-10-02T19:44:26","slug":"fluon-antimicrobial","status":"publish","type":"page","link":"https:\/\/www.agcchem.com\/es\/productos\/compuestos-fluon\/fluon-antimicrobial\/","title":{"rendered":"Fluon+\u2122 EM-20020"},"content":{"rendered":"<div id=\"pl-27923\"  class=\"panel-layout\" ><div id=\"pg-27923-0\"  class=\"panel-grid panel-has-style\" ><div class=\"home-slider global_hero_section siteorigin-panels-stretch animate-69d1210c67ad9122427526 panels-animation-hide panel-row-style panel-row-style-for-27923-0\" data-stretch-type=\"full-width-stretch\" data-so-animation=\"{&quot;selector&quot;:&quot;.animate-69d1210c67ad9122427526&quot;,&quot;animation&quot;:&quot;fadeIn&quot;,&quot;breakpoint&quot;:&quot;780px&quot;,&quot;duration&quot;:1,&quot;repeat&quot;:0,&quot;hide&quot;:1,&quot;disableAnimationMobile&quot;:0,&quot;finalState&quot;:&quot;visible&quot;,&quot;delay&quot;:0,&quot;debounce&quot;:0.1,&quot;event&quot;:&quot;enter&quot;,&quot;offset&quot;:0}\" ><div id=\"pgc-27923-0-0\"  class=\"panel-grid-cell\" ><div id=\"panel-27923-0-0-0\" class=\"so-panel widget widget_sow-image panel-first-child\" data-index=\"0\" ><div class=\"hero_big_image panel-widget-style panel-widget-style-for-27923-0-0-0\" ><div\n\t\t\t\n\t\t\tclass=\"so-widget-sow-image so-widget-sow-image-default-e4c2d9f6c920-27923\"\n\t\t\t\n\t\t>\n<div class=\"sow-image-container\">\n\t\t<img \n\tsrc=\"https:\/\/www.agcchem.com\/wp-content\/uploads\/2024\/04\/fluonhero-1.png\" width=\"1400\" height=\"600\" srcset=\"https:\/\/www.agcchem.com\/wp-content\/uploads\/2024\/04\/fluonhero-1.png 1400w, https:\/\/www.agcchem.com\/wp-content\/uploads\/2024\/04\/fluonhero-1-300x129.png 300w, https:\/\/www.agcchem.com\/wp-content\/uploads\/2024\/04\/fluonhero-1-1024x439.png 1024w, https:\/\/www.agcchem.com\/wp-content\/uploads\/2024\/04\/fluonhero-1-768x329.png 768w\" sizes=\"(max-width: 1400px) 100vw, 1400px\" title=\"fluon+hero\" alt=\"\" \t\tclass=\"so-widget-image\"\/>\n\t<\/div>\n\n<\/div><\/div><\/div><div id=\"panel-27923-0-0-1\" class=\"so-panel widget widget_siteorigin-panels-builder panel-last-child\" data-index=\"1\" ><div class=\"home-slide-content white_text add_breadcrumb panel-widget-style panel-widget-style-for-27923-0-0-1\" ><div id=\"pl-w66fda28607217\"  class=\"panel-layout\" ><div id=\"pg-w66fda28607217-0\"  class=\"panel-grid panel-no-style\" ><div id=\"pgc-w66fda28607217-0-0\"  class=\"panel-grid-cell\" ><div id=\"panel-w66fda28607217-0-0-0\" class=\"widget_text so-panel widget widget_custom_html panel-first-child\" data-index=\"0\" ><div class=\"textwidget custom-html-widget\"><div class=\"home-bg\"><\/div><\/div><\/div><div id=\"panel-w66fda28607217-0-0-1\" class=\"so-panel widget widget_siteorigin-panels-builder panel-last-child\" data-index=\"1\" ><div class=\"container panel-widget-style panel-widget-style-for-w66fda28607217-0-0-1\" ><div id=\"pl-w66e2bdb203aef\"  class=\"panel-layout\" ><div id=\"pg-w66e2bdb203aef-0\"  class=\"panel-grid panel-has-style\" ><div class=\"home-slid-inner panel-row-style panel-row-style-for-w66e2bdb203aef-0\" ><div id=\"pgc-w66e2bdb203aef-0-0\"  class=\"panel-grid-cell\" ><div id=\"panel-w66e2bdb203aef-0-0-0\" class=\"so-panel widget widget_sow-editor panel-first-child\" data-index=\"0\" ><div\n\t\t\t\n\t\t\tclass=\"so-widget-sow-editor so-widget-sow-editor-base\"\n\t\t\t\n\t\t>\n<div class=\"siteorigin-widget-tinymce textwidget\">\n\t<div class=\"\">\r\n  <nav aria-label=\"breadcrumb\" class=\"breadcrumb\">\r\n     <ol class=\"breadcrumb-item\">\r\n\t    <span property=\"itemListElement\" typeof=\"ListItem\"><a property=\"item\" typeof=\"WebPage\" title=\"Go to AGC Chemicals.\" href=\"https:\/\/www.agcchem.com\/es\/\" class=\"home\"><span property=\"name\"><i class=\"fa fa-map-marker\"><\/i> Home<\/span><\/a><meta property=\"position\" content=\"1\"><\/span><i class=\"fa fa-angle-double-right\"><\/i><span property=\"itemListElement\" typeof=\"ListItem\"><a property=\"item\" typeof=\"WebPage\" title=\"Go to Blog.\" href=\"https:\/\/www.agcchem.com\/blog\/\" class=\"post-root post post-post\"><span property=\"name\">Blog<\/span><\/a><meta property=\"position\" content=\"2\"><\/span>     <\/ol>\r\n  <\/nav>\r\n<\/div>\n<\/div>\n<\/div><\/div><div id=\"panel-w66e2bdb203aef-0-0-1\" class=\"so-panel widget widget_sow-headline\" data-index=\"1\" ><div\n\t\t\t\n\t\t\tclass=\"so-widget-sow-headline so-widget-sow-headline-default-704e7542437d\"\n\t\t\t\n\t\t><div class=\"sow-headline-container \">\n\t\t\t\t\t\t\t<h1 class=\"sow-headline\">\n\t\t\t\t\t\tFluon+\u2122 EM-20020\t\t\t\t\t\t<\/h1>\n\t\t\t\t\t\t\t\t\t\t\t\t<h3 class=\"sow-sub-headline\">\n\t\t\t\t\t\tCompuesto de ETFE tratado con antimicrobianos\t\t\t\t\t\t<\/h3>\n\t\t\t\t\t\t<\/div>\n<\/div><\/div><div id=\"panel-w66e2bdb203aef-0-0-2\" class=\"so-panel widget widget_sow-image\" data-index=\"2\" ><div class=\"gear_bg_twentyseven panel-widget-style panel-widget-style-for-w66e2bdb203aef-0-0-2\" ><div\n\t\t\t\n\t\t\tclass=\"so-widget-sow-image so-widget-sow-image-default-8b5b6f678277\"\n\t\t\t\n\t\t>\n<div class=\"sow-image-container\">\n\t\t<img \n\tsrc=\"https:\/\/www.agcchem.com\/wp-content\/uploads\/2024\/03\/gear_bg_27.svg\" width=\"279\" height=\"279\" sizes=\"(max-width: 279px) 100vw, 279px\" alt=\"\" \t\tclass=\"so-widget-image\"\/>\n\t<\/div>\n\n<\/div><\/div><\/div><div id=\"panel-w66e2bdb203aef-0-0-3\" class=\"so-panel widget widget_sow-image\" data-index=\"3\" ><div class=\"gear_bg_thirtyseven panel-widget-style panel-widget-style-for-w66e2bdb203aef-0-0-3\" ><div\n\t\t\t\n\t\t\tclass=\"so-widget-sow-image so-widget-sow-image-default-8b5b6f678277\"\n\t\t\t\n\t\t>\n<div class=\"sow-image-container\">\n\t\t<img \n\tsrc=\"https:\/\/www.agcchem.com\/wp-content\/uploads\/2024\/03\/gear_bg_37.svg\" width=\"228\" height=\"228\" sizes=\"(max-width: 228px) 100vw, 228px\" alt=\"\" \t\tclass=\"so-widget-image\"\/>\n\t<\/div>\n\n<\/div><\/div><\/div><div id=\"panel-w66e2bdb203aef-0-0-4\" class=\"widget_text so-panel widget widget_custom_html panel-last-child\" data-index=\"4\" ><div class=\"textwidget custom-html-widget\">\r\n  <div class=\"select_brand_dropdown\">\r\n    \r\n    \r\n    <div class=\"new_products_cta_buttons btns\">\r\n\r\n      \r\n\r\n      \r\n        <a href=\"\/es\/contactenos\/dudas-al-respecto-del-producto\/?product=agc_cytop\" class=\"btn btn-primary\">\r\n          <span>Dudas al respecto del producto<\/span>\r\n        <\/a>\r\n\r\n        <a href=\"\/es\/contactenos\/pedido-de-muestra\/?product=agc_cytop\" class=\"btn btn-secondary\">\r\n          <span>Pedido de muestra<\/span>\r\n        <\/a>\r\n\r\n      \r\n\r\n            \r\n    <\/div>\r\n\r\n  <\/div>\r\n\r\n<\/div><\/div><\/div><\/div><\/div><\/div><\/div><\/div><\/div><\/div><\/div><\/div><\/div><\/div><\/div><\/div><div id=\"pg-27923-1\"  class=\"panel-grid panel-has-style\" ><div class=\"inner_page_sub_navigation siteorigin-panels-stretch panel-row-style panel-row-style-for-27923-1\" data-stretch-type=\"full-width-stretch\" ><div id=\"pgc-27923-1-0\"  class=\"panel-grid-cell\" ><div id=\"panel-27923-1-0-0\" class=\"so-panel widget widget_siteorigin-panels-builder panel-first-child panel-last-child\" data-index=\"2\" ><div class=\"container  panel-widget-style panel-widget-style-for-27923-1-0-0\" ><div id=\"pl-w66fda28607415\"  class=\"panel-layout\" ><div id=\"pg-w66fda28607415-0\"  class=\"panel-grid panel-no-style\" ><div id=\"pgc-w66fda28607415-0-0\"  class=\"panel-grid-cell\" ><div id=\"panel-w66fda28607415-0-0-0\" class=\"widget_text so-panel widget widget_custom_html panel-first-child panel-last-child\" data-index=\"0\" ><div class=\"textwidget custom-html-widget\"><ul>\r\n\t<li><a href=\"#overview\">Descripci\u00f3n general<\/a><\/li>\t\r\n\t<li><a href=\"#features\">Caracter\u00edsticas<\/a><\/li>\t\r\n\t<li><a href=\"#aplicaciones\">Aplicaciones<\/a><\/li>\r\n\t<li><a href=\"#sds\">SDS<\/a><\/li>\r\n\t<li><a href=\"#documentos-t%c3%a9cnicos\">Documentos t\u00e9cnicos<\/a><\/li>\r\n\t<li><a href=\"#capacidades-de-prueba\">Capacidades de prueba<\/a><\/li>\t\r\n<\/ul><\/div><\/div><\/div><\/div><\/div><\/div><\/div><\/div><\/div><\/div><div id=\"pg-27923-2\"  class=\"panel-grid panel-has-style\" ><div class=\"two_column_with_blue_lines siteorigin-panels-stretch panel-row-style panel-row-style-for-27923-2\" id=\"overview\" data-stretch-type=\"full-width-stretch\" ><div id=\"pgc-27923-2-0\"  class=\"panel-grid-cell\" ><div id=\"panel-27923-2-0-0\" class=\"so-panel widget widget_siteorigin-panels-builder panel-first-child panel-last-child\" data-index=\"3\" ><div class=\"container  panel-widget-style panel-widget-style-for-27923-2-0-0\" ><div id=\"pl-w66fda28607544\"  class=\"panel-layout\" ><div id=\"pg-w66fda28607544-0\"  class=\"panel-grid panel-has-style\" ><div class=\"col-12 col-md-10 m-auto panel-row-style panel-row-style-for-w66fda28607544-0\" ><div id=\"pgc-w66fda28607544-0-0\"  class=\"panel-grid-cell\" ><div id=\"panel-w66fda28607544-0-0-0\" class=\"so-panel widget widget_sow-image panel-first-child\" data-index=\"0\" ><div\n\t\t\t\n\t\t\tclass=\"so-widget-sow-image so-widget-sow-image-default-8b5b6f678277\"\n\t\t\t\n\t\t>\n<div class=\"sow-image-container\">\n\t\t<img \n\tsrc=\"https:\/\/www.agcchem.com\/wp-content\/uploads\/2024\/05\/fluon_-lrg-logo.png\" width=\"600\" height=\"228\" srcset=\"https:\/\/www.agcchem.com\/wp-content\/uploads\/2024\/05\/fluon_-lrg-logo.png 600w, https:\/\/www.agcchem.com\/wp-content\/uploads\/2024\/05\/fluon_-lrg-logo-300x114.png 300w\" sizes=\"(max-width: 600px) 100vw, 600px\" title=\"fluon_ lrg-logo\" alt=\"\" \t\tclass=\"so-widget-image\"\/>\n\t<\/div>\n\n<\/div><\/div><div id=\"panel-w66fda28607544-0-0-1\" class=\"so-panel widget widget_sow-headline panel-last-child\" data-index=\"1\" ><div\n\t\t\t\n\t\t\tclass=\"so-widget-sow-headline so-widget-sow-headline-default-8318c00d2987\"\n\t\t\t\n\t\t><div class=\"sow-headline-container \">\n\t\t\t\t\t\t\t<h4 class=\"sow-headline\">\n\t\t\t\t\t\tUn compuesto de ETFE tratado con antimicrobianos que protege la pel\u00edcula extruida y las mangueras\t\t\t\t\t\t<\/h4>\n\t\t\t\t\t\t\t\t\t\t\t<div class=\"decoration\">\n\t\t\t\t\t\t<div class=\"decoration-inside\"><\/div>\n\t\t\t\t\t<\/div>\n\t\t\t\t\t<\/div>\n<\/div><\/div><\/div><div id=\"pgc-w66fda28607544-0-1\"  class=\"panel-grid-cell\" ><div id=\"panel-w66fda28607544-0-1-0\" class=\"so-panel widget widget_sow-editor panel-first-child panel-last-child\" data-index=\"2\" ><div class=\"text-black panel-widget-style panel-widget-style-for-w66fda28607544-0-1-0\" ><div\n\t\t\t\n\t\t\tclass=\"so-widget-sow-editor so-widget-sow-editor-base\"\n\t\t\t\n\t\t>\n<div class=\"siteorigin-widget-tinymce textwidget\">\n\t<p>Fluon+\u2122 EM-20010 es un compuesto de ETFE con tratamiento antimicrobiano que protege las pel\u00edculas y mangueras extruidas contra la degradaci\u00f3n microbiana. Es un material ideal para superficies que se benefician de una limpieza duradera y protecci\u00f3n contra la degradaci\u00f3n por microorganismos.<\/p>\n<p>El compuesto est\u00e1 formulado a partir de copol\u00edmeros procesables por fusi\u00f3n compuestos de etileno y tetrafluoroetileno (ETFE) y un aditivo especial. Esta sinergia de tecnolog\u00edas da como resultado la destrucci\u00f3n de microbios da\u00f1inos antes de que puedan degradar el material.<\/p>\n<\/div>\n<\/div><\/div><\/div><\/div><\/div><\/div><\/div><\/div><\/div><\/div><\/div><\/div><div id=\"pg-27923-3\"  class=\"panel-grid panel-has-style\" ><div id=\"features\" class=\"panel-row-style panel-row-style-for-27923-3\" ><div id=\"pgc-27923-3-0\"  class=\"panel-grid-cell\" ><div id=\"panel-27923-3-0-0\" class=\"so-panel widget widget_sow-editor panel-first-child panel-last-child\" data-index=\"4\" ><div class=\"text-black panel-widget-style panel-widget-style-for-27923-3-0-0\" ><div\n\t\t\t\n\t\t\tclass=\"so-widget-sow-editor so-widget-sow-editor-base\"\n\t\t\t\n\t\t>\n<div class=\"siteorigin-widget-tinymce textwidget\">\n\t<p>Los compuestos Fluon+ EM-20010 se utilizan actualmente para producir varias marcas de pel\u00edculas de capa superior con protecci\u00f3n antimicrobiana para murales de pared y otras \u00e1reas de alto tr\u00e1fico. Recubrir cualquier sustrato con esta capa de fluoropol\u00edmero especial ayuda a combatir la propagaci\u00f3n de microbios que pueden degradar el material. Estos compuestos tienen una excelente transparencia y no amarillean con el tiempo.<\/p>\n<p>Las pruebas de laboratorio independientes muestran que las pel\u00edculas fabricadas con ETFE EM-20010 reducen el crecimiento de microbios que podr\u00edan degradar esas pel\u00edculas. Es m\u00e1s f\u00e1cil de limpiar que otros laminados pl\u00e1sticos que no est\u00e1n basados \u200b\u200ben ETFE. Soporta el frotado y las temperaturas extremas, y es resistente a la abrasi\u00f3n y a los productos qu\u00edmicos agresivos como el alcohol.<\/p>\n<p>Fluon+ EM-20010 se vende en forma de gr\u00e1nulos y se puede adaptar para incorporar otros sistemas de resina o cumplir con las propiedades requeridas por los clientes.<\/p>\n<p>*Este producto no protege a los usuarios ni a otras personas contra microorganismos transmitidos por los alimentos (o que causan enfermedades). Siempre limpie a fondo despu\u00e9s de su uso.<\/p>\n<\/div>\n<\/div><\/div><\/div><\/div><div id=\"pgc-27923-3-1\"  class=\"panel-grid-cell\" ><div id=\"panel-27923-3-1-0\" class=\"so-panel widget widget_sow-image panel-first-child\" data-index=\"5\" ><div class=\"has-line-skyblue-left-middle panel-widget-style panel-widget-style-for-27923-3-1-0\" ><div\n\t\t\t\n\t\t\tclass=\"so-widget-sow-image so-widget-sow-image-default-334eeca80698-27923\"\n\t\t\t\n\t\t>\n<div class=\"sow-image-container\">\n\t\t<img \n\tsrc=\"https:\/\/www.agcchem.com\/wp-content\/uploads\/2024\/03\/depositphotos_355585192-stock-photo-young-woman-using-microscope-laboratory-2.svg\" width=\"499\" height=\"276\" sizes=\"(max-width: 499px) 100vw, 499px\" title=\"depositphotos_355585192-stock-photo-young-woman-using-microscope-laboratory\" alt=\"\" \t\tclass=\"so-widget-image\"\/>\n\t<\/div>\n\n<\/div><\/div><\/div><div id=\"panel-27923-3-1-1\" class=\"so-panel widget widget_sow-image panel-last-child\" data-index=\"6\" ><div class=\"image_white_border panel-widget-style panel-widget-style-for-27923-3-1-1\" ><div\n\t\t\t\n\t\t\tclass=\"so-widget-sow-image so-widget-sow-image-default-b4513c7b55bb-27923\"\n\t\t\t\n\t\t>\n<div class=\"sow-image-container\">\n\t\t<img \n\tsrc=\"https:\/\/www.agcchem.com\/wp-content\/uploads\/2024\/03\/ed9ce50b020aea4777bc7b3e6001f0bb.svg\" width=\"202\" height=\"146\" sizes=\"(max-width: 202px) 100vw, 202px\" alt=\"\" \t\tclass=\"so-widget-image\"\/>\n\t<\/div>\n\n<\/div><\/div><\/div><\/div><\/div><\/div><div id=\"pg-27923-5\"  class=\"panel-grid panel-has-style\" ><div class=\"clip_path_top_left_down bottom_gear_top_white_lines siteorigin-panels-stretch panel-row-style panel-row-style-for-27923-5\" data-stretch-type=\"full-width-stretch\" ><div id=\"pgc-27923-5-0\"  class=\"panel-grid-cell\" ><div id=\"panel-27923-5-0-0\" class=\"so-panel widget widget_siteorigin-panels-builder panel-first-child panel-last-child\" data-index=\"8\" ><div class=\"product_tab_section panel-widget-style panel-widget-style-for-27923-5-0-0\" ><div id=\"pl-w66fda28607f0f\"  class=\"panel-layout\" ><div id=\"pg-w66fda28607f0f-0\"  class=\"panel-grid panel-has-style\" ><div class=\" col-md-9 m-auto col-12 panel-row-style panel-row-style-for-w66fda28607f0f-0\" ><div id=\"pgc-w66fda28607f0f-0-0\"  class=\"panel-grid-cell\" ><div id=\"panel-w66fda28607f0f-0-0-0\" class=\"so-panel widget widget_sow-tabs panel-first-child panel-last-child\" data-index=\"0\" ><div\n\t\t\t\n\t\t\tclass=\"so-widget-sow-tabs so-widget-sow-tabs-default-aaee25de5bd8\"\n\t\t\t\n\t\t><div class=\"sow-tabs\">\n\t<div class=\"sow-tabs-tab-container\" role=\"tablist\">\n\t\t\t<div\n\t\t\tclass=\"sow-tabs-tab\n\t\t\t sow-tabs-tab-selected\t\t\t\"\n\t\t\trole=\"tab\"\n\t\t\tdata-anchor-id=\"caracteristicas\"\n\t\t\taria-selected=\"true\"\n\t\t\ttabindex=\"0\"\n\t\t>\n\t\t\t<div class=\"sow-tabs-title sow-tabs-title-icon-left\">\n\t\t\t\t\t\t\t\tCaracter\u00edsticas\t\t\t\t\t\t\t<\/div>\n\t\t<\/div>\n\t\t\t<div\n\t\t\tclass=\"sow-tabs-tab\n\t\t\t\t\t\t\"\n\t\t\trole=\"tab\"\n\t\t\tdata-anchor-id=\"aplicaciones\"\n\t\t\taria-selected=\"false\"\n\t\t\ttabindex=\"0\"\n\t\t>\n\t\t\t<div class=\"sow-tabs-title sow-tabs-title-icon-left\">\n\t\t\t\t\t\t\t\tAplicaciones\t\t\t\t\t\t\t<\/div>\n\t\t<\/div>\n\t\t\t<div\n\t\t\tclass=\"sow-tabs-tab\n\t\t\t\t\t\t\"\n\t\t\trole=\"tab\"\n\t\t\tdata-anchor-id=\"sds\"\n\t\t\taria-selected=\"false\"\n\t\t\ttabindex=\"0\"\n\t\t>\n\t\t\t<div class=\"sow-tabs-title sow-tabs-title-icon-left\">\n\t\t\t\t\t\t\t\tSDS\t\t\t\t\t\t\t<\/div>\n\t\t<\/div>\n\t\t\t<div\n\t\t\tclass=\"sow-tabs-tab\n\t\t\t\t\t\t\"\n\t\t\trole=\"tab\"\n\t\t\tdata-anchor-id=\"capacidades-de-prueba\"\n\t\t\taria-selected=\"false\"\n\t\t\ttabindex=\"0\"\n\t\t>\n\t\t\t<div class=\"sow-tabs-title sow-tabs-title-icon-left\">\n\t\t\t\t\t\t\t\tCapacidades de prueba\t\t\t\t\t\t\t<\/div>\n\t\t<\/div>\n\t\t<\/div>\n\n\t<div class=\"sow-tabs-panel-container\">\n\t\t\t<div class=\"sow-tabs-panel\">\n\t\t\t<div\n\t\t\t\tclass=\"sow-tabs-panel-content\"\n\t\t\t\trole=\"tabpanel\"\n\t\t\t\taria-hidden=\"false\"\n\t\t\t>\n\t\t\t\t<ul>\n<li>Reduce el crecimiento de microbios que pueden degradar la pel\u00edcula extruida<\/li>\n<li>M\u00e1s f\u00e1cil de limpiar que los laminados pl\u00e1sticos que no est\u00e1n basados \u200b\u200ben ETFE<\/li>\n<li>Resistente a la abrasi\u00f3n; se puede restregar<\/li>\n<li>Resistente a productos qu\u00edmicos agresivos<\/li>\n<li>Excelente transparencia; no amarillea con el tiempo<\/li>\n<li>Probado de acuerdo con las normas ISO 22196 y 21702<\/li>\n<li>La resina base cumple con las normas de la FDA para aplicaciones en contacto con alimentos (Notificaci\u00f3n de contacto con alimentos (FCN) 1914)<\/li>\n<li>No inflamable<\/li>\n<\/ul>\n\t\t\t<\/div>\n\t\t<\/div>\n\t\t\t<div class=\"sow-tabs-panel\">\n\t\t\t<div\n\t\t\t\tclass=\"sow-tabs-panel-content\"\n\t\t\t\trole=\"tabpanel\"\n\t\t\t\taria-hidden=\"true\"\n\t\t\t>\n\t\t\t\t<ul>\n<li>Pel\u00edcula extruida para recubrir paredes y otras superficies como escritorios, mesas y encimeras<\/li>\n<li>Recubrimientos y revestimientos para equipos de salas blancas y pantallas t\u00e1ctiles<\/li>\n<li>Recubrimientos protectores para equipos m\u00e9dicos y dentales**<\/li>\n<\/ul>\n<p>Este producto no protege a los usuarios ni a otras personas contra microorganismos transmitidos por los alimentos (o que causan enfermedades). Siempre limpie a fondo despu\u00e9s de su uso.<\/p>\n\t\t\t<\/div>\n\t\t<\/div>\n\t\t\t<div class=\"sow-tabs-panel\">\n\t\t\t<div\n\t\t\t\tclass=\"sow-tabs-panel-content\"\n\t\t\t\trole=\"tabpanel\"\n\t\t\t\taria-hidden=\"true\"\n\t\t\t>\n\t\t\t\t<p><a href=\"https:\/\/stg-agcchemicals-staging2024.kinsta.cloud\/es\/contactenos\/pedido-de-sds\/\" rel=\"noopener\">Haga clic aqu\u00ed para<\/a> solicitar una hoja de datos de seguridad (SDS).<\/p>\n\t\t\t<\/div>\n\t\t<\/div>\n\t\t\t<div class=\"sow-tabs-panel\">\n\t\t\t<div\n\t\t\t\tclass=\"sow-tabs-panel-content\"\n\t\t\t\trole=\"tabpanel\"\n\t\t\t\taria-hidden=\"true\"\n\t\t\t>\n\t\t\t\t<ul>\n<li>Gravedad espec\u00edfica<\/li>\n<li>Resistencia a la tracci\u00f3n y elongaci\u00f3n<\/li>\n<li>An\u00e1lisis de color CIELAB<\/li>\n<li>An\u00e1lisis de dispersi\u00f3n de pigmentos<\/li>\n<li>TGA y DSC<\/li>\n<li>Microscopio \u00f3ptico con c\u00e1mara<\/li>\n<li>FT-IR<\/li>\n<li>Prueba de impacto y dureza<\/li>\n<li>Indizador de flujo de fusi\u00f3n<\/li>\n<li>Conductividad\/resistividad<\/li>\n<li>Re\u00f3metro capilar<\/li>\n<\/ul>\n\t\t\t<\/div>\n\t\t<\/div>\n\t\t<\/div>\n<\/div>\n<\/div><\/div><\/div><\/div><\/div><\/div><\/div><\/div><\/div><\/div><\/div><div id=\"pg-27923-7\"  class=\"panel-grid panel-has-style\" ><div class=\"blue_overlay siteorigin-panels-stretch panel-row-style panel-row-style-for-27923-7\" data-stretch-type=\"full-width-stretch\" ><div id=\"pgc-27923-7-0\"  class=\"panel-grid-cell\" ><div id=\"panel-27923-7-0-0\" class=\"so-panel widget widget_siteorigin-panels-builder panel-first-child panel-last-child\" data-index=\"11\" ><div class=\"container panel-widget-style panel-widget-style-for-27923-7-0-0\" ><div id=\"pl-w66fda28608bc2\"  class=\"panel-layout\" ><div id=\"pg-w66fda28608bc2-0\"  class=\"panel-grid panel-has-style\" ><div class=\"col-12 col-md-6 m-auto position-relative panel-row-style panel-row-style-for-w66fda28608bc2-0\" ><div id=\"pgc-w66fda28608bc2-0-0\"  class=\"panel-grid-cell\" ><div id=\"panel-w66fda28608bc2-0-0-0\" class=\"so-panel widget widget_sow-headline panel-first-child\" data-index=\"0\" ><div class=\"fw-bold panel-widget-style panel-widget-style-for-w66fda28608bc2-0-0-0\" ><div\n\t\t\t\n\t\t\tclass=\"so-widget-sow-headline so-widget-sow-headline-default-87547e56f06d\"\n\t\t\t\n\t\t><div class=\"sow-headline-container \">\n\t\t\t\t\t\t\t<h2 class=\"sow-headline\">\n\t\t\t\t\t\tComun\u00edquese con nuestros expertos en fluoropol\u00edmeros para analizar su aplicaci\u00f3n espec\u00edfica.\t\t\t\t\t\t<\/h2>\n\t\t\t\t\t\t<\/div>\n<\/div><\/div><\/div><div id=\"panel-w66fda28608bc2-0-0-1\" class=\"so-panel widget widget_sow-button panel-last-child\" data-index=\"1\" ><div\n\t\t\t\n\t\t\tclass=\"so-widget-sow-button so-widget-sow-button-flat-f949060a8f32\"\n\t\t\t\n\t\t><div class=\"ow-button-base ow-button-align-center\"\n>\n\t\t\t<a href=\"https:\/\/www.agcchem.com\/contact-us\/product-inquiry\/\" class=\"btn sowb-button ow-icon-placement-left ow-button-hover\">\n\t\t<span>\n\t\t\t\n\t\t\tConsulta de producto\t\t<\/span>\n\t\t\t<\/a>\n\t<\/div>\n<\/div><\/div><\/div><\/div><\/div><\/div><\/div><\/div><\/div><\/div><\/div><\/div>","protected":false},"excerpt":{"rendered":"<p>HomeBlog Fluon+\u2122 EM-20020 Compuesto de ETFE tratado con antimicrobianos Dudas al respecto del producto Pedido de muestra Descripci\u00f3n general Caracter\u00edsticas Aplicaciones SDS Documentos t\u00e9cnicos Capacidades de prueba Un compuesto de ETFE tratado con antimicrobianos que protege la pel\u00edcula extruida y&#8230;<\/p>\n","protected":false},"author":12,"featured_media":30064,"parent":2850,"menu_order":0,"comment_status":"closed","ping_status":"closed","template":"page-template\/product-template.php","meta":{"_acf_changed":false,"inline_featured_image":false,"footnotes":""},"class_list":["post-27923","page","type-page","status-publish","has-post-thumbnail","hentry"],"acf":[],"_links":{"self":[{"href":"https:\/\/www.agcchem.com\/es\/wp-json\/wp\/v2\/pages\/27923","targetHints":{"allow":["GET"]}}],"collection":[{"href":"https:\/\/www.agcchem.com\/es\/wp-json\/wp\/v2\/pages"}],"about":[{"href":"https:\/\/www.agcchem.com\/es\/wp-json\/wp\/v2\/types\/page"}],"author":[{"embeddable":true,"href":"https:\/\/www.agcchem.com\/es\/wp-json\/wp\/v2\/users\/12"}],"replies":[{"embeddable":true,"href":"https:\/\/www.agcchem.com\/es\/wp-json\/wp\/v2\/comments?post=27923"}],"version-history":[{"count":0,"href":"https:\/\/www.agcchem.com\/es\/wp-json\/wp\/v2\/pages\/27923\/revisions"}],"up":[{"embeddable":true,"href":"https:\/\/www.agcchem.com\/es\/wp-json\/wp\/v2\/pages\/2850"}],"wp:featuredmedia":[{"embeddable":true,"href":"https:\/\/www.agcchem.com\/es\/wp-json\/wp\/v2\/media\/30064"}],"wp:attachment":[{"href":"https:\/\/www.agcchem.com\/es\/wp-json\/wp\/v2\/media?parent=27923"}],"curies":[{"name":"wp","href":"https:\/\/api.w.org\/{rel}","templated":true}]}}