{"id":27948,"date":"2022-06-22T20:35:07","date_gmt":"2022-06-22T20:35:07","guid":{"rendered":"https:\/\/www.agcchem.com\/productos\/high-performance-coatings-and-agents\/fibralast-barrier-technology\/"},"modified":"2024-10-02T20:07:31","modified_gmt":"2024-10-02T20:07:31","slug":"fibralast-barrier-technology","status":"publish","type":"page","link":"https:\/\/www.agcchem.com\/es\/productos\/high-performance-coatings-and-agents\/fibralast-barrier-technology\/","title":{"rendered":"FibraLAST<sup>\u00ae<\/sup> Non-Fluorinated Barrier Technology 1"},"content":{"rendered":"<div id=\"pl-27948\"  class=\"panel-layout\" ><div id=\"pg-27948-0\"  class=\"panel-grid panel-has-style\" ><div class=\"home-slider global_hero_section siteorigin-panels-stretch animate-69d2986b106f9440127627 panels-animation-hide panel-row-style panel-row-style-for-27948-0\" data-stretch-type=\"full-width-stretch\" data-so-animation=\"{&quot;selector&quot;:&quot;.animate-69d2986b106f9440127627&quot;,&quot;animation&quot;:&quot;fadeIn&quot;,&quot;breakpoint&quot;:&quot;780px&quot;,&quot;duration&quot;:1,&quot;repeat&quot;:0,&quot;hide&quot;:1,&quot;disableAnimationMobile&quot;:0,&quot;finalState&quot;:&quot;visible&quot;,&quot;delay&quot;:0,&quot;debounce&quot;:0.1,&quot;event&quot;:&quot;enter&quot;,&quot;offset&quot;:0}\" ><div id=\"pgc-27948-0-0\"  class=\"panel-grid-cell\" ><div id=\"panel-27948-0-0-0\" class=\"so-panel widget widget_sow-image panel-first-child\" data-index=\"0\" ><div class=\"hero_big_image panel-widget-style panel-widget-style-for-27948-0-0-0\" ><div\n\t\t\t\n\t\t\tclass=\"so-widget-sow-image so-widget-sow-image-default-e4c2d9f6c920-27948\"\n\t\t\t\n\t\t>\n<div class=\"sow-image-container\">\n\t\t<img \n\tsrc=\"https:\/\/www.agcchem.com\/wp-content\/uploads\/2024\/04\/fibralast-hero.png\" width=\"1400\" height=\"600\" srcset=\"https:\/\/www.agcchem.com\/wp-content\/uploads\/2024\/04\/fibralast-hero.png 1400w, https:\/\/www.agcchem.com\/wp-content\/uploads\/2024\/04\/fibralast-hero-300x129.png 300w, https:\/\/www.agcchem.com\/wp-content\/uploads\/2024\/04\/fibralast-hero-1024x439.png 1024w, https:\/\/www.agcchem.com\/wp-content\/uploads\/2024\/04\/fibralast-hero-768x329.png 768w\" sizes=\"(max-width: 1400px) 100vw, 1400px\" alt=\"\" \t\tclass=\"so-widget-image\"\/>\n\t<\/div>\n\n<\/div><\/div><\/div><div id=\"panel-27948-0-0-1\" class=\"so-panel widget widget_siteorigin-panels-builder panel-last-child\" data-index=\"1\" ><div class=\"home-slide-content white_text add_breadcrumb panel-widget-style panel-widget-style-for-27948-0-0-1\" ><div id=\"pl-w66fda7c6ba6aa\"  class=\"panel-layout\" ><div id=\"pg-w66fda7c6ba6aa-0\"  class=\"panel-grid panel-no-style\" ><div id=\"pgc-w66fda7c6ba6aa-0-0\"  class=\"panel-grid-cell\" ><div id=\"panel-w66fda7c6ba6aa-0-0-0\" class=\"widget_text so-panel widget widget_custom_html panel-first-child\" data-index=\"0\" ><div class=\"textwidget custom-html-widget\"><div class=\"home-bg\"><\/div><\/div><\/div><div id=\"panel-w66fda7c6ba6aa-0-0-1\" class=\"so-panel widget widget_siteorigin-panels-builder panel-last-child\" data-index=\"1\" ><div class=\"container panel-widget-style panel-widget-style-for-w66fda7c6ba6aa-0-0-1\" ><div id=\"pl-w66e2e39427ec0\"  class=\"panel-layout\" ><div id=\"pg-w66e2e39427ec0-0\"  class=\"panel-grid panel-has-style\" ><div class=\"home-slid-inner panel-row-style panel-row-style-for-w66e2e39427ec0-0\" ><div id=\"pgc-w66e2e39427ec0-0-0\"  class=\"panel-grid-cell\" ><div id=\"panel-w66e2e39427ec0-0-0-0\" class=\"so-panel widget widget_sow-editor panel-first-child\" data-index=\"0\" ><div\n\t\t\t\n\t\t\tclass=\"so-widget-sow-editor so-widget-sow-editor-base\"\n\t\t\t\n\t\t>\n<div class=\"siteorigin-widget-tinymce textwidget\">\n\t<div class=\"\">\r\n  <nav aria-label=\"breadcrumb\" class=\"breadcrumb\">\r\n     <ol class=\"breadcrumb-item\">\r\n\t    <span property=\"itemListElement\" typeof=\"ListItem\"><a property=\"item\" typeof=\"WebPage\" title=\"Go to AGC Chemicals.\" href=\"https:\/\/www.agcchem.com\/es\/\" class=\"home\"><span property=\"name\"><i class=\"fa fa-map-marker\"><\/i> Home<\/span><\/a><meta property=\"position\" content=\"1\"><\/span><i class=\"fa fa-angle-double-right\"><\/i><span property=\"itemListElement\" typeof=\"ListItem\"><a property=\"item\" typeof=\"WebPage\" title=\"Go to Blog.\" href=\"https:\/\/www.agcchem.com\/blog\/\" class=\"post-root post post-post\"><span property=\"name\">Blog<\/span><\/a><meta property=\"position\" content=\"2\"><\/span>     <\/ol>\r\n  <\/nav>\r\n<\/div>\n<\/div>\n<\/div><\/div><div id=\"panel-w66e2e39427ec0-0-0-1\" class=\"so-panel widget widget_sow-headline\" data-index=\"1\" ><div\n\t\t\t\n\t\t\tclass=\"so-widget-sow-headline so-widget-sow-headline-default-704e7542437d\"\n\t\t\t\n\t\t><div class=\"sow-headline-container \">\n\t\t\t\t\t\t\t<h1 class=\"sow-headline\">\n\t\t\t\t\t\tTecnolog\u00eda de barrera no fluorada FibraLAST\u00ae\t\t\t\t\t\t<\/h1>\n\t\t\t\t\t\t\t\t\t\t\t\t<h3 class=\"sow-sub-headline\">\n\t\t\t\t\t\tLos aditivos de encolado no fluorados protegen los productos de papel tanto del agua como de los aceites alimentarios.\t\t\t\t\t\t<\/h3>\n\t\t\t\t\t\t<\/div>\n<\/div><\/div><div id=\"panel-w66e2e39427ec0-0-0-2\" class=\"so-panel widget widget_sow-image\" data-index=\"2\" ><div class=\"gear_bg_twentyseven panel-widget-style panel-widget-style-for-w66e2e39427ec0-0-0-2\" ><div\n\t\t\t\n\t\t\tclass=\"so-widget-sow-image so-widget-sow-image-default-8b5b6f678277\"\n\t\t\t\n\t\t>\n<div class=\"sow-image-container\">\n\t\t<img \n\tsrc=\"https:\/\/www.agcchem.com\/wp-content\/uploads\/2024\/03\/gear_bg_27.svg\" width=\"279\" height=\"279\" sizes=\"(max-width: 279px) 100vw, 279px\" alt=\"\" \t\tclass=\"so-widget-image\"\/>\n\t<\/div>\n\n<\/div><\/div><\/div><div id=\"panel-w66e2e39427ec0-0-0-3\" class=\"so-panel widget widget_sow-image\" data-index=\"3\" ><div class=\"gear_bg_thirtyseven panel-widget-style panel-widget-style-for-w66e2e39427ec0-0-0-3\" ><div\n\t\t\t\n\t\t\tclass=\"so-widget-sow-image so-widget-sow-image-default-8b5b6f678277\"\n\t\t\t\n\t\t>\n<div class=\"sow-image-container\">\n\t\t<img \n\tsrc=\"https:\/\/www.agcchem.com\/wp-content\/uploads\/2024\/03\/gear_bg_37.svg\" width=\"228\" height=\"228\" sizes=\"(max-width: 228px) 100vw, 228px\" alt=\"\" \t\tclass=\"so-widget-image\"\/>\n\t<\/div>\n\n<\/div><\/div><\/div><div id=\"panel-w66e2e39427ec0-0-0-4\" class=\"widget_text so-panel widget widget_custom_html panel-last-child\" data-index=\"4\" ><div class=\"textwidget custom-html-widget\">\r\n  <div class=\"select_brand_dropdown\">\r\n    \r\n    \r\n    <div class=\"new_products_cta_buttons btns\">\r\n\r\n      \r\n\r\n      \r\n        <a href=\"\/es\/contactenos\/dudas-al-respecto-del-producto\/?product=arm_asahiguardoilwaterrepellants\" class=\"btn btn-primary\">\r\n          <span>Dudas al respecto del producto<\/span>\r\n        <\/a>\r\n\r\n        <a href=\"\/es\/contactenos\/pedido-de-muestra\/?product=arm_asahiguardoilwaterrepellants\" class=\"btn btn-secondary\">\r\n          <span>Pedido de muestra<\/span>\r\n        <\/a>\r\n\r\n      \r\n\r\n            \r\n    <\/div>\r\n\r\n  <\/div>\r\n\r\n<\/div><\/div><\/div><\/div><\/div><\/div><\/div><\/div><\/div><\/div><\/div><\/div><\/div><\/div><\/div><\/div><div id=\"pg-27948-1\"  class=\"panel-grid panel-has-style\" ><div class=\"inner_page_sub_navigation siteorigin-panels-stretch panel-row-style panel-row-style-for-27948-1\" data-stretch-type=\"full-width-stretch\" ><div id=\"pgc-27948-1-0\"  class=\"panel-grid-cell\" ><div id=\"panel-27948-1-0-0\" class=\"so-panel widget widget_siteorigin-panels-builder panel-first-child panel-last-child\" data-index=\"2\" ><div class=\"container  panel-widget-style panel-widget-style-for-27948-1-0-0\" ><div id=\"pl-w66fda7c6ba8d2\"  class=\"panel-layout\" ><div id=\"pg-w66fda7c6ba8d2-0\"  class=\"panel-grid panel-no-style\" ><div id=\"pgc-w66fda7c6ba8d2-0-0\"  class=\"panel-grid-cell\" ><div id=\"panel-w66fda7c6ba8d2-0-0-0\" class=\"widget_text so-panel widget widget_custom_html panel-first-child panel-last-child\" data-index=\"0\" ><div class=\"textwidget custom-html-widget\"><ul>\r\n\t<li>Explore:<\/li>\r\n\t<li><a href=\"#overview\">Descripci\u00f3n general<\/a><\/li>\t\r\n\t<li><a href=\"#features\">Caracter\u00edsticas<\/a><\/li>\t\r\n\t<li><a href=\"#aplicaciones\">Aplicaciones<\/a><\/li>\r\n\t<li><a href=\"#sds\">SDS<\/a><\/li>\r\n\t<li><a href=\"#capacidades-de-prueba\">Capacidades de prueba<\/a><\/li>\t\r\n<\/ul><\/div><\/div><\/div><\/div><\/div><\/div><\/div><\/div><\/div><\/div><div id=\"pg-27948-2\"  class=\"panel-grid panel-has-style\" ><div class=\"two_column_with_blue_lines siteorigin-panels-stretch panel-row-style panel-row-style-for-27948-2\" id=\"overview\" data-stretch-type=\"full-width-stretch\" ><div id=\"pgc-27948-2-0\"  class=\"panel-grid-cell\" ><div id=\"panel-27948-2-0-0\" class=\"so-panel widget widget_siteorigin-panels-builder panel-first-child panel-last-child\" data-index=\"3\" ><div class=\"container  panel-widget-style panel-widget-style-for-27948-2-0-0\" ><div id=\"pl-w66fda7c6baa06\"  class=\"panel-layout\" ><div id=\"pg-w66fda7c6baa06-0\"  class=\"panel-grid panel-has-style\" ><div class=\"col-12 col-md-10 m-auto panel-row-style panel-row-style-for-w66fda7c6baa06-0\" ><div id=\"pgc-w66fda7c6baa06-0-0\"  class=\"panel-grid-cell\" ><div id=\"panel-w66fda7c6baa06-0-0-0\" class=\"so-panel widget widget_sow-image panel-first-child\" data-index=\"0\" ><div\n\t\t\t\n\t\t\tclass=\"so-widget-sow-image so-widget-sow-image-default-8b5b6f678277\"\n\t\t\t\n\t\t>\n<div class=\"sow-image-container\">\n\t\t<img \n\tsrc=\"https:\/\/www.agcchem.com\/wp-content\/uploads\/2024\/05\/fibralast-logo-v2.png\" width=\"600\" height=\"228\" srcset=\"https:\/\/www.agcchem.com\/wp-content\/uploads\/2024\/05\/fibralast-logo-v2.png 600w, https:\/\/www.agcchem.com\/wp-content\/uploads\/2024\/05\/fibralast-logo-v2-300x114.png 300w\" sizes=\"(max-width: 600px) 100vw, 600px\" alt=\"\" \t\tclass=\"so-widget-image\"\/>\n\t<\/div>\n\n<\/div><\/div><div id=\"panel-w66fda7c6baa06-0-0-1\" class=\"so-panel widget widget_sow-headline panel-last-child\" data-index=\"1\" ><div\n\t\t\t\n\t\t\tclass=\"so-widget-sow-headline so-widget-sow-headline-default-8318c00d2987\"\n\t\t\t\n\t\t><div class=\"sow-headline-container \">\n\t\t\t\t\t\t\t<h4 class=\"sow-headline\">\n\t\t\t\t\t\tAditivos de encolado no fluorados para embalajes estancos.\t\t\t\t\t\t<\/h4>\n\t\t\t\t\t\t\t\t\t\t\t<div class=\"decoration\">\n\t\t\t\t\t\t<div class=\"decoration-inside\"><\/div>\n\t\t\t\t\t<\/div>\n\t\t\t\t\t<\/div>\n<\/div><\/div><\/div><div id=\"pgc-w66fda7c6baa06-0-1\"  class=\"panel-grid-cell\" ><div id=\"panel-w66fda7c6baa06-0-1-0\" class=\"so-panel widget widget_sow-editor panel-first-child panel-last-child\" data-index=\"2\" ><div class=\"text-black panel-widget-style panel-widget-style-for-w66fda7c6baa06-0-1-0\" ><div\n\t\t\t\n\t\t\tclass=\"so-widget-sow-editor so-widget-sow-editor-base\"\n\t\t\t\n\t\t>\n<div class=\"siteorigin-widget-tinymce textwidget\">\n\t<p>Los aditivos de encolado no fluorados FibraLAST\u00ae de AGC pueden crear envases impermeables que protegen los productos contra da\u00f1os. Esta nueva tecnolog\u00eda de barrera est\u00e1 hecha con materiales naturales que son seguros, al mismo tiempo que mantiene su eficacia como repelente. Es ideal para productos de cart\u00f3n y fibra moldeados y formados, como cuencos, platos, contenedores y cajas de pizza para comidas r\u00e1pidas. Los grados FibraLAST son \u00fanicos porque brindan protecci\u00f3n contra el agua y el aceite con un solo aditivo en el extremo h\u00famedo.<\/p>\n<p>Evitan que los l\u00edquidos a alta temperatura y los aceites alimentarios se filtren a trav\u00e9s de la fibra moldeada, logrando un rendimiento de resistencia al agua y al aceite a 80 \u00b0C. Cumplen con las normas de la FDA para el contacto con alimentos de todo tipo.<\/p>\n<\/div>\n<\/div><\/div><\/div><\/div><\/div><\/div><\/div><\/div><\/div><\/div><\/div><\/div><div id=\"pg-27948-3\"  class=\"panel-grid panel-has-style\" ><div id=\"features\" class=\"panel-row-style panel-row-style-for-27948-3\" ><div id=\"pgc-27948-3-0\"  class=\"panel-grid-cell\" ><div id=\"panel-27948-3-0-0\" class=\"so-panel widget widget_sow-editor panel-first-child panel-last-child\" data-index=\"4\" ><div class=\"text-black panel-widget-style panel-widget-style-for-27948-3-0-0\" ><div\n\t\t\t\n\t\t\tclass=\"so-widget-sow-editor so-widget-sow-editor-base\"\n\t\t\t\n\t\t>\n<div class=\"siteorigin-widget-tinymce textwidget\">\n\t<p>Dado que se aplican a la pulpa antes de la fabricaci\u00f3n, no se requiere ning\u00fan equipo adicional para el proceso. Se pueden utilizar como una alternativa a los productos de encolado de aceite tradicionales, que se aplican por pulverizaci\u00f3n sobre los productos despu\u00e9s de la fabricaci\u00f3n. Las f\u00e1bricas de pulpa y papel pueden mejorar de forma rentable sus productos con esta tecnolog\u00eda de envasado impermeable como un \u00fanico aditivo de extremo h\u00famedo.<\/p>\n<p>Los grados FibraLAST para aplicaciones textiles y no tejidas ofrecen una variedad de opciones, desde mejorar la repelencia al agua hasta impartir hidrofilicidad a los productos textiles. Es posible que est\u00e9n disponibles soluciones personalizadas para los desaf\u00edos textiles.<\/p>\n<\/div>\n<\/div><\/div><\/div><\/div><div id=\"pgc-27948-3-1\"  class=\"panel-grid-cell\" ><div id=\"panel-27948-3-1-0\" class=\"so-panel widget widget_sow-image panel-first-child\" data-index=\"5\" ><div class=\"has-line-skyblue-left-middle panel-widget-style panel-widget-style-for-27948-3-1-0\" ><div\n\t\t\t\n\t\t\tclass=\"so-widget-sow-image so-widget-sow-image-default-334eeca80698-27948\"\n\t\t\t\n\t\t>\n<div class=\"sow-image-container\">\n\t\t<img \n\tsrc=\"https:\/\/www.agcchem.com\/wp-content\/uploads\/2024\/05\/fibralast-lower-lrg-img.png\" width=\"998\" height=\"552\" srcset=\"https:\/\/www.agcchem.com\/wp-content\/uploads\/2024\/05\/fibralast-lower-lrg-img.png 998w, https:\/\/www.agcchem.com\/wp-content\/uploads\/2024\/05\/fibralast-lower-lrg-img-300x166.png 300w, https:\/\/www.agcchem.com\/wp-content\/uploads\/2024\/05\/fibralast-lower-lrg-img-768x425.png 768w\" sizes=\"(max-width: 998px) 100vw, 998px\" alt=\"Los aditivos FibraLAST pueden crear envases impermeables para proteger los productos alimenticios.\" \t\tclass=\"so-widget-image\"\/>\n\t<\/div>\n\n<\/div><\/div><\/div><div id=\"panel-27948-3-1-1\" class=\"so-panel widget widget_sow-image panel-last-child\" data-index=\"6\" ><div class=\"image_white_border panel-widget-style panel-widget-style-for-27948-3-1-1\" ><div\n\t\t\t\n\t\t\tclass=\"so-widget-sow-image so-widget-sow-image-default-b4513c7b55bb-27948\"\n\t\t\t\n\t\t>\n<div class=\"sow-image-container\">\n\t\t<img \n\tsrc=\"https:\/\/www.agcchem.com\/wp-content\/uploads\/2024\/05\/fibralast-sm0img.png\" width=\"202\" height=\"146\" sizes=\"(max-width: 202px) 100vw, 202px\" alt=\"\" \t\tclass=\"so-widget-image\"\/>\n\t<\/div>\n\n<\/div><\/div><\/div><\/div><\/div><\/div><div id=\"pg-27948-4\"  class=\"panel-grid panel-has-style\" ><div class=\"markets_section panel-row-style panel-row-style-for-27948-4\" ><div id=\"pgc-27948-4-0\"  class=\"panel-grid-cell\" ><div id=\"panel-27948-4-0-0\" class=\"so-panel widget widget_sow-editor panel-first-child panel-last-child\" data-index=\"7\" ><div\n\t\t\t\n\t\t\tclass=\"so-widget-sow-editor so-widget-sow-editor-base\"\n\t\t\t\n\t\t>\n<div class=\"siteorigin-widget-tinymce textwidget\">\n\t\r\n\t\r\n\t\t<section id=\"\" class=\"markets_section\">\r\n\t\t\t<div id=\"markets-block\" class=\"col-md-9 m-auto col-12\">\r\n\t\t\t\t<h2 class=\"text-center\">Markets<\/h2>\r\n\r\n\t\t\t\t<div class=\"row justify-content-center\">\r\n\t\t\t\t\t\r\n\t\t\t\t\t\r\n\t\t\t\t\t\t<div class=\"col-4 col \">\r\n\t\t\t\t\t\t\t\r\n\t\t\t\t\t\t\t<div class=\"markets text-center\">\r\n\t\t\t\t\t\t\t\t\r\n\t\t\t\t\t\t\t\t\r\n\t\t\t\t\t\t\t\t\t<a href=\"https:\/\/www.agcchem.com\/es\/industrial\/\">\r\n\t\t\t\t\t\t\t\t\t\t<img loading=\"lazy\" decoding=\"async\" width=\"154\" height=\"151\" src=\"https:\/\/www.agcchem.com\/wp-content\/uploads\/2024\/04\/industrial-market.png\" class=\"attachment-post-thumbnail size-post-thumbnail wp-post-image\" alt=\"Industrial market\" \/>\t\t\t\t\t\t\t\t\t<\/a>\r\n\r\n\t\t\t\t\t\t\t\t\r\n\t\t\t\t\t\t\t\t<h3 class=\"widget-title\">\r\n\t\t\t\t\t\t\t\t\t<a href=\"https:\/\/www.agcchem.com\/es\/industrial\/\">\r\n\t\t\t\t\t\t\t\t\t\tIndustrial\t\t\t\t\t\t\t\t\t<\/a>\r\n\t\t\t\t\t\t\t\t<\/h3>\r\n\r\n\t\t\t\t\t\t\t<\/div>\r\n\t\t\t\t\t\t\r\n\t\t\t\t\t\t<\/div>\r\n\r\n\t\t\t\t\t\r\n\t\t\t\t\t\t<div class=\"col-4 col \">\r\n\t\t\t\t\t\t\t\r\n\t\t\t\t\t\t\t<div class=\"markets text-center\">\r\n\t\t\t\t\t\t\t\t\r\n\t\t\t\t\t\t\t\t\r\n\t\t\t\t\t\t\t\t\t<a href=\"https:\/\/www.agcchem.com\/es\/life-sciences\/\">\r\n\t\t\t\t\t\t\t\t\t\t<img loading=\"lazy\" decoding=\"async\" width=\"122\" height=\"113\" src=\"https:\/\/www.agcchem.com\/wp-content\/uploads\/2024\/04\/AGC_Molecule_Icon.png\" class=\"attachment-post-thumbnail size-post-thumbnail wp-post-image\" alt=\"\" \/>\t\t\t\t\t\t\t\t\t<\/a>\r\n\r\n\t\t\t\t\t\t\t\t\r\n\t\t\t\t\t\t\t\t<h3 class=\"widget-title\">\r\n\t\t\t\t\t\t\t\t\t<a href=\"https:\/\/www.agcchem.com\/es\/life-sciences\/\">\r\n\t\t\t\t\t\t\t\t\t\tLife Sciences\t\t\t\t\t\t\t\t\t<\/a>\r\n\t\t\t\t\t\t\t\t<\/h3>\r\n\r\n\t\t\t\t\t\t\t<\/div>\r\n\t\t\t\t\t\t\r\n\t\t\t\t\t\t<\/div>\r\n\r\n\t\t\t\t\t\r\n\t\t\t\t<\/div>\t\t\t\t\r\n\t\t\t<\/div>\r\n\r\n\t\t<\/section>\r\n\r\n\t\r\n  \n<\/div>\n<\/div><\/div><\/div><\/div><\/div><div id=\"pg-27948-5\"  class=\"panel-grid panel-has-style\" ><div class=\"clip_path_top_left_down bottom_gear_top_white_lines siteorigin-panels-stretch panel-row-style panel-row-style-for-27948-5\" data-stretch-type=\"full-width-stretch\" ><div id=\"pgc-27948-5-0\"  class=\"panel-grid-cell\" ><div id=\"panel-27948-5-0-0\" class=\"so-panel widget widget_siteorigin-panels-builder panel-first-child panel-last-child\" data-index=\"8\" ><div class=\"product_tab_section panel-widget-style panel-widget-style-for-27948-5-0-0\" ><div id=\"pl-w66fda7c6bb4ab\"  class=\"panel-layout\" ><div id=\"pg-w66fda7c6bb4ab-0\"  class=\"panel-grid panel-has-style\" ><div class=\" col-md-9 m-auto col-12 panel-row-style panel-row-style-for-w66fda7c6bb4ab-0\" ><div id=\"pgc-w66fda7c6bb4ab-0-0\"  class=\"panel-grid-cell\" ><div id=\"panel-w66fda7c6bb4ab-0-0-0\" class=\"so-panel widget widget_sow-tabs panel-first-child panel-last-child\" data-index=\"0\" ><div\n\t\t\t\n\t\t\tclass=\"so-widget-sow-tabs so-widget-sow-tabs-default-aaee25de5bd8\"\n\t\t\t\n\t\t><div class=\"sow-tabs\">\n\t<div class=\"sow-tabs-tab-container\" role=\"tablist\">\n\t\t\t<div\n\t\t\tclass=\"sow-tabs-tab\n\t\t\t sow-tabs-tab-selected\t\t\t\"\n\t\t\trole=\"tab\"\n\t\t\tdata-anchor-id=\"caracteristicas\"\n\t\t\taria-selected=\"true\"\n\t\t\ttabindex=\"0\"\n\t\t>\n\t\t\t<div class=\"sow-tabs-title sow-tabs-title-icon-left\">\n\t\t\t\t\t\t\t\tCaracter\u00edsticas\t\t\t\t\t\t\t<\/div>\n\t\t<\/div>\n\t\t\t<div\n\t\t\tclass=\"sow-tabs-tab\n\t\t\t\t\t\t\"\n\t\t\trole=\"tab\"\n\t\t\tdata-anchor-id=\"aplicaciones\"\n\t\t\taria-selected=\"false\"\n\t\t\ttabindex=\"0\"\n\t\t>\n\t\t\t<div class=\"sow-tabs-title sow-tabs-title-icon-left\">\n\t\t\t\t\t\t\t\tAplicaciones\t\t\t\t\t\t\t<\/div>\n\t\t<\/div>\n\t\t\t<div\n\t\t\tclass=\"sow-tabs-tab\n\t\t\t\t\t\t\"\n\t\t\trole=\"tab\"\n\t\t\tdata-anchor-id=\"sds\"\n\t\t\taria-selected=\"false\"\n\t\t\ttabindex=\"0\"\n\t\t>\n\t\t\t<div class=\"sow-tabs-title sow-tabs-title-icon-left\">\n\t\t\t\t\t\t\t\tSDS\t\t\t\t\t\t\t<\/div>\n\t\t<\/div>\n\t\t\t<div\n\t\t\tclass=\"sow-tabs-tab\n\t\t\t\t\t\t\"\n\t\t\trole=\"tab\"\n\t\t\tdata-anchor-id=\"servicios-de-prueba\"\n\t\t\taria-selected=\"false\"\n\t\t\ttabindex=\"0\"\n\t\t>\n\t\t\t<div class=\"sow-tabs-title sow-tabs-title-icon-left\">\n\t\t\t\t\t\t\t\tServicios de prueba\t\t\t\t\t\t\t<\/div>\n\t\t<\/div>\n\t\t<\/div>\n\n\t<div class=\"sow-tabs-panel-container\">\n\t\t\t<div class=\"sow-tabs-panel\">\n\t\t\t<div\n\t\t\t\tclass=\"sow-tabs-panel-content\"\n\t\t\t\trole=\"tabpanel\"\n\t\t\t\taria-hidden=\"false\"\n\t\t\t>\n\t\t\t\t<ul>\r\n \t<li>Qu\u00edmica no fluorada<\/li>\r\n \t<li>Excelente alternativa a los productos de encolado de aceite tradicionales<\/li>\r\n \t<li>Dise\u00f1ado para procesos de extremo h\u00famedo<\/li>\r\n \t<li>Dise\u00f1ado para aplicarse a la pulpa en lugar de recubrir el producto final con aerosol<\/li>\r\n \t<li>Protege a altas temperaturas, incluso a 80 \u00b0C<\/li>\r\n \t<li>Cumple con las normas de la FDA para el contacto con alimentos<\/li>\r\n \t<li>Aprobaci\u00f3n kosher pendiente<\/li>\r\n \t<li>Excelentes propiedades hidr\u00f3filas de repelencia al agua y liberaci\u00f3n de manchas<\/li>\r\n \t<li>Ofrece compatibilidad con una amplia gama de aditivos<\/li>\r\n \t<li>Fabricado en EE. UU.<\/li>\r\n \t<li>Tecnolog\u00eda con patente en tr\u00e1mite<\/li>\r\n<\/ul>\t\t\t<\/div>\n\t\t<\/div>\n\t\t\t<div class=\"sow-tabs-panel\">\n\t\t\t<div\n\t\t\t\tclass=\"sow-tabs-panel-content\"\n\t\t\t\trole=\"tabpanel\"\n\t\t\t\taria-hidden=\"true\"\n\t\t\t>\n\t\t\t\t<ul>\r\n \t<li>Fibra moldeada y formada<\/li>\r\n \t<li>Cajas de cart\u00f3n y pizza<\/li>\r\n \t<li>Tazones, platos y recipientes para comida r\u00e1pida<\/li>\r\n \t<li>Recubrimientos textiles y no tejidos<\/li>\r\n<\/ul>\t\t\t<\/div>\n\t\t<\/div>\n\t\t\t<div class=\"sow-tabs-panel\">\n\t\t\t<div\n\t\t\t\tclass=\"sow-tabs-panel-content\"\n\t\t\t\trole=\"tabpanel\"\n\t\t\t\taria-hidden=\"true\"\n\t\t\t>\n\t\t\t\t<a href=\"https:\/\/stg-agcchemicals-staging2024.kinsta.cloud\/es\/contactenos\/pedido-de-sds\/\" rel=\"noopener\">Haga clic<\/a> aqu\u00ed para solicitar una hoja SDS.\t\t\t<\/div>\n\t\t<\/div>\n\t\t\t<div class=\"sow-tabs-panel\">\n\t\t\t<div\n\t\t\t\tclass=\"sow-tabs-panel-content\"\n\t\t\t\trole=\"tabpanel\"\n\t\t\t\taria-hidden=\"true\"\n\t\t\t>\n\t\t\t\t<ul>\r\n \t<li>Servicios de evaluaci\u00f3n del rendimiento<\/li>\r\n \t<li>Pruebas de repelencia al agua y al aceite<\/li>\r\n \t<li>Pruebas de presi\u00f3n hidrost\u00e1tica<\/li>\r\n \t<li>Pruebas de desintegraci\u00f3n est\u00e1tica<\/li>\r\n \t<li>Pruebas de resistividad superficial<\/li>\r\n \t<li>Pruebas de exposici\u00f3n<\/li>\r\n \t<li>M\u00e1s informaci\u00f3n<\/li>\r\n<\/ul>\t\t\t<\/div>\n\t\t<\/div>\n\t\t<\/div>\n<\/div>\n<\/div><\/div><\/div><\/div><\/div><\/div><\/div><\/div><\/div><\/div><\/div><div id=\"pg-27948-7\"  class=\"panel-grid panel-has-style\" ><div class=\"blue_overlay siteorigin-panels-stretch panel-row-style panel-row-style-for-27948-7\" data-stretch-type=\"full-width-stretch\" ><div id=\"pgc-27948-7-0\"  class=\"panel-grid-cell\" ><div id=\"panel-27948-7-0-0\" class=\"so-panel widget widget_siteorigin-panels-builder panel-first-child panel-last-child\" data-index=\"11\" ><div class=\"container panel-widget-style panel-widget-style-for-27948-7-0-0\" ><div id=\"pl-w66fda7c6bc118\"  class=\"panel-layout\" ><div id=\"pg-w66fda7c6bc118-0\"  class=\"panel-grid panel-has-style\" ><div class=\"col-12 col-md-6 m-auto position-relative panel-row-style panel-row-style-for-w66fda7c6bc118-0\" ><div id=\"pgc-w66fda7c6bc118-0-0\"  class=\"panel-grid-cell\" ><div id=\"panel-w66fda7c6bc118-0-0-0\" class=\"so-panel widget widget_sow-headline panel-first-child\" data-index=\"0\" ><div class=\"fw-bold panel-widget-style panel-widget-style-for-w66fda7c6bc118-0-0-0\" ><div\n\t\t\t\n\t\t\tclass=\"so-widget-sow-headline so-widget-sow-headline-default-87547e56f06d\"\n\t\t\t\n\t\t><div class=\"sow-headline-container \">\n\t\t\t\t\t\t\t<h2 class=\"sow-headline\">\n\t\t\t\t\t\tLlame a nuestros expertos en fluoropol\u00edmeros para analizar sus necesidades espec\u00edficas.\t\t\t\t\t\t<\/h2>\n\t\t\t\t\t\t<\/div>\n<\/div><\/div><\/div><div id=\"panel-w66fda7c6bc118-0-0-1\" class=\"so-panel widget widget_sow-button panel-last-child\" data-index=\"1\" ><div\n\t\t\t\n\t\t\tclass=\"so-widget-sow-button so-widget-sow-button-flat-f949060a8f32\"\n\t\t\t\n\t\t><div class=\"ow-button-base ow-button-align-center\"\n>\n\t\t\t<a href=\"https:\/\/www.agcchem.com\/contact-us\/product-inquiry\/\" class=\"btn sowb-button ow-icon-placement-left ow-button-hover\">\n\t\t<span>\n\t\t\t\n\t\t\tConsulta de producto\t\t<\/span>\n\t\t\t<\/a>\n\t<\/div>\n<\/div><\/div><\/div><\/div><\/div><\/div><\/div><\/div><\/div><\/div><\/div><\/div>","protected":false},"excerpt":{"rendered":"<p>HomeBlog Tecnolog\u00eda de barrera no fluorada FibraLAST\u00ae Los aditivos de encolado no fluorados protegen los productos de papel tanto del agua como de los aceites alimentarios. Dudas al respecto del producto Pedido de muestra Explore: Descripci\u00f3n general Caracter\u00edsticas Aplicaciones SDS&#8230;<\/p>\n","protected":false},"author":12,"featured_media":30080,"parent":27466,"menu_order":2,"comment_status":"closed","ping_status":"closed","template":"page-template\/product-template.php","meta":{"_acf_changed":false,"inline_featured_image":false,"footnotes":""},"class_list":["post-27948","page","type-page","status-publish","has-post-thumbnail","hentry"],"acf":[],"_links":{"self":[{"href":"https:\/\/www.agcchem.com\/es\/wp-json\/wp\/v2\/pages\/27948","targetHints":{"allow":["GET"]}}],"collection":[{"href":"https:\/\/www.agcchem.com\/es\/wp-json\/wp\/v2\/pages"}],"about":[{"href":"https:\/\/www.agcchem.com\/es\/wp-json\/wp\/v2\/types\/page"}],"author":[{"embeddable":true,"href":"https:\/\/www.agcchem.com\/es\/wp-json\/wp\/v2\/users\/12"}],"replies":[{"embeddable":true,"href":"https:\/\/www.agcchem.com\/es\/wp-json\/wp\/v2\/comments?post=27948"}],"version-history":[{"count":0,"href":"https:\/\/www.agcchem.com\/es\/wp-json\/wp\/v2\/pages\/27948\/revisions"}],"up":[{"embeddable":true,"href":"https:\/\/www.agcchem.com\/es\/wp-json\/wp\/v2\/pages\/27466"}],"wp:featuredmedia":[{"embeddable":true,"href":"https:\/\/www.agcchem.com\/es\/wp-json\/wp\/v2\/media\/30080"}],"wp:attachment":[{"href":"https:\/\/www.agcchem.com\/es\/wp-json\/wp\/v2\/media?parent=27948"}],"curies":[{"name":"wp","href":"https:\/\/api.w.org\/{rel}","templated":true}]}}