{"id":2816,"date":"2018-12-07T09:35:08","date_gmt":"2018-12-07T09:35:08","guid":{"rendered":"http:\/\/agcchem.com\/products\/"},"modified":"2024-05-27T00:38:00","modified_gmt":"2024-05-27T00:38:00","slug":"productos","status":"publish","type":"page","link":"https:\/\/www.agcchem.com\/es\/productos\/","title":{"rendered":"Productos"},"content":{"rendered":"<div id=\"pl-2816\"  class=\"panel-layout\" ><div id=\"pg-2816-0\"  class=\"panel-grid panel-has-style\" ><div class=\"siteorigin-panels-stretch animate-69d654a69b467966992946 panels-animation-hide panel-row-style panel-row-style-for-2816-0\" data-stretch-type=\"full-width-stretch\" data-so-animation=\"{&quot;selector&quot;:&quot;.animate-69d654a69b467966992946&quot;,&quot;animation&quot;:&quot;fadeIn&quot;,&quot;breakpoint&quot;:&quot;780px&quot;,&quot;duration&quot;:1,&quot;repeat&quot;:0,&quot;hide&quot;:1,&quot;disableAnimationMobile&quot;:0,&quot;finalState&quot;:&quot;visible&quot;,&quot;delay&quot;:0,&quot;debounce&quot;:0.1,&quot;event&quot;:&quot;enter&quot;,&quot;offset&quot;:0}\" ><div id=\"pgc-2816-0-0\"  class=\"panel-grid-cell\" ><div id=\"panel-2816-0-0-0\" class=\"widget_text so-panel widget widget_custom_html panel-first-child panel-last-child\" data-index=\"0\" ><div class=\"widget_text animate-69d654a69b4ec993072616 panels-animation-hide panel-widget-style panel-widget-style-for-2816-0-0-0\" data-so-animation=\"{&quot;selector&quot;:&quot;.animate-69d654a69b4ec993072616&quot;,&quot;animation&quot;:&quot;fadeIn&quot;,&quot;breakpoint&quot;:&quot;780px&quot;,&quot;duration&quot;:2,&quot;repeat&quot;:0,&quot;hide&quot;:1,&quot;disableAnimationMobile&quot;:0,&quot;finalState&quot;:&quot;visible&quot;,&quot;delay&quot;:0,&quot;debounce&quot;:0.1,&quot;event&quot;:&quot;enter&quot;,&quot;offset&quot;:0}\" ><div class=\"textwidget custom-html-widget\">\n\t<section class=\"home-slider\">\n\t\t<div class=\"hm-slider\">\n\t\t\t<div>\n\t\t\t\t<div class=\"home-slide-img\">\n\t\t\t\t\t<img decoding=\"async\" src=\"https:\/\/staging-agcchemicals-staging.kinsta.cloud\/wp-content\/uploads\/2024\/04\/prods-index-slider1.png\" class=\"w-100\">\n\t\t\t\t<\/div>\n\t\t\t<\/div>\n\t\t\t<div>\n\t\t\t\t<div class=\"home-slide-img\">\n\t\t\t\t\t<img decoding=\"async\" src=\"https:\/\/staging-agcchemicals-staging.kinsta.cloud\/wp-content\/uploads\/2024\/04\/prods-index-slider6.png\" class=\"w-100\">\n\t\t\t\t<\/div>\n\t\t\t<\/div>\n\t\t\t<div>\n\t\t\t\t<div class=\"home-slide-img\">\n\t\t\t\t\t<img decoding=\"async\" src=\"https:\/\/staging-agcchemicals-staging.kinsta.cloud\/wp-content\/uploads\/2024\/04\/prods-index-slider3.png\" class=\"w-100\">\n\t\t\t\t<\/div>\n\t\t\t<\/div>\n\t\t\t<div>\n\t\t\t\t<div class=\"home-slide-img\">\n\t\t\t\t\t<img decoding=\"async\" src=\"https:\/\/staging-agcchemicals-staging.kinsta.cloud\/wp-content\/uploads\/2024\/04\/prods-index-slider4.png\" class=\"w-100\">\n\t\t\t\t<\/div>\n\t\t\t<\/div>\n \t\t\t <div>\n\t\t\t\t<div class=\"home-slide-img\">\n\t\t\t\t\t<img decoding=\"async\" src=\"https:\/\/staging-agcchemicals-staging.kinsta.cloud\/wp-content\/uploads\/2024\/04\/prods-index-slider5.png\" class=\"w-100\">\n\t\t\t\t<\/div>\n\t\t\t<\/div>\t\t\n\t\t<\/div>\n\n\t\t<div class=\"home-slide-content\">\n\t\t\t<div class=\"home-bg-products\">\n\n\t\t\t<\/div>\n\t\t\t<div class=\"container\">\n\t\t\t\t<div class=\"home-slid-inner\">      \n\t\t\t\t\t<h1>Resinas, compuestos y materiales especiales de fluoropol\u00edmero AGC<\/h1>\n\t\t\t\t\t<div class=\"btns\">\n\t\t\t\t\t\t<a href=\"#overview\" class=\"btn btn-primary\">Overview<\/a>\n\t\t\t\t\t\t<a href=\"#our_products_section\" class=\"btn btn-secondary\">Products<\/a>\n\t\t\t\t\t<\/div>\n\t\t\t\t\t<div class=\"gear_bg_twentyseven\">\n\t\t\t\t\t\t<img decoding=\"async\" src=\"https:\/\/www.agcchem.com\/wp-content\/themes\/agcchemicals\/images\/gear_bg_27.svg\">\n\t\t\t\t\t<\/div>\n\t\t\t\t\t<div class=\"gear_bg_thirtyseven\">\n\t\t\t\t\t\t<img decoding=\"async\" src=\"https:\/\/www.agcchem.com\/wp-content\/themes\/agcchemicals\/images\/gear_bg_37.svg\">\n\t\t\t\t\t<\/div>        \n\t\t\t\t<\/div>\n\t\t\t<\/div>\n\t\t<\/div>\n\t<\/section>\n\n<\/div><\/div><\/div><\/div><\/div><\/div><div id=\"pg-2816-1\"  class=\"panel-grid panel-has-style\" ><div class=\"white_text clip_path__lower_right_down single_blog_header siteorigin-panels-stretch panel-row-style panel-row-style-for-2816-1\" id=\"overview\" data-stretch-type=\"full-width-stretch\" ><div id=\"pgc-2816-1-0\"  class=\"panel-grid-cell\" ><div id=\"panel-2816-1-0-0\" class=\"so-panel widget widget_siteorigin-panels-builder panel-first-child panel-last-child\" data-index=\"1\" ><div class=\"container panel-widget-style panel-widget-style-for-2816-1-0-0\" ><div id=\"pl-w6652e8c6c310b\"  class=\"panel-layout\" ><div id=\"pg-w6652e8c6c310b-0\"  class=\"panel-grid panel-no-style\" ><div id=\"pgc-w6652e8c6c310b-0-0\"  class=\"panel-grid-cell\" ><div id=\"panel-w6652e8c6c310b-0-0-0\" class=\"so-panel widget widget_sow-editor panel-first-child panel-last-child\" data-index=\"0\" ><div\n\t\t\t\n\t\t\tclass=\"so-widget-sow-editor so-widget-sow-editor-base\"\n\t\t\t\n\t\t>\n<div class=\"siteorigin-widget-tinymce textwidget\">\n\t<p>AGC Chemicals Americas ofrece la m\u00e1s amplia gama de fluoropol\u00edmeros de alto rendimiento del mundo, incluyendo fluoroelast\u00f3meros, resinas de PTFE, PFA y ETFE y compuestos de fluoropol\u00edmeros. Producimos tambi\u00e9n materiales de rendimiento especial, los cuales satisfacen los requisitos exclusivos de aplicaciones espec\u00edficas tales como pinturas, tejidos, fachadas y cosm\u00e9ticos. Nuestros fluoroproductos de alto rendimiento y ecol\u00f3gicamente\u00a0correctos proporcionan soluciones de vanguardia para un mundo en\u00a0constante cambio.<\/p>\n<\/div>\n<\/div><\/div><\/div><div id=\"pgc-w6652e8c6c310b-0-1\"  class=\"panel-grid-cell\" ><div id=\"panel-w6652e8c6c310b-0-1-0\" class=\"so-panel widget widget_sow-editor panel-first-child panel-last-child\" data-index=\"1\" ><div\n\t\t\t\n\t\t\tclass=\"so-widget-sow-editor so-widget-sow-editor-base\"\n\t\t\t\n\t\t>\n<div class=\"siteorigin-widget-tinymce textwidget\">\n\t<h2 style=\"text-align: center;\">Nuestros fluoroqu\u00edmicos de mayor rendimiento y respetuosos con el medio ambiente brindan soluciones de vanguardia para un mundo en constante cambio.<\/h2>\n<\/div>\n<\/div><\/div><\/div><\/div><\/div><\/div><\/div><\/div><\/div><\/div><div id=\"pg-2816-2\"  class=\"panel-grid panel-has-style\" ><div id=\"our_products_section\" class=\"panel-row-style panel-row-style-for-2816-2\" ><div id=\"pgc-2816-2-0\"  class=\"panel-grid-cell\" ><div id=\"panel-2816-2-0-0\" class=\"so-panel widget widget_sow-headline panel-first-child\" data-index=\"2\" ><div id=\"headingwithBlueBg\" class=\"panel-widget-style panel-widget-style-for-2816-2-0-0\" ><div\n\t\t\t\n\t\t\tclass=\"so-widget-sow-headline so-widget-sow-headline-default-0d209d70e61e-2816\"\n\t\t\t\n\t\t><div class=\"sow-headline-container \">\n\t\t\t\t\t\t\t<h3 class=\"sow-headline\">\n\t\t\t\t\t\tProductos\t\t\t\t\t\t<\/h3>\n\t\t\t\t\t\t<\/div>\n<\/div><\/div><\/div><div id=\"panel-2816-2-0-1\" class=\"so-panel widget widget_sow-editor panel-last-child\" data-index=\"3\" ><div\n\t\t\t\n\t\t\tclass=\"so-widget-sow-editor so-widget-sow-editor-base\"\n\t\t\t\n\t\t>\n<div class=\"siteorigin-widget-tinymce textwidget\">\n\t   <div class=\"product_index_grid pb-5\">\n      <div class=\"row\">\n\n         <div class=\"col-md-3\">\n\n            <div class=\"clients_box\">\n              <div class=\"client_img\">\n                <img decoding=\"async\" src=\"https:\/\/www.agcchem.com\/wp-content\/themes\/agcchemicals\/images\/product_index\/prod-grid1.png\" alt=\"\" class=\"w-100\">\n\n                <div class=\"text-in-center\">\n                   <h4>Resinas de Fluoro-pol\u00edmero<\/h4>\n                <\/div>\n              <\/div>\n\n              <div class=\"clietns_overlay\">\n\n               <ul>\n                  <li>\n                     <a href=\"\/products\/fluoropolymer-resins\/fluoroelastomers\/\">Fluoroelast\u00f3mero<\/a>\n                  <\/li>\n                  <li>\n                     <a href=\"\/products\/fluoropolymer-resins\/etfe-resins\/\">ETFE Resinas<\/a>\n                  <\/li>\n                  <li>\n                     <a href=\"\/products\/fluoropolymer-resins\/fluonpfa-resins\/\">PFA Resinas<\/a>\n                  <\/li>\n                  <li>\n                     <a href=\"\/products\/fluoropolymer-resins\/fluonptfe-and-ptfe-micropowders\/\">PTFE Resinas y Micropolvos<\/a>\n                  <\/li>                                                     \n               <\/ul>\n\n              <\/div>\n            <\/div>\n         <\/div>\n         \n         <div class=\"col-md-3\">\n            \n            <div class=\"clients_box\">\n              <div class=\"client_img\">\n                <img decoding=\"async\" src=\"https:\/\/www.agcchem.com\/wp-content\/themes\/agcchemicals\/images\/product_index\/prod-grid2.png\" alt=\"\" class=\"w-100\">\n\n                <div class=\"text-in-center\">\n                   <h4>Enhanced Materials<\/h4>\n                <\/div>\n              <\/div>\n\n              <div class=\"clietns_overlay\">\n\n               <ul>\n                  <li>\n                     <a href=\"\/products\/fluon-enhanced-materials\/fluonmelt-processable-compounds\/\">Compuestos Procesables por Fusi\u00f3n<\/a>\n                  <\/li>\n                  <li>\n                     <a href=\"\/products\/fluon-enhanced-materials\/fluonfilled-ptfe-compounds\/\">Compuestos Cargados de PTFE<\/a>\n                  <\/li>\n                  <li>\n                     <a href=\"\/products\/fluon-enhanced-materials\/fluon-adhesive-grades\/\">Grados Adhesivos<\/a>\n                  <\/li>\n                  <li>\n                     <a href=\"\/products\/fluon-enhanced-materials\/fluon-modifiers\/\">Modificadores<\/a>\n                  <\/li>\n                  <li>\n                     <a href=\"\/products\/fluon-enhanced-materials\/fluon-composites\/\">Compuestos<\/a>\n                  <\/li> \n                  <li>\n                     <a href=\"\/products\/fluon-enhanced-materials\/fluon-mplastics\/\">Modificaci\u00f3n con Fluoropol\u00edmeros<\/a>\n                  <\/li> \n                  <li>\n                     <a href=\"\/products\/fluon-enhanced-materials\/fluon-antimicrobial\/\">Fluon+ Antimicrobial Compounds<\/a>\n                  <\/li>                                                                                                     \n               <\/ul>\n\n              <\/div>\n            <\/div>\n\n         <\/div>\n\n         <div class=\"col-md-3\">\n            <div class=\"clients_box\">\n              <div class=\"client_img\">\n                <img decoding=\"async\" src=\"https:\/\/www.agcchem.com\/wp-content\/themes\/agcchemicals\/images\/product_index\/prod-grid3.png\" alt=\"\" class=\"w-100\">\n\n                <div class=\"text-in-center\">\n                   <h4>High Performance<br>Coatings and Agents<\/h4>\n                <\/div>\n              <\/div>\n\n              <div class=\"clietns_overlay\">\n                 <ul>\n                    <li>\n                       <a href=\"\/products\/specialty-materials\/asahi-guard-repellents\/\">Repelentes de Agua\/Aceite para Tejidos<\/a>\n                    <\/li>\n                    <li>\n                       <a href=\"\/products\/specialty-materials\/lumiflon-fluoropolymer-resins\/\">Resina de FEVE<\/a>\n                    <\/li>\n                    <li>\n                       <a href=\"\/products\/high-performance-coatings\/cytop\/\">Fluoropol\u00edmeros amorfos<\/a>\n                    <\/li>\n                    <li>\n                       <a href=\"\/products\/high-performance-coatings\/fibralast-barrier-technology\/\">Fluorine-Free Barrier Technology<\/a>\n                    <\/li>                                                                                        \n                 <\/ul>\n              <\/div>\n            <\/div>\n         <\/div>\n\n         <div class=\"col-md-3\">\n            <div class=\"clients_box\">\n              <div class=\"client_img\">\n                <img decoding=\"async\" src=\"https:\/\/www.agcchem.com\/wp-content\/themes\/agcchemicals\/images\/product_index\/prod-grid4.png\" alt=\"\" class=\"w-100\">\n\n                <div class=\"text-in-center\">\n                   <h4>ETFE y pel\u00edculas de invernadero<\/h4>\n                <\/div>\n              <\/div>\n\n              <div class=\"clietns_overlay\">\n                 <ul>\n                    <li>\n                       <a href=\"\/products\/specialty-materials\/fluonetfe-film\/\">ETFE de invernadero<\/a>\n                    <\/li>\n                    <li>\n                       <a href=\"\/products\/specialty-materials\/f-clean-greenhouse-film\/\">Pel\u00edculas de invernadero<\/a>\n                    <\/li>                                                                                                \n                 <\/ul>\n              <\/div>\n            <\/div>\n         <\/div>\n\n         <div class=\"col-md-3\">\n            <div class=\"clients_box\">\n              <div class=\"client_img\">\n                <img decoding=\"async\" src=\"https:\/\/www.agcchem.com\/wp-content\/themes\/agcchemicals\/images\/product_index\/prod-grid5.png\" alt=\"\" class=\"w-100\">\n\n                <div class=\"text-in-center\">\n                   <h4>Solventes fluorados<\/h4>\n                <\/div>\n              <\/div>\n\n              <div class=\"clietns_overlay\">\n                 <ul>\n                    <li>\n                       <a href=\"\/products\/asahiklin-ae-3000-fluorinated-solvents\/\">HFE-Based Solvents<\/a>\n                    <\/li>\n                    <li>\n                       <a href=\"\/products\/amolea-300-fluorinated-solvents\/\">Next Generation HCFO Solvents<\/a>\n                    <\/li>                                                                                               \n                 <\/ul>\n              <\/div>\n            <\/div>\n         <\/div>\n\n         <div class=\"col-md-3\">\n            <div class=\"clients_box\">\n              <div class=\"client_img\">\n                <img decoding=\"async\" src=\"https:\/\/www.agcchem.com\/wp-content\/themes\/agcchemicals\/images\/product_index\/prod-grid6.png\" alt=\"\" class=\"w-100\">\n\n                <div class=\"text-in-center\">\n                   <h4>Membranes <br>and Dispersions<\/h4>\n                <\/div>\n              <\/div>\n\n              <div class=\"clietns_overlay\">\n                 <ul>\n                    <li>\n                       <a href=\"\/products\/forblue-membranes-polymers\/flemion\/\">Production de Soda Caustica<\/a>\n                    <\/li> \n                    <li>\n                       <a href=\"\/products\/forblue-membranes-polymers\/sunsep\/\">Secado y Deshumidificaci\u00f3n de Gas<\/a>\n                    <\/li> \n                    <li>\n                       <a href=\"\/products\/forblue-membranes-polymers\/forblue-selemion\/\">Di\u00e1lisis Electro\/Difusi\u00f3n<\/a>\n                    <\/li>\n                    <li>\n                       <a href=\"\/products\/forblue-membranes-polymers\/forblue-s-series\/\">Electr\u00f3lisis y Electrodi\u00e1lisis<\/a>\n                    <\/li>\n                    <li>\n                       <a href=\"\/products\/forblue-membranes-polymers\/forblue-i-series-ionomer-dispersions\/\">Ionomer Dispersions<\/a>\n                    <\/li>\n                 <\/ul>\n              <\/div>\n            <\/div>\n         <\/div>\n         <div class=\"col-md-3\">\n            <div class=\"clients_box\">\n              <div class=\"client_img\">\n                <img decoding=\"async\" src=\"https:\/\/www.agcchem.com\/wp-content\/themes\/agcchemicals\/images\/product_index\/prod-grid8.png\" alt=\"\" class=\"w-100\">\n\n                <div class=\"text-in-center\">\n                   <h4>Gas refrigerante<\/h4>\n                <\/div>\n              <\/div>\n\n              <div class=\"clietns_overlay\">\n                 <ul>\n                    <li>\n                       <a href=\"\/products\/amolea-hfo-fluid\/\">Gas refrigerante HFO<\/a>\n                    <\/li>\n                 <\/ul>\n              <\/div>\n            <\/div>\n         <\/div>\n\n         <div class=\"col-md-3\">\n            <div class=\"clients_box\">\n              <div class=\"client_img\">\n                <img decoding=\"async\" src=\"https:\/\/www.agcchem.com\/wp-content\/themes\/agcchemicals\/images\/product_index\/prod-grid9.png\" alt=\"\" class=\"w-100\">\n\n                <div class=\"text-in-center\">\n                   <h4>Fine Silica Microspheres<\/h4>\n                <\/div>\n              <\/div>\n\n              <div class=\"clietns_overlay\">\n                 <ul>\n                    <li>\n                       <a href=\"\/products\/fine-silicas-for-cosmetics-skincare\/\">Cosm\u00e9ticos \/ Cuidado personal \/ Cuidado de la piel<\/a>\n                    <\/li>\n                    <li>\n                       <a href=\"\/products\/specialty-materials\/fine-silica-products-for-chromatography\/\">Materials para Cromatograf\u00eda<\/a>\n                    <\/li>\n                    <li>\n                       <a href=\"\/products\/fine-silica-for-catalyst-supports\/\">Soporte de Catalizador<\/a>\n                    <\/li>\n                    <li>\n                       <a href=\"\/products\/fine-silica-gels-3d-printing-resins\/\">Impresi\u00f3n 3D \/ Fabricaci\u00f3n aditiva<\/a>\n                    <\/li>\n \t\t\t\t\t <li>\n                       <a href=\"\/products\/fine-silica-gels\/drug-delivery-food-and-nutraceuticals\/\">Drug Delivery, Food and Nutraceuticals<\/a>\n                    <\/li>\n                    <li>\n                       <a href=\"\/products\/fine-silica-products-industrial\/\">Aplicaciones industriales<\/a>\n                    <\/li>   \n                    <li>\n                       <a href=\"\/products\/fine-silica-products-industrial\/\">Aglutinantes\/Rellenos<\/a>\n                    <\/li>    \n                    <li>\n                       <a href=\"\/products\/fine-silica-gels-2\/resifa-h-series-low-dielectric-fillers\/\">Low Dielectric Fillers<\/a>\n                    <\/li> \n                    <li>\n                       <a href=\"\/products\/fine-silica-gels-2\/resifa-solesphere-fine-silica-carbon-capture\/\">Carbon Capture<\/a>\n                    <\/li>                                                                                            \n                 <\/ul>\n              <\/div>\n            <\/div>\n         <\/div>\n\n         <div class=\"col-md-3\">\n            <div class=\"clients_box\">\n              <div class=\"client_img\">\n                <img decoding=\"async\" src=\"https:\/\/www.agcchem.com\/wp-content\/themes\/agcchemicals\/images\/product_index\/prod-grid10.png\" alt=\"\" class=\"w-100\">\n\n                <div class=\"text-in-center\">\n                   <h4>Qu\u00edmicos finos<\/h4>\n                <\/div>\n              <\/div>\n\n              <div class=\"clietns_overlay\">\n                 <ul>\n                    <li>\n                       <a href=\"\/products\/intermediates\/\">Productos intermedios para productos farmac\u00e9uticos<\/a>\n                    <\/li>\n                    <li>\n                       <a href=\"\/products\/intermediates\/\">Ingredientes para productos agr\u00edcolas <\/a>\n                    <\/li>\n                    <li>\n                       <a href=\"\/products\/intermediates\/\">Fabricaci\u00f3n CGMP<\/a>\n                    <\/li>\n                 <\/ul>\n              <\/div>\n            <\/div>\n         <\/div>\n\n         <div class=\"col-md-3\">\n            <div class=\"clients_box\">\n              <div class=\"client_img\">\n                <img decoding=\"async\" src=\"https:\/\/www.agcchem.com\/wp-content\/themes\/agcchemicals\/images\/product_index\/prod-grid11.png\" alt=\"\" class=\"w-100\">\n\n                <div class=\"text-in-center\">\n                   <h4>Polioles<\/h4>\n                <\/div>\n              <\/div>\n\n              <div class=\"clietns_overlay\">\n                 <ul>\n                    <li>\n                       <a href=\"\/products\/specialty-materials\/polyols-for-polyurethanes\/\">Poli\u00e9ter Poliol<\/a>\n                    <\/li>\n                    <li>\n                       <a href=\"\/products\/specialty-materials\/polyols-for-polyurethanes\/\">Poli\u00e9ter Modificado con Silano<\/a>\n                    <\/li>                                                                                              \n                 <\/ul>\n              <\/div>\n            <\/div>\n         <\/div>\n\n      <\/div>\n   <\/div>\n\n\n<\/div>\n<\/div><\/div><\/div><\/div><\/div><\/div>","protected":false},"excerpt":{"rendered":"<p>Resinas, compuestos y materiales especiales de fluoropol\u00edmero AGC Overview Products AGC Chemicals Americas ofrece la m\u00e1s amplia gama de fluoropol\u00edmeros de alto rendimiento del mundo, incluyendo fluoroelast\u00f3meros, resinas de PTFE, PFA y ETFE y compuestos de fluoropol\u00edmeros. Producimos tambi\u00e9n materiales&#8230;<\/p>\n","protected":false},"author":2,"featured_media":0,"parent":0,"menu_order":0,"comment_status":"closed","ping_status":"closed","template":"","meta":{"_acf_changed":false,"inline_featured_image":false,"footnotes":""},"class_list":["post-2816","page","type-page","status-publish","hentry"],"acf":[],"_links":{"self":[{"href":"https:\/\/www.agcchem.com\/es\/wp-json\/wp\/v2\/pages\/2816","targetHints":{"allow":["GET"]}}],"collection":[{"href":"https:\/\/www.agcchem.com\/es\/wp-json\/wp\/v2\/pages"}],"about":[{"href":"https:\/\/www.agcchem.com\/es\/wp-json\/wp\/v2\/types\/page"}],"author":[{"embeddable":true,"href":"https:\/\/www.agcchem.com\/es\/wp-json\/wp\/v2\/users\/2"}],"replies":[{"embeddable":true,"href":"https:\/\/www.agcchem.com\/es\/wp-json\/wp\/v2\/comments?post=2816"}],"version-history":[{"count":0,"href":"https:\/\/www.agcchem.com\/es\/wp-json\/wp\/v2\/pages\/2816\/revisions"}],"wp:attachment":[{"href":"https:\/\/www.agcchem.com\/es\/wp-json\/wp\/v2\/media?parent=2816"}],"curies":[{"name":"wp","href":"https:\/\/api.w.org\/{rel}","templated":true}]}}