{"id":2856,"date":"2018-12-08T07:55:16","date_gmt":"2018-12-08T07:55:16","guid":{"rendered":"http:\/\/agcchem.com\/products\/fluoropolymer-resins\/"},"modified":"2024-10-11T17:35:15","modified_gmt":"2024-10-11T17:35:15","slug":"resinas-de-fluoropolimero","status":"publish","type":"page","link":"https:\/\/www.agcchem.com\/es\/productos\/resinas-de-fluoropolimero\/","title":{"rendered":"Resinas de Fluoropol\u00edmero"},"content":{"rendered":"<div id=\"pl-2856\"  class=\"panel-layout\" ><div id=\"pg-2856-0\"  class=\"panel-grid panel-has-style\" ><div class=\"home-slider global_hero_section siteorigin-panels-stretch panel-row-style panel-row-style-for-2856-0\" data-stretch-type=\"full-width-stretch\" ><div id=\"pgc-2856-0-0\"  class=\"panel-grid-cell\" ><div id=\"panel-2856-0-0-0\" class=\"so-panel widget widget_sow-image panel-first-child\" data-index=\"0\" ><div class=\"hero_big_image panel-widget-style panel-widget-style-for-2856-0-0-0\" ><div\n\t\t\t\n\t\t\tclass=\"so-widget-sow-image so-widget-sow-image-default-e4c2d9f6c920-2856\"\n\t\t\t\n\t\t>\n<div class=\"sow-image-container\">\n\t\t<img \n\tsrc=\"https:\/\/www.agcchem.com\/wp-content\/uploads\/2024\/03\/slide_1-scaled.jpg\" width=\"2560\" height=\"1762\" srcset=\"https:\/\/www.agcchem.com\/wp-content\/uploads\/2024\/03\/slide_1-scaled.jpg 2560w, https:\/\/www.agcchem.com\/wp-content\/uploads\/2024\/03\/slide_1-300x207.jpg 300w, https:\/\/www.agcchem.com\/wp-content\/uploads\/2024\/03\/slide_1-1024x705.jpg 1024w, https:\/\/www.agcchem.com\/wp-content\/uploads\/2024\/03\/slide_1-768x529.jpg 768w, https:\/\/www.agcchem.com\/wp-content\/uploads\/2024\/03\/slide_1-1536x1057.jpg 1536w, https:\/\/www.agcchem.com\/wp-content\/uploads\/2024\/03\/slide_1-2048x1410.jpg 2048w\" sizes=\"(max-width: 2560px) 100vw, 2560px\" title=\"slide_1\" alt=\"\" \t\tclass=\"so-widget-image\"\/>\n\t<\/div>\n\n<\/div><\/div><\/div><div id=\"panel-2856-0-0-1\" class=\"so-panel widget widget_siteorigin-panels-builder panel-last-child\" data-index=\"1\" ><div class=\"home-slide-content white_text panel-widget-style panel-widget-style-for-2856-0-0-1\" ><div id=\"pl-w670961d303e71\"  class=\"panel-layout\" ><div id=\"pg-w670961d303e71-0\"  class=\"panel-grid panel-no-style\" ><div id=\"pgc-w670961d303e71-0-0\"  class=\"panel-grid-cell\" ><div id=\"panel-w670961d303e71-0-0-0\" class=\"widget_text so-panel widget widget_custom_html panel-first-child\" data-index=\"0\" ><div class=\"textwidget custom-html-widget\"><div class=\"home-bg\"><\/div><\/div><\/div><div id=\"panel-w670961d303e71-0-0-1\" class=\"so-panel widget widget_siteorigin-panels-builder panel-last-child\" data-index=\"1\" ><div class=\"container panel-widget-style panel-widget-style-for-w670961d303e71-0-0-1\" ><div id=\"pl-w670961d303e7a\"  class=\"panel-layout\" ><div id=\"pg-w670961d303e7a-0\"  class=\"panel-grid panel-has-style\" ><div class=\"home-slid-inner panel-row-style panel-row-style-for-w670961d303e7a-0\" ><div id=\"pgc-w670961d303e7a-0-0\"  class=\"panel-grid-cell\" ><div id=\"panel-w670961d303e7a-0-0-0\" class=\"so-panel widget widget_sow-headline panel-first-child\" data-index=\"0\" ><div\n\t\t\t\n\t\t\tclass=\"so-widget-sow-headline so-widget-sow-headline-default-704e7542437d\"\n\t\t\t\n\t\t><div class=\"sow-headline-container \">\n\t\t\t\t\t\t\t<h1 class=\"sow-headline\">\n\t\t\t\t\t\tResinas de Fluoropol\u00edmero\t\t\t\t\t\t<\/h1>\n\t\t\t\t\t\t\t\t\t\t\t\t<h3 class=\"sow-sub-headline\">\n\t\t\t\t\t\tNuestras resinas de fluoropol\u00edmero son confiables y vers\u00e1tiles en sus aplicaciones.  Presentan diversas caracter\u00edsticas, como resistencia mec\u00e1nica, alta pureza, bajo punto de fusi\u00f3n, propiedades antiadherentes y resistencia a productos qu\u00edmicos y a las inclemencias del tiempo.\t\t\t\t\t\t<\/h3>\n\t\t\t\t\t\t<\/div>\n<\/div><\/div><div id=\"panel-w670961d303e7a-0-0-1\" class=\"so-panel widget widget_sow-image\" data-index=\"1\" ><div class=\"gear_bg_twentyseven panel-widget-style panel-widget-style-for-w670961d303e7a-0-0-1\" ><div\n\t\t\t\n\t\t\tclass=\"so-widget-sow-image so-widget-sow-image-default-8b5b6f678277\"\n\t\t\t\n\t\t>\n<div class=\"sow-image-container\">\n\t\t<img \n\tsrc=\"https:\/\/www.agcchem.com\/wp-content\/uploads\/2024\/03\/gear_bg_27.svg\" width=\"279\" height=\"279\" sizes=\"(max-width: 279px) 100vw, 279px\" alt=\"\" \t\tclass=\"so-widget-image\"\/>\n\t<\/div>\n\n<\/div><\/div><\/div><div id=\"panel-w670961d303e7a-0-0-2\" class=\"so-panel widget widget_sow-image\" data-index=\"2\" ><div class=\"gear_bg_thirtyseven panel-widget-style panel-widget-style-for-w670961d303e7a-0-0-2\" ><div\n\t\t\t\n\t\t\tclass=\"so-widget-sow-image so-widget-sow-image-default-8b5b6f678277\"\n\t\t\t\n\t\t>\n<div class=\"sow-image-container\">\n\t\t<img \n\tsrc=\"https:\/\/www.agcchem.com\/wp-content\/uploads\/2024\/03\/gear_bg_37.svg\" width=\"228\" height=\"228\" sizes=\"(max-width: 228px) 100vw, 228px\" alt=\"\" \t\tclass=\"so-widget-image\"\/>\n\t<\/div>\n\n<\/div><\/div><\/div><div id=\"panel-w670961d303e7a-0-0-3\" class=\"widget_text so-panel widget widget_custom_html panel-last-child\" data-index=\"3\" ><div class=\"widget_text new_products_cta_buttons panel-widget-style panel-widget-style-for-w670961d303e7a-0-0-3\" ><div class=\"textwidget custom-html-widget\"><div class=\"btns\">\n\t<a href=\"#product_section\" class=\"btn btn-primary\">Productos<\/a>\n\t<a href=\"#related_info_section\" class=\"btn btn-secondary\">Informaci\u00f3n relacionada<\/a>\n\t<a href=\"#connect_with_agc_section\" class=\"btn btn-secondary\">Conectar con AGC<\/a>\n<\/div><\/div><\/div><\/div><\/div><\/div><\/div><\/div><\/div><\/div><\/div><\/div><\/div><\/div><\/div><\/div><\/div><\/div><div id=\"pg-2856-1\"  class=\"panel-grid panel-has-style\" ><div class=\"white_text clip_path__lower_right_down single_blog_header siteorigin-panels-stretch panel-row-style panel-row-style-for-2856-1\" data-stretch-type=\"full-width-stretch\" ><div id=\"pgc-2856-1-0\"  class=\"panel-grid-cell\" ><div id=\"panel-2856-1-0-0\" class=\"so-panel widget widget_siteorigin-panels-builder panel-first-child panel-last-child\" data-index=\"2\" ><div class=\"container panel-widget-style panel-widget-style-for-2856-1-0-0\" ><div id=\"pl-w66e458eae7031\"  class=\"panel-layout\" ><div id=\"pg-w66e458eae7031-0\"  class=\"panel-grid panel-has-style\" ><div class=\"col-md-9 col-12 m-auto panel-row-style panel-row-style-for-w66e458eae7031-0\" ><div id=\"pgc-w66e458eae7031-0-0\"  class=\"panel-grid-cell\" ><div id=\"panel-w66e458eae7031-0-0-0\" class=\"so-panel widget widget_sow-editor panel-first-child panel-last-child\" data-index=\"0\" ><div\n\t\t\t\n\t\t\tclass=\"so-widget-sow-editor so-widget-sow-editor-base\"\n\t\t\t\n\t\t>\n<div class=\"siteorigin-widget-tinymce textwidget\">\n\t<h2 style=\"text-align: center;\">Las resinas de fluoropol\u00edmero AGC se utilizan en todas las industrias del transporte, procesos qu\u00edmicos, recuperaci\u00f3n de recursos, electr\u00f3nica, semiconductores, aeroespacial y textil.<\/h2>\n<\/div>\n<\/div><\/div><\/div><\/div><\/div><\/div><\/div><\/div><\/div><\/div><\/div><div id=\"pg-2856-2\"  class=\"panel-grid panel-has-style\" ><div id=\"product_section\" class=\"panel-row-style panel-row-style-for-2856-2\" ><div id=\"pgc-2856-2-0\"  class=\"panel-grid-cell\" ><div id=\"panel-2856-2-0-0\" class=\"so-panel widget widget_siteorigin-panels-builder panel-first-child panel-last-child\" data-index=\"3\" ><div id=\"pl-w66e458eae71b4\"  class=\"panel-layout\" ><div id=\"pg-w66e458eae71b4-0\"  class=\"panel-grid panel-has-style\" ><div class=\"container panel-row-style panel-row-style-for-w66e458eae71b4-0\" ><div id=\"pgc-w66e458eae71b4-0-0\"  class=\"panel-grid-cell\" ><div class=\"category_product_box panel-cell-style panel-cell-style-for-w66e458eae71b4-0-0\" ><div id=\"panel-w66e458eae71b4-0-0-0\" class=\"so-panel widget widget_sow-image panel-first-child\" data-index=\"0\" ><div class=\"panel-widget-style panel-widget-style-for-w66e458eae71b4-0-0-0\" ><div\n\t\t\t\n\t\t\tclass=\"so-widget-sow-image so-widget-sow-image-default-c67d20f9f743\"\n\t\t\t\n\t\t>\n<div class=\"sow-image-container\">\n\t\t\t<a href=\"https:\/\/www.agcchem.com\/products\/fluoropolymer-resins\/fluoroelastomers\/\"\n\t\t\t\t\t>\n\t\t\t<img \n\tsrc=\"https:\/\/www.agcchem.com\/wp-content\/uploads\/2018\/12\/aflas.gif\" width=\"449\" height=\"422\" sizes=\"(max-width: 449px) 100vw, 449px\" alt=\"\" \t\tclass=\"so-widget-image\"\/>\n\t\t\t<\/a><\/div>\n\n<\/div><\/div><\/div><div id=\"panel-w66e458eae71b4-0-0-1\" class=\"so-panel widget widget_text\" data-index=\"1\" >\t\t\t<div class=\"textwidget\"><p>Materiales de elecci\u00f3n para\u00a0productos y sistemas que operan en ambientes dif\u00edciles y\u00a0exigen alta confiabilidad.<\/p>\n<\/div>\n\t\t<\/div><div id=\"panel-w66e458eae71b4-0-0-2\" class=\"so-panel widget widget_sow-headline panel-last-child\" data-index=\"2\" ><div\n\t\t\t\n\t\t\tclass=\"so-widget-sow-headline so-widget-sow-headline-default-2f414743e2fc\"\n\t\t\t\n\t\t><div class=\"sow-headline-container \">\n\t\t\t\t\t\t\t<h6 class=\"sow-headline\">\n\t\t\t\t\t\t\t\t\t\t\t\t\t<a href=\"https:\/\/www.agcchem.com\/es\/productos\/resinas-de-fluoropolimero\/fluoroelastomers\/\" >\n\t\t\t\t\t\t\t\tM\u00e1s informaci\u00f3n<\/a>\t\t\t\t\t\t<\/h6>\n\t\t\t\t\t\t<\/div>\n<\/div><\/div><\/div><\/div><div id=\"pgc-w66e458eae71b4-0-1\"  class=\"panel-grid-cell\" ><div class=\"category_product_box panel-cell-style panel-cell-style-for-w66e458eae71b4-0-1\" ><div id=\"panel-w66e458eae71b4-0-1-0\" class=\"so-panel widget widget_sow-image panel-first-child\" data-index=\"3\" ><div\n\t\t\t\n\t\t\tclass=\"so-widget-sow-image so-widget-sow-image-default-c67d20f9f743\"\n\t\t\t\n\t\t>\n<div class=\"sow-image-container\">\n\t\t\t<a href=\"https:\/\/www.agcchem.com\/es\/productos\/resinas-de-fluoropolimero\/fluon-ptfe-micropolvos-de-fluon\/\"\n\t\t\t\t\t>\n\t\t\t<img \n\tsrc=\"https:\/\/www.agcchem.com\/wp-content\/uploads\/2018\/12\/FluonPTFE.jpg\" width=\"2227\" height=\"683\" srcset=\"https:\/\/www.agcchem.com\/wp-content\/uploads\/2018\/12\/FluonPTFE.jpg 2227w, https:\/\/www.agcchem.com\/wp-content\/uploads\/2018\/12\/FluonPTFE-300x92.jpg 300w, https:\/\/www.agcchem.com\/wp-content\/uploads\/2018\/12\/FluonPTFE-768x236.jpg 768w, https:\/\/www.agcchem.com\/wp-content\/uploads\/2018\/12\/FluonPTFE-1024x314.jpg 1024w\" sizes=\"(max-width: 2227px) 100vw, 2227px\" alt=\"\" \t\tclass=\"so-widget-image\"\/>\n\t\t\t<\/a><\/div>\n\n<\/div><\/div><div id=\"panel-w66e458eae71b4-0-1-1\" class=\"so-panel widget widget_text\" data-index=\"4\" >\t\t\t<div class=\"textwidget\"><p>El costo de las\u00a0resinas de\u00a0politetrafluoroetileno\u00a0es m\u00ednimo;\u00a0fluoropol\u00edmeros son el\u00a0material\u00a0m\u00e1s ampliamente utilizados en las m\u00e1s\u00a0diversas\u00a0\u00e1reas de la vida moderna.<\/p>\n<\/div>\n\t\t<\/div><div id=\"panel-w66e458eae71b4-0-1-2\" class=\"so-panel widget widget_sow-headline panel-last-child\" data-index=\"5\" ><div\n\t\t\t\n\t\t\tclass=\"so-widget-sow-headline so-widget-sow-headline-default-2f414743e2fc\"\n\t\t\t\n\t\t><div class=\"sow-headline-container \">\n\t\t\t\t\t\t\t<h6 class=\"sow-headline\">\n\t\t\t\t\t\t\t\t\t\t\t\t\t<a href=\"https:\/\/www.agcchem.com\/es\/productos\/resinas-de-fluoropolimero\/fluon-ptfe-micropolvos-de-fluon\/\" >\n\t\t\t\t\t\t\t\tM\u00e1s informaci\u00f3n<\/a>\t\t\t\t\t\t<\/h6>\n\t\t\t\t\t\t<\/div>\n<\/div><\/div><\/div><\/div><\/div><\/div><div id=\"pg-w66e458eae71b4-1\"  class=\"panel-grid panel-has-style\" ><div class=\"container panel-row-style panel-row-style-for-w66e458eae71b4-1\" ><div id=\"pgc-w66e458eae71b4-1-0\"  class=\"panel-grid-cell\" ><div class=\"category_product_box panel-cell-style panel-cell-style-for-w66e458eae71b4-1-0\" ><div id=\"panel-w66e458eae71b4-1-0-0\" class=\"so-panel widget widget_sow-image panel-first-child\" data-index=\"6\" ><div\n\t\t\t\n\t\t\tclass=\"so-widget-sow-image so-widget-sow-image-default-4e6925654b7a\"\n\t\t\t\n\t\t>\n<div class=\"sow-image-container\">\n\t\t\t<a href=\"https:\/\/www.agcchem.com\/es\/productos\/resinas-de-fluoropolimero\/resinas-fluon-pfa\/\"\n\t\t\t\t\t>\n\t\t\t<img \n\tsrc=\"https:\/\/www.agcchem.com\/wp-content\/uploads\/2018\/12\/FluonPFA.jpg\" width=\"2087\" height=\"683\" srcset=\"https:\/\/www.agcchem.com\/wp-content\/uploads\/2018\/12\/FluonPFA.jpg 2087w, https:\/\/www.agcchem.com\/wp-content\/uploads\/2018\/12\/FluonPFA-300x98.jpg 300w, https:\/\/www.agcchem.com\/wp-content\/uploads\/2018\/12\/FluonPFA-768x251.jpg 768w, https:\/\/www.agcchem.com\/wp-content\/uploads\/2018\/12\/FluonPFA-1024x335.jpg 1024w\" sizes=\"(max-width: 2087px) 100vw, 2087px\" alt=\"\" \t\tclass=\"so-widget-image\"\/>\n\t\t\t<\/a><\/div>\n\n<\/div><\/div><div id=\"panel-w66e458eae71b4-1-0-1\" class=\"so-panel widget widget_text\" data-index=\"7\" >\t\t\t<div class=\"textwidget\"><p>Pueden ser\u00a0aplicadas y sometidas a una\u00a0amplia gama de temperaturas,\u00a0sin perder sus excelentes\u00a0propiedades qu\u00edmicas, el\u00e9ctricas, mec\u00e1nicas y de\u00a0superficie.<\/p>\n<\/div>\n\t\t<\/div><div id=\"panel-w66e458eae71b4-1-0-2\" class=\"so-panel widget widget_sow-headline panel-last-child\" data-index=\"8\" ><div\n\t\t\t\n\t\t\tclass=\"so-widget-sow-headline so-widget-sow-headline-default-2f414743e2fc\"\n\t\t\t\n\t\t><div class=\"sow-headline-container \">\n\t\t\t\t\t\t\t<h6 class=\"sow-headline\">\n\t\t\t\t\t\t\t\t\t\t\t\t\t<a href=\"https:\/\/www.agcchem.com\/es\/productos\/resinas-de-fluoropolimero\/resinas-fluon-pfa\/\" >\n\t\t\t\t\t\t\t\tM\u00e1s informaci\u00f3n<\/a>\t\t\t\t\t\t<\/h6>\n\t\t\t\t\t\t<\/div>\n<\/div><\/div><\/div><\/div><div id=\"pgc-w66e458eae71b4-1-1\"  class=\"panel-grid-cell\" ><div class=\"category_product_box panel-cell-style panel-cell-style-for-w66e458eae71b4-1-1\" ><div id=\"panel-w66e458eae71b4-1-1-0\" class=\"so-panel widget widget_sow-image panel-first-child\" data-index=\"9\" ><div\n\t\t\t\n\t\t\tclass=\"so-widget-sow-image so-widget-sow-image-default-4e6925654b7a\"\n\t\t\t\n\t\t>\n<div class=\"sow-image-container\">\n\t\t\t<a href=\"https:\/\/www.agcchem.com\/es\/productos\/resinas-de-fluoropolimero\/resinas-fluon-etfe\/\"\n\t\t\t\t\t>\n\t\t\t<img \n\tsrc=\"https:\/\/www.agcchem.com\/wp-content\/uploads\/2019\/02\/FluonETFE.jpg\" width=\"560\" height=\"171\" srcset=\"https:\/\/www.agcchem.com\/wp-content\/uploads\/2019\/02\/FluonETFE.jpg 560w, https:\/\/www.agcchem.com\/wp-content\/uploads\/2019\/02\/FluonETFE-300x92.jpg 300w\" sizes=\"(max-width: 560px) 100vw, 560px\" alt=\"\" \t\tclass=\"so-widget-image\"\/>\n\t\t\t<\/a><\/div>\n\n<\/div><\/div><div id=\"panel-w66e458eae71b4-1-1-1\" class=\"so-panel widget widget_text\" data-index=\"10\" >\t\t\t<div class=\"textwidget\"><p>Ofrecen resistencia f\u00edsica superior para\u00a0satisfacer una amplia gama de aplicaciones de productos.<\/p>\n<\/div>\n\t\t<\/div><div id=\"panel-w66e458eae71b4-1-1-2\" class=\"so-panel widget widget_sow-headline panel-last-child\" data-index=\"11\" ><div\n\t\t\t\n\t\t\tclass=\"so-widget-sow-headline so-widget-sow-headline-default-2f414743e2fc\"\n\t\t\t\n\t\t><div class=\"sow-headline-container \">\n\t\t\t\t\t\t\t<h6 class=\"sow-headline\">\n\t\t\t\t\t\t\t\t\t\t\t\t\t<a href=\"https:\/\/www.agcchem.com\/es\/productos\/resinas-de-fluoropolimero\/resinas-fluon-etfe\/\" >\n\t\t\t\t\t\t\t\tM\u00e1s informaci\u00f3n<\/a>\t\t\t\t\t\t<\/h6>\n\t\t\t\t\t\t<\/div>\n<\/div><\/div><\/div><\/div><\/div><\/div><\/div><\/div><\/div><\/div><\/div><div id=\"pg-2856-3\"  class=\"panel-grid panel-has-style\" ><div class=\"container panel-row-style panel-row-style-for-2856-3\" id=\"connect_with_agc_section\" ><div id=\"pgc-2856-3-0\"  class=\"panel-grid-cell\" ><div id=\"panel-2856-3-0-0\" class=\"so-panel widget widget_sow-headline panel-first-child\" data-index=\"4\" ><div class=\"category_page_section_heading panel-widget-style panel-widget-style-for-2856-3-0-0\" ><div\n\t\t\t\n\t\t\tclass=\"so-widget-sow-headline so-widget-sow-headline-default-dc2e19ea66d3-2856\"\n\t\t\t\n\t\t><div class=\"sow-headline-container \">\n\t\t\t\t\t\t\t<h2 class=\"sow-headline\">\n\t\t\t\t\t\tConectar con AGC\t\t\t\t\t\t<\/h2>\n\t\t\t\t\t\t\t\t\t\t\t<div class=\"decoration\">\n\t\t\t\t\t\t<div class=\"decoration-inside\"><\/div>\n\t\t\t\t\t<\/div>\n\t\t\t\t\t<\/div>\n<\/div><\/div><\/div><div id=\"panel-2856-3-0-1\" class=\"so-panel widget widget_sow-editor panel-last-child\" data-index=\"5\" ><div\n\t\t\t\n\t\t\tclass=\"so-widget-sow-editor so-widget-sow-editor-base\"\n\t\t\t\n\t\t>\n<div class=\"siteorigin-widget-tinymce textwidget\">\n\t\r\n   \r\n      \r\n         <ul class=\"connect_with_agc_with_icon\">\r\n            <li>\r\n               <img decoding=\"async\" src=\"https:\/\/www.agcchem.com\/wp-content\/themes\/agcchemicals\/images\/phone_icon_cat.png\">\r\n               <span>Customer & product inquiries: <a href=\"tel:+55-11 99673-9340\">+55-11 99673-9340<\/a><\/span>\r\n            <\/li>\r\n            <li>\r\n               <img decoding=\"async\" src=\"https:\/\/www.agcchem.com\/wp-content\/themes\/agcchemicals\/images\/phone_icon_cat.png\">\r\n               <span>All other inquiries: <a href=\"tel:+55-12 3127-7154\">+55-12 3127-7154<\/a><\/span>\r\n            <\/li>            \r\n         <\/ul>\r\n\r\n\r\n      \r\n\r\n   \r\n\r\n\n<\/div>\n<\/div><\/div><\/div><\/div><\/div><\/div>","protected":false},"excerpt":{"rendered":"<p>Resinas de Fluoropol\u00edmero Nuestras resinas de fluoropol\u00edmero son confiables y vers\u00e1tiles en sus aplicaciones. Presentan diversas caracter\u00edsticas, como resistencia mec\u00e1nica, alta pureza, bajo punto de fusi\u00f3n, propiedades antiadherentes y resistencia a productos qu\u00edmicos y a las inclemencias del tiempo. Productos&#8230;<\/p>\n","protected":false},"author":2,"featured_media":0,"parent":2816,"menu_order":0,"comment_status":"closed","ping_status":"closed","template":"","meta":{"_acf_changed":false,"inline_featured_image":false,"footnotes":""},"class_list":["post-2856","page","type-page","status-publish","hentry"],"acf":[],"_links":{"self":[{"href":"https:\/\/www.agcchem.com\/es\/wp-json\/wp\/v2\/pages\/2856","targetHints":{"allow":["GET"]}}],"collection":[{"href":"https:\/\/www.agcchem.com\/es\/wp-json\/wp\/v2\/pages"}],"about":[{"href":"https:\/\/www.agcchem.com\/es\/wp-json\/wp\/v2\/types\/page"}],"author":[{"embeddable":true,"href":"https:\/\/www.agcchem.com\/es\/wp-json\/wp\/v2\/users\/2"}],"replies":[{"embeddable":true,"href":"https:\/\/www.agcchem.com\/es\/wp-json\/wp\/v2\/comments?post=2856"}],"version-history":[{"count":0,"href":"https:\/\/www.agcchem.com\/es\/wp-json\/wp\/v2\/pages\/2856\/revisions"}],"up":[{"embeddable":true,"href":"https:\/\/www.agcchem.com\/es\/wp-json\/wp\/v2\/pages\/2816"}],"wp:attachment":[{"href":"https:\/\/www.agcchem.com\/es\/wp-json\/wp\/v2\/media?parent=2856"}],"curies":[{"name":"wp","href":"https:\/\/api.w.org\/{rel}","templated":true}]}}