{"id":3049,"date":"2018-12-10T09:45:24","date_gmt":"2018-12-10T09:45:24","guid":{"rendered":"http:\/\/agcchem.com\/about-us\/"},"modified":"2024-05-26T08:58:48","modified_gmt":"2024-05-26T08:58:48","slug":"sobre-agc","status":"publish","type":"page","link":"https:\/\/www.agcchem.com\/es\/sobre-agc\/","title":{"rendered":"Sobre AGC"},"content":{"rendered":"<div id=\"pl-3049\"  class=\"panel-layout\" ><div id=\"pg-3049-0\"  class=\"panel-grid panel-has-style\" ><div class=\"panel-row-style panel-row-style-for-3049-0\" ><div id=\"pgc-3049-0-0\"  class=\"panel-grid-cell\" ><div id=\"panel-3049-0-0-0\" class=\"so-panel widget widget_sow-headline panel-first-child\" data-index=\"0\" ><div class=\"page-title panel-widget-style panel-widget-style-for-3049-0-0-0\" ><div\n\t\t\t\n\t\t\tclass=\"so-widget-sow-headline so-widget-sow-headline-default-e2369890fa29-3049\"\n\t\t\t\n\t\t><div class=\"sow-headline-container \">\n\t\t\t\t\t\t\t<h1 class=\"sow-headline\">\n\t\t\t\t\t\tSobre AGC Chemicals Americas, Inc.\t\t\t\t\t\t<\/h1>\n\t\t\t\t\t\t<\/div>\n<\/div><\/div><\/div><div id=\"panel-3049-0-0-1\" class=\"so-panel widget widget_text panel-last-child\" data-index=\"1\" >\t\t\t<div class=\"textwidget\"><p>AGC Chemicals Americas es una subsidiaria de propiedad absoluta de AGC Inc., una corporaci\u00f3n multinacional de $ 14,200 mil millones y una de las mayores fabricantes de vidrio, pantallas electr\u00f3nicas y productos qu\u00edmicos del mundo. Nuestra empresa se form\u00f3 en 2004 mediante la fusi\u00f3n de las empresas hermanas Asahi Glass Fluoropolymers USA y AGA Chemicals.<\/p>\n<p>Nuestra empresa fabrica, comercializa y vende productos fluorados que incluyen resinas de fluoropol\u00edmero Fluon\u00ae, materiales y compuestos fluorados mejorados Fluon+\u2122 y fluoroelast\u00f3meros AFLAS\u00ae. Tambi\u00e9n comercializamos y vendemos productos qu\u00edmicos especiales, incluidos los solventes fluorados AsahiKlin, las resinas LUMIFLON\u00ae FEVE, los repelentes de agua y aceite AsahiGuard E-SERIES, los aditivos de s\u00edlice fina Solesphere\u2122, los polioles para poliuretanos, los fluoropol\u00edmeros amorfos Cytop\u2122 y varios productos intermedios de fl\u00faor para productos farmac\u00e9uticos y agr\u00edcolas.\u00a0\u00a0 Los materiales especiales que se ofrecen son las membranas de intercambio i\u00f3nico FORBLUE\u2122, la pel\u00edcula de ETFE Fluon\u00ae y las pel\u00edculas para invernaderos F-CLEAN\u00ae que completan nuestra amplia gama de ofertas de productos para muchos usos y mercados.<\/p>\n<\/div>\n\t\t<\/div><\/div><div id=\"pgc-3049-0-1\"  class=\"panel-grid-cell\" ><div id=\"panel-3049-0-1-0\" class=\"so-panel widget widget_sow-image panel-first-child panel-last-child\" data-index=\"2\" ><div class=\"animate-69e6181674a2d040466462 panels-animation-hide panel-widget-style panel-widget-style-for-3049-0-1-0\" data-so-animation=\"{&quot;selector&quot;:&quot;.animate-69e6181674a2d040466462&quot;,&quot;animation&quot;:&quot;fadeIn&quot;,&quot;breakpoint&quot;:&quot;780px&quot;,&quot;duration&quot;:1,&quot;repeat&quot;:0,&quot;hide&quot;:1,&quot;disableAnimationMobile&quot;:0,&quot;finalState&quot;:&quot;visible&quot;,&quot;delay&quot;:0,&quot;debounce&quot;:0.1,&quot;event&quot;:&quot;enter&quot;,&quot;offset&quot;:0}\" ><div\n\t\t\t\n\t\t\tclass=\"so-widget-sow-image so-widget-sow-image-default-8b5b6f678277-3049\"\n\t\t\t\n\t\t>\n<div class=\"sow-image-container\">\n\t\t<img \n\tsrc=\"https:\/\/www.agcchem.com\/wp-content\/uploads\/2021\/04\/about-us-chemist-top-rgt.png\" width=\"600\" height=\"415\" srcset=\"https:\/\/www.agcchem.com\/wp-content\/uploads\/2021\/04\/about-us-chemist-top-rgt.png 600w, https:\/\/www.agcchem.com\/wp-content\/uploads\/2021\/04\/about-us-chemist-top-rgt-300x208.png 300w\" sizes=\"(max-width: 600px) 100vw, 600px\" alt=\"\" \t\tclass=\"so-widget-image\"\/>\n\t<\/div>\n\n<\/div><\/div><\/div><\/div><\/div><\/div><div id=\"pg-3049-1\"  class=\"panel-grid panel-has-style\" ><div class=\"siteorigin-panels-stretch panel-row-style panel-row-style-for-3049-1\" data-stretch-type=\"full\" ><div id=\"pgc-3049-1-0\"  class=\"panel-grid-cell\" ><div id=\"panel-3049-1-0-0\" class=\"so-panel widget widget_siteorigin-panels-builder panel-first-child panel-last-child\" data-index=\"3\" ><div class=\"panel-widget-style panel-widget-style-for-3049-1-0-0\" ><div id=\"pl-w62ed2d0547574\"  class=\"panel-layout\" ><div id=\"pg-w62ed2d0547574-0\"  class=\"panel-grid panel-has-style\" ><div class=\"siteorigin-panels-stretch panel-row-style panel-row-style-for-w62ed2d0547574-0\" data-stretch-type=\"full-stretched-padded\" ><div id=\"pgc-w62ed2d0547574-0-0\"  class=\"panel-grid-cell\" ><div id=\"panel-w62ed2d0547574-0-0-0\" class=\"widget_text so-panel widget widget_custom_html panel-first-child\" data-index=\"0\" ><div class=\"widget_text panel-widget-style panel-widget-style-for-w62ed2d0547574-0-0-0\" ><div class=\"textwidget custom-html-widget\"><strong>Visi\u00f3n general<\/strong><\/div><\/div><\/div><div id=\"panel-w62ed2d0547574-0-0-1\" class=\"so-panel widget widget_sow-editor panel-last-child\" data-index=\"1\" ><div class=\"video-container panel-widget-style panel-widget-style-for-w62ed2d0547574-0-0-1\" ><div\n\t\t\t\n\t\t\tclass=\"so-widget-sow-editor so-widget-sow-editor-base\"\n\t\t\t\n\t\t>\n<div class=\"siteorigin-widget-tinymce textwidget\">\n\t<p>https:\/\/youtu.be\/V-e9igQY-Ak<\/p>\n<\/div>\n<\/div><\/div><\/div><\/div><div id=\"pgc-w62ed2d0547574-0-1\"  class=\"panel-grid-cell\" ><div id=\"panel-w62ed2d0547574-0-1-0\" class=\"widget_text so-panel widget widget_custom_html panel-first-child\" data-index=\"2\" ><div class=\"widget_text panel-widget-style panel-widget-style-for-w62ed2d0547574-0-1-0\" ><div class=\"textwidget custom-html-widget\"><strong>Productoss<\/strong><\/div><\/div><\/div><div id=\"panel-w62ed2d0547574-0-1-1\" class=\"so-panel widget widget_sow-editor panel-last-child\" data-index=\"3\" ><div class=\"video-container panel-widget-style panel-widget-style-for-w62ed2d0547574-0-1-1\" ><div\n\t\t\t\n\t\t\tclass=\"so-widget-sow-editor so-widget-sow-editor-base\"\n\t\t\t\n\t\t>\n<div class=\"siteorigin-widget-tinymce textwidget\">\n\t<p><iframe loading=\"lazy\" title=\"AGCCA  Products Overview with subtitles\" width=\"500\" height=\"281\" src=\"https:\/\/www.youtube.com\/embed\/PPvsS59QACI?feature=oembed\" frameborder=\"0\" allow=\"accelerometer; autoplay; clipboard-write; encrypted-media; gyroscope; picture-in-picture; web-share\" referrerpolicy=\"strict-origin-when-cross-origin\" allowfullscreen><\/iframe><\/p>\n<\/div>\n<\/div><\/div><\/div><\/div><div id=\"pgc-w62ed2d0547574-0-2\"  class=\"panel-grid-cell\" ><div id=\"panel-w62ed2d0547574-0-2-0\" class=\"widget_text so-panel widget widget_custom_html panel-first-child\" data-index=\"4\" ><div class=\"widget_text panel-widget-style panel-widget-style-for-w62ed2d0547574-0-2-0\" ><div class=\"textwidget custom-html-widget\"><strong>Materiales<\/strong><\/div><\/div><\/div><div id=\"panel-w62ed2d0547574-0-2-1\" class=\"so-panel widget widget_sow-editor panel-last-child\" data-index=\"5\" ><div class=\"video-container panel-widget-style panel-widget-style-for-w62ed2d0547574-0-2-1\" ><div\n\t\t\t\n\t\t\tclass=\"so-widget-sow-editor so-widget-sow-editor-base\"\n\t\t\t\n\t\t>\n<div class=\"siteorigin-widget-tinymce textwidget\">\n\t<p><iframe loading=\"lazy\" title=\"AGCCA  Materials Technology overview with subtitles\" width=\"500\" height=\"281\" src=\"https:\/\/www.youtube.com\/embed\/vf3wCVBCmXw?feature=oembed\" frameborder=\"0\" allow=\"accelerometer; autoplay; clipboard-write; encrypted-media; gyroscope; picture-in-picture; web-share\" referrerpolicy=\"strict-origin-when-cross-origin\" allowfullscreen><\/iframe><\/p>\n<\/div>\n<\/div><\/div><\/div><\/div><\/div><\/div><\/div><\/div><\/div><\/div><\/div><\/div><div id=\"pg-3049-2\"  class=\"panel-grid panel-has-style\" ><div class=\"panel-row-style panel-row-style-for-3049-2\" ><div id=\"pgc-3049-2-0\"  class=\"panel-grid-cell\" ><div id=\"panel-3049-2-0-0\" class=\"so-panel widget widget_sow-headline panel-first-child\" data-index=\"4\" ><div class=\"page-title panel-widget-style panel-widget-style-for-3049-2-0-0\" ><div\n\t\t\t\n\t\t\tclass=\"so-widget-sow-headline so-widget-sow-headline-default-89a8c6855087-3049\"\n\t\t\t\n\t\t><div class=\"sow-headline-container \">\n\t\t\t\t\t\t\t<h2 class=\"sow-headline\">\n\t\t\t\t\t\tLa qu\u00edmica basada en fluoropol\u00edmeros es nuestra especialidad\t\t\t\t\t\t<\/h2>\n\t\t\t\t\t\t<\/div>\n<\/div><\/div><\/div><div id=\"panel-3049-2-0-1\" class=\"so-panel widget widget_text panel-last-child\" data-index=\"5\" >\t\t\t<div class=\"textwidget\"><p>Con sede en Exton, PA. incluyendo un centro tecnol\u00f3gico de \u00faltima generaci\u00f3n, AGCCA mantiene operaciones de fabricaci\u00f3n cerca de Thorndale, PA, una oficina de ventas sat\u00e9lite en Sao Paulo, Brasil y almacenes y distribuidores ubicados en toda Am\u00e9rica del Norte.<\/p>\n<p>M\u00e1s informaci\u00f3n<\/p>\n<\/div>\n\t\t<\/div><\/div><div id=\"pgc-3049-2-1\"  class=\"panel-grid-cell\" ><div id=\"panel-3049-2-1-0\" class=\"so-panel widget widget_media_video panel-first-child panel-last-child\" data-index=\"6\" ><h3 class=\"widget-title\">Planta de fabricaci\u00f3n de AGC<\/h3><div style=\"width:100%;\" class=\"wp-video\"><video class=\"wp-video-shortcode\" id=\"video-3049-1\" preload=\"metadata\" controls=\"controls\"><source type=\"video\/youtube\" src=\"https:\/\/youtu.be\/tRwKkWQW6BM?_=1\" \/><a href=\"https:\/\/youtu.be\/tRwKkWQW6BM\" rel=\"noopener\">https:\/\/youtu.be\/tRwKkWQW6BM<\/a><\/video><\/div><\/div><\/div><\/div><\/div><div id=\"pg-3049-3\"  class=\"panel-grid panel-no-style\" ><div id=\"pgc-3049-3-0\"  class=\"panel-grid-cell\" ><div id=\"panel-3049-3-0-0\" class=\"so-panel widget widget_sow-headline panel-first-child\" data-index=\"7\" ><div class=\"page-title panel-widget-style panel-widget-style-for-3049-3-0-0\" ><div\n\t\t\t\n\t\t\tclass=\"so-widget-sow-headline so-widget-sow-headline-default-89a8c6855087-3049\"\n\t\t\t\n\t\t><div class=\"sow-headline-container \">\n\t\t\t\t\t\t\t<h2 class=\"sow-headline\">\n\t\t\t\t\t\tMarcas de productos AGC\t\t\t\t\t\t<\/h2>\n\t\t\t\t\t\t<\/div>\n<\/div><\/div><\/div><div id=\"panel-3049-3-0-1\" class=\"widget_text so-panel widget widget_custom_html panel-last-child\" data-index=\"8\" ><div class=\"widget_text about-logo-slider panel-widget-style panel-widget-style-for-3049-3-0-1\" ><div class=\"textwidget custom-html-widget\">\n\t\t<style>\n\t\t\t#wpls-logo-showcase-slider-1 .wpls-fix-box,\n\t\t\t#wpls-logo-showcase-slider-1 .wpls-fix-box img.wp-post-image{max-height:250px; }\n\t\t<\/style>\n\n\t\t<div class=\"wpls-wrap wpls-logo-showcase-slider-wrp wpls-logo-clearfix wpls-design-1 \" data-conf=\"{&quot;slides_column&quot;:4,&quot;slides_scroll&quot;:1,&quot;dots&quot;:&quot;true&quot;,&quot;arrows&quot;:&quot;true&quot;,&quot;autoplay&quot;:&quot;true&quot;,&quot;autoplay_interval&quot;:3000,&quot;loop&quot;:&quot;true&quot;,&quot;rtl&quot;:&quot;false&quot;,&quot;speed&quot;:800,&quot;center_mode&quot;:&quot;false&quot;,&quot;lazyload&quot;:&quot;&quot;}\">\n\t\t\t<div class=\"wpls-logo-showcase logo_showcase wpls-logo-slider  sliderimage_hide_border \" id=\"wpls-logo-showcase-slider-1\" >\n\t\t\t\t<div class=\"wpls-logo-cnt\">\n\t<div class=\"wpls-fix-box\">\n\t\t\t\t<a href=\"https:\/\/www.agcchem.com\/products\/fluoropolymer-resins\/fluoroelastomers\/\" target=\"_self\">\n\t\t\t<img decoding=\"async\" class=\"wp-post-image\"  src=\"https:\/\/www.agcchem.com\/wp-content\/uploads\/2020\/06\/aflas-lgo-brand2.png\" alt=\"\" \/>\n\t\t<\/a>\n\t\t\t<\/div>\n\t<\/div><div class=\"wpls-logo-cnt\">\n\t<div class=\"wpls-fix-box\">\n\t\t\t\t<a href=\"https:\/\/www.agcchem.com\/products\/fluoropolymer-resins\/etfe-resins\/\" target=\"_self\">\n\t\t\t<img decoding=\"async\" class=\"wp-post-image\"  src=\"https:\/\/www.agcchem.com\/wp-content\/uploads\/2020\/06\/fluon-etfe-lgo-brand2.png\" alt=\"\" \/>\n\t\t<\/a>\n\t\t\t<\/div>\n\t<\/div><div class=\"wpls-logo-cnt\">\n\t<div class=\"wpls-fix-box\">\n\t\t\t\t<a href=\"https:\/\/www.agcchem.com\/products\/fluoropolymer-resins\/fluonpfa-resins\/\" target=\"_self\">\n\t\t\t<img decoding=\"async\" class=\"wp-post-image\"  src=\"https:\/\/www.agcchem.com\/wp-content\/uploads\/2020\/06\/fluon-pfa-lgo-brand.png\" alt=\"\" \/>\n\t\t<\/a>\n\t\t\t<\/div>\n\t<\/div><div class=\"wpls-logo-cnt\">\n\t<div class=\"wpls-fix-box\">\n\t\t\t\t<img decoding=\"async\" class=\"wp-post-image\"  src=\"https:\/\/www.agcchem.com\/wp-content\/uploads\/2020\/06\/fluon-lgo-brand.png\" alt=\"\" \/>\n\t\t\t<\/div>\n\t<\/div><div class=\"wpls-logo-cnt\">\n\t<div class=\"wpls-fix-box\">\n\t\t\t\t<a href=\"https:\/\/www.agcchem.com\/products\/fluon-enhanced-materials\/\" target=\"_self\">\n\t\t\t<img decoding=\"async\" class=\"wp-post-image\"  src=\"https:\/\/www.agcchem.com\/wp-content\/uploads\/2020\/06\/fluon-plus-lgo-brand.png\" alt=\"\" \/>\n\t\t<\/a>\n\t\t\t<\/div>\n\t<\/div><div class=\"wpls-logo-cnt\">\n\t<div class=\"wpls-fix-box\">\n\t\t\t\t<a href=\"https:\/\/www.agcchem.com\/products\/specialty-materials\/lumiflon-fluoropolymer-resins\/\" target=\"_self\">\n\t\t\t<img decoding=\"async\" class=\"wp-post-image\"  src=\"https:\/\/www.agcchem.com\/wp-content\/uploads\/2020\/06\/lumiflon-lgo-brand2.png\" alt=\"\" \/>\n\t\t<\/a>\n\t\t\t<\/div>\n\t<\/div><div class=\"wpls-logo-cnt\">\n\t<div class=\"wpls-fix-box\">\n\t\t\t\t<a href=\"https:\/\/www.agcchem.com\/products\/specialty-materials\/asahi-guard-repellents\/\" target=\"_self\">\n\t\t\t<img decoding=\"async\" class=\"wp-post-image\"  src=\"https:\/\/www.agcchem.com\/wp-content\/uploads\/2020\/06\/asahi-guard-lgo-brand.png\" alt=\"\" \/>\n\t\t<\/a>\n\t\t\t<\/div>\n\t<\/div><div class=\"wpls-logo-cnt\">\n\t<div class=\"wpls-fix-box\">\n\t\t\t\t<img decoding=\"async\" class=\"wp-post-image\"  src=\"https:\/\/www.agcchem.com\/wp-content\/uploads\/2020\/07\/etfe-film-logo.png\" alt=\"\" \/>\n\t\t\t<\/div>\n\t<\/div><div class=\"wpls-logo-cnt\">\n\t<div class=\"wpls-fix-box\">\n\t\t\t\t<a href=\"https:\/\/www.agcchem.com\/products\/specialty-materials\/f-clean-greenhouse-film\/\" target=\"_self\">\n\t\t\t<img decoding=\"async\" class=\"wp-post-image\"  src=\"https:\/\/www.agcchem.com\/wp-content\/uploads\/2020\/06\/fclean-lgo-brand.png\" alt=\"\" \/>\n\t\t<\/a>\n\t\t\t<\/div>\n\t<\/div><div class=\"wpls-logo-cnt\">\n\t<div class=\"wpls-fix-box\">\n\t\t\t\t<a href=\"https:\/\/www.agcchem.com\/products\/specialty-materials\/cytop\/\" target=\"_self\">\n\t\t\t<img decoding=\"async\" class=\"wp-post-image\"  src=\"https:\/\/www.agcchem.com\/wp-content\/uploads\/2020\/07\/cytop-logo-hp.png\" alt=\"\" \/>\n\t\t<\/a>\n\t\t\t<\/div>\n\t<\/div><div class=\"wpls-logo-cnt\">\n\t<div class=\"wpls-fix-box\">\n\t\t\t\t<a href=\"https:\/\/www.agcchem.com\/products\/forblue-membranes\/\" target=\"_self\">\n\t\t\t<img decoding=\"async\" class=\"wp-post-image\"  src=\"https:\/\/www.agcchem.com\/wp-content\/uploads\/2020\/06\/foreblue-lgo-brand.png\" alt=\"\" \/>\n\t\t<\/a>\n\t\t\t<\/div>\n\t<\/div><div class=\"wpls-logo-cnt\">\n\t<div class=\"wpls-fix-box\">\n\t\t\t\t<a href=\"https:\/\/www.agcchem.com\/products\/specialty-materials\/foam-blowing-agents\/\" target=\"_self\">\n\t\t\t<img decoding=\"async\" class=\"wp-post-image\"  src=\"https:\/\/www.agcchem.com\/wp-content\/uploads\/2020\/06\/amolea-lgo-brand.png\" alt=\"\" \/>\n\t\t<\/a>\n\t\t\t<\/div>\n\t<\/div><div class=\"wpls-logo-cnt\">\n\t<div class=\"wpls-fix-box\">\n\t\t\t\t<a href=\"https:\/\/www.agcchem.com\/products\/high-performance-coatings\/fibralast-fluorine-free-barrier-technology\/\" target=\"_self\">\n\t\t\t<img decoding=\"async\" class=\"wp-post-image\"  src=\"https:\/\/www.agcchem.com\/wp-content\/uploads\/2022\/07\/fibralast-lgo-brand.png\" alt=\"\" \/>\n\t\t<\/a>\n\t\t\t<\/div>\n\t<\/div>\t\t\t<\/div>\n\t\t<\/div>\n\n\t\t<\/div><\/div><\/div><\/div><\/div><\/div>","protected":false},"excerpt":{"rendered":"<p>AGC Chemicals Americas es una subsidiaria de propiedad absoluta de AGC Inc., una corporaci\u00f3n multinacional de $ 14,200 mil millones y una de las mayores fabricantes de vidrio, pantallas electr\u00f3nicas y productos qu\u00edmicos del mundo. Nuestra empresa se form\u00f3 en&#8230;<\/p>\n","protected":false},"author":2,"featured_media":24928,"parent":0,"menu_order":0,"comment_status":"closed","ping_status":"closed","template":"","meta":{"_acf_changed":false,"inline_featured_image":false,"footnotes":""},"class_list":["post-3049","page","type-page","status-publish","has-post-thumbnail","hentry"],"acf":[],"_links":{"self":[{"href":"https:\/\/www.agcchem.com\/es\/wp-json\/wp\/v2\/pages\/3049","targetHints":{"allow":["GET"]}}],"collection":[{"href":"https:\/\/www.agcchem.com\/es\/wp-json\/wp\/v2\/pages"}],"about":[{"href":"https:\/\/www.agcchem.com\/es\/wp-json\/wp\/v2\/types\/page"}],"author":[{"embeddable":true,"href":"https:\/\/www.agcchem.com\/es\/wp-json\/wp\/v2\/users\/2"}],"replies":[{"embeddable":true,"href":"https:\/\/www.agcchem.com\/es\/wp-json\/wp\/v2\/comments?post=3049"}],"version-history":[{"count":0,"href":"https:\/\/www.agcchem.com\/es\/wp-json\/wp\/v2\/pages\/3049\/revisions"}],"wp:featuredmedia":[{"embeddable":true,"href":"https:\/\/www.agcchem.com\/es\/wp-json\/wp\/v2\/media\/24928"}],"wp:attachment":[{"href":"https:\/\/www.agcchem.com\/es\/wp-json\/wp\/v2\/media?parent=3049"}],"curies":[{"name":"wp","href":"https:\/\/api.w.org\/{rel}","templated":true}]}}