{"id":3050,"date":"2018-12-10T10:21:57","date_gmt":"2018-12-10T10:21:57","guid":{"rendered":"http:\/\/agcchem.com\/about-us\/terms-and-conditions\/"},"modified":"2025-01-18T12:38:40","modified_gmt":"2025-01-18T12:38:40","slug":"terminos-y-condiciones","status":"publish","type":"page","link":"https:\/\/www.agcchem.com\/es\/sobre-agc\/terminos-y-condiciones\/","title":{"rendered":"T\u00e9rminos y condiciones"},"content":{"rendered":"<div id=\"pl-3050\"  class=\"panel-layout\" ><div id=\"pg-3050-0\"  class=\"panel-grid panel-has-style\" ><div class=\"panel-row-style panel-row-style-for-3050-0\" ><div id=\"pgc-3050-0-0\"  class=\"panel-grid-cell panel-grid-cell-mobile-last\" ><div id=\"panel-3050-0-0-0\" class=\"so-panel widget widget_sow-headline panel-first-child\" data-index=\"0\" ><div class=\"page-title panel-widget-style panel-widget-style-for-3050-0-0-0\" ><div\n\t\t\t\n\t\t\tclass=\"so-widget-sow-headline so-widget-sow-headline-default-e2369890fa29-3050\"\n\t\t\t\n\t\t><div class=\"sow-headline-container \">\n\t\t\t\t\t\t\t<h1 class=\"sow-headline\">\n\t\t\t\t\t\tTerms and Conditions\t\t\t\t\t\t<\/h1>\n\t\t\t\t\t\t<\/div>\n<\/div><\/div><\/div><div id=\"panel-3050-0-0-1\" class=\"so-panel widget widget_text panel-last-child\" data-index=\"1\" >\t\t\t<div class=\"textwidget\"><ol>\n<li class=\"p1\">AGC Chemicals Americas, Inc. (\u00abAGCCA\u00bb) garantiza que los productos o materiales (en adelante, \u00abProductos\u00bb) entregados seg\u00fan este documento cumplen con las especificaciones est\u00e1ndar de AGCCA para Productos o cualquier otra especificaci\u00f3n que se haya acordado expresamente en este documento. AGCCA NO OFRECE GARANT\u00cdAS DE COMERCIABILIDAD O IDONEIDAD PARA UN PROP\u00d3SITO PARTICULAR, O CUALQUIER OTRA GARANT\u00cdA EXPRESA O IMPL\u00cdCITA, EXCEPTO LO EXPRESADO AQU\u00cd. El comprador asume todos los riesgos y responsabilidades derivadas del uso de los productos entregados a continuaci\u00f3n, ya sea que se utilicen individualmente o en combinaci\u00f3n con otros productos.<\/li>\n<li class=\"p1\">Ninguna reclamaci\u00f3n de ning\u00fan tipo, ya sea con respecto a los productos entregados o a los que no se entregaron, que sea, o no, resultado de acto de negligencia, que sea mayor en cantidad que el precio de compra de los productos respecto de los cuales se reivindican da\u00f1os y que no se reclamaron en hasta noventa (90) d\u00edas a partir de la fecha de entrega o de la fecha fijada para la entrega (en el caso de no entrega) constituir\u00e1 una renuncia por parte del Comprador de todas las reclamaciones con respecto a dichos productos. Los productos no se devolver\u00e1n a AGCCA sin su autorizaci\u00f3n previa. El recurso que aqu\u00ed se proporcionado ser\u00e1 el \u00fanico y exclusivo del comprador. En ning\u00fan caso, ninguna reclamaci\u00f3n relacionada de ninguna manera con este Acuerdo ser\u00e1 responsable por da\u00f1os especiales, indirectos o consecuentes, ya sea, o no, causados <span class=\"s1\">\u200b\u200b<\/span>por, o como resultado de negligencia de dicha parte.<\/li>\n<li class=\"p1\">AGCCA garantiza que ni el uso ni la venta de los productos entregados a continuaci\u00f3n infringir\u00e1n las reclamaciones de ninguna patente de los Estados Unidos que cubra los productos propiamente dichos,<span class=\"Apple-converted-space\">\u00a0 <\/span>pero no garantiza la infracci\u00f3n por su uso en combinaci\u00f3n con otros productos o en la operaci\u00f3n de cualquier proceso<\/li>\n<li class=\"p1\">EL COMPRADOR EST\u00c1 PROHIBIDO DE USAR LOS PRODUCTOS EN UN DISPOSITIVO EN EL QUE DICHOS PRODUCTOS ENTREN EN CONTACTO CON PARTES INTERNAS DEL CUERPO HUMANO, O EN CONTACTO CON FLUIDOS CORPORALES A DEVOLVERSE AL CUERPO, A MENOS QUE EL COMPRADOR Y AGCCA ACUERDEN QUE ESA ACCI\u00d3N CUMPLE LA POL\u00cdTICA DE APLICACIONES M\u00c9DICAS DE AGCCA Y RECONOZCA EXPRESAMENTE LA SOLICITUD PREVISTA<\/li>\n<li class=\"p1\">Ninguna de las partes ser\u00e1 responsable ante la otra por los da\u00f1os que surjan por el incumplimiento o la demora en la ejecuci\u00f3n de cualquier venta o compra de productos debido a actos de Dios, guerras, disturbios, huelgas, cierres patronales, accidentes, aver\u00edas de maquinaria o de equipos, indisponibilidad en t\u00e9rminos comerciales razonables de transporte, servicios p\u00fablicos, mano de obra o materiales, cualquier acto, norma, regulaci\u00f3n de cualquier gobierno o cualquier otra causa m\u00e1s all\u00e1 del control razonable de la parte afectada.<\/li>\n<li class=\"p1\">Si AGCCA no puede satisfacer la demanda total de productos especificados en este documento, AGCCA puede distribuir su suministro disponible entre cualesquiera, o todos, los compradores, as\u00ed como departamentos y divisiones de AGCCA, seg\u00fan lo considere justo y pr\u00e1ctico, sin responsabilidad por cualquier fallo de rendimiento que de ello pueda resultar.<\/li>\n<li class=\"p1\">Si alguna acci\u00f3n gubernamental define, o continua definiendo o limitando acciones sobre los precios estipulados en este Acuerdo, de una manera que ser\u00eda ilegal que AGCCA cobre, eval\u00fae o reciba el monto total, o aumente dichos precios seg\u00fan lo determine este acuerdo, entonces AGCCA puede<br \/>\n(1) continuar desempe\u00f1\u00e1ndose seg\u00fan este Acuerdo sujeto a los ajustes en los precios que AGCCA considere necesarios para cumplir con dicha acci\u00f3n del gobierno;<br \/>\n(2) revisar este Acuerdo, sujeto a la aprobaci\u00f3n del Comprador, con el fin de lograr su objetivo original, o<br \/>\n(3) terminar el desempe\u00f1o de las partes afectadas del Acuerdo sin responsabilidad ning\u00fan da\u00f1o.<\/li>\n<li class=\"p1\">Si solicitado por el Comprador, AGCCA puede proporcionar la asistencia t\u00e9cnica y las informaciones que tenga disponibles con respecto al uso de los productos cubiertos por este Acuerdo. A menos que se acuerde de manera diferente, por escrito, la asistencia t\u00e9cnica y las informaciones se proporcionar\u00e1n de forma gratuita y el comprador asumir\u00e1 la responsabilidad exclusiva de los resultados obtenidos que de ello resulten.<\/li>\n<li class=\"p1\">El Comprador reconoce que ha recibido y est\u00e1 familiarizado con el etiquetado y la documentaci\u00f3n de AGCCA con respecto a los productos vendidos a continuaci\u00f3n y les enviar\u00e1 las informaciones a sus empleados que manejan, procesan o venden dichos productos y a los clientes de dichos productos, si los hubiera. El Comprador no revender\u00e1 ni entregar\u00e1 ning\u00fan producto, en forma de muestra, a las personas que usen o propongan usar los productos para fines contrarios a las recomendaciones dadas por AGCCA o prohibidas por ley, pero los vender\u00e1n o dar\u00e1n como muestras solo a personas que en la opini\u00f3n del Comprador puedan manejarlos, usarlos y desecharlos de forma segura.<\/li>\n<li class=\"p1\">El comprador deber\u00e1 reembolsar a AGCCA por todos los impuestos (excluidos los impuestos sobre la renta), impuestos especiales u otros cargos que AGCCA deba pagar a cualquier gobierno (nacional, estatal o local) en la venta, producci\u00f3n o transporte de los productos vendidos a continuaci\u00f3n.<\/li>\n<li class=\"p1\">Si el Comprador no cumple con los t\u00e9rminos de pago de AGCCA o si AGCCA tuviera alguna duda en cualquier momento con respecto a la responsabilidad financiera del Comprador, AGCCA puede negarse a realizar otras entregas, excepto en el momento de recibir ya sea el efectivo o una garant\u00eda satisfactoria.<\/li>\n<li class=\"p1\">AGCCA puede ceder este Acuerdo a una empresa afiliada o a un comprador de todos, o sustancialmente todos sus negocios o activos, pero las Partes solo pueden cederlo o transferirlo, total o parcialmente, solamente mediante consentimiento previo, por escrito. de la otra Parte, que no ser\u00e1 injustificadamente impedida de hacerlo.<\/li>\n<li class=\"p1\">Este documento, junto con los documentos mencionados espec\u00edficamente en \u00e9l, contiene todos los t\u00e9rminos y condiciones con respecto a la venta y compra de los productos vendidos a continuaci\u00f3n. Estos t\u00e9rminos y condiciones reemplazan a los t\u00e9rminos y condiciones de cualquier fecha anterior y ninguna modificaci\u00f3n de los mismos ser\u00e1 vinculante para ninguna de las Partes a menos que se citen por escrito y que ambas Partes los firmen. Ninguna modificaci\u00f3n se efectuar\u00e1 mediante el reconocimiento o la aceptaci\u00f3n de los formularios de pedido de compra que estipulen diferentes condiciones. A menos que el Comprador notifique a AGCCA por escrito lo contrario tan pronto como sea posible despu\u00e9s de que el Comprador haya recibido este documento, la aceptaci\u00f3n de los Productos por parte del Comprador, o el pago, ser\u00e1 equivalente al consentimiento del Comprador a los t\u00e9rminos y condiciones del presente. La renuncia por cualquiera de las partes, de cualquier incumplimiento del presente documento, no se considerar\u00e1 como una renuncia por tal Parte de cualquier incumplimiento por la otra Parte que pueda ocurrir posteriormente.<\/li>\n<li class=\"p1\">Este Acuerdo se regir\u00e1 por las leyes de Pennsylvania.<\/li>\n<\/ol>\n<\/div>\n\t\t<\/div><\/div><div id=\"pgc-3050-0-1\"  class=\"panel-grid-cell panel-grid-cell-empty\" ><\/div><\/div><\/div><\/div>","protected":false},"excerpt":{"rendered":"<p>AGC Chemicals Americas, Inc. (\u00abAGCCA\u00bb) garantiza que los productos o materiales (en adelante, \u00abProductos\u00bb) entregados seg\u00fan este documento cumplen con las especificaciones est\u00e1ndar de AGCCA para Productos o cualquier otra especificaci\u00f3n que se haya acordado expresamente en este documento. AGCCA&#8230;<\/p>\n","protected":false},"author":2,"featured_media":0,"parent":3049,"menu_order":0,"comment_status":"closed","ping_status":"closed","template":"","meta":{"_acf_changed":false,"inline_featured_image":false,"footnotes":""},"class_list":["post-3050","page","type-page","status-publish","hentry"],"acf":[],"_links":{"self":[{"href":"https:\/\/www.agcchem.com\/es\/wp-json\/wp\/v2\/pages\/3050","targetHints":{"allow":["GET"]}}],"collection":[{"href":"https:\/\/www.agcchem.com\/es\/wp-json\/wp\/v2\/pages"}],"about":[{"href":"https:\/\/www.agcchem.com\/es\/wp-json\/wp\/v2\/types\/page"}],"author":[{"embeddable":true,"href":"https:\/\/www.agcchem.com\/es\/wp-json\/wp\/v2\/users\/2"}],"replies":[{"embeddable":true,"href":"https:\/\/www.agcchem.com\/es\/wp-json\/wp\/v2\/comments?post=3050"}],"version-history":[{"count":0,"href":"https:\/\/www.agcchem.com\/es\/wp-json\/wp\/v2\/pages\/3050\/revisions"}],"up":[{"embeddable":true,"href":"https:\/\/www.agcchem.com\/es\/wp-json\/wp\/v2\/pages\/3049"}],"wp:attachment":[{"href":"https:\/\/www.agcchem.com\/es\/wp-json\/wp\/v2\/media?parent=3050"}],"curies":[{"name":"wp","href":"https:\/\/api.w.org\/{rel}","templated":true}]}}