{"id":3176,"date":"2018-12-09T07:11:41","date_gmt":"2018-12-09T07:11:41","guid":{"rendered":"http:\/\/agcchem.com\/products\/fluoropolymer-resins\/fluoroelastomer\/"},"modified":"2024-05-26T08:40:08","modified_gmt":"2024-05-26T08:40:08","slug":"aflas-fluoroelastomero","status":"publish","type":"page","link":"https:\/\/www.agcchem.com\/es\/productos\/resinas-de-fluoropolimero\/aflas-fluoroelastomero\/","title":{"rendered":"AFLAS\u00ae Fluoroelast\u00f3mero"},"content":{"rendered":"<div id=\"pl-3176\"  class=\"panel-layout\" ><div id=\"pg-3176-0\"  class=\"panel-grid panel-has-style\" ><div class=\"panel-row-style panel-row-style-for-3176-0\" ><div id=\"pgc-3176-0-0\"  class=\"panel-grid-cell\" ><div id=\"panel-3176-0-0-0\" class=\"so-panel widget widget_media_image panel-first-child\" data-index=\"0\" ><img loading=\"lazy\" decoding=\"async\" width=\"885\" height=\"234\" src=\"https:\/\/www.agcchem.com\/wp-content\/uploads\/2018\/12\/AFLAS.jpg\" class=\"image wp-image-400  attachment-full size-full\" alt=\"\" style=\"max-width: 100%; height: auto;\" srcset=\"https:\/\/www.agcchem.com\/wp-content\/uploads\/2018\/12\/AFLAS.jpg 885w, https:\/\/www.agcchem.com\/wp-content\/uploads\/2018\/12\/AFLAS-300x79.jpg 300w, https:\/\/www.agcchem.com\/wp-content\/uploads\/2018\/12\/AFLAS-768x203.jpg 768w\" sizes=\"auto, (max-width: 885px) 100vw, 885px\" \/><\/div><div id=\"panel-3176-0-0-1\" class=\"so-panel widget widget_sow-headline panel-last-child\" data-index=\"1\" ><div class=\"page-title panel-widget-style panel-widget-style-for-3176-0-0-1\" ><div\n\t\t\t\n\t\t\tclass=\"so-widget-sow-headline so-widget-sow-headline-default-e2369890fa29-3176\"\n\t\t\t\n\t\t><div class=\"sow-headline-container \">\n\t\t\t\t\t\t\t<h1 class=\"sow-headline\">\n\t\t\t\t\t\t AFLAS\u00ae Fluoroelast\u00f3mero\t\t\t\t\t\t<\/h1>\n\t\t\t\t\t\t<\/div>\n<\/div><\/div><\/div><\/div><\/div><\/div><div id=\"pg-3176-1\"  class=\"panel-grid panel-no-style\" ><div id=\"pgc-3176-1-0\"  class=\"panel-grid-cell\" ><div id=\"panel-3176-1-0-0\" class=\"so-panel widget widget_text panel-first-child panel-last-child\" data-index=\"2\" >\t\t\t<div class=\"textwidget\"><p><span style=\"font-weight: 400;\">El fluoroelast\u00f3mero AFLAS\u00ae es el material de elecci\u00f3n para piezas y componentes que tiene que ser confiables en los ambientes m\u00e1s adversos del mundo. AGC formul\u00f3 resinas AFLAS a partir de pol\u00edmeros alternados de tetrafluoroetileno y propileno para obtener propiedades \u00fanicas sobre un <\/span><b>fluoroelast\u00f3mero <\/b><span style=\"font-weight: 400;\">convencional, <\/span><b>tipo FKM.<\/b><span style=\"font-weight: 400;\"> Entre esas propiedades se pueden citar: resistencia excepcional al calor, a productos qu\u00edmicos, a combustibles, a \u00e1cidos, a bases, a solventes, al ozono y al vapor.<\/span><\/p>\n<\/div>\n\t\t<\/div><\/div><div id=\"pgc-3176-1-1\"  class=\"panel-grid-cell\" ><div id=\"panel-3176-1-1-0\" class=\"so-panel widget widget_media_image panel-first-child panel-last-child\" data-index=\"3\" ><div class=\"panel-widget-style panel-widget-style-for-3176-1-1-0\" ><img loading=\"lazy\" decoding=\"async\" width=\"449\" height=\"422\" src=\"https:\/\/www.agcchem.com\/wp-content\/uploads\/2018\/12\/aflas.gif\" class=\"image wp-image-195  attachment-full size-full\" alt=\"\" style=\"max-width: 100%; height: auto;\" \/><\/div><\/div><\/div><\/div><div id=\"pg-3176-2\"  class=\"panel-grid panel-no-style\" ><div id=\"pgc-3176-2-0\"  class=\"panel-grid-cell\" ><div id=\"panel-3176-2-0-0\" class=\"so-panel widget widget_sow-headline panel-first-child\" data-index=\"4\" ><div class=\"page-title panel-widget-style panel-widget-style-for-3176-2-0-0\" ><div\n\t\t\t\n\t\t\tclass=\"so-widget-sow-headline so-widget-sow-headline-default-42661c0c9fbd-3176\"\n\t\t\t\n\t\t><div class=\"sow-headline-container \">\n\t\t\t\t\t\t\t<h2 class=\"sow-headline\">\n\t\t\t\t\t\tExplora los beneficios de AFLAS\u00ae Fluoroelast\u00f3mero\t\t\t\t\t\t<\/h2>\n\t\t\t\t\t\t<\/div>\n<\/div><\/div><\/div><div id=\"panel-3176-2-0-1\" class=\"so-panel widget widget_text\" data-index=\"5\" ><div class=\"text-center panel-widget-style panel-widget-style-for-3176-2-0-1\" >\t\t\t<div class=\"textwidget\"><div id=\"image-map-pro-8970\"><\/div>\n<\/div>\n\t\t<\/div><\/div><div id=\"panel-3176-2-0-2\" class=\"so-panel widget widget_sow-headline\" data-index=\"6\" ><div class=\"page-title panel-widget-style panel-widget-style-for-3176-2-0-2\" ><div\n\t\t\t\n\t\t\tclass=\"so-widget-sow-headline so-widget-sow-headline-default-42661c0c9fbd-3176\"\n\t\t\t\n\t\t><div class=\"sow-headline-container \">\n\t\t\t\t\t\t\t<h2 class=\"sow-headline\">\n\t\t\t\t\t\t Grados de fluoroelast\u00f3meros\t\t\t\t\t\t<\/h2>\n\t\t\t\t\t\t<\/div>\n<\/div><\/div><\/div><div id=\"panel-3176-2-0-3\" class=\"so-panel widget widget_text\" data-index=\"7\" >\t\t\t<div class=\"textwidget\"><ul>\n<li style=\"font-weight: 400;\"><span style=\"font-weight: 400;\">Serie 150 \u2013 grado est\u00e1ndar \u2013 eses elast\u00f3meros son ideales para producir extrusiones y moldes por compresi\u00f3n que requieran propiedades de aislamiento el\u00e9ctrico<\/span><\/li>\n<li style=\"font-weight: 400;\"><span style=\"font-weight: 400;\">Serie 100 &#8211; alto grado de resistencia \u2013 eses elast\u00f3meros son ideales para aplicaciones como sellos que requieran resistencia mec\u00e1nica<\/span><\/li>\n<li style=\"font-weight: 400;\"><span style=\"font-weight: 400;\">Serie L\u00e1tex &#8211; clase l\u00edquida \u2013 eses elast\u00f3meros son ideales para aglutinantes, materiales de revestimiento y otras aplicaciones<\/span><\/li>\n<li style=\"font-weight: 400;\"><span style=\"font-weight: 400;\">AFLAS 200P &#8211; especialidad FKM para lograr mejor rendimiento a bajas temperaturas<\/span><\/li>\n<li style=\"font-weight: 400;\"><span style=\"font-weight: 400;\">Series PM-1100 y PM-3000 FFKM &#8211; para temperaturas ultra-calientes<\/span><span style=\"font-weight: 400;\"> \u00a0<\/span><\/li>\n<\/ul>\n<\/div>\n\t\t<\/div><div id=\"panel-3176-2-0-4\" class=\"so-panel widget widget_sow-headline\" data-index=\"8\" ><div class=\"page-title panel-widget-style panel-widget-style-for-3176-2-0-4\" ><div\n\t\t\t\n\t\t\tclass=\"so-widget-sow-headline so-widget-sow-headline-default-42661c0c9fbd-3176\"\n\t\t\t\n\t\t><div class=\"sow-headline-container \">\n\t\t\t\t\t\t\t<h2 class=\"sow-headline\">\n\t\t\t\t\t\tCuando fallar no es una opci\u00f3n, escoja los elast\u00f3meros fluorados AFLAS\t\t\t\t\t\t<\/h2>\n\t\t\t\t\t\t<\/div>\n<\/div><\/div><\/div><div id=\"panel-3176-2-0-5\" class=\"so-panel widget widget_text\" data-index=\"9\" ><div class=\"page-title panel-widget-style panel-widget-style-for-3176-2-0-5\" >\t\t\t<div class=\"textwidget\"><p><span style=\"font-weight: 400;\">Los fluoroelast\u00f3meros de las series AFLAS 100 y 150 pueden ser f\u00e1cilmente mezclados, ya sea en trituradores abiertos y en mezcladores internos. As\u00ed, a partir de estos compuestos polim\u00e9ricos se pueden fabricar piezas acabadas y moldes (tipo juntas y sellos de goma), usando procesos de moldeado por presi\u00f3n, moldeado por inyecci\u00f3n, extrusi\u00f3n y calandrado. Las piezas AFLAS se utilizan en muchas industrias, incluyendo<\/span><\/p>\n<ul>\n<li style=\"font-weight: 400;\"><span style=\"font-weight: 400;\">Petr\u00f3leo y gas<\/span><\/li>\n<li style=\"font-weight: 400;\"><span style=\"font-weight: 400;\">Procesamiento qu\u00edmico<\/span><\/li>\n<li style=\"font-weight: 400;\"><span style=\"font-weight: 400;\">Diesel para carga pesada<\/span><\/li>\n<li style=\"font-weight: 400;\"><span style=\"font-weight: 400;\">Autom\u00f3vil<\/span><\/li>\n<li style=\"font-weight: 400;\"><span style=\"font-weight: 400;\">Alambres y cables<\/span><\/li>\n<li style=\"font-weight: 400;\"><span style=\"font-weight: 400;\">Industrial<\/span><\/li>\n<li style=\"font-weight: 400;\"><span style=\"font-weight: 400;\">Manipulaci\u00f3n de alimentos y farmacias<\/span><\/li>\n<\/ul>\n<p><span style=\"font-weight: 400;\">La especialidad FKM AFLAS 200P mantiene una buena resistencia de la base y ofrece mejor rendimiento a bajas temperaturas. Los fluoroelast\u00f3meros de las series AFLAS PM-1100 y PM-3000 FFKM se pueden curar con per\u00f3xido y mantienen su rendimiento a temperaturas de hasta 270\u00b0C.<\/span><\/p>\n<h2 class=\"pt-3 pb-3\">\u00a1Fluoroelast\u00f3mero AFLAS fabricado sin PFOA!<br \/>\nPara m\u00e1s informaciones, haga clic <a title=\"AFLAS Fluoroelastomer\" href=\"http:\/\/agcchem.com\/wp-content\/uploads\/2018\/12\/AFLAS_Letter_PFOA.pdf\" target=\"_blank\" rel=\"noopener noreferrer\">aqu\u00ed<\/a>.<\/h2>\n<\/div>\n\t\t<\/div><\/div><div id=\"panel-3176-2-0-6\" class=\"so-panel widget widget_sow-tabs\" data-index=\"10\" ><div\n\t\t\t\n\t\t\tclass=\"so-widget-sow-tabs so-widget-sow-tabs-default-5ce611217e66-3176\"\n\t\t\t\n\t\t><div class=\"sow-tabs\">\n\t<div class=\"sow-tabs-tab-container\" role=\"tablist\">\n\t\t\t<div\n\t\t\tclass=\"sow-tabs-tab\n\t\t\t sow-tabs-tab-selected\t\t\t\"\n\t\t\trole=\"tab\"\n\t\t\tdata-anchor-id=\"caracteristicas\"\n\t\t\taria-selected=\"true\"\n\t\t\ttabindex=\"0\"\n\t\t>\n\t\t\t<div class=\"sow-tabs-title sow-tabs-title-icon-left\">\n\t\t\t\t\t\t\t\tCaracter\u00edsticas\t\t\t\t\t\t\t<\/div>\n\t\t<\/div>\n\t\t\t<div\n\t\t\tclass=\"sow-tabs-tab\n\t\t\t\t\t\t\"\n\t\t\trole=\"tab\"\n\t\t\tdata-anchor-id=\"aplicaciones\"\n\t\t\taria-selected=\"false\"\n\t\t\ttabindex=\"0\"\n\t\t>\n\t\t\t<div class=\"sow-tabs-title sow-tabs-title-icon-left\">\n\t\t\t\t\t\t\t\tAplicaciones\t\t\t\t\t\t\t<\/div>\n\t\t<\/div>\n\t\t\t<div\n\t\t\tclass=\"sow-tabs-tab\n\t\t\t\t\t\t\"\n\t\t\trole=\"tab\"\n\t\t\tdata-anchor-id=\"sds\"\n\t\t\taria-selected=\"false\"\n\t\t\ttabindex=\"0\"\n\t\t>\n\t\t\t<div class=\"sow-tabs-title sow-tabs-title-icon-left\">\n\t\t\t\t\t\t\t\tSDS\t\t\t\t\t\t\t<\/div>\n\t\t<\/div>\n\t\t\t<div\n\t\t\tclass=\"sow-tabs-tab\n\t\t\t\t\t\t\"\n\t\t\trole=\"tab\"\n\t\t\tdata-anchor-id=\"documentos-tecnicos\"\n\t\t\taria-selected=\"false\"\n\t\t\ttabindex=\"0\"\n\t\t>\n\t\t\t<div class=\"sow-tabs-title sow-tabs-title-icon-left\">\n\t\t\t\t\t\t\t\tDocumentos t\u00e9cnicos\t\t\t\t\t\t\t<\/div>\n\t\t<\/div>\n\t\t\t<div\n\t\t\tclass=\"sow-tabs-tab\n\t\t\t\t\t\t\"\n\t\t\trole=\"tab\"\n\t\t\tdata-anchor-id=\"datos-de-resistencia\"\n\t\t\taria-selected=\"false\"\n\t\t\ttabindex=\"0\"\n\t\t>\n\t\t\t<div class=\"sow-tabs-title sow-tabs-title-icon-left\">\n\t\t\t\t\t\t\t\tDatos de resistencia\t\t\t\t\t\t\t<\/div>\n\t\t<\/div>\n\t\t\t<div\n\t\t\tclass=\"sow-tabs-tab\n\t\t\t\t\t\t\"\n\t\t\trole=\"tab\"\n\t\t\tdata-anchor-id=\"capacidades-de-prueba\"\n\t\t\taria-selected=\"false\"\n\t\t\ttabindex=\"0\"\n\t\t>\n\t\t\t<div class=\"sow-tabs-title sow-tabs-title-icon-left\">\n\t\t\t\t\t\t\t\t Capacidades de prueba\t\t\t\t\t\t\t<\/div>\n\t\t<\/div>\n\t\t<\/div>\n\n\t<div class=\"sow-tabs-panel-container\">\n\t\t\t<div class=\"sow-tabs-panel\">\n\t\t\t<div\n\t\t\t\tclass=\"sow-tabs-panel-content\"\n\t\t\t\trole=\"tabpanel\"\n\t\t\t\taria-hidden=\"false\"\n\t\t\t>\n\t\t\t\t<ul>\n<li><span style=\"font-weight: 400\" data-mce-style=\"font-weight: 400;\">Resistente a productos qu\u00edmicos org\u00e1nicos e inorg\u00e1nicos altamente reactivos<\/span><\/li>\n<li><span style=\"font-weight: 400\" data-mce-style=\"font-weight: 400;\">Excelente resistividad de volumen (m\u00e1s grande que 1016\u03a9 cm)<\/span><\/li>\n<li><span style=\"font-weight: 400\" data-mce-style=\"font-weight: 400;\">Resistencia a la radiaci\u00f3n hasta 200 MRad de radiaci\u00f3n de rayos gamma<\/span><\/li>\n<li><span style=\"font-weight: 400\" data-mce-style=\"font-weight: 400;\">No afectado por la exposici\u00f3n prolongada a vapor a 200\u00b0C<\/span><\/li>\n<li><span style=\"font-weight: 400\" data-mce-style=\"font-weight: 400;\">Uso continuo a 230 \u00b0 C<\/span><\/li>\n<li><span style=\"font-weight: 400\" data-mce-style=\"font-weight: 400;\">Resistente a productos qu\u00edmicos org\u00e1nicos e inorg\u00e1nicos altamente reactivos<\/span><\/li>\n<\/ul>\n\t\t\t<\/div>\n\t\t<\/div>\n\t\t\t<div class=\"sow-tabs-panel\">\n\t\t\t<div\n\t\t\t\tclass=\"sow-tabs-panel-content\"\n\t\t\t\trole=\"tabpanel\"\n\t\t\t\taria-hidden=\"true\"\n\t\t\t>\n\t\t\t\t<ul>\n<li><span style=\"font-weight: 400\">Embalajes y anillos toroidales de goma<\/span><\/li>\n<li><span style=\"font-weight: 400\">Sellos y juntas de motor<\/span><\/li>\n<li><span style=\"font-weight: 400\">Alambres y cables<\/span><\/li>\n<li><span style=\"font-weight: 400\">Sellos de ejes<\/span><\/li>\n<li><span style=\"font-weight: 400\">L\u00e1minas finas<\/span><\/li>\n<li><span style=\"font-weight: 400\">Sellos de aceite y engranajes<\/span><\/li>\n<li><span style=\"font-weight: 400\">Modificadores fluoropl\u00e1sticos<\/span><\/li>\n<li><span style=\"font-weight: 400\">Diafragmas<\/span><\/li>\n<li><i><span style=\"font-weight: 400\">Y m\u00e1s\u2026<\/span><\/i><\/li>\n<\/ul>\n<p>&nbsp;<\/p>\n\t\t\t<\/div>\n\t\t<\/div>\n\t\t\t<div class=\"sow-tabs-panel\">\n\t\t\t<div\n\t\t\t\tclass=\"sow-tabs-panel-content\"\n\t\t\t\trole=\"tabpanel\"\n\t\t\t\taria-hidden=\"true\"\n\t\t\t>\n\t\t\t\tHaga clic para solicitar un formulario SDS <a href=\"\/contact-us\/request-sds\">aqu\u00ed<\/a>\t\t\t<\/div>\n\t\t<\/div>\n\t\t\t<div class=\"sow-tabs-panel\">\n\t\t\t<div\n\t\t\t\tclass=\"sow-tabs-panel-content\"\n\t\t\t\trole=\"tabpanel\"\n\t\t\t\taria-hidden=\"true\"\n\t\t\t>\n\t\t\t\t<p>\n<!-- iframe plugin v.6.0 wordpress.org\/plugins\/iframe\/ -->\n<iframe loading=\"lazy\" src=\"https:\/\/www.agcchem.com\/docs-api\/Fluoroelastomers.htm\" width=\"100%\" height=\"850\" scrolling=\"yes\" class=\"iframe-class\" frameborder=\"0\"><\/iframe>\n<\/p>\n\t\t\t<\/div>\n\t\t<\/div>\n\t\t\t<div class=\"sow-tabs-panel\">\n\t\t\t<div\n\t\t\t\tclass=\"sow-tabs-panel-content\"\n\t\t\t\trole=\"tabpanel\"\n\t\t\t\taria-hidden=\"true\"\n\t\t\t>\n\t\t\t\t<p><a href=\"\/documentation\/chemical-resistance-data\/aflas-chemical-resistance-data\/aflas-100s\">Compatibility with AFLAS 100S<\/a><br \/>\n<a href=\"\/documentation\/chemical-resistance-data\/aflas-chemical-resistance-data\/aflas-150p\">Compatibility with AFLAS 150P<\/a><br \/>\n<a href=\"\/documentation\/chemical-resistance-data\/aflas-chemical-resistance-data\/aflas-150e\">Compatibility with AFLAS 150E<\/a><br \/>\n<a href=\"\/documentation\/chemical-resistance-data\/aflas-chemical-resistance-data\/aflas-100h\">Compatibility with AFLAS 100H<\/a><br \/>\n<a href=\"\/documentation\/chemical-resistance-data\/aflas-chemical-resistance-data\/aflas-200p\">Compatibility with AFLAS 200P<\/a><\/p>\n<h2><a href=\"https:\/\/www.agcchem.com\/fluoroelastomers-resistance-data\/\">Obtener datos<\/a><\/h2>\n\t\t\t<\/div>\n\t\t<\/div>\n\t\t\t<div class=\"sow-tabs-panel\">\n\t\t\t<div\n\t\t\t\tclass=\"sow-tabs-panel-content\"\n\t\t\t\trole=\"tabpanel\"\n\t\t\t\taria-hidden=\"true\"\n\t\t\t>\n\t\t\t\t<table style=\"height: 186px\" width=\"758\">\n<tbody>\n<tr>\n<td>\n<ul>\n<li style=\"font-weight: 400\"><span style=\"font-weight: 400\">Dos cuadros de carga Istron<\/span><\/li>\n<li style=\"font-weight: 400\"><span style=\"font-weight: 400\">Resistividad de superficie\/volumen<\/span><\/li>\n<li style=\"font-weight: 400\"><span style=\"font-weight: 400\">Dureza<\/span><\/li>\n<li style=\"font-weight: 400\"><span style=\"font-weight: 400\">Punto de ruptura<\/span><\/li>\n<li style=\"font-weight: 400\"><span style=\"font-weight: 400\">FTIR &amp; UV\/vis\/IR<\/span><span style=\"font-weight: 400\"> cercano<\/span><\/li>\n<\/ul>\n<\/td>\n<td>\n<ul>\n<li style=\"font-weight: 400\"><span style=\"font-weight: 400\">Recipiente de presi\u00f3n<\/span><\/li>\n<li style=\"font-weight: 400\"><span style=\"font-weight: 400\">Combinaci\u00f3n de colores<\/span><\/li>\n<li style=\"font-weight: 400\"><span style=\"font-weight: 400\">Conjunto de compresi\u00f3n<\/span><\/li>\n<li style=\"font-weight: 400\"><span style=\"font-weight: 400\">Test de inmersi\u00f3n<\/span><\/li>\n<li style=\"font-weight: 400\"><span style=\"font-weight: 400\">Hornos diversos<\/span><\/li>\n<\/ul>\n<\/td>\n<\/tr>\n<\/tbody>\n<\/table>\n\t\t\t<\/div>\n\t\t<\/div>\n\t\t<\/div>\n<\/div>\n<\/div><\/div><div id=\"panel-3176-2-0-7\" class=\"so-panel widget widget_text panel-last-child\" data-index=\"11\" >\t\t\t<div class=\"textwidget\"><p><strong>Orgullosos miembros de:<\/strong><br \/>\n<a href=\"http:\/\/www.arpminc.org\" target=\"_blank\" rel=\"noopener noreferrer\"><img loading=\"lazy\" decoding=\"async\" src=\"http:\/\/agcchem.com\/wp-content\/uploads\/2018\/12\/ARPM-logo-sm.jpg\" alt=\"ARPM Association for Rubber Products Manufacturers\" width=\"210\" height=\"89\" \/><\/a><\/p>\n<\/div>\n\t\t<\/div><\/div><\/div><\/div>","protected":false},"excerpt":{"rendered":"<p>El fluoroelast\u00f3mero AFLAS\u00ae es el material de elecci\u00f3n para piezas y componentes que tiene que ser confiables en los ambientes m\u00e1s adversos del mundo. AGC formul\u00f3 resinas AFLAS a partir de pol\u00edmeros alternados de tetrafluoroetileno y propileno para obtener propiedades&#8230;<\/p>\n","protected":false},"author":2,"featured_media":12835,"parent":2856,"menu_order":0,"comment_status":"closed","ping_status":"closed","template":"","meta":{"_acf_changed":false,"inline_featured_image":false,"footnotes":""},"class_list":["post-3176","page","type-page","status-publish","has-post-thumbnail","hentry"],"acf":[],"_links":{"self":[{"href":"https:\/\/www.agcchem.com\/es\/wp-json\/wp\/v2\/pages\/3176","targetHints":{"allow":["GET"]}}],"collection":[{"href":"https:\/\/www.agcchem.com\/es\/wp-json\/wp\/v2\/pages"}],"about":[{"href":"https:\/\/www.agcchem.com\/es\/wp-json\/wp\/v2\/types\/page"}],"author":[{"embeddable":true,"href":"https:\/\/www.agcchem.com\/es\/wp-json\/wp\/v2\/users\/2"}],"replies":[{"embeddable":true,"href":"https:\/\/www.agcchem.com\/es\/wp-json\/wp\/v2\/comments?post=3176"}],"version-history":[{"count":0,"href":"https:\/\/www.agcchem.com\/es\/wp-json\/wp\/v2\/pages\/3176\/revisions"}],"up":[{"embeddable":true,"href":"https:\/\/www.agcchem.com\/es\/wp-json\/wp\/v2\/pages\/2856"}],"wp:featuredmedia":[{"embeddable":true,"href":"https:\/\/www.agcchem.com\/es\/wp-json\/wp\/v2\/media\/12835"}],"wp:attachment":[{"href":"https:\/\/www.agcchem.com\/es\/wp-json\/wp\/v2\/media?parent=3176"}],"curies":[{"name":"wp","href":"https:\/\/api.w.org\/{rel}","templated":true}]}}