{"id":4483,"date":"2018-12-21T11:04:09","date_gmt":"2018-12-21T11:04:09","guid":{"rendered":"https:\/\/www.agcchem.com\/sobre-agc\/testing-services\/"},"modified":"2024-05-26T09:00:27","modified_gmt":"2024-05-26T09:00:27","slug":"servicios-de-pruebas","status":"publish","type":"page","link":"https:\/\/www.agcchem.com\/es\/sobre-agc\/servicios-de-pruebas\/","title":{"rendered":"Servicios de Pruebas"},"content":{"rendered":"<div id=\"pl-4483\"  class=\"panel-layout\" ><div id=\"pg-4483-0\"  class=\"panel-grid panel-has-style\" ><div class=\"panel-row-style panel-row-style-for-4483-0\" ><div id=\"pgc-4483-0-0\"  class=\"panel-grid-cell\" ><div id=\"panel-4483-0-0-0\" class=\"so-panel widget widget_media_image panel-first-child\" data-index=\"0\" ><img loading=\"lazy\" decoding=\"async\" width=\"885\" height=\"234\" src=\"https:\/\/www.agcchem.com\/wp-content\/uploads\/2018\/12\/TestingServices.jpg\" class=\"image wp-image-1059  attachment-full size-full\" alt=\"\" style=\"max-width: 100%; height: auto;\" srcset=\"https:\/\/www.agcchem.com\/wp-content\/uploads\/2018\/12\/TestingServices.jpg 885w, https:\/\/www.agcchem.com\/wp-content\/uploads\/2018\/12\/TestingServices-300x79.jpg 300w, https:\/\/www.agcchem.com\/wp-content\/uploads\/2018\/12\/TestingServices-768x203.jpg 768w\" sizes=\"auto, (max-width: 885px) 100vw, 885px\" \/><\/div><div id=\"panel-4483-0-0-1\" class=\"so-panel widget widget_sow-headline\" data-index=\"1\" ><div class=\"page-title panel-widget-style panel-widget-style-for-4483-0-0-1\" ><div\n\t\t\t\n\t\t\tclass=\"so-widget-sow-headline so-widget-sow-headline-default-e2369890fa29-4483\"\n\t\t\t\n\t\t><div class=\"sow-headline-container \">\n\t\t\t\t\t\t\t<h1 class=\"sow-headline\">\n\t\t\t\t\t\tEjemplos de Capacidades de Prueba\t\t\t\t\t\t<\/h1>\n\t\t\t\t\t\t<\/div>\n<\/div><\/div><\/div><div id=\"panel-4483-0-0-2\" class=\"so-panel widget widget_text panel-last-child\" data-index=\"2\" >\t\t\t<div class=\"textwidget\"><div class=\"row\">\n<div class=\"col\">\n<h5>Pruebas fisicas<\/h5>\n<ul>\n<li>Alargamiento a la tracci\u00f3n \/ desgarro<\/li>\n<li>Pruebas de flexi\u00f3n<\/li>\n<li>Pruebas de desgaste instrumentadas<\/li>\n<li>An\u00e1lisis mec\u00e1nico din\u00e1mico (DMA)<\/li>\n<li>Conjunto de compresi\u00f3n<\/li>\n<li>Impacto y Dureza<\/li>\n<li>Abrasi\u00f3n<\/li>\n<\/ul>\n<h5>Estudios ambientales<\/h5>\n<ul>\n<li>Envejecimiento t\u00e9rmico<\/li>\n<li>Inmersi\u00f3n fluida<\/li>\n<li>Resistencia a la intemperie<\/li>\n<\/ul>\n<h5>Identificaci\u00f3n de materiales<\/h5>\n<ul>\n<li>Cromatograf\u00eda de gases<\/li>\n<li>Infrarrojo (FTIR) con microscopio<\/li>\n<li>UV\/VIS\/Near IR<\/li>\n<li>SEM\/EDAX<\/li>\n<li>Coincidencia de colores<\/li>\n<li>An\u00e1lisis de relleno<\/li>\n<\/ul>\n<\/div>\n<div class=\"col\">\n<h5>An\u00e1lisis t\u00e9rmico<\/h5>\n<ul>\n<li>Calorimetr\u00eda diferencial de barrido (DSC)<\/li>\n<li>An\u00e1lisis Gravim\u00e9trico T\u00e9rmico (TGA)<\/li>\n<li>Analizador Mec\u00e1nico T\u00e9rmico (TMA)<\/li>\n<\/ul>\n<h5>Rehometria<\/h5>\n<ul>\n<li>Indexaci\u00f3n de fusi\u00f3n<\/li>\n<li>Capilar<\/li>\n<li>Termoestable (RPA 2000P)<\/li>\n<\/ul>\n<h5>Pruebas analiticas<\/h5>\n<ul>\n<li>T\u00e9rmico<\/li>\n<li>Qu\u00edmico<\/li>\n<li>Din\u00e1mica<\/li>\n<li>Est\u00e1tico<\/li>\n<\/ul>\n<\/div>\n<\/div>\n<\/div>\n\t\t<\/div><\/div><div id=\"pgc-4483-0-1\"  class=\"panel-grid-cell\" ><div id=\"panel-4483-0-1-0\" class=\"so-panel widget widget_text panel-first-child panel-last-child\" data-index=\"3\" ><div class=\"widget_text infoCard mt-5 rt_blog_sidebar panel-widget-style panel-widget-style-for-4483-0-1-0\" >\t\t\t<div class=\"textwidget\"><h5 class=\"card-header\">Conectar con AGC<\/h5>\n<div style=\"padding: 20px;\">\n<h5 class=\"card-title\">Consultas de clientes y productos:<\/h5>\n<p class=\"card-text\"><em>1-800-424-7833<\/em><\/p>\n<h5 class=\"card-title\">Todas las dem\u00e1s consultas:<\/h5>\n<p class=\"card-text\"><em>610-423-4300<\/em><\/p>\n<\/div>\n<\/div>\n\t\t<\/div><\/div><\/div><\/div><\/div><\/div>","protected":false},"excerpt":{"rendered":"<p>Pruebas fisicas Alargamiento a la tracci\u00f3n \/ desgarro Pruebas de flexi\u00f3n Pruebas de desgaste instrumentadas An\u00e1lisis mec\u00e1nico din\u00e1mico (DMA) Conjunto de compresi\u00f3n Impacto y Dureza Abrasi\u00f3n Estudios ambientales Envejecimiento t\u00e9rmico Inmersi\u00f3n fluida Resistencia a la intemperie Identificaci\u00f3n de materiales Cromatograf\u00eda&#8230;<\/p>\n","protected":false},"author":2,"featured_media":0,"parent":3049,"menu_order":0,"comment_status":"closed","ping_status":"closed","template":"","meta":{"_acf_changed":false,"inline_featured_image":false,"footnotes":""},"class_list":["post-4483","page","type-page","status-publish","hentry"],"acf":[],"_links":{"self":[{"href":"https:\/\/www.agcchem.com\/es\/wp-json\/wp\/v2\/pages\/4483","targetHints":{"allow":["GET"]}}],"collection":[{"href":"https:\/\/www.agcchem.com\/es\/wp-json\/wp\/v2\/pages"}],"about":[{"href":"https:\/\/www.agcchem.com\/es\/wp-json\/wp\/v2\/types\/page"}],"author":[{"embeddable":true,"href":"https:\/\/www.agcchem.com\/es\/wp-json\/wp\/v2\/users\/2"}],"replies":[{"embeddable":true,"href":"https:\/\/www.agcchem.com\/es\/wp-json\/wp\/v2\/comments?post=4483"}],"version-history":[{"count":0,"href":"https:\/\/www.agcchem.com\/es\/wp-json\/wp\/v2\/pages\/4483\/revisions"}],"up":[{"embeddable":true,"href":"https:\/\/www.agcchem.com\/es\/wp-json\/wp\/v2\/pages\/3049"}],"wp:attachment":[{"href":"https:\/\/www.agcchem.com\/es\/wp-json\/wp\/v2\/media?parent=4483"}],"curies":[{"name":"wp","href":"https:\/\/api.w.org\/{rel}","templated":true}]}}