{"id":13188,"date":"2019-12-10T16:22:03","date_gmt":"2019-12-10T16:22:03","guid":{"rendered":"http:\/\/www.agcchem.com\/produtos\/sureco\/"},"modified":"2024-05-26T06:22:07","modified_gmt":"2024-05-26T06:22:07","slug":"sureco","status":"publish","type":"page","link":"https:\/\/www.agcchem.com\/pt-br\/produtos\/high-performance-coatings-and-agents\/sureco\/","title":{"rendered":"Agentes de Revestimento Conformal Fluorados da S\u00e9rie SURECO\u2122"},"content":{"rendered":"<div id=\"pl-13188\"  class=\"panel-layout\" ><div id=\"pg-13188-0\"  class=\"panel-grid panel-has-style\" ><div class=\"siteorigin-panels-stretch panel-row-style panel-row-style-for-13188-0\" data-stretch-type=\"full-width-stretch\" ><div id=\"pgc-13188-0-0\"  class=\"panel-grid-cell\" ><div id=\"panel-13188-0-0-0\" class=\"so-panel widget widget_sow-headline panel-first-child\" data-index=\"0\" ><div class=\"container panel-widget-style panel-widget-style-for-13188-0-0-0\" ><div\n\t\t\t\n\t\t\tclass=\"so-widget-sow-headline so-widget-sow-headline-default-3ac3da29e399-13188\"\n\t\t\t\n\t\t><div class=\"sow-headline-container \">\n\t\t\t\t\t\t\t<h2 class=\"sow-headline\">\n\t\t\t\t\t\tAgentes de Revestimento Conformal Fluorados da S\u00e9rie SURECO\u2122\t\t\t\t\t\t<\/h2>\n\t\t\t\t\t\t<\/div>\n<\/div><\/div><\/div><div id=\"panel-13188-0-0-1\" class=\"so-panel widget widget_lsow-tabs panel-last-child\" data-index=\"1\" ><div class=\"product_vertical_tabs panel-widget-style panel-widget-style-for-13188-0-0-1\" ><div\n\t\t\t\n\t\t\tclass=\"so-widget-lsow-tabs so-widget-lsow-tabs-default-fcec266d340a-13188\"\n\t\t\t\n\t\t><div class=\"lsow-tabs lsow-vertical style8\" data-mobile-width=\"767\"><a href=\"#\" class=\"lsow-tab-mobile-menu\"><i class=\"lsow-icon-menu\"><\/i>&nbsp;<\/a><div class=\"lsow-tab-nav\"><div class=\"lsow-tab\"><a class=\"lsow-tab-label\" href=\"#\"><span class=\"lsow-tab-title\">Vis\u00e3o geral do produto<\/span><\/a><\/div><div class=\"lsow-tab\"><a class=\"lsow-tab-label\" href=\"#\"><span class=\"lsow-tab-title\">Caracter\u00edsticas<\/span><\/a><\/div><div class=\"lsow-tab\"><a class=\"lsow-tab-label\" href=\"#\"><span class=\"lsow-tab-title\">Aplica\u00e7\u00f5es<\/span><\/a><\/div><div class=\"lsow-tab\"><a class=\"lsow-tab-label\" href=\"#\"><span class=\"lsow-tab-title\">M\u00e9todos de Processamento<\/span><\/a><\/div><div class=\"lsow-tab\"><a class=\"lsow-tab-label\" href=\"#\"><span class=\"lsow-tab-title\">FISPQ<\/span><\/a><\/div><div class=\"lsow-tab\"><a class=\"lsow-tab-label\" href=\"#\"><span class=\"lsow-tab-title\">Propriedades<\/span><\/a><\/div><div class=\"lsow-tab\"><a class=\"lsow-tab-label\" href=\"#\"><span class=\"lsow-tab-title\">Conecte-se com o AGC<\/span><\/a><\/div><\/div><!-- .lsow-tab-nav --><div class=\"lsow-tab-panes\"><div id=\"\" class=\"lsow-tab-pane\"><p>\r\n  <div class=\"select_brand_dropdown\">\r\n    \r\n    \r\n    <div class=\"new_products_cta_buttons btns\">\r\n\r\n      \r\n\r\n      \r\n\r\n      \r\n        <a href=\"\/pt-br\/contate-nos\/duvidas-sobre-o-produto\/?product=arm_surecoantismudgecoatings\" class=\"btn btn-third\">\r\n          <span>D\u00favidas sobre o Produto<\/span>\r\n        <\/a>\r\n\r\n        <a href=\"\/pt-br\/contate-nos\/sample-request\/?product=arm_surecoantismudgecoatings\" class=\"btn btn-third\">\r\n          <span>Pedido de Amostra<\/span>\r\n        <\/a>\r\n\r\n            \r\n    <\/div>\r\n\r\n  <\/div>\r\n\r\n<\/p>\n<p>Os revestimentos anti-manchas SURECO\u2122 2320 resistem a impress\u00f5es digitais em telas de toque e outras superf\u00edcies de vidro e os tornam muito mais f\u00e1ceis de limpar. Esses revestimentos de superf\u00edcie de flouoropol\u00edmero transparentes fornecem excelente repel\u00eancia \u00e0 \u00e1gua e ao \u00f3leo sem alterar a apar\u00eancia da superf\u00edcie. Tamb\u00e9m fornecem propriedades anti-incrustantes. Em compara\u00e7\u00e3o com os revestimentos da concorr\u00eancia, o SURECO 2320 oferece resist\u00eancia superior ao calor e \u00e0 abras\u00e3o. Uma fina camada monomolecular de SURECO pode ser aplicada em um vidro ou superf\u00edcie \u00f3ptica por revestimento \u00famido, revestimento por spray, revestimento por imers\u00e3o ou revestimento por rota\u00e7\u00e3o.<\/p>\n<p>A marca SURECO\u2122 \u00e9 registrada no Jap\u00e3o.<\/p>\n<p><img loading=\"lazy\" decoding=\"async\" class=\"alignnone size-full wp-image-6610\" src=\"https:\/\/www.agcchem.com\/wp-content\/uploads\/2019\/12\/Fingerprint-test.png\" alt=\"\" width=\"686\" height=\"452\" srcset=\"https:\/\/www.agcchem.com\/wp-content\/uploads\/2019\/12\/Fingerprint-test.png 686w, https:\/\/www.agcchem.com\/wp-content\/uploads\/2019\/12\/Fingerprint-test-300x198.png 300w\" sizes=\"auto, (max-width: 686px) 100vw, 686px\" \/><\/p>\n<p>\r\n\t\r\n<\/p>\n<\/div><div id=\"\" class=\"lsow-tab-pane\"><p>\r\n  <div class=\"select_brand_dropdown\">\r\n    \r\n    \r\n    <div class=\"new_products_cta_buttons btns\">\r\n\r\n      \r\n\r\n      \r\n\r\n      \r\n        <a href=\"\/pt-br\/contate-nos\/duvidas-sobre-o-produto\/?product=arm_surecoantismudgecoatings\" class=\"btn btn-third\">\r\n          <span>D\u00favidas sobre o Produto<\/span>\r\n        <\/a>\r\n\r\n        <a href=\"\/pt-br\/contate-nos\/sample-request\/?product=arm_surecoantismudgecoatings\" class=\"btn btn-third\">\r\n          <span>Pedido de Amostra<\/span>\r\n        <\/a>\r\n\r\n            \r\n    <\/div>\r\n\r\n  <\/div>\r\n\r\n<\/p>\n<ul>\n<li>Transparente<\/li>\n<li>Anti-manchas<\/li>\n<li>Antiincrustante<\/li>\n<li>Resiste \u00e0 abras\u00e3o<\/li>\n<li>Repele \u00e1gua e \u00f3leo<\/li>\n<li>F\u00e1cil de limpar<\/li>\n<li>Baixa fric\u00e7\u00e3o<\/li>\n<li>N\u00e3o inflam\u00e1vel<\/li>\n<li>Espessura de filme fino (&lt;10nm)<\/li>\n<\/ul>\n<\/div><div id=\"\" class=\"lsow-tab-pane\"><p>\r\n  <div class=\"select_brand_dropdown\">\r\n    \r\n    \r\n    <div class=\"new_products_cta_buttons btns\">\r\n\r\n      \r\n\r\n      \r\n\r\n      \r\n        <a href=\"\/pt-br\/contate-nos\/duvidas-sobre-o-produto\/?product=arm_surecoantismudgecoatings\" class=\"btn btn-third\">\r\n          <span>D\u00favidas sobre o Produto<\/span>\r\n        <\/a>\r\n\r\n        <a href=\"\/pt-br\/contate-nos\/sample-request\/?product=arm_surecoantismudgecoatings\" class=\"btn btn-third\">\r\n          <span>Pedido de Amostra<\/span>\r\n        <\/a>\r\n\r\n            \r\n    <\/div>\r\n\r\n  <\/div>\r\n\r\n<\/p>\n<ul>\n<li>Telas sens\u00edveis ao toque<\/li>\n<li>Chassi de telefone celular<\/li>\n<li>Agentes de libera\u00e7\u00e3o de molde<\/li>\n<li>Antiincrustante para metais, pl\u00e1sticos, etc.<\/li>\n<li>Elevadores<\/li>\n<li>Utens\u00edlios de cozinha e banheiro<\/li>\n<\/ul>\n<\/div><div id=\"\" class=\"lsow-tab-pane\"><p>\r\n  <div class=\"select_brand_dropdown\">\r\n    \r\n    \r\n    <div class=\"new_products_cta_buttons btns\">\r\n\r\n      \r\n\r\n      \r\n\r\n      \r\n        <a href=\"\/pt-br\/contate-nos\/duvidas-sobre-o-produto\/?product=arm_surecoantismudgecoatings\" class=\"btn btn-third\">\r\n          <span>D\u00favidas sobre o Produto<\/span>\r\n        <\/a>\r\n\r\n        <a href=\"\/pt-br\/contate-nos\/sample-request\/?product=arm_surecoantismudgecoatings\" class=\"btn btn-third\">\r\n          <span>Pedido de Amostra<\/span>\r\n        <\/a>\r\n\r\n            \r\n    <\/div>\r\n\r\n  <\/div>\r\n\r\n<\/p>\n<h2>Pr\u00e9-tratamento<\/h2>\n<p><strong>Tratamento de desengorduramento: <\/strong>Limpe o substrato com um solvente adequado, como um agente de limpeza alcalino e enx\u00e1gue a superf\u00edcie do substrato com \u00e1gua deionizada<strong><br \/>\nTratamento de secagem: <\/strong>Opcionalmente, limpe a superf\u00edcie do substrato com corona ou plasma<strong><br \/>\n<\/strong><\/p>\n<h2>Tipos de revestimento<\/h2>\n<p><img loading=\"lazy\" decoding=\"async\" title=\"\" src=\"https:\/\/www.agcce.com\/wp-content\/uploads\/2019\/09\/CoatingTypes.jpg\" alt=\"\" width=\"780\" height=\"247\" \/><\/p>\n<h2>Cozimento<\/h2>\n<p>O cozimento reduz o tempo de rea\u00e7\u00e3o de ades\u00e3o:<br \/>\nExemplos: 120\u00b0C, ~10min \/ 80\u00b0C, ~15min \/ 60\u00b0C, ~2hrs \/ 25\u00b0C (Room Temperature), 40% Relative Humidity (RH),<br \/>\n~24hrs<\/p>\n<h2>Enx\u00e1gue<\/h2>\n<p>Se a superf\u00edcie for irregular, opcionalmente, limpe com um pano macio ou enx\u00e1gue a superf\u00edcie do vidro com um solvente fluorado, como ASAHIKLIN\u2122 AE-3000 ou \u00e1gua deionizada.<\/p>\n<\/div><div id=\"\" class=\"lsow-tab-pane\"><p>\r\n  <div class=\"select_brand_dropdown\">\r\n    \r\n    \r\n    <div class=\"new_products_cta_buttons btns\">\r\n\r\n      \r\n\r\n      \r\n\r\n      \r\n        <a href=\"\/pt-br\/contate-nos\/duvidas-sobre-o-produto\/?product=arm_surecoantismudgecoatings\" class=\"btn btn-third\">\r\n          <span>D\u00favidas sobre o Produto<\/span>\r\n        <\/a>\r\n\r\n        <a href=\"\/pt-br\/contate-nos\/sample-request\/?product=arm_surecoantismudgecoatings\" class=\"btn btn-third\">\r\n          <span>Pedido de Amostra<\/span>\r\n        <\/a>\r\n\r\n            \r\n    <\/div>\r\n\r\n  <\/div>\r\n\r\n<\/p>\n<p>Pressione <a href=\"https:\/\/www.agcchem.com\/pt-br\/contate-nos\/pedido-fispq\/\">aqui<\/a> para requisitar a FISPQ ou ficha de seguran\u00e7a deste produto.<\/p>\n<\/div><div id=\"\" class=\"lsow-tab-pane\"><p>\r\n  <div class=\"select_brand_dropdown\">\r\n    \r\n    \r\n    <div class=\"new_products_cta_buttons btns\">\r\n\r\n      \r\n\r\n      \r\n\r\n      \r\n        <a href=\"\/pt-br\/contate-nos\/duvidas-sobre-o-produto\/?product=arm_surecoantismudgecoatings\" class=\"btn btn-third\">\r\n          <span>D\u00favidas sobre o Produto<\/span>\r\n        <\/a>\r\n\r\n        <a href=\"\/pt-br\/contate-nos\/sample-request\/?product=arm_surecoantismudgecoatings\" class=\"btn btn-third\">\r\n          <span>Pedido de Amostra<\/span>\r\n        <\/a>\r\n\r\n            \r\n    <\/div>\r\n\r\n  <\/div>\r\n\r\n<\/p>\n<p><img loading=\"lazy\" decoding=\"async\" class=\"alignnone wp-image-14015\" src=\"https:\/\/www.agcchem.com\/wp-content\/uploads\/2021\/08\/Properties_AF_table.jpeg\" alt=\"\" width=\"608\" height=\"150\" srcset=\"https:\/\/www.agcchem.com\/wp-content\/uploads\/2021\/08\/Properties_AF_table.jpeg 808w, https:\/\/www.agcchem.com\/wp-content\/uploads\/2021\/08\/Properties_AF_table-300x74.jpeg 300w, https:\/\/www.agcchem.com\/wp-content\/uploads\/2021\/08\/Properties_AF_table-768x190.jpeg 768w\" sizes=\"auto, (max-width: 608px) 100vw, 608px\" \/><\/p>\n<\/div><div id=\"\" class=\"lsow-tab-pane\"><p><!-- Widget Shortcode --><div id=\"custom_html-32\" class=\"widget_text widget widget_custom_html widget-shortcode area-arbitrary \"><h2 class=\"widgettitle\">Conecte-se com o AGC<\/h2><div class=\"textwidget custom-html-widget\"><div style=\"padding: 20px;\">\r\n<h2 class=\"card-title\">Clientes &amp; D\u00favidas Sobre Produtos:<\/h2>\r\n<p class=\"card-text\">+55-11 99673-9340<\/p>\r\n\r\n<h2 class=\"card-title\">Todas outras d\u00favidas:<\/h2>\r\n<p class=\"card-text\">+55-12 3127-7154<\/p>\r\n<!-- pt -->\r\n<\/div><\/div><\/div><!-- \/Widget Shortcode --><\/p>\n<\/div><\/div><!-- .lsow-tab-panes --><\/div><!-- .lsow-tabs --><\/div><\/div><\/div><\/div><div id=\"pgc-13188-0-1\"  class=\"panel-grid-cell\" ><div id=\"panel-13188-0-1-0\" class=\"so-panel widget widget_sow-image panel-first-child\" data-index=\"2\" ><div\n\t\t\t\n\t\t\tclass=\"so-widget-sow-image so-widget-sow-image-default-58576722bc06-13188\"\n\t\t\t\n\t\t>\n<div class=\"sow-image-container\">\n\t\t<img \n\tsrc=\"https:\/\/www.agcchem.com\/wp-content\/uploads\/2021\/08\/sureco-hero.png\" width=\"543\" height=\"473\" srcset=\"https:\/\/www.agcchem.com\/wp-content\/uploads\/2021\/08\/sureco-hero.png 543w, https:\/\/www.agcchem.com\/wp-content\/uploads\/2021\/08\/sureco-hero-300x261.png 300w\" sizes=\"(max-width: 543px) 100vw, 543px\" alt=\"\" \t\tclass=\"so-widget-image\"\/>\n\t<\/div>\n\n<\/div><\/div><div id=\"panel-13188-0-1-1\" class=\"so-panel widget widget_sow-image panel-last-child\" data-index=\"3\" ><div\n\t\t\t\n\t\t\tclass=\"so-widget-sow-image so-widget-sow-image-default-c67d20f9f743-13188\"\n\t\t\t\n\t\t>\n<div class=\"sow-image-container\">\n\t\t<img \n\tsrc=\"https:\/\/www.agcchem.com\/wp-content\/uploads\/2019\/12\/SURECO-logo.png\" width=\"289\" height=\"68\" sizes=\"(max-width: 289px) 100vw, 289px\" title=\"SURECO logo\" alt=\"\" \t\tclass=\"so-widget-image\"\/>\n\t<\/div>\n\n<\/div><\/div><\/div><\/div><\/div><\/div>","protected":false},"excerpt":{"rendered":"<p>Agentes de Revestimento Conformal Fluorados da S\u00e9rie SURECO\u2122 &nbsp;Vis\u00e3o geral do produtoCaracter\u00edsticasAplica\u00e7\u00f5esM\u00e9todos de ProcessamentoFISPQPropriedadesConecte-se com o AGC D\u00favidas sobre o Produto Pedido de Amostra Os revestimentos anti-manchas SURECO\u2122 2320 resistem a impress\u00f5es digitais em telas de toque e outras superf\u00edcies&#8230;<\/p>\n","protected":false},"author":12,"featured_media":13927,"parent":27465,"menu_order":3,"comment_status":"closed","ping_status":"closed","template":"product-2021-template.php","meta":{"_acf_changed":false,"inline_featured_image":false,"footnotes":""},"class_list":["post-13188","page","type-page","status-publish","has-post-thumbnail","hentry"],"acf":[],"_links":{"self":[{"href":"https:\/\/www.agcchem.com\/pt-br\/wp-json\/wp\/v2\/pages\/13188","targetHints":{"allow":["GET"]}}],"collection":[{"href":"https:\/\/www.agcchem.com\/pt-br\/wp-json\/wp\/v2\/pages"}],"about":[{"href":"https:\/\/www.agcchem.com\/pt-br\/wp-json\/wp\/v2\/types\/page"}],"author":[{"embeddable":true,"href":"https:\/\/www.agcchem.com\/pt-br\/wp-json\/wp\/v2\/users\/12"}],"replies":[{"embeddable":true,"href":"https:\/\/www.agcchem.com\/pt-br\/wp-json\/wp\/v2\/comments?post=13188"}],"version-history":[{"count":0,"href":"https:\/\/www.agcchem.com\/pt-br\/wp-json\/wp\/v2\/pages\/13188\/revisions"}],"up":[{"embeddable":true,"href":"https:\/\/www.agcchem.com\/pt-br\/wp-json\/wp\/v2\/pages\/27465"}],"wp:featuredmedia":[{"embeddable":true,"href":"https:\/\/www.agcchem.com\/pt-br\/wp-json\/wp\/v2\/media\/13927"}],"wp:attachment":[{"href":"https:\/\/www.agcchem.com\/pt-br\/wp-json\/wp\/v2\/media?parent=13188"}],"curies":[{"name":"wp","href":"https:\/\/api.w.org\/{rel}","templated":true}]}}