{"id":13213,"date":"2020-01-20T16:21:46","date_gmt":"2020-01-20T16:21:46","guid":{"rendered":"http:\/\/www.agcchem.com\/produtos\/foam-blowing-agents\/"},"modified":"2024-05-26T06:20:11","modified_gmt":"2024-05-26T06:20:11","slug":"foam-blowing-agents","status":"publish","type":"page","link":"https:\/\/www.agcchem.com\/pt-br\/produtos\/foam-blowing-agents\/","title":{"rendered":"Agentes de Expans\u00e3o AMOLEA\u2122"},"content":{"rendered":"<div id=\"pl-13213\"  class=\"panel-layout\" ><div id=\"pg-13213-0\"  class=\"panel-grid panel-has-style\" ><div class=\"siteorigin-panels-stretch panel-row-style panel-row-style-for-13213-0\" data-stretch-type=\"full-width-stretch\" ><div id=\"pgc-13213-0-0\"  class=\"panel-grid-cell\" ><div id=\"panel-13213-0-0-0\" class=\"so-panel widget widget_sow-headline panel-first-child\" data-index=\"0\" ><div class=\"container panel-widget-style panel-widget-style-for-13213-0-0-0\" ><div\n\t\t\t\n\t\t\tclass=\"so-widget-sow-headline so-widget-sow-headline-default-3ac3da29e399-13213\"\n\t\t\t\n\t\t><div class=\"sow-headline-container \">\n\t\t\t\t\t\t\t<h2 class=\"sow-headline\">\n\t\t\t\t\t\tAgentes de Expans\u00e3o AMOLEA\u2122\t\t\t\t\t\t<\/h2>\n\t\t\t\t\t\t<\/div>\n<\/div><\/div><\/div><div id=\"panel-13213-0-0-1\" class=\"so-panel widget widget_lsow-tabs panel-last-child\" data-index=\"1\" ><div class=\"product_vertical_tabs panel-widget-style panel-widget-style-for-13213-0-0-1\" ><div\n\t\t\t\n\t\t\tclass=\"so-widget-lsow-tabs so-widget-lsow-tabs-default-fcec266d340a-13213\"\n\t\t\t\n\t\t><div class=\"lsow-tabs lsow-vertical style8\" data-mobile-width=\"767\"><a href=\"#\" class=\"lsow-tab-mobile-menu\"><i class=\"lsow-icon-menu\"><\/i>&nbsp;<\/a><div class=\"lsow-tab-nav\"><div class=\"lsow-tab\"><a class=\"lsow-tab-label\" href=\"#\"><span class=\"lsow-tab-title\">Vis\u00e3o Geral do Produto<\/span><\/a><\/div><div class=\"lsow-tab\"><a class=\"lsow-tab-label\" href=\"#\"><span class=\"lsow-tab-title\">Caracter\u00edsticas<\/span><\/a><\/div><div class=\"lsow-tab\"><a class=\"lsow-tab-label\" href=\"#\"><span class=\"lsow-tab-title\">Aplica\u00e7\u00f5es<\/span><\/a><\/div><div class=\"lsow-tab\"><a class=\"lsow-tab-label\" href=\"#\"><span class=\"lsow-tab-title\">FISPQ<\/span><\/a><\/div><div class=\"lsow-tab\"><a class=\"lsow-tab-label\" href=\"#\"><span class=\"lsow-tab-title\">Propriedades<\/span><\/a><\/div><div class=\"lsow-tab\"><a class=\"lsow-tab-label\" href=\"#\"><span class=\"lsow-tab-title\">Conecte-se com o AGC<\/span><\/a><\/div><\/div><!-- .lsow-tab-nav --><div class=\"lsow-tab-panes\"><div id=\"\" class=\"lsow-tab-pane\"><p>\r\n  <div class=\"select_brand_dropdown\">\r\n    \r\n    \r\n    <div class=\"new_products_cta_buttons btns\">\r\n\r\n      \r\n\r\n      \r\n\r\n      \r\n        <a href=\"\/pt-br\/contate-nos\/duvidas-sobre-o-produto\/?product=arm_amoleafoamblowingagents\" class=\"btn btn-third\">\r\n          <span>D\u00favidas sobre o Produto<\/span>\r\n        <\/a>\r\n\r\n        <a href=\"\/pt-br\/contate-nos\/sample-request\/?product=arm_amoleafoamblowingagents\" class=\"btn btn-third\">\r\n          <span>Pedido de Amostra<\/span>\r\n        <\/a>\r\n\r\n            \r\n    <\/div>\r\n\r\n  <\/div>\r\n\r\n<\/p>\n<p>O AMOLEA\u2122 da AGC 1224yd \u00e9 um substituto de \u00faltima gera\u00e7\u00e3o com GWP abaixo para os agentes de expans\u00e3o de uretano HFC e HCFC. Tem as propriedades f\u00edsicas e atributos de desempenho do HFC-245fa, mas com um Potencial de Esgotamento do Oz\u00f4nio (ODP) de quase zero e um valor de GWP abaixo de 1.<\/p>\n<p>O AMOLEA\u2122 da AGC 1224yd \u00e9 um substituto de \u00faltima gera\u00e7\u00e3o com GWP abaixo para os agentes de expans\u00e3o de uretano HFC e HCFC. Tem as propriedades f\u00edsicas e atributos de desempenho do HFC-245fa, mas com um Potencial de Esgotamento do Oz\u00f4nio (ODP) de quase zero e um valor de GWP abaixo de 1.<\/p>\n<p>O AMOLEA 1224yd \u00e9 adequado para aplica\u00e7\u00f5es de espuma que requerem propriedades ambientais, de inflamabilidade e de espuma superiores. As aplica\u00e7\u00f5es de espuma incluem poliuretano, poliisocianurato e diversas espumas de pol\u00edmero.<\/p>\n<p><img loading=\"lazy\" decoding=\"async\" class=\"size-medium wp-image-7004 aligncenter\" src=\"https:\/\/www.agcchem.com\/wp-content\/uploads\/2020\/01\/AMOLEA-300x234.png\" alt=\"\" width=\"300\" height=\"234\" srcset=\"https:\/\/www.agcchem.com\/wp-content\/uploads\/2020\/01\/AMOLEA-300x234.png 300w, https:\/\/www.agcchem.com\/wp-content\/uploads\/2020\/01\/AMOLEA.png 368w\" sizes=\"auto, (max-width: 300px) 100vw, 300px\" \/><\/p>\n<p>&nbsp;<\/p>\n<p>\r\n\t\r\n<\/p>\n<\/div><div id=\"\" class=\"lsow-tab-pane\"><p>\r\n  <div class=\"select_brand_dropdown\">\r\n    \r\n    \r\n    <div class=\"new_products_cta_buttons btns\">\r\n\r\n      \r\n\r\n      \r\n\r\n      \r\n        <a href=\"\/pt-br\/contate-nos\/duvidas-sobre-o-produto\/?product=arm_amoleafoamblowingagents\" class=\"btn btn-third\">\r\n          <span>D\u00favidas sobre o Produto<\/span>\r\n        <\/a>\r\n\r\n        <a href=\"\/pt-br\/contate-nos\/sample-request\/?product=arm_amoleafoamblowingagents\" class=\"btn btn-third\">\r\n          <span>Pedido de Amostra<\/span>\r\n        <\/a>\r\n\r\n            \r\n    <\/div>\r\n\r\n  <\/div>\r\n\r\n<\/p>\n<ul>\n<li>Pouco impacto no meio ambiente.<\/li>\n<li>Alternativa de baixo GWP para HFCs e HCFCs convencionais (GWP inferior a 1)<\/li>\n<li>Zero-ODP<\/li>\n<li>N\u00e3o inflam\u00e1vel (ASTM E681)<\/li>\n<li>Tem a mesma estabilidade t\u00e9rmica que os HFCs<\/li>\n<li>Baixa condutividade t\u00e9rmica<\/li>\n<li>\u00c9 mais est\u00e1vel do que outros HFOs<\/li>\n<li>Boa compatibilidade com a maioria dos \u00f3leos, metais, pl\u00e1sticos e elast\u00f4meros<\/li>\n<li>Aprova\u00e7\u00e3o SNAP pendente<\/li>\n<li>Baixa toxicidade<\/li>\n<\/ul>\n<\/div><div id=\"\" class=\"lsow-tab-pane\"><p>\r\n  <div class=\"select_brand_dropdown\">\r\n    \r\n    \r\n    <div class=\"new_products_cta_buttons btns\">\r\n\r\n      \r\n\r\n      \r\n\r\n      \r\n        <a href=\"\/pt-br\/contate-nos\/duvidas-sobre-o-produto\/?product=arm_amoleafoamblowingagents\" class=\"btn btn-third\">\r\n          <span>D\u00favidas sobre o Produto<\/span>\r\n        <\/a>\r\n\r\n        <a href=\"\/pt-br\/contate-nos\/sample-request\/?product=arm_amoleafoamblowingagents\" class=\"btn btn-third\">\r\n          <span>Pedido de Amostra<\/span>\r\n        <\/a>\r\n\r\n            \r\n    <\/div>\r\n\r\n  <\/div>\r\n\r\n<\/p>\n<ul>\n<li>Espumas de uretano<\/li>\n<li>Espuma de poliuretano para eletrodom\u00e9sticos<\/li>\n<li>Poliisocianurato e outras espumas de pol\u00edmero<\/li>\n<li>Solvente<\/li>\n<li>Solvente de aerossol\/propelente<\/li>\n<\/ul>\n<\/div><div id=\"\" class=\"lsow-tab-pane\"><p>\r\n  <div class=\"select_brand_dropdown\">\r\n    \r\n    \r\n    <div class=\"new_products_cta_buttons btns\">\r\n\r\n      \r\n\r\n      \r\n\r\n      \r\n        <a href=\"\/pt-br\/contate-nos\/duvidas-sobre-o-produto\/?product=arm_amoleafoamblowingagents\" class=\"btn btn-third\">\r\n          <span>D\u00favidas sobre o Produto<\/span>\r\n        <\/a>\r\n\r\n        <a href=\"\/pt-br\/contate-nos\/sample-request\/?product=arm_amoleafoamblowingagents\" class=\"btn btn-third\">\r\n          <span>Pedido de Amostra<\/span>\r\n        <\/a>\r\n\r\n            \r\n    <\/div>\r\n\r\n  <\/div>\r\n\r\n<\/p>\n<p>Pressione <a href=\"https:\/\/www.agcchem.com\/pt-br\/contate-nos\/pedido-fispq\/\">aqui<\/a> para requisitar a FISPQ ou ficha de seguran\u00e7a deste produto.<\/p>\n<\/div><div id=\"\" class=\"lsow-tab-pane\"><p>\r\n  <div class=\"select_brand_dropdown\">\r\n    \r\n    \r\n    <div class=\"new_products_cta_buttons btns\">\r\n\r\n      \r\n\r\n      \r\n\r\n      \r\n        <a href=\"\/pt-br\/contate-nos\/duvidas-sobre-o-produto\/?product=arm_amoleafoamblowingagents\" class=\"btn btn-third\">\r\n          <span>D\u00favidas sobre o Produto<\/span>\r\n        <\/a>\r\n\r\n        <a href=\"\/pt-br\/contate-nos\/sample-request\/?product=arm_amoleafoamblowingagents\" class=\"btn btn-third\">\r\n          <span>Pedido de Amostra<\/span>\r\n        <\/a>\r\n\r\n            \r\n    <\/div>\r\n\r\n  <\/div>\r\n\r\n<\/p>\n<ul>\n<li>F\u00f3rmula molecular: (Z)-CF3CF=CHCI<\/li>\n<li>Peso molecular: 148,5 g\/mol<\/li>\n<li>Ponto de ebuli\u00e7\u00e3o: 15 graus C<\/li>\n<li>Densidade do l\u00edquido (25 graus C): 1.361 kg\/m3<\/li>\n<li>Press\u00e3o de vapor (25 graus C): 151 kPa<\/li>\n<li>Condutividade t\u00e9rmica (g\u00e1s, 25 graus C): 9,1 mW\/m-K<\/li>\n<li>Vida \u00fatil atmosf\u00e9rica: 20 dias*<\/li>\n<li>ODP (CFC-11=1): 0,00023<\/li>\n<li>GWP (IPCC AR5): 0,88*<\/li>\n<li>LC50: 213.000 ppm<\/li>\n<li>AEL: 1.000 ppm<\/li>\n<li>Inflamabilidade (ASTM E681): n\u00e3o inflam\u00e1vel\n<p>*Medido pelo Instituto Nacional de Ci\u00eancia e Tecnologia Industrial Avan\u00e7ada (AIST)<\/p>\n<\/li>\n<\/ul>\n<\/div><div id=\"\" class=\"lsow-tab-pane\"><p><!-- Widget Shortcode --><div id=\"custom_html-32\" class=\"widget_text widget widget_custom_html widget-shortcode area-arbitrary \"><h2 class=\"widgettitle\">Conecte-se com o AGC<\/h2><div class=\"textwidget custom-html-widget\"><div style=\"padding: 20px;\">\r\n<h2 class=\"card-title\">Clientes &amp; D\u00favidas Sobre Produtos:<\/h2>\r\n<p class=\"card-text\">+55-11 99673-9340<\/p>\r\n\r\n<h2 class=\"card-title\">Todas outras d\u00favidas:<\/h2>\r\n<p class=\"card-text\">+55-12 3127-7154<\/p>\r\n<!-- pt -->\r\n<\/div><\/div><\/div><!-- \/Widget Shortcode --><\/p>\n<\/div><\/div><!-- .lsow-tab-panes --><\/div><!-- .lsow-tabs --><\/div><\/div><\/div><\/div><div id=\"pgc-13213-0-1\"  class=\"panel-grid-cell\" ><div id=\"panel-13213-0-1-0\" class=\"so-panel widget widget_sow-image panel-first-child\" data-index=\"2\" ><div\n\t\t\t\n\t\t\tclass=\"so-widget-sow-image so-widget-sow-image-default-58576722bc06-13213\"\n\t\t\t\n\t\t>\n<div class=\"sow-image-container\">\n\t\t<img \n\tsrc=\"https:\/\/www.agcchem.com\/wp-content\/uploads\/2021\/09\/amolea-foam-hero.png\" width=\"543\" height=\"473\" srcset=\"https:\/\/www.agcchem.com\/wp-content\/uploads\/2021\/09\/amolea-foam-hero.png 543w, https:\/\/www.agcchem.com\/wp-content\/uploads\/2021\/09\/amolea-foam-hero-300x261.png 300w\" sizes=\"(max-width: 543px) 100vw, 543px\" alt=\"\" \t\tclass=\"so-widget-image\"\/>\n\t<\/div>\n\n<\/div><\/div><div id=\"panel-13213-0-1-1\" class=\"so-panel widget widget_sow-image panel-last-child\" data-index=\"3\" ><div\n\t\t\t\n\t\t\tclass=\"so-widget-sow-image so-widget-sow-image-default-c67d20f9f743-13213\"\n\t\t\t\n\t\t>\n<div class=\"sow-image-container\">\n\t\t<img \n\tsrc=\"https:\/\/www.agcchem.com\/wp-content\/uploads\/2021\/09\/amolea-logo-sm.png\" width=\"250\" height=\"52\" sizes=\"(max-width: 250px) 100vw, 250px\" alt=\"Amolea logo\" \t\tclass=\"so-widget-image\"\/>\n\t<\/div>\n\n<\/div><\/div><\/div><\/div><\/div><\/div>","protected":false},"excerpt":{"rendered":"<p>Agentes de Expans\u00e3o AMOLEA\u2122 &nbsp;Vis\u00e3o Geral do ProdutoCaracter\u00edsticasAplica\u00e7\u00f5esFISPQPropriedadesConecte-se com o AGC D\u00favidas sobre o Produto Pedido de Amostra O AMOLEA\u2122 da AGC 1224yd \u00e9 um substituto de \u00faltima gera\u00e7\u00e3o com GWP abaixo para os agentes de expans\u00e3o de uretano HFC&#8230;<\/p>\n","protected":false},"author":12,"featured_media":14853,"parent":4151,"menu_order":1,"comment_status":"closed","ping_status":"closed","template":"product-2021-template.php","meta":{"_acf_changed":false,"inline_featured_image":false,"footnotes":""},"class_list":["post-13213","page","type-page","status-publish","has-post-thumbnail","hentry"],"acf":[],"_links":{"self":[{"href":"https:\/\/www.agcchem.com\/pt-br\/wp-json\/wp\/v2\/pages\/13213","targetHints":{"allow":["GET"]}}],"collection":[{"href":"https:\/\/www.agcchem.com\/pt-br\/wp-json\/wp\/v2\/pages"}],"about":[{"href":"https:\/\/www.agcchem.com\/pt-br\/wp-json\/wp\/v2\/types\/page"}],"author":[{"embeddable":true,"href":"https:\/\/www.agcchem.com\/pt-br\/wp-json\/wp\/v2\/users\/12"}],"replies":[{"embeddable":true,"href":"https:\/\/www.agcchem.com\/pt-br\/wp-json\/wp\/v2\/comments?post=13213"}],"version-history":[{"count":0,"href":"https:\/\/www.agcchem.com\/pt-br\/wp-json\/wp\/v2\/pages\/13213\/revisions"}],"up":[{"embeddable":true,"href":"https:\/\/www.agcchem.com\/pt-br\/wp-json\/wp\/v2\/pages\/4151"}],"wp:featuredmedia":[{"embeddable":true,"href":"https:\/\/www.agcchem.com\/pt-br\/wp-json\/wp\/v2\/media\/14853"}],"wp:attachment":[{"href":"https:\/\/www.agcchem.com\/pt-br\/wp-json\/wp\/v2\/media?parent=13213"}],"curies":[{"name":"wp","href":"https:\/\/api.w.org\/{rel}","templated":true}]}}