{"id":13231,"date":"2020-09-23T18:05:19","date_gmt":"2020-09-23T18:05:19","guid":{"rendered":"http:\/\/www.agcchem.com\/produtos\/fine-silica-products-for-chromatography\/"},"modified":"2024-10-03T13:57:33","modified_gmt":"2024-10-03T13:57:33","slug":"fine-silica-products-for-chromatography","status":"publish","type":"page","link":"https:\/\/www.agcchem.com\/pt-br\/produtos\/fine-silica-microspheres\/fine-silica-products-for-chromatography\/","title":{"rendered":"Gel de S\u00edlica Fina para Cromatografia M.S.GEL\u2122"},"content":{"rendered":"<div id=\"pl-13231\"  class=\"panel-layout\" ><div id=\"pg-13231-0\"  class=\"panel-grid panel-has-style\" ><div class=\"home-slider global_hero_section siteorigin-panels-stretch animate-69dd159f6fb05948081570 panels-animation-hide panel-row-style panel-row-style-for-13231-0\" data-stretch-type=\"full-width-stretch\" data-so-animation=\"{&quot;selector&quot;:&quot;.animate-69dd159f6fb05948081570&quot;,&quot;animation&quot;:&quot;fadeIn&quot;,&quot;breakpoint&quot;:&quot;780px&quot;,&quot;duration&quot;:1,&quot;repeat&quot;:0,&quot;hide&quot;:1,&quot;disableAnimationMobile&quot;:0,&quot;finalState&quot;:&quot;visible&quot;,&quot;delay&quot;:0,&quot;debounce&quot;:0.1,&quot;event&quot;:&quot;enter&quot;,&quot;offset&quot;:0}\" ><div id=\"pgc-13231-0-0\"  class=\"panel-grid-cell\" ><div id=\"panel-13231-0-0-0\" class=\"so-panel widget widget_sow-image panel-first-child\" data-index=\"0\" ><div class=\"hero_big_image panel-widget-style panel-widget-style-for-13231-0-0-0\" ><div\n\t\t\t\n\t\t\tclass=\"so-widget-sow-image so-widget-sow-image-default-e4c2d9f6c920-13231\"\n\t\t\t\n\t\t>\n<div class=\"sow-image-container\">\n\t\t<img \n\tsrc=\"https:\/\/www.agcchem.com\/wp-content\/uploads\/2024\/04\/ms-gel-hero.png\" width=\"1400\" height=\"600\" srcset=\"https:\/\/www.agcchem.com\/wp-content\/uploads\/2024\/04\/ms-gel-hero.png 1400w, https:\/\/www.agcchem.com\/wp-content\/uploads\/2024\/04\/ms-gel-hero-300x129.png 300w, https:\/\/www.agcchem.com\/wp-content\/uploads\/2024\/04\/ms-gel-hero-1024x439.png 1024w, https:\/\/www.agcchem.com\/wp-content\/uploads\/2024\/04\/ms-gel-hero-768x329.png 768w\" sizes=\"(max-width: 1400px) 100vw, 1400px\" alt=\"\" \t\tclass=\"so-widget-image\"\/>\n\t<\/div>\n\n<\/div><\/div><\/div><div id=\"panel-13231-0-0-1\" class=\"so-panel widget widget_siteorigin-panels-builder panel-last-child\" data-index=\"1\" ><div class=\"home-slide-content white_text add_breadcrumb panel-widget-style panel-widget-style-for-13231-0-0-1\" ><div id=\"pl-w66fea26a8529f\"  class=\"panel-layout\" ><div id=\"pg-w66fea26a8529f-0\"  class=\"panel-grid panel-no-style\" ><div id=\"pgc-w66fea26a8529f-0-0\"  class=\"panel-grid-cell\" ><div id=\"panel-w66fea26a8529f-0-0-0\" class=\"widget_text so-panel widget widget_custom_html panel-first-child\" data-index=\"0\" ><div class=\"textwidget custom-html-widget\"><div class=\"home-bg\"><\/div><\/div><\/div><div id=\"panel-w66fea26a8529f-0-0-1\" class=\"so-panel widget widget_siteorigin-panels-builder panel-last-child\" data-index=\"1\" ><div class=\"container panel-widget-style panel-widget-style-for-w66fea26a8529f-0-0-1\" ><div id=\"pl-w66e52f2d5694e\"  class=\"panel-layout\" ><div id=\"pg-w66e52f2d5694e-0\"  class=\"panel-grid panel-has-style\" ><div class=\"home-slid-inner panel-row-style panel-row-style-for-w66e52f2d5694e-0\" ><div id=\"pgc-w66e52f2d5694e-0-0\"  class=\"panel-grid-cell\" ><div id=\"panel-w66e52f2d5694e-0-0-0\" class=\"so-panel widget widget_sow-editor panel-first-child\" data-index=\"0\" ><div\n\t\t\t\n\t\t\tclass=\"so-widget-sow-editor so-widget-sow-editor-base\"\n\t\t\t\n\t\t>\n<div class=\"siteorigin-widget-tinymce textwidget\">\n\t<div class=\"\">\r\n  <nav aria-label=\"breadcrumb\" class=\"breadcrumb\">\r\n     <ol class=\"breadcrumb-item\">\r\n\t    <span property=\"itemListElement\" typeof=\"ListItem\"><a property=\"item\" typeof=\"WebPage\" title=\"Go to AGC Chemicals.\" href=\"https:\/\/www.agcchem.com\/pt-br\/\" class=\"home\"><span property=\"name\"><i class=\"fa fa-map-marker\"><\/i> Home<\/span><\/a><meta property=\"position\" content=\"1\"><\/span><i class=\"fa fa-angle-double-right\"><\/i><span property=\"itemListElement\" typeof=\"ListItem\"><a property=\"item\" typeof=\"WebPage\" title=\"Go to Blog.\" href=\"https:\/\/www.agcchem.com\/blog\/\" class=\"post-root post post-post\"><span property=\"name\">Blog<\/span><\/a><meta property=\"position\" content=\"2\"><\/span>     <\/ol>\r\n  <\/nav>\r\n<\/div>\n<\/div>\n<\/div><\/div><div id=\"panel-w66e52f2d5694e-0-0-1\" class=\"so-panel widget widget_sow-headline\" data-index=\"1\" ><div\n\t\t\t\n\t\t\tclass=\"so-widget-sow-headline so-widget-sow-headline-default-704e7542437d\"\n\t\t\t\n\t\t><div class=\"sow-headline-container \">\n\t\t\t\t\t\t\t<h1 class=\"sow-headline\">\n\t\t\t\t\t\tGel de S\u00edlica Fina para Cromatografia M.S.GEL\u2122\t\t\t\t\t\t<\/h1>\n\t\t\t\t\t\t\t\t\t\t\t\t<h3 class=\"sow-sub-headline\">\n\t\t\t\t\t\tEssas part\u00edculas permitem maior capacidade de carga com menor contrapress\u00e3o na coluna, ao mesmo tempo em que proporcionam boa separa\u00e7\u00e3o.\t\t\t\t\t\t<\/h3>\n\t\t\t\t\t\t<\/div>\n<\/div><\/div><div id=\"panel-w66e52f2d5694e-0-0-2\" class=\"so-panel widget widget_sow-image\" data-index=\"2\" ><div class=\"gear_bg_twentyseven panel-widget-style panel-widget-style-for-w66e52f2d5694e-0-0-2\" ><div\n\t\t\t\n\t\t\tclass=\"so-widget-sow-image so-widget-sow-image-default-8b5b6f678277\"\n\t\t\t\n\t\t>\n<div class=\"sow-image-container\">\n\t\t<img \n\tsrc=\"https:\/\/www.agcchem.com\/wp-content\/uploads\/2024\/03\/gear_bg_27.svg\" width=\"279\" height=\"279\" sizes=\"(max-width: 279px) 100vw, 279px\" alt=\"\" \t\tclass=\"so-widget-image\"\/>\n\t<\/div>\n\n<\/div><\/div><\/div><div id=\"panel-w66e52f2d5694e-0-0-3\" class=\"so-panel widget widget_sow-image\" data-index=\"3\" ><div class=\"gear_bg_thirtyseven panel-widget-style panel-widget-style-for-w66e52f2d5694e-0-0-3\" ><div\n\t\t\t\n\t\t\tclass=\"so-widget-sow-image so-widget-sow-image-default-8b5b6f678277\"\n\t\t\t\n\t\t>\n<div class=\"sow-image-container\">\n\t\t<img \n\tsrc=\"https:\/\/www.agcchem.com\/wp-content\/uploads\/2024\/03\/gear_bg_37.svg\" width=\"228\" height=\"228\" sizes=\"(max-width: 228px) 100vw, 228px\" alt=\"\" \t\tclass=\"so-widget-image\"\/>\n\t<\/div>\n\n<\/div><\/div><\/div><div id=\"panel-w66e52f2d5694e-0-0-4\" class=\"widget_text so-panel widget widget_custom_html panel-last-child\" data-index=\"4\" ><div class=\"textwidget custom-html-widget\">\r\n  <div class=\"select_brand_dropdown\">\r\n    \r\n    \r\n    <div class=\"new_products_cta_buttons btns\">\r\n\r\n      \r\n\r\n      \r\n\r\n      \r\n        <a href=\"\/pt-br\/contate-nos\/duvidas-sobre-o-produto\/?product=agc_finesilica\" class=\"btn btn-primary\">\r\n          <span>D\u00favidas sobre o Produto<\/span>\r\n        <\/a>\r\n\r\n        <a href=\"\/pt-br\/contate-nos\/sample-request\/?product=agc_finesilica\" class=\"btn btn-secondary\">\r\n          <span>Pedido de Amostra<\/span>\r\n        <\/a>\r\n\r\n            \r\n    <\/div>\r\n\r\n  <\/div>\r\n\r\n<\/div><\/div><\/div><\/div><\/div><\/div><\/div><\/div><\/div><\/div><\/div><\/div><\/div><\/div><\/div><\/div><div id=\"pg-13231-1\"  class=\"panel-grid panel-has-style\" ><div class=\"inner_page_sub_navigation siteorigin-panels-stretch panel-row-style panel-row-style-for-13231-1\" data-stretch-type=\"full-width-stretch\" ><div id=\"pgc-13231-1-0\"  class=\"panel-grid-cell\" ><div id=\"panel-13231-1-0-0\" class=\"so-panel widget widget_siteorigin-panels-builder panel-first-child panel-last-child\" data-index=\"2\" ><div class=\"container  panel-widget-style panel-widget-style-for-13231-1-0-0\" ><div id=\"pl-w66fea26a8558e\"  class=\"panel-layout\" ><div id=\"pg-w66fea26a8558e-0\"  class=\"panel-grid panel-no-style\" ><div id=\"pgc-w66fea26a8558e-0-0\"  class=\"panel-grid-cell\" ><div id=\"panel-w66fea26a8558e-0-0-0\" class=\"widget_text so-panel widget widget_custom_html panel-first-child panel-last-child\" data-index=\"0\" ><div class=\"textwidget custom-html-widget\"><ul>\r\n\t<li>Explore:<\/li>\r\n\t<li><a href=\"#overview\">Vis\u00e3o geral<\/a><\/li>\t\r\n\t<li><a href=\"#features\">Caracter\u00edsticas<\/a><\/li>\r\n\t<li><a href=\"#aplica%c3%a7%c3%b5es\">Aplica\u00e7\u00f5es<\/a><\/li>\r\n\t<li><a href=\"#fispq\">FISPQ<\/a><\/li>\r\n\t<li><a href=\"#documentos-t%c3%a9cnicos\">Documentos t\u00e9cnicos<\/a><\/li>\r\n<\/ul><\/div><\/div><\/div><\/div><\/div><\/div><\/div><\/div><\/div><\/div><div id=\"pg-13231-2\"  class=\"panel-grid panel-has-style\" ><div class=\"two_column_with_blue_lines siteorigin-panels-stretch panel-row-style panel-row-style-for-13231-2\" id=\"overview\" data-stretch-type=\"full-width-stretch\" ><div id=\"pgc-13231-2-0\"  class=\"panel-grid-cell\" ><div id=\"panel-13231-2-0-0\" class=\"so-panel widget widget_siteorigin-panels-builder panel-first-child panel-last-child\" data-index=\"3\" ><div class=\"container  panel-widget-style panel-widget-style-for-13231-2-0-0\" ><div id=\"pl-w66fea26a85721\"  class=\"panel-layout\" ><div id=\"pg-w66fea26a85721-0\"  class=\"panel-grid panel-has-style\" ><div class=\"col-12 col-md-10 m-auto panel-row-style panel-row-style-for-w66fea26a85721-0\" ><div id=\"pgc-w66fea26a85721-0-0\"  class=\"panel-grid-cell\" ><div id=\"panel-w66fea26a85721-0-0-0\" class=\"so-panel widget widget_sow-image panel-first-child\" data-index=\"0\" ><div class=\"panel-widget-style panel-widget-style-for-w66fea26a85721-0-0-0\" ><div\n\t\t\t\n\t\t\tclass=\"so-widget-sow-image so-widget-sow-image-default-8b5b6f678277\"\n\t\t\t\n\t\t>\n<div class=\"sow-image-container\">\n\t\t<img \n\tsrc=\"https:\/\/www.agcchem.com\/wp-content\/uploads\/2024\/05\/resifa-ms-gel-lgo-clear.png\" width=\"600\" height=\"228\" srcset=\"https:\/\/www.agcchem.com\/wp-content\/uploads\/2024\/05\/resifa-ms-gel-lgo-clear.png 600w, https:\/\/www.agcchem.com\/wp-content\/uploads\/2024\/05\/resifa-ms-gel-lgo-clear-300x114.png 300w\" sizes=\"(max-width: 600px) 100vw, 600px\" alt=\"\" \t\tclass=\"so-widget-image\"\/>\n\t<\/div>\n\n<\/div><\/div><\/div><div id=\"panel-w66fea26a85721-0-0-1\" class=\"so-panel widget widget_sow-headline panel-last-child\" data-index=\"1\" ><div\n\t\t\t\n\t\t\tclass=\"so-widget-sow-headline so-widget-sow-headline-default-2d3a2cf15379\"\n\t\t\t\n\t\t><div class=\"sow-headline-container \">\n\t\t\t\t\t\t\t<h4 class=\"sow-headline\">\n\t\t\t\t\t\tPart\u00edculas finas de s\u00edlica gel microesf\u00e9ricas permitem maior capacidade de carga\t\t\t\t\t\t<\/h4>\n\t\t\t\t\t\t<\/div>\n<\/div><\/div><\/div><div id=\"pgc-w66fea26a85721-0-1\"  class=\"panel-grid-cell\" ><div id=\"panel-w66fea26a85721-0-1-0\" class=\"so-panel widget widget_sow-editor panel-first-child panel-last-child\" data-index=\"2\" ><div class=\"text-black panel-widget-style panel-widget-style-for-w66fea26a85721-0-1-0\" ><div\n\t\t\t\n\t\t\tclass=\"so-widget-sow-editor so-widget-sow-editor-base\"\n\t\t\t\n\t\t>\n<div class=\"siteorigin-widget-tinymce textwidget\">\n\t<p>As classes M.S.GEL\u2122 s\u00e3o g\u00e9is de s\u00edlica microesf\u00e9ricos altamente puros. A forma perfeitamente esf\u00e9rica das part\u00edculas M.S.GEL permite maior capacidade de carga com menor contrapress\u00e3o da coluna, proporcionando boa separa\u00e7\u00e3o. A s\u00edlica M.S.GEL \u00e9 comumente usada em aplica\u00e7\u00f5es de HPLC e est\u00e1 dispon\u00edvel em tamanhos de part\u00edcula que variam de 1,6 a 300 \u00b5m e tamanhos de poro de 60 a 1500 \u00c5.<\/p>\n<\/div>\n<\/div><\/div><\/div><\/div><\/div><\/div><\/div><\/div><\/div><\/div><\/div><\/div><div id=\"pg-13231-3\"  class=\"panel-grid panel-has-style\" ><div id=\"features\" class=\"panel-row-style panel-row-style-for-13231-3\" ><div id=\"pgc-13231-3-0\"  class=\"panel-grid-cell\" ><div id=\"panel-13231-3-0-1\" class=\"so-panel widget widget_sow-editor panel-last-child\" data-index=\"5\" ><div class=\"text-black panel-widget-style panel-widget-style-for-13231-3-0-1\" ><div\n\t\t\t\n\t\t\tclass=\"so-widget-sow-editor so-widget-sow-editor-base\"\n\t\t\t\n\t\t>\n<div class=\"siteorigin-widget-tinymce textwidget\">\n\t<p>Os processos propriet\u00e1rios da AGC produzem g\u00e9is de s\u00edlica com distribui\u00e7\u00e3o estreita de tamanho de part\u00edcula e os tamanhos de poro s\u00e3o muito uniformes em todas as part\u00edculas. A ampla gama de tamanhos de part\u00edculas e poros de M.S.GEL oferece muitas solu\u00e7\u00f5es para uma variedade de necessidades, incluindo Cromatografia Flash, Ultra HPLC e Cromatografia de Exclus\u00e3o de Tamanho usada em equipamentos de HPLC. As classes M.S.GEL de poros largos e graus sub 5 \u00b5m s\u00e3o usados \u200b\u200bpara purificar ou separar mol\u00e9culas grandes, como pol\u00edmeros, biopol\u00edmeros, anticorpos, oligossacar\u00eddeos, polissacar\u00eddeos e prote\u00ednas.<\/p>\n<p>S\u00edlica ligada quimicamente tamb\u00e9m est\u00e1 dispon\u00edvel. M.S.GEL pode ser ligado com C18, C8, C4, Fenil, NH<sub>2<\/sub>, SP, CM, Ep\u00f3xi e Diol. A AGC pode ajud\u00e1-lo a encontrar a melhor combina\u00e7\u00e3o de part\u00edculas para suas necessidades de purifica\u00e7\u00e3o\/separa\u00e7\u00e3o.<\/p>\n<p>&nbsp;<\/p>\n<\/div>\n<\/div><\/div><\/div><\/div><div id=\"pgc-13231-3-1\"  class=\"panel-grid-cell\" ><div id=\"panel-13231-3-1-0\" class=\"so-panel widget widget_sow-image panel-first-child\" data-index=\"6\" ><div class=\"has-line-skyblue-left-middle panel-widget-style panel-widget-style-for-13231-3-1-0\" ><div\n\t\t\t\n\t\t\tclass=\"so-widget-sow-image so-widget-sow-image-default-334eeca80698-13231\"\n\t\t\t\n\t\t>\n<div class=\"sow-image-container\">\n\t\t<img \n\tsrc=\"https:\/\/www.agcchem.com\/wp-content\/uploads\/2024\/05\/resifa-msgel-lrg-img.png\" width=\"998\" height=\"552\" srcset=\"https:\/\/www.agcchem.com\/wp-content\/uploads\/2024\/05\/resifa-msgel-lrg-img.png 998w, https:\/\/www.agcchem.com\/wp-content\/uploads\/2024\/05\/resifa-msgel-lrg-img-300x166.png 300w, https:\/\/www.agcchem.com\/wp-content\/uploads\/2024\/05\/resifa-msgel-lrg-img-768x425.png 768w\" sizes=\"(max-width: 998px) 100vw, 998px\" alt=\"\" \t\tclass=\"so-widget-image\"\/>\n\t<\/div>\n\n<\/div><\/div><\/div><div id=\"panel-13231-3-1-1\" class=\"so-panel widget widget_sow-image panel-last-child\" data-index=\"7\" ><div class=\"image_white_border panel-widget-style panel-widget-style-for-13231-3-1-1\" ><div\n\t\t\t\n\t\t\tclass=\"so-widget-sow-image so-widget-sow-image-default-b4513c7b55bb-13231\"\n\t\t\t\n\t\t>\n<div class=\"sow-image-container\">\n\t\t<img \n\tsrc=\"https:\/\/www.agcchem.com\/wp-content\/uploads\/2024\/05\/resifa-msgel-sm-img.png\" width=\"202\" height=\"146\" sizes=\"(max-width: 202px) 100vw, 202px\" alt=\"Part\u00edculas finas de gel de s\u00edlica.\" \t\tclass=\"so-widget-image\"\/>\n\t<\/div>\n\n<\/div><\/div><\/div><\/div><\/div><\/div><div id=\"pg-13231-4\"  class=\"panel-grid panel-has-style\" ><div class=\"markets_section panel-row-style panel-row-style-for-13231-4\" ><div id=\"pgc-13231-4-0\"  class=\"panel-grid-cell\" ><div id=\"panel-13231-4-0-0\" class=\"so-panel widget widget_sow-editor panel-first-child panel-last-child\" data-index=\"8\" ><div\n\t\t\t\n\t\t\tclass=\"so-widget-sow-editor so-widget-sow-editor-base\"\n\t\t\t\n\t\t>\n<div class=\"siteorigin-widget-tinymce textwidget\">\n\t\r\n\t\r\n\t\t<section id=\"\" class=\"markets_section\">\r\n\t\t\t<div id=\"markets-block\" class=\"col-md-9 m-auto col-12\">\r\n\t\t\t\t<h2 class=\"text-center\">Markets<\/h2>\r\n\r\n\t\t\t\t<div class=\"row justify-content-center\">\r\n\t\t\t\t\t\r\n\t\t\t\t\t\r\n\t\t\t\t\t\t<div class=\"col-4 col \">\r\n\t\t\t\t\t\t\t\r\n\t\t\t\t\t\t\t<div class=\"markets text-center\">\r\n\t\t\t\t\t\t\t\t\r\n\t\t\t\t\t\t\t\t\r\n\t\t\t\t\t\t\t\t\t<a href=\"https:\/\/www.agcchem.com\/pt-br\/life-sciences\/\">\r\n\t\t\t\t\t\t\t\t\t\t<img loading=\"lazy\" decoding=\"async\" width=\"122\" height=\"113\" src=\"https:\/\/www.agcchem.com\/wp-content\/uploads\/2024\/04\/AGC_Molecule_Icon.png\" class=\"attachment-post-thumbnail size-post-thumbnail wp-post-image\" alt=\"\" \/>\t\t\t\t\t\t\t\t\t<\/a>\r\n\r\n\t\t\t\t\t\t\t\t\r\n\t\t\t\t\t\t\t\t<h3 class=\"widget-title\">\r\n\t\t\t\t\t\t\t\t\t<a href=\"https:\/\/www.agcchem.com\/pt-br\/life-sciences\/\">\r\n\t\t\t\t\t\t\t\t\t\tLife Sciences\t\t\t\t\t\t\t\t\t<\/a>\r\n\t\t\t\t\t\t\t\t<\/h3>\r\n\r\n\t\t\t\t\t\t\t<\/div>\r\n\t\t\t\t\t\t\r\n\t\t\t\t\t\t<\/div>\r\n\r\n\t\t\t\t\t\r\n\t\t\t\t<\/div>\t\t\t\t\r\n\t\t\t<\/div>\r\n\r\n\t\t<\/section>\r\n\r\n\t\r\n  \n<\/div>\n<\/div><\/div><\/div><\/div><\/div><div id=\"pg-13231-5\"  class=\"panel-grid panel-has-style\" ><div class=\"clip_path_top_left_down bottom_gear_top_white_lines siteorigin-panels-stretch panel-row-style panel-row-style-for-13231-5\" data-stretch-type=\"full-width-stretch\" ><div id=\"pgc-13231-5-0\"  class=\"panel-grid-cell\" ><div id=\"panel-13231-5-0-0\" class=\"so-panel widget widget_siteorigin-panels-builder panel-first-child panel-last-child\" data-index=\"9\" ><div class=\"product_tab_section panel-widget-style panel-widget-style-for-13231-5-0-0\" ><div id=\"pl-w66fea26a873fd\"  class=\"panel-layout\" ><div id=\"pg-w66fea26a873fd-0\"  class=\"panel-grid panel-has-style\" ><div class=\" col-md-9 m-auto col-12 panel-row-style panel-row-style-for-w66fea26a873fd-0\" ><div id=\"pgc-w66fea26a873fd-0-0\"  class=\"panel-grid-cell\" ><div id=\"panel-w66fea26a873fd-0-0-0\" class=\"so-panel widget widget_sow-tabs panel-first-child panel-last-child\" data-index=\"0\" ><div\n\t\t\t\n\t\t\tclass=\"so-widget-sow-tabs so-widget-sow-tabs-default-aaee25de5bd8\"\n\t\t\t\n\t\t><div class=\"sow-tabs\">\n\t<div class=\"sow-tabs-tab-container\" role=\"tablist\">\n\t\t\t<div\n\t\t\tclass=\"sow-tabs-tab\n\t\t\t sow-tabs-tab-selected\t\t\t\"\n\t\t\trole=\"tab\"\n\t\t\tdata-anchor-id=\"caracteristicas\"\n\t\t\taria-selected=\"true\"\n\t\t\ttabindex=\"0\"\n\t\t>\n\t\t\t<div class=\"sow-tabs-title sow-tabs-title-icon-left\">\n\t\t\t\t\t\t\t\tCaracter\u00edsticas\t\t\t\t\t\t\t<\/div>\n\t\t<\/div>\n\t\t\t<div\n\t\t\tclass=\"sow-tabs-tab\n\t\t\t\t\t\t\"\n\t\t\trole=\"tab\"\n\t\t\tdata-anchor-id=\"aplicacoes\"\n\t\t\taria-selected=\"false\"\n\t\t\ttabindex=\"0\"\n\t\t>\n\t\t\t<div class=\"sow-tabs-title sow-tabs-title-icon-left\">\n\t\t\t\t\t\t\t\tAplica\u00e7\u00f5es\t\t\t\t\t\t\t<\/div>\n\t\t<\/div>\n\t\t\t<div\n\t\t\tclass=\"sow-tabs-tab\n\t\t\t\t\t\t\"\n\t\t\trole=\"tab\"\n\t\t\tdata-anchor-id=\"fispq\"\n\t\t\taria-selected=\"false\"\n\t\t\ttabindex=\"0\"\n\t\t>\n\t\t\t<div class=\"sow-tabs-title sow-tabs-title-icon-left\">\n\t\t\t\t\t\t\t\tFISPQ\t\t\t\t\t\t\t<\/div>\n\t\t<\/div>\n\t\t\t<div\n\t\t\tclass=\"sow-tabs-tab\n\t\t\t\t\t\t\"\n\t\t\trole=\"tab\"\n\t\t\tdata-anchor-id=\"documentos-tecnicos\"\n\t\t\taria-selected=\"false\"\n\t\t\ttabindex=\"0\"\n\t\t>\n\t\t\t<div class=\"sow-tabs-title sow-tabs-title-icon-left\">\n\t\t\t\t\t\t\t\tDocumentos t\u00e9cnicos\t\t\t\t\t\t\t<\/div>\n\t\t<\/div>\n\t\t\t<div\n\t\t\tclass=\"sow-tabs-tab\n\t\t\t\t\t\t\"\n\t\t\trole=\"tab\"\n\t\t\tdata-anchor-id=\"conecte-se-com-o-agc\"\n\t\t\taria-selected=\"false\"\n\t\t\ttabindex=\"0\"\n\t\t>\n\t\t\t<div class=\"sow-tabs-title sow-tabs-title-icon-left\">\n\t\t\t\t\t\t\t\tConecte-se com o AGC\t\t\t\t\t\t\t<\/div>\n\t\t<\/div>\n\t\t<\/div>\n\n\t<div class=\"sow-tabs-panel-container\">\n\t\t\t<div class=\"sow-tabs-panel\">\n\t\t\t<div\n\t\t\t\tclass=\"sow-tabs-panel-content\"\n\t\t\t\trole=\"tabpanel\"\n\t\t\t\taria-hidden=\"false\"\n\t\t\t>\n\t\t\t\t<ul>\n<li>Part\u00edculas: 1.6 - 200 \u03bcm<\/li>\n<li>Superf\u00edcie espec\u00edfica: 30 - 900 m2\/g, tamanho dos poros (4 - 200 nm)<\/li>\n<li>Tamanho dos poros: 60-1500 \u00c5<\/li>\n<li>Part\u00edculas finas esf\u00e9ricas, totalmente porosas, livres de cavidades e rachaduras<\/li>\n<li>Pacotes em forma compacta<\/li>\n<li>Baixa contrapress\u00e3o e bom desempenho de separa\u00e7\u00e3o<\/li>\n<\/ul>\n\t\t\t<\/div>\n\t\t<\/div>\n\t\t\t<div class=\"sow-tabs-panel\">\n\t\t\t<div\n\t\t\t\tclass=\"sow-tabs-panel-content\"\n\t\t\t\trole=\"tabpanel\"\n\t\t\t\taria-hidden=\"true\"\n\t\t\t>\n\t\t\t\t<ul>\n<li>Componente chave em embalagens de HPLC (Cromatografia L\u00edquida de Alto Desempenho)<\/li>\n<li>Cromatografia Anal\u00edtica, Preparativa e de Processo<\/li>\n<li>S\u00edlica MS GEL de tamanho de part\u00edcula estreito para Cromatografia de Exclus\u00e3o de Tamanho (SEC) para minimizar a contrapress\u00e3o e fornecer alta resolu\u00e7\u00e3o<\/li>\n<li>Cromatografia Flash<\/li>\n<li>Meios de separa\u00e7\u00e3o para prote\u00ednas, pept\u00eddeos e APIs (Ingredientes Farmac\u00eauticos Ativos)<\/li>\n<li>Absor\u00e7\u00e3o e remo\u00e7\u00e3o de compostos ionizados de solventes org\u00e2nicos<\/li>\n<li>Medicamento intermedi\u00e1rio<\/li>\n<\/ul>\n\t\t\t<\/div>\n\t\t<\/div>\n\t\t\t<div class=\"sow-tabs-panel\">\n\t\t\t<div\n\t\t\t\tclass=\"sow-tabs-panel-content\"\n\t\t\t\trole=\"tabpanel\"\n\t\t\t\taria-hidden=\"true\"\n\t\t\t>\n\t\t\t\t<p>Pressione\u00a0<a href=\"https:\/\/stg-agcchemicals-staging2024.kinsta.cloud\/pt-br\/contate-nos\/pedido-fispq\/\" rel=\"noopener\">aqui<\/a>\u00a0para requisitar a FISPQ ou ficha de seguran\u00e7a deste produto.<\/p>\n\t\t\t<\/div>\n\t\t<\/div>\n\t\t\t<div class=\"sow-tabs-panel\">\n\t\t\t<div\n\t\t\t\tclass=\"sow-tabs-panel-content\"\n\t\t\t\trole=\"tabpanel\"\n\t\t\t\taria-hidden=\"true\"\n\t\t\t>\n\t\t\t\t<p><a href=\"https:\/\/agcdocsbackend.webapp.uixel.com\/PDFEngine\/RenderJobNewFromAPI.aspx?Id_Version=419&amp;Response=File\" rel=\"noopener\">RESIFA\u2122 SOLESPHERE\u2122 H-Series<\/a><\/p>\n<p><a href=\"https:\/\/agcdocsbackend.webapp.uixel.com\/PDFEngine\/RenderJobNewFromAPI.aspx?Id_Version=420&amp;Response=File\" rel=\"noopener\">RESIFA\u2122 SOLESPHERE\u2122 L-Series<\/a><\/p>\n<p><a href=\"https:\/\/agcdocsbackend.webapp.uixel.com\/PDFEngine\/RenderJobNewFromAPI.aspx?Id_Version=421&amp;Response=File\" rel=\"noopener\">RESIFA\u2122 SOLESPHERE\u2122 NP-Series<\/a><\/p>\n<p><a href=\"https:\/\/agcdocsbackend.webapp.uixel.com\/PDFEngine\/RenderJobNewFromAPI.aspx?Id_Version=567&amp;Response=File\" rel=\"noopener\">RESIFA\u2122 M.S.GEL\u2122 FC-Series Product Information<\/a><\/p>\n<p><a href=\"https:\/\/agcdocsbackend.webapp.uixel.com\/PDFEngine\/RenderJobNewFromAPI.aspx?Id_Version=596&amp;Response=File\" rel=\"noopener\">RESIFA\u2122 M.S.GEL\u2122 Silica Packing Material for SEC<\/a><\/p>\n\t\t\t<\/div>\n\t\t<\/div>\n\t\t\t<div class=\"sow-tabs-panel\">\n\t\t\t<div\n\t\t\t\tclass=\"sow-tabs-panel-content\"\n\t\t\t\trole=\"tabpanel\"\n\t\t\t\taria-hidden=\"true\"\n\t\t\t>\n\t\t\t\t<h2 class=\"widgettitle\">Conecte-se com o AGC<\/h2>\n<div class=\"textwidget custom-html-widget\">\n<div>\n<p class=\"card-title\"><strong>Clientes &amp; D\u00favidas Sobre Produtos:<\/strong><\/p>\n<p class=\"card-text\">+55-11 99673-9340<\/p>\n<p class=\"card-title\"><strong>Todas outras d\u00favidas:<\/strong><\/p>\n<p class=\"card-text\">+55-12 3127-7154<\/p>\n<\/div>\n<\/div>\n\t\t\t<\/div>\n\t\t<\/div>\n\t\t<\/div>\n<\/div>\n<\/div><\/div><\/div><\/div><\/div><\/div><\/div><\/div><\/div><\/div><\/div><div id=\"pg-13231-7\"  class=\"panel-grid panel-has-style\" ><div class=\"blue_overlay siteorigin-panels-stretch panel-row-style panel-row-style-for-13231-7\" data-stretch-type=\"full-width-stretch\" ><div id=\"pgc-13231-7-0\"  class=\"panel-grid-cell\" ><div id=\"panel-13231-7-0-0\" class=\"so-panel widget widget_siteorigin-panels-builder panel-first-child panel-last-child\" data-index=\"12\" ><div class=\"container panel-widget-style panel-widget-style-for-13231-7-0-0\" ><div id=\"pl-w66fea26a87913\"  class=\"panel-layout\" ><div id=\"pg-w66fea26a87913-0\"  class=\"panel-grid panel-has-style\" ><div class=\"col-12 col-md-6 m-auto position-relative panel-row-style panel-row-style-for-w66fea26a87913-0\" ><div id=\"pgc-w66fea26a87913-0-0\"  class=\"panel-grid-cell\" ><div id=\"panel-w66fea26a87913-0-0-0\" class=\"so-panel widget widget_sow-headline panel-first-child\" data-index=\"0\" ><div class=\"fw-bold panel-widget-style panel-widget-style-for-w66fea26a87913-0-0-0\" ><div\n\t\t\t\n\t\t\tclass=\"so-widget-sow-headline so-widget-sow-headline-default-87547e56f06d\"\n\t\t\t\n\t\t><div class=\"sow-headline-container \">\n\t\t\t\t\t\t\t<h2 class=\"sow-headline\">\n\t\t\t\t\t\tEntre em contato com nossos especialistas em fluoropol\u00edmeros para discutir suas necessidades espec\u00edficas.\t\t\t\t\t\t<\/h2>\n\t\t\t\t\t\t<\/div>\n<\/div><\/div><\/div><div id=\"panel-w66fea26a87913-0-0-1\" class=\"so-panel widget widget_sow-button panel-last-child\" data-index=\"1\" ><div\n\t\t\t\n\t\t\tclass=\"so-widget-sow-button so-widget-sow-button-flat-f949060a8f32\"\n\t\t\t\n\t\t><div class=\"ow-button-base ow-button-align-center\"\n>\n\t\t\t<a href=\"https:\/\/www.agcchem.com\/contact-us\/product-inquiry\/\" class=\"btn sowb-button ow-icon-placement-left ow-button-hover\">\n\t\t<span>\n\t\t\t\n\t\t\tConsulta de produto\t\t<\/span>\n\t\t\t<\/a>\n\t<\/div>\n<\/div><\/div><\/div><\/div><\/div><\/div><\/div><\/div><\/div><\/div><\/div><\/div>","protected":false},"excerpt":{"rendered":"<p>HomeBlog Gel de S\u00edlica Fina para Cromatografia M.S.GEL\u2122 Essas part\u00edculas permitem maior capacidade de carga com menor contrapress\u00e3o na coluna, ao mesmo tempo em que proporcionam boa separa\u00e7\u00e3o. D\u00favidas sobre o Produto Pedido de Amostra Explore: Vis\u00e3o geral Caracter\u00edsticas Aplica\u00e7\u00f5es&#8230;<\/p>\n","protected":false},"author":12,"featured_media":30129,"parent":27471,"menu_order":7,"comment_status":"closed","ping_status":"closed","template":"page-template\/product-template.php","meta":{"_acf_changed":false,"inline_featured_image":false,"footnotes":""},"class_list":["post-13231","page","type-page","status-publish","has-post-thumbnail","hentry"],"acf":[],"_links":{"self":[{"href":"https:\/\/www.agcchem.com\/pt-br\/wp-json\/wp\/v2\/pages\/13231","targetHints":{"allow":["GET"]}}],"collection":[{"href":"https:\/\/www.agcchem.com\/pt-br\/wp-json\/wp\/v2\/pages"}],"about":[{"href":"https:\/\/www.agcchem.com\/pt-br\/wp-json\/wp\/v2\/types\/page"}],"author":[{"embeddable":true,"href":"https:\/\/www.agcchem.com\/pt-br\/wp-json\/wp\/v2\/users\/12"}],"replies":[{"embeddable":true,"href":"https:\/\/www.agcchem.com\/pt-br\/wp-json\/wp\/v2\/comments?post=13231"}],"version-history":[{"count":0,"href":"https:\/\/www.agcchem.com\/pt-br\/wp-json\/wp\/v2\/pages\/13231\/revisions"}],"up":[{"embeddable":true,"href":"https:\/\/www.agcchem.com\/pt-br\/wp-json\/wp\/v2\/pages\/27471"}],"wp:featuredmedia":[{"embeddable":true,"href":"https:\/\/www.agcchem.com\/pt-br\/wp-json\/wp\/v2\/media\/30129"}],"wp:attachment":[{"href":"https:\/\/www.agcchem.com\/pt-br\/wp-json\/wp\/v2\/media?parent=13231"}],"curies":[{"name":"wp","href":"https:\/\/api.w.org\/{rel}","templated":true}]}}