{"id":18485,"date":"2022-07-26T12:34:43","date_gmt":"2022-07-26T12:34:43","guid":{"rendered":"https:\/\/www.agcchem.com\/?page_id=18485"},"modified":"2024-05-26T06:27:32","modified_gmt":"2024-05-26T06:27:32","slug":"about-us-pt-es","status":"publish","type":"page","link":"https:\/\/www.agcchem.com\/pt-br\/about-us-pt-es\/","title":{"rendered":"Sobre AGC Chemicals Americas, Inc."},"content":{"rendered":"<div id=\"pl-18485\"  class=\"panel-layout\" ><div id=\"pg-18485-0\"  class=\"panel-grid panel-has-style\" ><div class=\"panel-row-style panel-row-style-for-18485-0\" ><div id=\"pgc-18485-0-0\"  class=\"panel-grid-cell\" ><div id=\"panel-18485-0-0-0\" class=\"so-panel widget widget_sow-headline panel-first-child\" data-index=\"0\" ><div class=\"page-title panel-widget-style panel-widget-style-for-18485-0-0-0\" ><div\n\t\t\t\n\t\t\tclass=\"so-widget-sow-headline so-widget-sow-headline-default-e2369890fa29-18485\"\n\t\t\t\n\t\t><div class=\"sow-headline-container \">\n\t\t\t\t\t\t\t<h1 class=\"sow-headline\">\n\t\t\t\t\t\tSobre a AGC Chemicals Americas, Inc.\t\t\t\t\t\t<\/h1>\n\t\t\t\t\t\t<\/div>\n<\/div><\/div><\/div><div id=\"panel-18485-0-0-1\" class=\"so-panel widget widget_text panel-last-child\" data-index=\"1\" >\t\t\t<div class=\"textwidget\"><p>A AGC Chemicals Americas \u00e9 uma subsidi\u00e1ria integral da AGC Inc., uma corpora\u00e7\u00e3o multinacional com faturamento de 14,2 bilh\u00f5es de d\u00f3lares, e uma das maiores produtoras de vidros planos, displays eletr\u00f4nicos e produtos qu\u00edmicos do mundo. Nossa empresa foi formada em 2004 atrav\u00e9s da fus\u00e3o das empresas irm\u00e3s Asahi Glass Fluoropolymers USA e AGA Chemicals.<\/p>\n<p>Nossa empresa fabrica, comercializa e vende fluoroprodutos incluindo as resinas fluoropolim\u00e9ricas Fluon\u00ae, materiais e compostos fluorados aprimorados Fluon+\u2122 e fluoroelastomeros AFLAS\u00ae. N\u00f3s tamb\u00e9m comercializamos e vendemos produtos qu\u00edmicos especiais, incluindo os solventes fluorados AsahiKlin, resinas LUMIFLON\u00ae FEVE, repelentes de \u00e1gua e \u00f3leo AsahiGuard E-SERIES, aditivos de S\u00edlica Fina Solesphere<sup>TM<\/sup>, poli\u00f3is para poliuretanos, fluorpol\u00edmeros amorfos Cytop\u2122, e v\u00e1rios intermedi\u00e1rios fluorados para as ind\u00fastrias farmac\u00eauticas e agr\u00edcolas. Materiais especiais por n\u00f3s oferecidos s\u00e3o as membranas de troca i\u00f4nica Forblue\u2122, filmes de ETFE e estufas agron\u00f4micas F-Clean\u00ae que completam a nossa ampla gama de produtos oferecidos para v\u00e1rios mercados e aplica\u00e7\u00f5es.<\/p>\n<\/div>\n\t\t<\/div><\/div><div id=\"pgc-18485-0-1\"  class=\"panel-grid-cell\" ><div id=\"panel-18485-0-1-0\" class=\"so-panel widget widget_sow-image panel-first-child panel-last-child\" data-index=\"2\" ><div class=\"animate-69cffe4515e18754143469 panels-animation-hide panel-widget-style panel-widget-style-for-18485-0-1-0\" data-so-animation=\"{&quot;selector&quot;:&quot;.animate-69cffe4515e18754143469&quot;,&quot;animation&quot;:&quot;fadeIn&quot;,&quot;breakpoint&quot;:&quot;780px&quot;,&quot;duration&quot;:1,&quot;repeat&quot;:0,&quot;hide&quot;:1,&quot;disableAnimationMobile&quot;:0,&quot;finalState&quot;:&quot;visible&quot;,&quot;delay&quot;:0,&quot;debounce&quot;:0.1,&quot;event&quot;:&quot;enter&quot;,&quot;offset&quot;:0}\" ><div\n\t\t\t\n\t\t\tclass=\"so-widget-sow-image so-widget-sow-image-default-8b5b6f678277-18485\"\n\t\t\t\n\t\t>\n<div class=\"sow-image-container\">\n\t\t<img \n\tsrc=\"https:\/\/www.agcchem.com\/wp-content\/uploads\/2021\/04\/about-us-chemist-top-rgt.png\" width=\"600\" height=\"415\" srcset=\"https:\/\/www.agcchem.com\/wp-content\/uploads\/2021\/04\/about-us-chemist-top-rgt.png 600w, https:\/\/www.agcchem.com\/wp-content\/uploads\/2021\/04\/about-us-chemist-top-rgt-300x208.png 300w\" sizes=\"(max-width: 600px) 100vw, 600px\" alt=\"\" \t\tclass=\"so-widget-image\"\/>\n\t<\/div>\n\n<\/div><\/div><\/div><\/div><\/div><\/div><div id=\"pg-18485-1\"  class=\"panel-grid panel-has-style\" ><div class=\"siteorigin-panels-stretch panel-row-style panel-row-style-for-18485-1\" data-stretch-type=\"full\" ><div id=\"pgc-18485-1-0\"  class=\"panel-grid-cell\" ><div id=\"panel-18485-1-0-0\" class=\"so-panel widget widget_siteorigin-panels-builder panel-first-child panel-last-child\" data-index=\"3\" ><div class=\"panel-widget-style panel-widget-style-for-18485-1-0-0\" ><div id=\"pl-w62e01b8f17014\"  class=\"panel-layout\" ><div id=\"pg-w62e01b8f17014-0\"  class=\"panel-grid panel-has-style\" ><div class=\"siteorigin-panels-stretch panel-row-style panel-row-style-for-w62e01b8f17014-0\" data-stretch-type=\"full-stretched-padded\" ><div id=\"pgc-w62e01b8f17014-0-0\"  class=\"panel-grid-cell\" ><div id=\"panel-w62e01b8f17014-0-0-0\" class=\"widget_text so-panel widget widget_custom_html panel-first-child\" data-index=\"0\" ><div class=\"widget_text panel-widget-style panel-widget-style-for-w62e01b8f17014-0-0-0\" ><div class=\"textwidget custom-html-widget\"><strong>Vis\u00e3o Geral<\/strong><\/div><\/div><\/div><div id=\"panel-w62e01b8f17014-0-0-1\" class=\"so-panel widget widget_sow-editor panel-last-child\" data-index=\"1\" ><div class=\"video-container panel-widget-style panel-widget-style-for-w62e01b8f17014-0-0-1\" ><div\n\t\t\t\n\t\t\tclass=\"so-widget-sow-editor so-widget-sow-editor-base\"\n\t\t\t\n\t\t>\n<div class=\"siteorigin-widget-tinymce textwidget\">\n\t<p>https:\/\/youtu.be\/V-e9igQY-Ak<\/p>\n<\/div>\n<\/div><\/div><\/div><\/div><div id=\"pgc-w62e01b8f17014-0-1\"  class=\"panel-grid-cell\" ><div id=\"panel-w62e01b8f17014-0-1-0\" class=\"widget_text so-panel widget widget_custom_html panel-first-child\" data-index=\"2\" ><div class=\"widget_text panel-widget-style panel-widget-style-for-w62e01b8f17014-0-1-0\" ><div class=\"textwidget custom-html-widget\"><strong>Produtos<\/strong><\/div><\/div><\/div><div id=\"panel-w62e01b8f17014-0-1-1\" class=\"so-panel widget widget_sow-editor panel-last-child\" data-index=\"3\" ><div class=\"video-container panel-widget-style panel-widget-style-for-w62e01b8f17014-0-1-1\" ><div\n\t\t\t\n\t\t\tclass=\"so-widget-sow-editor so-widget-sow-editor-base\"\n\t\t\t\n\t\t>\n<div class=\"siteorigin-widget-tinymce textwidget\">\n\t<p><iframe loading=\"lazy\" title=\"AGCCA  Products Overview with subtitles\" width=\"500\" height=\"281\" src=\"https:\/\/www.youtube.com\/embed\/PPvsS59QACI?feature=oembed\" frameborder=\"0\" allow=\"accelerometer; autoplay; clipboard-write; encrypted-media; gyroscope; picture-in-picture; web-share\" referrerpolicy=\"strict-origin-when-cross-origin\" allowfullscreen><\/iframe><\/p>\n<\/div>\n<\/div><\/div><\/div><\/div><div id=\"pgc-w62e01b8f17014-0-2\"  class=\"panel-grid-cell\" ><div id=\"panel-w62e01b8f17014-0-2-0\" class=\"widget_text so-panel widget widget_custom_html panel-first-child\" data-index=\"4\" ><div class=\"widget_text panel-widget-style panel-widget-style-for-w62e01b8f17014-0-2-0\" ><div class=\"textwidget custom-html-widget\"><strong>Materiais<\/strong><\/div><\/div><\/div><div id=\"panel-w62e01b8f17014-0-2-1\" class=\"so-panel widget widget_sow-editor panel-last-child\" data-index=\"5\" ><div class=\"video-container panel-widget-style panel-widget-style-for-w62e01b8f17014-0-2-1\" ><div\n\t\t\t\n\t\t\tclass=\"so-widget-sow-editor so-widget-sow-editor-base\"\n\t\t\t\n\t\t>\n<div class=\"siteorigin-widget-tinymce textwidget\">\n\t<p><iframe loading=\"lazy\" title=\"AGCCA  Materials Technology overview with subtitles\" width=\"500\" height=\"281\" src=\"https:\/\/www.youtube.com\/embed\/vf3wCVBCmXw?feature=oembed\" frameborder=\"0\" allow=\"accelerometer; autoplay; clipboard-write; encrypted-media; gyroscope; picture-in-picture; web-share\" referrerpolicy=\"strict-origin-when-cross-origin\" allowfullscreen><\/iframe><\/p>\n<\/div>\n<\/div><\/div><\/div><\/div><\/div><\/div><\/div><\/div><\/div><\/div><\/div><\/div><div id=\"pg-18485-2\"  class=\"panel-grid panel-has-style\" ><div class=\"panel-row-style panel-row-style-for-18485-2\" ><div id=\"pgc-18485-2-0\"  class=\"panel-grid-cell\" ><div id=\"panel-18485-2-0-0\" class=\"so-panel widget widget_sow-headline panel-first-child\" data-index=\"4\" ><div class=\"page-title panel-widget-style panel-widget-style-for-18485-2-0-0\" ><div\n\t\t\t\n\t\t\tclass=\"so-widget-sow-headline so-widget-sow-headline-default-89a8c6855087-18485\"\n\t\t\t\n\t\t><div class=\"sow-headline-container \">\n\t\t\t\t\t\t\t<h2 class=\"sow-headline\">\n\t\t\t\t\t\tQu\u00edmica \u00e0 base de fluoropol\u00edmeros \u00e9 nossa especialidade\t\t\t\t\t\t<\/h2>\n\t\t\t\t\t\t<\/div>\n<\/div><\/div><\/div><div id=\"panel-18485-2-0-1\" class=\"so-panel widget widget_text panel-last-child\" data-index=\"5\" >\t\t\t<div class=\"textwidget\"><p>Sediada em Exton, PA, incluindo um centro tecnol\u00f3gico de \u00faltima gera\u00e7\u00e3o, a AGCCA possui opera\u00e7\u00f5es de manufatura pr\u00f3ximas a Thorndale, PA., uma equipe de vendas em S\u00e3o Paulo, Brasil, al\u00e9m de armaz\u00e9ns de distribui\u00e7\u00e3o e distribuidores em toda a Am\u00e9rica do Norte.<\/p>\n<p>Saiba mais<\/p>\n<\/div>\n\t\t<\/div><\/div><div id=\"pgc-18485-2-1\"  class=\"panel-grid-cell\" ><div id=\"panel-18485-2-1-0\" class=\"so-panel widget widget_media_video panel-first-child panel-last-child\" data-index=\"6\" ><h3 class=\"widget-title\">Unidade de Fabrica\u00e7\u00e3o AGC<\/h3><div style=\"width:100%;\" class=\"wp-video\"><!--[if lt IE 9]><script>document.createElement('video');<\/script><![endif]-->\n<video class=\"wp-video-shortcode\" id=\"video-18485-1\" preload=\"metadata\" controls=\"controls\"><source type=\"video\/youtube\" src=\"https:\/\/youtu.be\/tRwKkWQW6BM?_=1\" \/><a href=\"https:\/\/youtu.be\/tRwKkWQW6BM\" rel=\"noopener\">https:\/\/youtu.be\/tRwKkWQW6BM<\/a><\/video><\/div><\/div><\/div><\/div><\/div><div id=\"pg-18485-3\"  class=\"panel-grid panel-no-style\" ><div id=\"pgc-18485-3-0\"  class=\"panel-grid-cell\" ><div id=\"panel-18485-3-0-0\" class=\"so-panel widget widget_sow-headline panel-first-child\" data-index=\"7\" ><div class=\"page-title panel-widget-style panel-widget-style-for-18485-3-0-0\" ><div\n\t\t\t\n\t\t\tclass=\"so-widget-sow-headline so-widget-sow-headline-default-89a8c6855087-18485\"\n\t\t\t\n\t\t><div class=\"sow-headline-container \">\n\t\t\t\t\t\t\t<h2 class=\"sow-headline\">\n\t\t\t\t\t\tMarcas de produtos AGC\t\t\t\t\t\t<\/h2>\n\t\t\t\t\t\t<\/div>\n<\/div><\/div><\/div><div id=\"panel-18485-3-0-1\" class=\"widget_text so-panel widget widget_custom_html panel-last-child\" data-index=\"8\" ><div class=\"widget_text about-logo-slider panel-widget-style panel-widget-style-for-18485-3-0-1\" ><div class=\"textwidget custom-html-widget\">\n\t\t<style>\n\t\t\t#wpls-logo-showcase-slider-1 .wpls-fix-box,\n\t\t\t#wpls-logo-showcase-slider-1 .wpls-fix-box img.wp-post-image{max-height:250px; }\n\t\t<\/style>\n\n\t\t<div class=\"wpls-wrap wpls-logo-showcase-slider-wrp wpls-logo-clearfix wpls-design-1 \" data-conf=\"{&quot;slides_column&quot;:4,&quot;slides_scroll&quot;:1,&quot;dots&quot;:&quot;true&quot;,&quot;arrows&quot;:&quot;true&quot;,&quot;autoplay&quot;:&quot;true&quot;,&quot;autoplay_interval&quot;:3000,&quot;loop&quot;:&quot;true&quot;,&quot;rtl&quot;:&quot;false&quot;,&quot;speed&quot;:800,&quot;center_mode&quot;:&quot;false&quot;,&quot;lazyload&quot;:&quot;&quot;}\">\n\t\t\t<div class=\"wpls-logo-showcase logo_showcase wpls-logo-slider  sliderimage_hide_border \" id=\"wpls-logo-showcase-slider-1\" >\n\t\t\t\t<div class=\"wpls-logo-cnt\">\n\t<div class=\"wpls-fix-box\">\n\t\t\t\t<a href=\"https:\/\/www.agcchem.com\/products\/fluoropolymer-resins\/fluoroelastomers\/\" target=\"_self\">\n\t\t\t<img decoding=\"async\" class=\"wp-post-image\"  src=\"https:\/\/www.agcchem.com\/wp-content\/uploads\/2020\/06\/aflas-lgo-brand2.png\" alt=\"\" \/>\n\t\t<\/a>\n\t\t\t<\/div>\n\t<\/div><div class=\"wpls-logo-cnt\">\n\t<div class=\"wpls-fix-box\">\n\t\t\t\t<a href=\"https:\/\/www.agcchem.com\/products\/fluoropolymer-resins\/etfe-resins\/\" target=\"_self\">\n\t\t\t<img decoding=\"async\" class=\"wp-post-image\"  src=\"https:\/\/www.agcchem.com\/wp-content\/uploads\/2020\/06\/fluon-etfe-lgo-brand2.png\" alt=\"\" \/>\n\t\t<\/a>\n\t\t\t<\/div>\n\t<\/div><div class=\"wpls-logo-cnt\">\n\t<div class=\"wpls-fix-box\">\n\t\t\t\t<a href=\"https:\/\/www.agcchem.com\/products\/fluoropolymer-resins\/fluonpfa-resins\/\" target=\"_self\">\n\t\t\t<img decoding=\"async\" class=\"wp-post-image\"  src=\"https:\/\/www.agcchem.com\/wp-content\/uploads\/2020\/06\/fluon-pfa-lgo-brand.png\" alt=\"\" \/>\n\t\t<\/a>\n\t\t\t<\/div>\n\t<\/div><div class=\"wpls-logo-cnt\">\n\t<div class=\"wpls-fix-box\">\n\t\t\t\t<img decoding=\"async\" class=\"wp-post-image\"  src=\"https:\/\/www.agcchem.com\/wp-content\/uploads\/2020\/06\/fluon-lgo-brand.png\" alt=\"\" \/>\n\t\t\t<\/div>\n\t<\/div><div class=\"wpls-logo-cnt\">\n\t<div class=\"wpls-fix-box\">\n\t\t\t\t<a href=\"https:\/\/www.agcchem.com\/products\/fluon-enhanced-materials\/\" target=\"_self\">\n\t\t\t<img decoding=\"async\" class=\"wp-post-image\"  src=\"https:\/\/www.agcchem.com\/wp-content\/uploads\/2020\/06\/fluon-plus-lgo-brand.png\" alt=\"\" \/>\n\t\t<\/a>\n\t\t\t<\/div>\n\t<\/div><div class=\"wpls-logo-cnt\">\n\t<div class=\"wpls-fix-box\">\n\t\t\t\t<a href=\"https:\/\/www.agcchem.com\/products\/specialty-materials\/lumiflon-fluoropolymer-resins\/\" target=\"_self\">\n\t\t\t<img decoding=\"async\" class=\"wp-post-image\"  src=\"https:\/\/www.agcchem.com\/wp-content\/uploads\/2020\/06\/lumiflon-lgo-brand2.png\" alt=\"\" \/>\n\t\t<\/a>\n\t\t\t<\/div>\n\t<\/div><div class=\"wpls-logo-cnt\">\n\t<div class=\"wpls-fix-box\">\n\t\t\t\t<a href=\"https:\/\/www.agcchem.com\/products\/specialty-materials\/asahi-guard-repellents\/\" target=\"_self\">\n\t\t\t<img decoding=\"async\" class=\"wp-post-image\"  src=\"https:\/\/www.agcchem.com\/wp-content\/uploads\/2020\/06\/asahi-guard-lgo-brand.png\" alt=\"\" \/>\n\t\t<\/a>\n\t\t\t<\/div>\n\t<\/div><div class=\"wpls-logo-cnt\">\n\t<div class=\"wpls-fix-box\">\n\t\t\t\t<img decoding=\"async\" class=\"wp-post-image\"  src=\"https:\/\/www.agcchem.com\/wp-content\/uploads\/2020\/07\/etfe-film-logo.png\" alt=\"\" \/>\n\t\t\t<\/div>\n\t<\/div><div class=\"wpls-logo-cnt\">\n\t<div class=\"wpls-fix-box\">\n\t\t\t\t<a href=\"https:\/\/www.agcchem.com\/products\/specialty-materials\/f-clean-greenhouse-film\/\" target=\"_self\">\n\t\t\t<img decoding=\"async\" class=\"wp-post-image\"  src=\"https:\/\/www.agcchem.com\/wp-content\/uploads\/2020\/06\/fclean-lgo-brand.png\" alt=\"\" \/>\n\t\t<\/a>\n\t\t\t<\/div>\n\t<\/div><div class=\"wpls-logo-cnt\">\n\t<div class=\"wpls-fix-box\">\n\t\t\t\t<a href=\"https:\/\/www.agcchem.com\/products\/specialty-materials\/cytop\/\" target=\"_self\">\n\t\t\t<img decoding=\"async\" class=\"wp-post-image\"  src=\"https:\/\/www.agcchem.com\/wp-content\/uploads\/2020\/07\/cytop-logo-hp.png\" alt=\"\" \/>\n\t\t<\/a>\n\t\t\t<\/div>\n\t<\/div><div class=\"wpls-logo-cnt\">\n\t<div class=\"wpls-fix-box\">\n\t\t\t\t<a href=\"https:\/\/www.agcchem.com\/products\/forblue-membranes\/\" target=\"_self\">\n\t\t\t<img decoding=\"async\" class=\"wp-post-image\"  src=\"https:\/\/www.agcchem.com\/wp-content\/uploads\/2020\/06\/foreblue-lgo-brand.png\" alt=\"\" \/>\n\t\t<\/a>\n\t\t\t<\/div>\n\t<\/div><div class=\"wpls-logo-cnt\">\n\t<div class=\"wpls-fix-box\">\n\t\t\t\t<a href=\"https:\/\/www.agcchem.com\/products\/specialty-materials\/foam-blowing-agents\/\" target=\"_self\">\n\t\t\t<img decoding=\"async\" class=\"wp-post-image\"  src=\"https:\/\/www.agcchem.com\/wp-content\/uploads\/2020\/06\/amolea-lgo-brand.png\" alt=\"\" \/>\n\t\t<\/a>\n\t\t\t<\/div>\n\t<\/div><div class=\"wpls-logo-cnt\">\n\t<div class=\"wpls-fix-box\">\n\t\t\t\t<a href=\"https:\/\/www.agcchem.com\/products\/high-performance-coatings\/fibralast-fluorine-free-barrier-technology\/\" target=\"_self\">\n\t\t\t<img decoding=\"async\" class=\"wp-post-image\"  src=\"https:\/\/www.agcchem.com\/wp-content\/uploads\/2022\/07\/fibralast-lgo-brand.png\" alt=\"\" \/>\n\t\t<\/a>\n\t\t\t<\/div>\n\t<\/div>\t\t\t<\/div>\n\t\t<\/div>\n\n\t\t<\/div><\/div><\/div><\/div><\/div><\/div>","protected":false},"excerpt":{"rendered":"<p>A AGC Chemicals Americas \u00e9 uma subsidi\u00e1ria integral da AGC Inc., uma corpora\u00e7\u00e3o multinacional com faturamento de 14,2 bilh\u00f5es de d\u00f3lares, e uma das maiores produtoras de vidros planos, displays eletr\u00f4nicos e produtos qu\u00edmicos do mundo. Nossa empresa foi formada&#8230;<\/p>\n","protected":false},"author":1,"featured_media":0,"parent":0,"menu_order":0,"comment_status":"closed","ping_status":"closed","template":"","meta":{"_acf_changed":false,"inline_featured_image":false,"footnotes":""},"class_list":["post-18485","page","type-page","status-publish","hentry"],"acf":[],"_links":{"self":[{"href":"https:\/\/www.agcchem.com\/pt-br\/wp-json\/wp\/v2\/pages\/18485","targetHints":{"allow":["GET"]}}],"collection":[{"href":"https:\/\/www.agcchem.com\/pt-br\/wp-json\/wp\/v2\/pages"}],"about":[{"href":"https:\/\/www.agcchem.com\/pt-br\/wp-json\/wp\/v2\/types\/page"}],"author":[{"embeddable":true,"href":"https:\/\/www.agcchem.com\/pt-br\/wp-json\/wp\/v2\/users\/1"}],"replies":[{"embeddable":true,"href":"https:\/\/www.agcchem.com\/pt-br\/wp-json\/wp\/v2\/comments?post=18485"}],"version-history":[{"count":0,"href":"https:\/\/www.agcchem.com\/pt-br\/wp-json\/wp\/v2\/pages\/18485\/revisions"}],"wp:attachment":[{"href":"https:\/\/www.agcchem.com\/pt-br\/wp-json\/wp\/v2\/media?parent=18485"}],"curies":[{"name":"wp","href":"https:\/\/api.w.org\/{rel}","templated":true}]}}