{"id":27338,"date":"2024-09-09T07:43:53","date_gmt":"2024-09-09T07:43:53","guid":{"rendered":"https:\/\/www.agcchem.com\/resifa-solesphere-silica-fina-para-a-administracao-de-medicamentos-alimentos-e-nutraceuticos\/"},"modified":"2024-10-03T14:21:32","modified_gmt":"2024-10-03T14:21:32","slug":"resifa-solesphere-fine-silica-excipient-for-drug-delivery-food-and-nutraceuticals","status":"publish","type":"page","link":"https:\/\/www.agcchem.com\/pt-br\/produtos\/fine-silica-microspheres\/resifa-solesphere-fine-silica-excipient-for-drug-delivery-food-and-nutraceuticals\/","title":{"rendered":"RESIFA\u2122 SOLESPHERE\u2122 S\u00edlica fina para a administra\u00e7\u00e3o de medicamentos, alimentos e nutrac\u00eauticos"},"content":{"rendered":"<div id=\"pl-27338\"  class=\"panel-layout\" ><div id=\"pg-27338-0\"  class=\"panel-grid panel-has-style\" ><div class=\"home-slider global_hero_section siteorigin-panels-stretch animate-69e61aff2926c393370098 panels-animation-hide panel-row-style panel-row-style-for-27338-0\" data-stretch-type=\"full-width-stretch\" data-so-animation=\"{&quot;selector&quot;:&quot;.animate-69e61aff2926c393370098&quot;,&quot;animation&quot;:&quot;fadeIn&quot;,&quot;breakpoint&quot;:&quot;780px&quot;,&quot;duration&quot;:1,&quot;repeat&quot;:0,&quot;hide&quot;:1,&quot;disableAnimationMobile&quot;:0,&quot;finalState&quot;:&quot;visible&quot;,&quot;delay&quot;:0,&quot;debounce&quot;:0.1,&quot;event&quot;:&quot;enter&quot;,&quot;offset&quot;:0}\" ><div id=\"pgc-27338-0-0\"  class=\"panel-grid-cell\" ><div id=\"panel-27338-0-0-0\" class=\"so-panel widget widget_sow-image panel-first-child\" data-index=\"0\" ><div class=\"hero_big_image panel-widget-style panel-widget-style-for-27338-0-0-0\" ><div\n\t\t\t\n\t\t\tclass=\"so-widget-sow-image so-widget-sow-image-default-e4c2d9f6c920-27338\"\n\t\t\t\n\t\t>\n<div class=\"sow-image-container\">\n\t\t<img \n\tsrc=\"https:\/\/www.agcchem.com\/wp-content\/uploads\/2024\/06\/Delivery-Food-and-Nutraceuticals-hero.png\" width=\"1400\" height=\"600\" srcset=\"https:\/\/www.agcchem.com\/wp-content\/uploads\/2024\/06\/Delivery-Food-and-Nutraceuticals-hero.png 1400w, https:\/\/www.agcchem.com\/wp-content\/uploads\/2024\/06\/Delivery-Food-and-Nutraceuticals-hero-300x129.png 300w, https:\/\/www.agcchem.com\/wp-content\/uploads\/2024\/06\/Delivery-Food-and-Nutraceuticals-hero-1024x439.png 1024w, https:\/\/www.agcchem.com\/wp-content\/uploads\/2024\/06\/Delivery-Food-and-Nutraceuticals-hero-768x329.png 768w\" sizes=\"(max-width: 1400px) 100vw, 1400px\" title=\"Delivery, Food and Nutraceuticals-hero\" alt=\"\" \t\tclass=\"so-widget-image\"\/>\n\t<\/div>\n\n<\/div><\/div><\/div><div id=\"panel-27338-0-0-1\" class=\"so-panel widget widget_siteorigin-panels-builder panel-last-child\" data-index=\"1\" ><div class=\"home-slide-content white_text add_breadcrumb panel-widget-style panel-widget-style-for-27338-0-0-1\" ><div id=\"pl-w66fea84f75708\"  class=\"panel-layout\" ><div id=\"pg-w66fea84f75708-0\"  class=\"panel-grid panel-no-style\" ><div id=\"pgc-w66fea84f75708-0-0\"  class=\"panel-grid-cell\" ><div id=\"panel-w66fea84f75708-0-0-0\" class=\"widget_text so-panel widget widget_custom_html panel-first-child\" data-index=\"0\" ><div class=\"textwidget custom-html-widget\"><div class=\"home-bg\"><\/div><\/div><\/div><div id=\"panel-w66fea84f75708-0-0-1\" class=\"so-panel widget widget_siteorigin-panels-builder panel-last-child\" data-index=\"1\" ><div class=\"container panel-widget-style panel-widget-style-for-w66fea84f75708-0-0-1\" ><div id=\"pl-w66e55593c79b2\"  class=\"panel-layout\" ><div id=\"pg-w66e55593c79b2-0\"  class=\"panel-grid panel-has-style\" ><div class=\"home-slid-inner panel-row-style panel-row-style-for-w66e55593c79b2-0\" ><div id=\"pgc-w66e55593c79b2-0-0\"  class=\"panel-grid-cell\" ><div id=\"panel-w66e55593c79b2-0-0-0\" class=\"so-panel widget widget_sow-editor panel-first-child\" data-index=\"0\" ><div\n\t\t\t\n\t\t\tclass=\"so-widget-sow-editor so-widget-sow-editor-base\"\n\t\t\t\n\t\t>\n<div class=\"siteorigin-widget-tinymce textwidget\">\n\t<div class=\"\">\r\n  <nav aria-label=\"breadcrumb\" class=\"breadcrumb\">\r\n     <ol class=\"breadcrumb-item\">\r\n\t    <span property=\"itemListElement\" typeof=\"ListItem\"><a property=\"item\" typeof=\"WebPage\" title=\"Go to AGC Chemicals.\" href=\"https:\/\/www.agcchem.com\/pt-br\/\" class=\"home\"><span property=\"name\"><i class=\"fa fa-map-marker\"><\/i> Home<\/span><\/a><meta property=\"position\" content=\"1\"><\/span><i class=\"fa fa-angle-double-right\"><\/i><span property=\"itemListElement\" typeof=\"ListItem\"><a property=\"item\" typeof=\"WebPage\" title=\"Go to Blog.\" href=\"https:\/\/www.agcchem.com\/blog\/\" class=\"post-root post post-post\"><span property=\"name\">Blog<\/span><\/a><meta property=\"position\" content=\"2\"><\/span>     <\/ol>\r\n  <\/nav>\r\n<\/div>\n<\/div>\n<\/div><\/div><div id=\"panel-w66e55593c79b2-0-0-1\" class=\"so-panel widget widget_sow-headline\" data-index=\"1\" ><div\n\t\t\t\n\t\t\tclass=\"so-widget-sow-headline so-widget-sow-headline-default-704e7542437d\"\n\t\t\t\n\t\t><div class=\"sow-headline-container \">\n\t\t\t\t\t\t\t<h1 class=\"sow-headline\">\n\t\t\t\t\t\tRESIFA\u2122 SOLESPHERE\u2122 S\u00edlica fina para administra\u00e7\u00e3o de medicamentos, alimentos e nutrac\u00eauticos\t\t\t\t\t\t<\/h1>\n\t\t\t\t\t\t\t\t\t\t\t\t<h3 class=\"sow-sub-headline\">\n\t\t\t\t\t\tEssas s\u00edlicas de alta pureza podem ser usadas como excipientes para melhorar a estabilidade, a processabilidade e outras propriedades.\t\t\t\t\t\t<\/h3>\n\t\t\t\t\t\t<\/div>\n<\/div><\/div><div id=\"panel-w66e55593c79b2-0-0-2\" class=\"so-panel widget widget_sow-image\" data-index=\"2\" ><div class=\"gear_bg_twentyseven panel-widget-style panel-widget-style-for-w66e55593c79b2-0-0-2\" ><div\n\t\t\t\n\t\t\tclass=\"so-widget-sow-image so-widget-sow-image-default-8b5b6f678277\"\n\t\t\t\n\t\t>\n<div class=\"sow-image-container\">\n\t\t<img \n\tsrc=\"https:\/\/www.agcchem.com\/wp-content\/uploads\/2024\/03\/gear_bg_27.svg\" width=\"279\" height=\"279\" sizes=\"(max-width: 279px) 100vw, 279px\" alt=\"\" \t\tclass=\"so-widget-image\"\/>\n\t<\/div>\n\n<\/div><\/div><\/div><div id=\"panel-w66e55593c79b2-0-0-3\" class=\"so-panel widget widget_sow-image\" data-index=\"3\" ><div class=\"gear_bg_thirtyseven panel-widget-style panel-widget-style-for-w66e55593c79b2-0-0-3\" ><div\n\t\t\t\n\t\t\tclass=\"so-widget-sow-image so-widget-sow-image-default-8b5b6f678277\"\n\t\t\t\n\t\t>\n<div class=\"sow-image-container\">\n\t\t<img \n\tsrc=\"https:\/\/www.agcchem.com\/wp-content\/uploads\/2024\/03\/gear_bg_37.svg\" width=\"228\" height=\"228\" sizes=\"(max-width: 228px) 100vw, 228px\" alt=\"\" \t\tclass=\"so-widget-image\"\/>\n\t<\/div>\n\n<\/div><\/div><\/div><div id=\"panel-w66e55593c79b2-0-0-4\" class=\"widget_text so-panel widget widget_custom_html panel-last-child\" data-index=\"4\" ><div class=\"textwidget custom-html-widget\">\r\n  <div class=\"select_brand_dropdown\">\r\n    \r\n    \r\n    <div class=\"new_products_cta_buttons btns\">\r\n\r\n      \r\n\r\n      \r\n\r\n      \r\n        <a href=\"\/pt-br\/contate-nos\/duvidas-sobre-o-produto\/?product=agc_finesilica\" class=\"btn btn-primary\">\r\n          <span>D\u00favidas sobre o Produto<\/span>\r\n        <\/a>\r\n\r\n        <a href=\"\/pt-br\/contate-nos\/sample-request\/?product=agc_finesilica\" class=\"btn btn-secondary\">\r\n          <span>Pedido de Amostra<\/span>\r\n        <\/a>\r\n\r\n            \r\n    <\/div>\r\n\r\n  <\/div>\r\n\r\n<\/div><\/div><\/div><\/div><\/div><\/div><\/div><\/div><\/div><\/div><\/div><\/div><\/div><\/div><\/div><\/div><div id=\"pg-27338-1\"  class=\"panel-grid panel-has-style\" ><div class=\"inner_page_sub_navigation siteorigin-panels-stretch panel-row-style panel-row-style-for-27338-1\" data-stretch-type=\"full-width-stretch\" ><div id=\"pgc-27338-1-0\"  class=\"panel-grid-cell\" ><div id=\"panel-27338-1-0-0\" class=\"so-panel widget widget_siteorigin-panels-builder panel-first-child panel-last-child\" data-index=\"2\" ><div class=\"container  panel-widget-style panel-widget-style-for-27338-1-0-0\" ><div id=\"pl-w66fea84f758ef\"  class=\"panel-layout\" ><div id=\"pg-w66fea84f758ef-0\"  class=\"panel-grid panel-no-style\" ><div id=\"pgc-w66fea84f758ef-0-0\"  class=\"panel-grid-cell\" ><div id=\"panel-w66fea84f758ef-0-0-0\" class=\"widget_text so-panel widget widget_custom_html panel-first-child panel-last-child\" data-index=\"0\" ><div class=\"textwidget custom-html-widget\"><ul>\r\n\t<li>Explore:<\/li>\r\n\t<li><a href=\"#overview\">Vis\u00e3o geral<\/a><\/li>\t\r\n\t<li><a href=\"#features\">Caracter\u00edsticas<\/a><\/li>\r\n\t<li><a href=\"#aplica%c3%a7%c3%b5es\">Aplica\u00e7\u00f5es<\/a><\/li>\r\n<\/ul><\/div><\/div><\/div><\/div><\/div><\/div><\/div><\/div><\/div><\/div><div id=\"pg-27338-2\"  class=\"panel-grid panel-has-style\" ><div class=\"two_column_with_blue_lines siteorigin-panels-stretch panel-row-style panel-row-style-for-27338-2\" id=\"overview\" data-stretch-type=\"full-width-stretch\" ><div id=\"pgc-27338-2-0\"  class=\"panel-grid-cell\" ><div id=\"panel-27338-2-0-0\" class=\"so-panel widget widget_siteorigin-panels-builder panel-first-child panel-last-child\" data-index=\"3\" ><div class=\"container  panel-widget-style panel-widget-style-for-27338-2-0-0\" ><div id=\"pl-w66fea84f75a11\"  class=\"panel-layout\" ><div id=\"pg-w66fea84f75a11-0\"  class=\"panel-grid panel-has-style\" ><div class=\"col-12 col-md-10 m-auto panel-row-style panel-row-style-for-w66fea84f75a11-0\" ><div id=\"pgc-w66fea84f75a11-0-0\"  class=\"panel-grid-cell\" ><div id=\"panel-w66fea84f75a11-0-0-0\" class=\"so-panel widget widget_sow-image panel-first-child\" data-index=\"0\" ><div\n\t\t\t\n\t\t\tclass=\"so-widget-sow-image so-widget-sow-image-default-8b5b6f678277\"\n\t\t\t\n\t\t>\n<div class=\"sow-image-container\">\n\t\t<img \n\tsrc=\"https:\/\/www.agcchem.com\/wp-content\/uploads\/2024\/05\/resifa-solesphere-lgo-clear.png\" width=\"600\" height=\"228\" srcset=\"https:\/\/www.agcchem.com\/wp-content\/uploads\/2024\/05\/resifa-solesphere-lgo-clear.png 600w, https:\/\/www.agcchem.com\/wp-content\/uploads\/2024\/05\/resifa-solesphere-lgo-clear-300x114.png 300w\" sizes=\"(max-width: 600px) 100vw, 600px\" alt=\"\" \t\tclass=\"so-widget-image\"\/>\n\t<\/div>\n\n<\/div><\/div><div id=\"panel-w66fea84f75a11-0-0-1\" class=\"so-panel widget widget_sow-headline\" data-index=\"1\" ><div\n\t\t\t\n\t\t\tclass=\"so-widget-sow-headline so-widget-sow-headline-default-2d3a2cf15379\"\n\t\t\t\n\t\t><div class=\"sow-headline-container \">\n\t\t\t\t\t\t\t<h4 class=\"sow-headline\">\n\t\t\t\t\t\tExcipiente de s\u00edlica de alta pureza com uma ampla gama de tamanhos de part\u00edculas e op\u00e7\u00f5es de porosidade\t\t\t\t\t\t<\/h4>\n\t\t\t\t\t\t<\/div>\n<\/div><\/div><div id=\"panel-w66fea84f75a11-0-0-2\" class=\"so-panel widget widget_sow-image panel-last-child\" data-index=\"2\" ><div\n\t\t\t\n\t\t\tclass=\"so-widget-sow-image so-widget-sow-image-default-8b5b6f678277\"\n\t\t\t\n\t\t>\n<div class=\"sow-image-container\">\n\t\t<img \n\tsrc=\"https:\/\/www.agcchem.com\/wp-content\/uploads\/2024\/06\/SOLESPHERE_Image_H121_H33_Web.png\" width=\"550\" height=\"621\" srcset=\"https:\/\/www.agcchem.com\/wp-content\/uploads\/2024\/06\/SOLESPHERE_Image_H121_H33_Web.png 550w, https:\/\/www.agcchem.com\/wp-content\/uploads\/2024\/06\/SOLESPHERE_Image_H121_H33_Web-266x300.png 266w\" sizes=\"(max-width: 550px) 100vw, 550px\" alt=\"\" \t\tclass=\"so-widget-image\"\/>\n\t<\/div>\n\n<\/div><\/div><\/div><div id=\"pgc-w66fea84f75a11-0-1\"  class=\"panel-grid-cell\" ><div id=\"panel-w66fea84f75a11-0-1-0\" class=\"so-panel widget widget_sow-editor panel-first-child\" data-index=\"3\" ><div class=\"text-black panel-widget-style panel-widget-style-for-w66fea84f75a11-0-1-0\" ><div\n\t\t\t\n\t\t\tclass=\"so-widget-sow-editor so-widget-sow-editor-base\"\n\t\t\t\n\t\t>\n<div class=\"siteorigin-widget-tinymce textwidget\">\n\t<p>.<\/p>\n<\/div>\n<\/div><\/div><\/div><div id=\"panel-w66fea84f75a11-0-1-1\" class=\"so-panel widget widget_sow-editor panel-last-child\" data-index=\"4\" ><div class=\"text-black panel-widget-style panel-widget-style-for-w66fea84f75a11-0-1-1\" ><div\n\t\t\t\n\t\t\tclass=\"so-widget-sow-editor so-widget-sow-editor-base\"\n\t\t\t\n\t\t>\n<div class=\"siteorigin-widget-tinymce textwidget\">\n\t<p>Usar part\u00edculas de s\u00edlica de alta pureza SOLESPHERE\u2122 como excipientes pode adicionar v\u00e1rias melhorias de desempenho, incluindo:<\/p>\n<p>Estabiliza\u00e7\u00e3o de longo prazo: a s\u00edlica SOLESPHERE ajuda a manter a estabilidade dos medicamentos ao longo do tempo, protegendo os ingredientes ativos de problemas de umidade e evitando a aglomera\u00e7\u00e3o no est\u00e1gio de processamento.<\/p>\n<p>L\u00edquidos em p\u00f3: a s\u00edlica SOLESPHERE tem uma capacidade de absor\u00e7\u00e3o notavelmente alta, permitindo que os l\u00edquidos sejam facilmente encapsulados em p\u00f3s. As taxas de absor\u00e7\u00e3o de \u00f3leo podem atingir 400 mL\/100g.<\/p>\n<p>Melhorar as propriedades dos ingredientes ativos: a s\u00edlica SOLESPHERE pode melhorar as propriedades terap\u00eauticas. Com sua ampla gama de tamanhos de part\u00edculas e poros, ela pode funcionar como um agente de libera\u00e7\u00e3o lenta.<\/p>\n<p>Auxiliar de processamento: as part\u00edculas SOLESPHERE t\u00eam excelente fluidez, o que aumenta a viscosidade e melhora a processabilidade das formula\u00e7\u00f5es em p\u00f3. Sua distribui\u00e7\u00e3o de tamanho estreita fornece dosagem uniforme do produto final.<\/p>\n<\/div>\n<\/div><\/div><\/div><\/div><\/div><\/div><\/div><\/div><\/div><\/div><\/div><\/div><div id=\"pg-27338-3\"  class=\"panel-grid panel-has-style\" ><div id=\"features\" class=\"panel-row-style panel-row-style-for-27338-3\" ><div id=\"pgc-27338-3-0\"  class=\"panel-grid-cell\" ><div id=\"panel-27338-3-0-0\" class=\"so-panel widget widget_sow-headline panel-first-child\" data-index=\"4\" ><div\n\t\t\t\n\t\t\tclass=\"so-widget-sow-headline so-widget-sow-headline-default-3ac3da29e399-27338\"\n\t\t\t\n\t\t><div class=\"sow-headline-container \">\n\t\t\t\t\t\t\t<h2 class=\"sow-headline\">\n\t\t\t\t\t\tPor que s\u00edlica SOLESPHERE?\t\t\t\t\t\t<\/h2>\n\t\t\t\t\t\t<\/div>\n<\/div><\/div><div id=\"panel-27338-3-0-1\" class=\"so-panel widget widget_sow-editor panel-last-child\" data-index=\"5\" ><div class=\"text-black panel-widget-style panel-widget-style-for-27338-3-0-1\" ><div\n\t\t\t\n\t\t\tclass=\"so-widget-sow-editor so-widget-sow-editor-base\"\n\t\t\t\n\t\t>\n<div class=\"siteorigin-widget-tinymce textwidget\">\n\t<ul>\n<li>Alto volume de poros, alta \u00e1rea de superf\u00edcie, permitindo que um pequeno volume de part\u00edculas SOLESPHERE carregue grandes quantidades de ingredientes ativos.<\/li>\n<li>\u00d3timo \u00e2ngulo de repouso, alcan\u00e7ando fluidez superior em processos de fabrica\u00e7\u00e3o<\/li>\n<li>Alta capacidade de absor\u00e7\u00e3o de umidade, protegendo ingredientes ativos de problemas de umidade.<\/li>\n<li>Formato esf\u00e9rico uniforme com distribui\u00e7\u00e3o estreita de tamanho de part\u00edcula<\/li>\n<\/ul>\n<\/div>\n<\/div><\/div><\/div><\/div><div id=\"pgc-27338-3-1\"  class=\"panel-grid-cell\" ><div id=\"panel-27338-3-1-0\" class=\"so-panel widget widget_sow-image panel-first-child\" data-index=\"6\" ><div class=\"has-line-skyblue-left-middle panel-widget-style panel-widget-style-for-27338-3-1-0\" ><div\n\t\t\t\n\t\t\tclass=\"so-widget-sow-image so-widget-sow-image-default-334eeca80698-27338\"\n\t\t\t\n\t\t>\n<div class=\"sow-image-container\">\n\t\t<img \n\tsrc=\"https:\/\/www.agcchem.com\/wp-content\/uploads\/2024\/06\/large-photo.png\" width=\"1000\" height=\"666\" srcset=\"https:\/\/www.agcchem.com\/wp-content\/uploads\/2024\/06\/large-photo.png 1000w, https:\/\/www.agcchem.com\/wp-content\/uploads\/2024\/06\/large-photo-300x200.png 300w, https:\/\/www.agcchem.com\/wp-content\/uploads\/2024\/06\/large-photo-768x511.png 768w, https:\/\/www.agcchem.com\/wp-content\/uploads\/2024\/06\/large-photo-272x182.png 272w\" sizes=\"(max-width: 1000px) 100vw, 1000px\" title=\"large photo\" alt=\"\" \t\tclass=\"so-widget-image\"\/>\n\t<\/div>\n\n<\/div><\/div><\/div><div id=\"panel-27338-3-1-1\" class=\"so-panel widget widget_sow-image panel-last-child\" data-index=\"7\" ><div class=\"image_white_border panel-widget-style panel-widget-style-for-27338-3-1-1\" ><div\n\t\t\t\n\t\t\tclass=\"so-widget-sow-image so-widget-sow-image-default-b4513c7b55bb-27338\"\n\t\t\t\n\t\t>\n<div class=\"sow-image-container\">\n\t\t<img \n\tsrc=\"https:\/\/www.agcchem.com\/wp-content\/uploads\/2024\/06\/Small-image.png\" width=\"202\" height=\"135\" sizes=\"(max-width: 202px) 100vw, 202px\" title=\"Small image\" alt=\"\" \t\tclass=\"so-widget-image\"\/>\n\t<\/div>\n\n<\/div><\/div><\/div><\/div><\/div><\/div><div id=\"pg-27338-4\"  class=\"panel-grid panel-has-style\" ><div class=\"markets_section panel-row-style panel-row-style-for-27338-4\" ><div id=\"pgc-27338-4-0\"  class=\"panel-grid-cell\" ><div id=\"panel-27338-4-0-0\" class=\"so-panel widget widget_sow-editor panel-first-child panel-last-child\" data-index=\"8\" ><div\n\t\t\t\n\t\t\tclass=\"so-widget-sow-editor so-widget-sow-editor-base\"\n\t\t\t\n\t\t>\n<div class=\"siteorigin-widget-tinymce textwidget\">\n\t\r\n\t\r\n  \n<\/div>\n<\/div><\/div><\/div><\/div><\/div><div id=\"pg-27338-5\"  class=\"panel-grid panel-has-style\" ><div class=\"clip_path_top_left_down bottom_gear_top_white_lines siteorigin-panels-stretch panel-row-style panel-row-style-for-27338-5\" data-stretch-type=\"full-width-stretch\" ><div id=\"pgc-27338-5-0\"  class=\"panel-grid-cell\" ><div id=\"panel-27338-5-0-0\" class=\"so-panel widget widget_siteorigin-panels-builder panel-first-child panel-last-child\" data-index=\"9\" ><div class=\"product_tab_section panel-widget-style panel-widget-style-for-27338-5-0-0\" ><div id=\"pl-w66fea84f76f98\"  class=\"panel-layout\" ><div id=\"pg-w66fea84f76f98-0\"  class=\"panel-grid panel-has-style\" ><div class=\" col-md-9 m-auto col-12 panel-row-style panel-row-style-for-w66fea84f76f98-0\" ><div id=\"pgc-w66fea84f76f98-0-0\"  class=\"panel-grid-cell\" ><div id=\"panel-w66fea84f76f98-0-0-0\" class=\"so-panel widget widget_sow-tabs panel-first-child panel-last-child\" data-index=\"0\" ><div\n\t\t\t\n\t\t\tclass=\"so-widget-sow-tabs so-widget-sow-tabs-default-aaee25de5bd8\"\n\t\t\t\n\t\t><div class=\"sow-tabs\">\n\t<div class=\"sow-tabs-tab-container\" role=\"tablist\">\n\t\t\t<div\n\t\t\tclass=\"sow-tabs-tab\n\t\t\t sow-tabs-tab-selected\t\t\t\"\n\t\t\trole=\"tab\"\n\t\t\tdata-anchor-id=\"caracteristicas\"\n\t\t\taria-selected=\"true\"\n\t\t\ttabindex=\"0\"\n\t\t>\n\t\t\t<div class=\"sow-tabs-title sow-tabs-title-icon-left\">\n\t\t\t\t\t\t\t\tCaracter\u00edsticas\t\t\t\t\t\t\t<\/div>\n\t\t<\/div>\n\t\t\t<div\n\t\t\tclass=\"sow-tabs-tab\n\t\t\t\t\t\t\"\n\t\t\trole=\"tab\"\n\t\t\tdata-anchor-id=\"aplicacoes\"\n\t\t\taria-selected=\"false\"\n\t\t\ttabindex=\"0\"\n\t\t>\n\t\t\t<div class=\"sow-tabs-title sow-tabs-title-icon-left\">\n\t\t\t\t\t\t\t\tAplica\u00e7\u00f5es\t\t\t\t\t\t\t<\/div>\n\t\t<\/div>\n\t\t\t<div\n\t\t\tclass=\"sow-tabs-tab\n\t\t\t\t\t\t\"\n\t\t\trole=\"tab\"\n\t\t\tdata-anchor-id=\"fispq\"\n\t\t\taria-selected=\"false\"\n\t\t\ttabindex=\"0\"\n\t\t>\n\t\t\t<div class=\"sow-tabs-title sow-tabs-title-icon-left\">\n\t\t\t\t\t\t\t\tFISPQ\t\t\t\t\t\t\t<\/div>\n\t\t<\/div>\n\t\t<\/div>\n\n\t<div class=\"sow-tabs-panel-container\">\n\t\t\t<div class=\"sow-tabs-panel\">\n\t\t\t<div\n\t\t\t\tclass=\"sow-tabs-panel-content\"\n\t\t\t\trole=\"tabpanel\"\n\t\t\t\taria-hidden=\"false\"\n\t\t\t>\n\t\t\t\t<ul>\r\n \t<li>S\u00edlica fina de alta pureza<\/li>\r\n \t<li>Tamanhos de part\u00edculas: 3 - 20 \u03bcm (ampla gama de op\u00e7\u00f5es para controlar a fluidez)<\/li>\r\n \t<li>Capacidade de absor\u00e7\u00e3o de \u00f3leo: 150-400mL\/100g<\/li>\r\n \t<li>Distribui\u00e7\u00e3o uniforme do tamanho de part\u00edculas<\/li>\r\n \t<li>Reconhecido por v\u00e1rias certifica\u00e7\u00f5es, incluindo ISO9001, HALAL e Kosher, FDA.<\/li>\r\n<\/ul>\t\t\t<\/div>\n\t\t<\/div>\n\t\t\t<div class=\"sow-tabs-panel\">\n\t\t\t<div\n\t\t\t\tclass=\"sow-tabs-panel-content\"\n\t\t\t\trole=\"tabpanel\"\n\t\t\t\taria-hidden=\"true\"\n\t\t\t>\n\t\t\t\t<ul>\r\n \t<li>Excipientes para comprimidos e c\u00e1psulas<\/li>\r\n \t<li>Aditivo<\/li>\r\n<\/ul>\t\t\t<\/div>\n\t\t<\/div>\n\t\t\t<div class=\"sow-tabs-panel\">\n\t\t\t<div\n\t\t\t\tclass=\"sow-tabs-panel-content\"\n\t\t\t\trole=\"tabpanel\"\n\t\t\t\taria-hidden=\"true\"\n\t\t\t>\n\t\t\t\t<a href=\"https:\/\/stg-agcchemicals-staging2024.kinsta.cloud\/pt-br\/contate-nos\/pedido-fispq\/\" rel=\"noopener\">Clique aqui<\/a> para solicitar uma ficha de dados de seguran\u00e7a.\t\t\t<\/div>\n\t\t<\/div>\n\t\t<\/div>\n<\/div>\n<\/div><\/div><\/div><\/div><\/div><\/div><\/div><\/div><\/div><\/div><\/div><div id=\"pg-27338-7\"  class=\"panel-grid panel-has-style\" ><div class=\"blue_overlay siteorigin-panels-stretch panel-row-style panel-row-style-for-27338-7\" data-stretch-type=\"full-width-stretch\" ><div id=\"pgc-27338-7-0\"  class=\"panel-grid-cell\" ><div id=\"panel-27338-7-0-0\" class=\"so-panel widget widget_siteorigin-panels-builder panel-first-child panel-last-child\" data-index=\"12\" ><div class=\"container panel-widget-style panel-widget-style-for-27338-7-0-0\" ><div id=\"pl-w66fea84f773b2\"  class=\"panel-layout\" ><div id=\"pg-w66fea84f773b2-0\"  class=\"panel-grid panel-has-style\" ><div class=\"col-12 col-md-6 m-auto position-relative panel-row-style panel-row-style-for-w66fea84f773b2-0\" ><div id=\"pgc-w66fea84f773b2-0-0\"  class=\"panel-grid-cell\" ><div id=\"panel-w66fea84f773b2-0-0-0\" class=\"so-panel widget widget_sow-headline panel-first-child\" data-index=\"0\" ><div class=\"fw-bold panel-widget-style panel-widget-style-for-w66fea84f773b2-0-0-0\" ><div\n\t\t\t\n\t\t\tclass=\"so-widget-sow-headline so-widget-sow-headline-default-87547e56f06d\"\n\t\t\t\n\t\t><div class=\"sow-headline-container \">\n\t\t\t\t\t\t\t<h2 class=\"sow-headline\">\n\t\t\t\t\t\tEntre em contato com nossos especialistas em fluoropol\u00edmeros para discutir suas necessidades espec\u00edficas.\t\t\t\t\t\t<\/h2>\n\t\t\t\t\t\t<\/div>\n<\/div><\/div><\/div><div id=\"panel-w66fea84f773b2-0-0-1\" class=\"so-panel widget widget_sow-button panel-last-child\" data-index=\"1\" ><div\n\t\t\t\n\t\t\tclass=\"so-widget-sow-button so-widget-sow-button-flat-f949060a8f32\"\n\t\t\t\n\t\t><div class=\"ow-button-base ow-button-align-center\"\n>\n\t\t\t<a href=\"https:\/\/www.agcchem.com\/contact-us\/product-inquiry\/\" class=\"btn sowb-button ow-icon-placement-left ow-button-hover\">\n\t\t<span>\n\t\t\t\n\t\t\tConsulta de produto\t\t<\/span>\n\t\t\t<\/a>\n\t<\/div>\n<\/div><\/div><\/div><\/div><\/div><\/div><\/div><\/div><\/div><\/div><\/div><\/div>","protected":false},"excerpt":{"rendered":"<p>HomeBlog RESIFA\u2122 SOLESPHERE\u2122 S\u00edlica fina para administra\u00e7\u00e3o de medicamentos, alimentos e nutrac\u00eauticos Essas s\u00edlicas de alta pureza podem ser usadas como excipientes para melhorar a estabilidade, a processabilidade e outras propriedades. D\u00favidas sobre o Produto Pedido de Amostra Explore: Vis\u00e3o&#8230;<\/p>\n","protected":false},"author":12,"featured_media":30141,"parent":27471,"menu_order":7,"comment_status":"closed","ping_status":"closed","template":"page-template\/product-template.php","meta":{"_acf_changed":false,"inline_featured_image":false,"footnotes":""},"class_list":["post-27338","page","type-page","status-publish","has-post-thumbnail","hentry"],"acf":[],"_links":{"self":[{"href":"https:\/\/www.agcchem.com\/pt-br\/wp-json\/wp\/v2\/pages\/27338","targetHints":{"allow":["GET"]}}],"collection":[{"href":"https:\/\/www.agcchem.com\/pt-br\/wp-json\/wp\/v2\/pages"}],"about":[{"href":"https:\/\/www.agcchem.com\/pt-br\/wp-json\/wp\/v2\/types\/page"}],"author":[{"embeddable":true,"href":"https:\/\/www.agcchem.com\/pt-br\/wp-json\/wp\/v2\/users\/12"}],"replies":[{"embeddable":true,"href":"https:\/\/www.agcchem.com\/pt-br\/wp-json\/wp\/v2\/comments?post=27338"}],"version-history":[{"count":0,"href":"https:\/\/www.agcchem.com\/pt-br\/wp-json\/wp\/v2\/pages\/27338\/revisions"}],"up":[{"embeddable":true,"href":"https:\/\/www.agcchem.com\/pt-br\/wp-json\/wp\/v2\/pages\/27471"}],"wp:featuredmedia":[{"embeddable":true,"href":"https:\/\/www.agcchem.com\/pt-br\/wp-json\/wp\/v2\/media\/30141"}],"wp:attachment":[{"href":"https:\/\/www.agcchem.com\/pt-br\/wp-json\/wp\/v2\/media?parent=27338"}],"curies":[{"name":"wp","href":"https:\/\/api.w.org\/{rel}","templated":true}]}}