{"id":27465,"date":"2024-09-11T16:49:51","date_gmt":"2024-09-11T16:49:51","guid":{"rendered":"https:\/\/www.agcchem.com\/produtos\/high-performance-coatings-and-agents\/"},"modified":"2024-10-16T14:42:11","modified_gmt":"2024-10-16T14:42:11","slug":"high-performance-coatings-and-agents","status":"publish","type":"page","link":"https:\/\/www.agcchem.com\/pt-br\/produtos\/high-performance-coatings-and-agents\/","title":{"rendered":"Recubrimientos de alto rendimiento"},"content":{"rendered":"<div id=\"pl-27465\"  class=\"panel-layout\" ><div id=\"pg-27465-0\"  class=\"panel-grid panel-has-style\" ><div class=\"home-slider global_hero_section siteorigin-panels-stretch panel-row-style panel-row-style-for-27465-0\" data-stretch-type=\"full-width-stretch\" ><div id=\"pgc-27465-0-0\"  class=\"panel-grid-cell\" ><div id=\"panel-27465-0-0-0\" class=\"so-panel widget widget_sow-image panel-first-child\" data-index=\"0\" ><div class=\"hero_big_image panel-widget-style panel-widget-style-for-27465-0-0-0\" ><div\n\t\t\t\n\t\t\tclass=\"so-widget-sow-image so-widget-sow-image-default-e4c2d9f6c920-27465\"\n\t\t\t\n\t\t>\n<div class=\"sow-image-container\">\n\t\t<img \n\tsrc=\"https:\/\/www.agcchem.com\/wp-content\/uploads\/2024\/03\/slide_1-scaled.jpg\" width=\"2560\" height=\"1762\" srcset=\"https:\/\/www.agcchem.com\/wp-content\/uploads\/2024\/03\/slide_1-scaled.jpg 2560w, https:\/\/www.agcchem.com\/wp-content\/uploads\/2024\/03\/slide_1-300x207.jpg 300w, https:\/\/www.agcchem.com\/wp-content\/uploads\/2024\/03\/slide_1-1024x705.jpg 1024w, https:\/\/www.agcchem.com\/wp-content\/uploads\/2024\/03\/slide_1-768x529.jpg 768w, https:\/\/www.agcchem.com\/wp-content\/uploads\/2024\/03\/slide_1-1536x1057.jpg 1536w, https:\/\/www.agcchem.com\/wp-content\/uploads\/2024\/03\/slide_1-2048x1410.jpg 2048w\" sizes=\"(max-width: 2560px) 100vw, 2560px\" title=\"slide_1\" alt=\"\" \t\tclass=\"so-widget-image\"\/>\n\t<\/div>\n\n<\/div><\/div><\/div><div id=\"panel-27465-0-0-1\" class=\"so-panel widget widget_siteorigin-panels-builder panel-last-child\" data-index=\"1\" ><div class=\"home-slide-content white_text panel-widget-style panel-widget-style-for-27465-0-0-1\" ><div id=\"pl-w670962ec318e5\"  class=\"panel-layout\" ><div id=\"pg-w670962ec318e5-0\"  class=\"panel-grid panel-no-style\" ><div id=\"pgc-w670962ec318e5-0-0\"  class=\"panel-grid-cell\" ><div id=\"panel-w670962ec318e5-0-0-0\" class=\"widget_text so-panel widget widget_custom_html panel-first-child\" data-index=\"0\" ><div class=\"textwidget custom-html-widget\"><div class=\"home-bg\"><\/div><\/div><\/div><div id=\"panel-w670962ec318e5-0-0-1\" class=\"so-panel widget widget_siteorigin-panels-builder panel-last-child\" data-index=\"1\" ><div class=\"container panel-widget-style panel-widget-style-for-w670962ec318e5-0-0-1\" ><div id=\"pl-w670962ec318ee\"  class=\"panel-layout\" ><div id=\"pg-w670962ec318ee-0\"  class=\"panel-grid panel-has-style\" ><div class=\"home-slid-inner panel-row-style panel-row-style-for-w670962ec318ee-0\" ><div id=\"pgc-w670962ec318ee-0-0\"  class=\"panel-grid-cell\" ><div id=\"panel-w670962ec318ee-0-0-0\" class=\"so-panel widget widget_sow-headline panel-first-child\" data-index=\"0\" ><div\n\t\t\t\n\t\t\tclass=\"so-widget-sow-headline so-widget-sow-headline-default-704e7542437d\"\n\t\t\t\n\t\t><div class=\"sow-headline-container \">\n\t\t\t\t\t\t\t<h1 class=\"sow-headline\">\n\t\t\t\t\t\tRecubrimientos de alto rendimiento\t\t\t\t\t\t<\/h1>\n\t\t\t\t\t\t\t\t\t\t\t\t<h3 class=\"sow-sub-headline\">\n\t\t\t\t\t\tA for\u00e7a, durabilidade, resist\u00eancia e propriedades repelentes tornam os  fluoropol\u00edmero excelentes para revestimentos em uma variedade de aplica\u00e7\u00f5es.\t\t\t\t\t\t<\/h3>\n\t\t\t\t\t\t<\/div>\n<\/div><\/div><div id=\"panel-w670962ec318ee-0-0-1\" class=\"so-panel widget widget_sow-image\" data-index=\"1\" ><div class=\"gear_bg_twentyseven panel-widget-style panel-widget-style-for-w670962ec318ee-0-0-1\" ><div\n\t\t\t\n\t\t\tclass=\"so-widget-sow-image so-widget-sow-image-default-8b5b6f678277\"\n\t\t\t\n\t\t>\n<div class=\"sow-image-container\">\n\t\t<img \n\tsrc=\"https:\/\/www.agcchem.com\/wp-content\/uploads\/2024\/03\/gear_bg_27.svg\" width=\"279\" height=\"279\" sizes=\"(max-width: 279px) 100vw, 279px\" alt=\"\" \t\tclass=\"so-widget-image\"\/>\n\t<\/div>\n\n<\/div><\/div><\/div><div id=\"panel-w670962ec318ee-0-0-2\" class=\"so-panel widget widget_sow-image\" data-index=\"2\" ><div class=\"gear_bg_thirtyseven panel-widget-style panel-widget-style-for-w670962ec318ee-0-0-2\" ><div\n\t\t\t\n\t\t\tclass=\"so-widget-sow-image so-widget-sow-image-default-8b5b6f678277\"\n\t\t\t\n\t\t>\n<div class=\"sow-image-container\">\n\t\t<img \n\tsrc=\"https:\/\/www.agcchem.com\/wp-content\/uploads\/2024\/03\/gear_bg_37.svg\" width=\"228\" height=\"228\" sizes=\"(max-width: 228px) 100vw, 228px\" alt=\"\" \t\tclass=\"so-widget-image\"\/>\n\t<\/div>\n\n<\/div><\/div><\/div><div id=\"panel-w670962ec318ee-0-0-3\" class=\"widget_text so-panel widget widget_custom_html panel-last-child\" data-index=\"3\" ><div class=\"widget_text new_products_cta_buttons panel-widget-style panel-widget-style-for-w670962ec318ee-0-0-3\" ><div class=\"textwidget custom-html-widget\"><div class=\"btns\">\n\t<a href=\"#product_section\" class=\"btn btn-primary\">Productos<\/a>\n\t<a href=\"#related_info_section\" class=\"btn btn-secondary\">Informa\u00e7\u00f5es relacionadas<\/a>\n\t<a href=\"#connect_with_agc_section\" class=\"btn btn-secondary\">Conecte-se com a AGC<\/a>\n<\/div><\/div><\/div><\/div><\/div><\/div><\/div><\/div><\/div><\/div><\/div><\/div><\/div><\/div><\/div><\/div><\/div><\/div><div id=\"pg-27465-1\"  class=\"panel-grid panel-has-style\" ><div class=\"white_text clip_path__lower_right_down single_blog_header siteorigin-panels-stretch panel-row-style panel-row-style-for-27465-1\" data-stretch-type=\"full-width-stretch\" ><div id=\"pgc-27465-1-0\"  class=\"panel-grid-cell\" ><div id=\"panel-27465-1-0-0\" class=\"so-panel widget widget_siteorigin-panels-builder panel-first-child panel-last-child\" data-index=\"2\" ><div class=\"container panel-widget-style panel-widget-style-for-27465-1-0-0\" ><div id=\"pl-w670fd0c33519d\"  class=\"panel-layout\" ><div id=\"pg-w670fd0c33519d-0\"  class=\"panel-grid panel-has-style\" ><div class=\"col-md-9 col-12 m-auto panel-row-style panel-row-style-for-w670fd0c33519d-0\" ><div id=\"pgc-w670fd0c33519d-0-0\"  class=\"panel-grid-cell\" ><div id=\"panel-w670fd0c33519d-0-0-0\" class=\"so-panel widget widget_sow-editor panel-first-child panel-last-child\" data-index=\"0\" ><div\n\t\t\t\n\t\t\tclass=\"so-widget-sow-editor so-widget-sow-editor-base\"\n\t\t\t\n\t\t>\n<div class=\"siteorigin-widget-tinymce textwidget\">\n\t<h2 style=\"text-align: center;\">Os produtos da AGC podem ser utilizados para revestir n\u00e3o-tecidos, materiais de embalagem, tecidos arquitet\u00f4nicos, edif\u00edcios e estruturas externas. Revestimentos de superf\u00edcie de fluoropol\u00edmero transparentes s\u00e3o excelentes para proteger eletr\u00f4nicos, \u00f3pticas, telas sens\u00edveis ao toque e outras superf\u00edcies de vidro.<\/h2>\n<\/div>\n<\/div><\/div><\/div><\/div><\/div><\/div><\/div><\/div><\/div><\/div><\/div><div id=\"pg-27465-2\"  class=\"panel-grid panel-has-style\" ><div id=\"product_section\" class=\"panel-row-style panel-row-style-for-27465-2\" ><div id=\"pgc-27465-2-0\"  class=\"panel-grid-cell\" ><div id=\"panel-27465-2-0-0\" class=\"so-panel widget widget_siteorigin-panels-builder panel-first-child panel-last-child\" data-index=\"3\" ><div id=\"pl-w670fd0c335ef1\"  class=\"panel-layout\" ><div id=\"pg-w670fd0c335ef1-0\"  class=\"panel-grid panel-has-style\" ><div class=\"container panel-row-style panel-row-style-for-w670fd0c335ef1-0\" ><div id=\"pgc-w670fd0c335ef1-0-0\"  class=\"panel-grid-cell\" ><div class=\"category_product_box panel-cell-style panel-cell-style-for-w670fd0c335ef1-0-0\" ><div id=\"panel-w670fd0c335ef1-0-0-0\" class=\"so-panel widget widget_sow-headline panel-first-child\" data-index=\"0\" ><div\n\t\t\t\n\t\t\tclass=\"so-widget-sow-headline so-widget-sow-headline-default-79b1ee9670f6\"\n\t\t\t\n\t\t><div class=\"sow-headline-container \">\n\t\t\t\t\t\t\t<h2 class=\"sow-headline\">\n\t\t\t\t\t\t\t\t\t\t\t\t\t<a href=\"https:\/\/www.agcchem.com\/pt-br\/produtos\/high-performance-coatings-and-agents\/asahi-guard-e-series\/\" target=\"_blank\" rel=\"noopener noreferrer\">\n\t\t\t\t\t\t\t\tRepelentes de \u00e1gua\/\u00f3leo Fluorados<\/a>\t\t\t\t\t\t<\/h2>\n\t\t\t\t\t\t<\/div>\n<\/div><\/div><div id=\"panel-w670fd0c335ef1-0-0-1\" class=\"so-panel widget widget_sow-editor\" data-index=\"1\" ><div\n\t\t\t\n\t\t\tclass=\"so-widget-sow-editor so-widget-sow-editor-base\"\n\t\t\t\n\t\t>\n<div class=\"siteorigin-widget-tinymce textwidget\">\n\t<p>Os produtos Os produtos da linha AsahiGuard E-SERIES s\u00e3o repelentes de \u00e1gua e \u00f3leos fluorados para tecidos, n\u00e3o-tecidos, pap\u00e9is e outros materiais.<\/p>\n<\/div>\n<\/div><\/div><div id=\"panel-w670fd0c335ef1-0-0-2\" class=\"so-panel widget widget_sow-image\" data-index=\"2\" ><div\n\t\t\t\n\t\t\tclass=\"so-widget-sow-image so-widget-sow-image-default-4e6925654b7a\"\n\t\t\t\n\t\t>\n<div class=\"sow-image-container\">\n\t\t\t<a href=\"https:\/\/www.agcchem.com\/pt-br\/produtos\/high-performance-coatings-and-agents\/asahi-guard-e-series\/\"\n\t\t\t\t\t>\n\t\t\t<img \n\tsrc=\"https:\/\/www.agcchem.com\/wp-content\/uploads\/2022\/01\/asashi.png\" width=\"247\" height=\"47\" sizes=\"(max-width: 247px) 100vw, 247px\" alt=\"\" \t\tclass=\"so-widget-image\"\/>\n\t\t\t<\/a><\/div>\n\n<\/div><\/div><div id=\"panel-w670fd0c335ef1-0-0-3\" class=\"so-panel widget widget_sow-headline panel-last-child\" data-index=\"3\" ><div\n\t\t\t\n\t\t\tclass=\"so-widget-sow-headline so-widget-sow-headline-default-2f414743e2fc\"\n\t\t\t\n\t\t><div class=\"sow-headline-container \">\n\t\t\t\t\t\t\t<h6 class=\"sow-headline\">\n\t\t\t\t\t\t\t\t\t\t\t\t\t<a href=\"https:\/\/www.agcchem.com\/pt-br\/produtos\/high-performance-coatings-and-agents\/asahi-guard-e-series\/\" >\n\t\t\t\t\t\t\t\tSaber mais<\/a>\t\t\t\t\t\t<\/h6>\n\t\t\t\t\t\t<\/div>\n<\/div><\/div><\/div><\/div><div id=\"pgc-w670fd0c335ef1-0-1\"  class=\"panel-grid-cell\" ><div class=\"category_product_box panel-cell-style panel-cell-style-for-w670fd0c335ef1-0-1\" ><div id=\"panel-w670fd0c335ef1-0-1-0\" class=\"so-panel widget widget_sow-headline panel-first-child\" data-index=\"4\" ><div\n\t\t\t\n\t\t\tclass=\"so-widget-sow-headline so-widget-sow-headline-default-79b1ee9670f6\"\n\t\t\t\n\t\t><div class=\"sow-headline-container \">\n\t\t\t\t\t\t\t<h2 class=\"sow-headline\">\n\t\t\t\t\t\t\t\t\t\t\t\t\t<a href=\"https:\/\/www.agcchem.com\/pt-br\/produtos\/high-performance-coatings-and-agents\/lumiflon-fluoropolymer-resins\/\" >\n\t\t\t\t\t\t\t\tResinas FEVE<\/a>\t\t\t\t\t\t<\/h2>\n\t\t\t\t\t\t<\/div>\n<\/div><\/div><div id=\"panel-w670fd0c335ef1-0-1-1\" class=\"so-panel widget widget_sow-editor\" data-index=\"5\" ><div\n\t\t\t\n\t\t\tclass=\"so-widget-sow-editor so-widget-sow-editor-base\"\n\t\t\t\n\t\t>\n<div class=\"siteorigin-widget-tinymce textwidget\">\n\t<p>Oferecemos resinas de fluoropol\u00edmero sol\u00faveis em solvente para revestimentos que podem ser curados em temperatura ambiente ou a temperaturas elevadas.<\/p>\n<\/div>\n<\/div><\/div><div id=\"panel-w670fd0c335ef1-0-1-2\" class=\"so-panel widget widget_sow-image\" data-index=\"6\" ><div\n\t\t\t\n\t\t\tclass=\"so-widget-sow-image so-widget-sow-image-default-4e6925654b7a\"\n\t\t\t\n\t\t>\n<div class=\"sow-image-container\">\n\t\t\t<a href=\"https:\/\/www.agcchem.com\/pt-br\/produtos\/high-performance-coatings-and-agents\/lumiflon-fluoropolymer-resins\/\"\n\t\t\t\t\t>\n\t\t\t<img \n\tsrc=\"https:\/\/www.agcchem.com\/wp-content\/uploads\/2022\/01\/lumi.png\" width=\"123\" height=\"79\" sizes=\"(max-width: 123px) 100vw, 123px\" alt=\"\" \t\tclass=\"so-widget-image\"\/>\n\t\t\t<\/a><\/div>\n\n<\/div><\/div><div id=\"panel-w670fd0c335ef1-0-1-3\" class=\"so-panel widget widget_sow-headline panel-last-child\" data-index=\"7\" ><div\n\t\t\t\n\t\t\tclass=\"so-widget-sow-headline so-widget-sow-headline-default-2f414743e2fc\"\n\t\t\t\n\t\t><div class=\"sow-headline-container \">\n\t\t\t\t\t\t\t<h6 class=\"sow-headline\">\n\t\t\t\t\t\t\t\t\t\t\t\t\t<a href=\"https:\/\/www.agcchem.com\/pt-br\/produtos\/high-performance-coatings-and-agents\/lumiflon-fluoropolymer-resins\/\" >\n\t\t\t\t\t\t\t\tSaber mais<\/a>\t\t\t\t\t\t<\/h6>\n\t\t\t\t\t\t<\/div>\n<\/div><\/div><\/div><\/div><\/div><\/div><div id=\"pg-w670fd0c335ef1-1\"  class=\"panel-grid panel-has-style\" ><div class=\"container panel-row-style panel-row-style-for-w670fd0c335ef1-1\" ><div id=\"pgc-w670fd0c335ef1-1-0\"  class=\"panel-grid-cell\" ><div class=\"category_product_box panel-cell-style panel-cell-style-for-w670fd0c335ef1-1-0\" ><div id=\"panel-w670fd0c335ef1-1-0-0\" class=\"so-panel widget widget_sow-headline panel-first-child\" data-index=\"8\" ><div\n\t\t\t\n\t\t\tclass=\"so-widget-sow-headline so-widget-sow-headline-default-79b1ee9670f6\"\n\t\t\t\n\t\t><div class=\"sow-headline-container \">\n\t\t\t\t\t\t\t<h2 class=\"sow-headline\">\n\t\t\t\t\t\t\t\t\t\t\t\t\t<a href=\"https:\/\/www.agcchem.com\/pt-br\/produtos\/high-performance-coatings-and-agents\/fibralast-barrier-technology\/\" >\n\t\t\t\t\t\t\t\tTecnologia de barreira n\u00e3o fluorada<\/a>\t\t\t\t\t\t<\/h2>\n\t\t\t\t\t\t<\/div>\n<\/div><\/div><div id=\"panel-w670fd0c335ef1-1-0-1\" class=\"so-panel widget widget_sow-editor\" data-index=\"9\" ><div\n\t\t\t\n\t\t\tclass=\"so-widget-sow-editor so-widget-sow-editor-base\"\n\t\t\t\n\t\t>\n<div class=\"siteorigin-widget-tinymce textwidget\">\n\t<p>Esses aditivos de revestimento n\u00e3o fluorados protegem produtos de papel contra \u00e1gua e \u00f3leos alimentares. Eles s\u00e3o compat\u00edveis com a FDA para contato com todos os tipos de alimentos.<\/p>\n<\/div>\n<\/div><\/div><div id=\"panel-w670fd0c335ef1-1-0-2\" class=\"so-panel widget widget_sow-image\" data-index=\"10\" ><div\n\t\t\t\n\t\t\tclass=\"so-widget-sow-image so-widget-sow-image-default-4e6925654b7a\"\n\t\t\t\n\t\t>\n<div class=\"sow-image-container\">\n\t\t\t<a href=\"https:\/\/www.agcchem.com\/pt-br\/produtos\/high-performance-coatings-and-agents\/fibralast-barrier-technology\/\"\n\t\t\t\t\t>\n\t\t\t<img \n\tsrc=\"https:\/\/www.agcchem.com\/wp-content\/uploads\/2022\/06\/AG1437_FibraLAST_Logo_Final_NoTagline-300x87.png\" width=\"300\" height=\"87\" srcset=\"https:\/\/www.agcchem.com\/wp-content\/uploads\/2022\/06\/AG1437_FibraLAST_Logo_Final_NoTagline-300x87.png 300w, https:\/\/www.agcchem.com\/wp-content\/uploads\/2022\/06\/AG1437_FibraLAST_Logo_Final_NoTagline-1024x298.png 1024w, https:\/\/www.agcchem.com\/wp-content\/uploads\/2022\/06\/AG1437_FibraLAST_Logo_Final_NoTagline-768x224.png 768w, https:\/\/www.agcchem.com\/wp-content\/uploads\/2022\/06\/AG1437_FibraLAST_Logo_Final_NoTagline-1536x447.png 1536w, https:\/\/www.agcchem.com\/wp-content\/uploads\/2022\/06\/AG1437_FibraLAST_Logo_Final_NoTagline-2048x596.png 2048w\" sizes=\"(max-width: 300px) 100vw, 300px\" alt=\"\" \t\tclass=\"so-widget-image\"\/>\n\t\t\t<\/a><\/div>\n\n<\/div><\/div><div id=\"panel-w670fd0c335ef1-1-0-3\" class=\"so-panel widget widget_sow-headline panel-last-child\" data-index=\"11\" ><div\n\t\t\t\n\t\t\tclass=\"so-widget-sow-headline so-widget-sow-headline-default-2f414743e2fc\"\n\t\t\t\n\t\t><div class=\"sow-headline-container \">\n\t\t\t\t\t\t\t<h6 class=\"sow-headline\">\n\t\t\t\t\t\t\t\t\t\t\t\t\t<a href=\"https:\/\/www.agcchem.com\/pt-br\/produtos\/high-performance-coatings-and-agents\/fibralast-barrier-technology\/\" >\n\t\t\t\t\t\t\t\tSaber mais<\/a>\t\t\t\t\t\t<\/h6>\n\t\t\t\t\t\t<\/div>\n<\/div><\/div><\/div><\/div><div id=\"pgc-w670fd0c335ef1-1-1\"  class=\"panel-grid-cell\" ><div class=\"category_product_box panel-cell-style panel-cell-style-for-w670fd0c335ef1-1-1\" ><div id=\"panel-w670fd0c335ef1-1-1-0\" class=\"so-panel widget widget_sow-headline panel-first-child\" data-index=\"12\" ><div\n\t\t\t\n\t\t\tclass=\"so-widget-sow-headline so-widget-sow-headline-default-79b1ee9670f6\"\n\t\t\t\n\t\t><div class=\"sow-headline-container \">\n\t\t\t\t\t\t\t<h2 class=\"sow-headline\">\n\t\t\t\t\t\t\t\t\t\t\t\t\t<a href=\"https:\/\/www.agcchem.com\/pt-br\/produtos\/high-performance-coatings-and-agents\/cytop\/\" >\n\t\t\t\t\t\t\t\tFluorpol\u00edmeros Amorfos<\/a>\t\t\t\t\t\t<\/h2>\n\t\t\t\t\t\t<\/div>\n<\/div><\/div><div id=\"panel-w670fd0c335ef1-1-1-1\" class=\"so-panel widget widget_sow-editor\" data-index=\"13\" ><div\n\t\t\t\n\t\t\tclass=\"so-widget-sow-editor so-widget-sow-editor-base\"\n\t\t\t\n\t\t>\n<div class=\"siteorigin-widget-tinymce textwidget\">\n\t<p>Os produtos apresentam excelentes propriedades qu\u00edmicas, t\u00e9rmicas, el\u00e9tricas e de superf\u00edcie, semelhantes aos fluoropol\u00edmero convencionais como PTFEs, mas tamb\u00e9m exibem alta transpar\u00eancia \u00f3ptica e boa solubilidade.<\/p>\n<\/div>\n<\/div><\/div><div id=\"panel-w670fd0c335ef1-1-1-2\" class=\"so-panel widget widget_sow-image\" data-index=\"14\" ><div\n\t\t\t\n\t\t\tclass=\"so-widget-sow-image so-widget-sow-image-default-4e6925654b7a\"\n\t\t\t\n\t\t>\n<div class=\"sow-image-container\">\n\t\t\t<a href=\"https:\/\/www.agcchem.com\/pt-br\/produtos\/high-performance-coatings-and-agents\/cytop\/\"\n\t\t\t\t\t>\n\t\t\t<img \n\tsrc=\"https:\/\/www.agcchem.com\/wp-content\/uploads\/2022\/01\/cytop.png\" width=\"127\" height=\"53\" sizes=\"(max-width: 127px) 100vw, 127px\" alt=\"\" \t\tclass=\"so-widget-image\"\/>\n\t\t\t<\/a><\/div>\n\n<\/div><\/div><div id=\"panel-w670fd0c335ef1-1-1-3\" class=\"so-panel widget widget_sow-headline panel-last-child\" data-index=\"15\" ><div\n\t\t\t\n\t\t\tclass=\"so-widget-sow-headline so-widget-sow-headline-default-2f414743e2fc\"\n\t\t\t\n\t\t><div class=\"sow-headline-container \">\n\t\t\t\t\t\t\t<h6 class=\"sow-headline\">\n\t\t\t\t\t\t\t\t\t\t\t\t\t<a href=\"https:\/\/www.agcchem.com\/pt-br\/produtos\/high-performance-coatings-and-agents\/cytop\/\" target=\"_blank\" rel=\"noopener noreferrer\">\n\t\t\t\t\t\t\t\tSaber mais<\/a>\t\t\t\t\t\t<\/h6>\n\t\t\t\t\t\t<\/div>\n<\/div><\/div><\/div><\/div><\/div><\/div><\/div><\/div><\/div><\/div><\/div><div id=\"pg-27465-3\"  class=\"panel-grid panel-has-style\" ><div class=\"container panel-row-style panel-row-style-for-27465-3\" id=\"connect_with_agc_section\" ><div id=\"pgc-27465-3-0\"  class=\"panel-grid-cell\" ><div id=\"panel-27465-3-0-0\" class=\"so-panel widget widget_sow-headline panel-first-child\" data-index=\"4\" ><div class=\"category_page_section_heading panel-widget-style panel-widget-style-for-27465-3-0-0\" ><div\n\t\t\t\n\t\t\tclass=\"so-widget-sow-headline so-widget-sow-headline-default-dc2e19ea66d3-27465\"\n\t\t\t\n\t\t><div class=\"sow-headline-container \">\n\t\t\t\t\t\t\t<h2 class=\"sow-headline\">\n\t\t\t\t\t\tConecte-se com a AGC\t\t\t\t\t\t<\/h2>\n\t\t\t\t\t\t\t\t\t\t\t<div class=\"decoration\">\n\t\t\t\t\t\t<div class=\"decoration-inside\"><\/div>\n\t\t\t\t\t<\/div>\n\t\t\t\t\t<\/div>\n<\/div><\/div><\/div><div id=\"panel-27465-3-0-1\" class=\"so-panel widget widget_sow-editor panel-last-child\" data-index=\"5\" ><div\n\t\t\t\n\t\t\tclass=\"so-widget-sow-editor so-widget-sow-editor-base\"\n\t\t\t\n\t\t>\n<div class=\"siteorigin-widget-tinymce textwidget\">\n\t\r\n   \r\n      \r\n         <ul class=\"connect_with_agc_with_icon\">\r\n            <li>\r\n               <img decoding=\"async\" src=\"https:\/\/www.agcchem.com\/wp-content\/themes\/agcchemicals\/images\/phone_icon_cat.png\">\r\n               <span>Customer & product inquiries: <a href=\"tel:+55-11 99673-9340\">+55-11 99673-9340<\/a><\/span>\r\n            <\/li>\r\n            <li>\r\n               <img decoding=\"async\" src=\"https:\/\/www.agcchem.com\/wp-content\/themes\/agcchemicals\/images\/phone_icon_cat.png\">\r\n               <span>All other inquiries: <a href=\"tel:+55-12 3127-7154\">+55-12 3127-7154<\/a><\/span>\r\n            <\/li>            \r\n         <\/ul>\r\n\r\n\r\n      \r\n\r\n   \r\n\r\n\n<\/div>\n<\/div><\/div><\/div><\/div><\/div><\/div>","protected":false},"excerpt":{"rendered":"<p>Recubrimientos de alto rendimiento A for\u00e7a, durabilidade, resist\u00eancia e propriedades repelentes tornam os fluoropol\u00edmero excelentes para revestimentos em uma variedade de aplica\u00e7\u00f5es. Productos Informa\u00e7\u00f5es relacionadas Conecte-se com a AGC Os produtos da AGC podem ser utilizados para revestir n\u00e3o-tecidos, materiais&#8230;<\/p>\n","protected":false},"author":2,"featured_media":0,"parent":4151,"menu_order":0,"comment_status":"closed","ping_status":"closed","template":"","meta":{"_acf_changed":false,"inline_featured_image":false,"footnotes":""},"class_list":["post-27465","page","type-page","status-publish","hentry"],"acf":[],"_links":{"self":[{"href":"https:\/\/www.agcchem.com\/pt-br\/wp-json\/wp\/v2\/pages\/27465","targetHints":{"allow":["GET"]}}],"collection":[{"href":"https:\/\/www.agcchem.com\/pt-br\/wp-json\/wp\/v2\/pages"}],"about":[{"href":"https:\/\/www.agcchem.com\/pt-br\/wp-json\/wp\/v2\/types\/page"}],"author":[{"embeddable":true,"href":"https:\/\/www.agcchem.com\/pt-br\/wp-json\/wp\/v2\/users\/2"}],"replies":[{"embeddable":true,"href":"https:\/\/www.agcchem.com\/pt-br\/wp-json\/wp\/v2\/comments?post=27465"}],"version-history":[{"count":0,"href":"https:\/\/www.agcchem.com\/pt-br\/wp-json\/wp\/v2\/pages\/27465\/revisions"}],"up":[{"embeddable":true,"href":"https:\/\/www.agcchem.com\/pt-br\/wp-json\/wp\/v2\/pages\/4151"}],"wp:attachment":[{"href":"https:\/\/www.agcchem.com\/pt-br\/wp-json\/wp\/v2\/media?parent=27465"}],"curies":[{"name":"wp","href":"https:\/\/api.w.org\/{rel}","templated":true}]}}