{"id":27467,"date":"2024-09-11T16:53:28","date_gmt":"2024-09-11T16:53:28","guid":{"rendered":"https:\/\/www.agcchem.com\/produtos\/etfe-and-greenhouse-films\/"},"modified":"2024-10-16T14:45:59","modified_gmt":"2024-10-16T14:45:59","slug":"etfe-and-greenhouse-films","status":"publish","type":"page","link":"https:\/\/www.agcchem.com\/pt-br\/produtos\/etfe-and-greenhouse-films\/","title":{"rendered":"ETFE e Pel\u00edculas de Efeito Estufa"},"content":{"rendered":"<div id=\"pl-27467\"  class=\"panel-layout\" ><div id=\"pg-27467-0\"  class=\"panel-grid panel-has-style\" ><div class=\"home-slider global_hero_section siteorigin-panels-stretch panel-row-style panel-row-style-for-27467-0\" data-stretch-type=\"full-width-stretch\" ><div id=\"pgc-27467-0-0\"  class=\"panel-grid-cell\" ><div id=\"panel-27467-0-0-0\" class=\"so-panel widget widget_sow-image panel-first-child\" data-index=\"0\" ><div class=\"hero_big_image panel-widget-style panel-widget-style-for-27467-0-0-0\" ><div\n\t\t\t\n\t\t\tclass=\"so-widget-sow-image so-widget-sow-image-default-e4c2d9f6c920-27467\"\n\t\t\t\n\t\t>\n<div class=\"sow-image-container\">\n\t\t<img \n\tsrc=\"https:\/\/www.agcchem.com\/wp-content\/uploads\/2024\/03\/slide_1-scaled.jpg\" width=\"2560\" height=\"1762\" srcset=\"https:\/\/www.agcchem.com\/wp-content\/uploads\/2024\/03\/slide_1-scaled.jpg 2560w, https:\/\/www.agcchem.com\/wp-content\/uploads\/2024\/03\/slide_1-300x207.jpg 300w, https:\/\/www.agcchem.com\/wp-content\/uploads\/2024\/03\/slide_1-1024x705.jpg 1024w, https:\/\/www.agcchem.com\/wp-content\/uploads\/2024\/03\/slide_1-768x529.jpg 768w, https:\/\/www.agcchem.com\/wp-content\/uploads\/2024\/03\/slide_1-1536x1057.jpg 1536w, https:\/\/www.agcchem.com\/wp-content\/uploads\/2024\/03\/slide_1-2048x1410.jpg 2048w\" sizes=\"(max-width: 2560px) 100vw, 2560px\" title=\"slide_1\" alt=\"\" \t\tclass=\"so-widget-image\"\/>\n\t<\/div>\n\n<\/div><\/div><\/div><div id=\"panel-27467-0-0-1\" class=\"so-panel widget widget_siteorigin-panels-builder panel-last-child\" data-index=\"1\" ><div class=\"home-slide-content white_text panel-widget-style panel-widget-style-for-27467-0-0-1\" ><div id=\"pl-w6709634ceeb20\"  class=\"panel-layout\" ><div id=\"pg-w6709634ceeb20-0\"  class=\"panel-grid panel-no-style\" ><div id=\"pgc-w6709634ceeb20-0-0\"  class=\"panel-grid-cell\" ><div id=\"panel-w6709634ceeb20-0-0-0\" class=\"widget_text so-panel widget widget_custom_html panel-first-child\" data-index=\"0\" ><div class=\"textwidget custom-html-widget\"><div class=\"home-bg\"><\/div><\/div><\/div><div id=\"panel-w6709634ceeb20-0-0-1\" class=\"so-panel widget widget_siteorigin-panels-builder panel-last-child\" data-index=\"1\" ><div class=\"container panel-widget-style panel-widget-style-for-w6709634ceeb20-0-0-1\" ><div id=\"pl-w6709634ceeb2c\"  class=\"panel-layout\" ><div id=\"pg-w6709634ceeb2c-0\"  class=\"panel-grid panel-has-style\" ><div class=\"home-slid-inner panel-row-style panel-row-style-for-w6709634ceeb2c-0\" ><div id=\"pgc-w6709634ceeb2c-0-0\"  class=\"panel-grid-cell\" ><div id=\"panel-w6709634ceeb2c-0-0-0\" class=\"so-panel widget widget_sow-headline panel-first-child\" data-index=\"0\" ><div\n\t\t\t\n\t\t\tclass=\"so-widget-sow-headline so-widget-sow-headline-default-704e7542437d\"\n\t\t\t\n\t\t><div class=\"sow-headline-container \">\n\t\t\t\t\t\t\t<h1 class=\"sow-headline\">\n\t\t\t\t\t\tETFE e Pel\u00edculas de Efeito Estufa\t\t\t\t\t\t<\/h1>\n\t\t\t\t\t\t\t\t\t\t\t\t<h3 class=\"sow-sub-headline\">\n\t\t\t\t\t\tA AGC produz dois tipos de filmes de etileno tetrafluoretileno (ETFE) de alto desempenho, que s\u00e3o mais leves e dur\u00e1veis que o vidro.\t\t\t\t\t\t<\/h3>\n\t\t\t\t\t\t<\/div>\n<\/div><\/div><div id=\"panel-w6709634ceeb2c-0-0-1\" class=\"so-panel widget widget_sow-image\" data-index=\"1\" ><div class=\"gear_bg_twentyseven panel-widget-style panel-widget-style-for-w6709634ceeb2c-0-0-1\" ><div\n\t\t\t\n\t\t\tclass=\"so-widget-sow-image so-widget-sow-image-default-8b5b6f678277\"\n\t\t\t\n\t\t>\n<div class=\"sow-image-container\">\n\t\t<img \n\tsrc=\"https:\/\/www.agcchem.com\/wp-content\/uploads\/2024\/03\/gear_bg_27.svg\" width=\"279\" height=\"279\" sizes=\"(max-width: 279px) 100vw, 279px\" alt=\"\" \t\tclass=\"so-widget-image\"\/>\n\t<\/div>\n\n<\/div><\/div><\/div><div id=\"panel-w6709634ceeb2c-0-0-2\" class=\"so-panel widget widget_sow-image\" data-index=\"2\" ><div class=\"gear_bg_thirtyseven panel-widget-style panel-widget-style-for-w6709634ceeb2c-0-0-2\" ><div\n\t\t\t\n\t\t\tclass=\"so-widget-sow-image so-widget-sow-image-default-8b5b6f678277\"\n\t\t\t\n\t\t>\n<div class=\"sow-image-container\">\n\t\t<img \n\tsrc=\"https:\/\/www.agcchem.com\/wp-content\/uploads\/2024\/03\/gear_bg_37.svg\" width=\"228\" height=\"228\" sizes=\"(max-width: 228px) 100vw, 228px\" alt=\"\" \t\tclass=\"so-widget-image\"\/>\n\t<\/div>\n\n<\/div><\/div><\/div><div id=\"panel-w6709634ceeb2c-0-0-3\" class=\"widget_text so-panel widget widget_custom_html panel-last-child\" data-index=\"3\" ><div class=\"widget_text new_products_cta_buttons panel-widget-style panel-widget-style-for-w6709634ceeb2c-0-0-3\" ><div class=\"textwidget custom-html-widget\"><div class=\"btns\">\n\t<a href=\"#product_section\" class=\"btn btn-primary\">Productos<\/a>\n\t<a href=\"#related_info_section\" class=\"btn btn-secondary\">Informa\u00e7\u00f5es relacionadas<\/a>\n\t<a href=\"#connect_with_agc_section\" class=\"btn btn-secondary\">Conecte-se com a AGC<\/a>\n<\/div><\/div><\/div><\/div><\/div><\/div><\/div><\/div><\/div><\/div><\/div><\/div><\/div><\/div><\/div><\/div><\/div><\/div><div id=\"pg-27467-1\"  class=\"panel-grid panel-has-style\" ><div class=\"white_text clip_path__lower_right_down single_blog_header siteorigin-panels-stretch panel-row-style panel-row-style-for-27467-1\" data-stretch-type=\"full-width-stretch\" ><div id=\"pgc-27467-1-0\"  class=\"panel-grid-cell\" ><div id=\"panel-27467-1-0-0\" class=\"so-panel widget widget_siteorigin-panels-builder panel-first-child panel-last-child\" data-index=\"2\" ><div class=\"container panel-widget-style panel-widget-style-for-27467-1-0-0\" ><div id=\"pl-w670fd1a7dc998\"  class=\"panel-layout\" ><div id=\"pg-w670fd1a7dc998-0\"  class=\"panel-grid panel-has-style\" ><div class=\"col-md-9 col-12 m-auto panel-row-style panel-row-style-for-w670fd1a7dc998-0\" ><div id=\"pgc-w670fd1a7dc998-0-0\"  class=\"panel-grid-cell\" ><div id=\"panel-w670fd1a7dc998-0-0-0\" class=\"so-panel widget widget_sow-editor panel-first-child panel-last-child\" data-index=\"0\" ><div\n\t\t\t\n\t\t\tclass=\"so-widget-sow-editor so-widget-sow-editor-base\"\n\t\t\t\n\t\t>\n<div class=\"siteorigin-widget-tinymce textwidget\">\n\t<h2 style=\"text-align: center;\">Fluon\u00ae\ufe0f ETFE \u00e9 utilizado em aplica\u00e7\u00f5es arquitet\u00f4nicas ao redor do mundo, pois apresenta excepcional transpar\u00eancia, propriedades antiincrustante e durabilidade. O filme F-CLEAN\u2122\ufe0f ETFE \u00e9 usado como cobertura de estufas, pois permite a entrada de mais luz do que vidro, filme de PE, policarbonato e chapas de PMMA.<\/h2>\n<\/div>\n<\/div><\/div><\/div><\/div><\/div><\/div><\/div><\/div><\/div><\/div><\/div><div id=\"pg-27467-2\"  class=\"panel-grid panel-has-style\" ><div id=\"product_section\" class=\"panel-row-style panel-row-style-for-27467-2\" ><div id=\"pgc-27467-2-0\"  class=\"panel-grid-cell\" ><div id=\"panel-27467-2-0-0\" class=\"so-panel widget widget_siteorigin-panels-builder panel-first-child panel-last-child\" data-index=\"3\" ><div id=\"pl-w670fd1a7dd38f\"  class=\"panel-layout\" ><div id=\"pg-w670fd1a7dd38f-0\"  class=\"panel-grid panel-has-style\" ><div class=\"container panel-row-style panel-row-style-for-w670fd1a7dd38f-0\" ><div id=\"pgc-w670fd1a7dd38f-0-0\"  class=\"panel-grid-cell\" ><div class=\"category_product_box panel-cell-style panel-cell-style-for-w670fd1a7dd38f-0-0\" ><div id=\"panel-w670fd1a7dd38f-0-0-0\" class=\"so-panel widget widget_sow-headline panel-first-child\" data-index=\"0\" ><div\n\t\t\t\n\t\t\tclass=\"so-widget-sow-headline so-widget-sow-headline-default-79b1ee9670f6\"\n\t\t\t\n\t\t><div class=\"sow-headline-container \">\n\t\t\t\t\t\t\t<h2 class=\"sow-headline\">\n\t\t\t\t\t\t\t\t\t\t\t\t\t<a href=\"https:\/\/www.agcchem.com\/pt-br\/produtos\/etfe-and-greenhouse-films\/fluon-etfe-filme\/\" >\n\t\t\t\t\t\t\t\tPel\u00edcula ETFE<\/a>\t\t\t\t\t\t<\/h2>\n\t\t\t\t\t\t<\/div>\n<\/div><\/div><div id=\"panel-w670fd1a7dd38f-0-0-1\" class=\"so-panel widget widget_text\" data-index=\"1\" >\t\t\t<div class=\"textwidget\"><p>Os filmes de ETFE s\u00e3o ideais para uma ampla variedade de aplica\u00e7\u00f5es, que v\u00e3o desde c\u00e9lulas solares at\u00e9 fachadas arquitet\u00f4nicas.<\/p>\n<\/div>\n\t\t<\/div><div id=\"panel-w670fd1a7dd38f-0-0-2\" class=\"so-panel widget widget_sow-image\" data-index=\"2\" ><div\n\t\t\t\n\t\t\tclass=\"so-widget-sow-image so-widget-sow-image-default-4e6925654b7a\"\n\t\t\t\n\t\t>\n<div class=\"sow-image-container\">\n\t\t\t<a href=\"\/products\/fluonetfe-film\/\"\n\t\t\t\t\t>\n\t\t\t<img \n\tsrc=\"https:\/\/www.agcchem.com\/wp-content\/uploads\/2022\/04\/etfe-film.png\" width=\"220\" height=\"50\" sizes=\"(max-width: 220px) 100vw, 220px\" alt=\"\" \t\tclass=\"so-widget-image\"\/>\n\t\t\t<\/a><\/div>\n\n<\/div><\/div><div id=\"panel-w670fd1a7dd38f-0-0-3\" class=\"so-panel widget widget_sow-headline panel-last-child\" data-index=\"3\" ><div\n\t\t\t\n\t\t\tclass=\"so-widget-sow-headline so-widget-sow-headline-default-2f414743e2fc\"\n\t\t\t\n\t\t><div class=\"sow-headline-container \">\n\t\t\t\t\t\t\t<h6 class=\"sow-headline\">\n\t\t\t\t\t\t\t\t\t\t\t\t\t<a href=\"https:\/\/www.agcchem.com\/pt-br\/produtos\/etfe-and-greenhouse-films\/fluon-etfe-filme\/\" >\n\t\t\t\t\t\t\t\tSaber mais<\/a>\t\t\t\t\t\t<\/h6>\n\t\t\t\t\t\t<\/div>\n<\/div><\/div><\/div><\/div><div id=\"pgc-w670fd1a7dd38f-0-1\"  class=\"panel-grid-cell\" ><div class=\"category_product_box panel-cell-style panel-cell-style-for-w670fd1a7dd38f-0-1\" ><div id=\"panel-w670fd1a7dd38f-0-1-0\" class=\"so-panel widget widget_sow-headline panel-first-child\" data-index=\"4\" ><div\n\t\t\t\n\t\t\tclass=\"so-widget-sow-headline so-widget-sow-headline-default-79b1ee9670f6\"\n\t\t\t\n\t\t><div class=\"sow-headline-container \">\n\t\t\t\t\t\t\t<h2 class=\"sow-headline\">\n\t\t\t\t\t\t\t\t\t\t\t\t\t<a href=\"https:\/\/www.agcchem.com\/pt-br\/produtos\/etfe-and-greenhouse-films\/peliculas-para-estufa-f-clean\/\" target=\"_blank\" rel=\"noopener noreferrer\">\n\t\t\t\t\t\t\t\tPel\u00edculas para estufas<\/a>\t\t\t\t\t\t<\/h2>\n\t\t\t\t\t\t<\/div>\n<\/div><\/div><div id=\"panel-w670fd1a7dd38f-0-1-1\" class=\"so-panel widget widget_text\" data-index=\"5\" >\t\t\t<div class=\"textwidget\"><p>Material leve e dur\u00e1vel que permite a entrada de mais luz do que vidro, filme de PE, policarbonato e chapas de PMMA.<\/p>\n<\/div>\n\t\t<\/div><div id=\"panel-w670fd1a7dd38f-0-1-2\" class=\"so-panel widget widget_sow-image\" data-index=\"6\" ><div class=\"panel-widget-style panel-widget-style-for-w670fd1a7dd38f-0-1-2\" ><div\n\t\t\t\n\t\t\tclass=\"so-widget-sow-image so-widget-sow-image-default-c67d20f9f743\"\n\t\t\t\n\t\t>\n<div class=\"sow-image-container\">\n\t\t\t<a href=\"\/products\/f-clean-greenhouse-film\/\"\n\t\t\t\t\t>\n\t\t\t<img \n\tsrc=\"https:\/\/www.agcchem.com\/wp-content\/uploads\/2022\/04\/f-clean.png\" width=\"261\" height=\"49\" sizes=\"(max-width: 261px) 100vw, 261px\" alt=\"\" \t\tclass=\"so-widget-image\"\/>\n\t\t\t<\/a><\/div>\n\n<\/div><\/div><\/div><div id=\"panel-w670fd1a7dd38f-0-1-3\" class=\"so-panel widget widget_sow-headline panel-last-child\" data-index=\"7\" ><div\n\t\t\t\n\t\t\tclass=\"so-widget-sow-headline so-widget-sow-headline-default-2f414743e2fc\"\n\t\t\t\n\t\t><div class=\"sow-headline-container \">\n\t\t\t\t\t\t\t<h6 class=\"sow-headline\">\n\t\t\t\t\t\t\t\t\t\t\t\t\t<a href=\"https:\/\/www.agcchem.com\/pt-br\/produtos\/etfe-and-greenhouse-films\/peliculas-para-estufa-f-clean\/\" target=\"_blank\" rel=\"noopener noreferrer\">\n\t\t\t\t\t\t\t\tSaber mais<\/a>\t\t\t\t\t\t<\/h6>\n\t\t\t\t\t\t<\/div>\n<\/div><\/div><\/div><\/div><\/div><\/div><\/div><\/div><\/div><\/div><\/div><div id=\"pg-27467-4\"  class=\"panel-grid panel-has-style\" ><div class=\"container panel-row-style panel-row-style-for-27467-4\" id=\"connect_with_agc_section\" ><div id=\"pgc-27467-4-0\"  class=\"panel-grid-cell\" ><div id=\"panel-27467-4-0-0\" class=\"so-panel widget widget_sow-headline panel-first-child\" data-index=\"6\" ><div class=\"category_page_section_heading panel-widget-style panel-widget-style-for-27467-4-0-0\" ><div\n\t\t\t\n\t\t\tclass=\"so-widget-sow-headline so-widget-sow-headline-default-dc2e19ea66d3-27467\"\n\t\t\t\n\t\t><div class=\"sow-headline-container \">\n\t\t\t\t\t\t\t<h2 class=\"sow-headline\">\n\t\t\t\t\t\tConecte-se com a AGC\t\t\t\t\t\t<\/h2>\n\t\t\t\t\t\t\t\t\t\t\t<div class=\"decoration\">\n\t\t\t\t\t\t<div class=\"decoration-inside\"><\/div>\n\t\t\t\t\t<\/div>\n\t\t\t\t\t<\/div>\n<\/div><\/div><\/div><div id=\"panel-27467-4-0-1\" class=\"so-panel widget widget_sow-editor panel-last-child\" data-index=\"7\" ><div\n\t\t\t\n\t\t\tclass=\"so-widget-sow-editor so-widget-sow-editor-base\"\n\t\t\t\n\t\t>\n<div class=\"siteorigin-widget-tinymce textwidget\">\n\t\r\n   \r\n      \r\n         <ul class=\"connect_with_agc_with_icon\">\r\n            <li>\r\n               <img decoding=\"async\" src=\"https:\/\/www.agcchem.com\/wp-content\/themes\/agcchemicals\/images\/phone_icon_cat.png\">\r\n               <span>Customer & product inquiries: <a href=\"tel:+55-11 99673-9340\">+55-11 99673-9340<\/a><\/span>\r\n            <\/li>\r\n            <li>\r\n               <img decoding=\"async\" src=\"https:\/\/www.agcchem.com\/wp-content\/themes\/agcchemicals\/images\/phone_icon_cat.png\">\r\n               <span>All other inquiries: <a href=\"tel:+55-12 3127-7154\">+55-12 3127-7154<\/a><\/span>\r\n            <\/li>            \r\n         <\/ul>\r\n\r\n\r\n      \r\n\r\n   \r\n\r\n\n<\/div>\n<\/div><\/div><\/div><\/div><\/div><\/div>","protected":false},"excerpt":{"rendered":"<p>ETFE e Pel\u00edculas de Efeito Estufa A AGC produz dois tipos de filmes de etileno tetrafluoretileno (ETFE) de alto desempenho, que s\u00e3o mais leves e dur\u00e1veis que o vidro. Productos Informa\u00e7\u00f5es relacionadas Conecte-se com a AGC Fluon\u00ae\ufe0f ETFE \u00e9 utilizado&#8230;<\/p>\n","protected":false},"author":2,"featured_media":15095,"parent":4151,"menu_order":0,"comment_status":"closed","ping_status":"closed","template":"","meta":{"_acf_changed":false,"inline_featured_image":false,"footnotes":""},"class_list":["post-27467","page","type-page","status-publish","has-post-thumbnail","hentry"],"acf":[],"_links":{"self":[{"href":"https:\/\/www.agcchem.com\/pt-br\/wp-json\/wp\/v2\/pages\/27467","targetHints":{"allow":["GET"]}}],"collection":[{"href":"https:\/\/www.agcchem.com\/pt-br\/wp-json\/wp\/v2\/pages"}],"about":[{"href":"https:\/\/www.agcchem.com\/pt-br\/wp-json\/wp\/v2\/types\/page"}],"author":[{"embeddable":true,"href":"https:\/\/www.agcchem.com\/pt-br\/wp-json\/wp\/v2\/users\/2"}],"replies":[{"embeddable":true,"href":"https:\/\/www.agcchem.com\/pt-br\/wp-json\/wp\/v2\/comments?post=27467"}],"version-history":[{"count":0,"href":"https:\/\/www.agcchem.com\/pt-br\/wp-json\/wp\/v2\/pages\/27467\/revisions"}],"up":[{"embeddable":true,"href":"https:\/\/www.agcchem.com\/pt-br\/wp-json\/wp\/v2\/pages\/4151"}],"wp:featuredmedia":[{"embeddable":true,"href":"https:\/\/www.agcchem.com\/pt-br\/wp-json\/wp\/v2\/media\/15095"}],"wp:attachment":[{"href":"https:\/\/www.agcchem.com\/pt-br\/wp-json\/wp\/v2\/media?parent=27467"}],"curies":[{"name":"wp","href":"https:\/\/api.w.org\/{rel}","templated":true}]}}