{"id":27469,"date":"2024-09-11T16:56:41","date_gmt":"2024-09-11T16:56:41","guid":{"rendered":"https:\/\/www.agcchem.com\/produtos\/forblue-membranes-and-dispersions\/"},"modified":"2024-10-16T14:50:39","modified_gmt":"2024-10-16T14:50:39","slug":"forblue-membranes-and-dispersions","status":"publish","type":"page","link":"https:\/\/www.agcchem.com\/pt-br\/produtos\/forblue-membranes-and-dispersions\/","title":{"rendered":"Membranas e Dispers\u00f5es FORBLUE\u2122"},"content":{"rendered":"<div id=\"pl-27469\"  class=\"panel-layout\" ><div id=\"pg-27469-0\"  class=\"panel-grid panel-has-style\" ><div class=\"home-slider global_hero_section siteorigin-panels-stretch panel-row-style panel-row-style-for-27469-0\" data-stretch-type=\"full-width-stretch\" ><div id=\"pgc-27469-0-0\"  class=\"panel-grid-cell\" ><div id=\"panel-27469-0-0-0\" class=\"so-panel widget widget_sow-image panel-first-child\" data-index=\"0\" ><div class=\"hero_big_image panel-widget-style panel-widget-style-for-27469-0-0-0\" ><div\n\t\t\t\n\t\t\tclass=\"so-widget-sow-image so-widget-sow-image-default-e4c2d9f6c920-27469\"\n\t\t\t\n\t\t>\n<div class=\"sow-image-container\">\n\t\t<img \n\tsrc=\"https:\/\/www.agcchem.com\/wp-content\/uploads\/2024\/04\/forblue-flemion-hero.png\" width=\"1400\" height=\"600\" srcset=\"https:\/\/www.agcchem.com\/wp-content\/uploads\/2024\/04\/forblue-flemion-hero.png 1400w, https:\/\/www.agcchem.com\/wp-content\/uploads\/2024\/04\/forblue-flemion-hero-300x129.png 300w, https:\/\/www.agcchem.com\/wp-content\/uploads\/2024\/04\/forblue-flemion-hero-1024x439.png 1024w, https:\/\/www.agcchem.com\/wp-content\/uploads\/2024\/04\/forblue-flemion-hero-768x329.png 768w\" sizes=\"(max-width: 1400px) 100vw, 1400px\" alt=\"\" \t\tclass=\"so-widget-image\"\/>\n\t<\/div>\n\n<\/div><\/div><\/div><div id=\"panel-27469-0-0-1\" class=\"so-panel widget widget_siteorigin-panels-builder panel-last-child\" data-index=\"1\" ><div class=\"home-slide-content white_text panel-widget-style panel-widget-style-for-27469-0-0-1\" ><div id=\"pl-w670963b6c458a\"  class=\"panel-layout\" ><div id=\"pg-w670963b6c458a-0\"  class=\"panel-grid panel-no-style\" ><div id=\"pgc-w670963b6c458a-0-0\"  class=\"panel-grid-cell\" ><div id=\"panel-w670963b6c458a-0-0-0\" class=\"widget_text so-panel widget widget_custom_html panel-first-child\" data-index=\"0\" ><div class=\"textwidget custom-html-widget\"><div class=\"home-bg\"><\/div><\/div><\/div><div id=\"panel-w670963b6c458a-0-0-1\" class=\"so-panel widget widget_siteorigin-panels-builder panel-last-child\" data-index=\"1\" ><div class=\"container panel-widget-style panel-widget-style-for-w670963b6c458a-0-0-1\" ><div id=\"pl-w670963b6c4593\"  class=\"panel-layout\" ><div id=\"pg-w670963b6c4593-0\"  class=\"panel-grid panel-has-style\" ><div class=\"home-slid-inner panel-row-style panel-row-style-for-w670963b6c4593-0\" ><div id=\"pgc-w670963b6c4593-0-0\"  class=\"panel-grid-cell\" ><div id=\"panel-w670963b6c4593-0-0-0\" class=\"so-panel widget widget_sow-headline panel-first-child\" data-index=\"0\" ><div\n\t\t\t\n\t\t\tclass=\"so-widget-sow-headline so-widget-sow-headline-default-704e7542437d\"\n\t\t\t\n\t\t><div class=\"sow-headline-container \">\n\t\t\t\t\t\t\t<h1 class=\"sow-headline\">\n\t\t\t\t\t\tMembranas e Dispers\u00f5es FORBLUE\u2122\t\t\t\t\t\t<\/h1>\n\t\t\t\t\t\t\t\t\t\t\t\t<h3 class=\"sow-sub-headline\">\n\t\t\t\t\t\tA AGC lan\u00e7ou a marca FORBLUE\u2122 em 2017, oferecendo novas solu\u00e7\u00f5es de separa\u00e7\u00e3o para diversos produtos qu\u00edmicos. Esta marca inclui produtos como membranas para eletroqu\u00edmica, eletr\u00f3lise cloro-\u00e1lcali, di\u00e1lise eletro\/difusiva; dispers\u00f5es de eletr\u00f3lito de pol\u00edmero perfluorado para c\u00e9lulas de combust\u00edvel e eletr\u00f3lise de \u00e1gua; e secadores de g\u00e1s de membrana para aplica\u00e7\u00f5es m\u00e9dicas e pneum\u00e1ticas.\t\t\t\t\t\t<\/h3>\n\t\t\t\t\t\t<\/div>\n<\/div><\/div><div id=\"panel-w670963b6c4593-0-0-1\" class=\"so-panel widget widget_sow-image\" data-index=\"1\" ><div class=\"gear_bg_twentyseven panel-widget-style panel-widget-style-for-w670963b6c4593-0-0-1\" ><div\n\t\t\t\n\t\t\tclass=\"so-widget-sow-image so-widget-sow-image-default-8b5b6f678277\"\n\t\t\t\n\t\t>\n<div class=\"sow-image-container\">\n\t\t<img \n\tsrc=\"https:\/\/www.agcchem.com\/wp-content\/uploads\/2024\/03\/gear_bg_27.svg\" width=\"279\" height=\"279\" sizes=\"(max-width: 279px) 100vw, 279px\" alt=\"\" \t\tclass=\"so-widget-image\"\/>\n\t<\/div>\n\n<\/div><\/div><\/div><div id=\"panel-w670963b6c4593-0-0-2\" class=\"so-panel widget widget_sow-image\" data-index=\"2\" ><div class=\"gear_bg_thirtyseven panel-widget-style panel-widget-style-for-w670963b6c4593-0-0-2\" ><div\n\t\t\t\n\t\t\tclass=\"so-widget-sow-image so-widget-sow-image-default-8b5b6f678277\"\n\t\t\t\n\t\t>\n<div class=\"sow-image-container\">\n\t\t<img \n\tsrc=\"https:\/\/www.agcchem.com\/wp-content\/uploads\/2024\/03\/gear_bg_37.svg\" width=\"228\" height=\"228\" sizes=\"(max-width: 228px) 100vw, 228px\" alt=\"\" \t\tclass=\"so-widget-image\"\/>\n\t<\/div>\n\n<\/div><\/div><\/div><div id=\"panel-w670963b6c4593-0-0-3\" class=\"widget_text so-panel widget widget_custom_html panel-last-child\" data-index=\"3\" ><div class=\"widget_text new_products_cta_buttons panel-widget-style panel-widget-style-for-w670963b6c4593-0-0-3\" ><div class=\"textwidget custom-html-widget\"><div class=\"btns\">\n\t<a href=\"#product_section\" class=\"btn btn-primary\">Productos<\/a>\n\t<a href=\"#related_info_section\" class=\"btn btn-secondary\">Informa\u00e7\u00f5es relacionadas<\/a>\n\t<a href=\"#connect_with_agc_section\" class=\"btn btn-secondary\">Conecte-se com a AGC<\/a>\n<\/div><\/div><\/div><\/div><\/div><\/div><\/div><\/div><\/div><\/div><\/div><\/div><\/div><\/div><\/div><\/div><\/div><\/div><div id=\"pg-27469-1\"  class=\"panel-grid panel-has-style\" ><div class=\"white_text clip_path__lower_right_down single_blog_header siteorigin-panels-stretch panel-row-style panel-row-style-for-27469-1\" data-stretch-type=\"full-width-stretch\" ><div id=\"pgc-27469-1-0\"  class=\"panel-grid-cell\" ><div id=\"panel-27469-1-0-0\" class=\"so-panel widget widget_siteorigin-panels-builder panel-first-child panel-last-child\" data-index=\"2\" ><div class=\"container panel-widget-style panel-widget-style-for-27469-1-0-0\" ><div id=\"pl-w670fd2bf22e8d\"  class=\"panel-layout\" ><div id=\"pg-w670fd2bf22e8d-0\"  class=\"panel-grid panel-has-style\" ><div class=\"col-md-9 col-12 m-auto panel-row-style panel-row-style-for-w670fd2bf22e8d-0\" ><div id=\"pgc-w670fd2bf22e8d-0-0\"  class=\"panel-grid-cell\" ><div id=\"panel-w670fd2bf22e8d-0-0-0\" class=\"so-panel widget widget_sow-editor panel-first-child panel-last-child\" data-index=\"0\" ><div\n\t\t\t\n\t\t\tclass=\"so-widget-sow-editor so-widget-sow-editor-base\"\n\t\t\t\n\t\t>\n<div class=\"siteorigin-widget-tinymce textwidget\">\n\t<h2 style=\"text-align: center;\">Os produtos FORBLUE s\u00e3o utilizados em diversas ind\u00fastrias, incluindo produ\u00e7\u00e3o de H2, produ\u00e7\u00e3o de Cl2, recupera\u00e7\u00e3o de \u00e1cidos, tratamento de \u00e1guas residuais, remo\u00e7\u00e3o de sal, dessaliniza\u00e7\u00e3o de \u00e1guas subterr\u00e2neas e c\u00e9lulas de combust\u00edvel.<\/h2>\n<\/div>\n<\/div><\/div><\/div><\/div><\/div><\/div><\/div><\/div><\/div><\/div><\/div><div id=\"pg-27469-2\"  class=\"panel-grid panel-has-style\" ><div id=\"product_section\" class=\"panel-row-style panel-row-style-for-27469-2\" ><div id=\"pgc-27469-2-0\"  class=\"panel-grid-cell\" ><div id=\"panel-27469-2-0-0\" class=\"so-panel widget widget_siteorigin-panels-builder panel-first-child panel-last-child\" data-index=\"3\" ><div id=\"pl-w670fd2bf235ee\"  class=\"panel-layout\" ><div id=\"pg-w670fd2bf235ee-0\"  class=\"panel-grid panel-has-style\" ><div class=\"container panel-row-style panel-row-style-for-w670fd2bf235ee-0\" ><div id=\"pgc-w670fd2bf235ee-0-0\"  class=\"panel-grid-cell\" ><div class=\"category_product_box panel-cell-style panel-cell-style-for-w670fd2bf235ee-0-0\" ><div id=\"panel-w670fd2bf235ee-0-0-0\" class=\"so-panel widget widget_sow-image panel-first-child\" data-index=\"0\" ><div class=\"panel-widget-style panel-widget-style-for-w670fd2bf235ee-0-0-0\" ><div\n\t\t\t\n\t\t\tclass=\"so-widget-sow-image so-widget-sow-image-default-4e6925654b7a\"\n\t\t\t\n\t\t>\n<div class=\"sow-image-container\">\n\t\t\t<a href=\"https:\/\/www.agcchem.com\/products\/forblue-membranes-polymers\/flemion\/\"\n\t\t\t\t\t>\n\t\t\t<img \n\tsrc=\"https:\/\/www.agcchem.com\/wp-content\/uploads\/2020\/05\/forblue-flem.png\" width=\"272\" height=\"95\" sizes=\"(max-width: 272px) 100vw, 272px\" alt=\"\" \t\tclass=\"so-widget-image\"\/>\n\t\t\t<\/a><\/div>\n\n<\/div><\/div><\/div><div id=\"panel-w670fd2bf235ee-0-0-1\" class=\"so-panel widget widget_sow-editor\" data-index=\"1\" ><div\n\t\t\t\n\t\t\tclass=\"so-widget-sow-editor so-widget-sow-editor-base\"\n\t\t\t\n\t\t>\n<div class=\"siteorigin-widget-tinymce textwidget\">\n\t<p>Membrana de troca i\u00f4nica fluorada utilizada na produ\u00e7\u00e3o de soda c\u00e1ustica\/potassa c\u00e1ustica em plantas de eletr\u00f3lise.<\/p>\n<\/div>\n<\/div><\/div><div id=\"panel-w670fd2bf235ee-0-0-2\" class=\"so-panel widget widget_sow-headline panel-last-child\" data-index=\"2\" ><div\n\t\t\t\n\t\t\tclass=\"so-widget-sow-headline so-widget-sow-headline-default-2f414743e2fc\"\n\t\t\t\n\t\t><div class=\"sow-headline-container \">\n\t\t\t\t\t\t\t<h6 class=\"sow-headline\">\n\t\t\t\t\t\t\t\t\t\t\t\t\t<a href=\"https:\/\/www.agcchem.com\/products\/forblue-membranes-polymers\/flemion\/\" >\n\t\t\t\t\t\t\t\tSaber mais<\/a>\t\t\t\t\t\t<\/h6>\n\t\t\t\t\t\t<\/div>\n<\/div><\/div><\/div><\/div><div id=\"pgc-w670fd2bf235ee-0-1\"  class=\"panel-grid-cell\" ><div class=\"category_product_box panel-cell-style panel-cell-style-for-w670fd2bf235ee-0-1\" ><div id=\"panel-w670fd2bf235ee-0-1-0\" class=\"so-panel widget widget_sow-image panel-first-child\" data-index=\"3\" ><div class=\"panel-widget-style panel-widget-style-for-w670fd2bf235ee-0-1-0\" ><div\n\t\t\t\n\t\t\tclass=\"so-widget-sow-image so-widget-sow-image-default-4e6925654b7a\"\n\t\t\t\n\t\t>\n<div class=\"sow-image-container\">\n\t\t\t<a href=\"https:\/\/www.agcchem.com\/products\/forblue-membranes-polymers\/sunsep\/\"\n\t\t\t\t\t>\n\t\t\t<img \n\tsrc=\"https:\/\/www.agcchem.com\/wp-content\/uploads\/2020\/05\/sunsep.png\" width=\"272\" height=\"95\" sizes=\"(max-width: 272px) 100vw, 272px\" alt=\"Forblue sunsep\" \t\tclass=\"so-widget-image\"\/>\n\t\t\t<\/a><\/div>\n\n<\/div><\/div><\/div><div id=\"panel-w670fd2bf235ee-0-1-1\" class=\"so-panel widget widget_sow-editor\" data-index=\"4\" ><div\n\t\t\t\n\t\t\tclass=\"so-widget-sow-editor so-widget-sow-editor-base\"\n\t\t\t\n\t\t>\n<div class=\"siteorigin-widget-tinymce textwidget\">\n\t<p>Um secador de g\u00e1s de membrana ambientalmente amig\u00e1vel que n\u00e3o requer fonte de energia ou manuten\u00e7\u00e3o.<\/p>\n<\/div>\n<\/div><\/div><div id=\"panel-w670fd2bf235ee-0-1-2\" class=\"so-panel widget widget_sow-headline panel-last-child\" data-index=\"5\" ><div\n\t\t\t\n\t\t\tclass=\"so-widget-sow-headline so-widget-sow-headline-default-2f414743e2fc\"\n\t\t\t\n\t\t><div class=\"sow-headline-container \">\n\t\t\t\t\t\t\t<h6 class=\"sow-headline\">\n\t\t\t\t\t\t\t\t\t\t\t\t\t<a href=\"https:\/\/www.agcchem.com\/products\/forblue-membranes-polymers\/sunsep\/\" >\n\t\t\t\t\t\t\t\tSaber mais<\/a>\t\t\t\t\t\t<\/h6>\n\t\t\t\t\t\t<\/div>\n<\/div><\/div><\/div><\/div><\/div><\/div><div id=\"pg-w670fd2bf235ee-1\"  class=\"panel-grid panel-has-style\" ><div class=\"container panel-row-style panel-row-style-for-w670fd2bf235ee-1\" ><div id=\"pgc-w670fd2bf235ee-1-0\"  class=\"panel-grid-cell\" ><div class=\"category_product_box panel-cell-style panel-cell-style-for-w670fd2bf235ee-1-0\" ><div id=\"panel-w670fd2bf235ee-1-0-0\" class=\"so-panel widget widget_sow-image panel-first-child\" data-index=\"6\" ><div class=\"panel-widget-style panel-widget-style-for-w670fd2bf235ee-1-0-0\" ><div\n\t\t\t\n\t\t\tclass=\"so-widget-sow-image so-widget-sow-image-default-4e6925654b7a\"\n\t\t\t\n\t\t>\n<div class=\"sow-image-container\">\n\t\t\t<a href=\"https:\/\/www.agcchem.com\/products\/forblue-membranes-polymers\/forblue-selemion\/\"\n\t\t\t\t\t>\n\t\t\t<img \n\tsrc=\"https:\/\/www.agcchem.com\/wp-content\/uploads\/2020\/05\/SELEMION.png\" width=\"304\" height=\"97\" srcset=\"https:\/\/www.agcchem.com\/wp-content\/uploads\/2020\/05\/SELEMION.png 304w, https:\/\/www.agcchem.com\/wp-content\/uploads\/2020\/05\/SELEMION-300x96.png 300w\" sizes=\"(max-width: 304px) 100vw, 304px\" alt=\"\" \t\tclass=\"so-widget-image\"\/>\n\t\t\t<\/a><\/div>\n\n<\/div><\/div><\/div><div id=\"panel-w670fd2bf235ee-1-0-1\" class=\"so-panel widget widget_sow-editor\" data-index=\"7\" ><div\n\t\t\t\n\t\t\tclass=\"so-widget-sow-editor so-widget-sow-editor-base\"\n\t\t\t\n\t\t>\n<div class=\"siteorigin-widget-tinymce textwidget\">\n\t<p>Uma membrana de troca i\u00f4nica do tipo hidrocarboneto utilizada para di\u00e1lise difusiva, eletrodi\u00e1lise e eletr\u00f3lise.<\/p>\n<\/div>\n<\/div><\/div><div id=\"panel-w670fd2bf235ee-1-0-2\" class=\"so-panel widget widget_sow-headline panel-last-child\" data-index=\"8\" ><div\n\t\t\t\n\t\t\tclass=\"so-widget-sow-headline so-widget-sow-headline-default-2f414743e2fc\"\n\t\t\t\n\t\t><div class=\"sow-headline-container \">\n\t\t\t\t\t\t\t<h6 class=\"sow-headline\">\n\t\t\t\t\t\t\t\t\t\t\t\t\t<a href=\"https:\/\/www.agcchem.com\/products\/forblue-membranes-polymers\/forblue-selemion\/\" >\n\t\t\t\t\t\t\t\tSaber mais<\/a>\t\t\t\t\t\t<\/h6>\n\t\t\t\t\t\t<\/div>\n<\/div><\/div><\/div><\/div><div id=\"pgc-w670fd2bf235ee-1-1\"  class=\"panel-grid-cell\" ><div class=\"category_product_box panel-cell-style panel-cell-style-for-w670fd2bf235ee-1-1\" ><div id=\"panel-w670fd2bf235ee-1-1-0\" class=\"so-panel widget widget_sow-image panel-first-child\" data-index=\"9\" ><div class=\"panel-widget-style panel-widget-style-for-w670fd2bf235ee-1-1-0\" ><div\n\t\t\t\n\t\t\tclass=\"so-widget-sow-image so-widget-sow-image-default-4e6925654b7a\"\n\t\t\t\n\t\t>\n<div class=\"sow-image-container\">\n\t\t\t<a href=\"https:\/\/www.agcchem.com\/products\/forblue-membranes-polymers\/forblue-s-series\/\"\n\t\t\t\t\t>\n\t\t\t<img \n\tsrc=\"https:\/\/www.agcchem.com\/wp-content\/uploads\/2020\/05\/S-Series.png\" width=\"279\" height=\"97\" sizes=\"(max-width: 279px) 100vw, 279px\" alt=\"\" \t\tclass=\"so-widget-image\"\/>\n\t\t\t<\/a><\/div>\n\n<\/div><\/div><\/div><div id=\"panel-w670fd2bf235ee-1-1-1\" class=\"so-panel widget widget_sow-editor\" data-index=\"10\" ><div\n\t\t\t\n\t\t\tclass=\"so-widget-sow-editor so-widget-sow-editor-base\"\n\t\t\t\n\t\t>\n<div class=\"siteorigin-widget-tinymce textwidget\">\n\t<p>Uma membrana de troca cati\u00f4nica fluorada utilizada em processos de eletr\u00f3lise ou eletrodi\u00e1lise.<\/p>\n<\/div>\n<\/div><\/div><div id=\"panel-w670fd2bf235ee-1-1-2\" class=\"so-panel widget widget_sow-headline panel-last-child\" data-index=\"11\" ><div\n\t\t\t\n\t\t\tclass=\"so-widget-sow-headline so-widget-sow-headline-default-2f414743e2fc\"\n\t\t\t\n\t\t><div class=\"sow-headline-container \">\n\t\t\t\t\t\t\t<h6 class=\"sow-headline\">\n\t\t\t\t\t\t\t\t\t\t\t\t\t<a href=\"https:\/\/www.agcchem.com\/products\/forblue-membranes-polymers\/forblue-s-series\/\" >\n\t\t\t\t\t\t\t\tSaber mais<\/a>\t\t\t\t\t\t<\/h6>\n\t\t\t\t\t\t<\/div>\n<\/div><\/div><\/div><\/div><\/div><\/div><div id=\"pg-w670fd2bf235ee-2\"  class=\"panel-grid panel-has-style\" ><div class=\"container panel-row-style panel-row-style-for-w670fd2bf235ee-2\" ><div id=\"pgc-w670fd2bf235ee-2-0\"  class=\"panel-grid-cell panel-grid-cell-mobile-last\" ><div class=\"category_product_box panel-cell-style panel-cell-style-for-w670fd2bf235ee-2-0\" ><div id=\"panel-w670fd2bf235ee-2-0-0\" class=\"so-panel widget widget_sow-image panel-first-child\" data-index=\"12\" ><div class=\"panel-widget-style panel-widget-style-for-w670fd2bf235ee-2-0-0\" ><div\n\t\t\t\n\t\t\tclass=\"so-widget-sow-image so-widget-sow-image-default-4e6925654b7a\"\n\t\t\t\n\t\t>\n<div class=\"sow-image-container\">\n\t\t\t<a href=\"https:\/\/www.agcchem.com\/products\/forblue-membranes-polymers\/forblue-i-series-ionomer-dispersions\/\"\n\t\t\ttarget=\"_blank\" rel=\"noopener noreferrer\" \t\t>\n\t\t\t<img \n\tsrc=\"https:\/\/www.agcchem.com\/wp-content\/uploads\/2021\/10\/FORBLUElogo_iSeries-unofficial.jpg\" width=\"750\" height=\"259\" srcset=\"https:\/\/www.agcchem.com\/wp-content\/uploads\/2021\/10\/FORBLUElogo_iSeries-unofficial.jpg 750w, https:\/\/www.agcchem.com\/wp-content\/uploads\/2021\/10\/FORBLUElogo_iSeries-unofficial-300x104.jpg 300w\" sizes=\"(max-width: 750px) 100vw, 750px\" alt=\"\" \t\tclass=\"so-widget-image\"\/>\n\t\t\t<\/a><\/div>\n\n<\/div><\/div><\/div><div id=\"panel-w670fd2bf235ee-2-0-1\" class=\"so-panel widget widget_sow-editor\" data-index=\"13\" ><div\n\t\t\t\n\t\t\tclass=\"so-widget-sow-editor so-widget-sow-editor-base\"\n\t\t\t\n\t\t>\n<div class=\"siteorigin-widget-tinymce textwidget\">\n\t<p>Um pol\u00edmero perfluorado disperso em um solvente utilizado para membranas de eletr\u00f3lito e eletrodos de c\u00e9lulas de combust\u00edvel.<\/p>\n<\/div>\n<\/div><\/div><div id=\"panel-w670fd2bf235ee-2-0-2\" class=\"so-panel widget widget_sow-headline panel-last-child\" data-index=\"14\" ><div\n\t\t\t\n\t\t\tclass=\"so-widget-sow-headline so-widget-sow-headline-default-2f414743e2fc\"\n\t\t\t\n\t\t><div class=\"sow-headline-container \">\n\t\t\t\t\t\t\t<h6 class=\"sow-headline\">\n\t\t\t\t\t\t\t\t\t\t\t\t\t<a href=\"https:\/\/www.agcchem.com\/products\/forblue-membranes-polymers\/forblue-i-series-ionomer-dispersions\/\" target=\"_blank\" rel=\"noopener noreferrer\">\n\t\t\t\t\t\t\t\tSaber mais<\/a>\t\t\t\t\t\t<\/h6>\n\t\t\t\t\t\t<\/div>\n<\/div><\/div><\/div><\/div><div id=\"pgc-w670fd2bf235ee-2-1\"  class=\"panel-grid-cell panel-grid-cell-empty\" ><\/div><\/div><\/div><\/div><\/div><\/div><\/div><\/div><div id=\"pg-27469-4\"  class=\"panel-grid panel-has-style\" ><div class=\"container panel-row-style panel-row-style-for-27469-4\" id=\"connect_with_agc_section\" ><div id=\"pgc-27469-4-0\"  class=\"panel-grid-cell\" ><div id=\"panel-27469-4-0-0\" class=\"so-panel widget widget_sow-headline panel-first-child\" data-index=\"6\" ><div class=\"category_page_section_heading panel-widget-style panel-widget-style-for-27469-4-0-0\" ><div\n\t\t\t\n\t\t\tclass=\"so-widget-sow-headline so-widget-sow-headline-default-dc2e19ea66d3-27469\"\n\t\t\t\n\t\t><div class=\"sow-headline-container \">\n\t\t\t\t\t\t\t<h2 class=\"sow-headline\">\n\t\t\t\t\t\tConecte-se com a AGC\t\t\t\t\t\t<\/h2>\n\t\t\t\t\t\t\t\t\t\t\t<div class=\"decoration\">\n\t\t\t\t\t\t<div class=\"decoration-inside\"><\/div>\n\t\t\t\t\t<\/div>\n\t\t\t\t\t<\/div>\n<\/div><\/div><\/div><div id=\"panel-27469-4-0-1\" class=\"so-panel widget widget_sow-editor panel-last-child\" data-index=\"7\" ><div\n\t\t\t\n\t\t\tclass=\"so-widget-sow-editor so-widget-sow-editor-base\"\n\t\t\t\n\t\t>\n<div class=\"siteorigin-widget-tinymce textwidget\">\n\t\r\n   \r\n      \r\n         <ul class=\"connect_with_agc_with_icon\">\r\n            <li>\r\n               <img decoding=\"async\" src=\"https:\/\/www.agcchem.com\/wp-content\/themes\/agcchemicals\/images\/phone_icon_cat.png\">\r\n               <span>Customer & product inquiries: <a href=\"tel:+55-11 99673-9340\">+55-11 99673-9340<\/a><\/span>\r\n            <\/li>\r\n            <li>\r\n               <img decoding=\"async\" src=\"https:\/\/www.agcchem.com\/wp-content\/themes\/agcchemicals\/images\/phone_icon_cat.png\">\r\n               <span>All other inquiries: <a href=\"tel:+55-12 3127-7154\">+55-12 3127-7154<\/a><\/span>\r\n            <\/li>            \r\n         <\/ul>\r\n\r\n\r\n      \r\n\r\n   \r\n\r\n\n<\/div>\n<\/div><\/div><\/div><\/div><\/div><\/div>","protected":false},"excerpt":{"rendered":"<p>Membranas e Dispers\u00f5es FORBLUE\u2122 A AGC lan\u00e7ou a marca FORBLUE\u2122 em 2017, oferecendo novas solu\u00e7\u00f5es de separa\u00e7\u00e3o para diversos produtos qu\u00edmicos. Esta marca inclui produtos como membranas para eletroqu\u00edmica, eletr\u00f3lise cloro-\u00e1lcali, di\u00e1lise eletro\/difusiva; dispers\u00f5es de eletr\u00f3lito de pol\u00edmero perfluorado para&#8230;<\/p>\n","protected":false},"author":12,"featured_media":0,"parent":4151,"menu_order":0,"comment_status":"closed","ping_status":"closed","template":"","meta":{"_acf_changed":false,"inline_featured_image":false,"footnotes":""},"class_list":["post-27469","page","type-page","status-publish","hentry"],"acf":[],"_links":{"self":[{"href":"https:\/\/www.agcchem.com\/pt-br\/wp-json\/wp\/v2\/pages\/27469","targetHints":{"allow":["GET"]}}],"collection":[{"href":"https:\/\/www.agcchem.com\/pt-br\/wp-json\/wp\/v2\/pages"}],"about":[{"href":"https:\/\/www.agcchem.com\/pt-br\/wp-json\/wp\/v2\/types\/page"}],"author":[{"embeddable":true,"href":"https:\/\/www.agcchem.com\/pt-br\/wp-json\/wp\/v2\/users\/12"}],"replies":[{"embeddable":true,"href":"https:\/\/www.agcchem.com\/pt-br\/wp-json\/wp\/v2\/comments?post=27469"}],"version-history":[{"count":0,"href":"https:\/\/www.agcchem.com\/pt-br\/wp-json\/wp\/v2\/pages\/27469\/revisions"}],"up":[{"embeddable":true,"href":"https:\/\/www.agcchem.com\/pt-br\/wp-json\/wp\/v2\/pages\/4151"}],"wp:attachment":[{"href":"https:\/\/www.agcchem.com\/pt-br\/wp-json\/wp\/v2\/media?parent=27469"}],"curies":[{"name":"wp","href":"https:\/\/api.w.org\/{rel}","templated":true}]}}