{"id":27812,"date":"2024-09-29T09:32:42","date_gmt":"2024-09-29T09:32:42","guid":{"rendered":"https:\/\/www.agcchem.com\/produtos\/solventes-amolea-hcfo\/"},"modified":"2024-10-11T17:32:34","modified_gmt":"2024-10-11T17:32:34","slug":"solventes-amolea-hcfo","status":"publish","type":"page","link":"https:\/\/www.agcchem.com\/pt-br\/produtos\/solventes-amolea-hcfo\/","title":{"rendered":"Solventes AMOLEA\u2122 HCFO"},"content":{"rendered":"<div id=\"pl-27812\"  class=\"panel-layout\" ><div id=\"pg-27812-0\"  class=\"panel-grid panel-has-style\" ><div class=\"home-slider global_hero_section siteorigin-panels-stretch animate-69e61c214930f242425756 panels-animation-hide panel-row-style panel-row-style-for-27812-0\" data-stretch-type=\"full-width-stretch\" data-so-animation=\"{&quot;selector&quot;:&quot;.animate-69e61c214930f242425756&quot;,&quot;animation&quot;:&quot;fadeIn&quot;,&quot;breakpoint&quot;:&quot;780px&quot;,&quot;duration&quot;:1,&quot;repeat&quot;:0,&quot;hide&quot;:1,&quot;disableAnimationMobile&quot;:0,&quot;finalState&quot;:&quot;visible&quot;,&quot;delay&quot;:0,&quot;debounce&quot;:0.1,&quot;event&quot;:&quot;enter&quot;,&quot;offset&quot;:0}\" ><div id=\"pgc-27812-0-0\"  class=\"panel-grid-cell\" ><div id=\"panel-27812-0-0-0\" class=\"so-panel widget widget_sow-image panel-first-child\" data-index=\"0\" ><div class=\"hero_big_image panel-widget-style panel-widget-style-for-27812-0-0-0\" ><div\n\t\t\t\n\t\t\tclass=\"so-widget-sow-image so-widget-sow-image-default-e4c2d9f6c920-27812\"\n\t\t\t\n\t\t>\n<div class=\"sow-image-container\">\n\t\t<img \n\tsrc=\"https:\/\/www.agcchem.com\/wp-content\/uploads\/2024\/04\/amolea-as300-hero.png\" width=\"1400\" height=\"600\" srcset=\"https:\/\/www.agcchem.com\/wp-content\/uploads\/2024\/04\/amolea-as300-hero.png 1400w, https:\/\/www.agcchem.com\/wp-content\/uploads\/2024\/04\/amolea-as300-hero-300x129.png 300w, https:\/\/www.agcchem.com\/wp-content\/uploads\/2024\/04\/amolea-as300-hero-1024x439.png 1024w, https:\/\/www.agcchem.com\/wp-content\/uploads\/2024\/04\/amolea-as300-hero-768x329.png 768w\" sizes=\"(max-width: 1400px) 100vw, 1400px\" alt=\"\" \t\tclass=\"so-widget-image\"\/>\n\t<\/div>\n\n<\/div><\/div><\/div><div id=\"panel-27812-0-0-1\" class=\"so-panel widget widget_siteorigin-panels-builder panel-last-child\" data-index=\"1\" ><div class=\"home-slide-content white_text add_breadcrumb panel-widget-style panel-widget-style-for-27812-0-0-1\" ><div id=\"pl-w67080d0acd9eb\"  class=\"panel-layout\" ><div id=\"pg-w67080d0acd9eb-0\"  class=\"panel-grid panel-no-style\" ><div id=\"pgc-w67080d0acd9eb-0-0\"  class=\"panel-grid-cell\" ><div id=\"panel-w67080d0acd9eb-0-0-0\" class=\"widget_text so-panel widget widget_custom_html panel-first-child\" data-index=\"0\" ><div class=\"textwidget custom-html-widget\"><div class=\"home-bg\"><\/div><\/div><\/div><div id=\"panel-w67080d0acd9eb-0-0-1\" class=\"so-panel widget widget_siteorigin-panels-builder panel-last-child\" data-index=\"1\" ><div class=\"container panel-widget-style panel-widget-style-for-w67080d0acd9eb-0-0-1\" ><div id=\"pl-w67080d0acda05\"  class=\"panel-layout\" ><div id=\"pg-w67080d0acda05-0\"  class=\"panel-grid panel-has-style\" ><div class=\"home-slid-inner panel-row-style panel-row-style-for-w67080d0acda05-0\" ><div id=\"pgc-w67080d0acda05-0-0\"  class=\"panel-grid-cell\" ><div id=\"panel-w67080d0acda05-0-0-0\" class=\"so-panel widget widget_sow-editor panel-first-child\" data-index=\"0\" ><div\n\t\t\t\n\t\t\tclass=\"so-widget-sow-editor so-widget-sow-editor-base\"\n\t\t\t\n\t\t>\n<div class=\"siteorigin-widget-tinymce textwidget\">\n\t<div class=\"\">\r\n  <nav aria-label=\"breadcrumb\" class=\"breadcrumb\">\r\n     <ol class=\"breadcrumb-item\">\r\n\t    <span property=\"itemListElement\" typeof=\"ListItem\"><a property=\"item\" typeof=\"WebPage\" title=\"Go to AGC Chemicals.\" href=\"https:\/\/www.agcchem.com\/pt-br\/\" class=\"home\"><span property=\"name\"><i class=\"fa fa-map-marker\"><\/i> Home<\/span><\/a><meta property=\"position\" content=\"1\"><\/span><i class=\"fa fa-angle-double-right\"><\/i><span property=\"itemListElement\" typeof=\"ListItem\"><a property=\"item\" typeof=\"WebPage\" title=\"Go to Blog.\" href=\"https:\/\/www.agcchem.com\/blog\/\" class=\"post-root post post-post\"><span property=\"name\">Blog<\/span><\/a><meta property=\"position\" content=\"2\"><\/span>     <\/ol>\r\n  <\/nav>\r\n<\/div>\n<\/div>\n<\/div><\/div><div id=\"panel-w67080d0acda05-0-0-1\" class=\"so-panel widget widget_sow-headline\" data-index=\"1\" ><div\n\t\t\t\n\t\t\tclass=\"so-widget-sow-headline so-widget-sow-headline-default-704e7542437d\"\n\t\t\t\n\t\t><div class=\"sow-headline-container \">\n\t\t\t\t\t\t\t<h1 class=\"sow-headline\">\n\t\t\t\t\t\tSolventes fluorados HCFO de \u00faltima gera\u00e7\u00e3o.\t\t\t\t\t\t<\/h1>\n\t\t\t\t\t\t\t\t\t\t\t\t<h3 class=\"sow-sub-headline\">\n\t\t\t\t\t\tOs graus AMOLEA\u2122 AS-300 e AS-300AT s\u00e3o solventes fluorados n\u00e3o inflam\u00e1veis \u200b\u200bbaseados na qu\u00edmica HCFO.\t\t\t\t\t\t<\/h3>\n\t\t\t\t\t\t<\/div>\n<\/div><\/div><div id=\"panel-w67080d0acda05-0-0-2\" class=\"so-panel widget widget_sow-image\" data-index=\"2\" ><div class=\"gear_bg_twentyseven panel-widget-style panel-widget-style-for-w67080d0acda05-0-0-2\" ><div\n\t\t\t\n\t\t\tclass=\"so-widget-sow-image so-widget-sow-image-default-8b5b6f678277\"\n\t\t\t\n\t\t>\n<div class=\"sow-image-container\">\n\t\t<img \n\tsrc=\"https:\/\/www.agcchem.com\/wp-content\/uploads\/2024\/03\/gear_bg_27.svg\" width=\"279\" height=\"279\" sizes=\"(max-width: 279px) 100vw, 279px\" alt=\"\" \t\tclass=\"so-widget-image\"\/>\n\t<\/div>\n\n<\/div><\/div><\/div><div id=\"panel-w67080d0acda05-0-0-3\" class=\"so-panel widget widget_sow-image\" data-index=\"3\" ><div class=\"gear_bg_thirtyseven panel-widget-style panel-widget-style-for-w67080d0acda05-0-0-3\" ><div\n\t\t\t\n\t\t\tclass=\"so-widget-sow-image so-widget-sow-image-default-8b5b6f678277\"\n\t\t\t\n\t\t>\n<div class=\"sow-image-container\">\n\t\t<img \n\tsrc=\"https:\/\/www.agcchem.com\/wp-content\/uploads\/2024\/03\/gear_bg_37.svg\" width=\"228\" height=\"228\" sizes=\"(max-width: 228px) 100vw, 228px\" alt=\"\" \t\tclass=\"so-widget-image\"\/>\n\t<\/div>\n\n<\/div><\/div><\/div><div id=\"panel-w67080d0acda05-0-0-4\" class=\"widget_text so-panel widget widget_custom_html panel-last-child\" data-index=\"4\" ><div class=\"textwidget custom-html-widget\">\r\n  <div class=\"select_brand_dropdown\">\r\n    \r\n    \r\n    <div class=\"new_products_cta_buttons btns\">\r\n\r\n      \r\n\r\n      \r\n\r\n      \r\n        <a href=\"\/pt-br\/contate-nos\/duvidas-sobre-o-produto\/?product=arm_asahiklinandamoleafluorosolvents\" class=\"btn btn-primary\">\r\n          <span>D\u00favidas sobre o Produto<\/span>\r\n        <\/a>\r\n\r\n        <a href=\"\/pt-br\/contate-nos\/sample-request\/?product=arm_asahiklinandamoleafluorosolvents\" class=\"btn btn-secondary\">\r\n          <span>Pedido de Amostra<\/span>\r\n        <\/a>\r\n\r\n            \r\n    <\/div>\r\n\r\n  <\/div>\r\n\r\n <\/div><\/div><\/div><\/div><\/div><\/div><\/div><\/div><\/div><\/div><\/div><\/div><\/div><\/div><\/div><\/div><div id=\"pg-27812-1\"  class=\"panel-grid panel-has-style\" ><div class=\"inner_page_sub_navigation siteorigin-panels-stretch panel-row-style panel-row-style-for-27812-1\" data-stretch-type=\"full-width-stretch\" ><div id=\"pgc-27812-1-0\"  class=\"panel-grid-cell\" ><div id=\"panel-27812-1-0-0\" class=\"so-panel widget widget_siteorigin-panels-builder panel-first-child panel-last-child\" data-index=\"2\" ><div class=\"container  panel-widget-style panel-widget-style-for-27812-1-0-0\" ><div id=\"pl-w66fdaef99b8ef\"  class=\"panel-layout\" ><div id=\"pg-w66fdaef99b8ef-0\"  class=\"panel-grid panel-no-style\" ><div id=\"pgc-w66fdaef99b8ef-0-0\"  class=\"panel-grid-cell\" ><div id=\"panel-w66fdaef99b8ef-0-0-0\" class=\"widget_text so-panel widget widget_custom_html panel-first-child panel-last-child\" data-index=\"0\" ><div class=\"textwidget custom-html-widget\"><ul>\r\n\t<li>Explore:<\/li>\r\n\t<li><a href=\"#overview\">Vis\u00e3o geral<\/a><\/li>\t\r\n\t<li><a href=\"#features\">Caracter\u00edsticas<\/a><\/li>\r\n\t<li><a href=\"#aplica%c3%a7%c3%b5es\">Aplica\u00e7\u00f5es<\/a><\/li>\t\r\n\t<li><a href=\"#fispq\">FISPQ<\/a><\/li>\r\n\t<li><a href=\"#servi%c3%a7os-de-teste\">Servi\u00e7os de Teste<\/a><\/li>\r\n<\/ul><\/div><\/div><\/div><\/div><\/div><\/div><\/div><\/div><\/div><\/div><div id=\"pg-27812-2\"  class=\"panel-grid panel-has-style\" ><div class=\"two_column_with_blue_lines siteorigin-panels-stretch panel-row-style panel-row-style-for-27812-2\" id=\"overview\" data-stretch-type=\"full-width-stretch\" ><div id=\"pgc-27812-2-0\"  class=\"panel-grid-cell\" ><div id=\"panel-27812-2-0-0\" class=\"so-panel widget widget_siteorigin-panels-builder panel-first-child panel-last-child\" data-index=\"3\" ><div class=\"container  panel-widget-style panel-widget-style-for-27812-2-0-0\" ><div id=\"pl-w6709613235e4d\"  class=\"panel-layout\" ><div id=\"pg-w6709613235e4d-0\"  class=\"panel-grid panel-has-style\" ><div class=\"col-12 col-md-10 m-auto panel-row-style panel-row-style-for-w6709613235e4d-0\" ><div id=\"pgc-w6709613235e4d-0-0\"  class=\"panel-grid-cell\" ><div id=\"panel-w6709613235e4d-0-0-0\" class=\"so-panel widget widget_sow-image panel-first-child\" data-index=\"0\" ><div\n\t\t\t\n\t\t\tclass=\"so-widget-sow-image so-widget-sow-image-default-8b5b6f678277\"\n\t\t\t\n\t\t>\n<div class=\"sow-image-container\">\n\t\t<img \n\tsrc=\"https:\/\/www.agcchem.com\/wp-content\/uploads\/2024\/04\/amolea-clear.png\" width=\"250\" height=\"52\" sizes=\"(max-width: 250px) 100vw, 250px\" alt=\"\" \t\tclass=\"so-widget-image\"\/>\n\t<\/div>\n\n<\/div><\/div><div id=\"panel-w6709613235e4d-0-0-1\" class=\"so-panel widget widget_sow-headline panel-last-child\" data-index=\"1\" ><div\n\t\t\t\n\t\t\tclass=\"so-widget-sow-headline so-widget-sow-headline-default-8318c00d2987\"\n\t\t\t\n\t\t><div class=\"sow-headline-container \">\n\t\t\t\t\t\t\t<h4 class=\"sow-headline\">\n\t\t\t\t\t\tSolventes fluorados HCFO de \u00faltima gera\u00e7\u00e3o.\t\t\t\t\t\t<\/h4>\n\t\t\t\t\t\t\t\t\t\t\t<div class=\"decoration\">\n\t\t\t\t\t\t<div class=\"decoration-inside\"><\/div>\n\t\t\t\t\t<\/div>\n\t\t\t\t\t<\/div>\n<\/div><\/div><\/div><div id=\"pgc-w6709613235e4d-0-1\"  class=\"panel-grid-cell\" ><div id=\"panel-w6709613235e4d-0-1-0\" class=\"so-panel widget widget_sow-editor panel-first-child panel-last-child\" data-index=\"2\" ><div class=\"text-black panel-widget-style panel-widget-style-for-w6709613235e4d-0-1-0\" ><div\n\t\t\t\n\t\t\tclass=\"so-widget-sow-editor so-widget-sow-editor-base\"\n\t\t\t\n\t\t>\n<div class=\"siteorigin-widget-tinymce textwidget\">\n\t<p>Os graus AMOLEA\u2122 AS-300 e AS-300AT s\u00e3o os mais novos solventes fluorados n\u00e3o inflam\u00e1veis da ind\u00fastria, com propriedades de limpeza ideais. Esses fluorossolventes de \u00faltima gera\u00e7\u00e3o s\u00e3o baseados na qu\u00edmica HCFO, possuindo excelente solv\u00eancia de limpeza, podendo ser usados em desengraxadores a vapor, e n\u00e3o s\u00e3o regulamentados como poluentes atmosf\u00e9ricos perigosos (HAP) com um potencial de aquecimento global (GWP) inferior a 1. O programa SNAP da EPA dos EUA lista esses solventes como aceit\u00e1veis para limpeza de eletr\u00f4nicos, limpeza de metais, limpeza de precis\u00e3o e diluentes para revestimentos.<\/p>\n<\/div>\n<\/div><\/div><\/div><\/div><\/div><\/div><\/div><\/div><\/div><\/div><\/div><\/div><div id=\"pg-27812-3\"  class=\"panel-grid panel-has-style\" ><div id=\"features\" class=\"panel-row-style panel-row-style-for-27812-3\" ><div id=\"pgc-27812-3-0\"  class=\"panel-grid-cell\" ><div id=\"panel-27812-3-0-0\" class=\"so-panel widget widget_sow-editor panel-first-child panel-last-child\" data-index=\"4\" ><div class=\"text-black panel-widget-style panel-widget-style-for-27812-3-0-0\" ><div\n\t\t\t\n\t\t\tclass=\"so-widget-sow-editor so-widget-sow-editor-base\"\n\t\t\t\n\t\t>\n<div class=\"siteorigin-widget-tinymce textwidget\">\n\t<p>Os solventes HCFO AMOLEA AS-300 e AS-300AT possuem pontos de ebuli\u00e7\u00e3o vantajosos, solv\u00eancia superior com valores de Kb de 44 e 118, respectivamente, e perfis favor\u00e1veis de HSE (Sa\u00fade, Seguran\u00e7a e Meio Ambiente).<\/p>\n<p>Os AMOLEA AS-300 e AS-300AT s\u00e3o substitutos ideais para solventes HFC, solventes HCFO de baixo ponto de ebuli\u00e7\u00e3o, bem como brometo de n-propila (nPB ou 1-BP) e tricloroetileno, que est\u00e3o passando por avalia\u00e7\u00e3o de risco sob a Lei de Controle de Subst\u00e2ncias T\u00f3xicas (TSCA) da EPA.<\/p>\n<p><a class=\"popmake-17525\"><img loading=\"lazy\" decoding=\"async\" class=\"wp-image-17582 size-full alignnone\" src=\"https:\/\/stg-agcchemicals-staging2024.kinsta.cloud\/wp-content\/uploads\/2022\/02\/AS-30-Series-thumb-1.png\" alt=\"\" width=\"200\" height=\"70\" \/><\/a><\/p>\n<p><strong>Ver gr\u00e1fico de propriedades<\/strong><\/p>\n<\/div>\n<\/div><\/div><\/div><\/div><div id=\"pgc-27812-3-1\"  class=\"panel-grid-cell\" ><div id=\"panel-27812-3-1-0\" class=\"so-panel widget widget_sow-image panel-first-child\" data-index=\"5\" ><div class=\"has-line-skyblue-left-middle panel-widget-style panel-widget-style-for-27812-3-1-0\" ><div\n\t\t\t\n\t\t\tclass=\"so-widget-sow-image so-widget-sow-image-default-334eeca80698-27812\"\n\t\t\t\n\t\t>\n<div class=\"sow-image-container\">\n\t\t<img \n\tsrc=\"https:\/\/www.agcchem.com\/wp-content\/uploads\/2024\/05\/airplane-cockpit.png\" width=\"1000\" height=\"667\" srcset=\"https:\/\/www.agcchem.com\/wp-content\/uploads\/2024\/05\/airplane-cockpit.png 1000w, https:\/\/www.agcchem.com\/wp-content\/uploads\/2024\/05\/airplane-cockpit-300x200.png 300w, https:\/\/www.agcchem.com\/wp-content\/uploads\/2024\/05\/airplane-cockpit-768x512.png 768w, https:\/\/www.agcchem.com\/wp-content\/uploads\/2024\/05\/airplane-cockpit-272x182.png 272w\" sizes=\"(max-width: 1000px) 100vw, 1000px\" alt=\"Solventes fluorados ajudam em aplica\u00e7\u00f5es aeron\u00e1uticas.\" \t\tclass=\"so-widget-image\"\/>\n\t<\/div>\n\n<\/div><\/div><\/div><div id=\"panel-27812-3-1-1\" class=\"so-panel widget widget_sow-image panel-last-child\" data-index=\"6\" ><div class=\"image_white_border panel-widget-style panel-widget-style-for-27812-3-1-1\" ><div\n\t\t\t\n\t\t\tclass=\"so-widget-sow-image so-widget-sow-image-default-b4513c7b55bb-27812\"\n\t\t\t\n\t\t>\n<div class=\"sow-image-container\">\n\t\t<img \n\tsrc=\"https:\/\/www.agcchem.com\/wp-content\/uploads\/2024\/05\/amoles-300-sm-1.png\" width=\"202\" height=\"146\" sizes=\"(max-width: 202px) 100vw, 202px\" title=\"amoles-300-sm\" alt=\"\" \t\tclass=\"so-widget-image\"\/>\n\t<\/div>\n\n<\/div><\/div><\/div><\/div><\/div><\/div><div id=\"pg-27812-4\"  class=\"panel-grid panel-has-style\" ><div class=\"markets_section panel-row-style panel-row-style-for-27812-4\" ><div id=\"pgc-27812-4-0\"  class=\"panel-grid-cell\" ><div id=\"panel-27812-4-0-0\" class=\"so-panel widget widget_sow-editor panel-first-child panel-last-child\" data-index=\"7\" ><div\n\t\t\t\n\t\t\tclass=\"so-widget-sow-editor so-widget-sow-editor-base\"\n\t\t\t\n\t\t>\n<div class=\"siteorigin-widget-tinymce textwidget\">\n\t\r\n\t\r\n  \n<\/div>\n<\/div><\/div><\/div><\/div><\/div><div id=\"pg-27812-5\"  class=\"panel-grid panel-has-style\" ><div class=\"clip_path_top_left_down bottom_gear_top_white_lines siteorigin-panels-stretch panel-row-style panel-row-style-for-27812-5\" data-stretch-type=\"full-width-stretch\" ><div id=\"pgc-27812-5-0\"  class=\"panel-grid-cell\" ><div id=\"panel-27812-5-0-0\" class=\"so-panel widget widget_siteorigin-panels-builder panel-first-child panel-last-child\" data-index=\"8\" ><div class=\"product_tab_section panel-widget-style panel-widget-style-for-27812-5-0-0\" ><div id=\"pl-w6709613236963\"  class=\"panel-layout\" ><div id=\"pg-w6709613236963-0\"  class=\"panel-grid panel-has-style\" ><div class=\" col-md-9 m-auto col-12 panel-row-style panel-row-style-for-w6709613236963-0\" ><div id=\"pgc-w6709613236963-0-0\"  class=\"panel-grid-cell\" ><div id=\"panel-w6709613236963-0-0-0\" class=\"so-panel widget widget_sow-tabs panel-first-child panel-last-child\" data-index=\"0\" ><div\n\t\t\t\n\t\t\tclass=\"so-widget-sow-tabs so-widget-sow-tabs-default-aaee25de5bd8\"\n\t\t\t\n\t\t><div class=\"sow-tabs\">\n\t<div class=\"sow-tabs-tab-container\" role=\"tablist\">\n\t\t\t<div\n\t\t\tclass=\"sow-tabs-tab\n\t\t\t sow-tabs-tab-selected\t\t\t\"\n\t\t\trole=\"tab\"\n\t\t\tdata-anchor-id=\"caracteristicas\"\n\t\t\taria-selected=\"true\"\n\t\t\ttabindex=\"0\"\n\t\t>\n\t\t\t<div class=\"sow-tabs-title sow-tabs-title-icon-left\">\n\t\t\t\t\t\t\t\tCaracter\u00edsticas\t\t\t\t\t\t\t<\/div>\n\t\t<\/div>\n\t\t\t<div\n\t\t\tclass=\"sow-tabs-tab\n\t\t\t\t\t\t\"\n\t\t\trole=\"tab\"\n\t\t\tdata-anchor-id=\"aplicacoes\"\n\t\t\taria-selected=\"false\"\n\t\t\ttabindex=\"0\"\n\t\t>\n\t\t\t<div class=\"sow-tabs-title sow-tabs-title-icon-left\">\n\t\t\t\t\t\t\t\tAplica\u00e7\u00f5es\t\t\t\t\t\t\t<\/div>\n\t\t<\/div>\n\t\t\t<div\n\t\t\tclass=\"sow-tabs-tab\n\t\t\t\t\t\t\"\n\t\t\trole=\"tab\"\n\t\t\tdata-anchor-id=\"fispq\"\n\t\t\taria-selected=\"false\"\n\t\t\ttabindex=\"0\"\n\t\t>\n\t\t\t<div class=\"sow-tabs-title sow-tabs-title-icon-left\">\n\t\t\t\t\t\t\t\tFISPQ\t\t\t\t\t\t\t<\/div>\n\t\t<\/div>\n\t\t\t<div\n\t\t\tclass=\"sow-tabs-tab\n\t\t\t\t\t\t\"\n\t\t\trole=\"tab\"\n\t\t\tdata-anchor-id=\"servicos-de-teste\"\n\t\t\taria-selected=\"false\"\n\t\t\ttabindex=\"0\"\n\t\t>\n\t\t\t<div class=\"sow-tabs-title sow-tabs-title-icon-left\">\n\t\t\t\t\t\t\t\tServi\u00e7os de Teste\t\t\t\t\t\t\t<\/div>\n\t\t<\/div>\n\t\t<\/div>\n\n\t<div class=\"sow-tabs-panel-container\">\n\t\t\t<div class=\"sow-tabs-panel\">\n\t\t\t<div\n\t\t\t\tclass=\"sow-tabs-panel-content\"\n\t\t\t\trole=\"tabpanel\"\n\t\t\t\taria-hidden=\"false\"\n\t\t\t>\n\t\t\t\t<ul>\n<li>N\u00e3o inflam\u00e1vel<\/li>\n<li>Potencial de aquecimento global (GWP) &lt;1<\/li>\n<li>N\u00e3o regulamentado como HAP<\/li>\n<li>Excelente solv\u00eancia; alto valor de KB<\/li>\n<li>Alto limite de exposi\u00e7\u00e3o aceit\u00e1vel (AEL)<\/li>\n<li>Ponto de ebuli\u00e7\u00e3o vantajoso<\/li>\n<\/ul>\n\t\t\t<\/div>\n\t\t<\/div>\n\t\t\t<div class=\"sow-tabs-panel\">\n\t\t\t<div\n\t\t\t\tclass=\"sow-tabs-panel-content\"\n\t\t\t\trole=\"tabpanel\"\n\t\t\t\taria-hidden=\"true\"\n\t\t\t>\n\t\t\t\t<ul>\n<li>Desengraxe (\u00f3leos de corte, \u00f3leos de prensa, \u00f3leos de silicone), graxas, ceras, alcatr\u00f5es<\/li>\n<li>Desfluxo de montagens de circuitos impressos<\/li>\n<li>Solvente transportador para \u00f3leos de silicone, graxas fluoradas e outros<\/li>\n<li>Substituto para nPB, TCE, PCE, DCM, 3M Novec\u2122, Chemours\u2122 Vertrel\u2122, Honeywell Solstice\u2122 PF<\/li>\n<\/ul>\n\t\t\t<\/div>\n\t\t<\/div>\n\t\t\t<div class=\"sow-tabs-panel\">\n\t\t\t<div\n\t\t\t\tclass=\"sow-tabs-panel-content\"\n\t\t\t\trole=\"tabpanel\"\n\t\t\t\taria-hidden=\"true\"\n\t\t\t>\n\t\t\t\t<p><a href=\"https:\/\/stg-agcchemicals-staging2024.kinsta.cloud\/pt-br\/contate-nos\/pedido-fispq\/\" rel=\"noopener\">Clique aqui para<\/a> solicitar uma ficha de dados de seguran\u00e7a.<\/p>\n\t\t\t<\/div>\n\t\t<\/div>\n\t\t\t<div class=\"sow-tabs-panel\">\n\t\t\t<div\n\t\t\t\tclass=\"sow-tabs-panel-content\"\n\t\t\t\trole=\"tabpanel\"\n\t\t\t\taria-hidden=\"true\"\n\t\t\t>\n\t\t\t\t<ul>\n<li>Avalia\u00e7\u00e3o de limpeza usando desengraxador a vapor e\/ou limpador ultrass\u00f4nico de bancada<\/li>\n<li>Inspe\u00e7\u00e3o microsc\u00f3pica<\/li>\n<li>Avalia\u00e7\u00e3o de solubilidade<\/li>\n<li>Teste de acidez<\/li>\n<li>Desenvolvimento de aplica\u00e7\u00f5es<\/li>\n<li>Res\u00edduo de cloreto<\/li>\n<li>Composi\u00e7\u00e3o por GC<\/li>\n<li>FTIR<\/li>\n<li>Teor de umidade<\/li>\n<li>Avalia\u00e7\u00e3o de NVR<\/li>\n<li>Estudo de compatibilidade de materiais (metal, pl\u00e1stico, elast\u00f4mero etc.)<\/li>\n<\/ul>\n<p><a href=\"https:\/\/stg-agcchemicals-staging2024.kinsta.cloud\/about-us\/research-and-development\/\" rel=\"noopener\">Mais informa\u00e7\u00f5es<\/a><\/p>\n\t\t\t<\/div>\n\t\t<\/div>\n\t\t<\/div>\n<\/div>\n<\/div><\/div><\/div><\/div><\/div><\/div><\/div><\/div><\/div><\/div><\/div><div id=\"pg-27812-7\"  class=\"panel-grid panel-has-style\" ><div class=\"blue_overlay siteorigin-panels-stretch panel-row-style panel-row-style-for-27812-7\" data-stretch-type=\"full-width-stretch\" ><div id=\"pgc-27812-7-0\"  class=\"panel-grid-cell\" ><div id=\"panel-27812-7-0-0\" class=\"so-panel widget widget_siteorigin-panels-builder panel-first-child panel-last-child\" data-index=\"11\" ><div class=\"container panel-widget-style panel-widget-style-for-27812-7-0-0\" ><div id=\"pl-w66fdaef99d290\"  class=\"panel-layout\" ><div id=\"pg-w66fdaef99d290-0\"  class=\"panel-grid panel-has-style\" ><div class=\"col-12 col-md-6 m-auto position-relative panel-row-style panel-row-style-for-w66fdaef99d290-0\" ><div id=\"pgc-w66fdaef99d290-0-0\"  class=\"panel-grid-cell\" ><div id=\"panel-w66fdaef99d290-0-0-0\" class=\"so-panel widget widget_sow-headline panel-first-child\" data-index=\"0\" ><div class=\"fw-bold panel-widget-style panel-widget-style-for-w66fdaef99d290-0-0-0\" ><div\n\t\t\t\n\t\t\tclass=\"so-widget-sow-headline so-widget-sow-headline-default-87547e56f06d\"\n\t\t\t\n\t\t><div class=\"sow-headline-container \">\n\t\t\t\t\t\t\t<h2 class=\"sow-headline\">\n\t\t\t\t\t\tEntre em contato com nossos especialistas em fluoropol\u00edmeros para discutir suas necessidades espec\u00edficas.\t\t\t\t\t\t<\/h2>\n\t\t\t\t\t\t<\/div>\n<\/div><\/div><\/div><div id=\"panel-w66fdaef99d290-0-0-1\" class=\"so-panel widget widget_sow-button panel-last-child\" data-index=\"1\" ><div\n\t\t\t\n\t\t\tclass=\"so-widget-sow-button so-widget-sow-button-flat-f949060a8f32\"\n\t\t\t\n\t\t><div class=\"ow-button-base ow-button-align-center\"\n>\n\t\t\t<a href=\"https:\/\/www.agcchem.com\/contact-us\/product-inquiry\/\" class=\"btn sowb-button ow-icon-placement-left ow-button-hover\">\n\t\t<span>\n\t\t\t\n\t\t\tConsulta de produto\t\t<\/span>\n\t\t\t<\/a>\n\t<\/div>\n<\/div><\/div><\/div><\/div><\/div><\/div><\/div><\/div><\/div><\/div><\/div><\/div>","protected":false},"excerpt":{"rendered":"<p>HomeBlog Solventes fluorados HCFO de \u00faltima gera\u00e7\u00e3o. Os graus AMOLEA\u2122 AS-300 e AS-300AT s\u00e3o solventes fluorados n\u00e3o inflam\u00e1veis \u200b\u200bbaseados na qu\u00edmica HCFO. D\u00favidas sobre o Produto Pedido de Amostra Explore: Vis\u00e3o geral Caracter\u00edsticas Aplica\u00e7\u00f5es FISPQ Servi\u00e7os de Teste Solventes fluorados&#8230;<\/p>\n","protected":false},"author":12,"featured_media":30095,"parent":4151,"menu_order":1,"comment_status":"closed","ping_status":"closed","template":"page-template\/product-template.php","meta":{"_acf_changed":false,"inline_featured_image":false,"footnotes":""},"class_list":["post-27812","page","type-page","status-publish","has-post-thumbnail","hentry"],"acf":[],"_links":{"self":[{"href":"https:\/\/www.agcchem.com\/pt-br\/wp-json\/wp\/v2\/pages\/27812","targetHints":{"allow":["GET"]}}],"collection":[{"href":"https:\/\/www.agcchem.com\/pt-br\/wp-json\/wp\/v2\/pages"}],"about":[{"href":"https:\/\/www.agcchem.com\/pt-br\/wp-json\/wp\/v2\/types\/page"}],"author":[{"embeddable":true,"href":"https:\/\/www.agcchem.com\/pt-br\/wp-json\/wp\/v2\/users\/12"}],"replies":[{"embeddable":true,"href":"https:\/\/www.agcchem.com\/pt-br\/wp-json\/wp\/v2\/comments?post=27812"}],"version-history":[{"count":0,"href":"https:\/\/www.agcchem.com\/pt-br\/wp-json\/wp\/v2\/pages\/27812\/revisions"}],"up":[{"embeddable":true,"href":"https:\/\/www.agcchem.com\/pt-br\/wp-json\/wp\/v2\/pages\/4151"}],"wp:featuredmedia":[{"embeddable":true,"href":"https:\/\/www.agcchem.com\/pt-br\/wp-json\/wp\/v2\/media\/30095"}],"wp:attachment":[{"href":"https:\/\/www.agcchem.com\/pt-br\/wp-json\/wp\/v2\/media?parent=27812"}],"curies":[{"name":"wp","href":"https:\/\/api.w.org\/{rel}","templated":true}]}}