{"id":27820,"date":"2024-09-29T11:01:37","date_gmt":"2024-09-29T11:01:37","guid":{"rendered":"https:\/\/www.agcchem.com\/produtos\/fine-silica-microspheres\/resifa-solesphere-silica-fina-para-captura-de-carbono\/"},"modified":"2024-10-10T17:18:04","modified_gmt":"2024-10-10T17:18:04","slug":"resifa-solesphere-silica-fina-para-captura-de-carbono","status":"publish","type":"page","link":"https:\/\/www.agcchem.com\/pt-br\/produtos\/fine-silica-microspheres\/resifa-solesphere-silica-fina-para-captura-de-carbono\/","title":{"rendered":"RESIFA\u2122 SOLESPHERE\u2122 S\u00edlica fina para captura de carbono"},"content":{"rendered":"<div id=\"pl-27820\"  class=\"panel-layout\" ><div id=\"pg-27820-0\"  class=\"panel-grid panel-has-style\" ><div class=\"home-slider global_hero_section siteorigin-panels-stretch animate-69d0f8bdb6276802079936 panels-animation-hide panel-row-style panel-row-style-for-27820-0\" data-stretch-type=\"full-width-stretch\" data-so-animation=\"{&quot;selector&quot;:&quot;.animate-69d0f8bdb6276802079936&quot;,&quot;animation&quot;:&quot;fadeIn&quot;,&quot;breakpoint&quot;:&quot;780px&quot;,&quot;duration&quot;:1,&quot;repeat&quot;:0,&quot;hide&quot;:1,&quot;disableAnimationMobile&quot;:0,&quot;finalState&quot;:&quot;visible&quot;,&quot;delay&quot;:0,&quot;debounce&quot;:0.1,&quot;event&quot;:&quot;enter&quot;,&quot;offset&quot;:0}\" ><div id=\"pgc-27820-0-0\"  class=\"panel-grid-cell\" ><div id=\"panel-27820-0-0-0\" class=\"so-panel widget widget_sow-image panel-first-child\" data-index=\"0\" ><div class=\"hero_big_image panel-widget-style panel-widget-style-for-27820-0-0-0\" ><div\n\t\t\t\n\t\t\tclass=\"so-widget-sow-image so-widget-sow-image-default-e4c2d9f6c920-27820\"\n\t\t\t\n\t\t>\n<div class=\"sow-image-container\">\n\t\t<img \n\tsrc=\"https:\/\/www.agcchem.com\/wp-content\/uploads\/2024\/09\/Product-Detail-Hero-image.png\" width=\"1400\" height=\"600\" srcset=\"https:\/\/www.agcchem.com\/wp-content\/uploads\/2024\/09\/Product-Detail-Hero-image.png 1400w, https:\/\/www.agcchem.com\/wp-content\/uploads\/2024\/09\/Product-Detail-Hero-image-300x129.png 300w, https:\/\/www.agcchem.com\/wp-content\/uploads\/2024\/09\/Product-Detail-Hero-image-1024x439.png 1024w, https:\/\/www.agcchem.com\/wp-content\/uploads\/2024\/09\/Product-Detail-Hero-image-768x329.png 768w\" sizes=\"(max-width: 1400px) 100vw, 1400px\" title=\"Product Detail Hero image\" alt=\"\" \t\tclass=\"so-widget-image\"\/>\n\t<\/div>\n\n<\/div><\/div><\/div><div id=\"panel-27820-0-0-1\" class=\"so-panel widget widget_siteorigin-panels-builder panel-last-child\" data-index=\"1\" ><div class=\"home-slide-content white_text add_breadcrumb panel-widget-style panel-widget-style-for-27820-0-0-1\" ><div id=\"pl-w67080b768e36d\"  class=\"panel-layout\" ><div id=\"pg-w67080b768e36d-0\"  class=\"panel-grid panel-no-style\" ><div id=\"pgc-w67080b768e36d-0-0\"  class=\"panel-grid-cell\" ><div id=\"panel-w67080b768e36d-0-0-0\" class=\"widget_text so-panel widget widget_custom_html panel-first-child\" data-index=\"0\" ><div class=\"textwidget custom-html-widget\"><div class=\"home-bg\"><\/div><\/div><\/div><div id=\"panel-w67080b768e36d-0-0-1\" class=\"so-panel widget widget_siteorigin-panels-builder panel-last-child\" data-index=\"1\" ><div class=\"container panel-widget-style panel-widget-style-for-w67080b768e36d-0-0-1\" ><div id=\"pl-w67080b768e377\"  class=\"panel-layout\" ><div id=\"pg-w67080b768e377-0\"  class=\"panel-grid panel-has-style\" ><div class=\"home-slid-inner panel-row-style panel-row-style-for-w67080b768e377-0\" ><div id=\"pgc-w67080b768e377-0-0\"  class=\"panel-grid-cell\" ><div id=\"panel-w67080b768e377-0-0-0\" class=\"so-panel widget widget_sow-editor panel-first-child\" data-index=\"0\" ><div\n\t\t\t\n\t\t\tclass=\"so-widget-sow-editor so-widget-sow-editor-base\"\n\t\t\t\n\t\t>\n<div class=\"siteorigin-widget-tinymce textwidget\">\n\t<div class=\"\">\r\n  <nav aria-label=\"breadcrumb\" class=\"breadcrumb\">\r\n     <ol class=\"breadcrumb-item\">\r\n\t    <span property=\"itemListElement\" typeof=\"ListItem\"><a property=\"item\" typeof=\"WebPage\" title=\"Go to AGC Chemicals.\" href=\"https:\/\/www.agcchem.com\/pt-br\/\" class=\"home\"><span property=\"name\"><i class=\"fa fa-map-marker\"><\/i> Home<\/span><\/a><meta property=\"position\" content=\"1\"><\/span><i class=\"fa fa-angle-double-right\"><\/i><span property=\"itemListElement\" typeof=\"ListItem\"><a property=\"item\" typeof=\"WebPage\" title=\"Go to Blog.\" href=\"https:\/\/www.agcchem.com\/blog\/\" class=\"post-root post post-post\"><span property=\"name\">Blog<\/span><\/a><meta property=\"position\" content=\"2\"><\/span>     <\/ol>\r\n  <\/nav>\r\n<\/div>\n<\/div>\n<\/div><\/div><div id=\"panel-w67080b768e377-0-0-1\" class=\"so-panel widget widget_sow-headline\" data-index=\"1\" ><div\n\t\t\t\n\t\t\tclass=\"so-widget-sow-headline so-widget-sow-headline-default-704e7542437d\"\n\t\t\t\n\t\t><div class=\"sow-headline-container \">\n\t\t\t\t\t\t\t<h1 class=\"sow-headline\">\n\t\t\t\t\t\tRESIFA\u2122 SOLESPHERE\u2122 S\u00edlica fina para captura de carbono\t\t\t\t\t\t<\/h1>\n\t\t\t\t\t\t\t\t\t\t\t\t<h3 class=\"sow-sub-headline\">\n\t\t\t\t\t\tEssas s\u00edlicas microesf\u00e9ricas s\u00e3o excelentes absorvedores de CO<sub>2<\/sub> combinadas com um tratamento de amina.\t\t\t\t\t\t<\/h3>\n\t\t\t\t\t\t<\/div>\n<\/div><\/div><div id=\"panel-w67080b768e377-0-0-2\" class=\"so-panel widget widget_sow-image\" data-index=\"2\" ><div class=\"gear_bg_twentyseven panel-widget-style panel-widget-style-for-w67080b768e377-0-0-2\" ><div\n\t\t\t\n\t\t\tclass=\"so-widget-sow-image so-widget-sow-image-default-8b5b6f678277\"\n\t\t\t\n\t\t>\n<div class=\"sow-image-container\">\n\t\t<img \n\tsrc=\"https:\/\/www.agcchem.com\/wp-content\/uploads\/2024\/03\/gear_bg_27.svg\" width=\"279\" height=\"279\" sizes=\"(max-width: 279px) 100vw, 279px\" alt=\"\" \t\tclass=\"so-widget-image\"\/>\n\t<\/div>\n\n<\/div><\/div><\/div><div id=\"panel-w67080b768e377-0-0-3\" class=\"so-panel widget widget_sow-image\" data-index=\"3\" ><div class=\"gear_bg_thirtyseven panel-widget-style panel-widget-style-for-w67080b768e377-0-0-3\" ><div\n\t\t\t\n\t\t\tclass=\"so-widget-sow-image so-widget-sow-image-default-8b5b6f678277\"\n\t\t\t\n\t\t>\n<div class=\"sow-image-container\">\n\t\t<img \n\tsrc=\"https:\/\/www.agcchem.com\/wp-content\/uploads\/2024\/03\/gear_bg_37.svg\" width=\"228\" height=\"228\" sizes=\"(max-width: 228px) 100vw, 228px\" alt=\"\" \t\tclass=\"so-widget-image\"\/>\n\t<\/div>\n\n<\/div><\/div><\/div><div id=\"panel-w67080b768e377-0-0-4\" class=\"widget_text so-panel widget widget_custom_html panel-last-child\" data-index=\"4\" ><div class=\"textwidget custom-html-widget\">\r\n  <div class=\"select_brand_dropdown\">\r\n    \r\n    \r\n    <div class=\"new_products_cta_buttons btns\">\r\n\r\n      \r\n\r\n      \r\n\r\n      \r\n        <a href=\"\/pt-br\/contate-nos\/duvidas-sobre-o-produto\/?product=agc_finesilica\" class=\"btn btn-primary\">\r\n          <span>D\u00favidas sobre o Produto<\/span>\r\n        <\/a>\r\n\r\n        <a href=\"\/pt-br\/contate-nos\/sample-request\/?product=agc_finesilica\" class=\"btn btn-secondary\">\r\n          <span>Pedido de Amostra<\/span>\r\n        <\/a>\r\n\r\n            \r\n    <\/div>\r\n\r\n  <\/div>\r\n\r\n<\/div><\/div><\/div><\/div><\/div><\/div><\/div><\/div><\/div><\/div><\/div><\/div><\/div><\/div><\/div><\/div><div id=\"pg-27820-1\"  class=\"panel-grid panel-has-style\" ><div class=\"inner_page_sub_navigation siteorigin-panels-stretch panel-row-style panel-row-style-for-27820-1\" data-stretch-type=\"full-width-stretch\" ><div id=\"pgc-27820-1-0\"  class=\"panel-grid-cell\" ><div id=\"panel-27820-1-0-0\" class=\"so-panel widget widget_siteorigin-panels-builder panel-first-child panel-last-child\" data-index=\"2\" ><div class=\"container  panel-widget-style panel-widget-style-for-27820-1-0-0\" ><div id=\"pl-w66e0946a890a3\"  class=\"panel-layout\" ><div id=\"pg-w66e0946a890a3-0\"  class=\"panel-grid panel-no-style\" ><div id=\"pgc-w66e0946a890a3-0-0\"  class=\"panel-grid-cell\" ><div id=\"panel-w66e0946a890a3-0-0-0\" class=\"widget_text so-panel widget widget_custom_html panel-first-child panel-last-child\" data-index=\"0\" ><div class=\"textwidget custom-html-widget\"><ul>\r\n\t<li>Explore:<\/li>\r\n\t<li><a href=\"#overview\">Vis\u00e3o geral<\/a><\/li>\t\r\n\t<li><a href=\"#features\">Caracter\u00edsticas<\/a><\/li>\r\n\t<li><a herf=\"#\">Benef\u00edcios<\/a><\/li>\r\n\t<li><a href=\"#aplica%c3%a7%c3%b5es\">Aplica\u00e7\u00f5es<\/a><\/li>\r\n<\/ul><\/div><\/div><\/div><\/div><\/div><\/div><\/div><\/div><\/div><\/div><div id=\"pg-27820-2\"  class=\"panel-grid panel-has-style\" ><div class=\"two_column_with_blue_lines siteorigin-panels-stretch panel-row-style panel-row-style-for-27820-2\" id=\"overview\" data-stretch-type=\"full-width-stretch\" ><div id=\"pgc-27820-2-0\"  class=\"panel-grid-cell\" ><div id=\"panel-27820-2-0-0\" class=\"so-panel widget widget_siteorigin-panels-builder panel-first-child panel-last-child\" data-index=\"3\" ><div class=\"container  panel-widget-style panel-widget-style-for-27820-2-0-0\" ><div id=\"pl-w67080b768f861\"  class=\"panel-layout\" ><div id=\"pg-w67080b768f861-0\"  class=\"panel-grid panel-has-style\" ><div class=\"col-12 col-md-10 m-auto panel-row-style panel-row-style-for-w67080b768f861-0\" ><div id=\"pgc-w67080b768f861-0-0\"  class=\"panel-grid-cell\" ><div id=\"panel-w67080b768f861-0-0-0\" class=\"so-panel widget widget_sow-image panel-first-child panel-last-child\" data-index=\"0\" ><div\n\t\t\t\n\t\t\tclass=\"so-widget-sow-image so-widget-sow-image-default-8b5b6f678277\"\n\t\t\t\n\t\t>\n<div class=\"sow-image-container\">\n\t\t<img \n\tsrc=\"https:\/\/www.agcchem.com\/wp-content\/uploads\/2024\/05\/resifa-solesphere-lgo-clear.png\" width=\"600\" height=\"228\" srcset=\"https:\/\/www.agcchem.com\/wp-content\/uploads\/2024\/05\/resifa-solesphere-lgo-clear.png 600w, https:\/\/www.agcchem.com\/wp-content\/uploads\/2024\/05\/resifa-solesphere-lgo-clear-300x114.png 300w\" sizes=\"(max-width: 600px) 100vw, 600px\" alt=\"\" \t\tclass=\"so-widget-image\"\/>\n\t<\/div>\n\n<\/div><\/div><\/div><div id=\"pgc-w67080b768f861-0-1\"  class=\"panel-grid-cell\" ><div id=\"panel-w67080b768f861-0-1-0\" class=\"so-panel widget widget_sow-editor panel-first-child panel-last-child\" data-index=\"1\" ><div class=\"text-black panel-widget-style panel-widget-style-for-w67080b768f861-0-1-0\" ><div\n\t\t\t\n\t\t\tclass=\"so-widget-sow-editor so-widget-sow-editor-base\"\n\t\t\t\n\t\t>\n<div class=\"siteorigin-widget-tinymce textwidget\">\n\t<p>Com sua estrutura de poros \u00fanica, a s\u00edlica fina SOLESPHERE permite uma alta taxa de absor\u00e7\u00e3o de CO2 e uma alta taxa de libera\u00e7\u00e3o em temperaturas relativamente baixas, reduzindo os custos de energia.<\/p>\n<\/div>\n<\/div><\/div><\/div><\/div><\/div><\/div><\/div><\/div><\/div><\/div><\/div><\/div><div id=\"pg-27820-3\"  class=\"panel-grid panel-has-style\" ><div id=\"features\" class=\"panel-row-style panel-row-style-for-27820-3\" ><div id=\"pgc-27820-3-0\"  class=\"panel-grid-cell\" ><div id=\"panel-27820-3-0-0\" class=\"so-panel widget widget_sow-headline panel-first-child\" data-index=\"4\" ><div\n\t\t\t\n\t\t\tclass=\"so-widget-sow-headline so-widget-sow-headline-default-2d3a2cf15379-27820\"\n\t\t\t\n\t\t><div class=\"sow-headline-container \">\n\t\t\t\t\t\t\t<h4 class=\"sow-headline\">\n\t\t\t\t\t\tA combina\u00e7\u00e3o de tamanho de part\u00edcula e porosidade oferece uma base s\u00f3lida para tratamentos de amina absorverem CO<sub>2<\/sub>.\t\t\t\t\t\t<\/h4>\n\t\t\t\t\t\t<\/div>\n<\/div><\/div><div id=\"panel-27820-3-0-1\" class=\"so-panel widget widget_sow-editor\" data-index=\"5\" ><div class=\"text-black panel-widget-style panel-widget-style-for-27820-3-0-1\" ><div\n\t\t\t\n\t\t\tclass=\"so-widget-sow-editor so-widget-sow-editor-base\"\n\t\t\t\n\t\t>\n<div class=\"siteorigin-widget-tinymce textwidget\">\n\t<p>A AGC tamb\u00e9m oferece 3 diferentes formas de s\u00edlica para esta solu\u00e7\u00e3o de absor\u00e7\u00e3o de CO2:<\/p>\n<ul>\n<li>S\u00edlica SOLESPHERE - para seu tratamento de amina personalizado<\/li>\n<li>Pelotas de S\u00edlica - uma combina\u00e7\u00e3o de SOLESPHERE e s\u00edlica microfibrosa<\/li>\n<li>Pelotas de s\u00edlica aminada<\/li>\n<\/ul>\n<p>&nbsp;<\/p>\n<\/div>\n<\/div><\/div><\/div><div id=\"panel-27820-3-0-2\" class=\"so-panel widget widget_sow-editor panel-last-child\" data-index=\"6\" ><div class=\"text-black panel-widget-style panel-widget-style-for-27820-3-0-2\" ><div\n\t\t\t\n\t\t\tclass=\"so-widget-sow-editor so-widget-sow-editor-base\"\n\t\t\t\n\t\t>\n<div class=\"siteorigin-widget-tinymce textwidget\">\n\t<p><img loading=\"lazy\" decoding=\"async\" class=\"alignleft size-full wp-image-27557\" src=\"https:\/\/www.agcchem.com\/wp-content\/uploads\/2024\/09\/Screen-Shot-2024-09-16-at-12.09.11-PM.png\" alt=\"\" width=\"480\" height=\"249\" srcset=\"https:\/\/www.agcchem.com\/wp-content\/uploads\/2024\/09\/Screen-Shot-2024-09-16-at-12.09.11-PM.png 480w, https:\/\/www.agcchem.com\/wp-content\/uploads\/2024\/09\/Screen-Shot-2024-09-16-at-12.09.11-PM-300x156.png 300w\" sizes=\"auto, (max-width: 480px) 100vw, 480px\" \/><\/p>\n<p>&nbsp;<\/p>\n<\/div>\n<\/div><\/div><\/div><\/div><div id=\"pgc-27820-3-1\"  class=\"panel-grid-cell\" ><div id=\"panel-27820-3-1-0\" class=\"so-panel widget widget_sow-image panel-first-child\" data-index=\"7\" ><div class=\"has-line-skyblue-left-middle panel-widget-style panel-widget-style-for-27820-3-1-0\" ><div\n\t\t\t\n\t\t\tclass=\"so-widget-sow-image so-widget-sow-image-default-334eeca80698-27820\"\n\t\t\t\n\t\t>\n<div class=\"sow-image-container\">\n\t\t<img \n\tsrc=\"https:\/\/www.agcchem.com\/wp-content\/uploads\/2024\/09\/Large-inset.png\" width=\"636\" height=\"352\" srcset=\"https:\/\/www.agcchem.com\/wp-content\/uploads\/2024\/09\/Large-inset.png 636w, https:\/\/www.agcchem.com\/wp-content\/uploads\/2024\/09\/Large-inset-300x166.png 300w\" sizes=\"(max-width: 636px) 100vw, 636px\" title=\"Large inset\" alt=\"\" \t\tclass=\"so-widget-image\"\/>\n\t<\/div>\n\n<\/div><\/div><\/div><div id=\"panel-27820-3-1-1\" class=\"so-panel widget widget_sow-image panel-last-child\" data-index=\"8\" ><div class=\"image_white_border panel-widget-style panel-widget-style-for-27820-3-1-1\" ><div\n\t\t\t\n\t\t\tclass=\"so-widget-sow-image so-widget-sow-image-default-b4513c7b55bb-27820\"\n\t\t\t\n\t\t>\n<div class=\"sow-image-container\">\n\t\t<img \n\tsrc=\"https:\/\/www.agcchem.com\/wp-content\/uploads\/2024\/09\/H-122.png\" width=\"202\" height=\"142\" sizes=\"(max-width: 202px) 100vw, 202px\" alt=\"\" \t\tclass=\"so-widget-image\"\/>\n\t<\/div>\n\n<\/div><\/div><\/div><\/div><\/div><\/div><div id=\"pg-27820-4\"  class=\"panel-grid panel-has-style\" ><div id=\"features\" class=\"panel-row-style panel-row-style-for-27820-4\" ><div id=\"pgc-27820-4-0\"  class=\"panel-grid-cell\" ><div id=\"panel-27820-4-0-0\" class=\"so-panel widget widget_sow-headline panel-first-child\" data-index=\"9\" ><div\n\t\t\t\n\t\t\tclass=\"so-widget-sow-headline so-widget-sow-headline-default-2d3a2cf15379-27820\"\n\t\t\t\n\t\t><div class=\"sow-headline-container \">\n\t\t\t\t\t\t\t<h4 class=\"sow-headline\">\n\t\t\t\t\t\tDesempenho de absor\u00e7\u00e3o\t\t\t\t\t\t<\/h4>\n\t\t\t\t\t\t<\/div>\n<\/div><\/div><div id=\"panel-27820-4-0-1\" class=\"so-panel widget widget_sow-editor\" data-index=\"10\" ><div class=\"text-black panel-widget-style panel-widget-style-for-27820-4-0-1\" ><div\n\t\t\t\n\t\t\tclass=\"so-widget-sow-editor so-widget-sow-editor-base\"\n\t\t\t\n\t\t>\n<div class=\"siteorigin-widget-tinymce textwidget\">\n\t<p>O absorvente de CO2 desenvolvido pela AGC mant\u00e9m uma capacidade de absor\u00e7\u00e3o relativamente alta, mesmo em baixas concentra\u00e7\u00f5es de CO2 (por exemplo, 1 vol%).<\/p>\n<p>&nbsp;<\/p>\n<\/div>\n<\/div><\/div><\/div><div id=\"panel-27820-4-0-2\" class=\"so-panel widget widget_media_image panel-last-child\" data-index=\"11\" ><img loading=\"lazy\" decoding=\"async\" width=\"1530\" height=\"728\" src=\"https:\/\/www.agcchem.com\/wp-content\/uploads\/2024\/09\/Absorption.png\" class=\"image wp-image-27426  attachment-full size-full\" alt=\"\" style=\"max-width: 100%; height: auto;\" srcset=\"https:\/\/www.agcchem.com\/wp-content\/uploads\/2024\/09\/Absorption.png 1530w, https:\/\/www.agcchem.com\/wp-content\/uploads\/2024\/09\/Absorption-300x143.png 300w, https:\/\/www.agcchem.com\/wp-content\/uploads\/2024\/09\/Absorption-1024x487.png 1024w, https:\/\/www.agcchem.com\/wp-content\/uploads\/2024\/09\/Absorption-768x365.png 768w\" sizes=\"auto, (max-width: 1530px) 100vw, 1530px\" \/><\/div><\/div><div id=\"pgc-27820-4-1\"  class=\"panel-grid-cell\" ><div id=\"panel-27820-4-1-0\" class=\"so-panel widget widget_sow-headline panel-first-child\" data-index=\"12\" ><div\n\t\t\t\n\t\t\tclass=\"so-widget-sow-headline so-widget-sow-headline-default-2d3a2cf15379-27820\"\n\t\t\t\n\t\t><div class=\"sow-headline-container \">\n\t\t\t\t\t\t\t<h4 class=\"sow-headline\">\n\t\t\t\t\t\tDesempenho de dessor\u00e7\u00e3o\t\t\t\t\t\t<\/h4>\n\t\t\t\t\t\t<\/div>\n<\/div><\/div><div id=\"panel-27820-4-1-1\" class=\"so-panel widget widget_sow-editor\" data-index=\"13\" ><div class=\"text-black panel-widget-style panel-widget-style-for-27820-4-1-1\" ><div\n\t\t\t\n\t\t\tclass=\"so-widget-sow-editor so-widget-sow-editor-base\"\n\t\t\t\n\t\t>\n<div class=\"siteorigin-widget-tinymce textwidget\">\n\t<p>A s\u00edlica aminada da AGC pode liberar uma grande quantidade de CO2 absorvido. A 80\u00b0C em press\u00e3o ambiente, quase toda a por\u00e7\u00e3o pode ser dessorvida dentro de 1,5~2,0 horas.<\/p>\n<p>&nbsp;<\/p>\n<\/div>\n<\/div><\/div><\/div><div id=\"panel-27820-4-1-2\" class=\"so-panel widget widget_media_image panel-last-child\" data-index=\"14\" ><img loading=\"lazy\" decoding=\"async\" width=\"1562\" height=\"386\" src=\"https:\/\/www.agcchem.com\/wp-content\/uploads\/2024\/09\/Desorption.png\" class=\"image wp-image-27429  attachment-full size-full\" alt=\"\" style=\"max-width: 100%; height: auto;\" srcset=\"https:\/\/www.agcchem.com\/wp-content\/uploads\/2024\/09\/Desorption.png 1562w, https:\/\/www.agcchem.com\/wp-content\/uploads\/2024\/09\/Desorption-300x74.png 300w, https:\/\/www.agcchem.com\/wp-content\/uploads\/2024\/09\/Desorption-1024x253.png 1024w, https:\/\/www.agcchem.com\/wp-content\/uploads\/2024\/09\/Desorption-768x190.png 768w, https:\/\/www.agcchem.com\/wp-content\/uploads\/2024\/09\/Desorption-1536x380.png 1536w\" sizes=\"auto, (max-width: 1562px) 100vw, 1562px\" \/><\/div><\/div><\/div><\/div><div id=\"pg-27820-5\"  class=\"panel-grid panel-has-style\" ><div class=\"markets_section panel-row-style panel-row-style-for-27820-5\" ><div id=\"pgc-27820-5-0\"  class=\"panel-grid-cell\" ><div id=\"panel-27820-5-0-0\" class=\"so-panel widget widget_sow-editor panel-first-child panel-last-child\" data-index=\"15\" ><div\n\t\t\t\n\t\t\tclass=\"so-widget-sow-editor so-widget-sow-editor-base\"\n\t\t\t\n\t\t>\n<div class=\"siteorigin-widget-tinymce textwidget\">\n\t\r\n\t\r\n  \n<\/div>\n<\/div><\/div><\/div><\/div><\/div><div id=\"pg-27820-6\"  class=\"panel-grid panel-has-style\" ><div class=\"clip_path_top_left_down bottom_gear_top_white_lines siteorigin-panels-stretch panel-row-style panel-row-style-for-27820-6\" data-stretch-type=\"full-width-stretch\" ><div id=\"pgc-27820-6-0\"  class=\"panel-grid-cell\" ><div id=\"panel-27820-6-0-0\" class=\"so-panel widget widget_siteorigin-panels-builder panel-first-child panel-last-child\" data-index=\"16\" ><div class=\"product_tab_section panel-widget-style panel-widget-style-for-27820-6-0-0\" ><div id=\"pl-w67080c4c10d87\"  class=\"panel-layout\" ><div id=\"pg-w67080c4c10d87-0\"  class=\"panel-grid panel-has-style\" ><div class=\" col-md-9 m-auto col-12 panel-row-style panel-row-style-for-w67080c4c10d87-0\" ><div id=\"pgc-w67080c4c10d87-0-0\"  class=\"panel-grid-cell\" ><div id=\"panel-w67080c4c10d87-0-0-0\" class=\"so-panel widget widget_sow-tabs panel-first-child panel-last-child\" data-index=\"0\" ><div\n\t\t\t\n\t\t\tclass=\"so-widget-sow-tabs so-widget-sow-tabs-default-aaee25de5bd8\"\n\t\t\t\n\t\t><div class=\"sow-tabs\">\n\t<div class=\"sow-tabs-tab-container\" role=\"tablist\">\n\t\t\t<div\n\t\t\tclass=\"sow-tabs-tab\n\t\t\t sow-tabs-tab-selected\t\t\t\"\n\t\t\trole=\"tab\"\n\t\t\tdata-anchor-id=\"caracteristicas\"\n\t\t\taria-selected=\"true\"\n\t\t\ttabindex=\"0\"\n\t\t>\n\t\t\t<div class=\"sow-tabs-title sow-tabs-title-icon-left\">\n\t\t\t\t\t\t\t\tCaracter\u00edsticas\t\t\t\t\t\t\t<\/div>\n\t\t<\/div>\n\t\t\t<div\n\t\t\tclass=\"sow-tabs-tab\n\t\t\t\t\t\t\"\n\t\t\trole=\"tab\"\n\t\t\tdata-anchor-id=\"beneficios\"\n\t\t\taria-selected=\"false\"\n\t\t\ttabindex=\"0\"\n\t\t>\n\t\t\t<div class=\"sow-tabs-title sow-tabs-title-icon-left\">\n\t\t\t\t\t\t\t\tBenef\u00edcios\t\t\t\t\t\t\t<\/div>\n\t\t<\/div>\n\t\t\t<div\n\t\t\tclass=\"sow-tabs-tab\n\t\t\t\t\t\t\"\n\t\t\trole=\"tab\"\n\t\t\tdata-anchor-id=\"aplicacoes\"\n\t\t\taria-selected=\"false\"\n\t\t\ttabindex=\"0\"\n\t\t>\n\t\t\t<div class=\"sow-tabs-title sow-tabs-title-icon-left\">\n\t\t\t\t\t\t\t\tAplica\u00e7\u00f5es\t\t\t\t\t\t\t<\/div>\n\t\t<\/div>\n\t\t\t<div\n\t\t\tclass=\"sow-tabs-tab\n\t\t\t\t\t\t\"\n\t\t\trole=\"tab\"\n\t\t\tdata-anchor-id=\"sds\"\n\t\t\taria-selected=\"false\"\n\t\t\ttabindex=\"0\"\n\t\t>\n\t\t\t<div class=\"sow-tabs-title sow-tabs-title-icon-left\">\n\t\t\t\t\t\t\t\tSDS\t\t\t\t\t\t\t<\/div>\n\t\t<\/div>\n\t\t<\/div>\n\n\t<div class=\"sow-tabs-panel-container\">\n\t\t\t<div class=\"sow-tabs-panel\">\n\t\t\t<div\n\t\t\t\tclass=\"sow-tabs-panel-content\"\n\t\t\t\trole=\"tabpanel\"\n\t\t\t\taria-hidden=\"false\"\n\t\t\t>\n\t\t\t\t<ul>\n<li>Captura e libera\u00e7\u00e3o de CO2 com menor consumo de energia<\/li>\n<li>A s\u00edlica aminada absorve\/desorve efetivamente mol\u00e9culas de CO2<\/li>\n<li>Aminas est\u00e1veis ao ar e resistentes ao calor foram desenvolvidas<\/li>\n<li>Variedade de tamanhos de part\u00edculas e porosidade<\/li>\n<\/ul>\n\t\t\t<\/div>\n\t\t<\/div>\n\t\t\t<div class=\"sow-tabs-panel\">\n\t\t\t<div\n\t\t\t\tclass=\"sow-tabs-panel-content\"\n\t\t\t\trole=\"tabpanel\"\n\t\t\t\taria-hidden=\"true\"\n\t\t\t>\n\t\t\t\t<ul>\n<li>Emiss\u00e3o negativa de CO2 | Purifica\u00e7\u00e3o do ar<\/li>\n<li>Propriedades de absor\u00e7\u00e3o\/desor\u00e7\u00e3o superiores em compara\u00e7\u00e3o com tecnologias convencionais (economia de energia)<\/li>\n<\/ul>\n\t\t\t<\/div>\n\t\t<\/div>\n\t\t\t<div class=\"sow-tabs-panel\">\n\t\t\t<div\n\t\t\t\tclass=\"sow-tabs-panel-content\"\n\t\t\t\trole=\"tabpanel\"\n\t\t\t\taria-hidden=\"true\"\n\t\t\t>\n\t\t\t\t<p>Existem muitas maneiras de absorver carbono. Duas delas, a s\u00edlica SOLESPHERE e a s\u00edlica SOLESPHERE aminada, podem capturar carbono atrav\u00e9s de:<\/p>\n<ul>\n<li>M\u00e9todo de adsor\u00e7\u00e3o s\u00f3lida de CO2<\/li>\n<li>Captura Direta de Ar de CO2 (DAC)<\/li>\n<\/ul>\n\t\t\t<\/div>\n\t\t<\/div>\n\t\t\t<div class=\"sow-tabs-panel\">\n\t\t\t<div\n\t\t\t\tclass=\"sow-tabs-panel-content\"\n\t\t\t\trole=\"tabpanel\"\n\t\t\t\taria-hidden=\"true\"\n\t\t\t>\n\t\t\t\t<p><a href=\"https:\/\/www.agcchem.com\/pt-br\/contate-nos\/pedido-fispq\/\">Click here<\/a>\u00a0to request an SDS sheet.<\/p>\n\t\t\t<\/div>\n\t\t<\/div>\n\t\t<\/div>\n<\/div>\n<\/div><\/div><\/div><\/div><\/div><\/div><\/div><\/div><\/div><\/div><\/div><div id=\"pg-27820-8\"  class=\"panel-grid panel-has-style\" ><div class=\"blue_overlay siteorigin-panels-stretch panel-row-style panel-row-style-for-27820-8\" data-stretch-type=\"full-width-stretch\" ><div id=\"pgc-27820-8-0\"  class=\"panel-grid-cell\" ><div id=\"panel-27820-8-0-0\" class=\"so-panel widget widget_siteorigin-panels-builder panel-first-child panel-last-child\" data-index=\"19\" ><div class=\"container panel-widget-style panel-widget-style-for-27820-8-0-0\" ><div id=\"pl-w66257a076ed6f\"  class=\"panel-layout\" ><div id=\"pg-w66257a076ed6f-0\"  class=\"panel-grid panel-has-style\" ><div class=\"col-12 col-md-6 m-auto position-relative panel-row-style panel-row-style-for-w66257a076ed6f-0\" ><div id=\"pgc-w66257a076ed6f-0-0\"  class=\"panel-grid-cell\" ><div id=\"panel-w66257a076ed6f-0-0-0\" class=\"so-panel widget widget_sow-headline panel-first-child\" data-index=\"0\" ><div class=\"fw-bold panel-widget-style panel-widget-style-for-w66257a076ed6f-0-0-0\" ><div\n\t\t\t\n\t\t\tclass=\"so-widget-sow-headline so-widget-sow-headline-default-87547e56f06d\"\n\t\t\t\n\t\t><div class=\"sow-headline-container \">\n\t\t\t\t\t\t\t<h2 class=\"sow-headline\">\n\t\t\t\t\t\tContacte os nossos especialistas em s\u00edlica para discutir as suas necessidades espec\u00edficas.\t\t\t\t\t\t<\/h2>\n\t\t\t\t\t\t<\/div>\n<\/div><\/div><\/div><div id=\"panel-w66257a076ed6f-0-0-1\" class=\"so-panel widget widget_sow-button panel-last-child\" data-index=\"1\" ><div\n\t\t\t\n\t\t\tclass=\"so-widget-sow-button so-widget-sow-button-flat-f949060a8f32\"\n\t\t\t\n\t\t><div class=\"ow-button-base ow-button-align-center\"\n>\n\t\t\t<a\n\t\t\t\t\thref=\"https:\/\/www.agcchem.com\/contact-us\/product-inquiry\/\"\n\t\t\t\t\tclass=\"btn sowb-button ow-icon-placement-left ow-button-hover\" \t>\n\t\t<span>\n\t\t\t\n\t\t\tConsulta de produto\t\t<\/span>\n\t\t\t<\/a>\n\t<\/div>\n<\/div><\/div><\/div><\/div><\/div><\/div><\/div><\/div><\/div><\/div><\/div><\/div>","protected":false},"excerpt":{"rendered":"<p>HomeBlog RESIFA\u2122 SOLESPHERE\u2122 S\u00edlica fina para captura de carbono Essas s\u00edlicas microesf\u00e9ricas s\u00e3o excelentes absorvedores de CO2 combinadas com um tratamento de amina. D\u00favidas sobre o Produto Pedido de Amostra Explore: Vis\u00e3o geral Caracter\u00edsticas Benef\u00edcios Aplica\u00e7\u00f5es Com sua estrutura de&#8230;<\/p>\n","protected":false},"author":12,"featured_media":30153,"parent":27471,"menu_order":7,"comment_status":"closed","ping_status":"closed","template":"page-template\/product-template.php","meta":{"_acf_changed":false,"inline_featured_image":false,"footnotes":""},"class_list":["post-27820","page","type-page","status-publish","has-post-thumbnail","hentry"],"acf":[],"_links":{"self":[{"href":"https:\/\/www.agcchem.com\/pt-br\/wp-json\/wp\/v2\/pages\/27820","targetHints":{"allow":["GET"]}}],"collection":[{"href":"https:\/\/www.agcchem.com\/pt-br\/wp-json\/wp\/v2\/pages"}],"about":[{"href":"https:\/\/www.agcchem.com\/pt-br\/wp-json\/wp\/v2\/types\/page"}],"author":[{"embeddable":true,"href":"https:\/\/www.agcchem.com\/pt-br\/wp-json\/wp\/v2\/users\/12"}],"replies":[{"embeddable":true,"href":"https:\/\/www.agcchem.com\/pt-br\/wp-json\/wp\/v2\/comments?post=27820"}],"version-history":[{"count":0,"href":"https:\/\/www.agcchem.com\/pt-br\/wp-json\/wp\/v2\/pages\/27820\/revisions"}],"up":[{"embeddable":true,"href":"https:\/\/www.agcchem.com\/pt-br\/wp-json\/wp\/v2\/pages\/27471"}],"wp:featuredmedia":[{"embeddable":true,"href":"https:\/\/www.agcchem.com\/pt-br\/wp-json\/wp\/v2\/media\/30153"}],"wp:attachment":[{"href":"https:\/\/www.agcchem.com\/pt-br\/wp-json\/wp\/v2\/media?parent=27820"}],"curies":[{"name":"wp","href":"https:\/\/api.w.org\/{rel}","templated":true}]}}