{"id":27830,"date":"2024-09-29T12:38:00","date_gmt":"2024-09-29T12:38:00","guid":{"rendered":"https:\/\/www.agcchem.com\/produtos\/fine-silica-microspheres\/resifa-serie-h-enchimentos-de-baixa-dieletrica\/"},"modified":"2024-10-08T00:13:38","modified_gmt":"2024-10-08T00:13:38","slug":"resifa-serie-h-enchimentos-de-baixa-dieletrica","status":"publish","type":"page","link":"https:\/\/www.agcchem.com\/pt-br\/produtos\/fine-silica-microspheres\/resifa-serie-h-enchimentos-de-baixa-dieletrica\/","title":{"rendered":"RESIFA\u2122 S\u00c9RIE H Enchimentos de baixa diel\u00e9trica"},"content":{"rendered":"<div id=\"pl-27830\"  class=\"panel-layout\" ><div id=\"pg-27830-0\"  class=\"panel-grid panel-has-style\" ><div class=\"home-slider global_hero_section siteorigin-panels-stretch animate-69d799183fcfb403247617 panels-animation-hide panel-row-style panel-row-style-for-27830-0\" data-stretch-type=\"full-width-stretch\" data-so-animation=\"{&quot;selector&quot;:&quot;.animate-69d799183fcfb403247617&quot;,&quot;animation&quot;:&quot;fadeIn&quot;,&quot;breakpoint&quot;:&quot;780px&quot;,&quot;duration&quot;:1,&quot;repeat&quot;:0,&quot;hide&quot;:1,&quot;disableAnimationMobile&quot;:0,&quot;finalState&quot;:&quot;visible&quot;,&quot;delay&quot;:0,&quot;debounce&quot;:0.1,&quot;event&quot;:&quot;enter&quot;,&quot;offset&quot;:0}\" ><div id=\"pgc-27830-0-0\"  class=\"panel-grid-cell\" ><div id=\"panel-27830-0-0-0\" class=\"so-panel widget widget_sow-image panel-first-child\" data-index=\"0\" ><div class=\"hero_big_image panel-widget-style panel-widget-style-for-27830-0-0-0\" ><div\n\t\t\t\n\t\t\tclass=\"so-widget-sow-image so-widget-sow-image-default-e4c2d9f6c920-27830\"\n\t\t\t\n\t\t>\n<div class=\"sow-image-container\">\n\t\t<img \n\tsrc=\"https:\/\/www.agcchem.com\/wp-content\/uploads\/2024\/04\/resifa-h-series-hero.png\" width=\"1400\" height=\"600\" srcset=\"https:\/\/www.agcchem.com\/wp-content\/uploads\/2024\/04\/resifa-h-series-hero.png 1400w, https:\/\/www.agcchem.com\/wp-content\/uploads\/2024\/04\/resifa-h-series-hero-300x129.png 300w, https:\/\/www.agcchem.com\/wp-content\/uploads\/2024\/04\/resifa-h-series-hero-1024x439.png 1024w, https:\/\/www.agcchem.com\/wp-content\/uploads\/2024\/04\/resifa-h-series-hero-768x329.png 768w\" sizes=\"(max-width: 1400px) 100vw, 1400px\" alt=\"\" \t\tclass=\"so-widget-image\"\/>\n\t<\/div>\n\n<\/div><\/div><\/div><div id=\"panel-27830-0-0-1\" class=\"so-panel widget widget_siteorigin-panels-builder panel-last-child\" data-index=\"1\" ><div class=\"home-slide-content white_text add_breadcrumb panel-widget-style panel-widget-style-for-27830-0-0-1\" ><div id=\"pl-w66feab5c01fd8\"  class=\"panel-layout\" ><div id=\"pg-w66feab5c01fd8-0\"  class=\"panel-grid panel-no-style\" ><div id=\"pgc-w66feab5c01fd8-0-0\"  class=\"panel-grid-cell\" ><div id=\"panel-w66feab5c01fd8-0-0-0\" class=\"widget_text so-panel widget widget_custom_html panel-first-child\" data-index=\"0\" ><div class=\"textwidget custom-html-widget\"><div class=\"home-bg\"><\/div><\/div><\/div><div id=\"panel-w66feab5c01fd8-0-0-1\" class=\"so-panel widget widget_siteorigin-panels-builder panel-last-child\" data-index=\"1\" ><div class=\"container panel-widget-style panel-widget-style-for-w66feab5c01fd8-0-0-1\" ><div id=\"pl-w66e55cf4c45af\"  class=\"panel-layout\" ><div id=\"pg-w66e55cf4c45af-0\"  class=\"panel-grid panel-has-style\" ><div class=\"home-slid-inner panel-row-style panel-row-style-for-w66e55cf4c45af-0\" ><div id=\"pgc-w66e55cf4c45af-0-0\"  class=\"panel-grid-cell\" ><div id=\"panel-w66e55cf4c45af-0-0-0\" class=\"so-panel widget widget_sow-editor panel-first-child\" data-index=\"0\" ><div\n\t\t\t\n\t\t\tclass=\"so-widget-sow-editor so-widget-sow-editor-base\"\n\t\t\t\n\t\t>\n<div class=\"siteorigin-widget-tinymce textwidget\">\n\t<div class=\"\">\r\n  <nav aria-label=\"breadcrumb\" class=\"breadcrumb\">\r\n     <ol class=\"breadcrumb-item\">\r\n\t    <span property=\"itemListElement\" typeof=\"ListItem\"><a property=\"item\" typeof=\"WebPage\" title=\"Go to AGC Chemicals.\" href=\"https:\/\/www.agcchem.com\/pt-br\/\" class=\"home\"><span property=\"name\"><i class=\"fa fa-map-marker\"><\/i> Home<\/span><\/a><meta property=\"position\" content=\"1\"><\/span><i class=\"fa fa-angle-double-right\"><\/i><span property=\"itemListElement\" typeof=\"ListItem\"><a property=\"item\" typeof=\"WebPage\" title=\"Go to Blog.\" href=\"https:\/\/www.agcchem.com\/blog\/\" class=\"post-root post post-post\"><span property=\"name\">Blog<\/span><\/a><meta property=\"position\" content=\"2\"><\/span>     <\/ol>\r\n  <\/nav>\r\n<\/div>\n<\/div>\n<\/div><\/div><div id=\"panel-w66e55cf4c45af-0-0-1\" class=\"so-panel widget widget_sow-headline\" data-index=\"1\" ><div\n\t\t\t\n\t\t\tclass=\"so-widget-sow-headline so-widget-sow-headline-default-704e7542437d\"\n\t\t\t\n\t\t><div class=\"sow-headline-container \">\n\t\t\t\t\t\t\t<h1 class=\"sow-headline\">\n\t\t\t\t\t\tRESIFA\u2122 S\u00c9RIE H Enchimentos de baixa diel\u00e9trica\t\t\t\t\t\t<\/h1>\n\t\t\t\t\t\t\t\t\t\t\t\t<h3 class=\"sow-sub-headline\">\n\t\t\t\t\t\tEsses enchimentos de s\u00edlica fornecem desempenho superior de Dk e Df baixos para filmes, pl\u00e1sticos moldados e placas de PCB.\t\t\t\t\t\t<\/h3>\n\t\t\t\t\t\t<\/div>\n<\/div><\/div><div id=\"panel-w66e55cf4c45af-0-0-2\" class=\"so-panel widget widget_sow-image\" data-index=\"2\" ><div class=\"gear_bg_twentyseven panel-widget-style panel-widget-style-for-w66e55cf4c45af-0-0-2\" ><div\n\t\t\t\n\t\t\tclass=\"so-widget-sow-image so-widget-sow-image-default-8b5b6f678277\"\n\t\t\t\n\t\t>\n<div class=\"sow-image-container\">\n\t\t<img \n\tsrc=\"https:\/\/www.agcchem.com\/wp-content\/uploads\/2024\/03\/gear_bg_27.svg\" width=\"279\" height=\"279\" sizes=\"(max-width: 279px) 100vw, 279px\" alt=\"\" \t\tclass=\"so-widget-image\"\/>\n\t<\/div>\n\n<\/div><\/div><\/div><div id=\"panel-w66e55cf4c45af-0-0-3\" class=\"so-panel widget widget_sow-image\" data-index=\"3\" ><div class=\"gear_bg_thirtyseven panel-widget-style panel-widget-style-for-w66e55cf4c45af-0-0-3\" ><div\n\t\t\t\n\t\t\tclass=\"so-widget-sow-image so-widget-sow-image-default-8b5b6f678277\"\n\t\t\t\n\t\t>\n<div class=\"sow-image-container\">\n\t\t<img \n\tsrc=\"https:\/\/www.agcchem.com\/wp-content\/uploads\/2024\/03\/gear_bg_37.svg\" width=\"228\" height=\"228\" sizes=\"(max-width: 228px) 100vw, 228px\" alt=\"\" \t\tclass=\"so-widget-image\"\/>\n\t<\/div>\n\n<\/div><\/div><\/div><div id=\"panel-w66e55cf4c45af-0-0-4\" class=\"widget_text so-panel widget widget_custom_html panel-last-child\" data-index=\"4\" ><div class=\"textwidget custom-html-widget\">\r\n  <div class=\"select_brand_dropdown\">\r\n    \r\n    \r\n    <div class=\"new_products_cta_buttons btns\">\r\n\r\n      \r\n\r\n      \r\n\r\n      \r\n        <a href=\"\/pt-br\/contate-nos\/duvidas-sobre-o-produto\/?product=agc_finesilica\" class=\"btn btn-primary\">\r\n          <span>D\u00favidas sobre o Produto<\/span>\r\n        <\/a>\r\n\r\n        <a href=\"\/pt-br\/contate-nos\/sample-request\/?product=agc_finesilica\" class=\"btn btn-secondary\">\r\n          <span>Pedido de Amostra<\/span>\r\n        <\/a>\r\n\r\n            \r\n    <\/div>\r\n\r\n  <\/div>\r\n\r\n<\/div><\/div><\/div><\/div><\/div><\/div><\/div><\/div><\/div><\/div><\/div><\/div><\/div><\/div><\/div><\/div><div id=\"pg-27830-1\"  class=\"panel-grid panel-has-style\" ><div class=\"inner_page_sub_navigation siteorigin-panels-stretch panel-row-style panel-row-style-for-27830-1\" data-stretch-type=\"full-width-stretch\" ><div id=\"pgc-27830-1-0\"  class=\"panel-grid-cell\" ><div id=\"panel-27830-1-0-0\" class=\"so-panel widget widget_siteorigin-panels-builder panel-first-child panel-last-child\" data-index=\"2\" ><div class=\"container  panel-widget-style panel-widget-style-for-27830-1-0-0\" ><div id=\"pl-w66feab5c021cd\"  class=\"panel-layout\" ><div id=\"pg-w66feab5c021cd-0\"  class=\"panel-grid panel-no-style\" ><div id=\"pgc-w66feab5c021cd-0-0\"  class=\"panel-grid-cell\" ><div id=\"panel-w66feab5c021cd-0-0-0\" class=\"widget_text so-panel widget widget_custom_html panel-first-child panel-last-child\" data-index=\"0\" ><div class=\"textwidget custom-html-widget\"><ul>\r\n\t<li>Explore:<\/li>\r\n\t<li><a href=\"#features\">Caracter\u00edsticas<\/a><\/li>\r\n\t<li><a href=\"#fispq\">FISPQ<\/a><\/li>\r\n<\/ul><\/div><\/div><\/div><\/div><\/div><\/div><\/div><\/div><\/div><\/div><div id=\"pg-27830-2\"  class=\"panel-grid panel-has-style\" ><div class=\"two_column_with_blue_lines siteorigin-panels-stretch panel-row-style panel-row-style-for-27830-2\" id=\"overview\" data-stretch-type=\"full-width-stretch\" ><div id=\"pgc-27830-2-0\"  class=\"panel-grid-cell\" ><div id=\"panel-27830-2-0-0\" class=\"so-panel widget widget_siteorigin-panels-builder panel-first-child panel-last-child\" data-index=\"3\" ><div class=\"container  panel-widget-style panel-widget-style-for-27830-2-0-0\" ><div id=\"pl-w66feab5c022ef\"  class=\"panel-layout\" ><div id=\"pg-w66feab5c022ef-0\"  class=\"panel-grid panel-has-style\" ><div class=\"col-12 col-md-10 m-auto panel-row-style panel-row-style-for-w66feab5c022ef-0\" ><div id=\"pgc-w66feab5c022ef-0-0\"  class=\"panel-grid-cell\" ><div id=\"panel-w66feab5c022ef-0-0-0\" class=\"so-panel widget widget_sow-image panel-first-child\" data-index=\"0\" ><div\n\t\t\t\n\t\t\tclass=\"so-widget-sow-image so-widget-sow-image-default-8b5b6f678277\"\n\t\t\t\n\t\t>\n<div class=\"sow-image-container\">\n\t\t<img \n\tsrc=\"https:\/\/www.agcchem.com\/wp-content\/uploads\/2024\/04\/resifa-clear.png\" width=\"2245\" height=\"634\" srcset=\"https:\/\/www.agcchem.com\/wp-content\/uploads\/2024\/04\/resifa-clear.png 2245w, https:\/\/www.agcchem.com\/wp-content\/uploads\/2024\/04\/resifa-clear-300x85.png 300w, https:\/\/www.agcchem.com\/wp-content\/uploads\/2024\/04\/resifa-clear-1024x289.png 1024w, https:\/\/www.agcchem.com\/wp-content\/uploads\/2024\/04\/resifa-clear-768x217.png 768w, https:\/\/www.agcchem.com\/wp-content\/uploads\/2024\/04\/resifa-clear-1536x434.png 1536w, https:\/\/www.agcchem.com\/wp-content\/uploads\/2024\/04\/resifa-clear-2048x578.png 2048w\" sizes=\"(max-width: 2245px) 100vw, 2245px\" alt=\"\" \t\tclass=\"so-widget-image\"\/>\n\t<\/div>\n\n<\/div><\/div><div id=\"panel-w66feab5c022ef-0-0-1\" class=\"so-panel widget widget_sow-headline panel-last-child\" data-index=\"1\" ><div\n\t\t\t\n\t\t\tclass=\"so-widget-sow-headline so-widget-sow-headline-default-027743c869d3\"\n\t\t\t\n\t\t><div class=\"sow-headline-container \">\n\t\t\t\t\t\t\t<h4 class=\"sow-headline\">\n\t\t\t\t\t\tEnchimentos de s\u00edlica que ajudam a minimizar a perda de energia el\u00e9trica e a perda de sinal\t\t\t\t\t\t<\/h4>\n\t\t\t\t\t\t\t\t\t\t\t<div class=\"decoration\">\n\t\t\t\t\t\t<div class=\"decoration-inside\"><\/div>\n\t\t\t\t\t<\/div>\n\t\t\t\t\t<\/div>\n<\/div><\/div><\/div><div id=\"pgc-w66feab5c022ef-0-1\"  class=\"panel-grid-cell\" ><div id=\"panel-w66feab5c022ef-0-1-0\" class=\"so-panel widget widget_sow-editor panel-first-child panel-last-child\" data-index=\"2\" ><div class=\"text-black panel-widget-style panel-widget-style-for-w66feab5c022ef-0-1-0\" ><div\n\t\t\t\n\t\t\tclass=\"so-widget-sow-editor so-widget-sow-editor-base\"\n\t\t\t\n\t\t>\n<div class=\"siteorigin-widget-tinymce textwidget\">\n\t<p>A AGC desenvolveu dois tipos de enchimentos de s\u00edlica que fornecem desempenho superior de Dk e Df baixo para filmes, pl\u00e1sticos moldados e placas de PCB.<\/p>\n<p>Com a necessidade cont\u00ednua de eletr\u00f4nicos menores e mais finos, \u00e9 necess\u00e1rio desempenho de transmiss\u00e3o superior em altas frequ\u00eancias. A s\u00edlica RESIFA\u2122 \u00e9 ideal para fornecer desempenho de Dk e DF baixo porque ajuda a minimizar a perda de energia el\u00e9trica e a perda de sinal.<\/p>\n<\/div>\n<\/div><\/div><\/div><\/div><\/div><\/div><\/div><\/div><\/div><\/div><\/div><\/div><div id=\"pg-27830-3\"  class=\"panel-grid panel-has-style\" ><div id=\"features\" class=\"panel-row-style panel-row-style-for-27830-3\" ><div id=\"pgc-27830-3-0\"  class=\"panel-grid-cell\" ><div id=\"panel-27830-3-0-0\" class=\"so-panel widget widget_sow-editor panel-first-child panel-last-child\" data-index=\"4\" ><div class=\"text-black panel-widget-style panel-widget-style-for-27830-3-0-0\" ><div\n\t\t\t\n\t\t\tclass=\"so-widget-sow-editor so-widget-sow-editor-base\"\n\t\t\t\n\t\t>\n<div class=\"siteorigin-widget-tinymce textwidget\">\n\t<p><strong>Vantagens da s\u00edlica RESIFA<\/strong><\/p>\n<ul>\n<li>Baixa perda de transmiss\u00e3o<\/li>\n<li>Estabilidade do sinal<\/li>\n<li>Est\u00e1vel em uma ampla faixa de temperatura<\/li>\n<li>Aplica\u00e7\u00f5es<\/li>\n<li>Laminados revestidos de cobre<\/li>\n<li>Placas de PCB<\/li>\n<li>Filmes<\/li>\n<li>Pl\u00e1sticos moldados<\/li>\n<\/ul>\n<\/div>\n<\/div><\/div><\/div><\/div><div id=\"pgc-27830-3-1\"  class=\"panel-grid-cell\" ><div id=\"panel-27830-3-1-0\" class=\"so-panel widget widget_sow-image panel-first-child panel-last-child\" data-index=\"5\" ><div\n\t\t\t\n\t\t\tclass=\"so-widget-sow-image so-widget-sow-image-default-8b5b6f678277-27830\"\n\t\t\t\n\t\t>\n<div class=\"sow-image-container\">\n\t\t<img \n\tsrc=\"https:\/\/www.agcchem.com\/wp-content\/uploads\/2024\/05\/resifa-h-series-chart1.png\" width=\"1704\" height=\"488\" srcset=\"https:\/\/www.agcchem.com\/wp-content\/uploads\/2024\/05\/resifa-h-series-chart1.png 1704w, https:\/\/www.agcchem.com\/wp-content\/uploads\/2024\/05\/resifa-h-series-chart1-300x86.png 300w, https:\/\/www.agcchem.com\/wp-content\/uploads\/2024\/05\/resifa-h-series-chart1-1024x293.png 1024w, https:\/\/www.agcchem.com\/wp-content\/uploads\/2024\/05\/resifa-h-series-chart1-768x220.png 768w, https:\/\/www.agcchem.com\/wp-content\/uploads\/2024\/05\/resifa-h-series-chart1-1536x440.png 1536w\" sizes=\"(max-width: 1704px) 100vw, 1704px\" alt=\"\" \t\tclass=\"so-widget-image\"\/>\n\t<\/div>\n\n<\/div><\/div><\/div><\/div><\/div><div id=\"pg-27830-4\"  class=\"panel-grid panel-has-style\" ><div class=\"markets_section panel-row-style panel-row-style-for-27830-4\" ><div id=\"pgc-27830-4-0\"  class=\"panel-grid-cell\" ><div id=\"panel-27830-4-0-0\" class=\"so-panel widget widget_sow-editor panel-first-child panel-last-child\" data-index=\"6\" ><div\n\t\t\t\n\t\t\tclass=\"so-widget-sow-editor so-widget-sow-editor-base\"\n\t\t\t\n\t\t>\n<div class=\"siteorigin-widget-tinymce textwidget\">\n\t\r\n\t\r\n  \n<\/div>\n<\/div><\/div><\/div><\/div><\/div><div id=\"pg-27830-5\"  class=\"panel-grid panel-has-style\" ><div class=\"clip_path_top_left_down bottom_gear_top_white_lines siteorigin-panels-stretch panel-row-style panel-row-style-for-27830-5\" data-stretch-type=\"full-width-stretch\" ><div id=\"pgc-27830-5-0\"  class=\"panel-grid-cell\" ><div id=\"panel-27830-5-0-0\" class=\"so-panel widget widget_siteorigin-panels-builder panel-first-child panel-last-child\" data-index=\"7\" ><div class=\"product_tab_section panel-widget-style panel-widget-style-for-27830-5-0-0\" ><div id=\"pl-w66feab5c02d44\"  class=\"panel-layout\" ><div id=\"pg-w66feab5c02d44-0\"  class=\"panel-grid panel-has-style\" ><div class=\" col-md-9 m-auto col-12 panel-row-style panel-row-style-for-w66feab5c02d44-0\" ><div id=\"pgc-w66feab5c02d44-0-0\"  class=\"panel-grid-cell\" ><div id=\"panel-w66feab5c02d44-0-0-0\" class=\"so-panel widget widget_sow-tabs panel-first-child panel-last-child\" data-index=\"0\" ><div\n\t\t\t\n\t\t\tclass=\"so-widget-sow-tabs so-widget-sow-tabs-default-aaee25de5bd8\"\n\t\t\t\n\t\t><div class=\"sow-tabs\">\n\t<div class=\"sow-tabs-tab-container\" role=\"tablist\">\n\t\t\t<div\n\t\t\tclass=\"sow-tabs-tab\n\t\t\t sow-tabs-tab-selected\t\t\t\"\n\t\t\trole=\"tab\"\n\t\t\tdata-anchor-id=\"fispq\"\n\t\t\taria-selected=\"true\"\n\t\t\ttabindex=\"0\"\n\t\t>\n\t\t\t<div class=\"sow-tabs-title sow-tabs-title-icon-left\">\n\t\t\t\t\t\t\t\tFISPQ\t\t\t\t\t\t\t<\/div>\n\t\t<\/div>\n\t\t<\/div>\n\n\t<div class=\"sow-tabs-panel-container\">\n\t\t\t<div class=\"sow-tabs-panel\">\n\t\t\t<div\n\t\t\t\tclass=\"sow-tabs-panel-content\"\n\t\t\t\trole=\"tabpanel\"\n\t\t\t\taria-hidden=\"false\"\n\t\t\t>\n\t\t\t\t<a href=\"https:\/\/stg-agcchemicals-staging2024.kinsta.cloud\/pt-br\/contate-nos\/pedido-fispq\/\" rel=\"noopener\">Clique aqui<\/a> para solicitar uma ficha de dados de seguran\u00e7a.\t\t\t<\/div>\n\t\t<\/div>\n\t\t<\/div>\n<\/div>\n<\/div><\/div><\/div><\/div><\/div><\/div><\/div><\/div><\/div><\/div><\/div><div id=\"pg-27830-7\"  class=\"panel-grid panel-has-style\" ><div class=\"blue_overlay siteorigin-panels-stretch panel-row-style panel-row-style-for-27830-7\" data-stretch-type=\"full-width-stretch\" ><div id=\"pgc-27830-7-0\"  class=\"panel-grid-cell\" ><div id=\"panel-27830-7-0-0\" class=\"so-panel widget widget_siteorigin-panels-builder panel-first-child panel-last-child\" data-index=\"10\" ><div class=\"container panel-widget-style panel-widget-style-for-27830-7-0-0\" ><div id=\"pl-w66feab5c03cb8\"  class=\"panel-layout\" ><div id=\"pg-w66feab5c03cb8-0\"  class=\"panel-grid panel-has-style\" ><div class=\"col-12 col-md-6 m-auto position-relative panel-row-style panel-row-style-for-w66feab5c03cb8-0\" ><div id=\"pgc-w66feab5c03cb8-0-0\"  class=\"panel-grid-cell\" ><div id=\"panel-w66feab5c03cb8-0-0-0\" class=\"so-panel widget widget_sow-headline panel-first-child\" data-index=\"0\" ><div class=\"fw-bold panel-widget-style panel-widget-style-for-w66feab5c03cb8-0-0-0\" ><div\n\t\t\t\n\t\t\tclass=\"so-widget-sow-headline so-widget-sow-headline-default-87547e56f06d\"\n\t\t\t\n\t\t><div class=\"sow-headline-container \">\n\t\t\t\t\t\t\t<h2 class=\"sow-headline\">\n\t\t\t\t\t\tEntre em contato com nossos especialistas em fluoropol\u00edmeros para discutir suas necessidades espec\u00edficas.\t\t\t\t\t\t<\/h2>\n\t\t\t\t\t\t<\/div>\n<\/div><\/div><\/div><div id=\"panel-w66feab5c03cb8-0-0-1\" class=\"so-panel widget widget_sow-button panel-last-child\" data-index=\"1\" ><div\n\t\t\t\n\t\t\tclass=\"so-widget-sow-button so-widget-sow-button-flat-f949060a8f32\"\n\t\t\t\n\t\t><div class=\"ow-button-base ow-button-align-center\"\n>\n\t\t\t<a href=\"https:\/\/www.agcchem.com\/contact-us\/product-inquiry\/\" class=\"btn sowb-button ow-icon-placement-left ow-button-hover\">\n\t\t<span>\n\t\t\t\n\t\t\tConsulta de produto\t\t<\/span>\n\t\t\t<\/a>\n\t<\/div>\n<\/div><\/div><\/div><\/div><\/div><\/div><\/div><\/div><\/div><\/div><\/div><\/div>","protected":false},"excerpt":{"rendered":"<p>HomeBlog RESIFA\u2122 S\u00c9RIE H Enchimentos de baixa diel\u00e9trica Esses enchimentos de s\u00edlica fornecem desempenho superior de Dk e Df baixos para filmes, pl\u00e1sticos moldados e placas de PCB. D\u00favidas sobre o Produto Pedido de Amostra Explore: Caracter\u00edsticas FISPQ Enchimentos de&#8230;<\/p>\n","protected":false},"author":12,"featured_media":0,"parent":27471,"menu_order":7,"comment_status":"closed","ping_status":"closed","template":"page-template\/product-template.php","meta":{"_acf_changed":false,"inline_featured_image":false,"footnotes":""},"class_list":["post-27830","page","type-page","status-publish","hentry"],"acf":[],"_links":{"self":[{"href":"https:\/\/www.agcchem.com\/pt-br\/wp-json\/wp\/v2\/pages\/27830","targetHints":{"allow":["GET"]}}],"collection":[{"href":"https:\/\/www.agcchem.com\/pt-br\/wp-json\/wp\/v2\/pages"}],"about":[{"href":"https:\/\/www.agcchem.com\/pt-br\/wp-json\/wp\/v2\/types\/page"}],"author":[{"embeddable":true,"href":"https:\/\/www.agcchem.com\/pt-br\/wp-json\/wp\/v2\/users\/12"}],"replies":[{"embeddable":true,"href":"https:\/\/www.agcchem.com\/pt-br\/wp-json\/wp\/v2\/comments?post=27830"}],"version-history":[{"count":0,"href":"https:\/\/www.agcchem.com\/pt-br\/wp-json\/wp\/v2\/pages\/27830\/revisions"}],"up":[{"embeddable":true,"href":"https:\/\/www.agcchem.com\/pt-br\/wp-json\/wp\/v2\/pages\/27471"}],"wp:attachment":[{"href":"https:\/\/www.agcchem.com\/pt-br\/wp-json\/wp\/v2\/media?parent=27830"}],"curies":[{"name":"wp","href":"https:\/\/api.w.org\/{rel}","templated":true}]}}