{"id":27919,"date":"2021-02-08T17:56:09","date_gmt":"2021-02-08T17:56:09","guid":{"rendered":"https:\/\/www.agcchem.com\/produtos\/compostos-fluon\/fluon-antimicrobial\/"},"modified":"2024-10-02T19:41:26","modified_gmt":"2024-10-02T19:41:26","slug":"fluon-antimicrobial","status":"publish","type":"page","link":"https:\/\/www.agcchem.com\/pt-br\/produtos\/compostos-fluon\/fluon-antimicrobial\/","title":{"rendered":"Fluon+ EM-20010"},"content":{"rendered":"<div id=\"pl-27919\"  class=\"panel-layout\" ><div id=\"pg-27919-0\"  class=\"panel-grid panel-has-style\" ><div class=\"home-slider global_hero_section siteorigin-panels-stretch animate-69dd43db7302b363592716 panels-animation-hide panel-row-style panel-row-style-for-27919-0\" data-stretch-type=\"full-width-stretch\" data-so-animation=\"{&quot;selector&quot;:&quot;.animate-69dd43db7302b363592716&quot;,&quot;animation&quot;:&quot;fadeIn&quot;,&quot;breakpoint&quot;:&quot;780px&quot;,&quot;duration&quot;:1,&quot;repeat&quot;:0,&quot;hide&quot;:1,&quot;disableAnimationMobile&quot;:0,&quot;finalState&quot;:&quot;visible&quot;,&quot;delay&quot;:0,&quot;debounce&quot;:0.1,&quot;event&quot;:&quot;enter&quot;,&quot;offset&quot;:0}\" ><div id=\"pgc-27919-0-0\"  class=\"panel-grid-cell\" ><div id=\"panel-27919-0-0-0\" class=\"so-panel widget widget_sow-image panel-first-child\" data-index=\"0\" ><div class=\"hero_big_image panel-widget-style panel-widget-style-for-27919-0-0-0\" ><div\n\t\t\t\n\t\t\tclass=\"so-widget-sow-image so-widget-sow-image-default-e4c2d9f6c920-27919\"\n\t\t\t\n\t\t>\n<div class=\"sow-image-container\">\n\t\t<img \n\tsrc=\"https:\/\/www.agcchem.com\/wp-content\/uploads\/2024\/04\/fluonhero-1.png\" width=\"1400\" height=\"600\" srcset=\"https:\/\/www.agcchem.com\/wp-content\/uploads\/2024\/04\/fluonhero-1.png 1400w, https:\/\/www.agcchem.com\/wp-content\/uploads\/2024\/04\/fluonhero-1-300x129.png 300w, https:\/\/www.agcchem.com\/wp-content\/uploads\/2024\/04\/fluonhero-1-1024x439.png 1024w, https:\/\/www.agcchem.com\/wp-content\/uploads\/2024\/04\/fluonhero-1-768x329.png 768w\" sizes=\"(max-width: 1400px) 100vw, 1400px\" title=\"fluon+hero\" alt=\"\" \t\tclass=\"so-widget-image\"\/>\n\t<\/div>\n\n<\/div><\/div><\/div><div id=\"panel-27919-0-0-1\" class=\"so-panel widget widget_siteorigin-panels-builder panel-last-child\" data-index=\"1\" ><div class=\"home-slide-content white_text add_breadcrumb panel-widget-style panel-widget-style-for-27919-0-0-1\" ><div id=\"pl-w66fda1b2a39e5\"  class=\"panel-layout\" ><div id=\"pg-w66fda1b2a39e5-0\"  class=\"panel-grid panel-no-style\" ><div id=\"pgc-w66fda1b2a39e5-0-0\"  class=\"panel-grid-cell\" ><div id=\"panel-w66fda1b2a39e5-0-0-0\" class=\"widget_text so-panel widget widget_custom_html panel-first-child\" data-index=\"0\" ><div class=\"textwidget custom-html-widget\"><div class=\"home-bg\"><\/div><\/div><\/div><div id=\"panel-w66fda1b2a39e5-0-0-1\" class=\"so-panel widget widget_siteorigin-panels-builder panel-last-child\" data-index=\"1\" ><div class=\"container panel-widget-style panel-widget-style-for-w66fda1b2a39e5-0-0-1\" ><div id=\"pl-w66e2bbe596196\"  class=\"panel-layout\" ><div id=\"pg-w66e2bbe596196-0\"  class=\"panel-grid panel-has-style\" ><div class=\"home-slid-inner panel-row-style panel-row-style-for-w66e2bbe596196-0\" ><div id=\"pgc-w66e2bbe596196-0-0\"  class=\"panel-grid-cell\" ><div id=\"panel-w66e2bbe596196-0-0-0\" class=\"so-panel widget widget_sow-editor panel-first-child\" data-index=\"0\" ><div\n\t\t\t\n\t\t\tclass=\"so-widget-sow-editor so-widget-sow-editor-base\"\n\t\t\t\n\t\t>\n<div class=\"siteorigin-widget-tinymce textwidget\">\n\t<div class=\"\">\r\n  <nav aria-label=\"breadcrumb\" class=\"breadcrumb\">\r\n     <ol class=\"breadcrumb-item\">\r\n\t    <span property=\"itemListElement\" typeof=\"ListItem\"><a property=\"item\" typeof=\"WebPage\" title=\"Go to AGC Chemicals.\" href=\"https:\/\/www.agcchem.com\/pt-br\/\" class=\"home\"><span property=\"name\"><i class=\"fa fa-map-marker\"><\/i> Home<\/span><\/a><meta property=\"position\" content=\"1\"><\/span><i class=\"fa fa-angle-double-right\"><\/i><span property=\"itemListElement\" typeof=\"ListItem\"><a property=\"item\" typeof=\"WebPage\" title=\"Go to Blog.\" href=\"https:\/\/www.agcchem.com\/blog\/\" class=\"post-root post post-post\"><span property=\"name\">Blog<\/span><\/a><meta property=\"position\" content=\"2\"><\/span>     <\/ol>\r\n  <\/nav>\r\n<\/div>\n<\/div>\n<\/div><\/div><div id=\"panel-w66e2bbe596196-0-0-1\" class=\"so-panel widget widget_sow-headline\" data-index=\"1\" ><div\n\t\t\t\n\t\t\tclass=\"so-widget-sow-headline so-widget-sow-headline-default-704e7542437d\"\n\t\t\t\n\t\t><div class=\"sow-headline-container \">\n\t\t\t\t\t\t\t<h1 class=\"sow-headline\">\n\t\t\t\t\t\tFluon+\u2122 EM-20020\t\t\t\t\t\t<\/h1>\n\t\t\t\t\t\t\t\t\t\t\t\t<h3 class=\"sow-sub-headline\">\n\t\t\t\t\t\tComposto de ETFE tratado com antimicrobianos\t\t\t\t\t\t<\/h3>\n\t\t\t\t\t\t<\/div>\n<\/div><\/div><div id=\"panel-w66e2bbe596196-0-0-2\" class=\"so-panel widget widget_sow-image\" data-index=\"2\" ><div class=\"gear_bg_twentyseven panel-widget-style panel-widget-style-for-w66e2bbe596196-0-0-2\" ><div\n\t\t\t\n\t\t\tclass=\"so-widget-sow-image so-widget-sow-image-default-8b5b6f678277\"\n\t\t\t\n\t\t>\n<div class=\"sow-image-container\">\n\t\t<img \n\tsrc=\"https:\/\/www.agcchem.com\/wp-content\/uploads\/2024\/03\/gear_bg_27.svg\" width=\"279\" height=\"279\" sizes=\"(max-width: 279px) 100vw, 279px\" alt=\"\" \t\tclass=\"so-widget-image\"\/>\n\t<\/div>\n\n<\/div><\/div><\/div><div id=\"panel-w66e2bbe596196-0-0-3\" class=\"so-panel widget widget_sow-image\" data-index=\"3\" ><div class=\"gear_bg_thirtyseven panel-widget-style panel-widget-style-for-w66e2bbe596196-0-0-3\" ><div\n\t\t\t\n\t\t\tclass=\"so-widget-sow-image so-widget-sow-image-default-8b5b6f678277\"\n\t\t\t\n\t\t>\n<div class=\"sow-image-container\">\n\t\t<img \n\tsrc=\"https:\/\/www.agcchem.com\/wp-content\/uploads\/2024\/03\/gear_bg_37.svg\" width=\"228\" height=\"228\" sizes=\"(max-width: 228px) 100vw, 228px\" alt=\"\" \t\tclass=\"so-widget-image\"\/>\n\t<\/div>\n\n<\/div><\/div><\/div><div id=\"panel-w66e2bbe596196-0-0-4\" class=\"widget_text so-panel widget widget_custom_html panel-last-child\" data-index=\"4\" ><div class=\"textwidget custom-html-widget\">\r\n  <div class=\"select_brand_dropdown\">\r\n    \r\n    \r\n    <div class=\"new_products_cta_buttons btns\">\r\n\r\n      \r\n\r\n      \r\n\r\n      \r\n        <a href=\"\/pt-br\/contate-nos\/duvidas-sobre-o-produto\/?product=agc_cytop\" class=\"btn btn-primary\">\r\n          <span>D\u00favidas sobre o Produto<\/span>\r\n        <\/a>\r\n\r\n        <a href=\"\/pt-br\/contate-nos\/sample-request\/?product=agc_cytop\" class=\"btn btn-secondary\">\r\n          <span>Pedido de Amostra<\/span>\r\n        <\/a>\r\n\r\n            \r\n    <\/div>\r\n\r\n  <\/div>\r\n\r\n<\/div><\/div><\/div><\/div><\/div><\/div><\/div><\/div><\/div><\/div><\/div><\/div><\/div><\/div><\/div><\/div><div id=\"pg-27919-1\"  class=\"panel-grid panel-has-style\" ><div class=\"inner_page_sub_navigation siteorigin-panels-stretch panel-row-style panel-row-style-for-27919-1\" data-stretch-type=\"full-width-stretch\" ><div id=\"pgc-27919-1-0\"  class=\"panel-grid-cell\" ><div id=\"panel-27919-1-0-0\" class=\"so-panel widget widget_siteorigin-panels-builder panel-first-child panel-last-child\" data-index=\"2\" ><div class=\"container  panel-widget-style panel-widget-style-for-27919-1-0-0\" ><div id=\"pl-w66fda1b2a3bea\"  class=\"panel-layout\" ><div id=\"pg-w66fda1b2a3bea-0\"  class=\"panel-grid panel-no-style\" ><div id=\"pgc-w66fda1b2a3bea-0-0\"  class=\"panel-grid-cell\" ><div id=\"panel-w66fda1b2a3bea-0-0-0\" class=\"widget_text so-panel widget widget_custom_html panel-first-child panel-last-child\" data-index=\"0\" ><div class=\"textwidget custom-html-widget\"><ul>\r\n\t<li>Explore:<\/li>\r\n\t<li><a href=\"#overview\">Vis\u00e3o geral<\/a><\/li>\t\r\n\t<li><a href=\"#features\">Caracter\u00edsticas<\/a><\/li>\r\n\t<li><a href=\"#aplica%c3%a7%c3%b5es\">Aplica\u00e7\u00f5es<\/a><\/li>\t\r\n\t<li><a href=\"#fispq\">FISPQ<\/a><\/li>\r\n\t<li><a href=\"#documentos-t%c3%a9cnicos\">Documentos t\u00e9cnicos<\/a><\/li>\r\n\t<li><a href=\"#teste-de-capacidade\">Teste de Capacidade<\/a><\/li>\r\n<\/ul><\/div><\/div><\/div><\/div><\/div><\/div><\/div><\/div><\/div><\/div><div id=\"pg-27919-2\"  class=\"panel-grid panel-has-style\" ><div class=\"two_column_with_blue_lines siteorigin-panels-stretch panel-row-style panel-row-style-for-27919-2\" id=\"overview\" data-stretch-type=\"full-width-stretch\" ><div id=\"pgc-27919-2-0\"  class=\"panel-grid-cell\" ><div id=\"panel-27919-2-0-0\" class=\"so-panel widget widget_siteorigin-panels-builder panel-first-child panel-last-child\" data-index=\"3\" ><div class=\"container  panel-widget-style panel-widget-style-for-27919-2-0-0\" ><div id=\"pl-w66fda1b2a3d09\"  class=\"panel-layout\" ><div id=\"pg-w66fda1b2a3d09-0\"  class=\"panel-grid panel-has-style\" ><div class=\"col-12 col-md-10 m-auto panel-row-style panel-row-style-for-w66fda1b2a3d09-0\" ><div id=\"pgc-w66fda1b2a3d09-0-0\"  class=\"panel-grid-cell\" ><div id=\"panel-w66fda1b2a3d09-0-0-0\" class=\"so-panel widget widget_sow-image panel-first-child\" data-index=\"0\" ><div\n\t\t\t\n\t\t\tclass=\"so-widget-sow-image so-widget-sow-image-default-8b5b6f678277\"\n\t\t\t\n\t\t>\n<div class=\"sow-image-container\">\n\t\t<img \n\tsrc=\"https:\/\/www.agcchem.com\/wp-content\/uploads\/2024\/05\/fluon_-lrg-logo.png\" width=\"600\" height=\"228\" srcset=\"https:\/\/www.agcchem.com\/wp-content\/uploads\/2024\/05\/fluon_-lrg-logo.png 600w, https:\/\/www.agcchem.com\/wp-content\/uploads\/2024\/05\/fluon_-lrg-logo-300x114.png 300w\" sizes=\"(max-width: 600px) 100vw, 600px\" title=\"fluon_ lrg-logo\" alt=\"\" \t\tclass=\"so-widget-image\"\/>\n\t<\/div>\n\n<\/div><\/div><div id=\"panel-w66fda1b2a3d09-0-0-1\" class=\"so-panel widget widget_sow-headline panel-last-child\" data-index=\"1\" ><div\n\t\t\t\n\t\t\tclass=\"so-widget-sow-headline so-widget-sow-headline-default-8318c00d2987\"\n\t\t\t\n\t\t><div class=\"sow-headline-container \">\n\t\t\t\t\t\t\t<h4 class=\"sow-headline\">\n\t\t\t\t\t\tUm composto de ETFE tratado com antimicrobiano que protege filmes e mangueiras extrudados\t\t\t\t\t\t<\/h4>\n\t\t\t\t\t\t\t\t\t\t\t<div class=\"decoration\">\n\t\t\t\t\t\t<div class=\"decoration-inside\"><\/div>\n\t\t\t\t\t<\/div>\n\t\t\t\t\t<\/div>\n<\/div><\/div><\/div><div id=\"pgc-w66fda1b2a3d09-0-1\"  class=\"panel-grid-cell\" ><div id=\"panel-w66fda1b2a3d09-0-1-0\" class=\"so-panel widget widget_sow-editor panel-first-child panel-last-child\" data-index=\"2\" ><div class=\"text-black panel-widget-style panel-widget-style-for-w66fda1b2a3d09-0-1-0\" ><div\n\t\t\t\n\t\t\tclass=\"so-widget-sow-editor so-widget-sow-editor-base\"\n\t\t\t\n\t\t>\n<div class=\"siteorigin-widget-tinymce textwidget\">\n\t<p>Fluon+\u2122 EM-20010 \u00e9 um composto ETFE tratado com antimicrobianos que protege o filme extrudado e as mangueiras contra a degrada\u00e7\u00e3o microbiana. \u00c9 um material ideal para superf\u00edcies que se beneficiam de limpeza dur\u00e1vel e prote\u00e7\u00e3o contra a degrada\u00e7\u00e3o por microrganismos.<\/p>\n<p>O composto \u00e9 formulado a partir de copol\u00edmeros process\u00e1veis \u200b\u200bpor fus\u00e3o compostos de etileno e tetrafluoroetileno (ETFE) e um aditivo especial. Essa sinergia de tecnologias resulta na destrui\u00e7\u00e3o de micr\u00f3bios nocivos antes que eles possam degradar o material.<\/p>\n<\/div>\n<\/div><\/div><\/div><\/div><\/div><\/div><\/div><\/div><\/div><\/div><\/div><\/div><div id=\"pg-27919-3\"  class=\"panel-grid panel-has-style\" ><div id=\"features\" class=\"panel-row-style panel-row-style-for-27919-3\" ><div id=\"pgc-27919-3-0\"  class=\"panel-grid-cell\" ><div id=\"panel-27919-3-0-0\" class=\"so-panel widget widget_sow-editor panel-first-child panel-last-child\" data-index=\"4\" ><div class=\"text-black panel-widget-style panel-widget-style-for-27919-3-0-0\" ><div\n\t\t\t\n\t\t\tclass=\"so-widget-sow-editor so-widget-sow-editor-base\"\n\t\t\t\n\t\t>\n<div class=\"siteorigin-widget-tinymce textwidget\">\n\t<div id=\"pg-10938-1\" class=\"panel-grid panel-no-style\">\n<div id=\"pgc-10938-1-0\" class=\"panel-grid-cell\">\n<div id=\"panel-10938-1-0-0\" class=\"so-panel widget widget_text panel-first-child panel-last-child\" data-index=\"2\">\n<div class=\"textwidget\">\n<p>Os compostos Fluon+ EM-20010 est\u00e3o sendo usados \u200b\u200batualmente para produzir v\u00e1rias marcas de pel\u00edculas de camada superior com prote\u00e7\u00e3o antimicrobiana para murais de parede e outras \u00e1reas de alto tr\u00e1fego. Revestir qualquer substrato com esta camada de fluoropol\u00edmero especial ajuda a combater a propaga\u00e7\u00e3o de micr\u00f3bios que podem degradar o material. Esses compostos t\u00eam excelente transpar\u00eancia e n\u00e3o amarelam com o tempo.<\/p>\n<p>Testes de laborat\u00f3rio independentes mostram que as pel\u00edculas feitas de EM-20010 ETFE reduzem o crescimento de micr\u00f3bios que podem degradar essas pel\u00edculas. \u00c9 mais lav\u00e1vel do que outros laminados pl\u00e1sticos que n\u00e3o s\u00e3o baseados em ETFE. Suporta fric\u00e7\u00e3o e temperaturas extremas e \u00e9 resistente \u00e0 abras\u00e3o e produtos qu\u00edmicos agressivos como \u00e1lcool.<\/p>\n<p>O Fluon+ EM-20010 \u00e9 vendido em forma de pellet e pode ser personalizado para incorporar outros sistemas de resina ou atender \u00e0s propriedades exigidas pelos clientes.<\/p>\n<p>*Este produto n\u00e3o protege os usu\u00e1rios ou outras pessoas contra microrganismos transmitidos por alimentos (ou causadores de doen\u00e7as). Sempre limpe bem ap\u00f3s o uso.<\/p>\n<\/div>\n<\/div>\n<\/div>\n<\/div>\n<\/div>\n<\/div><\/div><\/div><\/div><div id=\"pgc-27919-3-1\"  class=\"panel-grid-cell\" ><div id=\"panel-27919-3-1-0\" class=\"so-panel widget widget_sow-image panel-first-child\" data-index=\"5\" ><div class=\"has-line-skyblue-left-middle panel-widget-style panel-widget-style-for-27919-3-1-0\" ><div\n\t\t\t\n\t\t\tclass=\"so-widget-sow-image so-widget-sow-image-default-334eeca80698-27919\"\n\t\t\t\n\t\t>\n<div class=\"sow-image-container\">\n\t\t<img \n\tsrc=\"https:\/\/www.agcchem.com\/wp-content\/uploads\/2024\/03\/depositphotos_355585192-stock-photo-young-woman-using-microscope-laboratory-2.svg\" width=\"499\" height=\"276\" sizes=\"(max-width: 499px) 100vw, 499px\" title=\"depositphotos_355585192-stock-photo-young-woman-using-microscope-laboratory\" alt=\"\" \t\tclass=\"so-widget-image\"\/>\n\t<\/div>\n\n<\/div><\/div><\/div><div id=\"panel-27919-3-1-1\" class=\"so-panel widget widget_sow-image panel-last-child\" data-index=\"6\" ><div class=\"image_white_border panel-widget-style panel-widget-style-for-27919-3-1-1\" ><div\n\t\t\t\n\t\t\tclass=\"so-widget-sow-image so-widget-sow-image-default-b4513c7b55bb-27919\"\n\t\t\t\n\t\t>\n<div class=\"sow-image-container\">\n\t\t<img \n\tsrc=\"https:\/\/www.agcchem.com\/wp-content\/uploads\/2024\/03\/ed9ce50b020aea4777bc7b3e6001f0bb.svg\" width=\"202\" height=\"146\" sizes=\"(max-width: 202px) 100vw, 202px\" alt=\"\" \t\tclass=\"so-widget-image\"\/>\n\t<\/div>\n\n<\/div><\/div><\/div><\/div><\/div><\/div><div id=\"pg-27919-5\"  class=\"panel-grid panel-has-style\" ><div class=\"clip_path_top_left_down bottom_gear_top_white_lines siteorigin-panels-stretch panel-row-style panel-row-style-for-27919-5\" data-stretch-type=\"full-width-stretch\" ><div id=\"pgc-27919-5-0\"  class=\"panel-grid-cell\" ><div id=\"panel-27919-5-0-0\" class=\"so-panel widget widget_siteorigin-panels-builder panel-first-child panel-last-child\" data-index=\"8\" ><div class=\"product_tab_section panel-widget-style panel-widget-style-for-27919-5-0-0\" ><div id=\"pl-w66fda1b2a4680\"  class=\"panel-layout\" ><div id=\"pg-w66fda1b2a4680-0\"  class=\"panel-grid panel-has-style\" ><div class=\" col-md-9 m-auto col-12 panel-row-style panel-row-style-for-w66fda1b2a4680-0\" ><div id=\"pgc-w66fda1b2a4680-0-0\"  class=\"panel-grid-cell\" ><div id=\"panel-w66fda1b2a4680-0-0-0\" class=\"so-panel widget widget_sow-tabs panel-first-child panel-last-child\" data-index=\"0\" ><div\n\t\t\t\n\t\t\tclass=\"so-widget-sow-tabs so-widget-sow-tabs-default-aaee25de5bd8\"\n\t\t\t\n\t\t><div class=\"sow-tabs\">\n\t<div class=\"sow-tabs-tab-container\" role=\"tablist\">\n\t\t\t<div\n\t\t\tclass=\"sow-tabs-tab\n\t\t\t sow-tabs-tab-selected\t\t\t\"\n\t\t\trole=\"tab\"\n\t\t\tdata-anchor-id=\"caracteristicas\"\n\t\t\taria-selected=\"true\"\n\t\t\ttabindex=\"0\"\n\t\t>\n\t\t\t<div class=\"sow-tabs-title sow-tabs-title-icon-left\">\n\t\t\t\t\t\t\t\tCaracter\u00edsticas\t\t\t\t\t\t\t<\/div>\n\t\t<\/div>\n\t\t\t<div\n\t\t\tclass=\"sow-tabs-tab\n\t\t\t\t\t\t\"\n\t\t\trole=\"tab\"\n\t\t\tdata-anchor-id=\"aplicacoes\"\n\t\t\taria-selected=\"false\"\n\t\t\ttabindex=\"0\"\n\t\t>\n\t\t\t<div class=\"sow-tabs-title sow-tabs-title-icon-left\">\n\t\t\t\t\t\t\t\tAplica\u00e7\u00f5es\t\t\t\t\t\t\t<\/div>\n\t\t<\/div>\n\t\t\t<div\n\t\t\tclass=\"sow-tabs-tab\n\t\t\t\t\t\t\"\n\t\t\trole=\"tab\"\n\t\t\tdata-anchor-id=\"fispq\"\n\t\t\taria-selected=\"false\"\n\t\t\ttabindex=\"0\"\n\t\t>\n\t\t\t<div class=\"sow-tabs-title sow-tabs-title-icon-left\">\n\t\t\t\t\t\t\t\tFISPQ\t\t\t\t\t\t\t<\/div>\n\t\t<\/div>\n\t\t\t<div\n\t\t\tclass=\"sow-tabs-tab\n\t\t\t\t\t\t\"\n\t\t\trole=\"tab\"\n\t\t\tdata-anchor-id=\"capacidades-de-teste\"\n\t\t\taria-selected=\"false\"\n\t\t\ttabindex=\"0\"\n\t\t>\n\t\t\t<div class=\"sow-tabs-title sow-tabs-title-icon-left\">\n\t\t\t\t\t\t\t\tCapacidades de teste\t\t\t\t\t\t\t<\/div>\n\t\t<\/div>\n\t\t<\/div>\n\n\t<div class=\"sow-tabs-panel-container\">\n\t\t\t<div class=\"sow-tabs-panel\">\n\t\t\t<div\n\t\t\t\tclass=\"sow-tabs-panel-content\"\n\t\t\t\trole=\"tabpanel\"\n\t\t\t\taria-hidden=\"false\"\n\t\t\t>\n\t\t\t\t<ul>\n<li>Reduz o crescimento de micr\u00f3bios que podem degradar o filme extrudado<\/li>\n<li>Mais lav\u00e1vel do que laminados pl\u00e1sticos n\u00e3o baseados em ETFE<\/li>\n<li>Resistente \u00e0 abras\u00e3o; lav\u00e1vel<\/li>\n<li>Resistente a produtos qu\u00edmicos agressivos<\/li>\n<li>Excelente transpar\u00eancia; n\u00e3o amarelar\u00e1 com o tempo<\/li>\n<li>\nTestado de acordo com os padr\u00f5es ISO 22196 e 21702<\/li>\n<li>A resina base \u00e9 compat\u00edvel com a FDA para aplica\u00e7\u00f5es de contato com alimentos (Notifica\u00e7\u00e3o de contato com alimentos (FCN) 1914)<\/li>\n<li>N\u00e3o inflam\u00e1vel<\/li>\n<\/ul>\n\t\t\t<\/div>\n\t\t<\/div>\n\t\t\t<div class=\"sow-tabs-panel\">\n\t\t\t<div\n\t\t\t\tclass=\"sow-tabs-panel-content\"\n\t\t\t\trole=\"tabpanel\"\n\t\t\t\taria-hidden=\"true\"\n\t\t\t>\n\t\t\t\t<ul>\n<li>Pel\u00edcula extrudada para revestir paredes e outras superf\u00edcies, como escrivaninhas, mesas e balc\u00f5es<\/li>\n<li>Revestimentos e revestimentos para equipamentos de sala limpa e telas sens\u00edveis ao toque<\/li>\n<li>Revestimentos protetores para equipamentos m\u00e9dicos e odontol\u00f3gicos**<\/li>\n<\/ul>\n<p>Este produto n\u00e3o protege usu\u00e1rios ou outros contra microrganismos transmitidos por alimentos (ou causadores de doen\u00e7as). Sempre limpe bem ap\u00f3s o uso.<\/p>\n\t\t\t<\/div>\n\t\t<\/div>\n\t\t\t<div class=\"sow-tabs-panel\">\n\t\t\t<div\n\t\t\t\tclass=\"sow-tabs-panel-content\"\n\t\t\t\trole=\"tabpanel\"\n\t\t\t\taria-hidden=\"true\"\n\t\t\t>\n\t\t\t\t<p><a href=\"https:\/\/stg-agcchemicals-staging2024.kinsta.cloud\/pt-br\/contate-nos\/pedido-fispq\/\" rel=\"noopener\">Clique aqui<\/a> para solicitar uma ficha de dados de seguran\u00e7a.<\/p>\n\t\t\t<\/div>\n\t\t<\/div>\n\t\t\t<div class=\"sow-tabs-panel\">\n\t\t\t<div\n\t\t\t\tclass=\"sow-tabs-panel-content\"\n\t\t\t\trole=\"tabpanel\"\n\t\t\t\taria-hidden=\"true\"\n\t\t\t>\n\t\t\t\t<ul>\n<li>Gravidade espec\u00edfica<\/li>\n<li>Resist\u00eancia \u00e0 tra\u00e7\u00e3o e alongamento<\/li>\n<li>An\u00e1lise de cor CIELAB<\/li>\n<li>An\u00e1lise de dispers\u00e3o de pigmento<\/li>\n<li>TGA e DSC<\/li>\n<li>Microsc\u00f3pio \u00f3ptico com c\u00e2mera<\/li>\n<li>FT-IR<\/li>\n<li>Teste de impacto e dureza<\/li>\n<li>Indexador de fluxo de fus\u00e3o<\/li>\n<li>Condutividade\/resistividade<\/li>\n<li>Re\u00f4metro capilar<\/li>\n<\/ul>\n\t\t\t<\/div>\n\t\t<\/div>\n\t\t<\/div>\n<\/div>\n<\/div><\/div><\/div><\/div><\/div><\/div><\/div><\/div><\/div><\/div><\/div><div id=\"pg-27919-7\"  class=\"panel-grid panel-has-style\" ><div class=\"blue_overlay siteorigin-panels-stretch panel-row-style panel-row-style-for-27919-7\" data-stretch-type=\"full-width-stretch\" ><div id=\"pgc-27919-7-0\"  class=\"panel-grid-cell\" ><div id=\"panel-27919-7-0-0\" class=\"so-panel widget widget_siteorigin-panels-builder panel-first-child panel-last-child\" data-index=\"11\" ><div class=\"container panel-widget-style panel-widget-style-for-27919-7-0-0\" ><div id=\"pl-w66fda1b2a52a4\"  class=\"panel-layout\" ><div id=\"pg-w66fda1b2a52a4-0\"  class=\"panel-grid panel-has-style\" ><div class=\"col-12 col-md-6 m-auto position-relative panel-row-style panel-row-style-for-w66fda1b2a52a4-0\" ><div id=\"pgc-w66fda1b2a52a4-0-0\"  class=\"panel-grid-cell\" ><div id=\"panel-w66fda1b2a52a4-0-0-0\" class=\"so-panel widget widget_sow-headline panel-first-child\" data-index=\"0\" ><div class=\"fw-bold panel-widget-style panel-widget-style-for-w66fda1b2a52a4-0-0-0\" ><div\n\t\t\t\n\t\t\tclass=\"so-widget-sow-headline so-widget-sow-headline-default-87547e56f06d\"\n\t\t\t\n\t\t><div class=\"sow-headline-container \">\n\t\t\t\t\t\t\t<h2 class=\"sow-headline\">\n\t\t\t\t\t\tEntre em contato com nossos especialistas em fluoropol\u00edmeros para discutir sua aplica\u00e7\u00e3o espec\u00edfica.\t\t\t\t\t\t<\/h2>\n\t\t\t\t\t\t<\/div>\n<\/div><\/div><\/div><div id=\"panel-w66fda1b2a52a4-0-0-1\" class=\"so-panel widget widget_sow-button panel-last-child\" data-index=\"1\" ><div\n\t\t\t\n\t\t\tclass=\"so-widget-sow-button so-widget-sow-button-flat-f949060a8f32\"\n\t\t\t\n\t\t><div class=\"ow-button-base ow-button-align-center\"\n>\n\t\t\t<a href=\"https:\/\/www.agcchem.com\/contact-us\/product-inquiry\/\" class=\"btn sowb-button ow-icon-placement-left ow-button-hover\">\n\t\t<span>\n\t\t\t\n\t\t\tConsulta de produto\t\t<\/span>\n\t\t\t<\/a>\n\t<\/div>\n<\/div><\/div><\/div><\/div><\/div><\/div><\/div><\/div><\/div><\/div><\/div><\/div>","protected":false},"excerpt":{"rendered":"<p>HomeBlog Fluon+\u2122 EM-20020 Composto de ETFE tratado com antimicrobianos D\u00favidas sobre o Produto Pedido de Amostra Explore: Vis\u00e3o geral Caracter\u00edsticas Aplica\u00e7\u00f5es FISPQ Documentos t\u00e9cnicos Teste de Capacidade Um composto de ETFE tratado com antimicrobiano que protege filmes e mangueiras extrudados&#8230;<\/p>\n","protected":false},"author":12,"featured_media":30063,"parent":4181,"menu_order":0,"comment_status":"closed","ping_status":"closed","template":"page-template\/product-template.php","meta":{"_acf_changed":false,"inline_featured_image":false,"footnotes":""},"class_list":["post-27919","page","type-page","status-publish","has-post-thumbnail","hentry"],"acf":[],"_links":{"self":[{"href":"https:\/\/www.agcchem.com\/pt-br\/wp-json\/wp\/v2\/pages\/27919","targetHints":{"allow":["GET"]}}],"collection":[{"href":"https:\/\/www.agcchem.com\/pt-br\/wp-json\/wp\/v2\/pages"}],"about":[{"href":"https:\/\/www.agcchem.com\/pt-br\/wp-json\/wp\/v2\/types\/page"}],"author":[{"embeddable":true,"href":"https:\/\/www.agcchem.com\/pt-br\/wp-json\/wp\/v2\/users\/12"}],"replies":[{"embeddable":true,"href":"https:\/\/www.agcchem.com\/pt-br\/wp-json\/wp\/v2\/comments?post=27919"}],"version-history":[{"count":0,"href":"https:\/\/www.agcchem.com\/pt-br\/wp-json\/wp\/v2\/pages\/27919\/revisions"}],"up":[{"embeddable":true,"href":"https:\/\/www.agcchem.com\/pt-br\/wp-json\/wp\/v2\/pages\/4181"}],"wp:featuredmedia":[{"embeddable":true,"href":"https:\/\/www.agcchem.com\/pt-br\/wp-json\/wp\/v2\/media\/30063"}],"wp:attachment":[{"href":"https:\/\/www.agcchem.com\/pt-br\/wp-json\/wp\/v2\/media?parent=27919"}],"curies":[{"name":"wp","href":"https:\/\/api.w.org\/{rel}","templated":true}]}}