{"id":27995,"date":"2022-05-02T17:13:09","date_gmt":"2022-05-02T17:13:09","guid":{"rendered":"https:\/\/www.agcchem.com\/produtos\/forblue-membranes-and-dispersions\/forblue-i-series-ionomer-dispersions\/"},"modified":"2024-10-03T13:38:15","modified_gmt":"2024-10-03T13:38:15","slug":"forblue-i-series-ionomer-dispersions","status":"publish","type":"page","link":"https:\/\/www.agcchem.com\/pt-br\/produtos\/forblue-membranes-and-dispersions\/forblue-i-series-ionomer-dispersions\/","title":{"rendered":"FORBLUE\u2122 i-SERIES Ionomer Dispersion"},"content":{"rendered":"<div id=\"pl-27995\"  class=\"panel-layout\" ><div id=\"pg-27995-0\"  class=\"panel-grid panel-has-style\" ><div class=\"home-slider global_hero_section siteorigin-panels-stretch animate-69d7674728545239706287 panels-animation-hide panel-row-style panel-row-style-for-27995-0\" data-stretch-type=\"full-width-stretch\" data-so-animation=\"{&quot;selector&quot;:&quot;.animate-69d7674728545239706287&quot;,&quot;animation&quot;:&quot;fadeIn&quot;,&quot;breakpoint&quot;:&quot;780px&quot;,&quot;duration&quot;:1,&quot;repeat&quot;:0,&quot;hide&quot;:1,&quot;disableAnimationMobile&quot;:0,&quot;finalState&quot;:&quot;visible&quot;,&quot;delay&quot;:0,&quot;debounce&quot;:0.1,&quot;event&quot;:&quot;enter&quot;,&quot;offset&quot;:0}\" ><div id=\"pgc-27995-0-0\"  class=\"panel-grid-cell\" ><div id=\"panel-27995-0-0-0\" class=\"so-panel widget widget_sow-image panel-first-child\" data-index=\"0\" ><div class=\"hero_big_image panel-widget-style panel-widget-style-for-27995-0-0-0\" ><div\n\t\t\t\n\t\t\tclass=\"so-widget-sow-image so-widget-sow-image-default-e4c2d9f6c920-27995\"\n\t\t\t\n\t\t>\n<div class=\"sow-image-container\">\n\t\t<img \n\tsrc=\"https:\/\/www.agcchem.com\/wp-content\/uploads\/2024\/07\/FORBLUE-i-SERIES-hero-1.png\" width=\"1400\" height=\"600\" srcset=\"https:\/\/www.agcchem.com\/wp-content\/uploads\/2024\/07\/FORBLUE-i-SERIES-hero-1.png 1400w, https:\/\/www.agcchem.com\/wp-content\/uploads\/2024\/07\/FORBLUE-i-SERIES-hero-1-300x129.png 300w, https:\/\/www.agcchem.com\/wp-content\/uploads\/2024\/07\/FORBLUE-i-SERIES-hero-1-1024x439.png 1024w, https:\/\/www.agcchem.com\/wp-content\/uploads\/2024\/07\/FORBLUE-i-SERIES-hero-1-768x329.png 768w\" sizes=\"(max-width: 1400px) 100vw, 1400px\" title=\"FORBLUE-i-SERIES-hero\" alt=\"FORBLUE\u2122 i-SERIES\" \t\tclass=\"so-widget-image\"\/>\n\t<\/div>\n\n<\/div><\/div><\/div><div id=\"panel-27995-0-0-1\" class=\"so-panel widget widget_siteorigin-panels-builder panel-last-child\" data-index=\"1\" ><div class=\"home-slide-content white_text add_breadcrumb panel-widget-style panel-widget-style-for-27995-0-0-1\" ><div id=\"pl-w66fe9ded2ea10\"  class=\"panel-layout\" ><div id=\"pg-w66fe9ded2ea10-0\"  class=\"panel-grid panel-no-style\" ><div id=\"pgc-w66fe9ded2ea10-0-0\"  class=\"panel-grid-cell\" ><div id=\"panel-w66fe9ded2ea10-0-0-0\" class=\"widget_text so-panel widget widget_custom_html panel-first-child\" data-index=\"0\" ><div class=\"textwidget custom-html-widget\"><div class=\"home-bg\"><\/div><\/div><\/div><div id=\"panel-w66fe9ded2ea10-0-0-1\" class=\"so-panel widget widget_siteorigin-panels-builder panel-last-child\" data-index=\"1\" ><div class=\"container panel-widget-style panel-widget-style-for-w66fe9ded2ea10-0-0-1\" ><div id=\"pl-w66e42735d2df3\"  class=\"panel-layout\" ><div id=\"pg-w66e42735d2df3-0\"  class=\"panel-grid panel-has-style\" ><div class=\"home-slid-inner panel-row-style panel-row-style-for-w66e42735d2df3-0\" ><div id=\"pgc-w66e42735d2df3-0-0\"  class=\"panel-grid-cell\" ><div id=\"panel-w66e42735d2df3-0-0-0\" class=\"so-panel widget widget_sow-editor panel-first-child\" data-index=\"0\" ><div\n\t\t\t\n\t\t\tclass=\"so-widget-sow-editor so-widget-sow-editor-base\"\n\t\t\t\n\t\t>\n<div class=\"siteorigin-widget-tinymce textwidget\">\n\t<div class=\"\">\r\n  <nav aria-label=\"breadcrumb\" class=\"breadcrumb\">\r\n     <ol class=\"breadcrumb-item\">\r\n\t    <span property=\"itemListElement\" typeof=\"ListItem\"><a property=\"item\" typeof=\"WebPage\" title=\"Go to AGC Chemicals.\" href=\"https:\/\/www.agcchem.com\/pt-br\/\" class=\"home\"><span property=\"name\"><i class=\"fa fa-map-marker\"><\/i> Home<\/span><\/a><meta property=\"position\" content=\"1\"><\/span><i class=\"fa fa-angle-double-right\"><\/i><span property=\"itemListElement\" typeof=\"ListItem\"><a property=\"item\" typeof=\"WebPage\" title=\"Go to Blog.\" href=\"https:\/\/www.agcchem.com\/blog\/\" class=\"post-root post post-post\"><span property=\"name\">Blog<\/span><\/a><meta property=\"position\" content=\"2\"><\/span>     <\/ol>\r\n  <\/nav>\r\n<\/div>\n<\/div>\n<\/div><\/div><div id=\"panel-w66e42735d2df3-0-0-1\" class=\"so-panel widget widget_sow-headline\" data-index=\"1\" ><div\n\t\t\t\n\t\t\tclass=\"so-widget-sow-headline so-widget-sow-headline-default-704e7542437d\"\n\t\t\t\n\t\t><div class=\"sow-headline-container \">\n\t\t\t\t\t\t\t<h1 class=\"sow-headline\">\n\t\t\t\t\t\tDispers\u00f5es de ion\u00f4meros FORBLUE\u2122 i-SERIES\t\t\t\t\t\t<\/h1>\n\t\t\t\t\t\t\t\t\t\t\t\t<h3 class=\"sow-sub-headline\">\n\t\t\t\t\t\tPol\u00edmeros perfluorados s\u00e3o dispersos em um solvente usado para membranas eletrol\u00edticas e eletrodos de c\u00e9lulas de combust\u00edvel.\t\t\t\t\t\t<\/h3>\n\t\t\t\t\t\t<\/div>\n<\/div><\/div><div id=\"panel-w66e42735d2df3-0-0-2\" class=\"so-panel widget widget_sow-image\" data-index=\"2\" ><div class=\"gear_bg_twentyseven panel-widget-style panel-widget-style-for-w66e42735d2df3-0-0-2\" ><div\n\t\t\t\n\t\t\tclass=\"so-widget-sow-image so-widget-sow-image-default-8b5b6f678277\"\n\t\t\t\n\t\t>\n<div class=\"sow-image-container\">\n\t\t<img \n\tsrc=\"https:\/\/www.agcchem.com\/wp-content\/uploads\/2024\/03\/gear_bg_27.svg\" width=\"279\" height=\"279\" sizes=\"(max-width: 279px) 100vw, 279px\" alt=\"\" \t\tclass=\"so-widget-image\"\/>\n\t<\/div>\n\n<\/div><\/div><\/div><div id=\"panel-w66e42735d2df3-0-0-3\" class=\"so-panel widget widget_sow-image\" data-index=\"3\" ><div class=\"gear_bg_thirtyseven panel-widget-style panel-widget-style-for-w66e42735d2df3-0-0-3\" ><div\n\t\t\t\n\t\t\tclass=\"so-widget-sow-image so-widget-sow-image-default-8b5b6f678277\"\n\t\t\t\n\t\t>\n<div class=\"sow-image-container\">\n\t\t<img \n\tsrc=\"https:\/\/www.agcchem.com\/wp-content\/uploads\/2024\/03\/gear_bg_37.svg\" width=\"228\" height=\"228\" sizes=\"(max-width: 228px) 100vw, 228px\" alt=\"\" \t\tclass=\"so-widget-image\"\/>\n\t<\/div>\n\n<\/div><\/div><\/div><div id=\"panel-w66e42735d2df3-0-0-4\" class=\"widget_text so-panel widget widget_custom_html panel-last-child\" data-index=\"4\" ><div class=\"textwidget custom-html-widget\">\r\n  <div class=\"select_brand_dropdown\">\r\n    \r\n    \r\n    <div class=\"new_products_cta_buttons btns\">\r\n\r\n      \r\n\r\n      \r\n\r\n      \r\n        <a href=\"\/pt-br\/contate-nos\/duvidas-sobre-o-produto\/?product=arm_flemionionexchangemembranes\" class=\"btn btn-primary\">\r\n          <span>D\u00favidas sobre o Produto<\/span>\r\n        <\/a>\r\n\r\n        <a href=\"\/pt-br\/contate-nos\/sample-request\/?product=arm_flemionionexchangemembranes\" class=\"btn btn-secondary\">\r\n          <span>Pedido de Amostra<\/span>\r\n        <\/a>\r\n\r\n            \r\n    <\/div>\r\n\r\n  <\/div>\r\n\r\n<\/div><\/div><\/div><\/div><\/div><\/div><\/div><\/div><\/div><\/div><\/div><\/div><\/div><\/div><\/div><\/div><div id=\"pg-27995-1\"  class=\"panel-grid panel-has-style\" ><div class=\"inner_page_sub_navigation siteorigin-panels-stretch panel-row-style panel-row-style-for-27995-1\" data-stretch-type=\"full-width-stretch\" ><div id=\"pgc-27995-1-0\"  class=\"panel-grid-cell\" ><div id=\"panel-27995-1-0-0\" class=\"so-panel widget widget_siteorigin-panels-builder panel-first-child panel-last-child\" data-index=\"2\" ><div class=\"container  panel-widget-style panel-widget-style-for-27995-1-0-0\" ><div id=\"pl-w66fe9ded2ec1a\"  class=\"panel-layout\" ><div id=\"pg-w66fe9ded2ec1a-0\"  class=\"panel-grid panel-no-style\" ><div id=\"pgc-w66fe9ded2ec1a-0-0\"  class=\"panel-grid-cell\" ><div id=\"panel-w66fe9ded2ec1a-0-0-0\" class=\"widget_text so-panel widget widget_custom_html panel-first-child panel-last-child\" data-index=\"0\" ><div class=\"textwidget custom-html-widget\"><ul>\r\n\t<li>Explore:<\/li>\r\n\t<li><a href=\"#overview\">Vis\u00e3o geral<\/a><\/li>\t\r\n\t<li><a href=\"#features\">Caracter\u00edsticas<\/a><\/li>\r\n\t<li><a href=\"#aplica%c3%a7%c3%b5es\">Aplica\u00e7\u00f5es<\/a><\/li>\t\r\n<\/ul><\/div><\/div><\/div><\/div><\/div><\/div><\/div><\/div><\/div><\/div><div id=\"pg-27995-2\"  class=\"panel-grid panel-has-style\" ><div class=\"two_column_with_blue_lines siteorigin-panels-stretch panel-row-style panel-row-style-for-27995-2\" id=\"overview\" data-stretch-type=\"full-width-stretch\" ><div id=\"pgc-27995-2-0\"  class=\"panel-grid-cell\" ><div id=\"panel-27995-2-0-0\" class=\"so-panel widget widget_siteorigin-panels-builder panel-first-child panel-last-child\" data-index=\"3\" ><div class=\"container  panel-widget-style panel-widget-style-for-27995-2-0-0\" ><div id=\"pl-w66fe9ded2ed51\"  class=\"panel-layout\" ><div id=\"pg-w66fe9ded2ed51-0\"  class=\"panel-grid panel-has-style\" ><div class=\"col-12 col-md-10 m-auto panel-row-style panel-row-style-for-w66fe9ded2ed51-0\" ><div id=\"pgc-w66fe9ded2ed51-0-0\"  class=\"panel-grid-cell\" ><div id=\"panel-w66fe9ded2ed51-0-0-0\" class=\"so-panel widget widget_sow-image panel-first-child\" data-index=\"0\" ><div\n\t\t\t\n\t\t\tclass=\"so-widget-sow-image so-widget-sow-image-default-8b5b6f678277\"\n\t\t\t\n\t\t>\n<div class=\"sow-image-container\">\n\t\t<img \n\tsrc=\"https:\/\/www.agcchem.com\/wp-content\/uploads\/2024\/04\/forblue-i-series-clear.png\" width=\"276\" height=\"100\" srcset=\"https:\/\/www.agcchem.com\/wp-content\/uploads\/2024\/04\/forblue-i-series-clear.png 276w, https:\/\/www.agcchem.com\/wp-content\/uploads\/2024\/04\/forblue-i-series-clear-272x100.png 272w\" sizes=\"(max-width: 276px) 100vw, 276px\" alt=\"\" \t\tclass=\"so-widget-image\"\/>\n\t<\/div>\n\n<\/div><\/div><div id=\"panel-w66fe9ded2ed51-0-0-1\" class=\"so-panel widget widget_sow-headline panel-last-child\" data-index=\"1\" ><div\n\t\t\t\n\t\t\tclass=\"so-widget-sow-headline so-widget-sow-headline-default-027743c869d3\"\n\t\t\t\n\t\t><div class=\"sow-headline-container \">\n\t\t\t\t\t\t\t<h4 class=\"sow-headline\">\n\t\t\t\t\t\tGraus de dispers\u00e3o de ion\u00f4meros aumentam a pot\u00eancia e a durabilidade das c\u00e9lulas de combust\u00edvel de hidrog\u00eanio\t\t\t\t\t\t<\/h4>\n\t\t\t\t\t\t\t\t\t\t\t<div class=\"decoration\">\n\t\t\t\t\t\t<div class=\"decoration-inside\"><\/div>\n\t\t\t\t\t<\/div>\n\t\t\t\t\t<\/div>\n<\/div><\/div><\/div><div id=\"pgc-w66fe9ded2ed51-0-1\"  class=\"panel-grid-cell\" ><div id=\"panel-w66fe9ded2ed51-0-1-0\" class=\"so-panel widget widget_sow-editor panel-first-child panel-last-child\" data-index=\"2\" ><div class=\"text-black panel-widget-style panel-widget-style-for-w66fe9ded2ed51-0-1-0\" ><div\n\t\t\t\n\t\t\tclass=\"so-widget-sow-editor so-widget-sow-editor-base\"\n\t\t\t\n\t\t>\n<div class=\"siteorigin-widget-tinymce textwidget\">\n\t<p>Os graus de dispers\u00e3o de ion\u00f4mero FORBLUE\u2122 i-SERIES s\u00e3o dispers\u00f5es de ion\u00f4mero de \u00e1cido perfluorossulf\u00f4nico (PFSA) em um meio aquoso (\u00e1lcool\/\u00e1gua). Eles aumentam a pot\u00eancia e a durabilidade das c\u00e9lulas de combust\u00edvel de hidrog\u00eanio em ve\u00edculos de c\u00e9lula de combust\u00edvel (FCVs).<\/p>\n<p>Comparadas \u00e0s dispers\u00f5es de ion\u00f4mero competitivas, as dispers\u00f5es i-SERIES permitem que os FCVs tenham uma maior produ\u00e7\u00e3o de energia e uma opera\u00e7\u00e3o de longo prazo mais confi\u00e1vel porque a i-SERIES permite maior condutividade de pr\u00f3tons e estabilidade qu\u00edmica e mec\u00e2nica.<\/p>\n<\/div>\n<\/div><\/div><\/div><\/div><\/div><\/div><\/div><\/div><\/div><\/div><\/div><\/div><div id=\"pg-27995-3\"  class=\"panel-grid panel-has-style\" ><div id=\"features\" class=\"panel-row-style panel-row-style-for-27995-3\" ><div id=\"pgc-27995-3-0\"  class=\"panel-grid-cell\" ><div id=\"panel-27995-3-0-0\" class=\"so-panel widget widget_sow-editor panel-first-child panel-last-child\" data-index=\"4\" ><div class=\"text-black panel-widget-style panel-widget-style-for-27995-3-0-0\" ><div\n\t\t\t\n\t\t\tclass=\"so-widget-sow-editor so-widget-sow-editor-base\"\n\t\t\t\n\t\t>\n<div class=\"siteorigin-widget-tinymce textwidget\">\n\t<div class=\"flex-shrink-0 flex flex-col relative items-end\">\n<div>\n<div class=\"pt-0\">\n<div class=\"gizmo-bot-avatar flex h-8 w-8 items-center justify-center overflow-hidden rounded-full\">\n<div class=\"relative p-1 rounded-sm flex items-center justify-center bg-token-main-surface-primary text-token-text-primary h-8 w-8\">A AGC oferece dois graus de dispers\u00e3o de ion\u00f4mero da s\u00e9rie i-SERIES para eletrodos:<\/div>\n<\/div>\n<\/div>\n<\/div>\n<\/div>\n<div class=\"group\/conversation-turn relative flex w-full min-w-0 flex-col agent-turn\">\n<div class=\"flex-col gap-1 md:gap-3\">\n<div class=\"flex max-w-full flex-col flex-grow\">\n<div class=\"min-h-8 text-message flex w-full flex-col items-end gap-2 whitespace-normal break-words [.text-message+&amp;]:mt-5\" dir=\"auto\" data-message-author-role=\"assistant\" data-message-id=\"582d6749-90e7-4ba2-b2ba-07b40e7964fb\">\n<div class=\"flex w-full flex-col gap-1 empty:hidden first:pt-[3px]\">\n<div class=\"markdown prose w-full break-words dark:prose-invert light\">\n<ul>\n<li>IC100, projetado para aumentar a resist\u00eancia do eletrodo \u00e0 rachaduras<br \/>\nIC154, projetado para melhorar o desempenho do eletrodo<\/li>\n<\/ul>\n<\/div>\n<\/div>\n<\/div>\n<\/div>\n<\/div>\n<\/div>\n<\/div>\n<\/div><\/div><\/div><\/div><div id=\"pgc-27995-3-1\"  class=\"panel-grid-cell\" ><div id=\"panel-27995-3-1-0\" class=\"so-panel widget widget_sow-image panel-first-child\" data-index=\"5\" ><div class=\"has-line-skyblue-left-middle panel-widget-style panel-widget-style-for-27995-3-1-0\" ><div\n\t\t\t\n\t\t\tclass=\"so-widget-sow-image so-widget-sow-image-default-334eeca80698-27995\"\n\t\t\t\n\t\t>\n<div class=\"sow-image-container\">\n\t\t<img \n\tsrc=\"https:\/\/www.agcchem.com\/wp-content\/uploads\/2024\/05\/forblue-iseries-lrg-img.png\" width=\"998\" height=\"552\" srcset=\"https:\/\/www.agcchem.com\/wp-content\/uploads\/2024\/05\/forblue-iseries-lrg-img.png 998w, https:\/\/www.agcchem.com\/wp-content\/uploads\/2024\/05\/forblue-iseries-lrg-img-300x166.png 300w, https:\/\/www.agcchem.com\/wp-content\/uploads\/2024\/05\/forblue-iseries-lrg-img-768x425.png 768w\" sizes=\"(max-width: 998px) 100vw, 998px\" alt=\"graus de dispers\u00e3o de ion\u00f4meros\" \t\tclass=\"so-widget-image\"\/>\n\t<\/div>\n\n<\/div><\/div><\/div><div id=\"panel-27995-3-1-1\" class=\"so-panel widget widget_sow-image panel-last-child\" data-index=\"6\" ><div class=\"image_white_border panel-widget-style panel-widget-style-for-27995-3-1-1\" ><div\n\t\t\t\n\t\t\tclass=\"so-widget-sow-image so-widget-sow-image-default-b4513c7b55bb-27995\"\n\t\t\t\n\t\t>\n<div class=\"sow-image-container\">\n\t\t<img \n\tsrc=\"https:\/\/www.agcchem.com\/wp-content\/uploads\/2024\/07\/Small-forklift.png\" width=\"219\" height=\"146\" sizes=\"(max-width: 219px) 100vw, 219px\" title=\"Small forklift\" alt=\"\" \t\tclass=\"so-widget-image\"\/>\n\t<\/div>\n\n<\/div><\/div><\/div><\/div><\/div><\/div><div id=\"pg-27995-4\"  class=\"panel-grid panel-has-style\" ><div class=\"markets_section panel-row-style panel-row-style-for-27995-4\" ><div id=\"pgc-27995-4-0\"  class=\"panel-grid-cell\" ><div id=\"panel-27995-4-0-0\" class=\"so-panel widget widget_sow-editor panel-first-child panel-last-child\" data-index=\"7\" ><div\n\t\t\t\n\t\t\tclass=\"so-widget-sow-editor so-widget-sow-editor-base\"\n\t\t\t\n\t\t>\n<div class=\"siteorigin-widget-tinymce textwidget\">\n\t\r\n\t\r\n\t\t<section id=\"\" class=\"markets_section\">\r\n\t\t\t<div id=\"markets-block\" class=\"col-md-9 m-auto col-12\">\r\n\t\t\t\t<h2 class=\"text-center\">Markets<\/h2>\r\n\r\n\t\t\t\t<div class=\"row \">\r\n\t\t\t\t\t\r\n\t\t\t\t\t\r\n\t\t\t\t\t\t<div class=\"col-4 col \">\r\n\t\t\t\t\t\t\t\r\n\t\t\t\t\t\t\t<div class=\"markets text-center\">\r\n\t\t\t\t\t\t\t\t\r\n\t\t\t\t\t\t\t\t\r\n\t\t\t\t\t\t\t\t\t<a href=\"https:\/\/www.agcchem.com\/pt-br\/energy\/\">\r\n\t\t\t\t\t\t\t\t\t\t<img loading=\"lazy\" decoding=\"async\" width=\"154\" height=\"151\" src=\"https:\/\/www.agcchem.com\/wp-content\/uploads\/2024\/04\/energy-market.png\" class=\"attachment-post-thumbnail size-post-thumbnail wp-post-image\" alt=\"Energy\" \/>\t\t\t\t\t\t\t\t\t<\/a>\r\n\r\n\t\t\t\t\t\t\t\t\r\n\t\t\t\t\t\t\t\t<h3 class=\"widget-title\">\r\n\t\t\t\t\t\t\t\t\t<a href=\"https:\/\/www.agcchem.com\/pt-br\/energy\/\">\r\n\t\t\t\t\t\t\t\t\t\tEnergy\t\t\t\t\t\t\t\t\t<\/a>\r\n\t\t\t\t\t\t\t\t<\/h3>\r\n\r\n\t\t\t\t\t\t\t<\/div>\r\n\t\t\t\t\t\t\r\n\t\t\t\t\t\t<\/div>\r\n\r\n\t\t\t\t\t\r\n\t\t\t\t\t\t<div class=\"col-4 col \">\r\n\t\t\t\t\t\t\t\r\n\t\t\t\t\t\t\t<div class=\"markets text-center\">\r\n\t\t\t\t\t\t\t\t\r\n\t\t\t\t\t\t\t\t\r\n\t\t\t\t\t\t\t\t\t<a href=\"https:\/\/www.agcchem.com\/pt-br\/ground-transportation\/\">\r\n\t\t\t\t\t\t\t\t\t\t<img loading=\"lazy\" decoding=\"async\" width=\"154\" height=\"151\" src=\"https:\/\/www.agcchem.com\/wp-content\/uploads\/2024\/04\/Ground_Transportation5.png\" class=\"attachment-post-thumbnail size-post-thumbnail wp-post-image\" alt=\"\" \/>\t\t\t\t\t\t\t\t\t<\/a>\r\n\r\n\t\t\t\t\t\t\t\t\r\n\t\t\t\t\t\t\t\t<h3 class=\"widget-title\">\r\n\t\t\t\t\t\t\t\t\t<a href=\"https:\/\/www.agcchem.com\/pt-br\/ground-transportation\/\">\r\n\t\t\t\t\t\t\t\t\t\tGround Transportation\t\t\t\t\t\t\t\t\t<\/a>\r\n\t\t\t\t\t\t\t\t<\/h3>\r\n\r\n\t\t\t\t\t\t\t<\/div>\r\n\t\t\t\t\t\t\r\n\t\t\t\t\t\t<\/div>\r\n\r\n\t\t\t\t\t\r\n\t\t\t\t\t\t<div class=\"col-4 col \">\r\n\t\t\t\t\t\t\t\r\n\t\t\t\t\t\t\t<div class=\"markets text-center\">\r\n\t\t\t\t\t\t\t\t\r\n\t\t\t\t\t\t\t\t\r\n\t\t\t\t\t\t\t\t\t<a href=\"https:\/\/www.agcchem.com\/pt-br\/industrial\/\">\r\n\t\t\t\t\t\t\t\t\t\t<img loading=\"lazy\" decoding=\"async\" width=\"154\" height=\"151\" src=\"https:\/\/www.agcchem.com\/wp-content\/uploads\/2024\/04\/industrial-market.png\" class=\"attachment-post-thumbnail size-post-thumbnail wp-post-image\" alt=\"Industrial market\" \/>\t\t\t\t\t\t\t\t\t<\/a>\r\n\r\n\t\t\t\t\t\t\t\t\r\n\t\t\t\t\t\t\t\t<h3 class=\"widget-title\">\r\n\t\t\t\t\t\t\t\t\t<a href=\"https:\/\/www.agcchem.com\/pt-br\/industrial\/\">\r\n\t\t\t\t\t\t\t\t\t\tIndustrial\t\t\t\t\t\t\t\t\t<\/a>\r\n\t\t\t\t\t\t\t\t<\/h3>\r\n\r\n\t\t\t\t\t\t\t<\/div>\r\n\t\t\t\t\t\t\r\n\t\t\t\t\t\t<\/div>\r\n\r\n\t\t\t\t\t\r\n\t\t\t\t<\/div>\t\t\t\t\r\n\t\t\t<\/div>\r\n\r\n\t\t<\/section>\r\n\r\n\t\r\n  \n<\/div>\n<\/div><\/div><\/div><\/div><\/div><div id=\"pg-27995-5\"  class=\"panel-grid panel-has-style\" ><div class=\"clip_path_top_left_down bottom_gear_top_white_lines siteorigin-panels-stretch panel-row-style panel-row-style-for-27995-5\" data-stretch-type=\"full-width-stretch\" ><div id=\"pgc-27995-5-0\"  class=\"panel-grid-cell\" ><div id=\"panel-27995-5-0-0\" class=\"so-panel widget widget_siteorigin-panels-builder panel-first-child panel-last-child\" data-index=\"8\" ><div class=\"product_tab_section panel-widget-style panel-widget-style-for-27995-5-0-0\" ><div id=\"pl-w66fe9ded2fbf0\"  class=\"panel-layout\" ><div id=\"pg-w66fe9ded2fbf0-0\"  class=\"panel-grid panel-has-style\" ><div class=\" col-md-9 m-auto col-12 panel-row-style panel-row-style-for-w66fe9ded2fbf0-0\" ><div id=\"pgc-w66fe9ded2fbf0-0-0\"  class=\"panel-grid-cell\" ><div id=\"panel-w66fe9ded2fbf0-0-0-0\" class=\"so-panel widget widget_sow-tabs panel-first-child panel-last-child\" data-index=\"0\" ><div\n\t\t\t\n\t\t\tclass=\"so-widget-sow-tabs so-widget-sow-tabs-default-aaee25de5bd8\"\n\t\t\t\n\t\t><div class=\"sow-tabs\">\n\t<div class=\"sow-tabs-tab-container\" role=\"tablist\">\n\t\t\t<div\n\t\t\tclass=\"sow-tabs-tab\n\t\t\t sow-tabs-tab-selected\t\t\t\"\n\t\t\trole=\"tab\"\n\t\t\tdata-anchor-id=\"caracteristicas\"\n\t\t\taria-selected=\"true\"\n\t\t\ttabindex=\"0\"\n\t\t>\n\t\t\t<div class=\"sow-tabs-title sow-tabs-title-icon-left\">\n\t\t\t\t\t\t\t\tCaracter\u00edsticas\t\t\t\t\t\t\t<\/div>\n\t\t<\/div>\n\t\t\t<div\n\t\t\tclass=\"sow-tabs-tab\n\t\t\t\t\t\t\"\n\t\t\trole=\"tab\"\n\t\t\tdata-anchor-id=\"aplicacoes\"\n\t\t\taria-selected=\"false\"\n\t\t\ttabindex=\"0\"\n\t\t>\n\t\t\t<div class=\"sow-tabs-title sow-tabs-title-icon-left\">\n\t\t\t\t\t\t\t\tAplica\u00e7\u00f5es\t\t\t\t\t\t\t<\/div>\n\t\t<\/div>\n\t\t\t<div\n\t\t\tclass=\"sow-tabs-tab\n\t\t\t\t\t\t\"\n\t\t\trole=\"tab\"\n\t\t\tdata-anchor-id=\"conecte-se-com-o-agc\"\n\t\t\taria-selected=\"false\"\n\t\t\ttabindex=\"0\"\n\t\t>\n\t\t\t<div class=\"sow-tabs-title sow-tabs-title-icon-left\">\n\t\t\t\t\t\t\t\tConecte-se com o AGC\t\t\t\t\t\t\t<\/div>\n\t\t<\/div>\n\t\t<\/div>\n\n\t<div class=\"sow-tabs-panel-container\">\n\t\t\t<div class=\"sow-tabs-panel\">\n\t\t\t<div\n\t\t\t\tclass=\"sow-tabs-panel-content\"\n\t\t\t\trole=\"tabpanel\"\n\t\t\t\taria-hidden=\"false\"\n\t\t\t>\n\t\t\t\t<ul>\n<li>Aumenta a resist\u00eancia do eletrodo \u00e0 rachadura<\/li>\n<li>Aumenta o desempenho do eletrodo<\/li>\n<li>Boa estabilidade mec\u00e2nica e qu\u00edmica<\/li>\n<\/ul>\n\t\t\t<\/div>\n\t\t<\/div>\n\t\t\t<div class=\"sow-tabs-panel\">\n\t\t\t<div\n\t\t\t\tclass=\"sow-tabs-panel-content\"\n\t\t\t\trole=\"tabpanel\"\n\t\t\t\taria-hidden=\"true\"\n\t\t\t>\n\t\t\t\t<ul>\n<li>Membranas e eletrodos de eletr\u00f3litos em c\u00e9lulas de combust\u00edvel (PEMFC)<\/li>\n<li>Eletrolisadores PEM de produ\u00e7\u00e3o de hidrog\u00eanio (PEMWE)<\/li>\n<\/ul>\n\t\t\t<\/div>\n\t\t<\/div>\n\t\t\t<div class=\"sow-tabs-panel\">\n\t\t\t<div\n\t\t\t\tclass=\"sow-tabs-panel-content\"\n\t\t\t\trole=\"tabpanel\"\n\t\t\t\taria-hidden=\"true\"\n\t\t\t>\n\t\t\t\t<h2 class=\"widgettitle\">Conecte-se com o AGC<\/h2>\n<div class=\"textwidget custom-html-widget\">\n<div>\n<h3 class=\"card-title\">Clientes &amp; D\u00favidas Sobre Produtos:<\/h3>\n<p class=\"card-text\">+55-11 99673-9340<\/p>\n<h3 class=\"card-title\">Todas outras d\u00favidas:<\/h3>\n<p class=\"card-text\">+55-12 3127-7154<\/p>\n<\/div>\n<\/div>\n\t\t\t<\/div>\n\t\t<\/div>\n\t\t<\/div>\n<\/div>\n<\/div><\/div><\/div><\/div><\/div><\/div><\/div><\/div><\/div><\/div><\/div><div id=\"pg-27995-7\"  class=\"panel-grid panel-has-style\" ><div class=\"blue_overlay siteorigin-panels-stretch panel-row-style panel-row-style-for-27995-7\" data-stretch-type=\"full-width-stretch\" ><div id=\"pgc-27995-7-0\"  class=\"panel-grid-cell\" ><div id=\"panel-27995-7-0-0\" class=\"so-panel widget widget_siteorigin-panels-builder panel-first-child panel-last-child\" data-index=\"11\" ><div class=\"container panel-widget-style panel-widget-style-for-27995-7-0-0\" ><div id=\"pl-w66fe9ded3097e\"  class=\"panel-layout\" ><div id=\"pg-w66fe9ded3097e-0\"  class=\"panel-grid panel-has-style\" ><div class=\"col-12 col-md-6 m-auto position-relative panel-row-style panel-row-style-for-w66fe9ded3097e-0\" ><div id=\"pgc-w66fe9ded3097e-0-0\"  class=\"panel-grid-cell\" ><div id=\"panel-w66fe9ded3097e-0-0-0\" class=\"so-panel widget widget_sow-headline panel-first-child\" data-index=\"0\" ><div class=\"fw-bold panel-widget-style panel-widget-style-for-w66fe9ded3097e-0-0-0\" ><div\n\t\t\t\n\t\t\tclass=\"so-widget-sow-headline so-widget-sow-headline-default-87547e56f06d\"\n\t\t\t\n\t\t><div class=\"sow-headline-container \">\n\t\t\t\t\t\t\t<h2 class=\"sow-headline\">\n\t\t\t\t\t\tEntre em contato com nossos especialistas em fluoropol\u00edmeros para discutir suas necessidades espec\u00edficas.\t\t\t\t\t\t<\/h2>\n\t\t\t\t\t\t<\/div>\n<\/div><\/div><\/div><div id=\"panel-w66fe9ded3097e-0-0-1\" class=\"so-panel widget widget_sow-button panel-last-child\" data-index=\"1\" ><div\n\t\t\t\n\t\t\tclass=\"so-widget-sow-button so-widget-sow-button-flat-f949060a8f32\"\n\t\t\t\n\t\t><div class=\"ow-button-base ow-button-align-center\"\n>\n\t\t\t<a\n\t\t\t\t\thref=\"https:\/\/www.agcchem.com\/contact-us\/product-inquiry\/\"\n\t\t\t\t\tclass=\"btn sowb-button ow-icon-placement-left ow-button-hover\" \t>\n\t\t<span>\n\t\t\t\n\t\t\tConsulta de produto\t\t<\/span>\n\t\t\t<\/a>\n\t<\/div>\n<\/div><\/div><\/div><\/div><\/div><\/div><\/div><\/div><\/div><\/div><\/div><\/div>","protected":false},"excerpt":{"rendered":"<p>HomeBlog Dispers\u00f5es de ion\u00f4meros FORBLUE\u2122 i-SERIES Pol\u00edmeros perfluorados s\u00e3o dispersos em um solvente usado para membranas eletrol\u00edticas e eletrodos de c\u00e9lulas de combust\u00edvel. D\u00favidas sobre o Produto Pedido de Amostra Explore: Vis\u00e3o geral Caracter\u00edsticas Aplica\u00e7\u00f5es Graus de dispers\u00e3o de ion\u00f4meros&#8230;<\/p>\n","protected":false},"author":12,"featured_media":26568,"parent":27469,"menu_order":4,"comment_status":"closed","ping_status":"closed","template":"page-template\/product-template.php","meta":{"_acf_changed":false,"inline_featured_image":false,"footnotes":""},"class_list":["post-27995","page","type-page","status-publish","has-post-thumbnail","hentry"],"acf":[],"_links":{"self":[{"href":"https:\/\/www.agcchem.com\/pt-br\/wp-json\/wp\/v2\/pages\/27995","targetHints":{"allow":["GET"]}}],"collection":[{"href":"https:\/\/www.agcchem.com\/pt-br\/wp-json\/wp\/v2\/pages"}],"about":[{"href":"https:\/\/www.agcchem.com\/pt-br\/wp-json\/wp\/v2\/types\/page"}],"author":[{"embeddable":true,"href":"https:\/\/www.agcchem.com\/pt-br\/wp-json\/wp\/v2\/users\/12"}],"replies":[{"embeddable":true,"href":"https:\/\/www.agcchem.com\/pt-br\/wp-json\/wp\/v2\/comments?post=27995"}],"version-history":[{"count":0,"href":"https:\/\/www.agcchem.com\/pt-br\/wp-json\/wp\/v2\/pages\/27995\/revisions"}],"up":[{"embeddable":true,"href":"https:\/\/www.agcchem.com\/pt-br\/wp-json\/wp\/v2\/pages\/27469"}],"wp:featuredmedia":[{"embeddable":true,"href":"https:\/\/www.agcchem.com\/pt-br\/wp-json\/wp\/v2\/media\/26568"}],"wp:attachment":[{"href":"https:\/\/www.agcchem.com\/pt-br\/wp-json\/wp\/v2\/media?parent=27995"}],"curies":[{"name":"wp","href":"https:\/\/api.w.org\/{rel}","templated":true}]}}