{"id":4151,"date":"2018-12-07T09:35:08","date_gmt":"2018-12-07T09:35:08","guid":{"rendered":"https:\/\/www.agcchem.com\/products\/"},"modified":"2024-05-27T00:36:56","modified_gmt":"2024-05-27T00:36:56","slug":"produtos","status":"publish","type":"page","link":"https:\/\/www.agcchem.com\/pt-br\/produtos\/","title":{"rendered":"Produtos"},"content":{"rendered":"<div id=\"pl-4151\"  class=\"panel-layout\" ><div id=\"pg-4151-0\"  class=\"panel-grid panel-has-style\" ><div class=\"siteorigin-panels-stretch animate-69d98c83b563a348141716 panels-animation-hide panel-row-style panel-row-style-for-4151-0\" data-stretch-type=\"full-width-stretch\" data-so-animation=\"{&quot;selector&quot;:&quot;.animate-69d98c83b563a348141716&quot;,&quot;animation&quot;:&quot;fadeIn&quot;,&quot;breakpoint&quot;:&quot;780px&quot;,&quot;duration&quot;:1,&quot;repeat&quot;:0,&quot;hide&quot;:1,&quot;disableAnimationMobile&quot;:0,&quot;finalState&quot;:&quot;visible&quot;,&quot;delay&quot;:0,&quot;debounce&quot;:0.1,&quot;event&quot;:&quot;enter&quot;,&quot;offset&quot;:0}\" ><div id=\"pgc-4151-0-0\"  class=\"panel-grid-cell\" ><div id=\"panel-4151-0-0-0\" class=\"widget_text so-panel widget widget_custom_html panel-first-child panel-last-child\" data-index=\"0\" ><div class=\"widget_text animate-69d98c83b56c0160192570 panels-animation-hide panel-widget-style panel-widget-style-for-4151-0-0-0\" data-so-animation=\"{&quot;selector&quot;:&quot;.animate-69d98c83b56c0160192570&quot;,&quot;animation&quot;:&quot;fadeIn&quot;,&quot;breakpoint&quot;:&quot;780px&quot;,&quot;duration&quot;:2,&quot;repeat&quot;:0,&quot;hide&quot;:1,&quot;disableAnimationMobile&quot;:0,&quot;finalState&quot;:&quot;visible&quot;,&quot;delay&quot;:0,&quot;debounce&quot;:0.1,&quot;event&quot;:&quot;enter&quot;,&quot;offset&quot;:0}\" ><div class=\"textwidget custom-html-widget\">\n\t<section class=\"home-slider\">\n\t\t<div class=\"hm-slider\">\n\t\t\t<div>\n\t\t\t\t<div class=\"home-slide-img\">\n\t\t\t\t\t<img decoding=\"async\" src=\"https:\/\/staging-agcchemicals-staging.kinsta.cloud\/wp-content\/uploads\/2024\/04\/prods-index-slider1.png\" class=\"w-100\">\n\t\t\t\t<\/div>\n\t\t\t<\/div>\n\t\t\t<div>\n\t\t\t\t<div class=\"home-slide-img\">\n\t\t\t\t\t<img decoding=\"async\" src=\"https:\/\/staging-agcchemicals-staging.kinsta.cloud\/wp-content\/uploads\/2024\/04\/prods-index-slider6.png\" class=\"w-100\">\n\t\t\t\t<\/div>\n\t\t\t<\/div>\n\t\t\t<div>\n\t\t\t\t<div class=\"home-slide-img\">\n\t\t\t\t\t<img decoding=\"async\" src=\"https:\/\/staging-agcchemicals-staging.kinsta.cloud\/wp-content\/uploads\/2024\/04\/prods-index-slider3.png\" class=\"w-100\">\n\t\t\t\t<\/div>\n\t\t\t<\/div>\n\t\t\t<div>\n\t\t\t\t<div class=\"home-slide-img\">\n\t\t\t\t\t<img decoding=\"async\" src=\"https:\/\/staging-agcchemicals-staging.kinsta.cloud\/wp-content\/uploads\/2024\/04\/prods-index-slider4.png\" class=\"w-100\">\n\t\t\t\t<\/div>\n\t\t\t<\/div>\n \t\t\t <div>\n\t\t\t\t<div class=\"home-slide-img\">\n\t\t\t\t\t<img decoding=\"async\" src=\"https:\/\/staging-agcchemicals-staging.kinsta.cloud\/wp-content\/uploads\/2024\/04\/prods-index-slider5.png\" class=\"w-100\">\n\t\t\t\t<\/div>\n\t\t\t<\/div>\t\t\n\t\t<\/div>\n\n\t\t<div class=\"home-slide-content\">\n\t\t\t<div class=\"home-bg-products\">\n\n\t\t\t<\/div>\n\t\t\t<div class=\"container\">\n\t\t\t\t<div class=\"home-slid-inner\">      \n\t\t\t\t\t<h1>Resinas, Compostos e Materiais Especiais de Fluorpol\u00edmero AGC<\/h1>\n\t\t\t\t\t<div class=\"btns\">\n\t\t\t\t\t\t<a href=\"#overview\" class=\"btn btn-primary\">Overview<\/a>\n\t\t\t\t\t\t<a href=\"#our_products_section\" class=\"btn btn-secondary\">Products<\/a>\n\t\t\t\t\t<\/div>\n\t\t\t\t\t<div class=\"gear_bg_twentyseven\">\n\t\t\t\t\t\t<img decoding=\"async\" src=\"https:\/\/www.agcchem.com\/wp-content\/themes\/agcchemicals\/images\/gear_bg_27.svg\">\n\t\t\t\t\t<\/div>\n\t\t\t\t\t<div class=\"gear_bg_thirtyseven\">\n\t\t\t\t\t\t<img decoding=\"async\" src=\"https:\/\/www.agcchem.com\/wp-content\/themes\/agcchemicals\/images\/gear_bg_37.svg\">\n\t\t\t\t\t<\/div>        \n\t\t\t\t<\/div>\n\t\t\t<\/div>\n\t\t<\/div>\n\t<\/section>\n\n<\/div><\/div><\/div><\/div><\/div><\/div><div id=\"pg-4151-1\"  class=\"panel-grid panel-has-style\" ><div class=\"white_text clip_path__lower_right_down single_blog_header siteorigin-panels-stretch panel-row-style panel-row-style-for-4151-1\" id=\"overview\" data-stretch-type=\"full-width-stretch\" ><div id=\"pgc-4151-1-0\"  class=\"panel-grid-cell\" ><div id=\"panel-4151-1-0-0\" class=\"so-panel widget widget_siteorigin-panels-builder panel-first-child panel-last-child\" data-index=\"1\" ><div class=\"container panel-widget-style panel-widget-style-for-4151-1-0-0\" ><div id=\"pl-w6652d9b5c7a13\"  class=\"panel-layout\" ><div id=\"pg-w6652d9b5c7a13-0\"  class=\"panel-grid panel-no-style\" ><div id=\"pgc-w6652d9b5c7a13-0-0\"  class=\"panel-grid-cell\" ><div id=\"panel-w6652d9b5c7a13-0-0-0\" class=\"so-panel widget widget_sow-editor panel-first-child panel-last-child\" data-index=\"0\" ><div\n\t\t\t\n\t\t\tclass=\"so-widget-sow-editor so-widget-sow-editor-base\"\n\t\t\t\n\t\t>\n<div class=\"siteorigin-widget-tinymce textwidget\">\n\t<p>AGC Chemicals Americas oferece a mais ampla gama de fluorpol\u00edmeros de alto desempenho do mundo, incluindo fluorelast\u00f4meros, resinas de PTFE, PFA e ETFE e compostos de fluorpol\u00edmeros. Tamb\u00e9m produzimos materiais de desempenho especial que atendem aos requisitos exclusivos de aplica\u00e7\u00f5es espec\u00edficas tais como tintas, tecidos, fachadas e cosm\u00e9ticos. Nossos fluorprodutos de alto desempenho e ecologicamente corretos fornecem solu\u00e7\u00f5es de ponta para um mundo em constante mudan\u00e7a.<\/p>\n<\/div>\n<\/div><\/div><\/div><div id=\"pgc-w6652d9b5c7a13-0-1\"  class=\"panel-grid-cell\" ><div id=\"panel-w6652d9b5c7a13-0-1-0\" class=\"so-panel widget widget_sow-editor panel-first-child panel-last-child\" data-index=\"1\" ><div\n\t\t\t\n\t\t\tclass=\"so-widget-sow-editor so-widget-sow-editor-base\"\n\t\t\t\n\t\t>\n<div class=\"siteorigin-widget-tinymce textwidget\">\n\t<h2 style=\"text-align: center;\">Nossos produtos qu\u00edmicos fluorados de alto desempenho e ecologicamente corretos fornecem solu\u00e7\u00f5es de ponta para um mundo em constante mudan\u00e7a.<\/h2>\n<\/div>\n<\/div><\/div><\/div><\/div><\/div><\/div><\/div><\/div><\/div><\/div><div id=\"pg-4151-2\"  class=\"panel-grid panel-has-style\" ><div id=\"our_products_section\" class=\"panel-row-style panel-row-style-for-4151-2\" ><div id=\"pgc-4151-2-0\"  class=\"panel-grid-cell\" ><div id=\"panel-4151-2-0-0\" class=\"so-panel widget widget_sow-headline panel-first-child\" data-index=\"2\" ><div id=\"headingwithBlueBg\" class=\"panel-widget-style panel-widget-style-for-4151-2-0-0\" ><div\n\t\t\t\n\t\t\tclass=\"so-widget-sow-headline so-widget-sow-headline-default-0d209d70e61e-4151\"\n\t\t\t\n\t\t><div class=\"sow-headline-container \">\n\t\t\t\t\t\t\t<h3 class=\"sow-headline\">\n\t\t\t\t\t\tProdutos\t\t\t\t\t\t<\/h3>\n\t\t\t\t\t\t<\/div>\n<\/div><\/div><\/div><div id=\"panel-4151-2-0-1\" class=\"so-panel widget widget_sow-editor panel-last-child\" data-index=\"3\" ><div\n\t\t\t\n\t\t\tclass=\"so-widget-sow-editor so-widget-sow-editor-base\"\n\t\t\t\n\t\t>\n<div class=\"siteorigin-widget-tinymce textwidget\">\n\t   <div class=\"product_index_grid pb-5\">\n      <div class=\"row\">\n\n         <div class=\"col-md-3\">\n\n            <div class=\"clients_box\">\n              <div class=\"client_img\">\n                <img decoding=\"async\" src=\"https:\/\/www.agcchem.com\/wp-content\/themes\/agcchemicals\/images\/product_index\/prod-grid1.png\" alt=\"\" class=\"w-100\">\n\n                <div class=\"text-in-center\">\n                   <h4>Resinas de Fluoropol\u00edmero<\/h4>\n                <\/div>\n              <\/div>\n\n              <div class=\"clietns_overlay\">\n\n               <ul>\n                  <li>\n                     <a href=\"\/products\/fluoropolymer-resins\/fluoroelastomers\/\">Fluorelast\u00f4mero<\/a>\n                  <\/li>\n                  <li>\n                     <a href=\"\/products\/fluoropolymer-resins\/etfe-resins\/\">ETFE Resinas<\/a>\n                  <\/li>\n                  <li>\n                     <a href=\"\/products\/fluoropolymer-resins\/fluonpfa-resins\/\">PFA Resinas<\/a>\n                  <\/li>\n                  <li>\n                     <a href=\"\/products\/fluoropolymer-resins\/fluonptfe-and-ptfe-micropowders\/\">PTFE e Microp\u00f3s<\/a>\n                  <\/li>                                                     \n               <\/ul>\n\n              <\/div>\n            <\/div>\n         <\/div>\n         \n         <div class=\"col-md-3\">\n            \n            <div class=\"clients_box\">\n              <div class=\"client_img\">\n                <img decoding=\"async\" src=\"https:\/\/www.agcchem.com\/wp-content\/themes\/agcchemicals\/images\/product_index\/prod-grid2.png\" alt=\"\" class=\"w-100\">\n\n                <div class=\"text-in-center\">\n                   <h4>Enhanced Materials<\/h4>\n                <\/div>\n              <\/div>\n\n              <div class=\"clietns_overlay\">\n\n               <ul>\n                  <li>\n                     <a href=\"\/products\/fluon-enhanced-materials\/fluonmelt-processable-compounds\/\">Compostos Process\u00e1veis \u200b\u200bpor Fus\u00e3o<\/a>\n                  <\/li>\n                  <li>\n                     <a href=\"\/products\/fluon-enhanced-materials\/fluonfilled-ptfe-compounds\/\">Compostos Carregados de PTFE<\/a>\n                  <\/li>\n                  <li>\n                     <a href=\"\/products\/fluon-enhanced-materials\/fluon-adhesive-grades\/\">Produtos para Ades\u00e3o<\/a>\n                  <\/li>\n                  <li>\n                     <a href=\"\/products\/fluon-enhanced-materials\/fluon-modifiers\/\">Modificadores<\/a>\n                  <\/li>\n                  <li>\n                     <a href=\"\/products\/fluon-enhanced-materials\/fluon-composites\/\">Comp\u00f3sitos<\/a>\n                  <\/li> \n                  <li>\n                     <a href=\"\/products\/fluon-enhanced-materials\/fluon-mplastics\/\">Modificados com Fluorpol\u00edmero<\/a>\n                  <\/li> \n                  <li>\n                     <a href=\"\/products\/fluon-enhanced-materials\/fluon-antimicrobial\/\">Fluon+ Antimicrobial Compounds<\/a>\n                  <\/li>                                                                                                     \n               <\/ul>\n\n              <\/div>\n            <\/div>\n\n         <\/div>\n\n         <div class=\"col-md-3\">\n            <div class=\"clients_box\">\n              <div class=\"client_img\">\n                <img decoding=\"async\" src=\"https:\/\/www.agcchem.com\/wp-content\/themes\/agcchemicals\/images\/product_index\/prod-grid3.png\" alt=\"\" class=\"w-100\">\n\n                <div class=\"text-in-center\">\n                   <h4>High Performance<br>Coatings and Agents<\/h4>\n                <\/div>\n              <\/div>\n\n              <div class=\"clietns_overlay\">\n                 <ul>\n                    <li>\n                       <a href=\"\/products\/specialty-materials\/asahi-guard-repellents\/\">Repelentes de \u00e1gua\/\u00f3leo Fluorados<\/a>\n                    <\/li>\n                    <li>\n                       <a href=\"\/products\/specialty-materials\/lumiflon-fluoropolymer-resins\/\">Resina FEVE<\/a>\n                    <\/li>\n                    <li>\n                       <a href=\"\/products\/high-performance-coatings\/cytop\/\">Fluorpol\u00edmeros Amorfos<\/a>\n                    <\/li>\n                    <li>\n                       <a href=\"\/products\/high-performance-coatings\/fibralast-barrier-technology\/\">Fluorine-Free Barrier Technology<\/a>\n                    <\/li>                                                                                        \n                 <\/ul>\n              <\/div>\n            <\/div>\n         <\/div>\n\n         <div class=\"col-md-3\">\n            <div class=\"clients_box\">\n              <div class=\"client_img\">\n                <img decoding=\"async\" src=\"https:\/\/www.agcchem.com\/wp-content\/themes\/agcchemicals\/images\/product_index\/prod-grid4.png\" alt=\"\" class=\"w-100\">\n\n                <div class=\"text-in-center\">\n                   <h4>ETFE e Filmes para Estufas<\/h4>\n                <\/div>\n              <\/div>\n\n              <div class=\"clietns_overlay\">\n                 <ul>\n                    <li>\n                       <a href=\"\/products\/specialty-materials\/fluonetfe-film\/\">ETFE para Estufas<\/a>\n                    <\/li>\n                    <li>\n                       <a href=\"\/products\/specialty-materials\/f-clean-greenhouse-film\/\">Filmes para Estufas<\/a>\n                    <\/li>                                                                                                \n                 <\/ul>\n              <\/div>\n            <\/div>\n         <\/div>\n\n         <div class=\"col-md-3\">\n            <div class=\"clients_box\">\n              <div class=\"client_img\">\n                <img decoding=\"async\" src=\"https:\/\/www.agcchem.com\/wp-content\/themes\/agcchemicals\/images\/product_index\/prod-grid5.png\" alt=\"\" class=\"w-100\">\n\n                <div class=\"text-in-center\">\n                   <h4>Solventes Fluorados<\/h4>\n                <\/div>\n              <\/div>\n\n              <div class=\"clietns_overlay\">\n                 <ul>\n                    <li>\n                       <a href=\"\/products\/asahiklin-ae-3000-fluorinated-solvents\/\">HFE-Based Solvents<\/a>\n                    <\/li>\n                    <li>\n                       <a href=\"\/products\/amolea-300-fluorinated-solvents\/\">Next Generation HCFO Solvents<\/a>\n                    <\/li>                                                                                               \n                 <\/ul>\n              <\/div>\n            <\/div>\n         <\/div>\n\n         <div class=\"col-md-3\">\n            <div class=\"clients_box\">\n              <div class=\"client_img\">\n                <img decoding=\"async\" src=\"https:\/\/www.agcchem.com\/wp-content\/themes\/agcchemicals\/images\/product_index\/prod-grid6.png\" alt=\"\" class=\"w-100\">\n\n                <div class=\"text-in-center\">\n                   <h4>Membranes <br>and Dispersions<\/h4>\n                <\/div>\n              <\/div>\n\n              <div class=\"clietns_overlay\">\n                 <ul>\n                    <li>\n                       <a href=\"\/products\/forblue-membranes-polymers\/flemion\/\">Produzir Soda C\u00e1ustica<\/a>\n                    <\/li> \n                    <li>\n                       <a href=\"\/products\/forblue-membranes-polymers\/sunsep\/\">Secagem e Desumidifica\u00e7\u00e3o de G\u00e1s<\/a>\n                    <\/li> \n                    <li>\n                       <a href=\"\/products\/forblue-membranes-polymers\/forblue-selemion\/\">Di\u00e1lise Eletro\/Difus\u00e3o<\/a>\n                    <\/li>\n                    <li>\n                       <a href=\"\/products\/forblue-membranes-polymers\/forblue-s-series\/\">Eletr\u00f3lise e Eletrodi\u00e1lise<\/a>\n                    <\/li>\n                    <li>\n                       <a href=\"\/products\/forblue-membranes-polymers\/forblue-i-series-ionomer-dispersions\/\">Ionomer Dispersions<\/a>\n                    <\/li>\n                 <\/ul>\n              <\/div>\n            <\/div>\n         <\/div>\n         <div class=\"col-md-3\">\n            <div class=\"clients_box\">\n              <div class=\"client_img\">\n                <img decoding=\"async\" src=\"https:\/\/www.agcchem.com\/wp-content\/themes\/agcchemicals\/images\/product_index\/prod-grid8.png\" alt=\"\" class=\"w-100\">\n\n                <div class=\"text-in-center\">\n                   <h4>Gases Refrigerantes<\/h4>\n                <\/div>\n              <\/div>\n\n              <div class=\"clietns_overlay\">\n                 <ul>\n                    <li>\n                       <a href=\"\/products\/amolea-hfo-fluid\/\">Gases refrigerantes HFO<\/a>\n                    <\/li>\n                 <\/ul>\n              <\/div>\n            <\/div>\n         <\/div>\n\n         <div class=\"col-md-3\">\n            <div class=\"clients_box\">\n              <div class=\"client_img\">\n                <img decoding=\"async\" src=\"https:\/\/www.agcchem.com\/wp-content\/themes\/agcchemicals\/images\/product_index\/prod-grid9.png\" alt=\"\" class=\"w-100\">\n\n                <div class=\"text-in-center\">\n                   <h4>Fine Silica Microspheres<\/h4>\n                <\/div>\n              <\/div>\n\n              <div class=\"clietns_overlay\">\n                 <ul>\n                    <li>\n                       <a href=\"\/products\/fine-silicas-for-cosmetics-skincare\/\">Produtos Cosm\u00e9ticos\/ Higiene Pessoal\/ Cuidados com a Pele<\/a>\n                    <\/li>\n                    <li>\n                       <a href=\"\/products\/specialty-materials\/fine-silica-products-for-chromatography\/\">S\u00edlica Fina para Cromatografia<\/a>\n                    <\/li>\n                    <li>\n                       <a href=\"\/products\/fine-silica-for-catalyst-supports\/\">Suportes de Catalisador<\/a>\n                    <\/li>\n                    <li>\n                       <a href=\"\/products\/fine-silica-gels-3d-printing-resins\/\">Materiais para Impress\u00e3o 3D\/Aditiva\u00e7\u00e3o. <\/a>\n                    <\/li>\n \t\t\t\t\t <li>\n                       <a href=\"\/products\/fine-silica-gels\/drug-delivery-food-and-nutraceuticals\/\">Drug Delivery, Food and Nutraceuticals<\/a>\n                    <\/li>\n                    <li>\n                       <a href=\"\/products\/fine-silica-products-industrial\/\">Aplica\u00e7\u00f5es Industriais<\/a>\n                    <\/li>   \n                    <li>\n                       <a href=\"\/products\/fine-silica-products-industrial\/\">Aglutinantes\/Cargas<\/a>\n                    <\/li>    \n                    <li>\n                       <a href=\"\/products\/fine-silica-gels-2\/resifa-h-series-low-dielectric-fillers\/\">Low Dielectric Fillers<\/a>\n                    <\/li> \n                    <li>\n                       <a href=\"\/products\/fine-silica-gels-2\/resifa-solesphere-fine-silica-carbon-capture\/\">Carbon Capture<\/a>\n                    <\/li>                                                                                            \n                 <\/ul>\n              <\/div>\n            <\/div>\n         <\/div>\n\n         <div class=\"col-md-3\">\n            <div class=\"clients_box\">\n              <div class=\"client_img\">\n                <img decoding=\"async\" src=\"https:\/\/www.agcchem.com\/wp-content\/themes\/agcchemicals\/images\/product_index\/prod-grid10.png\" alt=\"\" class=\"w-100\">\n\n                <div class=\"text-in-center\">\n                   <h4>Qu\u00edmica Fina<\/h4>\n                <\/div>\n              <\/div>\n\n              <div class=\"clietns_overlay\">\n                 <ul>\n                    <li>\n                       <a href=\"\/products\/intermediates\/\">Intermedi\u00e1rios para ind\u00fastria Farmac\u00eautica<\/a>\n                    <\/li>\n                    <li>\n                       <a href=\"\/products\/intermediates\/\">Ingredientes para prudutos Agricolas<\/a>\n                    <\/li>\n                    <li>\n                       <a href=\"\/products\/intermediates\/\">Manufatura CGMP<\/a>\n                    <\/li>\n                 <\/ul>\n              <\/div>\n            <\/div>\n         <\/div>\n\n         <div class=\"col-md-3\">\n            <div class=\"clients_box\">\n              <div class=\"client_img\">\n                <img decoding=\"async\" src=\"https:\/\/www.agcchem.com\/wp-content\/themes\/agcchemicals\/images\/product_index\/prod-grid11.png\" alt=\"\" class=\"w-100\">\n\n                <div class=\"text-in-center\">\n                   <h4>Poli\u00f3is<\/h4>\n                <\/div>\n              <\/div>\n\n              <div class=\"clietns_overlay\">\n                 <ul>\n                    <li>\n                       <a href=\"\/products\/specialty-materials\/polyols-for-polyurethanes\/\">Poli\u00e9ter Poliol<\/a>\n                    <\/li>\n                    <li>\n                       <a href=\"\/products\/specialty-materials\/polyols-for-polyurethanes\/\">Poli\u00e9ter Modificado com Silano<\/a>\n                    <\/li>                                                                                              \n                 <\/ul>\n              <\/div>\n            <\/div>\n         <\/div>\n\n      <\/div>\n   <\/div>\n\n\n<\/div>\n<\/div><\/div><\/div><\/div><\/div><\/div>","protected":false},"excerpt":{"rendered":"<p>Resinas, Compostos e Materiais Especiais de Fluorpol\u00edmero AGC Overview Products AGC Chemicals Americas oferece a mais ampla gama de fluorpol\u00edmeros de alto desempenho do mundo, incluindo fluorelast\u00f4meros, resinas de PTFE, PFA e ETFE e compostos de fluorpol\u00edmeros. Tamb\u00e9m produzimos materiais&#8230;<\/p>\n","protected":false},"author":2,"featured_media":0,"parent":0,"menu_order":0,"comment_status":"closed","ping_status":"closed","template":"","meta":{"_acf_changed":false,"inline_featured_image":false,"footnotes":""},"class_list":["post-4151","page","type-page","status-publish","hentry"],"acf":[],"_links":{"self":[{"href":"https:\/\/www.agcchem.com\/pt-br\/wp-json\/wp\/v2\/pages\/4151","targetHints":{"allow":["GET"]}}],"collection":[{"href":"https:\/\/www.agcchem.com\/pt-br\/wp-json\/wp\/v2\/pages"}],"about":[{"href":"https:\/\/www.agcchem.com\/pt-br\/wp-json\/wp\/v2\/types\/page"}],"author":[{"embeddable":true,"href":"https:\/\/www.agcchem.com\/pt-br\/wp-json\/wp\/v2\/users\/2"}],"replies":[{"embeddable":true,"href":"https:\/\/www.agcchem.com\/pt-br\/wp-json\/wp\/v2\/comments?post=4151"}],"version-history":[{"count":0,"href":"https:\/\/www.agcchem.com\/pt-br\/wp-json\/wp\/v2\/pages\/4151\/revisions"}],"wp:attachment":[{"href":"https:\/\/www.agcchem.com\/pt-br\/wp-json\/wp\/v2\/media?parent=4151"}],"curies":[{"name":"wp","href":"https:\/\/api.w.org\/{rel}","templated":true}]}}