{"id":4181,"date":"2018-12-08T07:55:41","date_gmt":"2018-12-08T07:55:41","guid":{"rendered":"https:\/\/www.agcchem.com\/products\/fluon-compounds\/"},"modified":"2024-10-16T14:36:54","modified_gmt":"2024-10-16T14:36:54","slug":"compostos-fluon","status":"publish","type":"page","link":"https:\/\/www.agcchem.com\/pt-br\/produtos\/compostos-fluon\/","title":{"rendered":"Fluon+ Compostos Avan\u00e7ados"},"content":{"rendered":"<div id=\"pl-4181\"  class=\"panel-layout\" ><div id=\"pg-4181-0\"  class=\"panel-grid panel-has-style\" ><div class=\"home-slider global_hero_section siteorigin-panels-stretch panel-row-style panel-row-style-for-4181-0\" data-stretch-type=\"full-width-stretch\" ><div id=\"pgc-4181-0-0\"  class=\"panel-grid-cell\" ><div id=\"panel-4181-0-0-0\" class=\"so-panel widget widget_sow-image panel-first-child\" data-index=\"0\" ><div class=\"hero_big_image panel-widget-style panel-widget-style-for-4181-0-0-0\" ><div\n\t\t\t\n\t\t\tclass=\"so-widget-sow-image so-widget-sow-image-default-e4c2d9f6c920-4181\"\n\t\t\t\n\t\t>\n<div class=\"sow-image-container\">\n\t\t<img \n\tsrc=\"https:\/\/www.agcchem.com\/wp-content\/uploads\/2024\/03\/slide_1-scaled.jpg\" width=\"2560\" height=\"1762\" srcset=\"https:\/\/www.agcchem.com\/wp-content\/uploads\/2024\/03\/slide_1-scaled.jpg 2560w, https:\/\/www.agcchem.com\/wp-content\/uploads\/2024\/03\/slide_1-300x207.jpg 300w, https:\/\/www.agcchem.com\/wp-content\/uploads\/2024\/03\/slide_1-1024x705.jpg 1024w, https:\/\/www.agcchem.com\/wp-content\/uploads\/2024\/03\/slide_1-768x529.jpg 768w, https:\/\/www.agcchem.com\/wp-content\/uploads\/2024\/03\/slide_1-1536x1057.jpg 1536w, https:\/\/www.agcchem.com\/wp-content\/uploads\/2024\/03\/slide_1-2048x1410.jpg 2048w\" sizes=\"(max-width: 2560px) 100vw, 2560px\" title=\"slide_1\" alt=\"\" \t\tclass=\"so-widget-image\"\/>\n\t<\/div>\n\n<\/div><\/div><\/div><div id=\"panel-4181-0-0-1\" class=\"so-panel widget widget_siteorigin-panels-builder panel-last-child\" data-index=\"1\" ><div class=\"home-slide-content white_text panel-widget-style panel-widget-style-for-4181-0-0-1\" ><div id=\"pl-w67096286a6c80\"  class=\"panel-layout\" ><div id=\"pg-w67096286a6c80-0\"  class=\"panel-grid panel-no-style\" ><div id=\"pgc-w67096286a6c80-0-0\"  class=\"panel-grid-cell\" ><div id=\"panel-w67096286a6c80-0-0-0\" class=\"widget_text so-panel widget widget_custom_html panel-first-child\" data-index=\"0\" ><div class=\"textwidget custom-html-widget\"><div class=\"home-bg\"><\/div><\/div><\/div><div id=\"panel-w67096286a6c80-0-0-1\" class=\"so-panel widget widget_siteorigin-panels-builder panel-last-child\" data-index=\"1\" ><div class=\"container panel-widget-style panel-widget-style-for-w67096286a6c80-0-0-1\" ><div id=\"pl-w67096286a6c89\"  class=\"panel-layout\" ><div id=\"pg-w67096286a6c89-0\"  class=\"panel-grid panel-has-style\" ><div class=\"home-slid-inner panel-row-style panel-row-style-for-w67096286a6c89-0\" ><div id=\"pgc-w67096286a6c89-0-0\"  class=\"panel-grid-cell\" ><div id=\"panel-w67096286a6c89-0-0-0\" class=\"so-panel widget widget_sow-headline panel-first-child\" data-index=\"0\" ><div\n\t\t\t\n\t\t\tclass=\"so-widget-sow-headline so-widget-sow-headline-default-704e7542437d\"\n\t\t\t\n\t\t><div class=\"sow-headline-container \">\n\t\t\t\t\t\t\t<h1 class=\"sow-headline\">\n\t\t\t\t\t\tFluon+ Compostos Avan\u00e7ados\t\t\t\t\t\t<\/h1>\n\t\t\t\t\t\t\t\t\t\t\t\t<h3 class=\"sow-sub-headline\">\n\t\t\t\t\t\tA AGC \u00e9 o maior fabricante de compostos de fluoropol\u00edmero do mundo, com longa trajet\u00f3ria no setor. Criamos a marca Fluon+ para ampliar nossas solu\u00e7\u00f5es em ci\u00eancia de materiais de valor agregado.\t\t\t\t\t\t<\/h3>\n\t\t\t\t\t\t<\/div>\n<\/div><\/div><div id=\"panel-w67096286a6c89-0-0-1\" class=\"so-panel widget widget_sow-image\" data-index=\"1\" ><div class=\"gear_bg_twentyseven panel-widget-style panel-widget-style-for-w67096286a6c89-0-0-1\" ><div\n\t\t\t\n\t\t\tclass=\"so-widget-sow-image so-widget-sow-image-default-8b5b6f678277\"\n\t\t\t\n\t\t>\n<div class=\"sow-image-container\">\n\t\t<img \n\tsrc=\"https:\/\/www.agcchem.com\/wp-content\/uploads\/2024\/03\/gear_bg_27.svg\" width=\"279\" height=\"279\" sizes=\"(max-width: 279px) 100vw, 279px\" alt=\"\" \t\tclass=\"so-widget-image\"\/>\n\t<\/div>\n\n<\/div><\/div><\/div><div id=\"panel-w67096286a6c89-0-0-2\" class=\"so-panel widget widget_sow-image\" data-index=\"2\" ><div class=\"gear_bg_thirtyseven panel-widget-style panel-widget-style-for-w67096286a6c89-0-0-2\" ><div\n\t\t\t\n\t\t\tclass=\"so-widget-sow-image so-widget-sow-image-default-8b5b6f678277\"\n\t\t\t\n\t\t>\n<div class=\"sow-image-container\">\n\t\t<img \n\tsrc=\"https:\/\/www.agcchem.com\/wp-content\/uploads\/2024\/03\/gear_bg_37.svg\" width=\"228\" height=\"228\" sizes=\"(max-width: 228px) 100vw, 228px\" alt=\"\" \t\tclass=\"so-widget-image\"\/>\n\t<\/div>\n\n<\/div><\/div><\/div><div id=\"panel-w67096286a6c89-0-0-3\" class=\"widget_text so-panel widget widget_custom_html panel-last-child\" data-index=\"3\" ><div class=\"widget_text new_products_cta_buttons panel-widget-style panel-widget-style-for-w67096286a6c89-0-0-3\" ><div class=\"textwidget custom-html-widget\"><div class=\"btns\">\n\t<a href=\"#product_section\" class=\"btn btn-primary\">Produtos<\/a>\n\t<a href=\"#related_info_section\" class=\"btn btn-secondary\">Informa\u00e7\u00f5es relacionadas<\/a>\n\t<a href=\"#connect_with_agc_section\" class=\"btn btn-secondary\">Conecte-se com o AGC<\/a>\n<\/div><\/div><\/div><\/div><\/div><\/div><\/div><\/div><\/div><\/div><\/div><\/div><\/div><\/div><\/div><\/div><\/div><\/div><div id=\"pg-4181-1\"  class=\"panel-grid panel-has-style\" ><div class=\"white_text clip_path__lower_right_down single_blog_header siteorigin-panels-stretch panel-row-style panel-row-style-for-4181-1\" data-stretch-type=\"full-width-stretch\" ><div id=\"pgc-4181-1-0\"  class=\"panel-grid-cell\" ><div id=\"panel-4181-1-0-0\" class=\"so-panel widget widget_siteorigin-panels-builder panel-first-child panel-last-child\" data-index=\"2\" ><div class=\"container panel-widget-style panel-widget-style-for-4181-1-0-0\" ><div id=\"pl-w670fcf86b620e\"  class=\"panel-layout\" ><div id=\"pg-w670fcf86b620e-0\"  class=\"panel-grid panel-has-style\" ><div class=\"col-md-9 col-12 m-auto panel-row-style panel-row-style-for-w670fcf86b620e-0\" ><div id=\"pgc-w670fcf86b620e-0-0\"  class=\"panel-grid-cell\" ><div id=\"panel-w670fcf86b620e-0-0-0\" class=\"so-panel widget widget_sow-editor panel-first-child panel-last-child\" data-index=\"0\" ><div\n\t\t\t\n\t\t\tclass=\"so-widget-sow-editor so-widget-sow-editor-base\"\n\t\t\t\n\t\t>\n<div class=\"siteorigin-widget-tinymce textwidget\">\n\t<p style=\"text-align: center;\">Com uma ampla cadeia de suprimentos global de resinas e aditivos, podemos produzir virtualmente qualquer pol\u00edmero aprimorado, adicionando funcionalidades reativas, pigmentos, aditivos refor\u00e7ados, flexibilidade e mais, criando cinco classes diferentes de materiais sob a marca Fluon+.<\/p>\n<\/div>\n<\/div><\/div><\/div><\/div><\/div><\/div><\/div><\/div><\/div><\/div><\/div><div id=\"pg-4181-2\"  class=\"panel-grid panel-has-style\" ><div id=\"product_section\" class=\"panel-row-style panel-row-style-for-4181-2\" ><div id=\"pgc-4181-2-0\"  class=\"panel-grid-cell\" ><div id=\"panel-4181-2-0-0\" class=\"so-panel widget widget_siteorigin-panels-builder panel-first-child panel-last-child\" data-index=\"3\" ><div id=\"pl-w670fcf86b6965\"  class=\"panel-layout\" ><div id=\"pg-w670fcf86b6965-0\"  class=\"panel-grid panel-has-style\" ><div class=\"container panel-row-style panel-row-style-for-w670fcf86b6965-0\" ><div id=\"pgc-w670fcf86b6965-0-0\"  class=\"panel-grid-cell\" ><div class=\"category_product_box panel-cell-style panel-cell-style-for-w670fcf86b6965-0-0\" ><div id=\"panel-w670fcf86b6965-0-0-0\" class=\"so-panel widget widget_sow-image panel-first-child\" data-index=\"0\" ><div class=\"panel-widget-style panel-widget-style-for-w670fcf86b6965-0-0-0\" ><div\n\t\t\t\n\t\t\tclass=\"so-widget-sow-image so-widget-sow-image-default-4e6925654b7a\"\n\t\t\t\n\t\t>\n<div class=\"sow-image-container\">\n\t\t\t<a href=\"https:\/\/www.agcchem.com\/pt-br\/produtos\/compostos-fluon\/compostos-ptfe-de-preenchimento-fluon\/\"\n\t\t\t\t\t>\n\t\t\t<img \n\tsrc=\"https:\/\/www.agcchem.com\/wp-content\/uploads\/2019\/03\/FluonFPC.jpg\" width=\"525\" height=\"200\" srcset=\"https:\/\/www.agcchem.com\/wp-content\/uploads\/2019\/03\/FluonFPC.jpg 525w, https:\/\/www.agcchem.com\/wp-content\/uploads\/2019\/03\/FluonFPC-300x114.jpg 300w\" sizes=\"(max-width: 525px) 100vw, 525px\" title=\"Fluon+FPC\" alt=\"\" \t\tclass=\"so-widget-image\"\/>\n\t\t\t<\/a><\/div>\n\n<\/div><\/div><\/div><div id=\"panel-w670fcf86b6965-0-0-1\" class=\"so-panel widget widget_text\" data-index=\"1\" >\t\t\t<div class=\"textwidget\"><p>Adaptados \u00e0s suas necessidades espec\u00edficas, podemos compor qualquer resina de PTFE com pigmentos e cargas, como vidro, grafite e p\u00f3s met\u00e1licos.<\/p>\n<\/div>\n\t\t<\/div><div id=\"panel-w670fcf86b6965-0-0-2\" class=\"so-panel widget widget_sow-headline panel-last-child\" data-index=\"2\" ><div\n\t\t\t\n\t\t\tclass=\"so-widget-sow-headline so-widget-sow-headline-default-2f414743e2fc\"\n\t\t\t\n\t\t><div class=\"sow-headline-container \">\n\t\t\t\t\t\t\t<h6 class=\"sow-headline\">\n\t\t\t\t\t\t\t\t\t\t\t\t\t<a href=\"https:\/\/www.agcchem.com\/pt-br\/produtos\/compostos-fluon\/compostos-ptfe-de-preenchimento-fluon\/\" >\n\t\t\t\t\t\t\t\tSaber mais<\/a>\t\t\t\t\t\t<\/h6>\n\t\t\t\t\t\t<\/div>\n<\/div><\/div><\/div><\/div><div id=\"pgc-w670fcf86b6965-0-1\"  class=\"panel-grid-cell\" ><div class=\"category_product_box panel-cell-style panel-cell-style-for-w670fcf86b6965-0-1\" ><div id=\"panel-w670fcf86b6965-0-1-0\" class=\"so-panel widget widget_sow-image panel-first-child\" data-index=\"3\" ><div class=\"panel-widget-style panel-widget-style-for-w670fcf86b6965-0-1-0\" ><div\n\t\t\t\n\t\t\tclass=\"so-widget-sow-image so-widget-sow-image-default-4e6925654b7a\"\n\t\t\t\n\t\t>\n<div class=\"sow-image-container\">\n\t\t\t<a href=\"https:\/\/www.agcchem.com\/pt-br\/produtos\/compostos-fluon\/compostos-ptfe-de-preenchimento-fluon\/\"\n\t\t\t\t\t>\n\t\t\t<img \n\tsrc=\"https:\/\/www.agcchem.com\/wp-content\/uploads\/2019\/03\/FluonMPC.jpg\" width=\"553\" height=\"200\" srcset=\"https:\/\/www.agcchem.com\/wp-content\/uploads\/2019\/03\/FluonMPC.jpg 553w, https:\/\/www.agcchem.com\/wp-content\/uploads\/2019\/03\/FluonMPC-300x108.jpg 300w\" sizes=\"(max-width: 553px) 100vw, 553px\" title=\"Fluon+MPC\" alt=\"\" \t\tclass=\"so-widget-image\"\/>\n\t\t\t<\/a><\/div>\n\n<\/div><\/div><\/div><div id=\"panel-w670fcf86b6965-0-1-1\" class=\"so-panel widget widget_text\" data-index=\"4\" >\t\t\t<div class=\"textwidget\"><p>Estes compostos aumentam as propriedades e adicionam pigmento a uma ampla gama de resinas de fluoropol\u00edmero incluindo ECTFE, ETFE, FEP, MFA, PFA e PVDF.<\/p>\n<\/div>\n\t\t<\/div><div id=\"panel-w670fcf86b6965-0-1-2\" class=\"so-panel widget widget_sow-headline panel-last-child\" data-index=\"5\" ><div\n\t\t\t\n\t\t\tclass=\"so-widget-sow-headline so-widget-sow-headline-default-2f414743e2fc\"\n\t\t\t\n\t\t><div class=\"sow-headline-container \">\n\t\t\t\t\t\t\t<h6 class=\"sow-headline\">\n\t\t\t\t\t\t\t\t\t\t\t\t\t<a href=\"https:\/\/www.agcchem.com\/pt-br\/produtos\/compostos-fluon\/compostos-ptfe-de-preenchimento-fluon\/\" >\n\t\t\t\t\t\t\t\tSaber mais<\/a>\t\t\t\t\t\t<\/h6>\n\t\t\t\t\t\t<\/div>\n<\/div><\/div><\/div><\/div><\/div><\/div><div id=\"pg-w670fcf86b6965-1\"  class=\"panel-grid panel-has-style\" ><div class=\"container panel-row-style panel-row-style-for-w670fcf86b6965-1\" ><div id=\"pgc-w670fcf86b6965-1-0\"  class=\"panel-grid-cell\" ><div class=\"category_product_box panel-cell-style panel-cell-style-for-w670fcf86b6965-1-0\" ><div id=\"panel-w670fcf86b6965-1-0-0\" class=\"so-panel widget widget_sow-image panel-first-child\" data-index=\"6\" ><div class=\"panel-widget-style panel-widget-style-for-w670fcf86b6965-1-0-0\" ><div\n\t\t\t\n\t\t\tclass=\"so-widget-sow-image so-widget-sow-image-default-4e6925654b7a\"\n\t\t\t\n\t\t>\n<div class=\"sow-image-container\">\n\t\t\t<a href=\"https:\/\/www.agcchem.com\/pt-br\/produtos\/compostos-fluon\/classe-de-adesivos-fluon\/\"\n\t\t\t\t\t>\n\t\t\t<img \n\tsrc=\"https:\/\/www.agcchem.com\/wp-content\/uploads\/2019\/03\/FluonAdhesive.jpg\" width=\"751\" height=\"200\" srcset=\"https:\/\/www.agcchem.com\/wp-content\/uploads\/2019\/03\/FluonAdhesive.jpg 751w, https:\/\/www.agcchem.com\/wp-content\/uploads\/2019\/03\/FluonAdhesive-300x80.jpg 300w\" sizes=\"(max-width: 751px) 100vw, 751px\" title=\"Fluon+Adhesive\" alt=\"\" \t\tclass=\"so-widget-image\"\/>\n\t\t\t<\/a><\/div>\n\n<\/div><\/div><\/div><div id=\"panel-w670fcf86b6965-1-0-1\" class=\"so-panel widget widget_text\" data-index=\"7\" >\t\t\t<div class=\"textwidget\"><p>Estes tipos de adesivos s\u00e3o compostos de resina adesiva fluorada feita com Fluon ETFE ou PFA. S\u00e3o usados \u200b\u200bem aplica\u00e7\u00f5es que exigem forte ades\u00e3o a pol\u00edmeros de poliamida, especialmente nylon 12.<\/p>\n<\/div>\n\t\t<\/div><div id=\"panel-w670fcf86b6965-1-0-2\" class=\"so-panel widget widget_sow-headline panel-last-child\" data-index=\"8\" ><div\n\t\t\t\n\t\t\tclass=\"so-widget-sow-headline so-widget-sow-headline-default-2f414743e2fc\"\n\t\t\t\n\t\t><div class=\"sow-headline-container \">\n\t\t\t\t\t\t\t<h6 class=\"sow-headline\">\n\t\t\t\t\t\t\t\t\t\t\t\t\t<a href=\"https:\/\/www.agcchem.com\/pt-br\/produtos\/compostos-fluon\/classe-de-adesivos-fluon\/\" >\n\t\t\t\t\t\t\t\tSaber mais<\/a>\t\t\t\t\t\t<\/h6>\n\t\t\t\t\t\t<\/div>\n<\/div><\/div><\/div><\/div><div id=\"pgc-w670fcf86b6965-1-1\"  class=\"panel-grid-cell\" ><div class=\"category_product_box panel-cell-style panel-cell-style-for-w670fcf86b6965-1-1\" ><div id=\"panel-w670fcf86b6965-1-1-0\" class=\"so-panel widget widget_sow-image panel-first-child\" data-index=\"9\" ><div class=\"panel-widget-style panel-widget-style-for-w670fcf86b6965-1-1-0\" ><div\n\t\t\t\n\t\t\tclass=\"so-widget-sow-image so-widget-sow-image-default-4e6925654b7a\"\n\t\t\t\n\t\t>\n<div class=\"sow-image-container\">\n\t\t\t<a href=\"https:\/\/www.agcchem.com\/products\/fluon-enhanced-materials\/fluon-modifiers\/\"\n\t\t\t\t\t>\n\t\t\t<img \n\tsrc=\"https:\/\/www.agcchem.com\/wp-content\/uploads\/2019\/03\/FluonModifiers.jpg\" width=\"800\" height=\"200\" srcset=\"https:\/\/www.agcchem.com\/wp-content\/uploads\/2019\/03\/FluonModifiers.jpg 800w, https:\/\/www.agcchem.com\/wp-content\/uploads\/2019\/03\/FluonModifiers-300x75.jpg 300w, https:\/\/www.agcchem.com\/wp-content\/uploads\/2019\/03\/FluonModifiers-768x192.jpg 768w\" sizes=\"(max-width: 800px) 100vw, 800px\" title=\"Fluon+Modifiers\" alt=\"\" \t\tclass=\"so-widget-image\"\/>\n\t\t\t<\/a><\/div>\n\n<\/div><\/div><\/div><div id=\"panel-w670fcf86b6965-1-1-1\" class=\"so-panel widget widget_text\" data-index=\"10\" >\t\t\t<div class=\"textwidget\"><p class=\"p1\">Fluon+ Modifiers s\u00e3o fluoropol\u00edmeros funcionalizados incorporados em matrizes e comp\u00f3sitos polim\u00e9ricos existentes para melhorar significativamente a resist\u00eancia ao impacto, reduzir defeitos e aumentar os rendimentos em moldagens a altas temperaturas.<\/p>\n<\/div>\n\t\t<\/div><div id=\"panel-w670fcf86b6965-1-1-2\" class=\"so-panel widget widget_sow-headline panel-last-child\" data-index=\"11\" ><div\n\t\t\t\n\t\t\tclass=\"so-widget-sow-headline so-widget-sow-headline-default-2f414743e2fc\"\n\t\t\t\n\t\t><div class=\"sow-headline-container \">\n\t\t\t\t\t\t\t<h6 class=\"sow-headline\">\n\t\t\t\t\t\t\t\t\t\t\t\t\t<a href=\"https:\/\/www.agcchem.com\/products\/fluon-enhanced-materials\/fluon-modifiers\/\" >\n\t\t\t\t\t\t\t\tSaber mais<\/a>\t\t\t\t\t\t<\/h6>\n\t\t\t\t\t\t<\/div>\n<\/div><\/div><\/div><\/div><\/div><\/div><div id=\"pg-w670fcf86b6965-2\"  class=\"panel-grid panel-has-style\" ><div class=\"container panel-row-style panel-row-style-for-w670fcf86b6965-2\" ><div id=\"pgc-w670fcf86b6965-2-0\"  class=\"panel-grid-cell\" ><div class=\"category_product_box panel-cell-style panel-cell-style-for-w670fcf86b6965-2-0\" ><div id=\"panel-w670fcf86b6965-2-0-0\" class=\"so-panel widget widget_sow-image panel-first-child\" data-index=\"12\" ><div class=\"panel-widget-style panel-widget-style-for-w670fcf86b6965-2-0-0\" ><div\n\t\t\t\n\t\t\tclass=\"so-widget-sow-image so-widget-sow-image-default-4e6925654b7a\"\n\t\t\t\n\t\t>\n<div class=\"sow-image-container\">\n\t\t\t<a href=\"https:\/\/www.agcchem.com\/pt-br\/produtos\/compostos-fluon\/fluon-composites\/\"\n\t\t\t\t\t>\n\t\t\t<img \n\tsrc=\"https:\/\/www.agcchem.com\/wp-content\/uploads\/2019\/12\/FluonComposites_no-tagline.png\" width=\"700\" height=\"127\" srcset=\"https:\/\/www.agcchem.com\/wp-content\/uploads\/2019\/12\/FluonComposites_no-tagline.png 700w, https:\/\/www.agcchem.com\/wp-content\/uploads\/2019\/12\/FluonComposites_no-tagline-300x54.png 300w\" sizes=\"(max-width: 700px) 100vw, 700px\" title=\"Fluon+Composites_no-tagline\" alt=\"\" \t\tclass=\"so-widget-image\"\/>\n\t\t\t<\/a><\/div>\n\n<\/div><\/div><\/div><div id=\"panel-w670fcf86b6965-2-0-1\" class=\"so-panel widget widget_text\" data-index=\"13\" >\t\t\t<div class=\"textwidget\"><p>Fluon+ Composites s\u00e3o fluoropol\u00edmeros adesivos combinados ou laminados com CFRP (Pl\u00e1sticos Refor\u00e7ados com Fibra de Carbono) e CFRTP (Termopl\u00e1sticos Refor\u00e7ados com Fibra de Carbono).<\/p>\n<\/div>\n\t\t<\/div><div id=\"panel-w670fcf86b6965-2-0-2\" class=\"so-panel widget widget_sow-headline panel-last-child\" data-index=\"14\" ><div\n\t\t\t\n\t\t\tclass=\"so-widget-sow-headline so-widget-sow-headline-default-2f414743e2fc\"\n\t\t\t\n\t\t><div class=\"sow-headline-container \">\n\t\t\t\t\t\t\t<h6 class=\"sow-headline\">\n\t\t\t\t\t\t\t\t\t\t\t\t\t<a href=\"https:\/\/www.agcchem.com\/pt-br\/produtos\/compostos-fluon\/fluon-composites\/\" >\n\t\t\t\t\t\t\t\tSaber mais<\/a>\t\t\t\t\t\t<\/h6>\n\t\t\t\t\t\t<\/div>\n<\/div><\/div><\/div><\/div><div id=\"pgc-w670fcf86b6965-2-1\"  class=\"panel-grid-cell\" ><div class=\"category_product_box panel-cell-style panel-cell-style-for-w670fcf86b6965-2-1\" ><div id=\"panel-w670fcf86b6965-2-1-0\" class=\"so-panel widget widget_sow-image panel-first-child\" data-index=\"15\" ><div class=\"panel-widget-style panel-widget-style-for-w670fcf86b6965-2-1-0\" ><div\n\t\t\t\n\t\t\tclass=\"so-widget-sow-image so-widget-sow-image-default-c67d20f9f743\"\n\t\t\t\n\t\t>\n<div class=\"sow-image-container\">\n\t\t\t<a href=\"https:\/\/www.agcchem.com\/products\/fluon-enhanced-materials\/fluon-mplastics\/\"\n\t\t\t\t\t>\n\t\t\t<img \n\tsrc=\"https:\/\/www.agcchem.com\/wp-content\/uploads\/2019\/12\/FluonmPLASTICS.jpg\" width=\"400\" height=\"90\" srcset=\"https:\/\/www.agcchem.com\/wp-content\/uploads\/2019\/12\/FluonmPLASTICS.jpg 400w, https:\/\/www.agcchem.com\/wp-content\/uploads\/2019\/12\/FluonmPLASTICS-300x68.jpg 300w\" sizes=\"(max-width: 400px) 100vw, 400px\" title=\"Fluon+mPLASTICS\" alt=\"\" \t\tclass=\"so-widget-image\"\/>\n\t\t\t<\/a><\/div>\n\n<\/div><\/div><\/div><div id=\"panel-w670fcf86b6965-2-1-1\" class=\"so-panel widget widget_text\" data-index=\"16\" >\t\t\t<div class=\"textwidget\"><p>Fluon+ Plastics representam uma nova linha de compostos modificados com materiais de fluoropol\u00edmero. Essas solu\u00e7\u00f5es de compostagem fluoradas podem ser personalizadas para atender a requisitos espec\u00edficos de desempenho.<\/p>\n<\/div>\n\t\t<\/div><div id=\"panel-w670fcf86b6965-2-1-2\" class=\"so-panel widget widget_sow-headline panel-last-child\" data-index=\"17\" ><div\n\t\t\t\n\t\t\tclass=\"so-widget-sow-headline so-widget-sow-headline-default-2f414743e2fc\"\n\t\t\t\n\t\t><div class=\"sow-headline-container \">\n\t\t\t\t\t\t\t<h6 class=\"sow-headline\">\n\t\t\t\t\t\t\t\t\t\t\t\t\t<a href=\"https:\/\/www.agcchem.com\/products\/fluon-enhanced-materials\/fluon-mplastics\/\" >\n\t\t\t\t\t\t\t\tSaber mais<\/a>\t\t\t\t\t\t<\/h6>\n\t\t\t\t\t\t<\/div>\n<\/div><\/div><\/div><\/div><\/div><\/div><\/div><\/div><\/div><\/div><\/div><div id=\"pg-4181-3\"  class=\"panel-grid panel-has-style\" ><div class=\"container panel-row-style panel-row-style-for-4181-3\" id=\"connect_with_agc_section\" ><div id=\"pgc-4181-3-0\"  class=\"panel-grid-cell\" ><div id=\"panel-4181-3-0-0\" class=\"so-panel widget widget_sow-headline panel-first-child\" data-index=\"4\" ><div class=\"category_page_section_heading panel-widget-style panel-widget-style-for-4181-3-0-0\" ><div\n\t\t\t\n\t\t\tclass=\"so-widget-sow-headline so-widget-sow-headline-default-dc2e19ea66d3-4181\"\n\t\t\t\n\t\t><div class=\"sow-headline-container \">\n\t\t\t\t\t\t\t<h2 class=\"sow-headline\">\n\t\t\t\t\t\tConecte-se com o AGC\t\t\t\t\t\t<\/h2>\n\t\t\t\t\t\t\t\t\t\t\t<div class=\"decoration\">\n\t\t\t\t\t\t<div class=\"decoration-inside\"><\/div>\n\t\t\t\t\t<\/div>\n\t\t\t\t\t<\/div>\n<\/div><\/div><\/div><div id=\"panel-4181-3-0-1\" class=\"so-panel widget widget_sow-editor panel-last-child\" data-index=\"5\" ><div\n\t\t\t\n\t\t\tclass=\"so-widget-sow-editor so-widget-sow-editor-base\"\n\t\t\t\n\t\t>\n<div class=\"siteorigin-widget-tinymce textwidget\">\n\t\r\n   \r\n      \r\n         <ul class=\"connect_with_agc_with_icon\">\r\n            <li>\r\n               <img decoding=\"async\" src=\"https:\/\/www.agcchem.com\/wp-content\/themes\/agcchemicals\/images\/phone_icon_cat.png\">\r\n               <span>Customer & product inquiries: <a href=\"tel:+55-11 99673-9340\">+55-11 99673-9340<\/a><\/span>\r\n            <\/li>\r\n            <li>\r\n               <img decoding=\"async\" src=\"https:\/\/www.agcchem.com\/wp-content\/themes\/agcchemicals\/images\/phone_icon_cat.png\">\r\n               <span>All other inquiries: <a href=\"tel:+55-12 3127-7154\">+55-12 3127-7154<\/a><\/span>\r\n            <\/li>            \r\n         <\/ul>\r\n\r\n\r\n      \r\n\r\n   \r\n\r\n\n<\/div>\n<\/div><\/div><\/div><\/div><\/div><\/div>","protected":false},"excerpt":{"rendered":"<p>Fluon+ Compostos Avan\u00e7ados A AGC \u00e9 o maior fabricante de compostos de fluoropol\u00edmero do mundo, com longa trajet\u00f3ria no setor. Criamos a marca Fluon+ para ampliar nossas solu\u00e7\u00f5es em ci\u00eancia de materiais de valor agregado. Produtos Informa\u00e7\u00f5es relacionadas Conecte-se com&#8230;<\/p>\n","protected":false},"author":2,"featured_media":0,"parent":4151,"menu_order":0,"comment_status":"closed","ping_status":"closed","template":"","meta":{"_acf_changed":false,"inline_featured_image":false,"footnotes":""},"class_list":["post-4181","page","type-page","status-publish","hentry"],"acf":[],"_links":{"self":[{"href":"https:\/\/www.agcchem.com\/pt-br\/wp-json\/wp\/v2\/pages\/4181","targetHints":{"allow":["GET"]}}],"collection":[{"href":"https:\/\/www.agcchem.com\/pt-br\/wp-json\/wp\/v2\/pages"}],"about":[{"href":"https:\/\/www.agcchem.com\/pt-br\/wp-json\/wp\/v2\/types\/page"}],"author":[{"embeddable":true,"href":"https:\/\/www.agcchem.com\/pt-br\/wp-json\/wp\/v2\/users\/2"}],"replies":[{"embeddable":true,"href":"https:\/\/www.agcchem.com\/pt-br\/wp-json\/wp\/v2\/comments?post=4181"}],"version-history":[{"count":0,"href":"https:\/\/www.agcchem.com\/pt-br\/wp-json\/wp\/v2\/pages\/4181\/revisions"}],"up":[{"embeddable":true,"href":"https:\/\/www.agcchem.com\/pt-br\/wp-json\/wp\/v2\/pages\/4151"}],"wp:attachment":[{"href":"https:\/\/www.agcchem.com\/pt-br\/wp-json\/wp\/v2\/media?parent=4181"}],"curies":[{"name":"wp","href":"https:\/\/api.w.org\/{rel}","templated":true}]}}