{"id":4200,"date":"2018-12-08T07:56:08","date_gmt":"2018-12-08T07:56:08","guid":{"rendered":"https:\/\/www.agcchem.com\/products\/specialty-materials\/"},"modified":"2024-05-26T06:16:17","modified_gmt":"2024-05-26T06:16:17","slug":"produtos-quimicos-e-materiais-especiais","status":"publish","type":"page","link":"https:\/\/www.agcchem.com\/pt-br\/produtos\/produtos-quimicos-e-materiais-especiais\/","title":{"rendered":"Produtos Qu\u00edmicos e Materiais Especiais"},"content":{"rendered":"<div id=\"pl-4200\"  class=\"panel-layout\" ><div id=\"pg-4200-0\"  class=\"panel-grid panel-has-style\" ><div class=\"panel-row-style panel-row-style-for-4200-0\" ><div id=\"pgc-4200-0-0\"  class=\"panel-grid-cell\" ><div id=\"panel-4200-0-0-0\" class=\"so-panel widget widget_sow-slider panel-first-child\" data-index=\"0\" ><div class=\"hide_slider_controles panel-widget-style panel-widget-style-for-4200-0-0-0\" ><div\n\t\t\t\n\t\t\tclass=\"so-widget-sow-slider so-widget-sow-slider-default-06ef3b21f6ca-4200\"\n\t\t\t\n\t\t>\t\t\t\t<div class=\"sow-slider-base\" style=\"display: none\" tabindex=\"0\">\n\t\t\t\t\t<ul\n\t\t\t\t\tclass=\"sow-slider-images\"\n\t\t\t\t\tdata-settings=\"{&quot;pagination&quot;:true,&quot;speed&quot;:800,&quot;timeout&quot;:8000,&quot;paused&quot;:false,&quot;pause_on_hover&quot;:false,&quot;swipe&quot;:true,&quot;nav_always_show_desktop&quot;:&quot;&quot;,&quot;nav_always_show_mobile&quot;:&quot;&quot;,&quot;breakpoint&quot;:&quot;780px&quot;,&quot;unmute&quot;:false,&quot;anchor&quot;:null}\"\n\t\t\t\t\t\t\t\t\t\tdata-anchor-id=\"\"\n\t\t\t\t>\t\t<li class=\"sow-slider-image\" style=\"visibility: visible;\" >\n\t\t\t\t\t\t<img loading=\"lazy\" decoding=\"async\" width=\"820\" height=\"256\" src=\"https:\/\/www.agcchem.com\/wp-content\/uploads\/2019\/03\/specialty-materials-1.jpg\" class=\"sow-slider-background-image\" alt=\"\" style=\"\" srcset=\"https:\/\/www.agcchem.com\/wp-content\/uploads\/2019\/03\/specialty-materials-1.jpg 820w, https:\/\/www.agcchem.com\/wp-content\/uploads\/2019\/03\/specialty-materials-1-300x94.jpg 300w, https:\/\/www.agcchem.com\/wp-content\/uploads\/2019\/03\/specialty-materials-1-768x240.jpg 768w\" sizes=\"auto, (max-width: 820px) 100vw, 820px\" \/>\t\t<\/li>\n\t\t\t\t<li class=\"sow-slider-image\" style=\"visibility: hidden;\" >\n\t\t\t\t\t\t<img loading=\"lazy\" decoding=\"async\" width=\"820\" height=\"256\" src=\"https:\/\/www.agcchem.com\/wp-content\/uploads\/2019\/03\/specialty-materials-2.jpg\" class=\"sow-slider-background-image\" alt=\"\" style=\"\" srcset=\"https:\/\/www.agcchem.com\/wp-content\/uploads\/2019\/03\/specialty-materials-2.jpg 820w, https:\/\/www.agcchem.com\/wp-content\/uploads\/2019\/03\/specialty-materials-2-300x94.jpg 300w, https:\/\/www.agcchem.com\/wp-content\/uploads\/2019\/03\/specialty-materials-2-768x240.jpg 768w\" sizes=\"auto, (max-width: 820px) 100vw, 820px\" \/>\t\t<\/li>\n\t\t\t\t<li class=\"sow-slider-image\" style=\"visibility: hidden;\" >\n\t\t\t\t\t\t<img loading=\"lazy\" decoding=\"async\" width=\"820\" height=\"256\" src=\"https:\/\/www.agcchem.com\/wp-content\/uploads\/2019\/03\/specialty-materials-3.jpg\" class=\"sow-slider-background-image\" alt=\"\" style=\"\" srcset=\"https:\/\/www.agcchem.com\/wp-content\/uploads\/2019\/03\/specialty-materials-3.jpg 820w, https:\/\/www.agcchem.com\/wp-content\/uploads\/2019\/03\/specialty-materials-3-300x94.jpg 300w, https:\/\/www.agcchem.com\/wp-content\/uploads\/2019\/03\/specialty-materials-3-768x240.jpg 768w\" sizes=\"auto, (max-width: 820px) 100vw, 820px\" \/>\t\t<\/li>\n\t\t<\/ul>\t\t\t\t<ol class=\"sow-slider-pagination\">\n\t\t\t\t\t\t\t\t\t\t\t<li><a href=\"#\" data-goto=\"0\" aria-label=\"Display slide 1\"><\/a><\/li>\n\t\t\t\t\t\t\t\t\t\t\t<li><a href=\"#\" data-goto=\"1\" aria-label=\"Display slide 2\"><\/a><\/li>\n\t\t\t\t\t\t\t\t\t\t\t<li><a href=\"#\" data-goto=\"2\" aria-label=\"Display slide 3\"><\/a><\/li>\n\t\t\t\t\t\t\t\t\t<\/ol>\n\n\t\t\t\t<div class=\"sow-slide-nav sow-slide-nav-next\">\n\t\t\t\t\t<a href=\"#\" data-goto=\"next\" aria-label=\"Next slide\" data-action=\"next\">\n\t\t\t\t\t\t<em class=\"sow-sld-icon-thin-right\"><\/em>\n\t\t\t\t\t<\/a>\n\t\t\t\t<\/div>\n\n\t\t\t\t<div class=\"sow-slide-nav sow-slide-nav-prev\">\n\t\t\t\t\t<a href=\"#\" data-goto=\"previous\" aria-label=\"Previous slide\" data-action=\"prev\">\n\t\t\t\t\t\t<em class=\"sow-sld-icon-thin-left\"><\/em>\n\t\t\t\t\t<\/a>\n\t\t\t\t<\/div>\n\t\t\t\t<\/div><\/div><\/div><\/div><div id=\"panel-4200-0-0-1\" class=\"so-panel widget widget_sow-headline\" data-index=\"1\" ><div class=\"page-title panel-widget-style panel-widget-style-for-4200-0-0-1\" ><div\n\t\t\t\n\t\t\tclass=\"so-widget-sow-headline so-widget-sow-headline-default-64bc294957fe-4200\"\n\t\t\t\n\t\t><div class=\"sow-headline-container \">\n\t\t\t\t\t\t\t<h1 class=\"sow-headline\">\n\t\t\t\t\t\t Produtos Qu\u00edmicos e Materiais Especiais \t\t\t\t\t\t<\/h1>\n\t\t\t\t\t\t<\/div>\n<\/div><\/div><\/div><div id=\"panel-4200-0-0-2\" class=\"so-panel widget widget_text panel-last-child\" data-index=\"2\" >\t\t\t<div class=\"textwidget\"><p><span style=\"font-weight: 400\">A AGC desenvolve e fabrica uma variedade de resinas, l\u00edquidos ou filmes baseados na tecnologia fluorqu\u00edmica. Estes materiais incluem resinas fluoradas, repelentes fluorados de \u00e1gua e \u00f3leo, filmes de fluorpol\u00edmero, gases e solventes fluorados, s\u00edlica fina e poliuretanos.<\/span><\/p>\n<p><span style=\"font-weight: 400\">Os materiais especializados da AGC aprimoram as propriedades de produtos como tintas, produtos farmac\u00eauticos, fachadas arquitet\u00f4nicas e cosm\u00e9ticos. Cada material da AGC oferece suas pr\u00f3prias caracter\u00edsticas exclusivas, mas a maioria \u00e9 extremamente dur\u00e1vel e resistente a produtos qu\u00edmicos, calor, \u00e1gua e\/ou clima.<\/span><\/p>\n<ul>\n<li><span style=\"font-weight: 400\">Produtos qu\u00edmicos<\/span><\/li>\n<li><span style=\"font-weight: 400\">Calor <\/span><\/li>\n<li><span style=\"font-weight: 400\">\u00c1gua<\/span><\/li>\n<li><span style=\"font-weight: 400\">Clima.<\/span><\/li>\n<\/ul>\n<\/div>\n\t\t<\/div><\/div><\/div><\/div><div id=\"pg-4200-1\"  class=\"panel-grid panel-no-style\" ><div id=\"pgc-4200-1-0\"  class=\"panel-grid-cell\" ><div id=\"panel-4200-1-0-0\" class=\"so-panel widget widget_sow-image panel-first-child\" data-index=\"3\" ><div class=\"panel-widget-style panel-widget-style-for-4200-1-0-0\" ><div\n\t\t\t\n\t\t\tclass=\"so-widget-sow-image so-widget-sow-image-default-4e6925654b7a-4200\"\n\t\t\t\n\t\t>\n<div class=\"sow-image-container\">\n\t\t\t<a href=\"\/pt-br\/products\/specialty-materials\/lumiflon-fluoropolymer-resins\"\n\t\t\t\t\t>\n\t\t\t<img \n\tsrc=\"https:\/\/www.agcchem.com\/wp-content\/uploads\/2018\/12\/lumiflon.jpg\" width=\"123\" height=\"79\" sizes=\"(max-width: 123px) 100vw, 123px\" alt=\"\" \t\tclass=\"so-widget-image\"\/>\n\t\t\t<\/a><\/div>\n\n<\/div><\/div><\/div><div id=\"panel-4200-1-0-1\" class=\"so-panel widget widget_text panel-last-child\" data-index=\"4\" >\t\t\t<div class=\"textwidget\"><p><span style=\"font-weight: 400\">A primeira resina de fluorpol\u00edmero sol\u00favel em solvente para revestimentos que pode ser curada \u00e0 temperatura ambiente ou a temperaturas elevadas.<\/span><\/p>\n<\/div>\n\t\t<\/div><\/div><div id=\"pgc-4200-1-1\"  class=\"panel-grid-cell\" ><div id=\"panel-4200-1-1-0\" class=\"so-panel widget widget_sow-image panel-first-child\" data-index=\"5\" ><div\n\t\t\t\n\t\t\tclass=\"so-widget-sow-image so-widget-sow-image-default-4e6925654b7a-4200\"\n\t\t\t\n\t\t>\n<div class=\"sow-image-container\">\n\t\t\t<a href=\"\/pt-br\/products\/specialty-materials\/asahi-guard-e-series\"\n\t\t\t\t\t>\n\t\t\t<img \n\tsrc=\"https:\/\/www.agcchem.com\/wp-content\/uploads\/2018\/12\/asahiguard.jpg\" width=\"131\" height=\"29\" sizes=\"(max-width: 131px) 100vw, 131px\" alt=\"\" \t\tclass=\"so-widget-image\"\/>\n\t\t\t<\/a><\/div>\n\n<\/div><\/div><div id=\"panel-4200-1-1-1\" class=\"so-panel widget widget_text panel-last-child\" data-index=\"6\" >\t\t\t<div class=\"textwidget\"><p><span style=\"font-weight: 400\">Repelentes fluorados de \u00e1gua\/\u00f3leo que n\u00e3o cont\u00eam PFOA (igual ou acima dos limites de detec\u00e7\u00e3o), PFCs de cadeia mais longa ou seus precursores.<\/span><\/p>\n<\/div>\n\t\t<\/div><\/div><\/div><div id=\"pg-4200-2\"  class=\"panel-grid panel-no-style\" ><div id=\"pgc-4200-2-0\"  class=\"panel-grid-cell\" ><div id=\"panel-4200-2-0-0\" class=\"so-panel widget widget_sow-image panel-first-child\" data-index=\"7\" ><div\n\t\t\t\n\t\t\tclass=\"so-widget-sow-image so-widget-sow-image-default-4e6925654b7a-4200\"\n\t\t\t\n\t\t>\n<div class=\"sow-image-container\">\n\t\t\t<a href=\"\/pt-br\/products\/specialty-materials\/fluonetfe-film\"\n\t\t\t\t\t>\n\t\t\t<img \n\tsrc=\"https:\/\/www.agcchem.com\/wp-content\/uploads\/2018\/12\/etfeFilm.jpg\" width=\"220\" height=\"50\" sizes=\"(max-width: 220px) 100vw, 220px\" alt=\"\" \t\tclass=\"so-widget-image\"\/>\n\t\t\t<\/a><\/div>\n\n<\/div><\/div><div id=\"panel-4200-2-0-1\" class=\"so-panel widget widget_text panel-last-child\" data-index=\"8\" >\t\t\t<div class=\"textwidget\"><p><span style=\"font-weight: 400\">O filme oferece flexibilidade no projeto agregando valor \u00e0s estruturas.<\/span><\/p>\n<\/div>\n\t\t<\/div><\/div><div id=\"pgc-4200-2-1\"  class=\"panel-grid-cell\" ><div id=\"panel-4200-2-1-0\" class=\"so-panel widget widget_sow-image panel-first-child\" data-index=\"9\" ><div\n\t\t\t\n\t\t\tclass=\"so-widget-sow-image so-widget-sow-image-default-4e6925654b7a-4200\"\n\t\t\t\n\t\t>\n<div class=\"sow-image-container\">\n\t\t\t<a href=\"\/pt-br\/produtos\/produtos-quimicos-e-materiais-especiais\/peliculas-para-estufa-f-clean\/\"\n\t\t\t\t\t>\n\t\t\t<img \n\tsrc=\"https:\/\/www.agcchem.com\/wp-content\/uploads\/2018\/12\/fclean.jpg\" width=\"144\" height=\"38\" sizes=\"(max-width: 144px) 100vw, 144px\" alt=\"\" \t\tclass=\"so-widget-image\"\/>\n\t\t\t<\/a><\/div>\n\n<\/div><\/div><div id=\"panel-4200-2-1-1\" class=\"so-panel widget widget_text panel-last-child\" data-index=\"10\" >\t\t\t<div class=\"textwidget\"><p><span style=\"font-weight: 400\">Este fino filme de ETFE \u00e9 o material de cobertura preferido para estufas de horticultura<\/span><\/p>\n<\/div>\n\t\t<\/div><\/div><\/div><div id=\"pg-4200-3\"  class=\"panel-grid panel-no-style\" ><div id=\"pgc-4200-3-0\"  class=\"panel-grid-cell\" ><div id=\"panel-4200-3-0-0\" class=\"so-panel widget widget_sow-headline panel-first-child\" data-index=\"11\" ><div class=\"page-title panel-widget-style panel-widget-style-for-4200-3-0-0\" ><div\n\t\t\t\n\t\t\tclass=\"so-widget-sow-headline so-widget-sow-headline-default-42661c0c9fbd-4200\"\n\t\t\t\n\t\t><div class=\"sow-headline-container \">\n\t\t\t\t\t\t\t<h2 class=\"sow-headline\">\n\t\t\t\t\t\t\t\t\t\t\t\t\t<a href=\"\/pt-br\/produtos\/produtos-quimicos-e-materiais-especiais\/solventes-fluorados-asahiklin\/\" >\n\t\t\t\t\t\t\t\tAsahiKlin<\/a>\t\t\t\t\t\t<\/h2>\n\t\t\t\t\t\t<\/div>\n<\/div><\/div><\/div><div id=\"panel-4200-3-0-1\" class=\"so-panel widget widget_text panel-last-child\" data-index=\"12\" >\t\t\t<div class=\"textwidget\"><p><span style=\"font-weight: 400;\">Estes solventes\/agentes de limpeza foram projetados para substituir solventes halogenados que s\u00e3o prejudiciais ao meio ambiente.<\/span><\/p>\n<\/div>\n\t\t<\/div><\/div><div id=\"pgc-4200-3-1\"  class=\"panel-grid-cell\" ><div id=\"panel-4200-3-1-0\" class=\"so-panel widget widget_sow-headline panel-first-child\" data-index=\"13\" ><div class=\"page-title panel-widget-style panel-widget-style-for-4200-3-1-0\" ><div\n\t\t\t\n\t\t\tclass=\"so-widget-sow-headline so-widget-sow-headline-default-42661c0c9fbd-4200\"\n\t\t\t\n\t\t><div class=\"sow-headline-container \">\n\t\t\t\t\t\t\t<h2 class=\"sow-headline\">\n\t\t\t\t\t\t\t\t\t\t\t\t\t<a href=\"\/pt-br\/products\/specialty-materials\/flemion\" >\n\t\t\t\t\t\t\t\tFLEMION\u00ae<\/a>\t\t\t\t\t\t<\/h2>\n\t\t\t\t\t\t<\/div>\n<\/div><\/div><\/div><div id=\"panel-4200-3-1-1\" class=\"so-panel widget widget_text panel-last-child\" data-index=\"14\" >\t\t\t<div class=\"textwidget\"><p><span style=\"font-weight: 400;\">Uma membrana de troca i\u00f4nica usada em instala\u00e7\u00f5es de eletr\u00f3lise que permite economias substanciais de energia.<\/span><\/p>\n<\/div>\n\t\t<\/div><\/div><\/div><div id=\"pg-4200-4\"  class=\"panel-grid panel-no-style\" ><div id=\"pgc-4200-4-0\"  class=\"panel-grid-cell panel-grid-cell-mobile-last\" ><div id=\"panel-4200-4-0-0\" class=\"so-panel widget widget_sow-image panel-first-child\" data-index=\"15\" ><div class=\"panel-widget-style panel-widget-style-for-4200-4-0-0\" ><div\n\t\t\t\n\t\t\tclass=\"so-widget-sow-image so-widget-sow-image-default-4e6925654b7a-4200\"\n\t\t\t\n\t\t>\n<div class=\"sow-image-container\">\n\t\t\t<a href=\"\/pt-br\/products\/specialty-materials\/cytop\"\n\t\t\t\t\t>\n\t\t\t<img \n\tsrc=\"https:\/\/www.agcchem.com\/wp-content\/uploads\/2018\/12\/CYTOP.jpg\" width=\"275\" height=\"102\" srcset=\"https:\/\/www.agcchem.com\/wp-content\/uploads\/2018\/12\/CYTOP.jpg 275w, https:\/\/www.agcchem.com\/wp-content\/uploads\/2018\/12\/CYTOP-272x102.jpg 272w\" sizes=\"(max-width: 275px) 100vw, 275px\" alt=\"\" \t\tclass=\"so-widget-image\"\/>\n\t\t\t<\/a><\/div>\n\n<\/div><\/div><\/div><div id=\"panel-4200-4-0-1\" class=\"so-panel widget widget_text panel-last-child\" data-index=\"16\" >\t\t\t<div class=\"textwidget\"><p><span style=\"font-weight: 400\">Estes fluorpol\u00edmeros amorfos exibem as mesmas propriedades do PTFE, bem como alta transpar\u00eancia \u00f3tica e boa solubilidade.<\/span><\/p>\n<\/div>\n\t\t<\/div><\/div><div id=\"pgc-4200-4-1\"  class=\"panel-grid-cell panel-grid-cell-empty\" ><\/div><\/div><\/div>","protected":false},"excerpt":{"rendered":"<p>A AGC desenvolve e fabrica uma variedade de resinas, l\u00edquidos ou filmes baseados na tecnologia fluorqu\u00edmica. Estes materiais incluem resinas fluoradas, repelentes fluorados de \u00e1gua e \u00f3leo, filmes de fluorpol\u00edmero, gases e solventes fluorados, s\u00edlica fina e poliuretanos. Os materiais&#8230;<\/p>\n","protected":false},"author":2,"featured_media":0,"parent":4151,"menu_order":0,"comment_status":"closed","ping_status":"closed","template":"","meta":{"_acf_changed":false,"inline_featured_image":false,"footnotes":""},"class_list":["post-4200","page","type-page","status-publish","hentry"],"acf":[],"_links":{"self":[{"href":"https:\/\/www.agcchem.com\/pt-br\/wp-json\/wp\/v2\/pages\/4200","targetHints":{"allow":["GET"]}}],"collection":[{"href":"https:\/\/www.agcchem.com\/pt-br\/wp-json\/wp\/v2\/pages"}],"about":[{"href":"https:\/\/www.agcchem.com\/pt-br\/wp-json\/wp\/v2\/types\/page"}],"author":[{"embeddable":true,"href":"https:\/\/www.agcchem.com\/pt-br\/wp-json\/wp\/v2\/users\/2"}],"replies":[{"embeddable":true,"href":"https:\/\/www.agcchem.com\/pt-br\/wp-json\/wp\/v2\/comments?post=4200"}],"version-history":[{"count":0,"href":"https:\/\/www.agcchem.com\/pt-br\/wp-json\/wp\/v2\/pages\/4200\/revisions"}],"up":[{"embeddable":true,"href":"https:\/\/www.agcchem.com\/pt-br\/wp-json\/wp\/v2\/pages\/4151"}],"wp:attachment":[{"href":"https:\/\/www.agcchem.com\/pt-br\/wp-json\/wp\/v2\/media?parent=4200"}],"curies":[{"name":"wp","href":"https:\/\/api.w.org\/{rel}","templated":true}]}}