{"id":4209,"date":"2018-12-25T08:44:03","date_gmt":"2018-12-25T08:44:03","guid":{"rendered":"https:\/\/www.agcchem.com\/products\/specialty-materials\/asahi-guard-e-series\/"},"modified":"2024-10-02T19:48:13","modified_gmt":"2024-10-02T19:48:13","slug":"asahi-guard-e-series","status":"publish","type":"page","link":"https:\/\/www.agcchem.com\/pt-br\/produtos\/high-performance-coatings-and-agents\/asahi-guard-e-series\/","title":{"rendered":"AsahiGuard E-SERIES s\u00e3o Repelentes de \u00e1gua\/\u00f3leo Fluorados"},"content":{"rendered":"<div id=\"pl-4209\"  class=\"panel-layout\" ><div id=\"pg-4209-0\"  class=\"panel-grid panel-has-style\" ><div class=\"home-slider global_hero_section siteorigin-panels-stretch animate-69d98cc28c71e869028116 panels-animation-hide panel-row-style panel-row-style-for-4209-0\" data-stretch-type=\"full-width-stretch\" data-so-animation=\"{&quot;selector&quot;:&quot;.animate-69d98cc28c71e869028116&quot;,&quot;animation&quot;:&quot;fadeIn&quot;,&quot;breakpoint&quot;:&quot;780px&quot;,&quot;duration&quot;:1,&quot;repeat&quot;:0,&quot;hide&quot;:1,&quot;disableAnimationMobile&quot;:0,&quot;finalState&quot;:&quot;visible&quot;,&quot;delay&quot;:0,&quot;debounce&quot;:0.1,&quot;event&quot;:&quot;enter&quot;,&quot;offset&quot;:0}\" ><div id=\"pgc-4209-0-0\"  class=\"panel-grid-cell\" ><div id=\"panel-4209-0-0-0\" class=\"so-panel widget widget_sow-image panel-first-child\" data-index=\"0\" ><div class=\"hero_big_image panel-widget-style panel-widget-style-for-4209-0-0-0\" ><div\n\t\t\t\n\t\t\tclass=\"so-widget-sow-image so-widget-sow-image-default-e4c2d9f6c920-4209\"\n\t\t\t\n\t\t>\n<div class=\"sow-image-container\">\n\t\t<img \n\tsrc=\"https:\/\/www.agcchem.com\/wp-content\/uploads\/2024\/04\/ashahiguard-hero2-1.png\" width=\"1400\" height=\"600\" srcset=\"https:\/\/www.agcchem.com\/wp-content\/uploads\/2024\/04\/ashahiguard-hero2-1.png 1400w, https:\/\/www.agcchem.com\/wp-content\/uploads\/2024\/04\/ashahiguard-hero2-1-300x129.png 300w, https:\/\/www.agcchem.com\/wp-content\/uploads\/2024\/04\/ashahiguard-hero2-1-1024x439.png 1024w, https:\/\/www.agcchem.com\/wp-content\/uploads\/2024\/04\/ashahiguard-hero2-1-768x329.png 768w\" sizes=\"(max-width: 1400px) 100vw, 1400px\" title=\"ashahiguard-hero2\" alt=\"\" \t\tclass=\"so-widget-image\"\/>\n\t<\/div>\n\n<\/div><\/div><\/div><div id=\"panel-4209-0-0-1\" class=\"so-panel widget widget_siteorigin-panels-builder panel-last-child\" data-index=\"1\" ><div class=\"home-slide-content white_text add_breadcrumb panel-widget-style panel-widget-style-for-4209-0-0-1\" ><div id=\"pl-w66fda35f55495\"  class=\"panel-layout\" ><div id=\"pg-w66fda35f55495-0\"  class=\"panel-grid panel-no-style\" ><div id=\"pgc-w66fda35f55495-0-0\"  class=\"panel-grid-cell\" ><div id=\"panel-w66fda35f55495-0-0-0\" class=\"widget_text so-panel widget widget_custom_html panel-first-child\" data-index=\"0\" ><div class=\"textwidget custom-html-widget\"><div class=\"home-bg\"><\/div><\/div><\/div><div id=\"panel-w66fda35f55495-0-0-1\" class=\"so-panel widget widget_siteorigin-panels-builder panel-last-child\" data-index=\"1\" ><div class=\"container panel-widget-style panel-widget-style-for-w66fda35f55495-0-0-1\" ><div id=\"pl-w66e2cb7666294\"  class=\"panel-layout\" ><div id=\"pg-w66e2cb7666294-0\"  class=\"panel-grid panel-has-style\" ><div class=\"home-slid-inner panel-row-style panel-row-style-for-w66e2cb7666294-0\" ><div id=\"pgc-w66e2cb7666294-0-0\"  class=\"panel-grid-cell\" ><div id=\"panel-w66e2cb7666294-0-0-0\" class=\"so-panel widget widget_sow-editor panel-first-child\" data-index=\"0\" ><div\n\t\t\t\n\t\t\tclass=\"so-widget-sow-editor so-widget-sow-editor-base\"\n\t\t\t\n\t\t>\n<div class=\"siteorigin-widget-tinymce textwidget\">\n\t<div class=\"\">\r\n  <nav aria-label=\"breadcrumb\" class=\"breadcrumb\">\r\n     <ol class=\"breadcrumb-item\">\r\n\t    <span property=\"itemListElement\" typeof=\"ListItem\"><a property=\"item\" typeof=\"WebPage\" title=\"Go to AGC Chemicals.\" href=\"https:\/\/www.agcchem.com\/pt-br\/\" class=\"home\"><span property=\"name\"><i class=\"fa fa-map-marker\"><\/i> Home<\/span><\/a><meta property=\"position\" content=\"1\"><\/span><i class=\"fa fa-angle-double-right\"><\/i><span property=\"itemListElement\" typeof=\"ListItem\"><a property=\"item\" typeof=\"WebPage\" title=\"Go to Blog.\" href=\"https:\/\/www.agcchem.com\/blog\/\" class=\"post-root post post-post\"><span property=\"name\">Blog<\/span><\/a><meta property=\"position\" content=\"2\"><\/span>     <\/ol>\r\n  <\/nav>\r\n<\/div>\n<\/div>\n<\/div><\/div><div id=\"panel-w66e2cb7666294-0-0-1\" class=\"so-panel widget widget_sow-headline\" data-index=\"1\" ><div\n\t\t\t\n\t\t\tclass=\"so-widget-sow-headline so-widget-sow-headline-default-704e7542437d\"\n\t\t\t\n\t\t><div class=\"sow-headline-container \">\n\t\t\t\t\t\t\t<h1 class=\"sow-headline\">\n\t\t\t\t\t\tAsahiGuard E-SERIES s\u00e3o Repelentes de \u00e1gua\/\u00f3leo Fluorados\t\t\t\t\t\t<\/h1>\n\t\t\t\t\t\t\t\t\t\t\t\t<h3 class=\"sow-sub-headline\">\n\t\t\t\t\t\tRepelentes de \u00e1gua\/\u00f3leo fluorados para tecidos, tecidos n\u00e3o tecidos e outros materiais\t\t\t\t\t\t<\/h3>\n\t\t\t\t\t\t<\/div>\n<\/div><\/div><div id=\"panel-w66e2cb7666294-0-0-2\" class=\"so-panel widget widget_sow-image\" data-index=\"2\" ><div class=\"gear_bg_twentyseven panel-widget-style panel-widget-style-for-w66e2cb7666294-0-0-2\" ><div\n\t\t\t\n\t\t\tclass=\"so-widget-sow-image so-widget-sow-image-default-8b5b6f678277\"\n\t\t\t\n\t\t>\n<div class=\"sow-image-container\">\n\t\t<img \n\tsrc=\"https:\/\/www.agcchem.com\/wp-content\/uploads\/2024\/03\/gear_bg_27.svg\" width=\"279\" height=\"279\" sizes=\"(max-width: 279px) 100vw, 279px\" alt=\"\" \t\tclass=\"so-widget-image\"\/>\n\t<\/div>\n\n<\/div><\/div><\/div><div id=\"panel-w66e2cb7666294-0-0-3\" class=\"so-panel widget widget_sow-image\" data-index=\"3\" ><div class=\"gear_bg_thirtyseven panel-widget-style panel-widget-style-for-w66e2cb7666294-0-0-3\" ><div\n\t\t\t\n\t\t\tclass=\"so-widget-sow-image so-widget-sow-image-default-8b5b6f678277\"\n\t\t\t\n\t\t>\n<div class=\"sow-image-container\">\n\t\t<img \n\tsrc=\"https:\/\/www.agcchem.com\/wp-content\/uploads\/2024\/03\/gear_bg_37.svg\" width=\"228\" height=\"228\" sizes=\"(max-width: 228px) 100vw, 228px\" alt=\"\" \t\tclass=\"so-widget-image\"\/>\n\t<\/div>\n\n<\/div><\/div><\/div><div id=\"panel-w66e2cb7666294-0-0-4\" class=\"widget_text so-panel widget widget_custom_html panel-last-child\" data-index=\"4\" ><div class=\"textwidget custom-html-widget\">\r\n  <div class=\"select_brand_dropdown\">\r\n    \r\n    \r\n    <div class=\"new_products_cta_buttons btns\">\r\n\r\n      \r\n\r\n      \r\n\r\n      \r\n        <a href=\"\/pt-br\/contate-nos\/duvidas-sobre-o-produto\/?product=arm_asahiguardoilwaterrepellants\" class=\"btn btn-primary\">\r\n          <span>D\u00favidas sobre o Produto<\/span>\r\n        <\/a>\r\n\r\n        <a href=\"\/pt-br\/contate-nos\/sample-request\/?product=arm_asahiguardoilwaterrepellants\" class=\"btn btn-secondary\">\r\n          <span>Pedido de Amostra<\/span>\r\n        <\/a>\r\n\r\n            \r\n    <\/div>\r\n\r\n  <\/div>\r\n\r\n<\/div><\/div><\/div><\/div><\/div><\/div><\/div><\/div><\/div><\/div><\/div><\/div><\/div><\/div><\/div><\/div><div id=\"pg-4209-1\"  class=\"panel-grid panel-has-style\" ><div class=\"inner_page_sub_navigation siteorigin-panels-stretch panel-row-style panel-row-style-for-4209-1\" data-stretch-type=\"full-width-stretch\" ><div id=\"pgc-4209-1-0\"  class=\"panel-grid-cell\" ><div id=\"panel-4209-1-0-0\" class=\"so-panel widget widget_siteorigin-panels-builder panel-first-child panel-last-child\" data-index=\"2\" ><div class=\"container  panel-widget-style panel-widget-style-for-4209-1-0-0\" ><div id=\"pl-w66fda35f55676\"  class=\"panel-layout\" ><div id=\"pg-w66fda35f55676-0\"  class=\"panel-grid panel-no-style\" ><div id=\"pgc-w66fda35f55676-0-0\"  class=\"panel-grid-cell\" ><div id=\"panel-w66fda35f55676-0-0-0\" class=\"widget_text so-panel widget widget_custom_html panel-first-child panel-last-child\" data-index=\"0\" ><div class=\"textwidget custom-html-widget\"><ul>\n\t<li><a href=\"#overview\">Vis\u00e3o geral<\/a><\/li>\t\n\t<li><a href=\"#features\">Caracter\u00edsticas<\/a><\/li>\n\t<li><a href=\"#aplica%c3%a7%c3%b5es\">Aplica\u00e7\u00f5es<\/a><\/li>\t\n\t<li><a href=\"#fispq\">FISPQ<\/a><\/li>\n\t<li><a href=\"#servi%c3%a7os-de-teste\">Servi\u00e7o de Testes<\/a><\/li>\n<\/ul><\/div><\/div><\/div><\/div><\/div><\/div><\/div><\/div><\/div><\/div><div id=\"pg-4209-2\"  class=\"panel-grid panel-has-style\" ><div class=\"two_column_with_blue_lines siteorigin-panels-stretch panel-row-style panel-row-style-for-4209-2\" id=\"overview\" data-stretch-type=\"full-width-stretch\" ><div id=\"pgc-4209-2-0\"  class=\"panel-grid-cell\" ><div id=\"panel-4209-2-0-0\" class=\"so-panel widget widget_siteorigin-panels-builder panel-first-child panel-last-child\" data-index=\"3\" ><div class=\"container  panel-widget-style panel-widget-style-for-4209-2-0-0\" ><div id=\"pl-w66fda35f55790\"  class=\"panel-layout\" ><div id=\"pg-w66fda35f55790-0\"  class=\"panel-grid panel-has-style\" ><div class=\"col-12 col-md-10 m-auto panel-row-style panel-row-style-for-w66fda35f55790-0\" ><div id=\"pgc-w66fda35f55790-0-0\"  class=\"panel-grid-cell\" ><div id=\"panel-w66fda35f55790-0-0-0\" class=\"so-panel widget widget_sow-image panel-first-child\" data-index=\"0\" ><div\n\t\t\t\n\t\t\tclass=\"so-widget-sow-image so-widget-sow-image-default-8b5b6f678277\"\n\t\t\t\n\t\t>\n<div class=\"sow-image-container\">\n\t\t<img \n\tsrc=\"https:\/\/www.agcchem.com\/wp-content\/uploads\/2024\/03\/AsahiGuard.svg\" width=\"266\" height=\"58\" sizes=\"(max-width: 266px) 100vw, 266px\" alt=\"\" \t\tclass=\"so-widget-image\"\/>\n\t<\/div>\n\n<\/div><\/div><div id=\"panel-w66fda35f55790-0-0-1\" class=\"so-panel widget widget_sow-headline panel-last-child\" data-index=\"1\" ><div\n\t\t\t\n\t\t\tclass=\"so-widget-sow-headline so-widget-sow-headline-default-2d3a2cf15379\"\n\t\t\t\n\t\t><div class=\"sow-headline-container \">\n\t\t\t\t\t\t\t<h4 class=\"sow-headline\">\n\t\t\t\t\t\tOs produtos AsahiGuard E-SERIES s\u00e3o repelentes de \u00e1gua\/\u00f3leo de baixa tens\u00e3o superficial.\t\t\t\t\t\t<\/h4>\n\t\t\t\t\t\t<\/div>\n<\/div><\/div><\/div><div id=\"pgc-w66fda35f55790-0-1\"  class=\"panel-grid-cell\" ><div id=\"panel-w66fda35f55790-0-1-0\" class=\"so-panel widget widget_sow-editor panel-first-child panel-last-child\" data-index=\"2\" ><div class=\"text-black panel-widget-style panel-widget-style-for-w66fda35f55790-0-1-0\" ><div\n\t\t\t\n\t\t\tclass=\"so-widget-sow-editor so-widget-sow-editor-base\"\n\t\t\t\n\t\t>\n<div class=\"siteorigin-widget-tinymce textwidget\">\n\t<p>Os produtos AsahiGuard E-SERIES s\u00e3o repelentes de \u00e1gua\/\u00f3leo fluorados para tecidos, n\u00e3o-tecidos, pap\u00e9is e outros materiais. Eles n\u00e3o cont\u00eam PFOA (igual ou acima dos limites de detec\u00e7\u00e3o), PFCs de cadeia mais longa ou seus precursores. Com base nas propriedades extraordin\u00e1rias do fl\u00faor, esses produtos qu\u00edmicos especializados oferecem excelente prote\u00e7\u00e3o e durabilidade contra \u00e1gua, \u00f3leo e solo seco, sem alterar a textura, cor ou respirabilidade de um tecido ou material.<\/p>\n<p>Produtos t\u00eaxteis e n\u00e3o-tecidos tratados com as classes AsahiGuard E-SERIES resistem \u00e0 sujeira e, quando ficam sujos, s\u00e3o f\u00e1ceis de limpar. Isso ocorre porque sua tens\u00e3o superficial muito baixa transformam \u00f3leos, manchas e gotas de \u00e1gua em gr\u00e2nulos, em vez de absorver os materiais. Quando aplicados, esses revestimentos podem manter tecidos, n\u00e3o-tecidos, papel, couro, carpete e uniformes parecendo novos por mais tempo. Tamb\u00e9m podem ser usados em combina\u00e7\u00e3o com outros agentes, como amidos, refor\u00e7adores de papel e fixadores.<\/p>\n<\/div>\n<\/div><\/div><\/div><\/div><\/div><\/div><\/div><\/div><\/div><\/div><\/div><\/div><div id=\"pg-4209-3\"  class=\"panel-grid panel-has-style\" ><div id=\"features\" class=\"panel-row-style panel-row-style-for-4209-3\" ><div id=\"pgc-4209-3-0\"  class=\"panel-grid-cell\" ><div id=\"panel-4209-3-0-0\" class=\"so-panel widget widget_sow-editor panel-first-child panel-last-child\" data-index=\"4\" ><div class=\"text-black panel-widget-style panel-widget-style-for-4209-3-0-0\" ><div\n\t\t\t\n\t\t\tclass=\"so-widget-sow-editor so-widget-sow-editor-base\"\n\t\t\t\n\t\t>\n<div class=\"siteorigin-widget-tinymce textwidget\">\n\t<p>Os repelentes AsahiGuard E-SERIES t\u00eam libera\u00e7\u00f5es pertinentes nos EUA (Lei de Controle de Subst\u00e2ncias T\u00f3xicas), Uni\u00e3o Europeia e Jap\u00e3o (Lei de Controle de Subst\u00e2ncias Qu\u00edmicas). Tamb\u00e9m est\u00e3o em conformidade com a Lei de Saneamento de Alimentos no Jap\u00e3o e s\u00e3o aprovados pela FDA nos Estados Unidos, BfR* na Europa e ANVISA no Brasil para uso em embalagens aliment\u00edcias.<\/p>\n<p><img loading=\"lazy\" decoding=\"async\" class=\"size-full wp-image-1221 alignnone\" src=\"https:\/\/stg-agcchemicals-staging2024.kinsta.cloud\/wp-content\/uploads\/2018\/12\/Bluesign-logo.png\" alt=\"\" width=\"111\" height=\"115\" \/><\/p>\n<p>A tecnologia AsahiGuard C6 foi a primeira a entrar no mercado, tr\u00eas anos antes do mandato de 2015 da EPA.<br \/>\nOs seguintes produtos s\u00e3o registrados bluesign\u00ae: AG-E061, AG-E081, AG-E082, AG-E092, AG-E300D, AG-E400, AG-E904, AG-E100, AG-E550D, AG-E600<\/p>\n<p>* Bundesinstitut f\u00fcr Risikobewertung - Instituto Federal de Avalia\u00e7\u00e3o de Riscos<\/p>\n<p>Clique aqui para mais informa\u00e7\u00f5es sobre as \u00faltimas inova\u00e7\u00f5es relacionadas aos repelentes AsahiGuard E-SERIES.<\/p>\n<\/div>\n<\/div><\/div><\/div><\/div><div id=\"pgc-4209-3-1\"  class=\"panel-grid-cell\" ><div id=\"panel-4209-3-1-0\" class=\"so-panel widget widget_sow-image panel-first-child\" data-index=\"5\" ><div class=\"has-line-skyblue-left-middle panel-widget-style panel-widget-style-for-4209-3-1-0\" ><div\n\t\t\t\n\t\t\tclass=\"so-widget-sow-image so-widget-sow-image-default-334eeca80698-4209\"\n\t\t\t\n\t\t>\n<div class=\"sow-image-container\">\n\t\t<img \n\tsrc=\"https:\/\/www.agcchem.com\/wp-content\/uploads\/2024\/03\/depositphotos_355585192-stock-photo-young-woman-using-microscope-laboratory-2.svg\" width=\"499\" height=\"276\" sizes=\"(max-width: 499px) 100vw, 499px\" title=\"depositphotos_355585192-stock-photo-young-woman-using-microscope-laboratory\" alt=\"\" \t\tclass=\"so-widget-image\"\/>\n\t<\/div>\n\n<\/div><\/div><\/div><div id=\"panel-4209-3-1-1\" class=\"so-panel widget widget_sow-image panel-last-child\" data-index=\"6\" ><div class=\"image_white_border panel-widget-style panel-widget-style-for-4209-3-1-1\" ><div\n\t\t\t\n\t\t\tclass=\"so-widget-sow-image so-widget-sow-image-default-b4513c7b55bb-4209\"\n\t\t\t\n\t\t>\n<div class=\"sow-image-container\">\n\t\t<img \n\tsrc=\"https:\/\/www.agcchem.com\/wp-content\/uploads\/2024\/05\/asahi-guard-e-series-sm.png\" width=\"202\" height=\"146\" sizes=\"(max-width: 202px) 100vw, 202px\" alt=\"\" \t\tclass=\"so-widget-image\"\/>\n\t<\/div>\n\n<\/div><\/div><\/div><\/div><\/div><\/div><div id=\"pg-4209-4\"  class=\"panel-grid panel-has-style\" ><div class=\"markets_section panel-row-style panel-row-style-for-4209-4\" ><div id=\"pgc-4209-4-0\"  class=\"panel-grid-cell\" ><div id=\"panel-4209-4-0-0\" class=\"so-panel widget widget_sow-editor panel-first-child panel-last-child\" data-index=\"7\" ><div\n\t\t\t\n\t\t\tclass=\"so-widget-sow-editor so-widget-sow-editor-base\"\n\t\t\t\n\t\t>\n<div class=\"siteorigin-widget-tinymce textwidget\">\n\t\r\n\t\r\n\t\t<section id=\"\" class=\"markets_section\">\r\n\t\t\t<div id=\"markets-block\" class=\"col-md-9 m-auto col-12\">\r\n\t\t\t\t<h2 class=\"text-center\">Markets<\/h2>\r\n\r\n\t\t\t\t<div class=\"row \">\r\n\t\t\t\t\t\r\n\t\t\t\t\t\r\n\t\t\t\t\t\t<div class=\"col-4 col \">\r\n\t\t\t\t\t\t\t\r\n\t\t\t\t\t\t\t<div class=\"markets text-center\">\r\n\t\t\t\t\t\t\t\t\r\n\t\t\t\t\t\t\t\t\r\n\t\t\t\t\t\t\t\t\t<a href=\"https:\/\/www.agcchem.com\/pt-br\/ground-transportation\/\">\r\n\t\t\t\t\t\t\t\t\t\t<img loading=\"lazy\" decoding=\"async\" width=\"154\" height=\"151\" src=\"https:\/\/www.agcchem.com\/wp-content\/uploads\/2024\/04\/Ground_Transportation5.png\" class=\"attachment-post-thumbnail size-post-thumbnail wp-post-image\" alt=\"\" \/>\t\t\t\t\t\t\t\t\t<\/a>\r\n\r\n\t\t\t\t\t\t\t\t\r\n\t\t\t\t\t\t\t\t<h3 class=\"widget-title\">\r\n\t\t\t\t\t\t\t\t\t<a href=\"https:\/\/www.agcchem.com\/pt-br\/ground-transportation\/\">\r\n\t\t\t\t\t\t\t\t\t\tGround Transportation\t\t\t\t\t\t\t\t\t<\/a>\r\n\t\t\t\t\t\t\t\t<\/h3>\r\n\r\n\t\t\t\t\t\t\t<\/div>\r\n\t\t\t\t\t\t\r\n\t\t\t\t\t\t<\/div>\r\n\r\n\t\t\t\t\t\r\n\t\t\t\t\t\t<div class=\"col-4 col \">\r\n\t\t\t\t\t\t\t\r\n\t\t\t\t\t\t\t<div class=\"markets text-center\">\r\n\t\t\t\t\t\t\t\t\r\n\t\t\t\t\t\t\t\t\r\n\t\t\t\t\t\t\t\t\t<a href=\"https:\/\/www.agcchem.com\/pt-br\/industrial\/\">\r\n\t\t\t\t\t\t\t\t\t\t<img loading=\"lazy\" decoding=\"async\" width=\"154\" height=\"151\" src=\"https:\/\/www.agcchem.com\/wp-content\/uploads\/2024\/04\/industrial-market.png\" class=\"attachment-post-thumbnail size-post-thumbnail wp-post-image\" alt=\"Industrial market\" \/>\t\t\t\t\t\t\t\t\t<\/a>\r\n\r\n\t\t\t\t\t\t\t\t\r\n\t\t\t\t\t\t\t\t<h3 class=\"widget-title\">\r\n\t\t\t\t\t\t\t\t\t<a href=\"https:\/\/www.agcchem.com\/pt-br\/industrial\/\">\r\n\t\t\t\t\t\t\t\t\t\tIndustrial\t\t\t\t\t\t\t\t\t<\/a>\r\n\t\t\t\t\t\t\t\t<\/h3>\r\n\r\n\t\t\t\t\t\t\t<\/div>\r\n\t\t\t\t\t\t\r\n\t\t\t\t\t\t<\/div>\r\n\r\n\t\t\t\t\t\r\n\t\t\t\t\t\t<div class=\"col-4 col \">\r\n\t\t\t\t\t\t\t\r\n\t\t\t\t\t\t\t<div class=\"markets text-center\">\r\n\t\t\t\t\t\t\t\t\r\n\t\t\t\t\t\t\t\t\r\n\t\t\t\t\t\t\t\t\t<a href=\"https:\/\/www.agcchem.com\/pt-br\/construction-infrastructure\/\">\r\n\t\t\t\t\t\t\t\t\t\t<img loading=\"lazy\" decoding=\"async\" width=\"154\" height=\"151\" src=\"https:\/\/www.agcchem.com\/wp-content\/uploads\/2024\/04\/construction-info-icon.png\" class=\"attachment-post-thumbnail size-post-thumbnail wp-post-image\" alt=\"\" \/>\t\t\t\t\t\t\t\t\t<\/a>\r\n\r\n\t\t\t\t\t\t\t\t\r\n\t\t\t\t\t\t\t\t<h3 class=\"widget-title\">\r\n\t\t\t\t\t\t\t\t\t<a href=\"https:\/\/www.agcchem.com\/pt-br\/construction-infrastructure\/\">\r\n\t\t\t\t\t\t\t\t\t\tConstruction &#038; Infrastructure\t\t\t\t\t\t\t\t\t<\/a>\r\n\t\t\t\t\t\t\t\t<\/h3>\r\n\r\n\t\t\t\t\t\t\t<\/div>\r\n\t\t\t\t\t\t\r\n\t\t\t\t\t\t<\/div>\r\n\r\n\t\t\t\t\t\r\n\t\t\t\t<\/div>\t\t\t\t\r\n\t\t\t<\/div>\r\n\r\n\t\t<\/section>\r\n\r\n\t\r\n  \n<\/div>\n<\/div><\/div><\/div><\/div><\/div><div id=\"pg-4209-5\"  class=\"panel-grid panel-has-style\" ><div class=\"clip_path_top_left_down bottom_gear_top_white_lines siteorigin-panels-stretch panel-row-style panel-row-style-for-4209-5\" data-stretch-type=\"full-width-stretch\" ><div id=\"pgc-4209-5-0\"  class=\"panel-grid-cell\" ><div id=\"panel-4209-5-0-0\" class=\"so-panel widget widget_siteorigin-panels-builder panel-first-child panel-last-child\" data-index=\"8\" ><div class=\"product_tab_section panel-widget-style panel-widget-style-for-4209-5-0-0\" ><div id=\"pl-w66fda35f56131\"  class=\"panel-layout\" ><div id=\"pg-w66fda35f56131-0\"  class=\"panel-grid panel-has-style\" ><div class=\" col-md-9 m-auto col-12 panel-row-style panel-row-style-for-w66fda35f56131-0\" ><div id=\"pgc-w66fda35f56131-0-0\"  class=\"panel-grid-cell\" ><div id=\"panel-w66fda35f56131-0-0-0\" class=\"so-panel widget widget_sow-tabs panel-first-child panel-last-child\" data-index=\"0\" ><div\n\t\t\t\n\t\t\tclass=\"so-widget-sow-tabs so-widget-sow-tabs-default-aaee25de5bd8\"\n\t\t\t\n\t\t><div class=\"sow-tabs\">\n\t<div class=\"sow-tabs-tab-container\" role=\"tablist\">\n\t\t\t<div\n\t\t\tclass=\"sow-tabs-tab\n\t\t\t sow-tabs-tab-selected\t\t\t\"\n\t\t\trole=\"tab\"\n\t\t\tdata-anchor-id=\"caracteristicas\"\n\t\t\taria-selected=\"true\"\n\t\t\ttabindex=\"0\"\n\t\t>\n\t\t\t<div class=\"sow-tabs-title sow-tabs-title-icon-left\">\n\t\t\t\t\t\t\t\tCaracter\u00edsticas\t\t\t\t\t\t\t<\/div>\n\t\t<\/div>\n\t\t\t<div\n\t\t\tclass=\"sow-tabs-tab\n\t\t\t\t\t\t\"\n\t\t\trole=\"tab\"\n\t\t\tdata-anchor-id=\"aplicacoes\"\n\t\t\taria-selected=\"false\"\n\t\t\ttabindex=\"0\"\n\t\t>\n\t\t\t<div class=\"sow-tabs-title sow-tabs-title-icon-left\">\n\t\t\t\t\t\t\t\tAplica\u00e7\u00f5es\t\t\t\t\t\t\t<\/div>\n\t\t<\/div>\n\t\t\t<div\n\t\t\tclass=\"sow-tabs-tab\n\t\t\t\t\t\t\"\n\t\t\trole=\"tab\"\n\t\t\tdata-anchor-id=\"servico-de-testes\"\n\t\t\taria-selected=\"false\"\n\t\t\ttabindex=\"0\"\n\t\t>\n\t\t\t<div class=\"sow-tabs-title sow-tabs-title-icon-left\">\n\t\t\t\t\t\t\t\tServi\u00e7o de Testes\t\t\t\t\t\t\t<\/div>\n\t\t<\/div>\n\t\t\t<div\n\t\t\tclass=\"sow-tabs-tab\n\t\t\t\t\t\t\"\n\t\t\trole=\"tab\"\n\t\t\tdata-anchor-id=\"fispq\"\n\t\t\taria-selected=\"false\"\n\t\t\ttabindex=\"0\"\n\t\t>\n\t\t\t<div class=\"sow-tabs-title sow-tabs-title-icon-left\">\n\t\t\t\t\t\t\t\tFISPQ\t\t\t\t\t\t\t<\/div>\n\t\t<\/div>\n\t\t\t<div\n\t\t\tclass=\"sow-tabs-tab\n\t\t\t\t\t\t\"\n\t\t\trole=\"tab\"\n\t\t\tdata-anchor-id=\"conecte-se-com-o-agc\"\n\t\t\taria-selected=\"false\"\n\t\t\ttabindex=\"0\"\n\t\t>\n\t\t\t<div class=\"sow-tabs-title sow-tabs-title-icon-left\">\n\t\t\t\t\t\t\t\tConecte-se com o AGC\t\t\t\t\t\t\t<\/div>\n\t\t<\/div>\n\t\t<\/div>\n\n\t<div class=\"sow-tabs-panel-container\">\n\t\t\t<div class=\"sow-tabs-panel\">\n\t\t\t<div\n\t\t\t\tclass=\"sow-tabs-panel-content\"\n\t\t\t\trole=\"tabpanel\"\n\t\t\t\taria-hidden=\"false\"\n\t\t\t>\n\t\t\t\t<ul>\n<li>Dur\u00e1vel contra altas temperaturas e condi\u00e7\u00f5es clim\u00e1ticas variadas<\/li>\n<li>Adapt\u00e1vel a diferentes materiais<\/li>\n<li>Excelente resist\u00eancia ao solo seco<\/li>\n<li>Prote\u00e7\u00e3o de t\u00eaxteis sem afetar a cor ou textura<\/li>\n<li>Propriedades repelentes de \u00e1gua e manchas<\/li>\n<li>Facilmente limpo<\/li>\n<li>Sem PFOA (igual ou acima dos limites de detec\u00e7\u00e3o) e baixo carbono 6 (menor que repelentes de \u00e1gua\/\u00f3leo fluorados padr\u00e3o)<\/li>\n<\/ul>\n\t\t\t<\/div>\n\t\t<\/div>\n\t\t\t<div class=\"sow-tabs-panel\">\n\t\t\t<div\n\t\t\t\tclass=\"sow-tabs-panel-content\"\n\t\t\t\trole=\"tabpanel\"\n\t\t\t\taria-hidden=\"true\"\n\t\t\t>\n\t\t\t\t<ul>\n<li>Os produtos de papel e cart\u00e3o repelem \u00e1gua, \u00f3leo e graxa<\/li>\n<li>T\u00eaxteis e n\u00e3o tecidos repelem fluidos e liberam manchas<\/li>\n<li>Barracas, filtros, divis\u00f3rias e outros produtos externos repelem a \u00e1gua<\/li>\n<li>Materiais de embalagem aliment\u00edcia, bandejas, papel para cozinhar e embalagens s\u00e3o muito mais dur\u00e1veis<\/li>\n<\/ul>\n\t\t\t<\/div>\n\t\t<\/div>\n\t\t\t<div class=\"sow-tabs-panel\">\n\t\t\t<div\n\t\t\t\tclass=\"sow-tabs-panel-content\"\n\t\t\t\trole=\"tabpanel\"\n\t\t\t\taria-hidden=\"true\"\n\t\t\t>\n\t\t\t\t<ul>\n \t<li>Fabrica\u00e7\u00e3o de papel<\/li>\n \t<li>P\u00f3s revestimento<\/li>\n \t<li>Teste de exposi\u00e7\u00e3o<\/li>\n<\/ul>\t\t\t<\/div>\n\t\t<\/div>\n\t\t\t<div class=\"sow-tabs-panel\">\n\t\t\t<div\n\t\t\t\tclass=\"sow-tabs-panel-content\"\n\t\t\t\trole=\"tabpanel\"\n\t\t\t\taria-hidden=\"true\"\n\t\t\t>\n\t\t\t\t<p>Pressione\u00a0<a href=\"https:\/\/stg-agcchemicals-staging2024.kinsta.cloud\/pt-br\/contate-nos\/pedido-fispq\/\" rel=\"noopener\">aqui<\/a>\u00a0para requisitar a FISPQ ou ficha de seguran\u00e7a deste produto.<\/p>\n\t\t\t<\/div>\n\t\t<\/div>\n\t\t\t<div class=\"sow-tabs-panel\">\n\t\t\t<div\n\t\t\t\tclass=\"sow-tabs-panel-content\"\n\t\t\t\trole=\"tabpanel\"\n\t\t\t\taria-hidden=\"true\"\n\t\t\t>\n\t\t\t\t<h2 class=\"widgettitle\">Conecte-se com o AGC<\/h2>\n<div class=\"textwidget custom-html-widget\">\n<div>\n<p class=\"card-title\"><strong>Clientes &amp; D\u00favidas Sobre Produtos:<\/strong><\/p>\n<p class=\"card-text\">+55-11 99673-9340<\/p>\n<p class=\"card-title\"><strong>Todas outras d\u00favidas:<\/strong><\/p>\n<p class=\"card-text\">+55-12 3127-7154<\/p>\n<\/div>\n<\/div>\n\t\t\t<\/div>\n\t\t<\/div>\n\t\t<\/div>\n<\/div>\n<\/div><\/div><\/div><\/div><\/div><\/div><\/div><\/div><\/div><\/div><\/div><div id=\"pg-4209-7\"  class=\"panel-grid panel-has-style\" ><div class=\"blue_overlay siteorigin-panels-stretch panel-row-style panel-row-style-for-4209-7\" data-stretch-type=\"full-width-stretch\" ><div id=\"pgc-4209-7-0\"  class=\"panel-grid-cell\" ><div id=\"panel-4209-7-0-0\" class=\"so-panel widget widget_siteorigin-panels-builder panel-first-child panel-last-child\" data-index=\"11\" ><div class=\"container panel-widget-style panel-widget-style-for-4209-7-0-0\" ><div id=\"pl-w66fda35f56d9f\"  class=\"panel-layout\" ><div id=\"pg-w66fda35f56d9f-0\"  class=\"panel-grid panel-has-style\" ><div class=\"col-12 col-md-6 m-auto position-relative panel-row-style panel-row-style-for-w66fda35f56d9f-0\" ><div id=\"pgc-w66fda35f56d9f-0-0\"  class=\"panel-grid-cell\" ><div id=\"panel-w66fda35f56d9f-0-0-0\" class=\"so-panel widget widget_sow-headline panel-first-child\" data-index=\"0\" ><div class=\"fw-bold panel-widget-style panel-widget-style-for-w66fda35f56d9f-0-0-0\" ><div\n\t\t\t\n\t\t\tclass=\"so-widget-sow-headline so-widget-sow-headline-default-87547e56f06d\"\n\t\t\t\n\t\t><div class=\"sow-headline-container \">\n\t\t\t\t\t\t\t<h2 class=\"sow-headline\">\n\t\t\t\t\t\tLigue para nossos especialistas em fluoropol\u00edmeros para discutir suas necessidades espec\u00edficas.\t\t\t\t\t\t<\/h2>\n\t\t\t\t\t\t<\/div>\n<\/div><\/div><\/div><div id=\"panel-w66fda35f56d9f-0-0-1\" class=\"so-panel widget widget_sow-button panel-last-child\" data-index=\"1\" ><div\n\t\t\t\n\t\t\tclass=\"so-widget-sow-button so-widget-sow-button-flat-f949060a8f32\"\n\t\t\t\n\t\t><div class=\"ow-button-base ow-button-align-center\"\n>\n\t\t\t<a\n\t\t\t\tclass=\"btn sowb-button ow-icon-placement-left ow-button-hover\" \t>\n\t\t<span>\n\t\t\t\n\t\t\tConsulta de produto\t\t<\/span>\n\t\t\t<\/a>\n\t<\/div>\n<\/div><\/div><\/div><\/div><\/div><\/div><\/div><\/div><\/div><\/div><\/div><\/div>","protected":false},"excerpt":{"rendered":"<p>HomeBlog AsahiGuard E-SERIES s\u00e3o Repelentes de \u00e1gua\/\u00f3leo Fluorados Repelentes de \u00e1gua\/\u00f3leo fluorados para tecidos, tecidos n\u00e3o tecidos e outros materiais D\u00favidas sobre o Produto Pedido de Amostra Vis\u00e3o geral Caracter\u00edsticas Aplica\u00e7\u00f5es FISPQ Servi\u00e7o de Testes Os produtos AsahiGuard E-SERIES s\u00e3o&#8230;<\/p>\n","protected":false},"author":2,"featured_media":30067,"parent":27465,"menu_order":2,"comment_status":"closed","ping_status":"closed","template":"page-template\/product-template.php","meta":{"_acf_changed":false,"inline_featured_image":false,"footnotes":""},"class_list":["post-4209","page","type-page","status-publish","has-post-thumbnail","hentry"],"acf":[],"_links":{"self":[{"href":"https:\/\/www.agcchem.com\/pt-br\/wp-json\/wp\/v2\/pages\/4209","targetHints":{"allow":["GET"]}}],"collection":[{"href":"https:\/\/www.agcchem.com\/pt-br\/wp-json\/wp\/v2\/pages"}],"about":[{"href":"https:\/\/www.agcchem.com\/pt-br\/wp-json\/wp\/v2\/types\/page"}],"author":[{"embeddable":true,"href":"https:\/\/www.agcchem.com\/pt-br\/wp-json\/wp\/v2\/users\/2"}],"replies":[{"embeddable":true,"href":"https:\/\/www.agcchem.com\/pt-br\/wp-json\/wp\/v2\/comments?post=4209"}],"version-history":[{"count":0,"href":"https:\/\/www.agcchem.com\/pt-br\/wp-json\/wp\/v2\/pages\/4209\/revisions"}],"up":[{"embeddable":true,"href":"https:\/\/www.agcchem.com\/pt-br\/wp-json\/wp\/v2\/pages\/27465"}],"wp:featuredmedia":[{"embeddable":true,"href":"https:\/\/www.agcchem.com\/pt-br\/wp-json\/wp\/v2\/media\/30067"}],"wp:attachment":[{"href":"https:\/\/www.agcchem.com\/pt-br\/wp-json\/wp\/v2\/media?parent=4209"}],"curies":[{"name":"wp","href":"https:\/\/api.w.org\/{rel}","templated":true}]}}