{"id":4231,"date":"2018-12-30T10:03:39","date_gmt":"2018-12-30T10:03:39","guid":{"rendered":"https:\/\/www.agcchem.com\/products\/specialty-materials\/fine-silica-products\/"},"modified":"2024-05-26T06:24:06","modified_gmt":"2024-05-26T06:24:06","slug":"fine-silica-products","status":"publish","type":"page","link":"https:\/\/www.agcchem.com\/pt-br\/produtos\/fine-silica-products\/","title":{"rendered":"Produtos de S\u00edlica Fina"},"content":{"rendered":"<div id=\"pl-4231\"  class=\"panel-layout\" ><div id=\"pg-4231-0\"  class=\"panel-grid panel-has-style\" ><div class=\"panel-row-style panel-row-style-for-4231-0\" ><div id=\"pgc-4231-0-0\"  class=\"panel-grid-cell\" ><div id=\"panel-4231-0-0-0\" class=\"so-panel widget widget_media_image panel-first-child\" data-index=\"0\" ><img loading=\"lazy\" decoding=\"async\" width=\"885\" height=\"234\" src=\"https:\/\/www.agcchem.com\/wp-content\/uploads\/2018\/12\/Fine_Silica.jpg\" class=\"image wp-image-1485  attachment-full size-full\" alt=\"\" style=\"max-width: 100%; height: auto;\" srcset=\"https:\/\/www.agcchem.com\/wp-content\/uploads\/2018\/12\/Fine_Silica.jpg 885w, https:\/\/www.agcchem.com\/wp-content\/uploads\/2018\/12\/Fine_Silica-300x79.jpg 300w, https:\/\/www.agcchem.com\/wp-content\/uploads\/2018\/12\/Fine_Silica-768x203.jpg 768w\" sizes=\"auto, (max-width: 885px) 100vw, 885px\" \/><\/div><div id=\"panel-4231-0-0-1\" class=\"so-panel widget widget_sow-headline panel-last-child\" data-index=\"1\" ><div class=\"page-title panel-widget-style panel-widget-style-for-4231-0-0-1\" ><div\n\t\t\t\n\t\t\tclass=\"so-widget-sow-headline so-widget-sow-headline-default-e2369890fa29-4231\"\n\t\t\t\n\t\t><div class=\"sow-headline-container \">\n\t\t\t\t\t\t\t<h1 class=\"sow-headline\">\n\t\t\t\t\t\t Produtos de s\u00edlica fina\t\t\t\t\t\t<\/h1>\n\t\t\t\t\t\t<\/div>\n<\/div><\/div><\/div><\/div><\/div><\/div><div id=\"pg-4231-1\"  class=\"panel-grid panel-no-style\" ><div id=\"pgc-4231-1-0\"  class=\"panel-grid-cell\" ><div id=\"panel-4231-1-0-0\" class=\"so-panel widget widget_text panel-first-child panel-last-child\" data-index=\"2\" >\t\t\t<div class=\"textwidget\"><p><span style=\"font-weight: 400;\">Produtos de S\u00edlica Fina s\u00e3o aditivos de resina que melhoram a suavidade e a dispersibilidade da superf\u00edcie dos meios aos quais s\u00e3o adicionados. Suas finas part\u00edculas de s\u00edlica t\u00eam um coeficiente de atrito mais baixo que o di\u00f3xido de tit\u00e2nio e outros enchimentos populares. Em n\u00edvel molecular, essas part\u00edculas s\u00e3o perfeitamente esf\u00e9ricas no formato e se movem mais livremente para proporcionar uma sensa\u00e7\u00e3o t\u00e1til superior. Produtos de s\u00edlica fina fornecem suporte de catalisador para cosm\u00e9ticos, filmes e couro sint\u00e9tico, servem como um agente de fosqueamento para tintas e atuam como preenchimento para pap\u00e9is de impress\u00e3o revestidos.<\/span><\/p>\n<p><span style=\"font-weight: 400;\">Oferecemos cinco classes de produtos de s\u00edlica fina: <\/span><b>Sunspera\u2122<\/b><span style=\"font-weight: 400;\">, <\/span><b>Solesphere\u2122<\/b><span style=\"font-weight: 400;\">, <\/span><b>Sunlovely\u2122<\/b><span style=\"font-weight: 400;\">, <\/span><b>M.S. GEL\u2122<\/b><span style=\"font-weight: 400;\"> e <\/span><b>Gel de S\u00edlica<\/b><span style=\"font-weight: 400;\">. O Sunspera, introduzido no InformEx Show 2015, apresenta estrutura de poros precisamente projetada, formas esf\u00e9ricas e distribui\u00e7\u00e3o de tamanho. Nossos produtos de s\u00edlica fina est\u00e3o dispon\u00edveis em di\u00e2metros m\u00e9dios de part\u00edcula de 1,8 \u00b5m a 200 \u00b5m e com capacidade de absor\u00e7\u00e3o de \u00f3leo de 30 ml\/100 g a 400 ml\/100 g para se adequar a qualquer aplica\u00e7\u00e3o. As \u00e1reas de superf\u00edcie est\u00e3o dispon\u00edveis de 40-800 M<\/span><span style=\"font-weight: 400;\">2<\/span><span style=\"font-weight: 400;\">\/g. A capacidade de selecionar o tamanho da esfera, o tamanho dos poros e a estrutura esf\u00e9rica dos produtos de s\u00edlica fina possibilita fornecer caracter\u00edsticas fisicoqu\u00edmicas espec\u00edficas de longa dura\u00e7\u00e3o a meios espec\u00edficos.<\/span><\/p>\n<\/div>\n\t\t<\/div><\/div><\/div><div id=\"pg-4231-2\"  class=\"panel-grid panel-no-style\" ><div id=\"pgc-4231-2-0\"  class=\"panel-grid-cell\" ><div id=\"panel-4231-2-0-0\" class=\"so-panel widget widget_sow-tabs panel-first-child panel-last-child\" data-index=\"3\" ><div\n\t\t\t\n\t\t\tclass=\"so-widget-sow-tabs so-widget-sow-tabs-default-5ce611217e66-4231\"\n\t\t\t\n\t\t><div class=\"sow-tabs\">\n\t<div class=\"sow-tabs-tab-container\" role=\"tablist\">\n\t\t\t<div\n\t\t\tclass=\"sow-tabs-tab\n\t\t\t sow-tabs-tab-selected\t\t\t\"\n\t\t\trole=\"tab\"\n\t\t\tdata-anchor-id=\"caracteristicas\"\n\t\t\taria-selected=\"true\"\n\t\t\ttabindex=\"0\"\n\t\t>\n\t\t\t<div class=\"sow-tabs-title sow-tabs-title-icon-left\">\n\t\t\t\t\t\t\t\tCaracter\u00edsticas\t\t\t\t\t\t\t<\/div>\n\t\t<\/div>\n\t\t\t<div\n\t\t\tclass=\"sow-tabs-tab\n\t\t\t\t\t\t\"\n\t\t\trole=\"tab\"\n\t\t\tdata-anchor-id=\"aplicacoes\"\n\t\t\taria-selected=\"false\"\n\t\t\ttabindex=\"0\"\n\t\t>\n\t\t\t<div class=\"sow-tabs-title sow-tabs-title-icon-left\">\n\t\t\t\t\t\t\t\tAplica\u00e7\u00f5es\t\t\t\t\t\t\t<\/div>\n\t\t<\/div>\n\t\t\t<div\n\t\t\tclass=\"sow-tabs-tab\n\t\t\t\t\t\t\"\n\t\t\trole=\"tab\"\n\t\t\tdata-anchor-id=\"fispq\"\n\t\t\taria-selected=\"false\"\n\t\t\ttabindex=\"0\"\n\t\t>\n\t\t\t<div class=\"sow-tabs-title sow-tabs-title-icon-left\">\n\t\t\t\t\t\t\t\tFISPQ\t\t\t\t\t\t\t<\/div>\n\t\t<\/div>\n\t\t\t<div\n\t\t\tclass=\"sow-tabs-tab\n\t\t\t\t\t\t\"\n\t\t\trole=\"tab\"\n\t\t\tdata-anchor-id=\"technical-documents\"\n\t\t\taria-selected=\"false\"\n\t\t\ttabindex=\"0\"\n\t\t>\n\t\t\t<div class=\"sow-tabs-title sow-tabs-title-icon-left\">\n\t\t\t\t\t\t\t\tTechnical Documents\t\t\t\t\t\t\t<\/div>\n\t\t<\/div>\n\t\t\t<div\n\t\t\tclass=\"sow-tabs-tab\n\t\t\t\t\t\t\"\n\t\t\trole=\"tab\"\n\t\t\tdata-anchor-id=\"capacidades-de-teste\"\n\t\t\taria-selected=\"false\"\n\t\t\ttabindex=\"0\"\n\t\t>\n\t\t\t<div class=\"sow-tabs-title sow-tabs-title-icon-left\">\n\t\t\t\t\t\t\t\tCapacidades de Teste\t\t\t\t\t\t\t<\/div>\n\t\t<\/div>\n\t\t<\/div>\n\n\t<div class=\"sow-tabs-panel-container\">\n\t\t\t<div class=\"sow-tabs-panel\">\n\t\t\t<div\n\t\t\t\tclass=\"sow-tabs-panel-content\"\n\t\t\t\trole=\"tabpanel\"\n\t\t\t\taria-hidden=\"false\"\n\t\t\t>\n\t\t\t\t<table border=\"0\" cellspacing=\"0\" cellpadding=\"10\">\n<tbody>\n<tr>\n<td style=\"width: 50%\" valign=\"top\"><strong>Solesphere\u2122:<\/strong>\n<ul>\n<li><span style=\"font-weight: 400\">Part\u00edculas: 3 - 20 \u03bcm<\/span><\/li>\n<li><span style=\"font-weight: 400\">Capacidade de absor\u00e7\u00e3o de umidade superior: 30 - 400 ml\/100 g<\/span><\/li>\n<li><span style=\"font-weight: 400\">Excelente resist\u00eancia ao calor<\/span><\/li>\n<li><span style=\"font-weight: 400\">Sem corros\u00e3o e n\u00e3o poluente<\/span><\/li>\n<\/ul>\n<\/td>\n<td style=\"width: 50%\" valign=\"top\"><strong>Sunlovely<\/strong><strong>\u2122<\/strong>:\n<ul>\n<li><span style=\"font-weight: 400\">Part\u00edculas de s\u00edlica escamosa ultrafinas com alta transpar\u00eancia<\/span><\/li>\n<li><span style=\"font-weight: 400\">Part\u00edcula prim\u00e1ria \u00e9 menor que 0,1 \u03bcm<\/span><\/li>\n<li><span style=\"font-weight: 400\">Inodoro, inofensivo<\/span><\/li>\n<li><span style=\"font-weight: 400\">Alta estabilidade qu\u00edmica<\/span><\/li>\n<li><span style=\"font-weight: 400\">Duas formas: p\u00f3 e pasta dispersa em \u00e1gua<\/span><\/li>\n<\/ul>\n<\/td>\n<\/tr>\n<tr>\n<td style=\"width: 50%\" valign=\"top\"><strong>M.S. (Microsphere) Gel\u2122:<\/strong>\n<ul>\n<li><span style=\"font-weight: 400\">Part\u00edculas: 2 - 200 \u03bcm<\/span><\/li>\n<li><span style=\"font-weight: 400\">Superf\u00edcie espec\u00edfica: 30 - 900 m<\/span><span style=\"font-weight: 400\">2<\/span><span style=\"font-weight: 400\">\/g, tamanho de poro (4 - 200 nm)<\/span><\/li>\n<li style=\"font-weight: 400\"><span style=\"font-weight: 400\"> Part\u00edculas finas esf\u00e9ricas, todas-porosas, livres de cavidades e fissuras<\/span><\/li>\n<li style=\"font-weight: 400\"><span style=\"font-weight: 400\">Embalagens em forma compacta<\/span><\/li>\n<li><span style=\"font-weight: 400\">Baixa press\u00e3o de retorno e bom desempenho de separa\u00e7\u00e3o<\/span><\/li>\n<\/ul>\n<\/td>\n<td style=\"width: 50%\" valign=\"top\"><strong>Silica Gel:<\/strong>\n<ul>\n<li><span style=\"font-weight: 400\">Dessecante de 1,7 mm a 3,5 mm para embalagem<\/span>; <span style=\"font-weight: 400\">Dessecante de 2,8 mm a 4,5 mm para aplica\u00e7\u00e3o industrial<\/span><\/li>\n<li style=\"font-weight: 400\"><span style=\"font-weight: 400\">Dessecante de alto grau que consiste em <\/span>SiO<sub style=\"font-size: 10px;vertical-align: bottom;margin-bottom: -2px\">2<\/sub><\/li>\n<\/ul>\n<\/td>\n<\/tr>\n<tr>\n<td style=\"width: 50%\" valign=\"top\"><strong>Sunspera\u2122:<\/strong>\n<ul>\n<li>Estrutura porosa precisamente projetada, formas esf\u00e9ricas e distribui\u00e7\u00e3o de tamanho<\/li>\n<li>Melhor morfologia dos pol\u00edmeros acabados<\/li>\n<li>Otimiza a produ\u00e7\u00e3o<\/li>\n<li>Distribui\u00e7\u00e3o estreita de part\u00edculas e sem part\u00edculas finas<\/li>\n<\/ul>\n<\/td>\n<td style=\"width: 50%\" valign=\"top\"><\/td>\n<\/tr>\n<\/tbody>\n<\/table>\n\t\t\t<\/div>\n\t\t<\/div>\n\t\t\t<div class=\"sow-tabs-panel\">\n\t\t\t<div\n\t\t\t\tclass=\"sow-tabs-panel-content\"\n\t\t\t\trole=\"tabpanel\"\n\t\t\t\taria-hidden=\"true\"\n\t\t\t>\n\t\t\t\t<table>\n<tbody>\n<tr>\n<td style=\"width: 50%\" valign=\"top\"><strong>Solesphere\u2122:<\/strong>\n<ul>\n<li>Ingrediente cosm\u00e9tico em maquiagem, batons e produtos para os olhos<\/li>\n<li>Agente de fosqueamento e modificador de superf\u00edcie<\/li>\n<li>Agente desumidificante<\/li>\n<li>Enchimento para papel de impress\u00e3o a jato de tinta<\/li>\n<li>Agente espessante (cosm\u00e9ticos e tinta)<\/li>\n<\/ul>\n<\/td>\n<td style=\"width: 50%\" valign=\"top\"><strong>Sunlovely\u2122:<\/strong>\n<ul>\n<li>Enchimento para cosm\u00e9ticos e tintas<\/li>\n<li>Controlador de libera\u00e7\u00e3o para agentes de libera\u00e7\u00e3o de fragr\u00e2ncias e drogas<\/li>\n<li>Ligante para materiais cer\u00e2micos e de revestimento inorg\u00e2nico<\/li>\n<li>Ligante de controle de umidade, absor\u00e7\u00e3o e desodoriza\u00e7\u00e3o<\/li>\n<li>Material de enchimento h\u00edbrido de resina<\/li>\n<li>Enchimento de barreira de gases para preven\u00e7\u00e3o de corros\u00e3o<\/li>\n<\/ul>\n<\/td>\n<\/tr>\n<tr>\n<td style=\"width: 50%\" valign=\"top\"><strong>M.S. (Microsphere) Gel\u2122:<\/strong>\n<ul>\n<li>Cromatografia de processo, separa\u00e7\u00e3o e purifica\u00e7\u00e3o<\/li>\n<li>Agente de libera\u00e7\u00e3o para cosm\u00e9ticos, fragr\u00e2ncias e antiss\u00e9ticos<\/li>\n<li>Suportes de catalisadores e preenchimentos de resina<\/li>\n<li>Embalagens HPLC<\/li>\n<\/ul>\n<\/td>\n<td style=\"width: 50%\" valign=\"top\"><strong>Silica Gel:<\/strong>\n<ul>\n<li>Amplamente utilizado no mercado de alimentos e aplica\u00e7\u00f5es industriais em fun\u00e7\u00e3o da alta capacidade de absor\u00e7\u00e3o e seguran\u00e7a<\/li>\n<li>Cromatografia de processo<\/li>\n<li>Suportes para catalisadores<\/li>\n<\/ul>\n<\/td>\n<\/tr>\n<tr>\n<td style=\"width: 50%\" valign=\"top\"><strong>Sunspera\u2122:<\/strong>\n<ul>\n<li>Desenvolvido para suportes de catalisadores para fabrica\u00e7\u00e3o de resinas PE e PP<\/li>\n<\/ul>\n<\/td>\n<td style=\"width: 50%\" valign=\"top\"><\/td>\n<\/tr>\n<\/tbody>\n<\/table>\n\t\t\t<\/div>\n\t\t<\/div>\n\t\t\t<div class=\"sow-tabs-panel\">\n\t\t\t<div\n\t\t\t\tclass=\"sow-tabs-panel-content\"\n\t\t\t\trole=\"tabpanel\"\n\t\t\t\taria-hidden=\"true\"\n\t\t\t>\n\t\t\t\tClique <a href=\"https:\/\/www.agcchem.com\/pt-br\/contate-nos\/pedido-fispq\/\">aqui<\/a> para requisitar uma FISPQ.\t\t\t<\/div>\n\t\t<\/div>\n\t\t\t<div class=\"sow-tabs-panel\">\n\t\t\t<div\n\t\t\t\tclass=\"sow-tabs-panel-content\"\n\t\t\t\trole=\"tabpanel\"\n\t\t\t\taria-hidden=\"true\"\n\t\t\t>\n\t\t\t\t<p><div class=\"wpfd-content wpfd-content-newtree wpfd-content-multi\">\r\n\t<ul class=\"file_list_view\">\r\n\t\t\r\n\t\t\r\n\t\t\r\n            <li class=\"ext pdf\">\r\n\r\n\t\t        \t\t            <i class=\"wpfd-file ext pdf\"><\/i>\r\n\t\t        \r\n\t\t        \r\n\t               \t<a href=\"https:\/\/www.agcchem.com\/wp-admin\/admin-ajax.php?juwpfisadmin=false&action=wpfd&task=file.download&wpfd_category_id=39&wpfd_file_id=2109&preview=1&embedded=true\" rel=\"noopener\">\r\n\t                  Sunlovely Product Information\t               <\/a>\r\n\r\n\t\t    \t            <\/li>\r\n\r\n\t\t\t\t\r\n\t\t\r\n\t<\/ul>\r\n\r\n\t<\/div><\/p>\n\t\t\t<\/div>\n\t\t<\/div>\n\t\t\t<div class=\"sow-tabs-panel\">\n\t\t\t<div\n\t\t\t\tclass=\"sow-tabs-panel-content\"\n\t\t\t\trole=\"tabpanel\"\n\t\t\t\taria-hidden=\"true\"\n\t\t\t>\n\t\t\t\t<ul>\n \t<li>Teste f\u00edsico<\/li>\n \t<li>Teste anal\u00edtico<\/li>\n \t<li>Estudos ambientais<\/li>\n \t<li>Identifica\u00e7\u00e3o de material<\/li>\n \t<li>An\u00e1lise t\u00e9rmica<\/li>\n \t<li>Reometria<\/li>\n \t<li>Microscopia<\/li>\n<\/ul>\n<div class=\"btn-group btn-option\">\n<a class=\"btn btn-lg btn-primary\" role=\"button\" href=\"\/about-us\/testing-services\">Mais Informa\u00e7\u00f5es\n<\/a>\n<\/div>\t\t\t<\/div>\n\t\t<\/div>\n\t\t<\/div>\n<\/div>\n<\/div><\/div><\/div><\/div><\/div>","protected":false},"excerpt":{"rendered":"<p>Produtos de S\u00edlica Fina s\u00e3o aditivos de resina que melhoram a suavidade e a dispersibilidade da superf\u00edcie dos meios aos quais s\u00e3o adicionados. Suas finas part\u00edculas de s\u00edlica t\u00eam um coeficiente de atrito mais baixo que o di\u00f3xido de tit\u00e2nio&#8230;<\/p>\n","protected":false},"author":2,"featured_media":17302,"parent":4151,"menu_order":7,"comment_status":"closed","ping_status":"closed","template":"page-template\/product-template.php","meta":{"_acf_changed":false,"inline_featured_image":false,"footnotes":""},"class_list":["post-4231","page","type-page","status-publish","has-post-thumbnail","hentry"],"acf":[],"_links":{"self":[{"href":"https:\/\/www.agcchem.com\/pt-br\/wp-json\/wp\/v2\/pages\/4231","targetHints":{"allow":["GET"]}}],"collection":[{"href":"https:\/\/www.agcchem.com\/pt-br\/wp-json\/wp\/v2\/pages"}],"about":[{"href":"https:\/\/www.agcchem.com\/pt-br\/wp-json\/wp\/v2\/types\/page"}],"author":[{"embeddable":true,"href":"https:\/\/www.agcchem.com\/pt-br\/wp-json\/wp\/v2\/users\/2"}],"replies":[{"embeddable":true,"href":"https:\/\/www.agcchem.com\/pt-br\/wp-json\/wp\/v2\/comments?post=4231"}],"version-history":[{"count":0,"href":"https:\/\/www.agcchem.com\/pt-br\/wp-json\/wp\/v2\/pages\/4231\/revisions"}],"up":[{"embeddable":true,"href":"https:\/\/www.agcchem.com\/pt-br\/wp-json\/wp\/v2\/pages\/4151"}],"wp:featuredmedia":[{"embeddable":true,"href":"https:\/\/www.agcchem.com\/pt-br\/wp-json\/wp\/v2\/media\/17302"}],"wp:attachment":[{"href":"https:\/\/www.agcchem.com\/pt-br\/wp-json\/wp\/v2\/media?parent=4231"}],"curies":[{"name":"wp","href":"https:\/\/api.w.org\/{rel}","templated":true}]}}