{"id":4253,"date":"2018-12-29T07:11:54","date_gmt":"2018-12-29T07:11:54","guid":{"rendered":"https:\/\/www.agcchem.com\/products\/specialty-materials\/fluonetfe-film\/"},"modified":"2024-10-02T20:19:23","modified_gmt":"2024-10-02T20:19:23","slug":"fluon-etfe-filme","status":"publish","type":"page","link":"https:\/\/www.agcchem.com\/pt-br\/produtos\/etfe-and-greenhouse-films\/fluon-etfe-filme\/","title":{"rendered":"Fluon\u00ae ETFE Filme"},"content":{"rendered":"<div id=\"pl-4253\"  class=\"panel-layout\" ><div id=\"pg-4253-0\"  class=\"panel-grid panel-has-style\" ><div class=\"home-slider global_hero_section siteorigin-panels-stretch animate-69d1bc976f90a982874056 panels-animation-hide panel-row-style panel-row-style-for-4253-0\" data-stretch-type=\"full-width-stretch\" data-so-animation=\"{&quot;selector&quot;:&quot;.animate-69d1bc976f90a982874056&quot;,&quot;animation&quot;:&quot;fadeIn&quot;,&quot;breakpoint&quot;:&quot;780px&quot;,&quot;duration&quot;:1,&quot;repeat&quot;:0,&quot;hide&quot;:1,&quot;disableAnimationMobile&quot;:0,&quot;finalState&quot;:&quot;visible&quot;,&quot;delay&quot;:0,&quot;debounce&quot;:0.1,&quot;event&quot;:&quot;enter&quot;,&quot;offset&quot;:0}\" ><div id=\"pgc-4253-0-0\"  class=\"panel-grid-cell\" ><div id=\"panel-4253-0-0-0\" class=\"so-panel widget widget_sow-image panel-first-child\" data-index=\"0\" ><div class=\"hero_big_image panel-widget-style panel-widget-style-for-4253-0-0-0\" ><div\n\t\t\t\n\t\t\tclass=\"so-widget-sow-image so-widget-sow-image-default-e4c2d9f6c920-4253\"\n\t\t\t\n\t\t>\n<div class=\"sow-image-container\">\n\t\t<img \n\tsrc=\"https:\/\/www.agcchem.com\/wp-content\/uploads\/2024\/05\/fluon-etfe-films-hero2.png\" width=\"1400\" height=\"600\" srcset=\"https:\/\/www.agcchem.com\/wp-content\/uploads\/2024\/05\/fluon-etfe-films-hero2.png 1400w, https:\/\/www.agcchem.com\/wp-content\/uploads\/2024\/05\/fluon-etfe-films-hero2-300x129.png 300w, https:\/\/www.agcchem.com\/wp-content\/uploads\/2024\/05\/fluon-etfe-films-hero2-1024x439.png 1024w, https:\/\/www.agcchem.com\/wp-content\/uploads\/2024\/05\/fluon-etfe-films-hero2-768x329.png 768w\" sizes=\"(max-width: 1400px) 100vw, 1400px\" alt=\"\" \t\tclass=\"so-widget-image\"\/>\n\t<\/div>\n\n<\/div><\/div><\/div><div id=\"panel-4253-0-0-1\" class=\"so-panel widget widget_siteorigin-panels-builder panel-last-child\" data-index=\"1\" ><div class=\"home-slide-content white_text add_breadcrumb panel-widget-style panel-widget-style-for-4253-0-0-1\" ><div id=\"pl-w66fdaabb6413b\"  class=\"panel-layout\" ><div id=\"pg-w66fdaabb6413b-0\"  class=\"panel-grid panel-no-style\" ><div id=\"pgc-w66fdaabb6413b-0-0\"  class=\"panel-grid-cell\" ><div id=\"panel-w66fdaabb6413b-0-0-0\" class=\"widget_text so-panel widget widget_custom_html panel-first-child\" data-index=\"0\" ><div class=\"textwidget custom-html-widget\"><div class=\"home-bg\"><\/div><\/div><\/div><div id=\"panel-w66fdaabb6413b-0-0-1\" class=\"so-panel widget widget_siteorigin-panels-builder panel-last-child\" data-index=\"1\" ><div class=\"container panel-widget-style panel-widget-style-for-w66fdaabb6413b-0-0-1\" ><div id=\"pl-w66e31aaf67c47\"  class=\"panel-layout\" ><div id=\"pg-w66e31aaf67c47-0\"  class=\"panel-grid panel-has-style\" ><div class=\"home-slid-inner panel-row-style panel-row-style-for-w66e31aaf67c47-0\" ><div id=\"pgc-w66e31aaf67c47-0-0\"  class=\"panel-grid-cell\" ><div id=\"panel-w66e31aaf67c47-0-0-0\" class=\"so-panel widget widget_sow-editor panel-first-child\" data-index=\"0\" ><div\n\t\t\t\n\t\t\tclass=\"so-widget-sow-editor so-widget-sow-editor-base\"\n\t\t\t\n\t\t>\n<div class=\"siteorigin-widget-tinymce textwidget\">\n\t<div class=\"\">\r\n  <nav aria-label=\"breadcrumb\" class=\"breadcrumb\">\r\n     <ol class=\"breadcrumb-item\">\r\n\t    <span property=\"itemListElement\" typeof=\"ListItem\"><a property=\"item\" typeof=\"WebPage\" title=\"Go to AGC Chemicals.\" href=\"https:\/\/www.agcchem.com\/pt-br\/\" class=\"home\"><span property=\"name\"><i class=\"fa fa-map-marker\"><\/i> Home<\/span><\/a><meta property=\"position\" content=\"1\"><\/span><i class=\"fa fa-angle-double-right\"><\/i><span property=\"itemListElement\" typeof=\"ListItem\"><a property=\"item\" typeof=\"WebPage\" title=\"Go to Blog.\" href=\"https:\/\/www.agcchem.com\/blog\/\" class=\"post-root post post-post\"><span property=\"name\">Blog<\/span><\/a><meta property=\"position\" content=\"2\"><\/span>     <\/ol>\r\n  <\/nav>\r\n<\/div>\n<\/div>\n<\/div><\/div><div id=\"panel-w66e31aaf67c47-0-0-1\" class=\"so-panel widget widget_sow-headline\" data-index=\"1\" ><div\n\t\t\t\n\t\t\tclass=\"so-widget-sow-headline so-widget-sow-headline-default-704e7542437d\"\n\t\t\t\n\t\t><div class=\"sow-headline-container \">\n\t\t\t\t\t\t\t<h1 class=\"sow-headline\">\n\t\t\t\t\t\tFluon\u00ae ETFE Filme\t\t\t\t\t\t<\/h1>\n\t\t\t\t\t\t\t\t\t\t\t\t<h3 class=\"sow-sub-headline\">\n\t\t\t\t\t\tIdeal para uma ampla variedade de aplica\u00e7\u00f5es, desde c\u00e9lulas solares at\u00e9 fachadas arquitet\u00f4nicas.\t\t\t\t\t\t<\/h3>\n\t\t\t\t\t\t<\/div>\n<\/div><\/div><div id=\"panel-w66e31aaf67c47-0-0-2\" class=\"so-panel widget widget_sow-image\" data-index=\"2\" ><div class=\"gear_bg_twentyseven panel-widget-style panel-widget-style-for-w66e31aaf67c47-0-0-2\" ><div\n\t\t\t\n\t\t\tclass=\"so-widget-sow-image so-widget-sow-image-default-8b5b6f678277\"\n\t\t\t\n\t\t>\n<div class=\"sow-image-container\">\n\t\t<img \n\tsrc=\"https:\/\/www.agcchem.com\/wp-content\/uploads\/2024\/03\/gear_bg_27.svg\" width=\"279\" height=\"279\" sizes=\"(max-width: 279px) 100vw, 279px\" alt=\"\" \t\tclass=\"so-widget-image\"\/>\n\t<\/div>\n\n<\/div><\/div><\/div><div id=\"panel-w66e31aaf67c47-0-0-3\" class=\"so-panel widget widget_sow-image\" data-index=\"3\" ><div class=\"gear_bg_thirtyseven panel-widget-style panel-widget-style-for-w66e31aaf67c47-0-0-3\" ><div\n\t\t\t\n\t\t\tclass=\"so-widget-sow-image so-widget-sow-image-default-8b5b6f678277\"\n\t\t\t\n\t\t>\n<div class=\"sow-image-container\">\n\t\t<img \n\tsrc=\"https:\/\/www.agcchem.com\/wp-content\/uploads\/2024\/03\/gear_bg_37.svg\" width=\"228\" height=\"228\" sizes=\"(max-width: 228px) 100vw, 228px\" alt=\"\" \t\tclass=\"so-widget-image\"\/>\n\t<\/div>\n\n<\/div><\/div><\/div><div id=\"panel-w66e31aaf67c47-0-0-4\" class=\"widget_text so-panel widget widget_custom_html panel-last-child\" data-index=\"4\" ><div class=\"textwidget custom-html-widget\">\r\n  <div class=\"select_brand_dropdown\">\r\n    \r\n    \r\n    <div class=\"new_products_cta_buttons btns\">\r\n\r\n      \r\n\r\n      \r\n\r\n      \r\n        <a href=\"\/pt-br\/contate-nos\/duvidas-sobre-o-produto\/?product=arm_fluonetfefilm\" class=\"btn btn-primary\">\r\n          <span>D\u00favidas sobre o Produto<\/span>\r\n        <\/a>\r\n\r\n        <a href=\"\/pt-br\/contate-nos\/sample-request\/?product=arm_fluonetfefilm\" class=\"btn btn-secondary\">\r\n          <span>Pedido de Amostra<\/span>\r\n        <\/a>\r\n\r\n            \r\n    <\/div>\r\n\r\n  <\/div>\r\n\r\n<\/div><\/div><\/div><\/div><\/div><\/div><\/div><\/div><\/div><\/div><\/div><\/div><\/div><\/div><\/div><\/div><div id=\"pg-4253-1\"  class=\"panel-grid panel-has-style\" ><div class=\"inner_page_sub_navigation siteorigin-panels-stretch panel-row-style panel-row-style-for-4253-1\" data-stretch-type=\"full-width-stretch\" ><div id=\"pgc-4253-1-0\"  class=\"panel-grid-cell\" ><div id=\"panel-4253-1-0-0\" class=\"so-panel widget widget_siteorigin-panels-builder panel-first-child panel-last-child\" data-index=\"2\" ><div class=\"container  panel-widget-style panel-widget-style-for-4253-1-0-0\" ><div id=\"pl-w66fdaabb64397\"  class=\"panel-layout\" ><div id=\"pg-w66fdaabb64397-0\"  class=\"panel-grid panel-no-style\" ><div id=\"pgc-w66fdaabb64397-0-0\"  class=\"panel-grid-cell\" ><div id=\"panel-w66fdaabb64397-0-0-0\" class=\"widget_text so-panel widget widget_custom_html panel-first-child panel-last-child\" data-index=\"0\" ><div class=\"textwidget custom-html-widget\"><ul>\r\n\t<li>Explore:<\/li>\r\n\t<li><a href=\"#overview\">Vis\u00e3o geral<\/a><\/li>\t\r\n\t<li><a href=\"#features\">Caracter\u00edsticas<\/a><\/li>\r\n\t<li><a href=\"#aplica%c3%a7%c3%b5es\">Aplica\u00e7\u00f5es<\/a><\/li>\t\r\n\t<li><a href=\"#fispq\">FISPQ<\/a><\/li>\r\n\t<li><a href=\"#documentos-t%c3%a9cnicos\">Documentos t\u00e9cnicos<\/a><\/li>\r\n\t<li><a href=\"#\">Fotos<\/a><\/li>\r\n\t<li><a href=\"#fispq\">Capacidades de teste<\/a><\/li>\r\n<\/ul><\/div><\/div><\/div><\/div><\/div><\/div><\/div><\/div><\/div><\/div><div id=\"pg-4253-2\"  class=\"panel-grid panel-has-style\" ><div class=\"two_column_with_blue_lines siteorigin-panels-stretch panel-row-style panel-row-style-for-4253-2\" id=\"overview\" data-stretch-type=\"full-width-stretch\" ><div id=\"pgc-4253-2-0\"  class=\"panel-grid-cell\" ><div id=\"panel-4253-2-0-0\" class=\"so-panel widget widget_siteorigin-panels-builder panel-first-child panel-last-child\" data-index=\"3\" ><div class=\"container  panel-widget-style panel-widget-style-for-4253-2-0-0\" ><div id=\"pl-w66fdaabb644b5\"  class=\"panel-layout\" ><div id=\"pg-w66fdaabb644b5-0\"  class=\"panel-grid panel-has-style\" ><div class=\"col-12 col-md-10 m-auto panel-row-style panel-row-style-for-w66fdaabb644b5-0\" ><div id=\"pgc-w66fdaabb644b5-0-0\"  class=\"panel-grid-cell\" ><div id=\"panel-w66fdaabb644b5-0-0-0\" class=\"so-panel widget widget_sow-image panel-first-child\" data-index=\"0\" ><div\n\t\t\t\n\t\t\tclass=\"so-widget-sow-image so-widget-sow-image-default-8b5b6f678277\"\n\t\t\t\n\t\t>\n<div class=\"sow-image-container\">\n\t\t<img \n\tsrc=\"https:\/\/www.agcchem.com\/wp-content\/uploads\/2024\/05\/fluon-etfe-film-lfg-v2.png\" width=\"600\" height=\"228\" srcset=\"https:\/\/www.agcchem.com\/wp-content\/uploads\/2024\/05\/fluon-etfe-film-lfg-v2.png 600w, https:\/\/www.agcchem.com\/wp-content\/uploads\/2024\/05\/fluon-etfe-film-lfg-v2-300x114.png 300w\" sizes=\"(max-width: 600px) 100vw, 600px\" alt=\"\" \t\tclass=\"so-widget-image\"\/>\n\t<\/div>\n\n<\/div><\/div><div id=\"panel-w66fdaabb644b5-0-0-1\" class=\"so-panel widget widget_sow-headline panel-last-child\" data-index=\"1\" ><div\n\t\t\t\n\t\t\tclass=\"so-widget-sow-headline so-widget-sow-headline-default-8318c00d2987\"\n\t\t\t\n\t\t><div class=\"sow-headline-container \">\n\t\t\t\t\t\t\t<h4 class=\"sow-headline\">\n\t\t\t\t\t\tEtileno tetrafluoroetileno \u00e9 um filme pl\u00e1stico de alto desempenho \u00e0 base de fl\u00faor.\t\t\t\t\t\t<\/h4>\n\t\t\t\t\t\t\t\t\t\t\t<div class=\"decoration\">\n\t\t\t\t\t\t<div class=\"decoration-inside\"><\/div>\n\t\t\t\t\t<\/div>\n\t\t\t\t\t<\/div>\n<\/div><\/div><\/div><div id=\"pgc-w66fdaabb644b5-0-1\"  class=\"panel-grid-cell\" ><div id=\"panel-w66fdaabb644b5-0-1-0\" class=\"so-panel widget widget_sow-editor panel-first-child panel-last-child\" data-index=\"2\" ><div class=\"text-black panel-widget-style panel-widget-style-for-w66fdaabb644b5-0-1-0\" ><div\n\t\t\t\n\t\t\tclass=\"so-widget-sow-editor so-widget-sow-editor-base\"\n\t\t\t\n\t\t>\n<div class=\"siteorigin-widget-tinymce textwidget\">\n\t<p>O Fluon\u00ae etileno tetrafluoretileno (ETFE) \u00e9 um filme pl\u00e1stico de alto desempenho \u00e0 base de fl\u00faor. Os filmes de fluorpol\u00edmero s\u00e3o usados em todo o mundo porque exibem extraordin\u00e1ria transpar\u00eancia, propriedades anti-incrustantes e durabilidade.<\/p>\n<p>O filme ETFE \u00e9 ideal para uma ampla variedade de aplica\u00e7\u00f5es que v\u00e3o desde c\u00e9lulas solares at\u00e9 fachadas arquitet\u00f4nicas. Apesar de ser mais leve que o vidro, o filme Fluon ETFE n\u00e3o rasga ou arranha facilmente com o tempo, mesmo nos ambientes mais adversos. O filme tem um alongamento de alta resist\u00eancia (200 \u2013 510) e resist\u00eancia ao rasgamento, bem como um ponto de fus\u00e3o t\u00e9rmica de 260 \u00b0C e um coeficiente de expans\u00e3o t\u00e9rmica linear de 9,4.<\/p>\n<p>O filme Fluon ETFE est\u00e1 dispon\u00edvel em v\u00e1rias espessuras e acabamentos, variando de 12\u00b5m a 250\u00b5m e com op\u00e7\u00f5es de transmiss\u00e3o de luz de mais de 90%.<\/p>\n<\/div>\n<\/div><\/div><\/div><\/div><\/div><\/div><\/div><\/div><\/div><\/div><\/div><\/div><div id=\"pg-4253-3\"  class=\"panel-grid panel-has-style\" ><div id=\"features\" class=\"panel-row-style panel-row-style-for-4253-3\" ><div id=\"pgc-4253-3-0\"  class=\"panel-grid-cell\" ><div id=\"panel-4253-3-0-0\" class=\"so-panel widget widget_sow-editor panel-first-child panel-last-child\" data-index=\"4\" ><div class=\"text-black panel-widget-style panel-widget-style-for-4253-3-0-0\" ><div\n\t\t\t\n\t\t\tclass=\"so-widget-sow-editor so-widget-sow-editor-base\"\n\t\t\t\n\t\t>\n<div class=\"siteorigin-widget-tinymce textwidget\">\n\t<p><strong>Filme de desprendimento para eletr\u00f4nicos<\/strong><\/p>\n<p>O filme Fluon ETFE tamb\u00e9m \u00e9 usado como um filme de desprendimento para eletr\u00f4nicos, pois ret\u00e9m excepcional capacidade de libera\u00e7\u00e3o e amortecimento moderado em altas temperaturas. Quase nenhum aditivo ou plastificante \u00e9 usado al\u00e9m do ETFE, desta forma n\u00e3o contamina produtos ou dispositivos. Tamb\u00e9m pode ser aplicado usando ambos os lados da forma intercambiavelmente.<\/p>\n<\/div>\n<\/div><\/div><\/div><\/div><div id=\"pgc-4253-3-1\"  class=\"panel-grid-cell\" ><div id=\"panel-4253-3-1-0\" class=\"so-panel widget widget_sow-editor panel-first-child panel-last-child\" data-index=\"5\" ><div\n\t\t\t\n\t\t\tclass=\"so-widget-sow-editor so-widget-sow-editor-base\"\n\t\t\t\n\t\t>\n<div class=\"siteorigin-widget-tinymce textwidget\">\n\t<p><iframe loading=\"lazy\" id=\"video-1364-1_vimeo_iframe\" src=\"https:\/\/player.vimeo.com\/video\/296062689?loop=0&amp;_=1&amp;\" width=\"600px\" height=\"300px\" frameborder=\"0\" allowfullscreen=\"allowfullscreen\" data-ready=\"true\"><\/iframe><\/p>\n<\/div>\n<\/div><\/div><\/div><\/div><\/div><div id=\"pg-4253-4\"  class=\"panel-grid panel-has-style\" ><div class=\"markets_section panel-row-style panel-row-style-for-4253-4\" ><div id=\"pgc-4253-4-0\"  class=\"panel-grid-cell\" ><div id=\"panel-4253-4-0-0\" class=\"so-panel widget widget_sow-editor panel-first-child panel-last-child\" data-index=\"6\" ><div\n\t\t\t\n\t\t\tclass=\"so-widget-sow-editor so-widget-sow-editor-base\"\n\t\t\t\n\t\t>\n<div class=\"siteorigin-widget-tinymce textwidget\">\n\t\r\n\t\r\n  \n<\/div>\n<\/div><\/div><\/div><\/div><\/div><div id=\"pg-4253-5\"  class=\"panel-grid panel-has-style\" ><div class=\"clip_path_top_left_down bottom_gear_top_white_lines siteorigin-panels-stretch panel-row-style panel-row-style-for-4253-5\" data-stretch-type=\"full-width-stretch\" ><div id=\"pgc-4253-5-0\"  class=\"panel-grid-cell\" ><div id=\"panel-4253-5-0-0\" class=\"so-panel widget widget_siteorigin-panels-builder panel-first-child panel-last-child\" data-index=\"7\" ><div class=\"product_tab_section panel-widget-style panel-widget-style-for-4253-5-0-0\" ><div id=\"pl-w66fdaabb64ea4\"  class=\"panel-layout\" ><div id=\"pg-w66fdaabb64ea4-0\"  class=\"panel-grid panel-has-style\" ><div class=\" col-md-9 m-auto col-12 panel-row-style panel-row-style-for-w66fdaabb64ea4-0\" ><div id=\"pgc-w66fdaabb64ea4-0-0\"  class=\"panel-grid-cell\" ><div id=\"panel-w66fdaabb64ea4-0-0-0\" class=\"so-panel widget widget_sow-tabs panel-first-child panel-last-child\" data-index=\"0\" ><div\n\t\t\t\n\t\t\tclass=\"so-widget-sow-tabs so-widget-sow-tabs-default-aaee25de5bd8\"\n\t\t\t\n\t\t><div class=\"sow-tabs\">\n\t<div class=\"sow-tabs-tab-container\" role=\"tablist\">\n\t\t\t<div\n\t\t\tclass=\"sow-tabs-tab\n\t\t\t sow-tabs-tab-selected\t\t\t\"\n\t\t\trole=\"tab\"\n\t\t\tdata-anchor-id=\"caracteristicas\"\n\t\t\taria-selected=\"true\"\n\t\t\ttabindex=\"0\"\n\t\t>\n\t\t\t<div class=\"sow-tabs-title sow-tabs-title-icon-left\">\n\t\t\t\t\t\t\t\tCaracter\u00edsticas\t\t\t\t\t\t\t<\/div>\n\t\t<\/div>\n\t\t\t<div\n\t\t\tclass=\"sow-tabs-tab\n\t\t\t\t\t\t\"\n\t\t\trole=\"tab\"\n\t\t\tdata-anchor-id=\"aplicacoes\"\n\t\t\taria-selected=\"false\"\n\t\t\ttabindex=\"0\"\n\t\t>\n\t\t\t<div class=\"sow-tabs-title sow-tabs-title-icon-left\">\n\t\t\t\t\t\t\t\tAplica\u00e7\u00f5es\t\t\t\t\t\t\t<\/div>\n\t\t<\/div>\n\t\t\t<div\n\t\t\tclass=\"sow-tabs-tab\n\t\t\t\t\t\t\"\n\t\t\trole=\"tab\"\n\t\t\tdata-anchor-id=\"fispq\"\n\t\t\taria-selected=\"false\"\n\t\t\ttabindex=\"0\"\n\t\t>\n\t\t\t<div class=\"sow-tabs-title sow-tabs-title-icon-left\">\n\t\t\t\t\t\t\t\tFISPQ\t\t\t\t\t\t\t<\/div>\n\t\t<\/div>\n\t\t\t<div\n\t\t\tclass=\"sow-tabs-tab\n\t\t\t\t\t\t\"\n\t\t\trole=\"tab\"\n\t\t\tdata-anchor-id=\"documentos-tecnicos\"\n\t\t\taria-selected=\"false\"\n\t\t\ttabindex=\"0\"\n\t\t>\n\t\t\t<div class=\"sow-tabs-title sow-tabs-title-icon-left\">\n\t\t\t\t\t\t\t\tDocumentos t\u00e9cnicos\t\t\t\t\t\t\t<\/div>\n\t\t<\/div>\n\t\t\t<div\n\t\t\tclass=\"sow-tabs-tab\n\t\t\t\t\t\t\"\n\t\t\trole=\"tab\"\n\t\t\tdata-anchor-id=\"fotos\"\n\t\t\taria-selected=\"false\"\n\t\t\ttabindex=\"0\"\n\t\t>\n\t\t\t<div class=\"sow-tabs-title sow-tabs-title-icon-left\">\n\t\t\t\t\t\t\t\tFotos\t\t\t\t\t\t\t<\/div>\n\t\t<\/div>\n\t\t\t<div\n\t\t\tclass=\"sow-tabs-tab\n\t\t\t\t\t\t\"\n\t\t\trole=\"tab\"\n\t\t\tdata-anchor-id=\"capacidades-de-teste\"\n\t\t\taria-selected=\"false\"\n\t\t\ttabindex=\"0\"\n\t\t>\n\t\t\t<div class=\"sow-tabs-title sow-tabs-title-icon-left\">\n\t\t\t\t\t\t\t\tCapacidades de teste\t\t\t\t\t\t\t<\/div>\n\t\t<\/div>\n\t\t\t<div\n\t\t\tclass=\"sow-tabs-tab\n\t\t\t\t\t\t\"\n\t\t\trole=\"tab\"\n\t\t\tdata-anchor-id=\"conecte-se-com-o-agc\"\n\t\t\taria-selected=\"false\"\n\t\t\ttabindex=\"0\"\n\t\t>\n\t\t\t<div class=\"sow-tabs-title sow-tabs-title-icon-left\">\n\t\t\t\t\t\t\t\tConecte-se com o AGC\t\t\t\t\t\t\t<\/div>\n\t\t<\/div>\n\t\t<\/div>\n\n\t<div class=\"sow-tabs-panel-container\">\n\t\t\t<div class=\"sow-tabs-panel\">\n\t\t\t<div\n\t\t\t\tclass=\"sow-tabs-panel-content\"\n\t\t\t\trole=\"tabpanel\"\n\t\t\t\taria-hidden=\"false\"\n\t\t\t>\n\t\t\t\t<ul>\n<li>Suporta temperaturas acima de 200\u00b0C<\/li>\n<li>Transmiss\u00e3o de luz \u00e9 superior a 90%<\/li>\n<li>Resistente a produtos qu\u00edmicos e solo<\/li>\n<li>Facilmente limpo com leve esfregamento da superf\u00edcie<\/li>\n<li>Resist\u00eancia a rasgamento superior<\/li>\n<li>Absorve o ru\u00eddo<\/li>\n<li>Antiaderente<\/li>\n<li>Resist\u00eancia \u00e0s intemp\u00e9ries de longo prazo<\/li>\n<li>N\u00e3o inflam\u00e1vel<\/li>\n<\/ul>\n\t\t\t<\/div>\n\t\t<\/div>\n\t\t\t<div class=\"sow-tabs-panel\">\n\t\t\t<div\n\t\t\t\tclass=\"sow-tabs-panel-content\"\n\t\t\t\trole=\"tabpanel\"\n\t\t\t\taria-hidden=\"true\"\n\t\t\t>\n\t\t\t\t<ul>\n<li>Filme anti-aderente para fabrica\u00e7\u00e3o de eletr\u00f4nicos e RFP<\/li>\n<li>Pel\u00edcula protetora para c\u00e9lulas solares e absorvedores de ru\u00eddo<\/li>\n<li>Fachadas de telhados e arquitetura<\/li>\n<li>Acabamento interior<\/li>\n<li>Filme de lamina\u00e7\u00e3o para papel de parede<\/li>\n<\/ul>\n\t\t\t<\/div>\n\t\t<\/div>\n\t\t\t<div class=\"sow-tabs-panel\">\n\t\t\t<div\n\t\t\t\tclass=\"sow-tabs-panel-content\"\n\t\t\t\trole=\"tabpanel\"\n\t\t\t\taria-hidden=\"true\"\n\t\t\t>\n\t\t\t\t<p>Pressione\u00a0<a href=\"https:\/\/stg-agcchemicals-staging2024.kinsta.cloud\/pt-br\/contate-nos\/pedido-fispq\/\" rel=\"noopener\">aqui<\/a>\u00a0para requisitar a FISPQ ou ficha de seguran\u00e7a deste produto.<\/p>\n\t\t\t<\/div>\n\t\t<\/div>\n\t\t\t<div class=\"sow-tabs-panel\">\n\t\t\t<div\n\t\t\t\tclass=\"sow-tabs-panel-content\"\n\t\t\t\trole=\"tabpanel\"\n\t\t\t\taria-hidden=\"true\"\n\t\t\t>\n\t\t\t\t\n<!-- iframe plugin v.6.0 wordpress.org\/plugins\/iframe\/ -->\n<iframe loading=\"lazy\" src=\"https:\/\/stg-agcchemicals-staging2024.kinsta.cloud\/docs-api\/fluon-etfe-film.htm\" width=\"100%\" height=\"auto\" scrolling=\"yes\" class=\"iframe-class\" frameborder=\"0\"><\/iframe>\n\t\t\t<\/div>\n\t\t<\/div>\n\t\t\t<div class=\"sow-tabs-panel\">\n\t\t\t<div\n\t\t\t\tclass=\"sow-tabs-panel-content\"\n\t\t\t\trole=\"tabpanel\"\n\t\t\t\taria-hidden=\"true\"\n\t\t\t>\n\t\t\t\t<p>[rev_slider alias=\"Fluon-ETFE-Film-photos\"]<\/p>\n\t\t\t<\/div>\n\t\t<\/div>\n\t\t\t<div class=\"sow-tabs-panel\">\n\t\t\t<div\n\t\t\t\tclass=\"sow-tabs-panel-content\"\n\t\t\t\trole=\"tabpanel\"\n\t\t\t\taria-hidden=\"true\"\n\t\t\t>\n\t\t\t\t<ul>\n<li>Filme anti-aderente para fabrica\u00e7\u00e3o de eletr\u00f4nicos e RFP<\/li>\n<li>Pel\u00edcula protetora para c\u00e9lulas solares e absorvedores de ru\u00eddo<\/li>\n<li>Fachadas de telhados e arquitetura<\/li>\n<li>Acabamento interior<\/li>\n<li>Filme de lamina\u00e7\u00e3o para papel de parede<\/li>\n<\/ul>\n<div class=\"btn-group btn-option\"><a class=\"btn btn-lg btn-primary\" role=\"button\" href=\"https:\/\/stg-agcchemicals-staging2024.kinsta.cloud\/about-us\/research-and-development\/\">More Information<\/a><\/div>\n\t\t\t<\/div>\n\t\t<\/div>\n\t\t\t<div class=\"sow-tabs-panel\">\n\t\t\t<div\n\t\t\t\tclass=\"sow-tabs-panel-content\"\n\t\t\t\trole=\"tabpanel\"\n\t\t\t\taria-hidden=\"true\"\n\t\t\t>\n\t\t\t\t<h2 class=\"widgettitle\">Conecte-se com o AGC<\/h2>\n<div class=\"textwidget custom-html-widget\">\n<div>\n<p class=\"card-title\"><strong>Clientes &amp; D\u00favidas Sobre Produtos:<\/strong><\/p>\n<p class=\"card-text\">+55-11 99673-9340<\/p>\n<p class=\"card-title\"><strong>Todas outras d\u00favidas:<\/strong><\/p>\n<p class=\"card-text\">+55-12 3127-7154<\/p>\n<\/div>\n<\/div>\n\t\t\t<\/div>\n\t\t<\/div>\n\t\t<\/div>\n<\/div>\n<\/div><\/div><\/div><\/div><\/div><\/div><\/div><\/div><\/div><\/div><\/div><div id=\"pg-4253-7\"  class=\"panel-grid panel-has-style\" ><div class=\"blue_overlay siteorigin-panels-stretch panel-row-style panel-row-style-for-4253-7\" data-stretch-type=\"full-width-stretch\" ><div id=\"pgc-4253-7-0\"  class=\"panel-grid-cell\" ><div id=\"panel-4253-7-0-0\" class=\"so-panel widget widget_siteorigin-panels-builder panel-first-child panel-last-child\" data-index=\"10\" ><div class=\"container panel-widget-style panel-widget-style-for-4253-7-0-0\" ><div id=\"pl-w66fdaabb65c57\"  class=\"panel-layout\" ><div id=\"pg-w66fdaabb65c57-0\"  class=\"panel-grid panel-has-style\" ><div class=\"col-12 col-md-6 m-auto position-relative panel-row-style panel-row-style-for-w66fdaabb65c57-0\" ><div id=\"pgc-w66fdaabb65c57-0-0\"  class=\"panel-grid-cell\" ><div id=\"panel-w66fdaabb65c57-0-0-0\" class=\"so-panel widget widget_sow-headline panel-first-child\" data-index=\"0\" ><div class=\"fw-bold panel-widget-style panel-widget-style-for-w66fdaabb65c57-0-0-0\" ><div\n\t\t\t\n\t\t\tclass=\"so-widget-sow-headline so-widget-sow-headline-default-87547e56f06d\"\n\t\t\t\n\t\t><div class=\"sow-headline-container \">\n\t\t\t\t\t\t\t<h2 class=\"sow-headline\">\n\t\t\t\t\t\tLigue para nossos especialistas em fluoropol\u00edmeros para discutir suas necessidades espec\u00edficas.\t\t\t\t\t\t<\/h2>\n\t\t\t\t\t\t<\/div>\n<\/div><\/div><\/div><div id=\"panel-w66fdaabb65c57-0-0-1\" class=\"so-panel widget widget_sow-button panel-last-child\" data-index=\"1\" ><div\n\t\t\t\n\t\t\tclass=\"so-widget-sow-button so-widget-sow-button-flat-f949060a8f32\"\n\t\t\t\n\t\t><div class=\"ow-button-base ow-button-align-center\"\n>\n\t\t\t<a href=\"https:\/\/www.agcchem.com\/contact-us\/product-inquiry\/\" class=\"btn sowb-button ow-icon-placement-left ow-button-hover\">\n\t\t<span>\n\t\t\t\n\t\t\tConsulta de produto\t\t<\/span>\n\t\t\t<\/a>\n\t<\/div>\n<\/div><\/div><\/div><\/div><\/div><\/div><\/div><\/div><\/div><\/div><\/div><\/div>","protected":false},"excerpt":{"rendered":"<p>HomeBlog Fluon\u00ae ETFE Filme Ideal para uma ampla variedade de aplica\u00e7\u00f5es, desde c\u00e9lulas solares at\u00e9 fachadas arquitet\u00f4nicas. D\u00favidas sobre o Produto Pedido de Amostra Explore: Vis\u00e3o geral Caracter\u00edsticas Aplica\u00e7\u00f5es FISPQ Documentos t\u00e9cnicos Fotos Capacidades de teste Etileno tetrafluoroetileno \u00e9 um&#8230;<\/p>\n","protected":false},"author":2,"featured_media":25536,"parent":27467,"menu_order":5,"comment_status":"closed","ping_status":"closed","template":"page-template\/product-template.php","meta":{"_acf_changed":false,"inline_featured_image":false,"footnotes":""},"class_list":["post-4253","page","type-page","status-publish","has-post-thumbnail","hentry"],"acf":[],"_links":{"self":[{"href":"https:\/\/www.agcchem.com\/pt-br\/wp-json\/wp\/v2\/pages\/4253","targetHints":{"allow":["GET"]}}],"collection":[{"href":"https:\/\/www.agcchem.com\/pt-br\/wp-json\/wp\/v2\/pages"}],"about":[{"href":"https:\/\/www.agcchem.com\/pt-br\/wp-json\/wp\/v2\/types\/page"}],"author":[{"embeddable":true,"href":"https:\/\/www.agcchem.com\/pt-br\/wp-json\/wp\/v2\/users\/2"}],"replies":[{"embeddable":true,"href":"https:\/\/www.agcchem.com\/pt-br\/wp-json\/wp\/v2\/comments?post=4253"}],"version-history":[{"count":0,"href":"https:\/\/www.agcchem.com\/pt-br\/wp-json\/wp\/v2\/pages\/4253\/revisions"}],"up":[{"embeddable":true,"href":"https:\/\/www.agcchem.com\/pt-br\/wp-json\/wp\/v2\/pages\/27467"}],"wp:featuredmedia":[{"embeddable":true,"href":"https:\/\/www.agcchem.com\/pt-br\/wp-json\/wp\/v2\/media\/25536"}],"wp:attachment":[{"href":"https:\/\/www.agcchem.com\/pt-br\/wp-json\/wp\/v2\/media?parent=4253"}],"curies":[{"name":"wp","href":"https:\/\/api.w.org\/{rel}","templated":true}]}}