{"id":4366,"date":"2018-12-21T11:04:09","date_gmt":"2018-12-21T11:04:09","guid":{"rendered":"https:\/\/www.agcchem.com\/about-us\/testing-services\/"},"modified":"2024-05-25T10:39:13","modified_gmt":"2024-05-25T10:39:13","slug":"servicos-de-teste","status":"publish","type":"page","link":"https:\/\/www.agcchem.com\/pt-br\/sobre-a-agc\/servicos-de-teste\/","title":{"rendered":"Servi\u00e7os de Teste"},"content":{"rendered":"<div id=\"pl-4366\"  class=\"panel-layout\" ><div id=\"pg-4366-0\"  class=\"panel-grid panel-has-style\" ><div class=\"panel-row-style panel-row-style-for-4366-0\" ><div id=\"pgc-4366-0-0\"  class=\"panel-grid-cell\" ><div id=\"panel-4366-0-0-0\" class=\"so-panel widget widget_media_image panel-first-child\" data-index=\"0\" ><img loading=\"lazy\" decoding=\"async\" width=\"885\" height=\"234\" src=\"https:\/\/www.agcchem.com\/wp-content\/uploads\/2018\/12\/TestingServices.jpg\" class=\"image wp-image-1059  attachment-full size-full\" alt=\"\" style=\"max-width: 100%; height: auto;\" srcset=\"https:\/\/www.agcchem.com\/wp-content\/uploads\/2018\/12\/TestingServices.jpg 885w, https:\/\/www.agcchem.com\/wp-content\/uploads\/2018\/12\/TestingServices-300x79.jpg 300w, https:\/\/www.agcchem.com\/wp-content\/uploads\/2018\/12\/TestingServices-768x203.jpg 768w\" sizes=\"auto, (max-width: 885px) 100vw, 885px\" \/><\/div><div id=\"panel-4366-0-0-1\" class=\"so-panel widget widget_sow-headline\" data-index=\"1\" ><div class=\"page-title panel-widget-style panel-widget-style-for-4366-0-0-1\" ><div\n\t\t\t\n\t\t\tclass=\"so-widget-sow-headline so-widget-sow-headline-default-e2369890fa29-4366\"\n\t\t\t\n\t\t><div class=\"sow-headline-container \">\n\t\t\t\t\t\t\t<h1 class=\"sow-headline\">\n\t\t\t\t\t\tExemplos de recursos de teste\t\t\t\t\t\t<\/h1>\n\t\t\t\t\t\t<\/div>\n<\/div><\/div><\/div><div id=\"panel-4366-0-0-2\" class=\"so-panel widget widget_text panel-last-child\" data-index=\"2\" >\t\t\t<div class=\"textwidget\"><div class=\"row\">\n<div class=\"col\">\n<h5>Teste F\u00edsico<\/h5>\n<ul>\n<li>Alongamento de tra\u00e7\u00e3o \/ ruptura<\/li>\n<li>Teste Flex<\/li>\n<li>Teste de desgaste instrumentado<\/li>\n<li>An\u00e1lise Mec\u00e2nica Din\u00e2mica (DMA)<\/li>\n<li>Conjunto de compress\u00e3o<\/li>\n<li>Impacto e Dureza<\/li>\n<li>Abras\u00e3o<\/li>\n<\/ul>\n<h5>Estudos ambientais<\/h5>\n<ul>\n<li>Envelhecimento t\u00e9rmico<\/li>\n<li>Imers\u00e3o de fluidos<\/li>\n<li>Resist\u00eancia ao clima<\/li>\n<\/ul>\n<h5>Identifica\u00e7\u00e3o de material<\/h5>\n<ul>\n<li>Cromatografia em fase gasosa<\/li>\n<li>Infravermelho (FTIR) com microsc\u00f3pio<\/li>\n<li>UV\/VIS\/Near IR<\/li>\n<li>MEV\/EDS<\/li>\n<li>Combina\u00e7\u00e3o de cores<\/li>\n<li>An\u00e1lise de composi\u00e7\u00e3o de cargas<\/li>\n<\/ul>\n<\/div>\n<div class=\"col\">\n<h5>An\u00e1lise t\u00e9rmica<\/h5>\n<ul>\n<li>Calorimetria Explorat\u00f3ria Diferencial (DSC)<\/li>\n<li>An\u00e1lise T\u00e9rmica Gravim\u00e9trica (TGA)<\/li>\n<li>Analisador Mec\u00e2nico T\u00e9rmico (TMA)<\/li>\n<\/ul>\n<h5>Reometria<\/h5>\n<ul>\n<li>Indexa\u00e7\u00e3o de fus\u00e3o<\/li>\n<li>Capilar<\/li>\n<li>Termofixo (RPA 2000P)<\/li>\n<\/ul>\n<h5>Teste anal\u00edtico<\/h5>\n<ul>\n<li>T\u00e9rmico<\/li>\n<li>Qu\u00edmico<\/li>\n<li>Din\u00e2mico<\/li>\n<li>Est\u00e1tico<\/li>\n<\/ul>\n<\/div>\n<\/div>\n<\/div>\n\t\t<\/div><\/div><div id=\"pgc-4366-0-1\"  class=\"panel-grid-cell\" ><div id=\"panel-4366-0-1-0\" class=\"so-panel widget widget_text panel-first-child panel-last-child\" data-index=\"3\" ><div class=\"widget_text infoCard  mt-5 rt_blog_sidebar panel-widget-style panel-widget-style-for-4366-0-1-0\" >\t\t\t<div class=\"textwidget\"><h5 class=\"card-header\">Conecte-se com o AGC<\/h5>\n<div style=\"padding: 20px;\">\n<h5 class=\"card-title\">Clientes &amp;D\u00favidas sobreProdutos:<\/h5>\n<p class=\"card-text\"><em>1-800-424-7833<\/em><\/p>\n<h5 class=\"card-title\">Todas outras d\u00favidas:<\/h5>\n<p class=\"card-text\"><em>610-423-4300<\/em><\/p>\n<\/div>\n<\/div>\n\t\t<\/div><\/div><\/div><\/div><\/div><\/div>","protected":false},"excerpt":{"rendered":"<p>Teste F\u00edsico Alongamento de tra\u00e7\u00e3o \/ ruptura Teste Flex Teste de desgaste instrumentado An\u00e1lise Mec\u00e2nica Din\u00e2mica (DMA) Conjunto de compress\u00e3o Impacto e Dureza Abras\u00e3o Estudos ambientais Envelhecimento t\u00e9rmico Imers\u00e3o de fluidos Resist\u00eancia ao clima Identifica\u00e7\u00e3o de material Cromatografia em fase&#8230;<\/p>\n","protected":false},"author":2,"featured_media":0,"parent":4249,"menu_order":0,"comment_status":"closed","ping_status":"closed","template":"","meta":{"_acf_changed":false,"inline_featured_image":false,"footnotes":""},"class_list":["post-4366","page","type-page","status-publish","hentry"],"acf":[],"_links":{"self":[{"href":"https:\/\/www.agcchem.com\/pt-br\/wp-json\/wp\/v2\/pages\/4366","targetHints":{"allow":["GET"]}}],"collection":[{"href":"https:\/\/www.agcchem.com\/pt-br\/wp-json\/wp\/v2\/pages"}],"about":[{"href":"https:\/\/www.agcchem.com\/pt-br\/wp-json\/wp\/v2\/types\/page"}],"author":[{"embeddable":true,"href":"https:\/\/www.agcchem.com\/pt-br\/wp-json\/wp\/v2\/users\/2"}],"replies":[{"embeddable":true,"href":"https:\/\/www.agcchem.com\/pt-br\/wp-json\/wp\/v2\/comments?post=4366"}],"version-history":[{"count":0,"href":"https:\/\/www.agcchem.com\/pt-br\/wp-json\/wp\/v2\/pages\/4366\/revisions"}],"up":[{"embeddable":true,"href":"https:\/\/www.agcchem.com\/pt-br\/wp-json\/wp\/v2\/pages\/4249"}],"wp:attachment":[{"href":"https:\/\/www.agcchem.com\/pt-br\/wp-json\/wp\/v2\/media?parent=4366"}],"curies":[{"name":"wp","href":"https:\/\/api.w.org\/{rel}","templated":true}]}}