{"id":5343,"date":"2019-01-08T13:37:04","date_gmt":"2019-01-08T13:37:04","guid":{"rendered":"https:\/\/www.agcchem.com\/documentacao\/dados-tecnicos\/intermediates-and-ingredients-for-pharmaceuticals-and-agrochemical-compounds\/"},"modified":"2024-05-26T06:04:46","modified_gmt":"2024-05-26T06:04:46","slug":"intermediates-and-ingredients-for-pharmaceuticals-and-agrochemical-compounds","status":"publish","type":"page","link":"https:\/\/www.agcchem.com\/pt-br\/dados-tecnicos\/intermediates-and-ingredients-for-pharmaceuticals-and-agrochemical-compounds\/","title":{"rendered":"Intermedi\u00e1rios e Ingredientes Especializados para Produtos Farmac\u00eauticos e Compostos Agroqu\u00edmicos"},"content":{"rendered":"<div id=\"pl-5343\"  class=\"panel-layout\" ><div id=\"pg-5343-0\"  class=\"panel-grid panel-no-style\" ><div id=\"pgc-5343-0-0\"  class=\"panel-grid-cell\" ><div id=\"panel-5343-0-0-0\" class=\"so-panel widget widget_text panel-first-child\" data-index=\"0\" ><div class=\"page-title panel-widget-style panel-widget-style-for-5343-0-0-0\" >\t\t\t<div class=\"textwidget\"><div class=\"page-title\">\n<h3><i class=\"fa fa-folder\" aria-hidden=\"true\"><\/i> Intermedi\u00e1rios e Ingredientes Especializados para Produtos Farmac\u00eauticos e Compostos Agroqu\u00edmicos<\/h3>\n<\/div>\n<\/div>\n\t\t<\/div><\/div><div id=\"panel-5343-0-0-1\" class=\"so-panel widget widget_sow-headline\" data-index=\"1\" ><div class=\"page-title panel-widget-style panel-widget-style-for-5343-0-0-1\" ><div\n\t\t\t\n\t\t\tclass=\"so-widget-sow-headline so-widget-sow-headline-default-8bd688b6c262-5343\"\n\t\t\t\n\t\t><div class=\"sow-headline-container \">\n\t\t\t\t\t\t\t<h3 class=\"sow-headline\">\n\t\t\t\t\t\tDocuments\t\t\t\t\t\t<\/h3>\n\t\t\t\t\t\t<\/div>\n<\/div><\/div><\/div><div id=\"panel-5343-0-0-2\" class=\"so-panel widget widget_text panel-last-child\" data-index=\"2\" >\t\t\t<div class=\"textwidget\"><div class=\"wpfd-content wpfd-content-newtree wpfd-content-multi\">\r\n\t<ul class=\"file_list_view\">\r\n\t\t\r\n\t\t\r\n\t\t\r\n            <li class=\"ext pdf\">\r\n\r\n\t\t        \t\t            <i class=\"wpfd-file ext pdf\"><\/i>\r\n\t\t        \r\n\t\t        \r\n\t               \t<a href=\"https:\/\/www.agcchem.com\/wp-admin\/admin-ajax.php?juwpfisadmin=false&action=wpfd&task=file.download&wpfd_category_id=40&wpfd_file_id=11651&preview=1&embedded=true\" rel=\"noopener\">\r\n\t                  Fine Chemicals Brochure\t               <\/a>\r\n\r\n\t\t    \t            <\/li>\r\n\r\n\t\t\r\n            <li class=\"ext pdf\">\r\n\r\n\t\t        \t\t            <i class=\"wpfd-file ext pdf\"><\/i>\r\n\t\t        \r\n\t\t        \r\n\t               \t<a href=\"https:\/\/www.agcchem.com\/wp-admin\/admin-ajax.php?juwpfisadmin=false&action=wpfd&task=file.download&wpfd_category_id=40&wpfd_file_id=11250&preview=1&embedded=true\" rel=\"noopener\">\r\n\t                  Fine Chemicals and Intermediates Catalog\t               <\/a>\r\n\r\n\t\t    \t            <\/li>\r\n\r\n\t\t\r\n            <li class=\"ext pdf\">\r\n\r\n\t\t        \t\t            <i class=\"wpfd-file ext pdf\"><\/i>\r\n\t\t        \r\n\t\t        \r\n\t               \t<a href=\"https:\/\/www.agcchem.com\/wp-admin\/admin-ajax.php?juwpfisadmin=false&action=wpfd&task=file.download&wpfd_category_id=40&wpfd_file_id=2111&preview=1&embedded=true\" rel=\"noopener\">\r\n\t                  Intermediates Technical Data\t               <\/a>\r\n\r\n\t\t    \t            <\/li>\r\n\r\n\t\t\r\n            <li class=\"ext pdf\">\r\n\r\n\t\t        \t\t            <i class=\"wpfd-file ext pdf\"><\/i>\r\n\t\t        \r\n\t\t        \r\n\t               \t<a href=\"https:\/\/www.agcchem.com\/wp-admin\/admin-ajax.php?juwpfisadmin=false&action=wpfd&task=file.download&wpfd_category_id=40&wpfd_file_id=2110&preview=1&embedded=true\" rel=\"noopener\">\r\n\t                  AGC Fluorine Technology data sheet\t               <\/a>\r\n\r\n\t\t    \t            <\/li>\r\n\r\n\t\t\t\t\r\n\t\t\r\n\t<\/ul>\r\n\r\n\t<\/div>\n<\/div>\n\t\t<\/div><\/div><\/div><\/div>","protected":false},"excerpt":{"rendered":"<p>Intermedi\u00e1rios e Ingredientes Especializados para Produtos Farmac\u00eauticos e Compostos Agroqu\u00edmicos<\/p>\n","protected":false},"author":2,"featured_media":0,"parent":4342,"menu_order":0,"comment_status":"closed","ping_status":"closed","template":"","meta":{"_acf_changed":false,"inline_featured_image":false,"footnotes":""},"class_list":["post-5343","page","type-page","status-publish","hentry"],"acf":[],"_links":{"self":[{"href":"https:\/\/www.agcchem.com\/pt-br\/wp-json\/wp\/v2\/pages\/5343","targetHints":{"allow":["GET"]}}],"collection":[{"href":"https:\/\/www.agcchem.com\/pt-br\/wp-json\/wp\/v2\/pages"}],"about":[{"href":"https:\/\/www.agcchem.com\/pt-br\/wp-json\/wp\/v2\/types\/page"}],"author":[{"embeddable":true,"href":"https:\/\/www.agcchem.com\/pt-br\/wp-json\/wp\/v2\/users\/2"}],"replies":[{"embeddable":true,"href":"https:\/\/www.agcchem.com\/pt-br\/wp-json\/wp\/v2\/comments?post=5343"}],"version-history":[{"count":0,"href":"https:\/\/www.agcchem.com\/pt-br\/wp-json\/wp\/v2\/pages\/5343\/revisions"}],"up":[{"embeddable":true,"href":"https:\/\/www.agcchem.com\/pt-br\/wp-json\/wp\/v2\/pages\/4342"}],"wp:attachment":[{"href":"https:\/\/www.agcchem.com\/pt-br\/wp-json\/wp\/v2\/media?parent=5343"}],"curies":[{"name":"wp","href":"https:\/\/api.w.org\/{rel}","templated":true}]}}